{"id":760518,"date":"2026-04-16T17:08:49","date_gmt":"2026-04-16T10:08:49","guid":{"rendered":"http:\/\/tourcruiser.com\/product\/grade-school-air-jordan-3-retro-palomino-dm0967-102"},"modified":"2026-04-17T22:51:03","modified_gmt":"2026-04-17T15:51:03","slug":"grade-school-air-jordan-3-retro-palomino-dm0967-102","status":"publish","type":"product","link":"https:\/\/tourcruiser.com\/fr\/products\/grade-school-air-jordan-3-retro-palomino-dm0967-102\/","title":{"rendered":"(Grade School) Air Jordan 3 Retro &lsquo;Palomino&rsquo; DM0967-102"},"content":{"rendered":"<p>Ajoutez une touche d&rsquo;\u00e9l\u00e9gance \u00e0 la collection de sneakers de votre enfant avec la Air Jordan 3 Retro \u00ab\u00a0Palomino\u00a0\u00bb (DM0967-102), id\u00e9ale pour les enfants d&rsquo;\u00e2ge primaire. Ces sneakers iconiques allient le design classique de Jordan \u00e0 une palette de couleurs fra\u00eeches et naturelles. Confectionn\u00e9e en cuir et daim de qualit\u00e9 sup\u00e9rieure, la \u00ab\u00a0Palomino\u00a0\u00bb offre un style et une durabilit\u00e9 exceptionnels. L&rsquo;amorti de la semelle interm\u00e9diaire assure un confort optimal tout au long de la journ\u00e9e, parfait pour les pieds actifs des enfants. L&rsquo;imprim\u00e9 \u00e9l\u00e9phant signature apporte une touche intemporelle. Offrez \u00e0 votre enfant un cadeau l\u00e9gendaire\u00a0: la l\u00e9gende de Michael Jordan, \u00e0 la fois moderne et styl\u00e9e.<\/p>\n<p>Coloris\u00a0: Marron clair\/Or m\u00e9tallis\u00e9\/Marron clair\/Palomino<\/p>\n<p>R\u00e9f\u00e9rence\u00a0: DM0967-102<\/p>\n<p>Tige\u00a0: Daim<\/p>\n<p>Semelle interm\u00e9diaire\u00a0: Air<\/p>\n<p>Couleur\u00a0: Marron clair<\/p>\n<p>Cr\u00e9ateur\u00a0: Tinker Hatfield<\/p>\n<p>Ann\u00e9e de sortie\u00a0: 2023<\/p>\n<p>\u00c2ge\u00a0: Adulte<\/p>\n<p>Couleur\u00a0: Beige<\/p>\n<p>Genre\u00a0: Enfant<\/p>\n","protected":false},"excerpt":{"rendered":"<p>Ajoutez une touche d&rsquo;\u00e9l\u00e9gance \u00e0 la collection de sneakers de votre enfant avec la Air Jordan 3 Retro \u00ab\u00a0Palomino\u00a0\u00bb (DM0967-102), id\u00e9ale pour les enfants d&rsquo;\u00e2ge primaire. Ces sneakers iconiques allient le design classique de Jordan \u00e0 une palette de couleurs fra\u00eeches et naturelles. Confectionn\u00e9e en cuir et daim de qualit\u00e9 sup\u00e9rieure, la \u00ab\u00a0Palomino\u00a0\u00bb offre un [&hellip;]<\/p>\n","protected":false},"featured_media":760519,"comment_status":"open","ping_status":"closed","template":"","meta":[],"product_brand":[],"product_cat":[38880],"product_tag":[10750,38988,10776,11349,38875,10756,39039],"class_list":{"0":"post-760518","1":"product","2":"type-product","3":"status-publish","4":"has-post-thumbnail","6":"product_cat-jordan","7":"product_tag-athleisure-shoes","8":"product_tag-casual-shoes-for-kids","9":"product_tag-jordan","10":"product_tag-jordan-basketball-shoes","11":"product_tag-jordan-skateboard-shoes","12":"product_tag-retro-casual-shoes","13":"product_tag-sneakers-for-kids","15":"first","16":"instock","17":"taxable","18":"shipping-taxable","19":"purchasable","20":"product-type-simple"},"wcpa_form_fields":null,"yoast_head":"<!-- This site is optimized with the Yoast SEO plugin v26.5 - https:\/\/yoast.com\/wordpress\/plugins\/seo\/ -->\n<title>(Grade School) Air Jordan 3 Retro &#039;Palomino&#039; DM0967-102 - TOURCRUISER PTE. LTD<\/title>\n<meta name=\"robots\" content=\"index, follow, max-snippet:-1, max-image-preview:large, max-video-preview:-1\" \/>\n<link rel=\"canonical\" href=\"https:\/\/tourcruiser.com\/fr\/products\/grade-school-air-jordan-3-retro-palomino-dm0967-102\/\" \/>\n<meta property=\"og:locale\" content=\"fr_FR\" \/>\n<meta property=\"og:type\" content=\"article\" \/>\n<meta property=\"og:title\" content=\"(Grade School) Air Jordan 3 Retro &#039;Palomino&#039; DM0967-102 - TOURCRUISER PTE. LTD\" \/>\n<meta property=\"og:description\" content=\"Ajoutez une touche d&rsquo;\u00e9l\u00e9gance \u00e0 la collection de sneakers de votre enfant avec la Air Jordan 3 Retro \u00ab\u00a0Palomino\u00a0\u00bb (DM0967-102), id\u00e9ale pour les enfants d&rsquo;\u00e2ge primaire. Ces sneakers iconiques allient le design classique de Jordan \u00e0 une palette de couleurs fra\u00eeches et naturelles. Confectionn\u00e9e en cuir et daim de qualit\u00e9 sup\u00e9rieure, la \u00ab\u00a0Palomino\u00a0\u00bb offre un [&hellip;]\" \/>\n<meta property=\"og:url\" content=\"https:\/\/tourcruiser.com\/fr\/products\/grade-school-air-jordan-3-retro-palomino-dm0967-102\/\" \/>\n<meta property=\"og:site_name\" content=\"Tourcruiser Sneaker Store\" \/>\n<meta property=\"article:modified_time\" content=\"2026-04-17T15:51:03+00:00\" \/>\n<meta name=\"twitter:card\" content=\"summary_large_image\" \/>\n<meta name=\"twitter:image\" content=\"https:\/\/images.novelship.com\/product\/_grade_school__air_jordan_3_retro__palomino__dm096_0_99197.jpeg;https:\/\/images.novelship.com\/product\/_grade_school__air_jordan_3_retro__palomino__dm096_1_99197.jpeg;https:\/\/images.novelship.com\/product\/_grade_school__air_jordan_3_retro__palomino__dm096_2_99197.jpeg;https:\/\/images.novelship.com\/product\/_grade_school__air_jordan_3_retro__palomino__dm096_3_99197.jpeg;https:\/\/images.novelship.com\/product\/_grade_school__air_jordan_3_retro__palomino__dm096_4_99197.jpeg;https:\/\/images.novelship.com\/product\/_grade_school__air_jordan_3_retro__palomino__dm096_5_99197.jpeg;https:\/\/images.novelship.com\/product\/_grade_school__air_jordan_3_retro__palomino__dm096_6_99197.jpeg;https:\/\/images.novelship.com\/product\/_grade_school__air_jordan_3_retro__palomino__dm096_7_99197.jpeg\" \/>\n<meta name=\"twitter:label1\" content=\"Dur\u00e9e de lecture estim\u00e9e\" \/>\n\t<meta name=\"twitter:data1\" content=\"1 minute\" \/>\n<script type=\"application\/ld+json\" class=\"yoast-schema-graph\">{\"@context\":\"https:\/\/schema.org\",\"@graph\":[{\"@type\":\"WebPage\",\"@id\":\"https:\/\/tourcruiser.com\/fr\/products\/grade-school-air-jordan-3-retro-palomino-dm0967-102\/\",\"url\":\"https:\/\/tourcruiser.com\/fr\/products\/grade-school-air-jordan-3-retro-palomino-dm0967-102\/\",\"name\":\"(Grade School) Air Jordan 3 Retro 'Palomino' DM0967-102 - TOURCRUISER PTE. LTD\",\"isPartOf\":{\"@id\":\"\/#website\"},\"primaryImageOfPage\":{\"@id\":\"https:\/\/tourcruiser.com\/fr\/products\/grade-school-air-jordan-3-retro-palomino-dm0967-102\/#primaryimage\"},\"image\":{\"@id\":\"https:\/\/tourcruiser.com\/fr\/products\/grade-school-air-jordan-3-retro-palomino-dm0967-102\/#primaryimage\"},\"thumbnailUrl\":\"https:\/\/images.novelship.com\/product\/_grade_school__air_jordan_3_retro__palomino__dm096_0_99197.jpeg;https:\/\/images.novelship.com\/product\/_grade_school__air_jordan_3_retro__palomino__dm096_1_99197.jpeg;https:\/\/images.novelship.com\/product\/_grade_school__air_jordan_3_retro__palomino__dm096_2_99197.jpeg;https:\/\/images.novelship.com\/product\/_grade_school__air_jordan_3_retro__palomino__dm096_3_99197.jpeg;https:\/\/images.novelship.com\/product\/_grade_school__air_jordan_3_retro__palomino__dm096_4_99197.jpeg;https:\/\/images.novelship.com\/product\/_grade_school__air_jordan_3_retro__palomino__dm096_5_99197.jpeg;https:\/\/images.novelship.com\/product\/_grade_school__air_jordan_3_retro__palomino__dm096_6_99197.jpeg;https:\/\/images.novelship.com\/product\/_grade_school__air_jordan_3_retro__palomino__dm096_7_99197.jpeg\",\"datePublished\":\"2026-04-16T10:08:49+00:00\",\"dateModified\":\"2026-04-17T15:51:03+00:00\",\"breadcrumb\":{\"@id\":\"https:\/\/tourcruiser.com\/fr\/products\/grade-school-air-jordan-3-retro-palomino-dm0967-102\/#breadcrumb\"},\"inLanguage\":\"fr-FR\",\"potentialAction\":[{\"@type\":\"ReadAction\",\"target\":[\"https:\/\/tourcruiser.com\/fr\/products\/grade-school-air-jordan-3-retro-palomino-dm0967-102\/\"]}]},{\"@type\":\"ImageObject\",\"inLanguage\":\"fr-FR\",\"@id\":\"https:\/\/tourcruiser.com\/fr\/products\/grade-school-air-jordan-3-retro-palomino-dm0967-102\/#primaryimage\",\"url\":\"https:\/\/images.novelship.com\/product\/_grade_school__air_jordan_3_retro__palomino__dm096_0_99197.jpeg;https:\/\/images.novelship.com\/product\/_grade_school__air_jordan_3_retro__palomino__dm096_1_99197.jpeg;https:\/\/images.novelship.com\/product\/_grade_school__air_jordan_3_retro__palomino__dm096_2_99197.jpeg;https:\/\/images.novelship.com\/product\/_grade_school__air_jordan_3_retro__palomino__dm096_3_99197.jpeg;https:\/\/images.novelship.com\/product\/_grade_school__air_jordan_3_retro__palomino__dm096_4_99197.jpeg;https:\/\/images.novelship.com\/product\/_grade_school__air_jordan_3_retro__palomino__dm096_5_99197.jpeg;https:\/\/images.novelship.com\/product\/_grade_school__air_jordan_3_retro__palomino__dm096_6_99197.jpeg;https:\/\/images.novelship.com\/product\/_grade_school__air_jordan_3_retro__palomino__dm096_7_99197.jpeg\",\"contentUrl\":\"https:\/\/images.novelship.com\/product\/_grade_school__air_jordan_3_retro__palomino__dm096_0_99197.jpeg;https:\/\/images.novelship.com\/product\/_grade_school__air_jordan_3_retro__palomino__dm096_1_99197.jpeg;https:\/\/images.novelship.com\/product\/_grade_school__air_jordan_3_retro__palomino__dm096_2_99197.jpeg;https:\/\/images.novelship.com\/product\/_grade_school__air_jordan_3_retro__palomino__dm096_3_99197.jpeg;https:\/\/images.novelship.com\/product\/_grade_school__air_jordan_3_retro__palomino__dm096_4_99197.jpeg;https:\/\/images.novelship.com\/product\/_grade_school__air_jordan_3_retro__palomino__dm096_5_99197.jpeg;https:\/\/images.novelship.com\/product\/_grade_school__air_jordan_3_retro__palomino__dm096_6_99197.jpeg;https:\/\/images.novelship.com\/product\/_grade_school__air_jordan_3_retro__palomino__dm096_7_99197.jpeg\"},{\"@type\":\"BreadcrumbList\",\"@id\":\"https:\/\/tourcruiser.com\/fr\/products\/grade-school-air-jordan-3-retro-palomino-dm0967-102\/#breadcrumb\",\"itemListElement\":[{\"@type\":\"ListItem\",\"position\":1,\"name\":\"Home\",\"item\":\"https:\/\/tourcruiser.com\/fr\/\"},{\"@type\":\"ListItem\",\"position\":2,\"name\":\"Shop\",\"item\":\"https:\/\/tourcruiser.com\/fr\/shop\/\"},{\"@type\":\"ListItem\",\"position\":3,\"name\":\"(Grade School) Air Jordan 3 Retro &#8216;Palomino&#8217; DM0967-102\"}]},{\"@type\":\"WebSite\",\"@id\":\"\/#website\",\"url\":\"\/\",\"name\":\"Styloral Jewelry Shop\",\"description\":\"Tourcruiser Sneaker Store \u2014 L\u2019endroit o\u00f9 l\u2019univers rencontre votre singularit\u00e9.\",\"publisher\":{\"@id\":\"\/#organization\"},\"potentialAction\":[{\"@type\":\"SearchAction\",\"target\":{\"@type\":\"EntryPoint\",\"urlTemplate\":\"\/?s={search_term_string}\"},\"query-input\":{\"@type\":\"PropertyValueSpecification\",\"valueRequired\":true,\"valueName\":\"search_term_string\"}}],\"inLanguage\":\"fr-FR\"},{\"@type\":\"Organization\",\"@id\":\"\/#organization\",\"name\":\"STYLORAL PTE. LTD\",\"url\":\"\/\",\"logo\":{\"@type\":\"ImageObject\",\"inLanguage\":\"fr-FR\",\"@id\":\"\/#\/schema\/logo\/image\/\",\"url\":\"https:\/\/www.tourcruiser.com\/wp-content\/uploads\/2025\/12\/logo.png\",\"contentUrl\":\"https:\/\/www.tourcruiser.com\/wp-content\/uploads\/2025\/12\/logo.png\",\"width\":200,\"height\":65,\"caption\":\"STYLORAL PTE. LTD\"},\"image\":{\"@id\":\"\/#\/schema\/logo\/image\/\"}}]}<\/script>\n<!-- \/ Yoast SEO plugin. -->","yoast_head_json":{"title":"(Grade School) Air Jordan 3 Retro 'Palomino' DM0967-102 - TOURCRUISER PTE. LTD","robots":{"index":"index","follow":"follow","max-snippet":"max-snippet:-1","max-image-preview":"max-image-preview:large","max-video-preview":"max-video-preview:-1"},"canonical":"https:\/\/tourcruiser.com\/fr\/products\/grade-school-air-jordan-3-retro-palomino-dm0967-102\/","og_locale":"fr_FR","og_type":"article","og_title":"(Grade School) Air Jordan 3 Retro 'Palomino' DM0967-102 - TOURCRUISER PTE. LTD","og_description":"Ajoutez une touche d&rsquo;\u00e9l\u00e9gance \u00e0 la collection de sneakers de votre enfant avec la Air Jordan 3 Retro \u00ab\u00a0Palomino\u00a0\u00bb (DM0967-102), id\u00e9ale pour les enfants d&rsquo;\u00e2ge primaire. Ces sneakers iconiques allient le design classique de Jordan \u00e0 une palette de couleurs fra\u00eeches et naturelles. Confectionn\u00e9e en cuir et daim de qualit\u00e9 sup\u00e9rieure, la \u00ab\u00a0Palomino\u00a0\u00bb offre un [&hellip;]","og_url":"https:\/\/tourcruiser.com\/fr\/products\/grade-school-air-jordan-3-retro-palomino-dm0967-102\/","og_site_name":"Tourcruiser Sneaker Store","article_modified_time":"2026-04-17T15:51:03+00:00","twitter_card":"summary_large_image","twitter_image":"https:\/\/images.novelship.com\/product\/_grade_school__air_jordan_3_retro__palomino__dm096_0_99197.jpeg;https:\/\/images.novelship.com\/product\/_grade_school__air_jordan_3_retro__palomino__dm096_1_99197.jpeg;https:\/\/images.novelship.com\/product\/_grade_school__air_jordan_3_retro__palomino__dm096_2_99197.jpeg;https:\/\/images.novelship.com\/product\/_grade_school__air_jordan_3_retro__palomino__dm096_3_99197.jpeg;https:\/\/images.novelship.com\/product\/_grade_school__air_jordan_3_retro__palomino__dm096_4_99197.jpeg;https:\/\/images.novelship.com\/product\/_grade_school__air_jordan_3_retro__palomino__dm096_5_99197.jpeg;https:\/\/images.novelship.com\/product\/_grade_school__air_jordan_3_retro__palomino__dm096_6_99197.jpeg;https:\/\/images.novelship.com\/product\/_grade_school__air_jordan_3_retro__palomino__dm096_7_99197.jpeg","twitter_misc":{"Dur\u00e9e de lecture estim\u00e9e":"1 minute"},"schema":{"@context":"https:\/\/schema.org","@graph":[{"@type":"WebPage","@id":"https:\/\/tourcruiser.com\/fr\/products\/grade-school-air-jordan-3-retro-palomino-dm0967-102\/","url":"https:\/\/tourcruiser.com\/fr\/products\/grade-school-air-jordan-3-retro-palomino-dm0967-102\/","name":"(Grade School) Air Jordan 3 Retro 'Palomino' DM0967-102 - TOURCRUISER PTE. LTD","isPartOf":{"@id":"\/#website"},"primaryImageOfPage":{"@id":"https:\/\/tourcruiser.com\/fr\/products\/grade-school-air-jordan-3-retro-palomino-dm0967-102\/#primaryimage"},"image":{"@id":"https:\/\/tourcruiser.com\/fr\/products\/grade-school-air-jordan-3-retro-palomino-dm0967-102\/#primaryimage"},"thumbnailUrl":"https:\/\/images.novelship.com\/product\/_grade_school__air_jordan_3_retro__palomino__dm096_0_99197.jpeg;https:\/\/images.novelship.com\/product\/_grade_school__air_jordan_3_retro__palomino__dm096_1_99197.jpeg;https:\/\/images.novelship.com\/product\/_grade_school__air_jordan_3_retro__palomino__dm096_2_99197.jpeg;https:\/\/images.novelship.com\/product\/_grade_school__air_jordan_3_retro__palomino__dm096_3_99197.jpeg;https:\/\/images.novelship.com\/product\/_grade_school__air_jordan_3_retro__palomino__dm096_4_99197.jpeg;https:\/\/images.novelship.com\/product\/_grade_school__air_jordan_3_retro__palomino__dm096_5_99197.jpeg;https:\/\/images.novelship.com\/product\/_grade_school__air_jordan_3_retro__palomino__dm096_6_99197.jpeg;https:\/\/images.novelship.com\/product\/_grade_school__air_jordan_3_retro__palomino__dm096_7_99197.jpeg","datePublished":"2026-04-16T10:08:49+00:00","dateModified":"2026-04-17T15:51:03+00:00","breadcrumb":{"@id":"https:\/\/tourcruiser.com\/fr\/products\/grade-school-air-jordan-3-retro-palomino-dm0967-102\/#breadcrumb"},"inLanguage":"fr-FR","potentialAction":[{"@type":"ReadAction","target":["https:\/\/tourcruiser.com\/fr\/products\/grade-school-air-jordan-3-retro-palomino-dm0967-102\/"]}]},{"@type":"ImageObject","inLanguage":"fr-FR","@id":"https:\/\/tourcruiser.com\/fr\/products\/grade-school-air-jordan-3-retro-palomino-dm0967-102\/#primaryimage","url":"https:\/\/images.novelship.com\/product\/_grade_school__air_jordan_3_retro__palomino__dm096_0_99197.jpeg;https:\/\/images.novelship.com\/product\/_grade_school__air_jordan_3_retro__palomino__dm096_1_99197.jpeg;https:\/\/images.novelship.com\/product\/_grade_school__air_jordan_3_retro__palomino__dm096_2_99197.jpeg;https:\/\/images.novelship.com\/product\/_grade_school__air_jordan_3_retro__palomino__dm096_3_99197.jpeg;https:\/\/images.novelship.com\/product\/_grade_school__air_jordan_3_retro__palomino__dm096_4_99197.jpeg;https:\/\/images.novelship.com\/product\/_grade_school__air_jordan_3_retro__palomino__dm096_5_99197.jpeg;https:\/\/images.novelship.com\/product\/_grade_school__air_jordan_3_retro__palomino__dm096_6_99197.jpeg;https:\/\/images.novelship.com\/product\/_grade_school__air_jordan_3_retro__palomino__dm096_7_99197.jpeg","contentUrl":"https:\/\/images.novelship.com\/product\/_grade_school__air_jordan_3_retro__palomino__dm096_0_99197.jpeg;https:\/\/images.novelship.com\/product\/_grade_school__air_jordan_3_retro__palomino__dm096_1_99197.jpeg;https:\/\/images.novelship.com\/product\/_grade_school__air_jordan_3_retro__palomino__dm096_2_99197.jpeg;https:\/\/images.novelship.com\/product\/_grade_school__air_jordan_3_retro__palomino__dm096_3_99197.jpeg;https:\/\/images.novelship.com\/product\/_grade_school__air_jordan_3_retro__palomino__dm096_4_99197.jpeg;https:\/\/images.novelship.com\/product\/_grade_school__air_jordan_3_retro__palomino__dm096_5_99197.jpeg;https:\/\/images.novelship.com\/product\/_grade_school__air_jordan_3_retro__palomino__dm096_6_99197.jpeg;https:\/\/images.novelship.com\/product\/_grade_school__air_jordan_3_retro__palomino__dm096_7_99197.jpeg"},{"@type":"BreadcrumbList","@id":"https:\/\/tourcruiser.com\/fr\/products\/grade-school-air-jordan-3-retro-palomino-dm0967-102\/#breadcrumb","itemListElement":[{"@type":"ListItem","position":1,"name":"Home","item":"https:\/\/tourcruiser.com\/fr\/"},{"@type":"ListItem","position":2,"name":"Shop","item":"https:\/\/tourcruiser.com\/fr\/shop\/"},{"@type":"ListItem","position":3,"name":"(Grade School) Air Jordan 3 Retro &#8216;Palomino&#8217; DM0967-102"}]},{"@type":"WebSite","@id":"\/#website","url":"\/","name":"Styloral Jewelry Shop","description":"Tourcruiser Sneaker Store \u2014 L\u2019endroit o\u00f9 l\u2019univers rencontre votre singularit\u00e9.","publisher":{"@id":"\/#organization"},"potentialAction":[{"@type":"SearchAction","target":{"@type":"EntryPoint","urlTemplate":"\/?s={search_term_string}"},"query-input":{"@type":"PropertyValueSpecification","valueRequired":true,"valueName":"search_term_string"}}],"inLanguage":"fr-FR"},{"@type":"Organization","@id":"\/#organization","name":"STYLORAL PTE. LTD","url":"\/","logo":{"@type":"ImageObject","inLanguage":"fr-FR","@id":"\/#\/schema\/logo\/image\/","url":"https:\/\/www.tourcruiser.com\/wp-content\/uploads\/2025\/12\/logo.png","contentUrl":"https:\/\/www.tourcruiser.com\/wp-content\/uploads\/2025\/12\/logo.png","width":200,"height":65,"caption":"STYLORAL PTE. LTD"},"image":{"@id":"\/#\/schema\/logo\/image\/"}}]}},"_links":{"self":[{"href":"https:\/\/tourcruiser.com\/fr\/wp-json\/wp\/v2\/product\/760518","targetHints":{"allow":["GET"]}}],"collection":[{"href":"https:\/\/tourcruiser.com\/fr\/wp-json\/wp\/v2\/product"}],"about":[{"href":"https:\/\/tourcruiser.com\/fr\/wp-json\/wp\/v2\/types\/product"}],"replies":[{"embeddable":true,"href":"https:\/\/tourcruiser.com\/fr\/wp-json\/wp\/v2\/comments?post=760518"}],"wp:featuredmedia":[{"embeddable":true,"href":"https:\/\/tourcruiser.com\/fr\/wp-json\/wp\/v2\/media\/760519"}],"wp:attachment":[{"href":"https:\/\/tourcruiser.com\/fr\/wp-json\/wp\/v2\/media?parent=760518"}],"wp:term":[{"taxonomy":"product_brand","embeddable":true,"href":"https:\/\/tourcruiser.com\/fr\/wp-json\/wp\/v2\/product_brand?post=760518"},{"taxonomy":"product_cat","embeddable":true,"href":"https:\/\/tourcruiser.com\/fr\/wp-json\/wp\/v2\/product_cat?post=760518"},{"taxonomy":"product_tag","embeddable":true,"href":"https:\/\/tourcruiser.com\/fr\/wp-json\/wp\/v2\/product_tag?post=760518"}],"curies":[{"name":"wp","href":"https:\/\/api.w.org\/{rel}","templated":true}]}}