{"id":760509,"date":"2026-04-16T17:08:49","date_gmt":"2026-04-16T10:08:49","guid":{"rendered":"http:\/\/tourcruiser.com\/product\/grade-school-air-jordan-5-retro-midnight-navy-fn5452-400"},"modified":"2026-04-17T22:51:03","modified_gmt":"2026-04-17T15:51:03","slug":"grade-school-air-jordan-5-retro-midnight-navy-fn5452-400","status":"publish","type":"product","link":"https:\/\/tourcruiser.com\/fr\/products\/grade-school-air-jordan-5-retro-midnight-navy-fn5452-400\/","title":{"rendered":"(Grade School) Air Jordan 5 Retro &lsquo;Midnight Navy&rsquo; FN5452-400"},"content":{"rendered":"<p>Affirmez le style de votre petit champion avec l&#8217;embl\u00e9matique Air Jordan 5 Retro \u00ab\u00a0Midnight Navy\u00a0\u00bb. Confectionn\u00e9e en cuir premium, cette sneaker arbore une silhouette classique et une teinte bleu marine profonde et saisissante. Les empi\u00e8cements en mesh signature assurent une respirabilit\u00e9 optimale, tandis que la semelle interm\u00e9diaire en Phylon et l&rsquo;unit\u00e9 Air encapsul\u00e9e offrent un amorti exceptionnel. Avec leur semelle ext\u00e9rieure transparente, ces AJ5 combinent confort, style et h\u00e9ritage avec brio, inspirant votre jeune athl\u00e8te \u00e0 se surpasser.<\/p>\n<p>Couleur\u00a0: Bleu marine\/Noir\/Gris<br \/>\nR\u00e9f\u00e9rence\u00a0: FN5452-400<br \/>\nTige\u00a0: Daim<br \/>\nSemelle interm\u00e9diaire\u00a0: Air<br \/>\nCouleur\u00a0: Bleu<br \/>\nDesigner\u00a0: Tinker Hatfield<br \/>\nAnn\u00e9e de sortie\u00a0: 2023<\/p>\n<p>\u00c2ge\u00a0: Adulte<br \/>\nCouleur\u00a0: Bleu<br \/>\nGenre\u00a0: Enfant<\/p>\n","protected":false},"excerpt":{"rendered":"<p>Affirmez le style de votre petit champion avec l&#8217;embl\u00e9matique Air Jordan 5 Retro \u00ab\u00a0Midnight Navy\u00a0\u00bb. Confectionn\u00e9e en cuir premium, cette sneaker arbore une silhouette classique et une teinte bleu marine profonde et saisissante. Les empi\u00e8cements en mesh signature assurent une respirabilit\u00e9 optimale, tandis que la semelle interm\u00e9diaire en Phylon et l&rsquo;unit\u00e9 Air encapsul\u00e9e offrent un [&hellip;]<\/p>\n","protected":false},"featured_media":760510,"comment_status":"open","ping_status":"closed","template":"","meta":[],"product_brand":[],"product_cat":[38880],"product_tag":[10750,38917,38918,10776,10756],"class_list":{"0":"post-760509","1":"product","2":"type-product","3":"status-publish","4":"has-post-thumbnail","6":"product_cat-jordan","7":"product_tag-athleisure-shoes","8":"product_tag-casual-shoes-for-children","9":"product_tag-children-s-sneakers","10":"product_tag-jordan","11":"product_tag-retro-casual-shoes","13":"first","14":"instock","15":"taxable","16":"shipping-taxable","17":"purchasable","18":"product-type-simple"},"wcpa_form_fields":null,"yoast_head":"<!-- This site is optimized with the Yoast SEO plugin v26.5 - https:\/\/yoast.com\/wordpress\/plugins\/seo\/ -->\n<title>(Grade School) Air Jordan 5 Retro &#039;Midnight Navy&#039; FN5452-400 - TOURCRUISER PTE. LTD<\/title>\n<meta name=\"robots\" content=\"index, follow, max-snippet:-1, max-image-preview:large, max-video-preview:-1\" \/>\n<link rel=\"canonical\" href=\"https:\/\/tourcruiser.com\/fr\/products\/grade-school-air-jordan-5-retro-midnight-navy-fn5452-400\/\" \/>\n<meta property=\"og:locale\" content=\"fr_FR\" \/>\n<meta property=\"og:type\" content=\"article\" \/>\n<meta property=\"og:title\" content=\"(Grade School) Air Jordan 5 Retro &#039;Midnight Navy&#039; FN5452-400 - TOURCRUISER PTE. LTD\" \/>\n<meta property=\"og:description\" content=\"Affirmez le style de votre petit champion avec l&#8217;embl\u00e9matique Air Jordan 5 Retro \u00ab\u00a0Midnight Navy\u00a0\u00bb. Confectionn\u00e9e en cuir premium, cette sneaker arbore une silhouette classique et une teinte bleu marine profonde et saisissante. Les empi\u00e8cements en mesh signature assurent une respirabilit\u00e9 optimale, tandis que la semelle interm\u00e9diaire en Phylon et l&rsquo;unit\u00e9 Air encapsul\u00e9e offrent un [&hellip;]\" \/>\n<meta property=\"og:url\" content=\"https:\/\/tourcruiser.com\/fr\/products\/grade-school-air-jordan-5-retro-midnight-navy-fn5452-400\/\" \/>\n<meta property=\"og:site_name\" content=\"Tourcruiser Sneaker Store\" \/>\n<meta property=\"article:modified_time\" content=\"2026-04-17T15:51:03+00:00\" \/>\n<meta name=\"twitter:card\" content=\"summary_large_image\" \/>\n<meta name=\"twitter:image\" content=\"https:\/\/images.novelship.com\/product\/_grade_school__air_jordan_5_retro__midnight_navy___0_86724.jpeg;https:\/\/images.novelship.com\/product\/_grade_school__air_jordan_5_retro__midnight_navy___1_86724.jpeg;https:\/\/images.novelship.com\/product\/_grade_school__air_jordan_5_retro__midnight_navy___2_86725.jpeg;https:\/\/images.novelship.com\/product\/_grade_school__air_jordan_5_retro__midnight_navy___3_86725.jpeg;https:\/\/images.novelship.com\/product\/_grade_school__air_jordan_5_retro__midnight_navy___4_86725.jpeg;https:\/\/images.novelship.com\/product\/_grade_school__air_jordan_5_retro__midnight_navy___5_86725.jpeg;https:\/\/images.novelship.com\/product\/_grade_school__air_jordan_5_retro__midnight_navy___6_86725.jpeg;https:\/\/images.novelship.com\/product\/_grade_school__air_jordan_5_retro__midnight_navy___7_86725.jpeg\" \/>\n<meta name=\"twitter:label1\" content=\"Dur\u00e9e de lecture estim\u00e9e\" \/>\n\t<meta name=\"twitter:data1\" content=\"1 minute\" \/>\n<script type=\"application\/ld+json\" class=\"yoast-schema-graph\">{\"@context\":\"https:\/\/schema.org\",\"@graph\":[{\"@type\":\"WebPage\",\"@id\":\"https:\/\/tourcruiser.com\/fr\/products\/grade-school-air-jordan-5-retro-midnight-navy-fn5452-400\/\",\"url\":\"https:\/\/tourcruiser.com\/fr\/products\/grade-school-air-jordan-5-retro-midnight-navy-fn5452-400\/\",\"name\":\"(Grade School) Air Jordan 5 Retro 'Midnight Navy' FN5452-400 - TOURCRUISER PTE. LTD\",\"isPartOf\":{\"@id\":\"\/#website\"},\"primaryImageOfPage\":{\"@id\":\"https:\/\/tourcruiser.com\/fr\/products\/grade-school-air-jordan-5-retro-midnight-navy-fn5452-400\/#primaryimage\"},\"image\":{\"@id\":\"https:\/\/tourcruiser.com\/fr\/products\/grade-school-air-jordan-5-retro-midnight-navy-fn5452-400\/#primaryimage\"},\"thumbnailUrl\":\"https:\/\/images.novelship.com\/product\/_grade_school__air_jordan_5_retro__midnight_navy___0_86724.jpeg;https:\/\/images.novelship.com\/product\/_grade_school__air_jordan_5_retro__midnight_navy___1_86724.jpeg;https:\/\/images.novelship.com\/product\/_grade_school__air_jordan_5_retro__midnight_navy___2_86725.jpeg;https:\/\/images.novelship.com\/product\/_grade_school__air_jordan_5_retro__midnight_navy___3_86725.jpeg;https:\/\/images.novelship.com\/product\/_grade_school__air_jordan_5_retro__midnight_navy___4_86725.jpeg;https:\/\/images.novelship.com\/product\/_grade_school__air_jordan_5_retro__midnight_navy___5_86725.jpeg;https:\/\/images.novelship.com\/product\/_grade_school__air_jordan_5_retro__midnight_navy___6_86725.jpeg;https:\/\/images.novelship.com\/product\/_grade_school__air_jordan_5_retro__midnight_navy___7_86725.jpeg\",\"datePublished\":\"2026-04-16T10:08:49+00:00\",\"dateModified\":\"2026-04-17T15:51:03+00:00\",\"breadcrumb\":{\"@id\":\"https:\/\/tourcruiser.com\/fr\/products\/grade-school-air-jordan-5-retro-midnight-navy-fn5452-400\/#breadcrumb\"},\"inLanguage\":\"fr-FR\",\"potentialAction\":[{\"@type\":\"ReadAction\",\"target\":[\"https:\/\/tourcruiser.com\/fr\/products\/grade-school-air-jordan-5-retro-midnight-navy-fn5452-400\/\"]}]},{\"@type\":\"ImageObject\",\"inLanguage\":\"fr-FR\",\"@id\":\"https:\/\/tourcruiser.com\/fr\/products\/grade-school-air-jordan-5-retro-midnight-navy-fn5452-400\/#primaryimage\",\"url\":\"https:\/\/images.novelship.com\/product\/_grade_school__air_jordan_5_retro__midnight_navy___0_86724.jpeg;https:\/\/images.novelship.com\/product\/_grade_school__air_jordan_5_retro__midnight_navy___1_86724.jpeg;https:\/\/images.novelship.com\/product\/_grade_school__air_jordan_5_retro__midnight_navy___2_86725.jpeg;https:\/\/images.novelship.com\/product\/_grade_school__air_jordan_5_retro__midnight_navy___3_86725.jpeg;https:\/\/images.novelship.com\/product\/_grade_school__air_jordan_5_retro__midnight_navy___4_86725.jpeg;https:\/\/images.novelship.com\/product\/_grade_school__air_jordan_5_retro__midnight_navy___5_86725.jpeg;https:\/\/images.novelship.com\/product\/_grade_school__air_jordan_5_retro__midnight_navy___6_86725.jpeg;https:\/\/images.novelship.com\/product\/_grade_school__air_jordan_5_retro__midnight_navy___7_86725.jpeg\",\"contentUrl\":\"https:\/\/images.novelship.com\/product\/_grade_school__air_jordan_5_retro__midnight_navy___0_86724.jpeg;https:\/\/images.novelship.com\/product\/_grade_school__air_jordan_5_retro__midnight_navy___1_86724.jpeg;https:\/\/images.novelship.com\/product\/_grade_school__air_jordan_5_retro__midnight_navy___2_86725.jpeg;https:\/\/images.novelship.com\/product\/_grade_school__air_jordan_5_retro__midnight_navy___3_86725.jpeg;https:\/\/images.novelship.com\/product\/_grade_school__air_jordan_5_retro__midnight_navy___4_86725.jpeg;https:\/\/images.novelship.com\/product\/_grade_school__air_jordan_5_retro__midnight_navy___5_86725.jpeg;https:\/\/images.novelship.com\/product\/_grade_school__air_jordan_5_retro__midnight_navy___6_86725.jpeg;https:\/\/images.novelship.com\/product\/_grade_school__air_jordan_5_retro__midnight_navy___7_86725.jpeg\"},{\"@type\":\"BreadcrumbList\",\"@id\":\"https:\/\/tourcruiser.com\/fr\/products\/grade-school-air-jordan-5-retro-midnight-navy-fn5452-400\/#breadcrumb\",\"itemListElement\":[{\"@type\":\"ListItem\",\"position\":1,\"name\":\"Home\",\"item\":\"https:\/\/tourcruiser.com\/fr\/\"},{\"@type\":\"ListItem\",\"position\":2,\"name\":\"Shop\",\"item\":\"https:\/\/tourcruiser.com\/fr\/shop\/\"},{\"@type\":\"ListItem\",\"position\":3,\"name\":\"(Grade School) Air Jordan 5 Retro &#8216;Midnight Navy&#8217; FN5452-400\"}]},{\"@type\":\"WebSite\",\"@id\":\"\/#website\",\"url\":\"\/\",\"name\":\"Styloral Jewelry Shop\",\"description\":\"Tourcruiser Sneaker Store \u2014 L\u2019endroit o\u00f9 l\u2019univers rencontre votre singularit\u00e9.\",\"publisher\":{\"@id\":\"\/#organization\"},\"potentialAction\":[{\"@type\":\"SearchAction\",\"target\":{\"@type\":\"EntryPoint\",\"urlTemplate\":\"\/?s={search_term_string}\"},\"query-input\":{\"@type\":\"PropertyValueSpecification\",\"valueRequired\":true,\"valueName\":\"search_term_string\"}}],\"inLanguage\":\"fr-FR\"},{\"@type\":\"Organization\",\"@id\":\"\/#organization\",\"name\":\"STYLORAL PTE. LTD\",\"url\":\"\/\",\"logo\":{\"@type\":\"ImageObject\",\"inLanguage\":\"fr-FR\",\"@id\":\"\/#\/schema\/logo\/image\/\",\"url\":\"https:\/\/www.tourcruiser.com\/wp-content\/uploads\/2025\/12\/logo.png\",\"contentUrl\":\"https:\/\/www.tourcruiser.com\/wp-content\/uploads\/2025\/12\/logo.png\",\"width\":200,\"height\":65,\"caption\":\"STYLORAL PTE. LTD\"},\"image\":{\"@id\":\"\/#\/schema\/logo\/image\/\"}}]}<\/script>\n<!-- \/ Yoast SEO plugin. -->","yoast_head_json":{"title":"(Grade School) Air Jordan 5 Retro 'Midnight Navy' FN5452-400 - TOURCRUISER PTE. LTD","robots":{"index":"index","follow":"follow","max-snippet":"max-snippet:-1","max-image-preview":"max-image-preview:large","max-video-preview":"max-video-preview:-1"},"canonical":"https:\/\/tourcruiser.com\/fr\/products\/grade-school-air-jordan-5-retro-midnight-navy-fn5452-400\/","og_locale":"fr_FR","og_type":"article","og_title":"(Grade School) Air Jordan 5 Retro 'Midnight Navy' FN5452-400 - TOURCRUISER PTE. LTD","og_description":"Affirmez le style de votre petit champion avec l&#8217;embl\u00e9matique Air Jordan 5 Retro \u00ab\u00a0Midnight Navy\u00a0\u00bb. Confectionn\u00e9e en cuir premium, cette sneaker arbore une silhouette classique et une teinte bleu marine profonde et saisissante. Les empi\u00e8cements en mesh signature assurent une respirabilit\u00e9 optimale, tandis que la semelle interm\u00e9diaire en Phylon et l&rsquo;unit\u00e9 Air encapsul\u00e9e offrent un [&hellip;]","og_url":"https:\/\/tourcruiser.com\/fr\/products\/grade-school-air-jordan-5-retro-midnight-navy-fn5452-400\/","og_site_name":"Tourcruiser Sneaker Store","article_modified_time":"2026-04-17T15:51:03+00:00","twitter_card":"summary_large_image","twitter_image":"https:\/\/images.novelship.com\/product\/_grade_school__air_jordan_5_retro__midnight_navy___0_86724.jpeg;https:\/\/images.novelship.com\/product\/_grade_school__air_jordan_5_retro__midnight_navy___1_86724.jpeg;https:\/\/images.novelship.com\/product\/_grade_school__air_jordan_5_retro__midnight_navy___2_86725.jpeg;https:\/\/images.novelship.com\/product\/_grade_school__air_jordan_5_retro__midnight_navy___3_86725.jpeg;https:\/\/images.novelship.com\/product\/_grade_school__air_jordan_5_retro__midnight_navy___4_86725.jpeg;https:\/\/images.novelship.com\/product\/_grade_school__air_jordan_5_retro__midnight_navy___5_86725.jpeg;https:\/\/images.novelship.com\/product\/_grade_school__air_jordan_5_retro__midnight_navy___6_86725.jpeg;https:\/\/images.novelship.com\/product\/_grade_school__air_jordan_5_retro__midnight_navy___7_86725.jpeg","twitter_misc":{"Dur\u00e9e de lecture estim\u00e9e":"1 minute"},"schema":{"@context":"https:\/\/schema.org","@graph":[{"@type":"WebPage","@id":"https:\/\/tourcruiser.com\/fr\/products\/grade-school-air-jordan-5-retro-midnight-navy-fn5452-400\/","url":"https:\/\/tourcruiser.com\/fr\/products\/grade-school-air-jordan-5-retro-midnight-navy-fn5452-400\/","name":"(Grade School) Air Jordan 5 Retro 'Midnight Navy' FN5452-400 - TOURCRUISER PTE. LTD","isPartOf":{"@id":"\/#website"},"primaryImageOfPage":{"@id":"https:\/\/tourcruiser.com\/fr\/products\/grade-school-air-jordan-5-retro-midnight-navy-fn5452-400\/#primaryimage"},"image":{"@id":"https:\/\/tourcruiser.com\/fr\/products\/grade-school-air-jordan-5-retro-midnight-navy-fn5452-400\/#primaryimage"},"thumbnailUrl":"https:\/\/images.novelship.com\/product\/_grade_school__air_jordan_5_retro__midnight_navy___0_86724.jpeg;https:\/\/images.novelship.com\/product\/_grade_school__air_jordan_5_retro__midnight_navy___1_86724.jpeg;https:\/\/images.novelship.com\/product\/_grade_school__air_jordan_5_retro__midnight_navy___2_86725.jpeg;https:\/\/images.novelship.com\/product\/_grade_school__air_jordan_5_retro__midnight_navy___3_86725.jpeg;https:\/\/images.novelship.com\/product\/_grade_school__air_jordan_5_retro__midnight_navy___4_86725.jpeg;https:\/\/images.novelship.com\/product\/_grade_school__air_jordan_5_retro__midnight_navy___5_86725.jpeg;https:\/\/images.novelship.com\/product\/_grade_school__air_jordan_5_retro__midnight_navy___6_86725.jpeg;https:\/\/images.novelship.com\/product\/_grade_school__air_jordan_5_retro__midnight_navy___7_86725.jpeg","datePublished":"2026-04-16T10:08:49+00:00","dateModified":"2026-04-17T15:51:03+00:00","breadcrumb":{"@id":"https:\/\/tourcruiser.com\/fr\/products\/grade-school-air-jordan-5-retro-midnight-navy-fn5452-400\/#breadcrumb"},"inLanguage":"fr-FR","potentialAction":[{"@type":"ReadAction","target":["https:\/\/tourcruiser.com\/fr\/products\/grade-school-air-jordan-5-retro-midnight-navy-fn5452-400\/"]}]},{"@type":"ImageObject","inLanguage":"fr-FR","@id":"https:\/\/tourcruiser.com\/fr\/products\/grade-school-air-jordan-5-retro-midnight-navy-fn5452-400\/#primaryimage","url":"https:\/\/images.novelship.com\/product\/_grade_school__air_jordan_5_retro__midnight_navy___0_86724.jpeg;https:\/\/images.novelship.com\/product\/_grade_school__air_jordan_5_retro__midnight_navy___1_86724.jpeg;https:\/\/images.novelship.com\/product\/_grade_school__air_jordan_5_retro__midnight_navy___2_86725.jpeg;https:\/\/images.novelship.com\/product\/_grade_school__air_jordan_5_retro__midnight_navy___3_86725.jpeg;https:\/\/images.novelship.com\/product\/_grade_school__air_jordan_5_retro__midnight_navy___4_86725.jpeg;https:\/\/images.novelship.com\/product\/_grade_school__air_jordan_5_retro__midnight_navy___5_86725.jpeg;https:\/\/images.novelship.com\/product\/_grade_school__air_jordan_5_retro__midnight_navy___6_86725.jpeg;https:\/\/images.novelship.com\/product\/_grade_school__air_jordan_5_retro__midnight_navy___7_86725.jpeg","contentUrl":"https:\/\/images.novelship.com\/product\/_grade_school__air_jordan_5_retro__midnight_navy___0_86724.jpeg;https:\/\/images.novelship.com\/product\/_grade_school__air_jordan_5_retro__midnight_navy___1_86724.jpeg;https:\/\/images.novelship.com\/product\/_grade_school__air_jordan_5_retro__midnight_navy___2_86725.jpeg;https:\/\/images.novelship.com\/product\/_grade_school__air_jordan_5_retro__midnight_navy___3_86725.jpeg;https:\/\/images.novelship.com\/product\/_grade_school__air_jordan_5_retro__midnight_navy___4_86725.jpeg;https:\/\/images.novelship.com\/product\/_grade_school__air_jordan_5_retro__midnight_navy___5_86725.jpeg;https:\/\/images.novelship.com\/product\/_grade_school__air_jordan_5_retro__midnight_navy___6_86725.jpeg;https:\/\/images.novelship.com\/product\/_grade_school__air_jordan_5_retro__midnight_navy___7_86725.jpeg"},{"@type":"BreadcrumbList","@id":"https:\/\/tourcruiser.com\/fr\/products\/grade-school-air-jordan-5-retro-midnight-navy-fn5452-400\/#breadcrumb","itemListElement":[{"@type":"ListItem","position":1,"name":"Home","item":"https:\/\/tourcruiser.com\/fr\/"},{"@type":"ListItem","position":2,"name":"Shop","item":"https:\/\/tourcruiser.com\/fr\/shop\/"},{"@type":"ListItem","position":3,"name":"(Grade School) Air Jordan 5 Retro &#8216;Midnight Navy&#8217; FN5452-400"}]},{"@type":"WebSite","@id":"\/#website","url":"\/","name":"Styloral Jewelry Shop","description":"Tourcruiser Sneaker Store \u2014 L\u2019endroit o\u00f9 l\u2019univers rencontre votre singularit\u00e9.","publisher":{"@id":"\/#organization"},"potentialAction":[{"@type":"SearchAction","target":{"@type":"EntryPoint","urlTemplate":"\/?s={search_term_string}"},"query-input":{"@type":"PropertyValueSpecification","valueRequired":true,"valueName":"search_term_string"}}],"inLanguage":"fr-FR"},{"@type":"Organization","@id":"\/#organization","name":"STYLORAL PTE. LTD","url":"\/","logo":{"@type":"ImageObject","inLanguage":"fr-FR","@id":"\/#\/schema\/logo\/image\/","url":"https:\/\/www.tourcruiser.com\/wp-content\/uploads\/2025\/12\/logo.png","contentUrl":"https:\/\/www.tourcruiser.com\/wp-content\/uploads\/2025\/12\/logo.png","width":200,"height":65,"caption":"STYLORAL PTE. LTD"},"image":{"@id":"\/#\/schema\/logo\/image\/"}}]}},"_links":{"self":[{"href":"https:\/\/tourcruiser.com\/fr\/wp-json\/wp\/v2\/product\/760509","targetHints":{"allow":["GET"]}}],"collection":[{"href":"https:\/\/tourcruiser.com\/fr\/wp-json\/wp\/v2\/product"}],"about":[{"href":"https:\/\/tourcruiser.com\/fr\/wp-json\/wp\/v2\/types\/product"}],"replies":[{"embeddable":true,"href":"https:\/\/tourcruiser.com\/fr\/wp-json\/wp\/v2\/comments?post=760509"}],"wp:featuredmedia":[{"embeddable":true,"href":"https:\/\/tourcruiser.com\/fr\/wp-json\/wp\/v2\/media\/760510"}],"wp:attachment":[{"href":"https:\/\/tourcruiser.com\/fr\/wp-json\/wp\/v2\/media?parent=760509"}],"wp:term":[{"taxonomy":"product_brand","embeddable":true,"href":"https:\/\/tourcruiser.com\/fr\/wp-json\/wp\/v2\/product_brand?post=760509"},{"taxonomy":"product_cat","embeddable":true,"href":"https:\/\/tourcruiser.com\/fr\/wp-json\/wp\/v2\/product_cat?post=760509"},{"taxonomy":"product_tag","embeddable":true,"href":"https:\/\/tourcruiser.com\/fr\/wp-json\/wp\/v2\/product_tag?post=760509"}],"curies":[{"name":"wp","href":"https:\/\/api.w.org\/{rel}","templated":true}]}}