{"id":760500,"date":"2026-04-16T17:08:49","date_gmt":"2026-04-16T10:08:49","guid":{"rendered":"http:\/\/tourcruiser.com\/product\/youth-air-jordan-11-retro-win-like-96-378038-623"},"modified":"2026-04-17T22:51:02","modified_gmt":"2026-04-17T15:51:02","slug":"youth-air-jordan-11-retro-win-like-96-378038-623","status":"publish","type":"product","link":"https:\/\/tourcruiser.com\/fr\/products\/youth-air-jordan-11-retro-win-like-96-378038-623\/","title":{"rendered":"(Youth) Air Jordan 11 Retro &lsquo;Win Like &rsquo;96&rsquo; 378038-623"},"content":{"rendered":"<p>D\u00e9couvrez l&#8217;embl\u00e9matique Air Jordan 11 Retro \u00ab Win Like &rsquo;96 \u00bb (378038-623) avec votre jeune athl\u00e8te. Inspir\u00e9e par la s\u00e9rie de titres l\u00e9gendaires de Michael Jordan, cette sneaker arbore un design \u00e9l\u00e9gant en cuir verni rouge vif, pour un style inimitable sur et en dehors des terrains. Confortable et r\u00e9sistante, avec sa semelle amortissante et r\u00e9active et son maintien optimal, elle est id\u00e9ale pour un mode de vie actif. Boostez le jeu et la confiance de votre enfant gr\u00e2ce \u00e0 l&rsquo;\u00e9l\u00e9gance intemporelle d&rsquo;Air Jordan. Pr\u00e9parez-le !<\/p>\n<p>Couleur : Rouge Gym\/Noir-Blanc<\/p>\n<p>Num\u00e9ro d&rsquo;article : 378038-623<br \/>\nTige : Cuir<br \/>\nSemelle interm\u00e9diaire : Air<\/p>\n<p>Couleur : Rouge<br \/>\nDesigner : Tinker Hatfield<\/p>\n<p>Saison : Toute l&rsquo;ann\u00e9e<br \/>\nAnn\u00e9e de sortie : 2017<\/p>\n<p>\u00c2ge : Adulte<br \/>\nCouleur : Rouge<br \/>\nGenre : Enfant<\/p>\n","protected":false},"excerpt":{"rendered":"<p>D\u00e9couvrez l&#8217;embl\u00e9matique Air Jordan 11 Retro \u00ab Win Like &rsquo;96 \u00bb (378038-623) avec votre jeune athl\u00e8te. Inspir\u00e9e par la s\u00e9rie de titres l\u00e9gendaires de Michael Jordan, cette sneaker arbore un design \u00e9l\u00e9gant en cuir verni rouge vif, pour un style inimitable sur et en dehors des terrains. Confortable et r\u00e9sistante, avec sa semelle amortissante et [&hellip;]<\/p>\n","protected":false},"featured_media":760501,"comment_status":"open","ping_status":"closed","template":"","meta":[],"product_brand":[],"product_cat":[38880],"product_tag":[10800,38876,10776,11349,38875,11129,38877],"class_list":{"0":"post-760500","1":"product","2":"type-product","3":"status-publish","4":"has-post-thumbnail","6":"product_cat-jordan","7":"product_tag-basketball-shoes","8":"product_tag-basketball-shoes-for-kids","9":"product_tag-jordan","10":"product_tag-jordan-basketball-shoes","11":"product_tag-jordan-skateboard-shoes","12":"product_tag-lightweight-basketball-shoes","13":"product_tag-sports-shoes-for-kids","15":"first","16":"instock","17":"taxable","18":"shipping-taxable","19":"purchasable","20":"product-type-simple"},"wcpa_form_fields":null,"yoast_head":"<!-- This site is optimized with the Yoast SEO plugin v26.5 - https:\/\/yoast.com\/wordpress\/plugins\/seo\/ -->\n<title>(Youth) Air Jordan 11 Retro &#039;Win Like &#039;96&#039; 378038-623 - TOURCRUISER PTE. LTD<\/title>\n<meta name=\"robots\" content=\"index, follow, max-snippet:-1, max-image-preview:large, max-video-preview:-1\" \/>\n<link rel=\"canonical\" href=\"https:\/\/tourcruiser.com\/fr\/products\/youth-air-jordan-11-retro-win-like-96-378038-623\/\" \/>\n<meta property=\"og:locale\" content=\"fr_FR\" \/>\n<meta property=\"og:type\" content=\"article\" \/>\n<meta property=\"og:title\" content=\"(Youth) Air Jordan 11 Retro &#039;Win Like &#039;96&#039; 378038-623 - TOURCRUISER PTE. LTD\" \/>\n<meta property=\"og:description\" content=\"D\u00e9couvrez l&#8217;embl\u00e9matique Air Jordan 11 Retro \u00ab Win Like &rsquo;96 \u00bb (378038-623) avec votre jeune athl\u00e8te. Inspir\u00e9e par la s\u00e9rie de titres l\u00e9gendaires de Michael Jordan, cette sneaker arbore un design \u00e9l\u00e9gant en cuir verni rouge vif, pour un style inimitable sur et en dehors des terrains. Confortable et r\u00e9sistante, avec sa semelle amortissante et [&hellip;]\" \/>\n<meta property=\"og:url\" content=\"https:\/\/tourcruiser.com\/fr\/products\/youth-air-jordan-11-retro-win-like-96-378038-623\/\" \/>\n<meta property=\"og:site_name\" content=\"Tourcruiser Sneaker Store\" \/>\n<meta property=\"article:modified_time\" content=\"2026-04-17T15:51:02+00:00\" \/>\n<meta name=\"twitter:card\" content=\"summary_large_image\" \/>\n<meta name=\"twitter:image\" content=\"https:\/\/images.novelship.com\/product\/_youth__air_jordan_11_retro__win_like__96__378038__0_32825.jpeg;https:\/\/images.novelship.com\/product\/_youth__air_jordan_11_retro__win_like__96__378038__1_32825.jpeg;https:\/\/images.novelship.com\/product\/_youth__air_jordan_11_retro__win_like__96__378038__2_32825.jpeg;https:\/\/images.novelship.com\/product\/_youth__air_jordan_11_retro__win_like__96__378038__3_32825.jpeg;https:\/\/images.novelship.com\/product\/_youth__air_jordan_11_retro__win_like__96__378038__4_32825.jpeg;https:\/\/images.novelship.com\/product\/_youth__air_jordan_11_retro__win_like__96__378038__5_32825.jpeg;https:\/\/images.novelship.com\/product\/_youth__air_jordan_11_retro__win_like__96__378038__6_32825.jpeg;https:\/\/images.novelship.com\/product\/_youth__air_jordan_11_retro__win_like__96__378038__7_32825.jpeg\" \/>\n<meta name=\"twitter:label1\" content=\"Dur\u00e9e de lecture estim\u00e9e\" \/>\n\t<meta name=\"twitter:data1\" content=\"1 minute\" \/>\n<script type=\"application\/ld+json\" class=\"yoast-schema-graph\">{\"@context\":\"https:\/\/schema.org\",\"@graph\":[{\"@type\":\"WebPage\",\"@id\":\"https:\/\/tourcruiser.com\/fr\/products\/youth-air-jordan-11-retro-win-like-96-378038-623\/\",\"url\":\"https:\/\/tourcruiser.com\/fr\/products\/youth-air-jordan-11-retro-win-like-96-378038-623\/\",\"name\":\"(Youth) Air Jordan 11 Retro 'Win Like '96' 378038-623 - TOURCRUISER PTE. LTD\",\"isPartOf\":{\"@id\":\"\/#website\"},\"primaryImageOfPage\":{\"@id\":\"https:\/\/tourcruiser.com\/fr\/products\/youth-air-jordan-11-retro-win-like-96-378038-623\/#primaryimage\"},\"image\":{\"@id\":\"https:\/\/tourcruiser.com\/fr\/products\/youth-air-jordan-11-retro-win-like-96-378038-623\/#primaryimage\"},\"thumbnailUrl\":\"https:\/\/images.novelship.com\/product\/_youth__air_jordan_11_retro__win_like__96__378038__0_32825.jpeg;https:\/\/images.novelship.com\/product\/_youth__air_jordan_11_retro__win_like__96__378038__1_32825.jpeg;https:\/\/images.novelship.com\/product\/_youth__air_jordan_11_retro__win_like__96__378038__2_32825.jpeg;https:\/\/images.novelship.com\/product\/_youth__air_jordan_11_retro__win_like__96__378038__3_32825.jpeg;https:\/\/images.novelship.com\/product\/_youth__air_jordan_11_retro__win_like__96__378038__4_32825.jpeg;https:\/\/images.novelship.com\/product\/_youth__air_jordan_11_retro__win_like__96__378038__5_32825.jpeg;https:\/\/images.novelship.com\/product\/_youth__air_jordan_11_retro__win_like__96__378038__6_32825.jpeg;https:\/\/images.novelship.com\/product\/_youth__air_jordan_11_retro__win_like__96__378038__7_32825.jpeg\",\"datePublished\":\"2026-04-16T10:08:49+00:00\",\"dateModified\":\"2026-04-17T15:51:02+00:00\",\"breadcrumb\":{\"@id\":\"https:\/\/tourcruiser.com\/fr\/products\/youth-air-jordan-11-retro-win-like-96-378038-623\/#breadcrumb\"},\"inLanguage\":\"fr-FR\",\"potentialAction\":[{\"@type\":\"ReadAction\",\"target\":[\"https:\/\/tourcruiser.com\/fr\/products\/youth-air-jordan-11-retro-win-like-96-378038-623\/\"]}]},{\"@type\":\"ImageObject\",\"inLanguage\":\"fr-FR\",\"@id\":\"https:\/\/tourcruiser.com\/fr\/products\/youth-air-jordan-11-retro-win-like-96-378038-623\/#primaryimage\",\"url\":\"https:\/\/images.novelship.com\/product\/_youth__air_jordan_11_retro__win_like__96__378038__0_32825.jpeg;https:\/\/images.novelship.com\/product\/_youth__air_jordan_11_retro__win_like__96__378038__1_32825.jpeg;https:\/\/images.novelship.com\/product\/_youth__air_jordan_11_retro__win_like__96__378038__2_32825.jpeg;https:\/\/images.novelship.com\/product\/_youth__air_jordan_11_retro__win_like__96__378038__3_32825.jpeg;https:\/\/images.novelship.com\/product\/_youth__air_jordan_11_retro__win_like__96__378038__4_32825.jpeg;https:\/\/images.novelship.com\/product\/_youth__air_jordan_11_retro__win_like__96__378038__5_32825.jpeg;https:\/\/images.novelship.com\/product\/_youth__air_jordan_11_retro__win_like__96__378038__6_32825.jpeg;https:\/\/images.novelship.com\/product\/_youth__air_jordan_11_retro__win_like__96__378038__7_32825.jpeg\",\"contentUrl\":\"https:\/\/images.novelship.com\/product\/_youth__air_jordan_11_retro__win_like__96__378038__0_32825.jpeg;https:\/\/images.novelship.com\/product\/_youth__air_jordan_11_retro__win_like__96__378038__1_32825.jpeg;https:\/\/images.novelship.com\/product\/_youth__air_jordan_11_retro__win_like__96__378038__2_32825.jpeg;https:\/\/images.novelship.com\/product\/_youth__air_jordan_11_retro__win_like__96__378038__3_32825.jpeg;https:\/\/images.novelship.com\/product\/_youth__air_jordan_11_retro__win_like__96__378038__4_32825.jpeg;https:\/\/images.novelship.com\/product\/_youth__air_jordan_11_retro__win_like__96__378038__5_32825.jpeg;https:\/\/images.novelship.com\/product\/_youth__air_jordan_11_retro__win_like__96__378038__6_32825.jpeg;https:\/\/images.novelship.com\/product\/_youth__air_jordan_11_retro__win_like__96__378038__7_32825.jpeg\"},{\"@type\":\"BreadcrumbList\",\"@id\":\"https:\/\/tourcruiser.com\/fr\/products\/youth-air-jordan-11-retro-win-like-96-378038-623\/#breadcrumb\",\"itemListElement\":[{\"@type\":\"ListItem\",\"position\":1,\"name\":\"Home\",\"item\":\"https:\/\/tourcruiser.com\/fr\/\"},{\"@type\":\"ListItem\",\"position\":2,\"name\":\"Shop\",\"item\":\"https:\/\/tourcruiser.com\/fr\/shop\/\"},{\"@type\":\"ListItem\",\"position\":3,\"name\":\"(Youth) Air Jordan 11 Retro &#8216;Win Like &#8217;96&#8217; 378038-623\"}]},{\"@type\":\"WebSite\",\"@id\":\"\/#website\",\"url\":\"\/\",\"name\":\"Styloral Jewelry Shop\",\"description\":\"Tourcruiser Sneaker Store \u2014 L\u2019endroit o\u00f9 l\u2019univers rencontre votre singularit\u00e9.\",\"publisher\":{\"@id\":\"\/#organization\"},\"potentialAction\":[{\"@type\":\"SearchAction\",\"target\":{\"@type\":\"EntryPoint\",\"urlTemplate\":\"\/?s={search_term_string}\"},\"query-input\":{\"@type\":\"PropertyValueSpecification\",\"valueRequired\":true,\"valueName\":\"search_term_string\"}}],\"inLanguage\":\"fr-FR\"},{\"@type\":\"Organization\",\"@id\":\"\/#organization\",\"name\":\"STYLORAL PTE. LTD\",\"url\":\"\/\",\"logo\":{\"@type\":\"ImageObject\",\"inLanguage\":\"fr-FR\",\"@id\":\"\/#\/schema\/logo\/image\/\",\"url\":\"https:\/\/www.tourcruiser.com\/wp-content\/uploads\/2025\/12\/logo.png\",\"contentUrl\":\"https:\/\/www.tourcruiser.com\/wp-content\/uploads\/2025\/12\/logo.png\",\"width\":200,\"height\":65,\"caption\":\"STYLORAL PTE. LTD\"},\"image\":{\"@id\":\"\/#\/schema\/logo\/image\/\"}}]}<\/script>\n<!-- \/ Yoast SEO plugin. -->","yoast_head_json":{"title":"(Youth) Air Jordan 11 Retro 'Win Like '96' 378038-623 - TOURCRUISER PTE. LTD","robots":{"index":"index","follow":"follow","max-snippet":"max-snippet:-1","max-image-preview":"max-image-preview:large","max-video-preview":"max-video-preview:-1"},"canonical":"https:\/\/tourcruiser.com\/fr\/products\/youth-air-jordan-11-retro-win-like-96-378038-623\/","og_locale":"fr_FR","og_type":"article","og_title":"(Youth) Air Jordan 11 Retro 'Win Like '96' 378038-623 - TOURCRUISER PTE. LTD","og_description":"D\u00e9couvrez l&#8217;embl\u00e9matique Air Jordan 11 Retro \u00ab Win Like &rsquo;96 \u00bb (378038-623) avec votre jeune athl\u00e8te. Inspir\u00e9e par la s\u00e9rie de titres l\u00e9gendaires de Michael Jordan, cette sneaker arbore un design \u00e9l\u00e9gant en cuir verni rouge vif, pour un style inimitable sur et en dehors des terrains. Confortable et r\u00e9sistante, avec sa semelle amortissante et [&hellip;]","og_url":"https:\/\/tourcruiser.com\/fr\/products\/youth-air-jordan-11-retro-win-like-96-378038-623\/","og_site_name":"Tourcruiser Sneaker Store","article_modified_time":"2026-04-17T15:51:02+00:00","twitter_card":"summary_large_image","twitter_image":"https:\/\/images.novelship.com\/product\/_youth__air_jordan_11_retro__win_like__96__378038__0_32825.jpeg;https:\/\/images.novelship.com\/product\/_youth__air_jordan_11_retro__win_like__96__378038__1_32825.jpeg;https:\/\/images.novelship.com\/product\/_youth__air_jordan_11_retro__win_like__96__378038__2_32825.jpeg;https:\/\/images.novelship.com\/product\/_youth__air_jordan_11_retro__win_like__96__378038__3_32825.jpeg;https:\/\/images.novelship.com\/product\/_youth__air_jordan_11_retro__win_like__96__378038__4_32825.jpeg;https:\/\/images.novelship.com\/product\/_youth__air_jordan_11_retro__win_like__96__378038__5_32825.jpeg;https:\/\/images.novelship.com\/product\/_youth__air_jordan_11_retro__win_like__96__378038__6_32825.jpeg;https:\/\/images.novelship.com\/product\/_youth__air_jordan_11_retro__win_like__96__378038__7_32825.jpeg","twitter_misc":{"Dur\u00e9e de lecture estim\u00e9e":"1 minute"},"schema":{"@context":"https:\/\/schema.org","@graph":[{"@type":"WebPage","@id":"https:\/\/tourcruiser.com\/fr\/products\/youth-air-jordan-11-retro-win-like-96-378038-623\/","url":"https:\/\/tourcruiser.com\/fr\/products\/youth-air-jordan-11-retro-win-like-96-378038-623\/","name":"(Youth) Air Jordan 11 Retro 'Win Like '96' 378038-623 - TOURCRUISER PTE. LTD","isPartOf":{"@id":"\/#website"},"primaryImageOfPage":{"@id":"https:\/\/tourcruiser.com\/fr\/products\/youth-air-jordan-11-retro-win-like-96-378038-623\/#primaryimage"},"image":{"@id":"https:\/\/tourcruiser.com\/fr\/products\/youth-air-jordan-11-retro-win-like-96-378038-623\/#primaryimage"},"thumbnailUrl":"https:\/\/images.novelship.com\/product\/_youth__air_jordan_11_retro__win_like__96__378038__0_32825.jpeg;https:\/\/images.novelship.com\/product\/_youth__air_jordan_11_retro__win_like__96__378038__1_32825.jpeg;https:\/\/images.novelship.com\/product\/_youth__air_jordan_11_retro__win_like__96__378038__2_32825.jpeg;https:\/\/images.novelship.com\/product\/_youth__air_jordan_11_retro__win_like__96__378038__3_32825.jpeg;https:\/\/images.novelship.com\/product\/_youth__air_jordan_11_retro__win_like__96__378038__4_32825.jpeg;https:\/\/images.novelship.com\/product\/_youth__air_jordan_11_retro__win_like__96__378038__5_32825.jpeg;https:\/\/images.novelship.com\/product\/_youth__air_jordan_11_retro__win_like__96__378038__6_32825.jpeg;https:\/\/images.novelship.com\/product\/_youth__air_jordan_11_retro__win_like__96__378038__7_32825.jpeg","datePublished":"2026-04-16T10:08:49+00:00","dateModified":"2026-04-17T15:51:02+00:00","breadcrumb":{"@id":"https:\/\/tourcruiser.com\/fr\/products\/youth-air-jordan-11-retro-win-like-96-378038-623\/#breadcrumb"},"inLanguage":"fr-FR","potentialAction":[{"@type":"ReadAction","target":["https:\/\/tourcruiser.com\/fr\/products\/youth-air-jordan-11-retro-win-like-96-378038-623\/"]}]},{"@type":"ImageObject","inLanguage":"fr-FR","@id":"https:\/\/tourcruiser.com\/fr\/products\/youth-air-jordan-11-retro-win-like-96-378038-623\/#primaryimage","url":"https:\/\/images.novelship.com\/product\/_youth__air_jordan_11_retro__win_like__96__378038__0_32825.jpeg;https:\/\/images.novelship.com\/product\/_youth__air_jordan_11_retro__win_like__96__378038__1_32825.jpeg;https:\/\/images.novelship.com\/product\/_youth__air_jordan_11_retro__win_like__96__378038__2_32825.jpeg;https:\/\/images.novelship.com\/product\/_youth__air_jordan_11_retro__win_like__96__378038__3_32825.jpeg;https:\/\/images.novelship.com\/product\/_youth__air_jordan_11_retro__win_like__96__378038__4_32825.jpeg;https:\/\/images.novelship.com\/product\/_youth__air_jordan_11_retro__win_like__96__378038__5_32825.jpeg;https:\/\/images.novelship.com\/product\/_youth__air_jordan_11_retro__win_like__96__378038__6_32825.jpeg;https:\/\/images.novelship.com\/product\/_youth__air_jordan_11_retro__win_like__96__378038__7_32825.jpeg","contentUrl":"https:\/\/images.novelship.com\/product\/_youth__air_jordan_11_retro__win_like__96__378038__0_32825.jpeg;https:\/\/images.novelship.com\/product\/_youth__air_jordan_11_retro__win_like__96__378038__1_32825.jpeg;https:\/\/images.novelship.com\/product\/_youth__air_jordan_11_retro__win_like__96__378038__2_32825.jpeg;https:\/\/images.novelship.com\/product\/_youth__air_jordan_11_retro__win_like__96__378038__3_32825.jpeg;https:\/\/images.novelship.com\/product\/_youth__air_jordan_11_retro__win_like__96__378038__4_32825.jpeg;https:\/\/images.novelship.com\/product\/_youth__air_jordan_11_retro__win_like__96__378038__5_32825.jpeg;https:\/\/images.novelship.com\/product\/_youth__air_jordan_11_retro__win_like__96__378038__6_32825.jpeg;https:\/\/images.novelship.com\/product\/_youth__air_jordan_11_retro__win_like__96__378038__7_32825.jpeg"},{"@type":"BreadcrumbList","@id":"https:\/\/tourcruiser.com\/fr\/products\/youth-air-jordan-11-retro-win-like-96-378038-623\/#breadcrumb","itemListElement":[{"@type":"ListItem","position":1,"name":"Home","item":"https:\/\/tourcruiser.com\/fr\/"},{"@type":"ListItem","position":2,"name":"Shop","item":"https:\/\/tourcruiser.com\/fr\/shop\/"},{"@type":"ListItem","position":3,"name":"(Youth) Air Jordan 11 Retro &#8216;Win Like &#8217;96&#8217; 378038-623"}]},{"@type":"WebSite","@id":"\/#website","url":"\/","name":"Styloral Jewelry Shop","description":"Tourcruiser Sneaker Store \u2014 L\u2019endroit o\u00f9 l\u2019univers rencontre votre singularit\u00e9.","publisher":{"@id":"\/#organization"},"potentialAction":[{"@type":"SearchAction","target":{"@type":"EntryPoint","urlTemplate":"\/?s={search_term_string}"},"query-input":{"@type":"PropertyValueSpecification","valueRequired":true,"valueName":"search_term_string"}}],"inLanguage":"fr-FR"},{"@type":"Organization","@id":"\/#organization","name":"STYLORAL PTE. LTD","url":"\/","logo":{"@type":"ImageObject","inLanguage":"fr-FR","@id":"\/#\/schema\/logo\/image\/","url":"https:\/\/www.tourcruiser.com\/wp-content\/uploads\/2025\/12\/logo.png","contentUrl":"https:\/\/www.tourcruiser.com\/wp-content\/uploads\/2025\/12\/logo.png","width":200,"height":65,"caption":"STYLORAL PTE. LTD"},"image":{"@id":"\/#\/schema\/logo\/image\/"}}]}},"_links":{"self":[{"href":"https:\/\/tourcruiser.com\/fr\/wp-json\/wp\/v2\/product\/760500","targetHints":{"allow":["GET"]}}],"collection":[{"href":"https:\/\/tourcruiser.com\/fr\/wp-json\/wp\/v2\/product"}],"about":[{"href":"https:\/\/tourcruiser.com\/fr\/wp-json\/wp\/v2\/types\/product"}],"replies":[{"embeddable":true,"href":"https:\/\/tourcruiser.com\/fr\/wp-json\/wp\/v2\/comments?post=760500"}],"wp:featuredmedia":[{"embeddable":true,"href":"https:\/\/tourcruiser.com\/fr\/wp-json\/wp\/v2\/media\/760501"}],"wp:attachment":[{"href":"https:\/\/tourcruiser.com\/fr\/wp-json\/wp\/v2\/media?parent=760500"}],"wp:term":[{"taxonomy":"product_brand","embeddable":true,"href":"https:\/\/tourcruiser.com\/fr\/wp-json\/wp\/v2\/product_brand?post=760500"},{"taxonomy":"product_cat","embeddable":true,"href":"https:\/\/tourcruiser.com\/fr\/wp-json\/wp\/v2\/product_cat?post=760500"},{"taxonomy":"product_tag","embeddable":true,"href":"https:\/\/tourcruiser.com\/fr\/wp-json\/wp\/v2\/product_tag?post=760500"}],"curies":[{"name":"wp","href":"https:\/\/api.w.org\/{rel}","templated":true}]}}