{"id":760491,"date":"2026-04-16T17:08:48","date_gmt":"2026-04-16T10:08:48","guid":{"rendered":"http:\/\/tourcruiser.com\/product\/air-jordan-12-retro-french-blue-2016-130690-113"},"modified":"2026-04-17T22:51:01","modified_gmt":"2026-04-17T15:51:01","slug":"air-jordan-12-retro-french-blue-2016-130690-113","status":"publish","type":"product","link":"https:\/\/tourcruiser.com\/fr\/products\/air-jordan-12-retro-french-blue-2016-130690-113\/","title":{"rendered":"Air Jordan 12 Retro &lsquo;French Blue&rsquo; 2016 130690-113"},"content":{"rendered":"<p>La Air Jordan 12 Retro French Blue 2016, aussi appel\u00e9e French Blue, est une sneaker tr\u00e8s recherch\u00e9e de l&#8217;embl\u00e9matique marque Jordan. Son design blanc \u00e9pur\u00e9 lui conf\u00e8re style et sophistication. Avec son design classique et son confort in\u00e9gal\u00e9, cette sneaker est un incontournable pour tous les passionn\u00e9s de sneakers et les fans de Jordan.<\/p>\n<p>Coloris\u00a0: Blanc\/Bleu fran\u00e7ais<br \/>\nCode article\u00a0: 130690-113<br \/>\nTige\u00a0: Cuir<br \/>\nSemelle interm\u00e9diaire\u00a0: Air<br \/>\nCouleur\u00a0: Blanc<br \/>\nDesigner\u00a0: Tinker Hatfield<br \/>\nSaison\u00a0: Printemps<br \/>\nAnn\u00e9e de sortie\u00a0: 2016<\/p>\n<p>\u00c2ge\u00a0: Adulte<br \/>\nCouleur\u00a0: Blanc<br \/>\nGenre\u00a0: Homme<\/p>\n","protected":false},"excerpt":{"rendered":"<p>La Air Jordan 12 Retro French Blue 2016, aussi appel\u00e9e French Blue, est une sneaker tr\u00e8s recherch\u00e9e de l&#8217;embl\u00e9matique marque Jordan. Son design blanc \u00e9pur\u00e9 lui conf\u00e8re style et sophistication. Avec son design classique et son confort in\u00e9gal\u00e9, cette sneaker est un incontournable pour tous les passionn\u00e9s de sneakers et les fans de Jordan. Coloris\u00a0: [&hellip;]<\/p>\n","protected":false},"featured_media":760492,"comment_status":"open","ping_status":"closed","template":"","meta":[],"product_brand":[],"product_cat":[38880],"product_tag":[10800,38839,38861,38842,10776,38875,38846,38844],"class_list":{"0":"post-760491","1":"product","2":"type-product","3":"status-publish","4":"has-post-thumbnail","6":"product_cat-jordan","7":"product_tag-basketball-shoes","8":"product_tag-basketball-shoes-with-ankle-support","9":"product_tag-below-retail-price","10":"product_tag-gift-idea-for-him","11":"product_tag-jordan","12":"product_tag-jordan-skateboard-shoes","13":"product_tag-performance-sports-shoes","14":"product_tag-top-offers","16":"first","17":"instock","18":"taxable","19":"shipping-taxable","20":"purchasable","21":"product-type-simple"},"wcpa_form_fields":null,"yoast_head":"<!-- This site is optimized with the Yoast SEO plugin v26.5 - https:\/\/yoast.com\/wordpress\/plugins\/seo\/ -->\n<title>Air Jordan 12 Retro &#039;French Blue&#039; 2016 130690-113 - TOURCRUISER PTE. LTD<\/title>\n<meta name=\"robots\" content=\"index, follow, max-snippet:-1, max-image-preview:large, max-video-preview:-1\" \/>\n<link rel=\"canonical\" href=\"https:\/\/tourcruiser.com\/fr\/products\/air-jordan-12-retro-french-blue-2016-130690-113\/\" \/>\n<meta property=\"og:locale\" content=\"fr_FR\" \/>\n<meta property=\"og:type\" content=\"article\" \/>\n<meta property=\"og:title\" content=\"Air Jordan 12 Retro &#039;French Blue&#039; 2016 130690-113 - TOURCRUISER PTE. LTD\" \/>\n<meta property=\"og:description\" content=\"La Air Jordan 12 Retro French Blue 2016, aussi appel\u00e9e French Blue, est une sneaker tr\u00e8s recherch\u00e9e de l&#8217;embl\u00e9matique marque Jordan. Son design blanc \u00e9pur\u00e9 lui conf\u00e8re style et sophistication. Avec son design classique et son confort in\u00e9gal\u00e9, cette sneaker est un incontournable pour tous les passionn\u00e9s de sneakers et les fans de Jordan. Coloris\u00a0: [&hellip;]\" \/>\n<meta property=\"og:url\" content=\"https:\/\/tourcruiser.com\/fr\/products\/air-jordan-12-retro-french-blue-2016-130690-113\/\" \/>\n<meta property=\"og:site_name\" content=\"Tourcruiser Sneaker Store\" \/>\n<meta property=\"article:modified_time\" content=\"2026-04-17T15:51:01+00:00\" \/>\n<meta name=\"twitter:card\" content=\"summary_large_image\" \/>\n<meta name=\"twitter:image\" content=\"https:\/\/images.novelship.com\/product\/air_jordan_12_retro__french_blue__2016_130690_113_0_89868.jpeg;https:\/\/images.novelship.com\/product\/air_jordan_12_retro__french_blue__2016_130690_113_1_89868.jpeg;https:\/\/images.novelship.com\/product\/air_jordan_12_retro__french_blue__2016_130690_113_2_89868.jpeg;https:\/\/images.novelship.com\/product\/air_jordan_12_retro__french_blue__2016_130690_113_3_89868.jpeg;https:\/\/images.novelship.com\/product\/air_jordan_12_retro__french_blue__2016_130690_113_4_89868.jpeg;https:\/\/images.novelship.com\/product\/air_jordan_12_retro__french_blue__2016_130690_113_5_89868.jpeg;https:\/\/images.novelship.com\/product\/air_jordan_12_retro__french_blue__2016_130690_113_6_89868.jpeg;https:\/\/images.novelship.com\/product\/air_jordan_12_retro__french_blue__2016_130690_113_7_89868.jpeg\" \/>\n<script type=\"application\/ld+json\" class=\"yoast-schema-graph\">{\"@context\":\"https:\/\/schema.org\",\"@graph\":[{\"@type\":\"WebPage\",\"@id\":\"https:\/\/tourcruiser.com\/fr\/products\/air-jordan-12-retro-french-blue-2016-130690-113\/\",\"url\":\"https:\/\/tourcruiser.com\/fr\/products\/air-jordan-12-retro-french-blue-2016-130690-113\/\",\"name\":\"Air Jordan 12 Retro 'French Blue' 2016 130690-113 - TOURCRUISER PTE. LTD\",\"isPartOf\":{\"@id\":\"\/#website\"},\"primaryImageOfPage\":{\"@id\":\"https:\/\/tourcruiser.com\/fr\/products\/air-jordan-12-retro-french-blue-2016-130690-113\/#primaryimage\"},\"image\":{\"@id\":\"https:\/\/tourcruiser.com\/fr\/products\/air-jordan-12-retro-french-blue-2016-130690-113\/#primaryimage\"},\"thumbnailUrl\":\"https:\/\/images.novelship.com\/product\/air_jordan_12_retro__french_blue__2016_130690_113_0_89868.jpeg;https:\/\/images.novelship.com\/product\/air_jordan_12_retro__french_blue__2016_130690_113_1_89868.jpeg;https:\/\/images.novelship.com\/product\/air_jordan_12_retro__french_blue__2016_130690_113_2_89868.jpeg;https:\/\/images.novelship.com\/product\/air_jordan_12_retro__french_blue__2016_130690_113_3_89868.jpeg;https:\/\/images.novelship.com\/product\/air_jordan_12_retro__french_blue__2016_130690_113_4_89868.jpeg;https:\/\/images.novelship.com\/product\/air_jordan_12_retro__french_blue__2016_130690_113_5_89868.jpeg;https:\/\/images.novelship.com\/product\/air_jordan_12_retro__french_blue__2016_130690_113_6_89868.jpeg;https:\/\/images.novelship.com\/product\/air_jordan_12_retro__french_blue__2016_130690_113_7_89868.jpeg\",\"datePublished\":\"2026-04-16T10:08:48+00:00\",\"dateModified\":\"2026-04-17T15:51:01+00:00\",\"breadcrumb\":{\"@id\":\"https:\/\/tourcruiser.com\/fr\/products\/air-jordan-12-retro-french-blue-2016-130690-113\/#breadcrumb\"},\"inLanguage\":\"fr-FR\",\"potentialAction\":[{\"@type\":\"ReadAction\",\"target\":[\"https:\/\/tourcruiser.com\/fr\/products\/air-jordan-12-retro-french-blue-2016-130690-113\/\"]}]},{\"@type\":\"ImageObject\",\"inLanguage\":\"fr-FR\",\"@id\":\"https:\/\/tourcruiser.com\/fr\/products\/air-jordan-12-retro-french-blue-2016-130690-113\/#primaryimage\",\"url\":\"https:\/\/images.novelship.com\/product\/air_jordan_12_retro__french_blue__2016_130690_113_0_89868.jpeg;https:\/\/images.novelship.com\/product\/air_jordan_12_retro__french_blue__2016_130690_113_1_89868.jpeg;https:\/\/images.novelship.com\/product\/air_jordan_12_retro__french_blue__2016_130690_113_2_89868.jpeg;https:\/\/images.novelship.com\/product\/air_jordan_12_retro__french_blue__2016_130690_113_3_89868.jpeg;https:\/\/images.novelship.com\/product\/air_jordan_12_retro__french_blue__2016_130690_113_4_89868.jpeg;https:\/\/images.novelship.com\/product\/air_jordan_12_retro__french_blue__2016_130690_113_5_89868.jpeg;https:\/\/images.novelship.com\/product\/air_jordan_12_retro__french_blue__2016_130690_113_6_89868.jpeg;https:\/\/images.novelship.com\/product\/air_jordan_12_retro__french_blue__2016_130690_113_7_89868.jpeg\",\"contentUrl\":\"https:\/\/images.novelship.com\/product\/air_jordan_12_retro__french_blue__2016_130690_113_0_89868.jpeg;https:\/\/images.novelship.com\/product\/air_jordan_12_retro__french_blue__2016_130690_113_1_89868.jpeg;https:\/\/images.novelship.com\/product\/air_jordan_12_retro__french_blue__2016_130690_113_2_89868.jpeg;https:\/\/images.novelship.com\/product\/air_jordan_12_retro__french_blue__2016_130690_113_3_89868.jpeg;https:\/\/images.novelship.com\/product\/air_jordan_12_retro__french_blue__2016_130690_113_4_89868.jpeg;https:\/\/images.novelship.com\/product\/air_jordan_12_retro__french_blue__2016_130690_113_5_89868.jpeg;https:\/\/images.novelship.com\/product\/air_jordan_12_retro__french_blue__2016_130690_113_6_89868.jpeg;https:\/\/images.novelship.com\/product\/air_jordan_12_retro__french_blue__2016_130690_113_7_89868.jpeg\"},{\"@type\":\"BreadcrumbList\",\"@id\":\"https:\/\/tourcruiser.com\/fr\/products\/air-jordan-12-retro-french-blue-2016-130690-113\/#breadcrumb\",\"itemListElement\":[{\"@type\":\"ListItem\",\"position\":1,\"name\":\"Home\",\"item\":\"https:\/\/tourcruiser.com\/fr\/\"},{\"@type\":\"ListItem\",\"position\":2,\"name\":\"Shop\",\"item\":\"https:\/\/tourcruiser.com\/fr\/shop\/\"},{\"@type\":\"ListItem\",\"position\":3,\"name\":\"Air Jordan 12 Retro &#8216;French Blue&#8217; 2016 130690-113\"}]},{\"@type\":\"WebSite\",\"@id\":\"\/#website\",\"url\":\"\/\",\"name\":\"Styloral Jewelry Shop\",\"description\":\"Tourcruiser Sneaker Store \u2014 L\u2019endroit o\u00f9 l\u2019univers rencontre votre singularit\u00e9.\",\"publisher\":{\"@id\":\"\/#organization\"},\"potentialAction\":[{\"@type\":\"SearchAction\",\"target\":{\"@type\":\"EntryPoint\",\"urlTemplate\":\"\/?s={search_term_string}\"},\"query-input\":{\"@type\":\"PropertyValueSpecification\",\"valueRequired\":true,\"valueName\":\"search_term_string\"}}],\"inLanguage\":\"fr-FR\"},{\"@type\":\"Organization\",\"@id\":\"\/#organization\",\"name\":\"STYLORAL PTE. LTD\",\"url\":\"\/\",\"logo\":{\"@type\":\"ImageObject\",\"inLanguage\":\"fr-FR\",\"@id\":\"\/#\/schema\/logo\/image\/\",\"url\":\"https:\/\/www.tourcruiser.com\/wp-content\/uploads\/2025\/12\/logo.png\",\"contentUrl\":\"https:\/\/www.tourcruiser.com\/wp-content\/uploads\/2025\/12\/logo.png\",\"width\":200,\"height\":65,\"caption\":\"STYLORAL PTE. LTD\"},\"image\":{\"@id\":\"\/#\/schema\/logo\/image\/\"}}]}<\/script>\n<!-- \/ Yoast SEO plugin. -->","yoast_head_json":{"title":"Air Jordan 12 Retro 'French Blue' 2016 130690-113 - TOURCRUISER PTE. LTD","robots":{"index":"index","follow":"follow","max-snippet":"max-snippet:-1","max-image-preview":"max-image-preview:large","max-video-preview":"max-video-preview:-1"},"canonical":"https:\/\/tourcruiser.com\/fr\/products\/air-jordan-12-retro-french-blue-2016-130690-113\/","og_locale":"fr_FR","og_type":"article","og_title":"Air Jordan 12 Retro 'French Blue' 2016 130690-113 - TOURCRUISER PTE. LTD","og_description":"La Air Jordan 12 Retro French Blue 2016, aussi appel\u00e9e French Blue, est une sneaker tr\u00e8s recherch\u00e9e de l&#8217;embl\u00e9matique marque Jordan. Son design blanc \u00e9pur\u00e9 lui conf\u00e8re style et sophistication. Avec son design classique et son confort in\u00e9gal\u00e9, cette sneaker est un incontournable pour tous les passionn\u00e9s de sneakers et les fans de Jordan. Coloris\u00a0: [&hellip;]","og_url":"https:\/\/tourcruiser.com\/fr\/products\/air-jordan-12-retro-french-blue-2016-130690-113\/","og_site_name":"Tourcruiser Sneaker Store","article_modified_time":"2026-04-17T15:51:01+00:00","twitter_card":"summary_large_image","twitter_image":"https:\/\/images.novelship.com\/product\/air_jordan_12_retro__french_blue__2016_130690_113_0_89868.jpeg;https:\/\/images.novelship.com\/product\/air_jordan_12_retro__french_blue__2016_130690_113_1_89868.jpeg;https:\/\/images.novelship.com\/product\/air_jordan_12_retro__french_blue__2016_130690_113_2_89868.jpeg;https:\/\/images.novelship.com\/product\/air_jordan_12_retro__french_blue__2016_130690_113_3_89868.jpeg;https:\/\/images.novelship.com\/product\/air_jordan_12_retro__french_blue__2016_130690_113_4_89868.jpeg;https:\/\/images.novelship.com\/product\/air_jordan_12_retro__french_blue__2016_130690_113_5_89868.jpeg;https:\/\/images.novelship.com\/product\/air_jordan_12_retro__french_blue__2016_130690_113_6_89868.jpeg;https:\/\/images.novelship.com\/product\/air_jordan_12_retro__french_blue__2016_130690_113_7_89868.jpeg","schema":{"@context":"https:\/\/schema.org","@graph":[{"@type":"WebPage","@id":"https:\/\/tourcruiser.com\/fr\/products\/air-jordan-12-retro-french-blue-2016-130690-113\/","url":"https:\/\/tourcruiser.com\/fr\/products\/air-jordan-12-retro-french-blue-2016-130690-113\/","name":"Air Jordan 12 Retro 'French Blue' 2016 130690-113 - TOURCRUISER PTE. LTD","isPartOf":{"@id":"\/#website"},"primaryImageOfPage":{"@id":"https:\/\/tourcruiser.com\/fr\/products\/air-jordan-12-retro-french-blue-2016-130690-113\/#primaryimage"},"image":{"@id":"https:\/\/tourcruiser.com\/fr\/products\/air-jordan-12-retro-french-blue-2016-130690-113\/#primaryimage"},"thumbnailUrl":"https:\/\/images.novelship.com\/product\/air_jordan_12_retro__french_blue__2016_130690_113_0_89868.jpeg;https:\/\/images.novelship.com\/product\/air_jordan_12_retro__french_blue__2016_130690_113_1_89868.jpeg;https:\/\/images.novelship.com\/product\/air_jordan_12_retro__french_blue__2016_130690_113_2_89868.jpeg;https:\/\/images.novelship.com\/product\/air_jordan_12_retro__french_blue__2016_130690_113_3_89868.jpeg;https:\/\/images.novelship.com\/product\/air_jordan_12_retro__french_blue__2016_130690_113_4_89868.jpeg;https:\/\/images.novelship.com\/product\/air_jordan_12_retro__french_blue__2016_130690_113_5_89868.jpeg;https:\/\/images.novelship.com\/product\/air_jordan_12_retro__french_blue__2016_130690_113_6_89868.jpeg;https:\/\/images.novelship.com\/product\/air_jordan_12_retro__french_blue__2016_130690_113_7_89868.jpeg","datePublished":"2026-04-16T10:08:48+00:00","dateModified":"2026-04-17T15:51:01+00:00","breadcrumb":{"@id":"https:\/\/tourcruiser.com\/fr\/products\/air-jordan-12-retro-french-blue-2016-130690-113\/#breadcrumb"},"inLanguage":"fr-FR","potentialAction":[{"@type":"ReadAction","target":["https:\/\/tourcruiser.com\/fr\/products\/air-jordan-12-retro-french-blue-2016-130690-113\/"]}]},{"@type":"ImageObject","inLanguage":"fr-FR","@id":"https:\/\/tourcruiser.com\/fr\/products\/air-jordan-12-retro-french-blue-2016-130690-113\/#primaryimage","url":"https:\/\/images.novelship.com\/product\/air_jordan_12_retro__french_blue__2016_130690_113_0_89868.jpeg;https:\/\/images.novelship.com\/product\/air_jordan_12_retro__french_blue__2016_130690_113_1_89868.jpeg;https:\/\/images.novelship.com\/product\/air_jordan_12_retro__french_blue__2016_130690_113_2_89868.jpeg;https:\/\/images.novelship.com\/product\/air_jordan_12_retro__french_blue__2016_130690_113_3_89868.jpeg;https:\/\/images.novelship.com\/product\/air_jordan_12_retro__french_blue__2016_130690_113_4_89868.jpeg;https:\/\/images.novelship.com\/product\/air_jordan_12_retro__french_blue__2016_130690_113_5_89868.jpeg;https:\/\/images.novelship.com\/product\/air_jordan_12_retro__french_blue__2016_130690_113_6_89868.jpeg;https:\/\/images.novelship.com\/product\/air_jordan_12_retro__french_blue__2016_130690_113_7_89868.jpeg","contentUrl":"https:\/\/images.novelship.com\/product\/air_jordan_12_retro__french_blue__2016_130690_113_0_89868.jpeg;https:\/\/images.novelship.com\/product\/air_jordan_12_retro__french_blue__2016_130690_113_1_89868.jpeg;https:\/\/images.novelship.com\/product\/air_jordan_12_retro__french_blue__2016_130690_113_2_89868.jpeg;https:\/\/images.novelship.com\/product\/air_jordan_12_retro__french_blue__2016_130690_113_3_89868.jpeg;https:\/\/images.novelship.com\/product\/air_jordan_12_retro__french_blue__2016_130690_113_4_89868.jpeg;https:\/\/images.novelship.com\/product\/air_jordan_12_retro__french_blue__2016_130690_113_5_89868.jpeg;https:\/\/images.novelship.com\/product\/air_jordan_12_retro__french_blue__2016_130690_113_6_89868.jpeg;https:\/\/images.novelship.com\/product\/air_jordan_12_retro__french_blue__2016_130690_113_7_89868.jpeg"},{"@type":"BreadcrumbList","@id":"https:\/\/tourcruiser.com\/fr\/products\/air-jordan-12-retro-french-blue-2016-130690-113\/#breadcrumb","itemListElement":[{"@type":"ListItem","position":1,"name":"Home","item":"https:\/\/tourcruiser.com\/fr\/"},{"@type":"ListItem","position":2,"name":"Shop","item":"https:\/\/tourcruiser.com\/fr\/shop\/"},{"@type":"ListItem","position":3,"name":"Air Jordan 12 Retro &#8216;French Blue&#8217; 2016 130690-113"}]},{"@type":"WebSite","@id":"\/#website","url":"\/","name":"Styloral Jewelry Shop","description":"Tourcruiser Sneaker Store \u2014 L\u2019endroit o\u00f9 l\u2019univers rencontre votre singularit\u00e9.","publisher":{"@id":"\/#organization"},"potentialAction":[{"@type":"SearchAction","target":{"@type":"EntryPoint","urlTemplate":"\/?s={search_term_string}"},"query-input":{"@type":"PropertyValueSpecification","valueRequired":true,"valueName":"search_term_string"}}],"inLanguage":"fr-FR"},{"@type":"Organization","@id":"\/#organization","name":"STYLORAL PTE. LTD","url":"\/","logo":{"@type":"ImageObject","inLanguage":"fr-FR","@id":"\/#\/schema\/logo\/image\/","url":"https:\/\/www.tourcruiser.com\/wp-content\/uploads\/2025\/12\/logo.png","contentUrl":"https:\/\/www.tourcruiser.com\/wp-content\/uploads\/2025\/12\/logo.png","width":200,"height":65,"caption":"STYLORAL PTE. LTD"},"image":{"@id":"\/#\/schema\/logo\/image\/"}}]}},"_links":{"self":[{"href":"https:\/\/tourcruiser.com\/fr\/wp-json\/wp\/v2\/product\/760491","targetHints":{"allow":["GET"]}}],"collection":[{"href":"https:\/\/tourcruiser.com\/fr\/wp-json\/wp\/v2\/product"}],"about":[{"href":"https:\/\/tourcruiser.com\/fr\/wp-json\/wp\/v2\/types\/product"}],"replies":[{"embeddable":true,"href":"https:\/\/tourcruiser.com\/fr\/wp-json\/wp\/v2\/comments?post=760491"}],"wp:featuredmedia":[{"embeddable":true,"href":"https:\/\/tourcruiser.com\/fr\/wp-json\/wp\/v2\/media\/760492"}],"wp:attachment":[{"href":"https:\/\/tourcruiser.com\/fr\/wp-json\/wp\/v2\/media?parent=760491"}],"wp:term":[{"taxonomy":"product_brand","embeddable":true,"href":"https:\/\/tourcruiser.com\/fr\/wp-json\/wp\/v2\/product_brand?post=760491"},{"taxonomy":"product_cat","embeddable":true,"href":"https:\/\/tourcruiser.com\/fr\/wp-json\/wp\/v2\/product_cat?post=760491"},{"taxonomy":"product_tag","embeddable":true,"href":"https:\/\/tourcruiser.com\/fr\/wp-json\/wp\/v2\/product_tag?post=760491"}],"curies":[{"name":"wp","href":"https:\/\/api.w.org\/{rel}","templated":true}]}}