{"id":760464,"date":"2026-04-16T17:08:48","date_gmt":"2026-04-16T10:08:48","guid":{"rendered":"http:\/\/tourcruiser.com\/product\/air-jordan-1-retro-high-og-shattered-backboard-away-555088-113"},"modified":"2026-04-17T22:50:59","modified_gmt":"2026-04-17T15:50:59","slug":"air-jordan-1-retro-high-og-shattered-backboard-away-555088-113","status":"publish","type":"product","link":"https:\/\/tourcruiser.com\/fr\/products\/air-jordan-1-retro-high-og-shattered-backboard-away-555088-113\/","title":{"rendered":"Air Jordan 1 Retro High OG &lsquo;Shattered Backboard Away&rsquo; 555088-113"},"content":{"rendered":"<p>La Air Jordan 1 Retro High OG Shattered Backboard Away, aussi appel\u00e9e Reverse Shattered Backboard, est une chaussure iconique et styl\u00e9e de Jordan. Sa couleur orange \u00e9clatante est id\u00e9ale pour affirmer son style. Cette sneaker est un incontournable pour les collectionneurs de sneakers et les passionn\u00e9s de basketball, et un ajout pr\u00e9cieux \u00e0 toute collection.<\/p>\n<p>Coloris : Voile\/Noir\/\u00c9toile de mer<\/p>\n<p>Code article : 555088-113<\/p>\n<p>Tige : Cuir<\/p>\n<p>Semelle interm\u00e9diaire : Air<\/p>\n<p>Couleur : Orange<\/p>\n<p>Designer : Peter Moore<\/p>\n<p>Saison : Automne<\/p>\n<p>Ann\u00e9e de sortie : 2016<\/p>\n<p>\u00c2ge : Adulte<\/p>\n<p>Couleur : Orange<\/p>\n<p>Genre : Homme<\/p>\n","protected":false},"excerpt":{"rendered":"<p>La Air Jordan 1 Retro High OG Shattered Backboard Away, aussi appel\u00e9e Reverse Shattered Backboard, est une chaussure iconique et styl\u00e9e de Jordan. Sa couleur orange \u00e9clatante est id\u00e9ale pour affirmer son style. Cette sneaker est un incontournable pour les collectionneurs de sneakers et les passionn\u00e9s de basketball, et un ajout pr\u00e9cieux \u00e0 toute collection. [&hellip;]<\/p>\n","protected":false},"featured_media":760465,"comment_status":"open","ping_status":"closed","template":"","meta":[],"product_brand":[],"product_cat":[38880],"product_tag":[10800,38841,39257,38840,10776,11349,38875,10756,38866,38902],"class_list":{"0":"post-760464","1":"product","2":"type-product","3":"status-publish","4":"has-post-thumbnail","6":"product_cat-jordan","7":"product_tag-basketball-shoes","8":"product_tag-casual-shoes","9":"product_tag-casual-shoes-inspired-by-basketball","10":"product_tag-gift-ideas-for-him","11":"product_tag-jordan","12":"product_tag-jordan-basketball-shoes","13":"product_tag-jordan-skateboard-shoes","14":"product_tag-retro-casual-shoes","15":"product_tag-sports-shoes","16":"product_tag-trendy-offers","18":"first","19":"instock","20":"taxable","21":"shipping-taxable","22":"purchasable","23":"product-type-simple"},"wcpa_form_fields":null,"yoast_head":"<!-- This site is optimized with the Yoast SEO plugin v26.5 - https:\/\/yoast.com\/wordpress\/plugins\/seo\/ -->\n<title>Air Jordan 1 Retro High OG &#039;Shattered Backboard Away&#039; 555088-113 - TOURCRUISER PTE. LTD<\/title>\n<meta name=\"robots\" content=\"index, follow, max-snippet:-1, max-image-preview:large, max-video-preview:-1\" \/>\n<link rel=\"canonical\" href=\"https:\/\/tourcruiser.com\/fr\/products\/air-jordan-1-retro-high-og-shattered-backboard-away-555088-113\/\" \/>\n<meta property=\"og:locale\" content=\"fr_FR\" \/>\n<meta property=\"og:type\" content=\"article\" \/>\n<meta property=\"og:title\" content=\"Air Jordan 1 Retro High OG &#039;Shattered Backboard Away&#039; 555088-113 - TOURCRUISER PTE. LTD\" \/>\n<meta property=\"og:description\" content=\"La Air Jordan 1 Retro High OG Shattered Backboard Away, aussi appel\u00e9e Reverse Shattered Backboard, est une chaussure iconique et styl\u00e9e de Jordan. Sa couleur orange \u00e9clatante est id\u00e9ale pour affirmer son style. Cette sneaker est un incontournable pour les collectionneurs de sneakers et les passionn\u00e9s de basketball, et un ajout pr\u00e9cieux \u00e0 toute collection. [&hellip;]\" \/>\n<meta property=\"og:url\" content=\"https:\/\/tourcruiser.com\/fr\/products\/air-jordan-1-retro-high-og-shattered-backboard-away-555088-113\/\" \/>\n<meta property=\"og:site_name\" content=\"Tourcruiser Sneaker Store\" \/>\n<meta property=\"article:modified_time\" content=\"2026-04-17T15:50:59+00:00\" \/>\n<meta name=\"twitter:card\" content=\"summary_large_image\" \/>\n<meta name=\"twitter:image\" content=\"https:\/\/images.novelship.com\/product\/air_jordan_1_retro_high_og__shattered_backboard_aw_0_36842.jpeg;https:\/\/images.novelship.com\/product\/air_jordan_1_retro_high_og__shattered_backboard_aw_1_36842.jpeg;https:\/\/images.novelship.com\/product\/air_jordan_1_retro_high_og__shattered_backboard_aw_2_36842.jpeg;https:\/\/images.novelship.com\/product\/air_jordan_1_retro_high_og__shattered_backboard_aw_3_36842.jpeg;https:\/\/images.novelship.com\/product\/air_jordan_1_retro_high_og__shattered_backboard_aw_4_36842.jpeg;https:\/\/images.novelship.com\/product\/air_jordan_1_retro_high_og__shattered_backboard_aw_5_36842.jpeg;https:\/\/images.novelship.com\/product\/air_jordan_1_retro_high_og__shattered_backboard_aw_6_36842.jpeg;https:\/\/images.novelship.com\/product\/air_jordan_1_retro_high_og__shattered_backboard_aw_7_36842.jpeg\" \/>\n<script type=\"application\/ld+json\" class=\"yoast-schema-graph\">{\"@context\":\"https:\/\/schema.org\",\"@graph\":[{\"@type\":\"WebPage\",\"@id\":\"https:\/\/tourcruiser.com\/fr\/products\/air-jordan-1-retro-high-og-shattered-backboard-away-555088-113\/\",\"url\":\"https:\/\/tourcruiser.com\/fr\/products\/air-jordan-1-retro-high-og-shattered-backboard-away-555088-113\/\",\"name\":\"Air Jordan 1 Retro High OG 'Shattered Backboard Away' 555088-113 - TOURCRUISER PTE. LTD\",\"isPartOf\":{\"@id\":\"\/#website\"},\"primaryImageOfPage\":{\"@id\":\"https:\/\/tourcruiser.com\/fr\/products\/air-jordan-1-retro-high-og-shattered-backboard-away-555088-113\/#primaryimage\"},\"image\":{\"@id\":\"https:\/\/tourcruiser.com\/fr\/products\/air-jordan-1-retro-high-og-shattered-backboard-away-555088-113\/#primaryimage\"},\"thumbnailUrl\":\"https:\/\/images.novelship.com\/product\/air_jordan_1_retro_high_og__shattered_backboard_aw_0_36842.jpeg;https:\/\/images.novelship.com\/product\/air_jordan_1_retro_high_og__shattered_backboard_aw_1_36842.jpeg;https:\/\/images.novelship.com\/product\/air_jordan_1_retro_high_og__shattered_backboard_aw_2_36842.jpeg;https:\/\/images.novelship.com\/product\/air_jordan_1_retro_high_og__shattered_backboard_aw_3_36842.jpeg;https:\/\/images.novelship.com\/product\/air_jordan_1_retro_high_og__shattered_backboard_aw_4_36842.jpeg;https:\/\/images.novelship.com\/product\/air_jordan_1_retro_high_og__shattered_backboard_aw_5_36842.jpeg;https:\/\/images.novelship.com\/product\/air_jordan_1_retro_high_og__shattered_backboard_aw_6_36842.jpeg;https:\/\/images.novelship.com\/product\/air_jordan_1_retro_high_og__shattered_backboard_aw_7_36842.jpeg\",\"datePublished\":\"2026-04-16T10:08:48+00:00\",\"dateModified\":\"2026-04-17T15:50:59+00:00\",\"breadcrumb\":{\"@id\":\"https:\/\/tourcruiser.com\/fr\/products\/air-jordan-1-retro-high-og-shattered-backboard-away-555088-113\/#breadcrumb\"},\"inLanguage\":\"fr-FR\",\"potentialAction\":[{\"@type\":\"ReadAction\",\"target\":[\"https:\/\/tourcruiser.com\/fr\/products\/air-jordan-1-retro-high-og-shattered-backboard-away-555088-113\/\"]}]},{\"@type\":\"ImageObject\",\"inLanguage\":\"fr-FR\",\"@id\":\"https:\/\/tourcruiser.com\/fr\/products\/air-jordan-1-retro-high-og-shattered-backboard-away-555088-113\/#primaryimage\",\"url\":\"https:\/\/images.novelship.com\/product\/air_jordan_1_retro_high_og__shattered_backboard_aw_0_36842.jpeg;https:\/\/images.novelship.com\/product\/air_jordan_1_retro_high_og__shattered_backboard_aw_1_36842.jpeg;https:\/\/images.novelship.com\/product\/air_jordan_1_retro_high_og__shattered_backboard_aw_2_36842.jpeg;https:\/\/images.novelship.com\/product\/air_jordan_1_retro_high_og__shattered_backboard_aw_3_36842.jpeg;https:\/\/images.novelship.com\/product\/air_jordan_1_retro_high_og__shattered_backboard_aw_4_36842.jpeg;https:\/\/images.novelship.com\/product\/air_jordan_1_retro_high_og__shattered_backboard_aw_5_36842.jpeg;https:\/\/images.novelship.com\/product\/air_jordan_1_retro_high_og__shattered_backboard_aw_6_36842.jpeg;https:\/\/images.novelship.com\/product\/air_jordan_1_retro_high_og__shattered_backboard_aw_7_36842.jpeg\",\"contentUrl\":\"https:\/\/images.novelship.com\/product\/air_jordan_1_retro_high_og__shattered_backboard_aw_0_36842.jpeg;https:\/\/images.novelship.com\/product\/air_jordan_1_retro_high_og__shattered_backboard_aw_1_36842.jpeg;https:\/\/images.novelship.com\/product\/air_jordan_1_retro_high_og__shattered_backboard_aw_2_36842.jpeg;https:\/\/images.novelship.com\/product\/air_jordan_1_retro_high_og__shattered_backboard_aw_3_36842.jpeg;https:\/\/images.novelship.com\/product\/air_jordan_1_retro_high_og__shattered_backboard_aw_4_36842.jpeg;https:\/\/images.novelship.com\/product\/air_jordan_1_retro_high_og__shattered_backboard_aw_5_36842.jpeg;https:\/\/images.novelship.com\/product\/air_jordan_1_retro_high_og__shattered_backboard_aw_6_36842.jpeg;https:\/\/images.novelship.com\/product\/air_jordan_1_retro_high_og__shattered_backboard_aw_7_36842.jpeg\"},{\"@type\":\"BreadcrumbList\",\"@id\":\"https:\/\/tourcruiser.com\/fr\/products\/air-jordan-1-retro-high-og-shattered-backboard-away-555088-113\/#breadcrumb\",\"itemListElement\":[{\"@type\":\"ListItem\",\"position\":1,\"name\":\"Home\",\"item\":\"https:\/\/tourcruiser.com\/fr\/\"},{\"@type\":\"ListItem\",\"position\":2,\"name\":\"Shop\",\"item\":\"https:\/\/tourcruiser.com\/fr\/shop\/\"},{\"@type\":\"ListItem\",\"position\":3,\"name\":\"Air Jordan 1 Retro High OG &#8216;Shattered Backboard Away&#8217; 555088-113\"}]},{\"@type\":\"WebSite\",\"@id\":\"\/#website\",\"url\":\"\/\",\"name\":\"Styloral Jewelry Shop\",\"description\":\"Tourcruiser Sneaker Store \u2014 L\u2019endroit o\u00f9 l\u2019univers rencontre votre singularit\u00e9.\",\"publisher\":{\"@id\":\"\/#organization\"},\"potentialAction\":[{\"@type\":\"SearchAction\",\"target\":{\"@type\":\"EntryPoint\",\"urlTemplate\":\"\/?s={search_term_string}\"},\"query-input\":{\"@type\":\"PropertyValueSpecification\",\"valueRequired\":true,\"valueName\":\"search_term_string\"}}],\"inLanguage\":\"fr-FR\"},{\"@type\":\"Organization\",\"@id\":\"\/#organization\",\"name\":\"STYLORAL PTE. LTD\",\"url\":\"\/\",\"logo\":{\"@type\":\"ImageObject\",\"inLanguage\":\"fr-FR\",\"@id\":\"\/#\/schema\/logo\/image\/\",\"url\":\"https:\/\/www.tourcruiser.com\/wp-content\/uploads\/2025\/12\/logo.png\",\"contentUrl\":\"https:\/\/www.tourcruiser.com\/wp-content\/uploads\/2025\/12\/logo.png\",\"width\":200,\"height\":65,\"caption\":\"STYLORAL PTE. LTD\"},\"image\":{\"@id\":\"\/#\/schema\/logo\/image\/\"}}]}<\/script>\n<!-- \/ Yoast SEO plugin. -->","yoast_head_json":{"title":"Air Jordan 1 Retro High OG 'Shattered Backboard Away' 555088-113 - TOURCRUISER PTE. LTD","robots":{"index":"index","follow":"follow","max-snippet":"max-snippet:-1","max-image-preview":"max-image-preview:large","max-video-preview":"max-video-preview:-1"},"canonical":"https:\/\/tourcruiser.com\/fr\/products\/air-jordan-1-retro-high-og-shattered-backboard-away-555088-113\/","og_locale":"fr_FR","og_type":"article","og_title":"Air Jordan 1 Retro High OG 'Shattered Backboard Away' 555088-113 - TOURCRUISER PTE. LTD","og_description":"La Air Jordan 1 Retro High OG Shattered Backboard Away, aussi appel\u00e9e Reverse Shattered Backboard, est une chaussure iconique et styl\u00e9e de Jordan. Sa couleur orange \u00e9clatante est id\u00e9ale pour affirmer son style. Cette sneaker est un incontournable pour les collectionneurs de sneakers et les passionn\u00e9s de basketball, et un ajout pr\u00e9cieux \u00e0 toute collection. [&hellip;]","og_url":"https:\/\/tourcruiser.com\/fr\/products\/air-jordan-1-retro-high-og-shattered-backboard-away-555088-113\/","og_site_name":"Tourcruiser Sneaker Store","article_modified_time":"2026-04-17T15:50:59+00:00","twitter_card":"summary_large_image","twitter_image":"https:\/\/images.novelship.com\/product\/air_jordan_1_retro_high_og__shattered_backboard_aw_0_36842.jpeg;https:\/\/images.novelship.com\/product\/air_jordan_1_retro_high_og__shattered_backboard_aw_1_36842.jpeg;https:\/\/images.novelship.com\/product\/air_jordan_1_retro_high_og__shattered_backboard_aw_2_36842.jpeg;https:\/\/images.novelship.com\/product\/air_jordan_1_retro_high_og__shattered_backboard_aw_3_36842.jpeg;https:\/\/images.novelship.com\/product\/air_jordan_1_retro_high_og__shattered_backboard_aw_4_36842.jpeg;https:\/\/images.novelship.com\/product\/air_jordan_1_retro_high_og__shattered_backboard_aw_5_36842.jpeg;https:\/\/images.novelship.com\/product\/air_jordan_1_retro_high_og__shattered_backboard_aw_6_36842.jpeg;https:\/\/images.novelship.com\/product\/air_jordan_1_retro_high_og__shattered_backboard_aw_7_36842.jpeg","schema":{"@context":"https:\/\/schema.org","@graph":[{"@type":"WebPage","@id":"https:\/\/tourcruiser.com\/fr\/products\/air-jordan-1-retro-high-og-shattered-backboard-away-555088-113\/","url":"https:\/\/tourcruiser.com\/fr\/products\/air-jordan-1-retro-high-og-shattered-backboard-away-555088-113\/","name":"Air Jordan 1 Retro High OG 'Shattered Backboard Away' 555088-113 - TOURCRUISER PTE. LTD","isPartOf":{"@id":"\/#website"},"primaryImageOfPage":{"@id":"https:\/\/tourcruiser.com\/fr\/products\/air-jordan-1-retro-high-og-shattered-backboard-away-555088-113\/#primaryimage"},"image":{"@id":"https:\/\/tourcruiser.com\/fr\/products\/air-jordan-1-retro-high-og-shattered-backboard-away-555088-113\/#primaryimage"},"thumbnailUrl":"https:\/\/images.novelship.com\/product\/air_jordan_1_retro_high_og__shattered_backboard_aw_0_36842.jpeg;https:\/\/images.novelship.com\/product\/air_jordan_1_retro_high_og__shattered_backboard_aw_1_36842.jpeg;https:\/\/images.novelship.com\/product\/air_jordan_1_retro_high_og__shattered_backboard_aw_2_36842.jpeg;https:\/\/images.novelship.com\/product\/air_jordan_1_retro_high_og__shattered_backboard_aw_3_36842.jpeg;https:\/\/images.novelship.com\/product\/air_jordan_1_retro_high_og__shattered_backboard_aw_4_36842.jpeg;https:\/\/images.novelship.com\/product\/air_jordan_1_retro_high_og__shattered_backboard_aw_5_36842.jpeg;https:\/\/images.novelship.com\/product\/air_jordan_1_retro_high_og__shattered_backboard_aw_6_36842.jpeg;https:\/\/images.novelship.com\/product\/air_jordan_1_retro_high_og__shattered_backboard_aw_7_36842.jpeg","datePublished":"2026-04-16T10:08:48+00:00","dateModified":"2026-04-17T15:50:59+00:00","breadcrumb":{"@id":"https:\/\/tourcruiser.com\/fr\/products\/air-jordan-1-retro-high-og-shattered-backboard-away-555088-113\/#breadcrumb"},"inLanguage":"fr-FR","potentialAction":[{"@type":"ReadAction","target":["https:\/\/tourcruiser.com\/fr\/products\/air-jordan-1-retro-high-og-shattered-backboard-away-555088-113\/"]}]},{"@type":"ImageObject","inLanguage":"fr-FR","@id":"https:\/\/tourcruiser.com\/fr\/products\/air-jordan-1-retro-high-og-shattered-backboard-away-555088-113\/#primaryimage","url":"https:\/\/images.novelship.com\/product\/air_jordan_1_retro_high_og__shattered_backboard_aw_0_36842.jpeg;https:\/\/images.novelship.com\/product\/air_jordan_1_retro_high_og__shattered_backboard_aw_1_36842.jpeg;https:\/\/images.novelship.com\/product\/air_jordan_1_retro_high_og__shattered_backboard_aw_2_36842.jpeg;https:\/\/images.novelship.com\/product\/air_jordan_1_retro_high_og__shattered_backboard_aw_3_36842.jpeg;https:\/\/images.novelship.com\/product\/air_jordan_1_retro_high_og__shattered_backboard_aw_4_36842.jpeg;https:\/\/images.novelship.com\/product\/air_jordan_1_retro_high_og__shattered_backboard_aw_5_36842.jpeg;https:\/\/images.novelship.com\/product\/air_jordan_1_retro_high_og__shattered_backboard_aw_6_36842.jpeg;https:\/\/images.novelship.com\/product\/air_jordan_1_retro_high_og__shattered_backboard_aw_7_36842.jpeg","contentUrl":"https:\/\/images.novelship.com\/product\/air_jordan_1_retro_high_og__shattered_backboard_aw_0_36842.jpeg;https:\/\/images.novelship.com\/product\/air_jordan_1_retro_high_og__shattered_backboard_aw_1_36842.jpeg;https:\/\/images.novelship.com\/product\/air_jordan_1_retro_high_og__shattered_backboard_aw_2_36842.jpeg;https:\/\/images.novelship.com\/product\/air_jordan_1_retro_high_og__shattered_backboard_aw_3_36842.jpeg;https:\/\/images.novelship.com\/product\/air_jordan_1_retro_high_og__shattered_backboard_aw_4_36842.jpeg;https:\/\/images.novelship.com\/product\/air_jordan_1_retro_high_og__shattered_backboard_aw_5_36842.jpeg;https:\/\/images.novelship.com\/product\/air_jordan_1_retro_high_og__shattered_backboard_aw_6_36842.jpeg;https:\/\/images.novelship.com\/product\/air_jordan_1_retro_high_og__shattered_backboard_aw_7_36842.jpeg"},{"@type":"BreadcrumbList","@id":"https:\/\/tourcruiser.com\/fr\/products\/air-jordan-1-retro-high-og-shattered-backboard-away-555088-113\/#breadcrumb","itemListElement":[{"@type":"ListItem","position":1,"name":"Home","item":"https:\/\/tourcruiser.com\/fr\/"},{"@type":"ListItem","position":2,"name":"Shop","item":"https:\/\/tourcruiser.com\/fr\/shop\/"},{"@type":"ListItem","position":3,"name":"Air Jordan 1 Retro High OG &#8216;Shattered Backboard Away&#8217; 555088-113"}]},{"@type":"WebSite","@id":"\/#website","url":"\/","name":"Styloral Jewelry Shop","description":"Tourcruiser Sneaker Store \u2014 L\u2019endroit o\u00f9 l\u2019univers rencontre votre singularit\u00e9.","publisher":{"@id":"\/#organization"},"potentialAction":[{"@type":"SearchAction","target":{"@type":"EntryPoint","urlTemplate":"\/?s={search_term_string}"},"query-input":{"@type":"PropertyValueSpecification","valueRequired":true,"valueName":"search_term_string"}}],"inLanguage":"fr-FR"},{"@type":"Organization","@id":"\/#organization","name":"STYLORAL PTE. LTD","url":"\/","logo":{"@type":"ImageObject","inLanguage":"fr-FR","@id":"\/#\/schema\/logo\/image\/","url":"https:\/\/www.tourcruiser.com\/wp-content\/uploads\/2025\/12\/logo.png","contentUrl":"https:\/\/www.tourcruiser.com\/wp-content\/uploads\/2025\/12\/logo.png","width":200,"height":65,"caption":"STYLORAL PTE. LTD"},"image":{"@id":"\/#\/schema\/logo\/image\/"}}]}},"_links":{"self":[{"href":"https:\/\/tourcruiser.com\/fr\/wp-json\/wp\/v2\/product\/760464","targetHints":{"allow":["GET"]}}],"collection":[{"href":"https:\/\/tourcruiser.com\/fr\/wp-json\/wp\/v2\/product"}],"about":[{"href":"https:\/\/tourcruiser.com\/fr\/wp-json\/wp\/v2\/types\/product"}],"replies":[{"embeddable":true,"href":"https:\/\/tourcruiser.com\/fr\/wp-json\/wp\/v2\/comments?post=760464"}],"wp:featuredmedia":[{"embeddable":true,"href":"https:\/\/tourcruiser.com\/fr\/wp-json\/wp\/v2\/media\/760465"}],"wp:attachment":[{"href":"https:\/\/tourcruiser.com\/fr\/wp-json\/wp\/v2\/media?parent=760464"}],"wp:term":[{"taxonomy":"product_brand","embeddable":true,"href":"https:\/\/tourcruiser.com\/fr\/wp-json\/wp\/v2\/product_brand?post=760464"},{"taxonomy":"product_cat","embeddable":true,"href":"https:\/\/tourcruiser.com\/fr\/wp-json\/wp\/v2\/product_cat?post=760464"},{"taxonomy":"product_tag","embeddable":true,"href":"https:\/\/tourcruiser.com\/fr\/wp-json\/wp\/v2\/product_tag?post=760464"}],"curies":[{"name":"wp","href":"https:\/\/api.w.org\/{rel}","templated":true}]}}