{"id":760455,"date":"2026-04-16T17:08:48","date_gmt":"2026-04-16T10:08:48","guid":{"rendered":"http:\/\/tourcruiser.com\/product\/air-jordan-1-low-mystic-green-553558-113"},"modified":"2026-04-17T22:50:59","modified_gmt":"2026-04-17T15:50:59","slug":"air-jordan-1-low-mystic-green-553558-113","status":"publish","type":"product","link":"https:\/\/tourcruiser.com\/fr\/products\/air-jordan-1-low-mystic-green-553558-113\/","title":{"rendered":"Air Jordan 1 Low &lsquo;Mystic Green&rsquo; 553558-113"},"content":{"rendered":"<p>La Air Jordan 1 Low Mystic Green de Jordan est une sneaker \u00e9l\u00e9gante et styl\u00e9e d&rsquo;un vert \u00e9clatant. Avec son design iconique et sa fabrication haut de gamme, cette chaussure est id\u00e9ale pour celles et ceux qui veulent affirmer leur style. D\u00e9couvrez le confort et les performances de la Air Jordan 1 Low Mystic Green et faites sensation partout o\u00f9 vous allez.<\/p>\n<p>Coloris\u00a0: Blanc\/Noir\/Vert Mystique<\/p>\n<p>R\u00e9f\u00e9rence\u00a0: 553558-113<\/p>\n<p>Tige\u00a0: Cuir<\/p>\n<p>Semelle interm\u00e9diaire\u00a0: Air<\/p>\n<p>Couleur\u00a0: Noir<\/p>\n<p>Designer\u00a0: Peter Moore<\/p>\n<p>Saison\u00a0: Printemps<\/p>\n<p>Ann\u00e9e de sortie\u00a0: 2019<\/p>\n<p>\u00c2ge\u00a0: Adulte<\/p>\n<p>Couleur\u00a0: Noir<\/p>\n<p>Genre\u00a0: Homme<\/p>\n","protected":false},"excerpt":{"rendered":"<p>La Air Jordan 1 Low Mystic Green de Jordan est une sneaker \u00e9l\u00e9gante et styl\u00e9e d&rsquo;un vert \u00e9clatant. Avec son design iconique et sa fabrication haut de gamme, cette chaussure est id\u00e9ale pour celles et ceux qui veulent affirmer leur style. D\u00e9couvrez le confort et les performances de la Air Jordan 1 Low Mystic Green [&hellip;]<\/p>\n","protected":false},"featured_media":760456,"comment_status":"open","ping_status":"closed","template":"","meta":[],"product_brand":[],"product_cat":[38880],"product_tag":[10800,38841,39257,38840,10776,11349,38875,10756,38866,38902],"class_list":{"0":"post-760455","1":"product","2":"type-product","3":"status-publish","4":"has-post-thumbnail","6":"product_cat-jordan","7":"product_tag-basketball-shoes","8":"product_tag-casual-shoes","9":"product_tag-casual-shoes-inspired-by-basketball","10":"product_tag-gift-ideas-for-him","11":"product_tag-jordan","12":"product_tag-jordan-basketball-shoes","13":"product_tag-jordan-skateboard-shoes","14":"product_tag-retro-casual-shoes","15":"product_tag-sports-shoes","16":"product_tag-trendy-offers","18":"first","19":"instock","20":"taxable","21":"shipping-taxable","22":"purchasable","23":"product-type-simple"},"wcpa_form_fields":null,"yoast_head":"<!-- This site is optimized with the Yoast SEO plugin v26.5 - https:\/\/yoast.com\/wordpress\/plugins\/seo\/ -->\n<title>Air Jordan 1 Low &#039;Mystic Green&#039; 553558-113 - TOURCRUISER PTE. LTD<\/title>\n<meta name=\"robots\" content=\"index, follow, max-snippet:-1, max-image-preview:large, max-video-preview:-1\" \/>\n<link rel=\"canonical\" href=\"https:\/\/tourcruiser.com\/fr\/products\/air-jordan-1-low-mystic-green-553558-113\/\" \/>\n<meta property=\"og:locale\" content=\"fr_FR\" \/>\n<meta property=\"og:type\" content=\"article\" \/>\n<meta property=\"og:title\" content=\"Air Jordan 1 Low &#039;Mystic Green&#039; 553558-113 - TOURCRUISER PTE. LTD\" \/>\n<meta property=\"og:description\" content=\"La Air Jordan 1 Low Mystic Green de Jordan est une sneaker \u00e9l\u00e9gante et styl\u00e9e d&rsquo;un vert \u00e9clatant. Avec son design iconique et sa fabrication haut de gamme, cette chaussure est id\u00e9ale pour celles et ceux qui veulent affirmer leur style. D\u00e9couvrez le confort et les performances de la Air Jordan 1 Low Mystic Green [&hellip;]\" \/>\n<meta property=\"og:url\" content=\"https:\/\/tourcruiser.com\/fr\/products\/air-jordan-1-low-mystic-green-553558-113\/\" \/>\n<meta property=\"og:site_name\" content=\"Tourcruiser Sneaker Store\" \/>\n<meta property=\"article:modified_time\" content=\"2026-04-17T15:50:59+00:00\" \/>\n<meta name=\"twitter:card\" content=\"summary_large_image\" \/>\n<meta name=\"twitter:image\" content=\"https:\/\/images.novelship.com\/product\/air_jordan_1_low__mystic_green__553558_113_0_67047.jpeg;https:\/\/images.novelship.com\/product\/air_jordan_1_low__mystic_green__553558_113_1_67047.jpeg;https:\/\/images.novelship.com\/product\/air_jordan_1_low__mystic_green__553558_113_2_67047.jpeg;https:\/\/images.novelship.com\/product\/air_jordan_1_low__mystic_green__553558_113_3_67047.jpeg;https:\/\/images.novelship.com\/product\/air_jordan_1_low__mystic_green__553558_113_4_67047.jpeg;https:\/\/images.novelship.com\/product\/air_jordan_1_low__mystic_green__553558_113_5_67047.jpeg;https:\/\/images.novelship.com\/product\/air_jordan_1_low__mystic_green__553558_113_6_67047.jpeg;https:\/\/images.novelship.com\/product\/air_jordan_1_low__mystic_green__553558_113_7_67047.jpeg\" \/>\n<script type=\"application\/ld+json\" class=\"yoast-schema-graph\">{\"@context\":\"https:\/\/schema.org\",\"@graph\":[{\"@type\":\"WebPage\",\"@id\":\"https:\/\/tourcruiser.com\/fr\/products\/air-jordan-1-low-mystic-green-553558-113\/\",\"url\":\"https:\/\/tourcruiser.com\/fr\/products\/air-jordan-1-low-mystic-green-553558-113\/\",\"name\":\"Air Jordan 1 Low 'Mystic Green' 553558-113 - TOURCRUISER PTE. LTD\",\"isPartOf\":{\"@id\":\"\/#website\"},\"primaryImageOfPage\":{\"@id\":\"https:\/\/tourcruiser.com\/fr\/products\/air-jordan-1-low-mystic-green-553558-113\/#primaryimage\"},\"image\":{\"@id\":\"https:\/\/tourcruiser.com\/fr\/products\/air-jordan-1-low-mystic-green-553558-113\/#primaryimage\"},\"thumbnailUrl\":\"https:\/\/images.novelship.com\/product\/air_jordan_1_low__mystic_green__553558_113_0_67047.jpeg;https:\/\/images.novelship.com\/product\/air_jordan_1_low__mystic_green__553558_113_1_67047.jpeg;https:\/\/images.novelship.com\/product\/air_jordan_1_low__mystic_green__553558_113_2_67047.jpeg;https:\/\/images.novelship.com\/product\/air_jordan_1_low__mystic_green__553558_113_3_67047.jpeg;https:\/\/images.novelship.com\/product\/air_jordan_1_low__mystic_green__553558_113_4_67047.jpeg;https:\/\/images.novelship.com\/product\/air_jordan_1_low__mystic_green__553558_113_5_67047.jpeg;https:\/\/images.novelship.com\/product\/air_jordan_1_low__mystic_green__553558_113_6_67047.jpeg;https:\/\/images.novelship.com\/product\/air_jordan_1_low__mystic_green__553558_113_7_67047.jpeg\",\"datePublished\":\"2026-04-16T10:08:48+00:00\",\"dateModified\":\"2026-04-17T15:50:59+00:00\",\"breadcrumb\":{\"@id\":\"https:\/\/tourcruiser.com\/fr\/products\/air-jordan-1-low-mystic-green-553558-113\/#breadcrumb\"},\"inLanguage\":\"fr-FR\",\"potentialAction\":[{\"@type\":\"ReadAction\",\"target\":[\"https:\/\/tourcruiser.com\/fr\/products\/air-jordan-1-low-mystic-green-553558-113\/\"]}]},{\"@type\":\"ImageObject\",\"inLanguage\":\"fr-FR\",\"@id\":\"https:\/\/tourcruiser.com\/fr\/products\/air-jordan-1-low-mystic-green-553558-113\/#primaryimage\",\"url\":\"https:\/\/images.novelship.com\/product\/air_jordan_1_low__mystic_green__553558_113_0_67047.jpeg;https:\/\/images.novelship.com\/product\/air_jordan_1_low__mystic_green__553558_113_1_67047.jpeg;https:\/\/images.novelship.com\/product\/air_jordan_1_low__mystic_green__553558_113_2_67047.jpeg;https:\/\/images.novelship.com\/product\/air_jordan_1_low__mystic_green__553558_113_3_67047.jpeg;https:\/\/images.novelship.com\/product\/air_jordan_1_low__mystic_green__553558_113_4_67047.jpeg;https:\/\/images.novelship.com\/product\/air_jordan_1_low__mystic_green__553558_113_5_67047.jpeg;https:\/\/images.novelship.com\/product\/air_jordan_1_low__mystic_green__553558_113_6_67047.jpeg;https:\/\/images.novelship.com\/product\/air_jordan_1_low__mystic_green__553558_113_7_67047.jpeg\",\"contentUrl\":\"https:\/\/images.novelship.com\/product\/air_jordan_1_low__mystic_green__553558_113_0_67047.jpeg;https:\/\/images.novelship.com\/product\/air_jordan_1_low__mystic_green__553558_113_1_67047.jpeg;https:\/\/images.novelship.com\/product\/air_jordan_1_low__mystic_green__553558_113_2_67047.jpeg;https:\/\/images.novelship.com\/product\/air_jordan_1_low__mystic_green__553558_113_3_67047.jpeg;https:\/\/images.novelship.com\/product\/air_jordan_1_low__mystic_green__553558_113_4_67047.jpeg;https:\/\/images.novelship.com\/product\/air_jordan_1_low__mystic_green__553558_113_5_67047.jpeg;https:\/\/images.novelship.com\/product\/air_jordan_1_low__mystic_green__553558_113_6_67047.jpeg;https:\/\/images.novelship.com\/product\/air_jordan_1_low__mystic_green__553558_113_7_67047.jpeg\"},{\"@type\":\"BreadcrumbList\",\"@id\":\"https:\/\/tourcruiser.com\/fr\/products\/air-jordan-1-low-mystic-green-553558-113\/#breadcrumb\",\"itemListElement\":[{\"@type\":\"ListItem\",\"position\":1,\"name\":\"Home\",\"item\":\"https:\/\/tourcruiser.com\/fr\/\"},{\"@type\":\"ListItem\",\"position\":2,\"name\":\"Shop\",\"item\":\"https:\/\/tourcruiser.com\/fr\/shop\/\"},{\"@type\":\"ListItem\",\"position\":3,\"name\":\"Air Jordan 1 Low &#8216;Mystic Green&#8217; 553558-113\"}]},{\"@type\":\"WebSite\",\"@id\":\"\/#website\",\"url\":\"\/\",\"name\":\"Styloral Jewelry Shop\",\"description\":\"Tourcruiser Sneaker Store \u2014 L\u2019endroit o\u00f9 l\u2019univers rencontre votre singularit\u00e9.\",\"publisher\":{\"@id\":\"\/#organization\"},\"potentialAction\":[{\"@type\":\"SearchAction\",\"target\":{\"@type\":\"EntryPoint\",\"urlTemplate\":\"\/?s={search_term_string}\"},\"query-input\":{\"@type\":\"PropertyValueSpecification\",\"valueRequired\":true,\"valueName\":\"search_term_string\"}}],\"inLanguage\":\"fr-FR\"},{\"@type\":\"Organization\",\"@id\":\"\/#organization\",\"name\":\"STYLORAL PTE. LTD\",\"url\":\"\/\",\"logo\":{\"@type\":\"ImageObject\",\"inLanguage\":\"fr-FR\",\"@id\":\"\/#\/schema\/logo\/image\/\",\"url\":\"https:\/\/www.tourcruiser.com\/wp-content\/uploads\/2025\/12\/logo.png\",\"contentUrl\":\"https:\/\/www.tourcruiser.com\/wp-content\/uploads\/2025\/12\/logo.png\",\"width\":200,\"height\":65,\"caption\":\"STYLORAL PTE. LTD\"},\"image\":{\"@id\":\"\/#\/schema\/logo\/image\/\"}}]}<\/script>\n<!-- \/ Yoast SEO plugin. -->","yoast_head_json":{"title":"Air Jordan 1 Low 'Mystic Green' 553558-113 - TOURCRUISER PTE. LTD","robots":{"index":"index","follow":"follow","max-snippet":"max-snippet:-1","max-image-preview":"max-image-preview:large","max-video-preview":"max-video-preview:-1"},"canonical":"https:\/\/tourcruiser.com\/fr\/products\/air-jordan-1-low-mystic-green-553558-113\/","og_locale":"fr_FR","og_type":"article","og_title":"Air Jordan 1 Low 'Mystic Green' 553558-113 - TOURCRUISER PTE. LTD","og_description":"La Air Jordan 1 Low Mystic Green de Jordan est une sneaker \u00e9l\u00e9gante et styl\u00e9e d&rsquo;un vert \u00e9clatant. Avec son design iconique et sa fabrication haut de gamme, cette chaussure est id\u00e9ale pour celles et ceux qui veulent affirmer leur style. D\u00e9couvrez le confort et les performances de la Air Jordan 1 Low Mystic Green [&hellip;]","og_url":"https:\/\/tourcruiser.com\/fr\/products\/air-jordan-1-low-mystic-green-553558-113\/","og_site_name":"Tourcruiser Sneaker Store","article_modified_time":"2026-04-17T15:50:59+00:00","twitter_card":"summary_large_image","twitter_image":"https:\/\/images.novelship.com\/product\/air_jordan_1_low__mystic_green__553558_113_0_67047.jpeg;https:\/\/images.novelship.com\/product\/air_jordan_1_low__mystic_green__553558_113_1_67047.jpeg;https:\/\/images.novelship.com\/product\/air_jordan_1_low__mystic_green__553558_113_2_67047.jpeg;https:\/\/images.novelship.com\/product\/air_jordan_1_low__mystic_green__553558_113_3_67047.jpeg;https:\/\/images.novelship.com\/product\/air_jordan_1_low__mystic_green__553558_113_4_67047.jpeg;https:\/\/images.novelship.com\/product\/air_jordan_1_low__mystic_green__553558_113_5_67047.jpeg;https:\/\/images.novelship.com\/product\/air_jordan_1_low__mystic_green__553558_113_6_67047.jpeg;https:\/\/images.novelship.com\/product\/air_jordan_1_low__mystic_green__553558_113_7_67047.jpeg","schema":{"@context":"https:\/\/schema.org","@graph":[{"@type":"WebPage","@id":"https:\/\/tourcruiser.com\/fr\/products\/air-jordan-1-low-mystic-green-553558-113\/","url":"https:\/\/tourcruiser.com\/fr\/products\/air-jordan-1-low-mystic-green-553558-113\/","name":"Air Jordan 1 Low 'Mystic Green' 553558-113 - TOURCRUISER PTE. LTD","isPartOf":{"@id":"\/#website"},"primaryImageOfPage":{"@id":"https:\/\/tourcruiser.com\/fr\/products\/air-jordan-1-low-mystic-green-553558-113\/#primaryimage"},"image":{"@id":"https:\/\/tourcruiser.com\/fr\/products\/air-jordan-1-low-mystic-green-553558-113\/#primaryimage"},"thumbnailUrl":"https:\/\/images.novelship.com\/product\/air_jordan_1_low__mystic_green__553558_113_0_67047.jpeg;https:\/\/images.novelship.com\/product\/air_jordan_1_low__mystic_green__553558_113_1_67047.jpeg;https:\/\/images.novelship.com\/product\/air_jordan_1_low__mystic_green__553558_113_2_67047.jpeg;https:\/\/images.novelship.com\/product\/air_jordan_1_low__mystic_green__553558_113_3_67047.jpeg;https:\/\/images.novelship.com\/product\/air_jordan_1_low__mystic_green__553558_113_4_67047.jpeg;https:\/\/images.novelship.com\/product\/air_jordan_1_low__mystic_green__553558_113_5_67047.jpeg;https:\/\/images.novelship.com\/product\/air_jordan_1_low__mystic_green__553558_113_6_67047.jpeg;https:\/\/images.novelship.com\/product\/air_jordan_1_low__mystic_green__553558_113_7_67047.jpeg","datePublished":"2026-04-16T10:08:48+00:00","dateModified":"2026-04-17T15:50:59+00:00","breadcrumb":{"@id":"https:\/\/tourcruiser.com\/fr\/products\/air-jordan-1-low-mystic-green-553558-113\/#breadcrumb"},"inLanguage":"fr-FR","potentialAction":[{"@type":"ReadAction","target":["https:\/\/tourcruiser.com\/fr\/products\/air-jordan-1-low-mystic-green-553558-113\/"]}]},{"@type":"ImageObject","inLanguage":"fr-FR","@id":"https:\/\/tourcruiser.com\/fr\/products\/air-jordan-1-low-mystic-green-553558-113\/#primaryimage","url":"https:\/\/images.novelship.com\/product\/air_jordan_1_low__mystic_green__553558_113_0_67047.jpeg;https:\/\/images.novelship.com\/product\/air_jordan_1_low__mystic_green__553558_113_1_67047.jpeg;https:\/\/images.novelship.com\/product\/air_jordan_1_low__mystic_green__553558_113_2_67047.jpeg;https:\/\/images.novelship.com\/product\/air_jordan_1_low__mystic_green__553558_113_3_67047.jpeg;https:\/\/images.novelship.com\/product\/air_jordan_1_low__mystic_green__553558_113_4_67047.jpeg;https:\/\/images.novelship.com\/product\/air_jordan_1_low__mystic_green__553558_113_5_67047.jpeg;https:\/\/images.novelship.com\/product\/air_jordan_1_low__mystic_green__553558_113_6_67047.jpeg;https:\/\/images.novelship.com\/product\/air_jordan_1_low__mystic_green__553558_113_7_67047.jpeg","contentUrl":"https:\/\/images.novelship.com\/product\/air_jordan_1_low__mystic_green__553558_113_0_67047.jpeg;https:\/\/images.novelship.com\/product\/air_jordan_1_low__mystic_green__553558_113_1_67047.jpeg;https:\/\/images.novelship.com\/product\/air_jordan_1_low__mystic_green__553558_113_2_67047.jpeg;https:\/\/images.novelship.com\/product\/air_jordan_1_low__mystic_green__553558_113_3_67047.jpeg;https:\/\/images.novelship.com\/product\/air_jordan_1_low__mystic_green__553558_113_4_67047.jpeg;https:\/\/images.novelship.com\/product\/air_jordan_1_low__mystic_green__553558_113_5_67047.jpeg;https:\/\/images.novelship.com\/product\/air_jordan_1_low__mystic_green__553558_113_6_67047.jpeg;https:\/\/images.novelship.com\/product\/air_jordan_1_low__mystic_green__553558_113_7_67047.jpeg"},{"@type":"BreadcrumbList","@id":"https:\/\/tourcruiser.com\/fr\/products\/air-jordan-1-low-mystic-green-553558-113\/#breadcrumb","itemListElement":[{"@type":"ListItem","position":1,"name":"Home","item":"https:\/\/tourcruiser.com\/fr\/"},{"@type":"ListItem","position":2,"name":"Shop","item":"https:\/\/tourcruiser.com\/fr\/shop\/"},{"@type":"ListItem","position":3,"name":"Air Jordan 1 Low &#8216;Mystic Green&#8217; 553558-113"}]},{"@type":"WebSite","@id":"\/#website","url":"\/","name":"Styloral Jewelry Shop","description":"Tourcruiser Sneaker Store \u2014 L\u2019endroit o\u00f9 l\u2019univers rencontre votre singularit\u00e9.","publisher":{"@id":"\/#organization"},"potentialAction":[{"@type":"SearchAction","target":{"@type":"EntryPoint","urlTemplate":"\/?s={search_term_string}"},"query-input":{"@type":"PropertyValueSpecification","valueRequired":true,"valueName":"search_term_string"}}],"inLanguage":"fr-FR"},{"@type":"Organization","@id":"\/#organization","name":"STYLORAL PTE. LTD","url":"\/","logo":{"@type":"ImageObject","inLanguage":"fr-FR","@id":"\/#\/schema\/logo\/image\/","url":"https:\/\/www.tourcruiser.com\/wp-content\/uploads\/2025\/12\/logo.png","contentUrl":"https:\/\/www.tourcruiser.com\/wp-content\/uploads\/2025\/12\/logo.png","width":200,"height":65,"caption":"STYLORAL PTE. LTD"},"image":{"@id":"\/#\/schema\/logo\/image\/"}}]}},"_links":{"self":[{"href":"https:\/\/tourcruiser.com\/fr\/wp-json\/wp\/v2\/product\/760455","targetHints":{"allow":["GET"]}}],"collection":[{"href":"https:\/\/tourcruiser.com\/fr\/wp-json\/wp\/v2\/product"}],"about":[{"href":"https:\/\/tourcruiser.com\/fr\/wp-json\/wp\/v2\/types\/product"}],"replies":[{"embeddable":true,"href":"https:\/\/tourcruiser.com\/fr\/wp-json\/wp\/v2\/comments?post=760455"}],"wp:featuredmedia":[{"embeddable":true,"href":"https:\/\/tourcruiser.com\/fr\/wp-json\/wp\/v2\/media\/760456"}],"wp:attachment":[{"href":"https:\/\/tourcruiser.com\/fr\/wp-json\/wp\/v2\/media?parent=760455"}],"wp:term":[{"taxonomy":"product_brand","embeddable":true,"href":"https:\/\/tourcruiser.com\/fr\/wp-json\/wp\/v2\/product_brand?post=760455"},{"taxonomy":"product_cat","embeddable":true,"href":"https:\/\/tourcruiser.com\/fr\/wp-json\/wp\/v2\/product_cat?post=760455"},{"taxonomy":"product_tag","embeddable":true,"href":"https:\/\/tourcruiser.com\/fr\/wp-json\/wp\/v2\/product_tag?post=760455"}],"curies":[{"name":"wp","href":"https:\/\/api.w.org\/{rel}","templated":true}]}}