{"id":760437,"date":"2026-04-16T17:08:47","date_gmt":"2026-04-16T10:08:47","guid":{"rendered":"http:\/\/tourcruiser.com\/product\/women-air-jordan-4-retro-mushroom-aq9129-200"},"modified":"2026-04-17T22:50:58","modified_gmt":"2026-04-17T15:50:58","slug":"women-air-jordan-4-retro-mushroom-aq9129-200","status":"publish","type":"product","link":"https:\/\/tourcruiser.com\/fr\/products\/women-air-jordan-4-retro-mushroom-aq9129-200\/","title":{"rendered":"(Women) Air Jordan 4 Retro &lsquo;Mushroom&rsquo; AQ9129-200"},"content":{"rendered":"<p>La Air Jordan 4 Retro Mushroom (WMNS) de Jordan est une basket tendance et \u00e9l\u00e9gante pour femme. Sa couleur marron clair lui conf\u00e8re un look \u00e0 la fois sobre et styl\u00e9. Confectionn\u00e9e avec des mat\u00e9riaux de haute qualit\u00e9, elle allie confort et durabilit\u00e9. Cette basket polyvalente est id\u00e9ale en toutes occasions, d\u00e9contract\u00e9es ou sportives.<\/p>\n<p>Coloris\u00a0: Mushroom\/Noir\/Fossile\/Ivoire clair<\/p>\n<p>Code article\u00a0: AQ9129-200<\/p>\n<p>Tige\u00a0: Cuir nubuck<\/p>\n<p>Semelle interm\u00e9diaire\u00a0: Air<\/p>\n<p>Couleur\u00a0: Beige<\/p>\n<p>Cr\u00e9ateur\u00a0: Tinker Hatfield<\/p>\n<p>Saison\u00a0: Automne<\/p>\n<p>Ann\u00e9e de sortie\u00a0: 2019<\/p>\n<p>\u00c2ge\u00a0: Adulte<\/p>\n<p>Couleur\u00a0: Beige<\/p>\n<p>Genre\u00a0: Femme<\/p>\n","protected":false},"excerpt":{"rendered":"<p>La Air Jordan 4 Retro Mushroom (WMNS) de Jordan est une basket tendance et \u00e9l\u00e9gante pour femme. Sa couleur marron clair lui conf\u00e8re un look \u00e0 la fois sobre et styl\u00e9. Confectionn\u00e9e avec des mat\u00e9riaux de haute qualit\u00e9, elle allie confort et durabilit\u00e9. Cette basket polyvalente est id\u00e9ale en toutes occasions, d\u00e9contract\u00e9es ou sportives. Coloris\u00a0: [&hellip;]<\/p>\n","protected":false},"featured_media":760438,"comment_status":"open","ping_status":"closed","template":"","meta":[],"product_brand":[],"product_cat":[38880],"product_tag":[10800,38841,39257,38969,10776,11349,38875,10756,38866,38902],"class_list":{"0":"post-760437","1":"product","2":"type-product","3":"status-publish","4":"has-post-thumbnail","6":"product_cat-jordan","7":"product_tag-basketball-shoes","8":"product_tag-casual-shoes","9":"product_tag-casual-shoes-inspired-by-basketball","10":"product_tag-gift-ideas-for-her","11":"product_tag-jordan","12":"product_tag-jordan-basketball-shoes","13":"product_tag-jordan-skateboard-shoes","14":"product_tag-retro-casual-shoes","15":"product_tag-sports-shoes","16":"product_tag-trendy-offers","18":"first","19":"instock","20":"taxable","21":"shipping-taxable","22":"purchasable","23":"product-type-simple"},"wcpa_form_fields":null,"yoast_head":"<!-- This site is optimized with the Yoast SEO plugin v26.5 - https:\/\/yoast.com\/wordpress\/plugins\/seo\/ -->\n<title>(Women) Air Jordan 4 Retro &#039;Mushroom&#039; AQ9129-200 - TOURCRUISER PTE. LTD<\/title>\n<meta name=\"robots\" content=\"index, follow, max-snippet:-1, max-image-preview:large, max-video-preview:-1\" \/>\n<link rel=\"canonical\" href=\"https:\/\/tourcruiser.com\/fr\/products\/women-air-jordan-4-retro-mushroom-aq9129-200\/\" \/>\n<meta property=\"og:locale\" content=\"fr_FR\" \/>\n<meta property=\"og:type\" content=\"article\" \/>\n<meta property=\"og:title\" content=\"(Women) Air Jordan 4 Retro &#039;Mushroom&#039; AQ9129-200 - TOURCRUISER PTE. LTD\" \/>\n<meta property=\"og:description\" content=\"La Air Jordan 4 Retro Mushroom (WMNS) de Jordan est une basket tendance et \u00e9l\u00e9gante pour femme. Sa couleur marron clair lui conf\u00e8re un look \u00e0 la fois sobre et styl\u00e9. Confectionn\u00e9e avec des mat\u00e9riaux de haute qualit\u00e9, elle allie confort et durabilit\u00e9. Cette basket polyvalente est id\u00e9ale en toutes occasions, d\u00e9contract\u00e9es ou sportives. Coloris\u00a0: [&hellip;]\" \/>\n<meta property=\"og:url\" content=\"https:\/\/tourcruiser.com\/fr\/products\/women-air-jordan-4-retro-mushroom-aq9129-200\/\" \/>\n<meta property=\"og:site_name\" content=\"Tourcruiser Sneaker Store\" \/>\n<meta property=\"article:modified_time\" content=\"2026-04-17T15:50:58+00:00\" \/>\n<meta name=\"twitter:card\" content=\"summary_large_image\" \/>\n<meta name=\"twitter:image\" content=\"https:\/\/images.novelship.com\/product\/_women__air_jordan_4_retro__mushroom__aq9129_200_0_63852.jpeg;https:\/\/images.novelship.com\/product\/_women__air_jordan_4_retro__mushroom__aq9129_200_1_63852.jpeg;https:\/\/images.novelship.com\/product\/_women__air_jordan_4_retro__mushroom__aq9129_200_2_63852.jpeg;https:\/\/images.novelship.com\/product\/_women__air_jordan_4_retro__mushroom__aq9129_200_3_63852.jpeg;https:\/\/images.novelship.com\/product\/_women__air_jordan_4_retro__mushroom__aq9129_200_4_63852.jpeg;https:\/\/images.novelship.com\/product\/_women__air_jordan_4_retro__mushroom__aq9129_200_5_63852.jpeg;https:\/\/images.novelship.com\/product\/_women__air_jordan_4_retro__mushroom__aq9129_200_6_63852.jpeg;https:\/\/images.novelship.com\/product\/_women__air_jordan_4_retro__mushroom__aq9129_200_7_63852.jpeg\" \/>\n<script type=\"application\/ld+json\" class=\"yoast-schema-graph\">{\"@context\":\"https:\/\/schema.org\",\"@graph\":[{\"@type\":\"WebPage\",\"@id\":\"https:\/\/tourcruiser.com\/fr\/products\/women-air-jordan-4-retro-mushroom-aq9129-200\/\",\"url\":\"https:\/\/tourcruiser.com\/fr\/products\/women-air-jordan-4-retro-mushroom-aq9129-200\/\",\"name\":\"(Women) Air Jordan 4 Retro 'Mushroom' AQ9129-200 - TOURCRUISER PTE. LTD\",\"isPartOf\":{\"@id\":\"\/#website\"},\"primaryImageOfPage\":{\"@id\":\"https:\/\/tourcruiser.com\/fr\/products\/women-air-jordan-4-retro-mushroom-aq9129-200\/#primaryimage\"},\"image\":{\"@id\":\"https:\/\/tourcruiser.com\/fr\/products\/women-air-jordan-4-retro-mushroom-aq9129-200\/#primaryimage\"},\"thumbnailUrl\":\"https:\/\/images.novelship.com\/product\/_women__air_jordan_4_retro__mushroom__aq9129_200_0_63852.jpeg;https:\/\/images.novelship.com\/product\/_women__air_jordan_4_retro__mushroom__aq9129_200_1_63852.jpeg;https:\/\/images.novelship.com\/product\/_women__air_jordan_4_retro__mushroom__aq9129_200_2_63852.jpeg;https:\/\/images.novelship.com\/product\/_women__air_jordan_4_retro__mushroom__aq9129_200_3_63852.jpeg;https:\/\/images.novelship.com\/product\/_women__air_jordan_4_retro__mushroom__aq9129_200_4_63852.jpeg;https:\/\/images.novelship.com\/product\/_women__air_jordan_4_retro__mushroom__aq9129_200_5_63852.jpeg;https:\/\/images.novelship.com\/product\/_women__air_jordan_4_retro__mushroom__aq9129_200_6_63852.jpeg;https:\/\/images.novelship.com\/product\/_women__air_jordan_4_retro__mushroom__aq9129_200_7_63852.jpeg\",\"datePublished\":\"2026-04-16T10:08:47+00:00\",\"dateModified\":\"2026-04-17T15:50:58+00:00\",\"breadcrumb\":{\"@id\":\"https:\/\/tourcruiser.com\/fr\/products\/women-air-jordan-4-retro-mushroom-aq9129-200\/#breadcrumb\"},\"inLanguage\":\"fr-FR\",\"potentialAction\":[{\"@type\":\"ReadAction\",\"target\":[\"https:\/\/tourcruiser.com\/fr\/products\/women-air-jordan-4-retro-mushroom-aq9129-200\/\"]}]},{\"@type\":\"ImageObject\",\"inLanguage\":\"fr-FR\",\"@id\":\"https:\/\/tourcruiser.com\/fr\/products\/women-air-jordan-4-retro-mushroom-aq9129-200\/#primaryimage\",\"url\":\"https:\/\/images.novelship.com\/product\/_women__air_jordan_4_retro__mushroom__aq9129_200_0_63852.jpeg;https:\/\/images.novelship.com\/product\/_women__air_jordan_4_retro__mushroom__aq9129_200_1_63852.jpeg;https:\/\/images.novelship.com\/product\/_women__air_jordan_4_retro__mushroom__aq9129_200_2_63852.jpeg;https:\/\/images.novelship.com\/product\/_women__air_jordan_4_retro__mushroom__aq9129_200_3_63852.jpeg;https:\/\/images.novelship.com\/product\/_women__air_jordan_4_retro__mushroom__aq9129_200_4_63852.jpeg;https:\/\/images.novelship.com\/product\/_women__air_jordan_4_retro__mushroom__aq9129_200_5_63852.jpeg;https:\/\/images.novelship.com\/product\/_women__air_jordan_4_retro__mushroom__aq9129_200_6_63852.jpeg;https:\/\/images.novelship.com\/product\/_women__air_jordan_4_retro__mushroom__aq9129_200_7_63852.jpeg\",\"contentUrl\":\"https:\/\/images.novelship.com\/product\/_women__air_jordan_4_retro__mushroom__aq9129_200_0_63852.jpeg;https:\/\/images.novelship.com\/product\/_women__air_jordan_4_retro__mushroom__aq9129_200_1_63852.jpeg;https:\/\/images.novelship.com\/product\/_women__air_jordan_4_retro__mushroom__aq9129_200_2_63852.jpeg;https:\/\/images.novelship.com\/product\/_women__air_jordan_4_retro__mushroom__aq9129_200_3_63852.jpeg;https:\/\/images.novelship.com\/product\/_women__air_jordan_4_retro__mushroom__aq9129_200_4_63852.jpeg;https:\/\/images.novelship.com\/product\/_women__air_jordan_4_retro__mushroom__aq9129_200_5_63852.jpeg;https:\/\/images.novelship.com\/product\/_women__air_jordan_4_retro__mushroom__aq9129_200_6_63852.jpeg;https:\/\/images.novelship.com\/product\/_women__air_jordan_4_retro__mushroom__aq9129_200_7_63852.jpeg\"},{\"@type\":\"BreadcrumbList\",\"@id\":\"https:\/\/tourcruiser.com\/fr\/products\/women-air-jordan-4-retro-mushroom-aq9129-200\/#breadcrumb\",\"itemListElement\":[{\"@type\":\"ListItem\",\"position\":1,\"name\":\"Home\",\"item\":\"https:\/\/tourcruiser.com\/fr\/\"},{\"@type\":\"ListItem\",\"position\":2,\"name\":\"Shop\",\"item\":\"https:\/\/tourcruiser.com\/fr\/shop\/\"},{\"@type\":\"ListItem\",\"position\":3,\"name\":\"(Women) Air Jordan 4 Retro &#8216;Mushroom&#8217; AQ9129-200\"}]},{\"@type\":\"WebSite\",\"@id\":\"\/#website\",\"url\":\"\/\",\"name\":\"Styloral Jewelry Shop\",\"description\":\"Tourcruiser Sneaker Store \u2014 L\u2019endroit o\u00f9 l\u2019univers rencontre votre singularit\u00e9.\",\"publisher\":{\"@id\":\"\/#organization\"},\"potentialAction\":[{\"@type\":\"SearchAction\",\"target\":{\"@type\":\"EntryPoint\",\"urlTemplate\":\"\/?s={search_term_string}\"},\"query-input\":{\"@type\":\"PropertyValueSpecification\",\"valueRequired\":true,\"valueName\":\"search_term_string\"}}],\"inLanguage\":\"fr-FR\"},{\"@type\":\"Organization\",\"@id\":\"\/#organization\",\"name\":\"STYLORAL PTE. LTD\",\"url\":\"\/\",\"logo\":{\"@type\":\"ImageObject\",\"inLanguage\":\"fr-FR\",\"@id\":\"\/#\/schema\/logo\/image\/\",\"url\":\"https:\/\/www.tourcruiser.com\/wp-content\/uploads\/2025\/12\/logo.png\",\"contentUrl\":\"https:\/\/www.tourcruiser.com\/wp-content\/uploads\/2025\/12\/logo.png\",\"width\":200,\"height\":65,\"caption\":\"STYLORAL PTE. LTD\"},\"image\":{\"@id\":\"\/#\/schema\/logo\/image\/\"}}]}<\/script>\n<!-- \/ Yoast SEO plugin. -->","yoast_head_json":{"title":"(Women) Air Jordan 4 Retro 'Mushroom' AQ9129-200 - TOURCRUISER PTE. LTD","robots":{"index":"index","follow":"follow","max-snippet":"max-snippet:-1","max-image-preview":"max-image-preview:large","max-video-preview":"max-video-preview:-1"},"canonical":"https:\/\/tourcruiser.com\/fr\/products\/women-air-jordan-4-retro-mushroom-aq9129-200\/","og_locale":"fr_FR","og_type":"article","og_title":"(Women) Air Jordan 4 Retro 'Mushroom' AQ9129-200 - TOURCRUISER PTE. LTD","og_description":"La Air Jordan 4 Retro Mushroom (WMNS) de Jordan est une basket tendance et \u00e9l\u00e9gante pour femme. Sa couleur marron clair lui conf\u00e8re un look \u00e0 la fois sobre et styl\u00e9. Confectionn\u00e9e avec des mat\u00e9riaux de haute qualit\u00e9, elle allie confort et durabilit\u00e9. Cette basket polyvalente est id\u00e9ale en toutes occasions, d\u00e9contract\u00e9es ou sportives. Coloris\u00a0: [&hellip;]","og_url":"https:\/\/tourcruiser.com\/fr\/products\/women-air-jordan-4-retro-mushroom-aq9129-200\/","og_site_name":"Tourcruiser Sneaker Store","article_modified_time":"2026-04-17T15:50:58+00:00","twitter_card":"summary_large_image","twitter_image":"https:\/\/images.novelship.com\/product\/_women__air_jordan_4_retro__mushroom__aq9129_200_0_63852.jpeg;https:\/\/images.novelship.com\/product\/_women__air_jordan_4_retro__mushroom__aq9129_200_1_63852.jpeg;https:\/\/images.novelship.com\/product\/_women__air_jordan_4_retro__mushroom__aq9129_200_2_63852.jpeg;https:\/\/images.novelship.com\/product\/_women__air_jordan_4_retro__mushroom__aq9129_200_3_63852.jpeg;https:\/\/images.novelship.com\/product\/_women__air_jordan_4_retro__mushroom__aq9129_200_4_63852.jpeg;https:\/\/images.novelship.com\/product\/_women__air_jordan_4_retro__mushroom__aq9129_200_5_63852.jpeg;https:\/\/images.novelship.com\/product\/_women__air_jordan_4_retro__mushroom__aq9129_200_6_63852.jpeg;https:\/\/images.novelship.com\/product\/_women__air_jordan_4_retro__mushroom__aq9129_200_7_63852.jpeg","schema":{"@context":"https:\/\/schema.org","@graph":[{"@type":"WebPage","@id":"https:\/\/tourcruiser.com\/fr\/products\/women-air-jordan-4-retro-mushroom-aq9129-200\/","url":"https:\/\/tourcruiser.com\/fr\/products\/women-air-jordan-4-retro-mushroom-aq9129-200\/","name":"(Women) Air Jordan 4 Retro 'Mushroom' AQ9129-200 - TOURCRUISER PTE. LTD","isPartOf":{"@id":"\/#website"},"primaryImageOfPage":{"@id":"https:\/\/tourcruiser.com\/fr\/products\/women-air-jordan-4-retro-mushroom-aq9129-200\/#primaryimage"},"image":{"@id":"https:\/\/tourcruiser.com\/fr\/products\/women-air-jordan-4-retro-mushroom-aq9129-200\/#primaryimage"},"thumbnailUrl":"https:\/\/images.novelship.com\/product\/_women__air_jordan_4_retro__mushroom__aq9129_200_0_63852.jpeg;https:\/\/images.novelship.com\/product\/_women__air_jordan_4_retro__mushroom__aq9129_200_1_63852.jpeg;https:\/\/images.novelship.com\/product\/_women__air_jordan_4_retro__mushroom__aq9129_200_2_63852.jpeg;https:\/\/images.novelship.com\/product\/_women__air_jordan_4_retro__mushroom__aq9129_200_3_63852.jpeg;https:\/\/images.novelship.com\/product\/_women__air_jordan_4_retro__mushroom__aq9129_200_4_63852.jpeg;https:\/\/images.novelship.com\/product\/_women__air_jordan_4_retro__mushroom__aq9129_200_5_63852.jpeg;https:\/\/images.novelship.com\/product\/_women__air_jordan_4_retro__mushroom__aq9129_200_6_63852.jpeg;https:\/\/images.novelship.com\/product\/_women__air_jordan_4_retro__mushroom__aq9129_200_7_63852.jpeg","datePublished":"2026-04-16T10:08:47+00:00","dateModified":"2026-04-17T15:50:58+00:00","breadcrumb":{"@id":"https:\/\/tourcruiser.com\/fr\/products\/women-air-jordan-4-retro-mushroom-aq9129-200\/#breadcrumb"},"inLanguage":"fr-FR","potentialAction":[{"@type":"ReadAction","target":["https:\/\/tourcruiser.com\/fr\/products\/women-air-jordan-4-retro-mushroom-aq9129-200\/"]}]},{"@type":"ImageObject","inLanguage":"fr-FR","@id":"https:\/\/tourcruiser.com\/fr\/products\/women-air-jordan-4-retro-mushroom-aq9129-200\/#primaryimage","url":"https:\/\/images.novelship.com\/product\/_women__air_jordan_4_retro__mushroom__aq9129_200_0_63852.jpeg;https:\/\/images.novelship.com\/product\/_women__air_jordan_4_retro__mushroom__aq9129_200_1_63852.jpeg;https:\/\/images.novelship.com\/product\/_women__air_jordan_4_retro__mushroom__aq9129_200_2_63852.jpeg;https:\/\/images.novelship.com\/product\/_women__air_jordan_4_retro__mushroom__aq9129_200_3_63852.jpeg;https:\/\/images.novelship.com\/product\/_women__air_jordan_4_retro__mushroom__aq9129_200_4_63852.jpeg;https:\/\/images.novelship.com\/product\/_women__air_jordan_4_retro__mushroom__aq9129_200_5_63852.jpeg;https:\/\/images.novelship.com\/product\/_women__air_jordan_4_retro__mushroom__aq9129_200_6_63852.jpeg;https:\/\/images.novelship.com\/product\/_women__air_jordan_4_retro__mushroom__aq9129_200_7_63852.jpeg","contentUrl":"https:\/\/images.novelship.com\/product\/_women__air_jordan_4_retro__mushroom__aq9129_200_0_63852.jpeg;https:\/\/images.novelship.com\/product\/_women__air_jordan_4_retro__mushroom__aq9129_200_1_63852.jpeg;https:\/\/images.novelship.com\/product\/_women__air_jordan_4_retro__mushroom__aq9129_200_2_63852.jpeg;https:\/\/images.novelship.com\/product\/_women__air_jordan_4_retro__mushroom__aq9129_200_3_63852.jpeg;https:\/\/images.novelship.com\/product\/_women__air_jordan_4_retro__mushroom__aq9129_200_4_63852.jpeg;https:\/\/images.novelship.com\/product\/_women__air_jordan_4_retro__mushroom__aq9129_200_5_63852.jpeg;https:\/\/images.novelship.com\/product\/_women__air_jordan_4_retro__mushroom__aq9129_200_6_63852.jpeg;https:\/\/images.novelship.com\/product\/_women__air_jordan_4_retro__mushroom__aq9129_200_7_63852.jpeg"},{"@type":"BreadcrumbList","@id":"https:\/\/tourcruiser.com\/fr\/products\/women-air-jordan-4-retro-mushroom-aq9129-200\/#breadcrumb","itemListElement":[{"@type":"ListItem","position":1,"name":"Home","item":"https:\/\/tourcruiser.com\/fr\/"},{"@type":"ListItem","position":2,"name":"Shop","item":"https:\/\/tourcruiser.com\/fr\/shop\/"},{"@type":"ListItem","position":3,"name":"(Women) Air Jordan 4 Retro &#8216;Mushroom&#8217; AQ9129-200"}]},{"@type":"WebSite","@id":"\/#website","url":"\/","name":"Styloral Jewelry Shop","description":"Tourcruiser Sneaker Store \u2014 L\u2019endroit o\u00f9 l\u2019univers rencontre votre singularit\u00e9.","publisher":{"@id":"\/#organization"},"potentialAction":[{"@type":"SearchAction","target":{"@type":"EntryPoint","urlTemplate":"\/?s={search_term_string}"},"query-input":{"@type":"PropertyValueSpecification","valueRequired":true,"valueName":"search_term_string"}}],"inLanguage":"fr-FR"},{"@type":"Organization","@id":"\/#organization","name":"STYLORAL PTE. LTD","url":"\/","logo":{"@type":"ImageObject","inLanguage":"fr-FR","@id":"\/#\/schema\/logo\/image\/","url":"https:\/\/www.tourcruiser.com\/wp-content\/uploads\/2025\/12\/logo.png","contentUrl":"https:\/\/www.tourcruiser.com\/wp-content\/uploads\/2025\/12\/logo.png","width":200,"height":65,"caption":"STYLORAL PTE. LTD"},"image":{"@id":"\/#\/schema\/logo\/image\/"}}]}},"_links":{"self":[{"href":"https:\/\/tourcruiser.com\/fr\/wp-json\/wp\/v2\/product\/760437","targetHints":{"allow":["GET"]}}],"collection":[{"href":"https:\/\/tourcruiser.com\/fr\/wp-json\/wp\/v2\/product"}],"about":[{"href":"https:\/\/tourcruiser.com\/fr\/wp-json\/wp\/v2\/types\/product"}],"replies":[{"embeddable":true,"href":"https:\/\/tourcruiser.com\/fr\/wp-json\/wp\/v2\/comments?post=760437"}],"wp:featuredmedia":[{"embeddable":true,"href":"https:\/\/tourcruiser.com\/fr\/wp-json\/wp\/v2\/media\/760438"}],"wp:attachment":[{"href":"https:\/\/tourcruiser.com\/fr\/wp-json\/wp\/v2\/media?parent=760437"}],"wp:term":[{"taxonomy":"product_brand","embeddable":true,"href":"https:\/\/tourcruiser.com\/fr\/wp-json\/wp\/v2\/product_brand?post=760437"},{"taxonomy":"product_cat","embeddable":true,"href":"https:\/\/tourcruiser.com\/fr\/wp-json\/wp\/v2\/product_cat?post=760437"},{"taxonomy":"product_tag","embeddable":true,"href":"https:\/\/tourcruiser.com\/fr\/wp-json\/wp\/v2\/product_tag?post=760437"}],"curies":[{"name":"wp","href":"https:\/\/api.w.org\/{rel}","templated":true}]}}