{"id":760428,"date":"2026-04-16T17:08:47","date_gmt":"2026-04-16T10:08:47","guid":{"rendered":"http:\/\/tourcruiser.com\/product\/air-jordan-4-retro-se-neon-95-ct5342-007"},"modified":"2026-04-17T22:50:57","modified_gmt":"2026-04-17T15:50:57","slug":"air-jordan-4-retro-se-neon-95-ct5342-007","status":"publish","type":"product","link":"https:\/\/tourcruiser.com\/fr\/products\/air-jordan-4-retro-se-neon-95-ct5342-007\/","title":{"rendered":"Air Jordan 4 Retro SE &lsquo;Neon 95&rsquo; CT5342-007"},"content":{"rendered":"<p>D\u00e9couvrez la Air Jordan 4 Retro SE Neon 95, aussi connue sous le nom de 95 Neon. Cette sneaker Jordan embl\u00e9matique arbore un design gris \u00e9l\u00e9gant, un incontournable pour les collectionneurs et les fans de Jordan. La Air Jordan 4 Retro SE Neon 95 allie style intemporel et confort moderne, pour un look aussi bien tendance que sportif.<\/p>\n<p>Coloris\u00a0: Gris froid\/Volt\/Gris loup\/Anthracite<\/p>\n<p>Code article\u00a0: CT5342-007<\/p>\n<p>Tige\u00a0: Cuir nubuck<\/p>\n<p>Semelle interm\u00e9diaire\u00a0: Air<\/p>\n<p>Couleur\u00a0: Gris<\/p>\n<p>Designer\u00a0: Tinker Hatfield<\/p>\n<p>Saison\u00a0: Printemps<\/p>\n<p>Ann\u00e9e de sortie\u00a0: 2020<\/p>\n<p>\u00c2ge\u00a0: Adulte<\/p>\n<p>Couleur\u00a0: Gris<\/p>\n<p>Genre\u00a0: Homme<\/p>\n","protected":false},"excerpt":{"rendered":"<p>D\u00e9couvrez la Air Jordan 4 Retro SE Neon 95, aussi connue sous le nom de 95 Neon. Cette sneaker Jordan embl\u00e9matique arbore un design gris \u00e9l\u00e9gant, un incontournable pour les collectionneurs et les fans de Jordan. La Air Jordan 4 Retro SE Neon 95 allie style intemporel et confort moderne, pour un look aussi bien [&hellip;]<\/p>\n","protected":false},"featured_media":760429,"comment_status":"open","ping_status":"closed","template":"","meta":[],"product_brand":[],"product_cat":[38880],"product_tag":[10750,38841,38842,10776,11349,38875,38886,10756],"class_list":{"0":"post-760428","1":"product","2":"type-product","3":"status-publish","4":"has-post-thumbnail","6":"product_cat-jordan","7":"product_tag-athleisure-shoes","8":"product_tag-casual-shoes","9":"product_tag-gift-idea-for-him","10":"product_tag-jordan","11":"product_tag-jordan-basketball-shoes","12":"product_tag-jordan-skateboard-shoes","13":"product_tag-lifestyle-shoes-inspired-by-basketball","14":"product_tag-retro-casual-shoes","16":"first","17":"instock","18":"taxable","19":"shipping-taxable","20":"purchasable","21":"product-type-simple"},"wcpa_form_fields":null,"yoast_head":"<!-- This site is optimized with the Yoast SEO plugin v26.5 - https:\/\/yoast.com\/wordpress\/plugins\/seo\/ -->\n<title>Air Jordan 4 Retro SE &#039;Neon 95&#039; CT5342-007 - TOURCRUISER PTE. LTD<\/title>\n<meta name=\"robots\" content=\"index, follow, max-snippet:-1, max-image-preview:large, max-video-preview:-1\" \/>\n<link rel=\"canonical\" href=\"https:\/\/tourcruiser.com\/fr\/products\/air-jordan-4-retro-se-neon-95-ct5342-007\/\" \/>\n<meta property=\"og:locale\" content=\"fr_FR\" \/>\n<meta property=\"og:type\" content=\"article\" \/>\n<meta property=\"og:title\" content=\"Air Jordan 4 Retro SE &#039;Neon 95&#039; CT5342-007 - TOURCRUISER PTE. LTD\" \/>\n<meta property=\"og:description\" content=\"D\u00e9couvrez la Air Jordan 4 Retro SE Neon 95, aussi connue sous le nom de 95 Neon. Cette sneaker Jordan embl\u00e9matique arbore un design gris \u00e9l\u00e9gant, un incontournable pour les collectionneurs et les fans de Jordan. La Air Jordan 4 Retro SE Neon 95 allie style intemporel et confort moderne, pour un look aussi bien [&hellip;]\" \/>\n<meta property=\"og:url\" content=\"https:\/\/tourcruiser.com\/fr\/products\/air-jordan-4-retro-se-neon-95-ct5342-007\/\" \/>\n<meta property=\"og:site_name\" content=\"Tourcruiser Sneaker Store\" \/>\n<meta property=\"article:modified_time\" content=\"2026-04-17T15:50:57+00:00\" \/>\n<meta name=\"twitter:card\" content=\"summary_large_image\" \/>\n<meta name=\"twitter:image\" content=\"https:\/\/images.novelship.com\/product\/air_jordan_4_retro_se__neon_95__ct5342_007_0_22428.jpeg;https:\/\/images.novelship.com\/product\/air_jordan_4_retro_se__neon_95__ct5342_007_1_22428.jpeg;https:\/\/images.novelship.com\/product\/air_jordan_4_retro_se__neon_95__ct5342_007_2_22428.jpeg;https:\/\/images.novelship.com\/product\/air_jordan_4_retro_se__neon_95__ct5342_007_3_22428.jpeg;https:\/\/images.novelship.com\/product\/air_jordan_4_retro_se__neon_95__ct5342_007_4_22428.jpeg;https:\/\/images.novelship.com\/product\/air_jordan_4_retro_se__neon_95__ct5342_007_5_22428.jpeg;https:\/\/images.novelship.com\/product\/air_jordan_4_retro_se__neon_95__ct5342_007_6_22428.jpeg;https:\/\/images.novelship.com\/product\/air_jordan_4_retro_se__neon_95__ct5342_007_7_22428.jpeg\" \/>\n<script type=\"application\/ld+json\" class=\"yoast-schema-graph\">{\"@context\":\"https:\/\/schema.org\",\"@graph\":[{\"@type\":\"WebPage\",\"@id\":\"https:\/\/tourcruiser.com\/fr\/products\/air-jordan-4-retro-se-neon-95-ct5342-007\/\",\"url\":\"https:\/\/tourcruiser.com\/fr\/products\/air-jordan-4-retro-se-neon-95-ct5342-007\/\",\"name\":\"Air Jordan 4 Retro SE 'Neon 95' CT5342-007 - TOURCRUISER PTE. LTD\",\"isPartOf\":{\"@id\":\"\/#website\"},\"primaryImageOfPage\":{\"@id\":\"https:\/\/tourcruiser.com\/fr\/products\/air-jordan-4-retro-se-neon-95-ct5342-007\/#primaryimage\"},\"image\":{\"@id\":\"https:\/\/tourcruiser.com\/fr\/products\/air-jordan-4-retro-se-neon-95-ct5342-007\/#primaryimage\"},\"thumbnailUrl\":\"https:\/\/images.novelship.com\/product\/air_jordan_4_retro_se__neon_95__ct5342_007_0_22428.jpeg;https:\/\/images.novelship.com\/product\/air_jordan_4_retro_se__neon_95__ct5342_007_1_22428.jpeg;https:\/\/images.novelship.com\/product\/air_jordan_4_retro_se__neon_95__ct5342_007_2_22428.jpeg;https:\/\/images.novelship.com\/product\/air_jordan_4_retro_se__neon_95__ct5342_007_3_22428.jpeg;https:\/\/images.novelship.com\/product\/air_jordan_4_retro_se__neon_95__ct5342_007_4_22428.jpeg;https:\/\/images.novelship.com\/product\/air_jordan_4_retro_se__neon_95__ct5342_007_5_22428.jpeg;https:\/\/images.novelship.com\/product\/air_jordan_4_retro_se__neon_95__ct5342_007_6_22428.jpeg;https:\/\/images.novelship.com\/product\/air_jordan_4_retro_se__neon_95__ct5342_007_7_22428.jpeg\",\"datePublished\":\"2026-04-16T10:08:47+00:00\",\"dateModified\":\"2026-04-17T15:50:57+00:00\",\"breadcrumb\":{\"@id\":\"https:\/\/tourcruiser.com\/fr\/products\/air-jordan-4-retro-se-neon-95-ct5342-007\/#breadcrumb\"},\"inLanguage\":\"fr-FR\",\"potentialAction\":[{\"@type\":\"ReadAction\",\"target\":[\"https:\/\/tourcruiser.com\/fr\/products\/air-jordan-4-retro-se-neon-95-ct5342-007\/\"]}]},{\"@type\":\"ImageObject\",\"inLanguage\":\"fr-FR\",\"@id\":\"https:\/\/tourcruiser.com\/fr\/products\/air-jordan-4-retro-se-neon-95-ct5342-007\/#primaryimage\",\"url\":\"https:\/\/images.novelship.com\/product\/air_jordan_4_retro_se__neon_95__ct5342_007_0_22428.jpeg;https:\/\/images.novelship.com\/product\/air_jordan_4_retro_se__neon_95__ct5342_007_1_22428.jpeg;https:\/\/images.novelship.com\/product\/air_jordan_4_retro_se__neon_95__ct5342_007_2_22428.jpeg;https:\/\/images.novelship.com\/product\/air_jordan_4_retro_se__neon_95__ct5342_007_3_22428.jpeg;https:\/\/images.novelship.com\/product\/air_jordan_4_retro_se__neon_95__ct5342_007_4_22428.jpeg;https:\/\/images.novelship.com\/product\/air_jordan_4_retro_se__neon_95__ct5342_007_5_22428.jpeg;https:\/\/images.novelship.com\/product\/air_jordan_4_retro_se__neon_95__ct5342_007_6_22428.jpeg;https:\/\/images.novelship.com\/product\/air_jordan_4_retro_se__neon_95__ct5342_007_7_22428.jpeg\",\"contentUrl\":\"https:\/\/images.novelship.com\/product\/air_jordan_4_retro_se__neon_95__ct5342_007_0_22428.jpeg;https:\/\/images.novelship.com\/product\/air_jordan_4_retro_se__neon_95__ct5342_007_1_22428.jpeg;https:\/\/images.novelship.com\/product\/air_jordan_4_retro_se__neon_95__ct5342_007_2_22428.jpeg;https:\/\/images.novelship.com\/product\/air_jordan_4_retro_se__neon_95__ct5342_007_3_22428.jpeg;https:\/\/images.novelship.com\/product\/air_jordan_4_retro_se__neon_95__ct5342_007_4_22428.jpeg;https:\/\/images.novelship.com\/product\/air_jordan_4_retro_se__neon_95__ct5342_007_5_22428.jpeg;https:\/\/images.novelship.com\/product\/air_jordan_4_retro_se__neon_95__ct5342_007_6_22428.jpeg;https:\/\/images.novelship.com\/product\/air_jordan_4_retro_se__neon_95__ct5342_007_7_22428.jpeg\"},{\"@type\":\"BreadcrumbList\",\"@id\":\"https:\/\/tourcruiser.com\/fr\/products\/air-jordan-4-retro-se-neon-95-ct5342-007\/#breadcrumb\",\"itemListElement\":[{\"@type\":\"ListItem\",\"position\":1,\"name\":\"Home\",\"item\":\"https:\/\/tourcruiser.com\/fr\/\"},{\"@type\":\"ListItem\",\"position\":2,\"name\":\"Shop\",\"item\":\"https:\/\/tourcruiser.com\/fr\/shop\/\"},{\"@type\":\"ListItem\",\"position\":3,\"name\":\"Air Jordan 4 Retro SE &#8216;Neon 95&#8217; CT5342-007\"}]},{\"@type\":\"WebSite\",\"@id\":\"\/#website\",\"url\":\"\/\",\"name\":\"Styloral Jewelry Shop\",\"description\":\"Tourcruiser Sneaker Store \u2014 L\u2019endroit o\u00f9 l\u2019univers rencontre votre singularit\u00e9.\",\"publisher\":{\"@id\":\"\/#organization\"},\"potentialAction\":[{\"@type\":\"SearchAction\",\"target\":{\"@type\":\"EntryPoint\",\"urlTemplate\":\"\/?s={search_term_string}\"},\"query-input\":{\"@type\":\"PropertyValueSpecification\",\"valueRequired\":true,\"valueName\":\"search_term_string\"}}],\"inLanguage\":\"fr-FR\"},{\"@type\":\"Organization\",\"@id\":\"\/#organization\",\"name\":\"STYLORAL PTE. LTD\",\"url\":\"\/\",\"logo\":{\"@type\":\"ImageObject\",\"inLanguage\":\"fr-FR\",\"@id\":\"\/#\/schema\/logo\/image\/\",\"url\":\"https:\/\/www.tourcruiser.com\/wp-content\/uploads\/2025\/12\/logo.png\",\"contentUrl\":\"https:\/\/www.tourcruiser.com\/wp-content\/uploads\/2025\/12\/logo.png\",\"width\":200,\"height\":65,\"caption\":\"STYLORAL PTE. LTD\"},\"image\":{\"@id\":\"\/#\/schema\/logo\/image\/\"}}]}<\/script>\n<!-- \/ Yoast SEO plugin. -->","yoast_head_json":{"title":"Air Jordan 4 Retro SE 'Neon 95' CT5342-007 - TOURCRUISER PTE. LTD","robots":{"index":"index","follow":"follow","max-snippet":"max-snippet:-1","max-image-preview":"max-image-preview:large","max-video-preview":"max-video-preview:-1"},"canonical":"https:\/\/tourcruiser.com\/fr\/products\/air-jordan-4-retro-se-neon-95-ct5342-007\/","og_locale":"fr_FR","og_type":"article","og_title":"Air Jordan 4 Retro SE 'Neon 95' CT5342-007 - TOURCRUISER PTE. LTD","og_description":"D\u00e9couvrez la Air Jordan 4 Retro SE Neon 95, aussi connue sous le nom de 95 Neon. Cette sneaker Jordan embl\u00e9matique arbore un design gris \u00e9l\u00e9gant, un incontournable pour les collectionneurs et les fans de Jordan. La Air Jordan 4 Retro SE Neon 95 allie style intemporel et confort moderne, pour un look aussi bien [&hellip;]","og_url":"https:\/\/tourcruiser.com\/fr\/products\/air-jordan-4-retro-se-neon-95-ct5342-007\/","og_site_name":"Tourcruiser Sneaker Store","article_modified_time":"2026-04-17T15:50:57+00:00","twitter_card":"summary_large_image","twitter_image":"https:\/\/images.novelship.com\/product\/air_jordan_4_retro_se__neon_95__ct5342_007_0_22428.jpeg;https:\/\/images.novelship.com\/product\/air_jordan_4_retro_se__neon_95__ct5342_007_1_22428.jpeg;https:\/\/images.novelship.com\/product\/air_jordan_4_retro_se__neon_95__ct5342_007_2_22428.jpeg;https:\/\/images.novelship.com\/product\/air_jordan_4_retro_se__neon_95__ct5342_007_3_22428.jpeg;https:\/\/images.novelship.com\/product\/air_jordan_4_retro_se__neon_95__ct5342_007_4_22428.jpeg;https:\/\/images.novelship.com\/product\/air_jordan_4_retro_se__neon_95__ct5342_007_5_22428.jpeg;https:\/\/images.novelship.com\/product\/air_jordan_4_retro_se__neon_95__ct5342_007_6_22428.jpeg;https:\/\/images.novelship.com\/product\/air_jordan_4_retro_se__neon_95__ct5342_007_7_22428.jpeg","schema":{"@context":"https:\/\/schema.org","@graph":[{"@type":"WebPage","@id":"https:\/\/tourcruiser.com\/fr\/products\/air-jordan-4-retro-se-neon-95-ct5342-007\/","url":"https:\/\/tourcruiser.com\/fr\/products\/air-jordan-4-retro-se-neon-95-ct5342-007\/","name":"Air Jordan 4 Retro SE 'Neon 95' CT5342-007 - TOURCRUISER PTE. LTD","isPartOf":{"@id":"\/#website"},"primaryImageOfPage":{"@id":"https:\/\/tourcruiser.com\/fr\/products\/air-jordan-4-retro-se-neon-95-ct5342-007\/#primaryimage"},"image":{"@id":"https:\/\/tourcruiser.com\/fr\/products\/air-jordan-4-retro-se-neon-95-ct5342-007\/#primaryimage"},"thumbnailUrl":"https:\/\/images.novelship.com\/product\/air_jordan_4_retro_se__neon_95__ct5342_007_0_22428.jpeg;https:\/\/images.novelship.com\/product\/air_jordan_4_retro_se__neon_95__ct5342_007_1_22428.jpeg;https:\/\/images.novelship.com\/product\/air_jordan_4_retro_se__neon_95__ct5342_007_2_22428.jpeg;https:\/\/images.novelship.com\/product\/air_jordan_4_retro_se__neon_95__ct5342_007_3_22428.jpeg;https:\/\/images.novelship.com\/product\/air_jordan_4_retro_se__neon_95__ct5342_007_4_22428.jpeg;https:\/\/images.novelship.com\/product\/air_jordan_4_retro_se__neon_95__ct5342_007_5_22428.jpeg;https:\/\/images.novelship.com\/product\/air_jordan_4_retro_se__neon_95__ct5342_007_6_22428.jpeg;https:\/\/images.novelship.com\/product\/air_jordan_4_retro_se__neon_95__ct5342_007_7_22428.jpeg","datePublished":"2026-04-16T10:08:47+00:00","dateModified":"2026-04-17T15:50:57+00:00","breadcrumb":{"@id":"https:\/\/tourcruiser.com\/fr\/products\/air-jordan-4-retro-se-neon-95-ct5342-007\/#breadcrumb"},"inLanguage":"fr-FR","potentialAction":[{"@type":"ReadAction","target":["https:\/\/tourcruiser.com\/fr\/products\/air-jordan-4-retro-se-neon-95-ct5342-007\/"]}]},{"@type":"ImageObject","inLanguage":"fr-FR","@id":"https:\/\/tourcruiser.com\/fr\/products\/air-jordan-4-retro-se-neon-95-ct5342-007\/#primaryimage","url":"https:\/\/images.novelship.com\/product\/air_jordan_4_retro_se__neon_95__ct5342_007_0_22428.jpeg;https:\/\/images.novelship.com\/product\/air_jordan_4_retro_se__neon_95__ct5342_007_1_22428.jpeg;https:\/\/images.novelship.com\/product\/air_jordan_4_retro_se__neon_95__ct5342_007_2_22428.jpeg;https:\/\/images.novelship.com\/product\/air_jordan_4_retro_se__neon_95__ct5342_007_3_22428.jpeg;https:\/\/images.novelship.com\/product\/air_jordan_4_retro_se__neon_95__ct5342_007_4_22428.jpeg;https:\/\/images.novelship.com\/product\/air_jordan_4_retro_se__neon_95__ct5342_007_5_22428.jpeg;https:\/\/images.novelship.com\/product\/air_jordan_4_retro_se__neon_95__ct5342_007_6_22428.jpeg;https:\/\/images.novelship.com\/product\/air_jordan_4_retro_se__neon_95__ct5342_007_7_22428.jpeg","contentUrl":"https:\/\/images.novelship.com\/product\/air_jordan_4_retro_se__neon_95__ct5342_007_0_22428.jpeg;https:\/\/images.novelship.com\/product\/air_jordan_4_retro_se__neon_95__ct5342_007_1_22428.jpeg;https:\/\/images.novelship.com\/product\/air_jordan_4_retro_se__neon_95__ct5342_007_2_22428.jpeg;https:\/\/images.novelship.com\/product\/air_jordan_4_retro_se__neon_95__ct5342_007_3_22428.jpeg;https:\/\/images.novelship.com\/product\/air_jordan_4_retro_se__neon_95__ct5342_007_4_22428.jpeg;https:\/\/images.novelship.com\/product\/air_jordan_4_retro_se__neon_95__ct5342_007_5_22428.jpeg;https:\/\/images.novelship.com\/product\/air_jordan_4_retro_se__neon_95__ct5342_007_6_22428.jpeg;https:\/\/images.novelship.com\/product\/air_jordan_4_retro_se__neon_95__ct5342_007_7_22428.jpeg"},{"@type":"BreadcrumbList","@id":"https:\/\/tourcruiser.com\/fr\/products\/air-jordan-4-retro-se-neon-95-ct5342-007\/#breadcrumb","itemListElement":[{"@type":"ListItem","position":1,"name":"Home","item":"https:\/\/tourcruiser.com\/fr\/"},{"@type":"ListItem","position":2,"name":"Shop","item":"https:\/\/tourcruiser.com\/fr\/shop\/"},{"@type":"ListItem","position":3,"name":"Air Jordan 4 Retro SE &#8216;Neon 95&#8217; CT5342-007"}]},{"@type":"WebSite","@id":"\/#website","url":"\/","name":"Styloral Jewelry Shop","description":"Tourcruiser Sneaker Store \u2014 L\u2019endroit o\u00f9 l\u2019univers rencontre votre singularit\u00e9.","publisher":{"@id":"\/#organization"},"potentialAction":[{"@type":"SearchAction","target":{"@type":"EntryPoint","urlTemplate":"\/?s={search_term_string}"},"query-input":{"@type":"PropertyValueSpecification","valueRequired":true,"valueName":"search_term_string"}}],"inLanguage":"fr-FR"},{"@type":"Organization","@id":"\/#organization","name":"STYLORAL PTE. LTD","url":"\/","logo":{"@type":"ImageObject","inLanguage":"fr-FR","@id":"\/#\/schema\/logo\/image\/","url":"https:\/\/www.tourcruiser.com\/wp-content\/uploads\/2025\/12\/logo.png","contentUrl":"https:\/\/www.tourcruiser.com\/wp-content\/uploads\/2025\/12\/logo.png","width":200,"height":65,"caption":"STYLORAL PTE. LTD"},"image":{"@id":"\/#\/schema\/logo\/image\/"}}]}},"_links":{"self":[{"href":"https:\/\/tourcruiser.com\/fr\/wp-json\/wp\/v2\/product\/760428","targetHints":{"allow":["GET"]}}],"collection":[{"href":"https:\/\/tourcruiser.com\/fr\/wp-json\/wp\/v2\/product"}],"about":[{"href":"https:\/\/tourcruiser.com\/fr\/wp-json\/wp\/v2\/types\/product"}],"replies":[{"embeddable":true,"href":"https:\/\/tourcruiser.com\/fr\/wp-json\/wp\/v2\/comments?post=760428"}],"wp:featuredmedia":[{"embeddable":true,"href":"https:\/\/tourcruiser.com\/fr\/wp-json\/wp\/v2\/media\/760429"}],"wp:attachment":[{"href":"https:\/\/tourcruiser.com\/fr\/wp-json\/wp\/v2\/media?parent=760428"}],"wp:term":[{"taxonomy":"product_brand","embeddable":true,"href":"https:\/\/tourcruiser.com\/fr\/wp-json\/wp\/v2\/product_brand?post=760428"},{"taxonomy":"product_cat","embeddable":true,"href":"https:\/\/tourcruiser.com\/fr\/wp-json\/wp\/v2\/product_cat?post=760428"},{"taxonomy":"product_tag","embeddable":true,"href":"https:\/\/tourcruiser.com\/fr\/wp-json\/wp\/v2\/product_tag?post=760428"}],"curies":[{"name":"wp","href":"https:\/\/api.w.org\/{rel}","templated":true}]}}