{"id":760383,"date":"2026-04-16T17:08:45","date_gmt":"2026-04-16T10:08:45","guid":{"rendered":"http:\/\/tourcruiser.com\/product\/preschool-air-jordan-1-retro-high-og-university-blue-aq2664-134"},"modified":"2026-04-17T22:50:54","modified_gmt":"2026-04-17T15:50:54","slug":"preschool-air-jordan-1-retro-high-og-university-blue-aq2664-134","status":"publish","type":"product","link":"https:\/\/tourcruiser.com\/fr\/products\/preschool-air-jordan-1-retro-high-og-university-blue-aq2664-134\/","title":{"rendered":"(Preschool) Air Jordan 1 Retro High OG &lsquo;University Blue&rsquo; AQ2664-134"},"content":{"rendered":"<p>Les Air Jordan 1 Retro High OG University Blue (PS) de Jordan sont un incontournable pour tout amateur de sneakers. Avec leur design bleu et blanc \u00e9l\u00e9gant, ces sneakers offrent un confort et un maintien exceptionnels. Gr\u00e2ce \u00e0 leurs mat\u00e9riaux de haute qualit\u00e9, elles sont particuli\u00e8rement r\u00e9sistantes. Que ce soit sur un terrain de basketball ou simplement pour compl\u00e9ter votre collection, ces Air Jordan ne vous d\u00e9cevront pas.<\/p>\n<p>Coloris : University Blue\/Blanc-Noir-University Blue<\/p>\n<p>Code article : AQ2664-134<\/p>\n<p>Tige : Daim<\/p>\n<p>Semelle interm\u00e9diaire : Air<\/p>\n<p>Couleur : Bleu<\/p>\n<p>Designer : Peter Moore<\/p>\n<p>Saison : Toute l&rsquo;ann\u00e9e<\/p>\n<p>Ann\u00e9e de sortie : 2021<\/p>\n<p>\u00c2ge : Adulte<\/p>\n<p>Couleur : Bleu<\/p>\n<p>Genre : PS<\/p>\n","protected":false},"excerpt":{"rendered":"<p>Les Air Jordan 1 Retro High OG University Blue (PS) de Jordan sont un incontournable pour tout amateur de sneakers. Avec leur design bleu et blanc \u00e9l\u00e9gant, ces sneakers offrent un confort et un maintien exceptionnels. Gr\u00e2ce \u00e0 leurs mat\u00e9riaux de haute qualit\u00e9, elles sont particuli\u00e8rement r\u00e9sistantes. Que ce soit sur un terrain de basketball [&hellip;]<\/p>\n","protected":false},"featured_media":760384,"comment_status":"open","ping_status":"closed","template":"","meta":[],"product_brand":[],"product_cat":[38880],"product_tag":[10750,38917,38918,10776,10756],"class_list":{"0":"post-760383","1":"product","2":"type-product","3":"status-publish","4":"has-post-thumbnail","6":"product_cat-jordan","7":"product_tag-athleisure-shoes","8":"product_tag-casual-shoes-for-children","9":"product_tag-children-s-sneakers","10":"product_tag-jordan","11":"product_tag-retro-casual-shoes","13":"first","14":"instock","15":"taxable","16":"shipping-taxable","17":"purchasable","18":"product-type-simple"},"wcpa_form_fields":null,"yoast_head":"<!-- This site is optimized with the Yoast SEO plugin v26.5 - https:\/\/yoast.com\/wordpress\/plugins\/seo\/ -->\n<title>(Preschool) Air Jordan 1 Retro High OG &#039;University Blue&#039; AQ2664-134 - TOURCRUISER PTE. LTD<\/title>\n<meta name=\"robots\" content=\"index, follow, max-snippet:-1, max-image-preview:large, max-video-preview:-1\" \/>\n<link rel=\"canonical\" href=\"https:\/\/tourcruiser.com\/fr\/products\/preschool-air-jordan-1-retro-high-og-university-blue-aq2664-134\/\" \/>\n<meta property=\"og:locale\" content=\"fr_FR\" \/>\n<meta property=\"og:type\" content=\"article\" \/>\n<meta property=\"og:title\" content=\"(Preschool) Air Jordan 1 Retro High OG &#039;University Blue&#039; AQ2664-134 - TOURCRUISER PTE. LTD\" \/>\n<meta property=\"og:description\" content=\"Les Air Jordan 1 Retro High OG University Blue (PS) de Jordan sont un incontournable pour tout amateur de sneakers. Avec leur design bleu et blanc \u00e9l\u00e9gant, ces sneakers offrent un confort et un maintien exceptionnels. Gr\u00e2ce \u00e0 leurs mat\u00e9riaux de haute qualit\u00e9, elles sont particuli\u00e8rement r\u00e9sistantes. Que ce soit sur un terrain de basketball [&hellip;]\" \/>\n<meta property=\"og:url\" content=\"https:\/\/tourcruiser.com\/fr\/products\/preschool-air-jordan-1-retro-high-og-university-blue-aq2664-134\/\" \/>\n<meta property=\"og:site_name\" content=\"Tourcruiser Sneaker Store\" \/>\n<meta property=\"article:modified_time\" content=\"2026-04-17T15:50:54+00:00\" \/>\n<meta name=\"twitter:card\" content=\"summary_large_image\" \/>\n<meta name=\"twitter:image\" content=\"https:\/\/images.novelship.com\/product\/_preschool__air_jordan_1_retro_high_og__university_0_26591.jpeg;https:\/\/images.novelship.com\/product\/_preschool__air_jordan_1_retro_high_og__university_1_26591.jpeg;https:\/\/images.novelship.com\/product\/_preschool__air_jordan_1_retro_high_og__university_2_26591.jpeg;https:\/\/images.novelship.com\/product\/_preschool__air_jordan_1_retro_high_og__university_3_26591.jpeg;https:\/\/images.novelship.com\/product\/_preschool__air_jordan_1_retro_high_og__university_4_26591.jpeg;https:\/\/images.novelship.com\/product\/_preschool__air_jordan_1_retro_high_og__university_5_26591.jpeg;https:\/\/images.novelship.com\/product\/_preschool__air_jordan_1_retro_high_og__university_6_26591.jpeg;https:\/\/images.novelship.com\/product\/_preschool__air_jordan_1_retro_high_og__university_7_26591.jpeg\" \/>\n<meta name=\"twitter:label1\" content=\"Dur\u00e9e de lecture estim\u00e9e\" \/>\n\t<meta name=\"twitter:data1\" content=\"1 minute\" \/>\n<script type=\"application\/ld+json\" class=\"yoast-schema-graph\">{\"@context\":\"https:\/\/schema.org\",\"@graph\":[{\"@type\":\"WebPage\",\"@id\":\"https:\/\/tourcruiser.com\/fr\/products\/preschool-air-jordan-1-retro-high-og-university-blue-aq2664-134\/\",\"url\":\"https:\/\/tourcruiser.com\/fr\/products\/preschool-air-jordan-1-retro-high-og-university-blue-aq2664-134\/\",\"name\":\"(Preschool) Air Jordan 1 Retro High OG 'University Blue' AQ2664-134 - TOURCRUISER PTE. LTD\",\"isPartOf\":{\"@id\":\"\/#website\"},\"primaryImageOfPage\":{\"@id\":\"https:\/\/tourcruiser.com\/fr\/products\/preschool-air-jordan-1-retro-high-og-university-blue-aq2664-134\/#primaryimage\"},\"image\":{\"@id\":\"https:\/\/tourcruiser.com\/fr\/products\/preschool-air-jordan-1-retro-high-og-university-blue-aq2664-134\/#primaryimage\"},\"thumbnailUrl\":\"https:\/\/images.novelship.com\/product\/_preschool__air_jordan_1_retro_high_og__university_0_26591.jpeg;https:\/\/images.novelship.com\/product\/_preschool__air_jordan_1_retro_high_og__university_1_26591.jpeg;https:\/\/images.novelship.com\/product\/_preschool__air_jordan_1_retro_high_og__university_2_26591.jpeg;https:\/\/images.novelship.com\/product\/_preschool__air_jordan_1_retro_high_og__university_3_26591.jpeg;https:\/\/images.novelship.com\/product\/_preschool__air_jordan_1_retro_high_og__university_4_26591.jpeg;https:\/\/images.novelship.com\/product\/_preschool__air_jordan_1_retro_high_og__university_5_26591.jpeg;https:\/\/images.novelship.com\/product\/_preschool__air_jordan_1_retro_high_og__university_6_26591.jpeg;https:\/\/images.novelship.com\/product\/_preschool__air_jordan_1_retro_high_og__university_7_26591.jpeg\",\"datePublished\":\"2026-04-16T10:08:45+00:00\",\"dateModified\":\"2026-04-17T15:50:54+00:00\",\"breadcrumb\":{\"@id\":\"https:\/\/tourcruiser.com\/fr\/products\/preschool-air-jordan-1-retro-high-og-university-blue-aq2664-134\/#breadcrumb\"},\"inLanguage\":\"fr-FR\",\"potentialAction\":[{\"@type\":\"ReadAction\",\"target\":[\"https:\/\/tourcruiser.com\/fr\/products\/preschool-air-jordan-1-retro-high-og-university-blue-aq2664-134\/\"]}]},{\"@type\":\"ImageObject\",\"inLanguage\":\"fr-FR\",\"@id\":\"https:\/\/tourcruiser.com\/fr\/products\/preschool-air-jordan-1-retro-high-og-university-blue-aq2664-134\/#primaryimage\",\"url\":\"https:\/\/images.novelship.com\/product\/_preschool__air_jordan_1_retro_high_og__university_0_26591.jpeg;https:\/\/images.novelship.com\/product\/_preschool__air_jordan_1_retro_high_og__university_1_26591.jpeg;https:\/\/images.novelship.com\/product\/_preschool__air_jordan_1_retro_high_og__university_2_26591.jpeg;https:\/\/images.novelship.com\/product\/_preschool__air_jordan_1_retro_high_og__university_3_26591.jpeg;https:\/\/images.novelship.com\/product\/_preschool__air_jordan_1_retro_high_og__university_4_26591.jpeg;https:\/\/images.novelship.com\/product\/_preschool__air_jordan_1_retro_high_og__university_5_26591.jpeg;https:\/\/images.novelship.com\/product\/_preschool__air_jordan_1_retro_high_og__university_6_26591.jpeg;https:\/\/images.novelship.com\/product\/_preschool__air_jordan_1_retro_high_og__university_7_26591.jpeg\",\"contentUrl\":\"https:\/\/images.novelship.com\/product\/_preschool__air_jordan_1_retro_high_og__university_0_26591.jpeg;https:\/\/images.novelship.com\/product\/_preschool__air_jordan_1_retro_high_og__university_1_26591.jpeg;https:\/\/images.novelship.com\/product\/_preschool__air_jordan_1_retro_high_og__university_2_26591.jpeg;https:\/\/images.novelship.com\/product\/_preschool__air_jordan_1_retro_high_og__university_3_26591.jpeg;https:\/\/images.novelship.com\/product\/_preschool__air_jordan_1_retro_high_og__university_4_26591.jpeg;https:\/\/images.novelship.com\/product\/_preschool__air_jordan_1_retro_high_og__university_5_26591.jpeg;https:\/\/images.novelship.com\/product\/_preschool__air_jordan_1_retro_high_og__university_6_26591.jpeg;https:\/\/images.novelship.com\/product\/_preschool__air_jordan_1_retro_high_og__university_7_26591.jpeg\"},{\"@type\":\"BreadcrumbList\",\"@id\":\"https:\/\/tourcruiser.com\/fr\/products\/preschool-air-jordan-1-retro-high-og-university-blue-aq2664-134\/#breadcrumb\",\"itemListElement\":[{\"@type\":\"ListItem\",\"position\":1,\"name\":\"Home\",\"item\":\"https:\/\/tourcruiser.com\/fr\/\"},{\"@type\":\"ListItem\",\"position\":2,\"name\":\"Shop\",\"item\":\"https:\/\/tourcruiser.com\/fr\/shop\/\"},{\"@type\":\"ListItem\",\"position\":3,\"name\":\"(Preschool) Air Jordan 1 Retro High OG &#8216;University Blue&#8217; AQ2664-134\"}]},{\"@type\":\"WebSite\",\"@id\":\"\/#website\",\"url\":\"\/\",\"name\":\"Styloral Jewelry Shop\",\"description\":\"Tourcruiser Sneaker Store \u2014 L\u2019endroit o\u00f9 l\u2019univers rencontre votre singularit\u00e9.\",\"publisher\":{\"@id\":\"\/#organization\"},\"potentialAction\":[{\"@type\":\"SearchAction\",\"target\":{\"@type\":\"EntryPoint\",\"urlTemplate\":\"\/?s={search_term_string}\"},\"query-input\":{\"@type\":\"PropertyValueSpecification\",\"valueRequired\":true,\"valueName\":\"search_term_string\"}}],\"inLanguage\":\"fr-FR\"},{\"@type\":\"Organization\",\"@id\":\"\/#organization\",\"name\":\"STYLORAL PTE. LTD\",\"url\":\"\/\",\"logo\":{\"@type\":\"ImageObject\",\"inLanguage\":\"fr-FR\",\"@id\":\"\/#\/schema\/logo\/image\/\",\"url\":\"https:\/\/www.tourcruiser.com\/wp-content\/uploads\/2025\/12\/logo.png\",\"contentUrl\":\"https:\/\/www.tourcruiser.com\/wp-content\/uploads\/2025\/12\/logo.png\",\"width\":200,\"height\":65,\"caption\":\"STYLORAL PTE. LTD\"},\"image\":{\"@id\":\"\/#\/schema\/logo\/image\/\"}}]}<\/script>\n<!-- \/ Yoast SEO plugin. -->","yoast_head_json":{"title":"(Preschool) Air Jordan 1 Retro High OG 'University Blue' AQ2664-134 - TOURCRUISER PTE. LTD","robots":{"index":"index","follow":"follow","max-snippet":"max-snippet:-1","max-image-preview":"max-image-preview:large","max-video-preview":"max-video-preview:-1"},"canonical":"https:\/\/tourcruiser.com\/fr\/products\/preschool-air-jordan-1-retro-high-og-university-blue-aq2664-134\/","og_locale":"fr_FR","og_type":"article","og_title":"(Preschool) Air Jordan 1 Retro High OG 'University Blue' AQ2664-134 - TOURCRUISER PTE. LTD","og_description":"Les Air Jordan 1 Retro High OG University Blue (PS) de Jordan sont un incontournable pour tout amateur de sneakers. Avec leur design bleu et blanc \u00e9l\u00e9gant, ces sneakers offrent un confort et un maintien exceptionnels. Gr\u00e2ce \u00e0 leurs mat\u00e9riaux de haute qualit\u00e9, elles sont particuli\u00e8rement r\u00e9sistantes. Que ce soit sur un terrain de basketball [&hellip;]","og_url":"https:\/\/tourcruiser.com\/fr\/products\/preschool-air-jordan-1-retro-high-og-university-blue-aq2664-134\/","og_site_name":"Tourcruiser Sneaker Store","article_modified_time":"2026-04-17T15:50:54+00:00","twitter_card":"summary_large_image","twitter_image":"https:\/\/images.novelship.com\/product\/_preschool__air_jordan_1_retro_high_og__university_0_26591.jpeg;https:\/\/images.novelship.com\/product\/_preschool__air_jordan_1_retro_high_og__university_1_26591.jpeg;https:\/\/images.novelship.com\/product\/_preschool__air_jordan_1_retro_high_og__university_2_26591.jpeg;https:\/\/images.novelship.com\/product\/_preschool__air_jordan_1_retro_high_og__university_3_26591.jpeg;https:\/\/images.novelship.com\/product\/_preschool__air_jordan_1_retro_high_og__university_4_26591.jpeg;https:\/\/images.novelship.com\/product\/_preschool__air_jordan_1_retro_high_og__university_5_26591.jpeg;https:\/\/images.novelship.com\/product\/_preschool__air_jordan_1_retro_high_og__university_6_26591.jpeg;https:\/\/images.novelship.com\/product\/_preschool__air_jordan_1_retro_high_og__university_7_26591.jpeg","twitter_misc":{"Dur\u00e9e de lecture estim\u00e9e":"1 minute"},"schema":{"@context":"https:\/\/schema.org","@graph":[{"@type":"WebPage","@id":"https:\/\/tourcruiser.com\/fr\/products\/preschool-air-jordan-1-retro-high-og-university-blue-aq2664-134\/","url":"https:\/\/tourcruiser.com\/fr\/products\/preschool-air-jordan-1-retro-high-og-university-blue-aq2664-134\/","name":"(Preschool) Air Jordan 1 Retro High OG 'University Blue' AQ2664-134 - TOURCRUISER PTE. LTD","isPartOf":{"@id":"\/#website"},"primaryImageOfPage":{"@id":"https:\/\/tourcruiser.com\/fr\/products\/preschool-air-jordan-1-retro-high-og-university-blue-aq2664-134\/#primaryimage"},"image":{"@id":"https:\/\/tourcruiser.com\/fr\/products\/preschool-air-jordan-1-retro-high-og-university-blue-aq2664-134\/#primaryimage"},"thumbnailUrl":"https:\/\/images.novelship.com\/product\/_preschool__air_jordan_1_retro_high_og__university_0_26591.jpeg;https:\/\/images.novelship.com\/product\/_preschool__air_jordan_1_retro_high_og__university_1_26591.jpeg;https:\/\/images.novelship.com\/product\/_preschool__air_jordan_1_retro_high_og__university_2_26591.jpeg;https:\/\/images.novelship.com\/product\/_preschool__air_jordan_1_retro_high_og__university_3_26591.jpeg;https:\/\/images.novelship.com\/product\/_preschool__air_jordan_1_retro_high_og__university_4_26591.jpeg;https:\/\/images.novelship.com\/product\/_preschool__air_jordan_1_retro_high_og__university_5_26591.jpeg;https:\/\/images.novelship.com\/product\/_preschool__air_jordan_1_retro_high_og__university_6_26591.jpeg;https:\/\/images.novelship.com\/product\/_preschool__air_jordan_1_retro_high_og__university_7_26591.jpeg","datePublished":"2026-04-16T10:08:45+00:00","dateModified":"2026-04-17T15:50:54+00:00","breadcrumb":{"@id":"https:\/\/tourcruiser.com\/fr\/products\/preschool-air-jordan-1-retro-high-og-university-blue-aq2664-134\/#breadcrumb"},"inLanguage":"fr-FR","potentialAction":[{"@type":"ReadAction","target":["https:\/\/tourcruiser.com\/fr\/products\/preschool-air-jordan-1-retro-high-og-university-blue-aq2664-134\/"]}]},{"@type":"ImageObject","inLanguage":"fr-FR","@id":"https:\/\/tourcruiser.com\/fr\/products\/preschool-air-jordan-1-retro-high-og-university-blue-aq2664-134\/#primaryimage","url":"https:\/\/images.novelship.com\/product\/_preschool__air_jordan_1_retro_high_og__university_0_26591.jpeg;https:\/\/images.novelship.com\/product\/_preschool__air_jordan_1_retro_high_og__university_1_26591.jpeg;https:\/\/images.novelship.com\/product\/_preschool__air_jordan_1_retro_high_og__university_2_26591.jpeg;https:\/\/images.novelship.com\/product\/_preschool__air_jordan_1_retro_high_og__university_3_26591.jpeg;https:\/\/images.novelship.com\/product\/_preschool__air_jordan_1_retro_high_og__university_4_26591.jpeg;https:\/\/images.novelship.com\/product\/_preschool__air_jordan_1_retro_high_og__university_5_26591.jpeg;https:\/\/images.novelship.com\/product\/_preschool__air_jordan_1_retro_high_og__university_6_26591.jpeg;https:\/\/images.novelship.com\/product\/_preschool__air_jordan_1_retro_high_og__university_7_26591.jpeg","contentUrl":"https:\/\/images.novelship.com\/product\/_preschool__air_jordan_1_retro_high_og__university_0_26591.jpeg;https:\/\/images.novelship.com\/product\/_preschool__air_jordan_1_retro_high_og__university_1_26591.jpeg;https:\/\/images.novelship.com\/product\/_preschool__air_jordan_1_retro_high_og__university_2_26591.jpeg;https:\/\/images.novelship.com\/product\/_preschool__air_jordan_1_retro_high_og__university_3_26591.jpeg;https:\/\/images.novelship.com\/product\/_preschool__air_jordan_1_retro_high_og__university_4_26591.jpeg;https:\/\/images.novelship.com\/product\/_preschool__air_jordan_1_retro_high_og__university_5_26591.jpeg;https:\/\/images.novelship.com\/product\/_preschool__air_jordan_1_retro_high_og__university_6_26591.jpeg;https:\/\/images.novelship.com\/product\/_preschool__air_jordan_1_retro_high_og__university_7_26591.jpeg"},{"@type":"BreadcrumbList","@id":"https:\/\/tourcruiser.com\/fr\/products\/preschool-air-jordan-1-retro-high-og-university-blue-aq2664-134\/#breadcrumb","itemListElement":[{"@type":"ListItem","position":1,"name":"Home","item":"https:\/\/tourcruiser.com\/fr\/"},{"@type":"ListItem","position":2,"name":"Shop","item":"https:\/\/tourcruiser.com\/fr\/shop\/"},{"@type":"ListItem","position":3,"name":"(Preschool) Air Jordan 1 Retro High OG &#8216;University Blue&#8217; AQ2664-134"}]},{"@type":"WebSite","@id":"\/#website","url":"\/","name":"Styloral Jewelry Shop","description":"Tourcruiser Sneaker Store \u2014 L\u2019endroit o\u00f9 l\u2019univers rencontre votre singularit\u00e9.","publisher":{"@id":"\/#organization"},"potentialAction":[{"@type":"SearchAction","target":{"@type":"EntryPoint","urlTemplate":"\/?s={search_term_string}"},"query-input":{"@type":"PropertyValueSpecification","valueRequired":true,"valueName":"search_term_string"}}],"inLanguage":"fr-FR"},{"@type":"Organization","@id":"\/#organization","name":"STYLORAL PTE. LTD","url":"\/","logo":{"@type":"ImageObject","inLanguage":"fr-FR","@id":"\/#\/schema\/logo\/image\/","url":"https:\/\/www.tourcruiser.com\/wp-content\/uploads\/2025\/12\/logo.png","contentUrl":"https:\/\/www.tourcruiser.com\/wp-content\/uploads\/2025\/12\/logo.png","width":200,"height":65,"caption":"STYLORAL PTE. LTD"},"image":{"@id":"\/#\/schema\/logo\/image\/"}}]}},"_links":{"self":[{"href":"https:\/\/tourcruiser.com\/fr\/wp-json\/wp\/v2\/product\/760383","targetHints":{"allow":["GET"]}}],"collection":[{"href":"https:\/\/tourcruiser.com\/fr\/wp-json\/wp\/v2\/product"}],"about":[{"href":"https:\/\/tourcruiser.com\/fr\/wp-json\/wp\/v2\/types\/product"}],"replies":[{"embeddable":true,"href":"https:\/\/tourcruiser.com\/fr\/wp-json\/wp\/v2\/comments?post=760383"}],"wp:featuredmedia":[{"embeddable":true,"href":"https:\/\/tourcruiser.com\/fr\/wp-json\/wp\/v2\/media\/760384"}],"wp:attachment":[{"href":"https:\/\/tourcruiser.com\/fr\/wp-json\/wp\/v2\/media?parent=760383"}],"wp:term":[{"taxonomy":"product_brand","embeddable":true,"href":"https:\/\/tourcruiser.com\/fr\/wp-json\/wp\/v2\/product_brand?post=760383"},{"taxonomy":"product_cat","embeddable":true,"href":"https:\/\/tourcruiser.com\/fr\/wp-json\/wp\/v2\/product_cat?post=760383"},{"taxonomy":"product_tag","embeddable":true,"href":"https:\/\/tourcruiser.com\/fr\/wp-json\/wp\/v2\/product_tag?post=760383"}],"curies":[{"name":"wp","href":"https:\/\/api.w.org\/{rel}","templated":true}]}}