{"id":760374,"date":"2026-04-16T17:08:45","date_gmt":"2026-04-16T10:08:45","guid":{"rendered":"http:\/\/tourcruiser.com\/product\/air-jordan-1-low-retro-navy-309192-101"},"modified":"2026-04-17T22:50:53","modified_gmt":"2026-04-17T15:50:53","slug":"air-jordan-1-low-retro-navy-309192-101","status":"publish","type":"product","link":"https:\/\/tourcruiser.com\/fr\/products\/air-jordan-1-low-retro-navy-309192-101\/","title":{"rendered":"Air Jordan 1 Low Retro &lsquo;Navy&rsquo; 309192-101"},"content":{"rendered":"<p>La Air Jordan 1 Low Retro Navy, aussi appel\u00e9e \u00ab Navy \u00bb, est une sneaker \u00e9l\u00e9gante de la l\u00e9gendaire marque Jordan. Avec son coloris blanc \u00e9pur\u00e9 et le style Air Jordan inimitable, cette chaussure est id\u00e9ale pour un look d\u00e9contract\u00e9 comme pour le sport. La Air Jordan 1 Low Retro Navy vous assure un style tendance et un confort optimal.<\/p>\n<p>Coloris : Blanc\/Noir-Bleu nuit<\/p>\n<p>R\u00e9f\u00e9rence : 309192-101<\/p>\n<p>Tige : Cuir<\/p>\n<p>Semelle interm\u00e9diaire : Air<\/p>\n<p>Couleur : Bleu<\/p>\n<p>Designer : Peter Moore<\/p>\n<p>Saison : Toute l&rsquo;ann\u00e9e<\/p>\n<p>\u00c2ge : Adulte<\/p>\n<p>Couleur : Bleu<\/p>\n<p>Genre : Homme<\/p>\n","protected":false},"excerpt":{"rendered":"<p>La Air Jordan 1 Low Retro Navy, aussi appel\u00e9e \u00ab Navy \u00bb, est une sneaker \u00e9l\u00e9gante de la l\u00e9gendaire marque Jordan. Avec son coloris blanc \u00e9pur\u00e9 et le style Air Jordan inimitable, cette chaussure est id\u00e9ale pour un look d\u00e9contract\u00e9 comme pour le sport. La Air Jordan 1 Low Retro Navy vous assure un style [&hellip;]<\/p>\n","protected":false},"featured_media":760375,"comment_status":"open","ping_status":"closed","template":"","meta":[],"product_brand":[],"product_cat":[38880],"product_tag":[38841,39257,38840,10776,11349,38875,10756,38866,38902],"class_list":{"0":"post-760374","1":"product","2":"type-product","3":"status-publish","4":"has-post-thumbnail","6":"product_cat-jordan","7":"product_tag-casual-shoes","8":"product_tag-casual-shoes-inspired-by-basketball","9":"product_tag-gift-ideas-for-him","10":"product_tag-jordan","11":"product_tag-jordan-basketball-shoes","12":"product_tag-jordan-skateboard-shoes","13":"product_tag-retro-casual-shoes","14":"product_tag-sports-shoes","15":"product_tag-trendy-offers","17":"first","18":"instock","19":"taxable","20":"shipping-taxable","21":"purchasable","22":"product-type-simple"},"wcpa_form_fields":null,"yoast_head":"<!-- This site is optimized with the Yoast SEO plugin v26.5 - https:\/\/yoast.com\/wordpress\/plugins\/seo\/ -->\n<title>Air Jordan 1 Low Retro &#039;Navy&#039; 309192-101 - TOURCRUISER PTE. LTD<\/title>\n<meta name=\"robots\" content=\"index, follow, max-snippet:-1, max-image-preview:large, max-video-preview:-1\" \/>\n<link rel=\"canonical\" href=\"https:\/\/tourcruiser.com\/fr\/products\/air-jordan-1-low-retro-navy-309192-101\/\" \/>\n<meta property=\"og:locale\" content=\"fr_FR\" \/>\n<meta property=\"og:type\" content=\"article\" \/>\n<meta property=\"og:title\" content=\"Air Jordan 1 Low Retro &#039;Navy&#039; 309192-101 - TOURCRUISER PTE. LTD\" \/>\n<meta property=\"og:description\" content=\"La Air Jordan 1 Low Retro Navy, aussi appel\u00e9e \u00ab Navy \u00bb, est une sneaker \u00e9l\u00e9gante de la l\u00e9gendaire marque Jordan. Avec son coloris blanc \u00e9pur\u00e9 et le style Air Jordan inimitable, cette chaussure est id\u00e9ale pour un look d\u00e9contract\u00e9 comme pour le sport. La Air Jordan 1 Low Retro Navy vous assure un style [&hellip;]\" \/>\n<meta property=\"og:url\" content=\"https:\/\/tourcruiser.com\/fr\/products\/air-jordan-1-low-retro-navy-309192-101\/\" \/>\n<meta property=\"og:site_name\" content=\"Tourcruiser Sneaker Store\" \/>\n<meta property=\"article:modified_time\" content=\"2026-04-17T15:50:53+00:00\" \/>\n<meta name=\"twitter:card\" content=\"summary_large_image\" \/>\n<meta name=\"twitter:image\" content=\"https:\/\/images.novelship.com\/product\/air_jordan_1_low_retro__navy__309192-101_0_29299.jpeg;https:\/\/images.novelship.com\/product\/air_jordan_1_low_retro__navy__309192-101_1_29299.jpeg;https:\/\/images.novelship.com\/product\/air_jordan_1_low_retro__navy__309192-101_2_29299.jpeg;https:\/\/images.novelship.com\/product\/air_jordan_1_low_retro__navy__309192-101_3_29299.jpeg;https:\/\/images.novelship.com\/product\/air_jordan_1_low_retro__navy__309192-101_4_29299.jpeg;https:\/\/images.novelship.com\/product\/air_jordan_1_low_retro__navy__309192-101_5_29299.jpeg;https:\/\/images.novelship.com\/product\/air_jordan_1_low_retro__navy__309192-101_6_29300.jpeg;https:\/\/images.novelship.com\/product\/air_jordan_1_low_retro__navy__309192-101_7_29300.jpeg\" \/>\n<script type=\"application\/ld+json\" class=\"yoast-schema-graph\">{\"@context\":\"https:\/\/schema.org\",\"@graph\":[{\"@type\":\"WebPage\",\"@id\":\"https:\/\/tourcruiser.com\/fr\/products\/air-jordan-1-low-retro-navy-309192-101\/\",\"url\":\"https:\/\/tourcruiser.com\/fr\/products\/air-jordan-1-low-retro-navy-309192-101\/\",\"name\":\"Air Jordan 1 Low Retro 'Navy' 309192-101 - TOURCRUISER PTE. LTD\",\"isPartOf\":{\"@id\":\"\/#website\"},\"primaryImageOfPage\":{\"@id\":\"https:\/\/tourcruiser.com\/fr\/products\/air-jordan-1-low-retro-navy-309192-101\/#primaryimage\"},\"image\":{\"@id\":\"https:\/\/tourcruiser.com\/fr\/products\/air-jordan-1-low-retro-navy-309192-101\/#primaryimage\"},\"thumbnailUrl\":\"https:\/\/images.novelship.com\/product\/air_jordan_1_low_retro__navy__309192-101_0_29299.jpeg;https:\/\/images.novelship.com\/product\/air_jordan_1_low_retro__navy__309192-101_1_29299.jpeg;https:\/\/images.novelship.com\/product\/air_jordan_1_low_retro__navy__309192-101_2_29299.jpeg;https:\/\/images.novelship.com\/product\/air_jordan_1_low_retro__navy__309192-101_3_29299.jpeg;https:\/\/images.novelship.com\/product\/air_jordan_1_low_retro__navy__309192-101_4_29299.jpeg;https:\/\/images.novelship.com\/product\/air_jordan_1_low_retro__navy__309192-101_5_29299.jpeg;https:\/\/images.novelship.com\/product\/air_jordan_1_low_retro__navy__309192-101_6_29300.jpeg;https:\/\/images.novelship.com\/product\/air_jordan_1_low_retro__navy__309192-101_7_29300.jpeg\",\"datePublished\":\"2026-04-16T10:08:45+00:00\",\"dateModified\":\"2026-04-17T15:50:53+00:00\",\"breadcrumb\":{\"@id\":\"https:\/\/tourcruiser.com\/fr\/products\/air-jordan-1-low-retro-navy-309192-101\/#breadcrumb\"},\"inLanguage\":\"fr-FR\",\"potentialAction\":[{\"@type\":\"ReadAction\",\"target\":[\"https:\/\/tourcruiser.com\/fr\/products\/air-jordan-1-low-retro-navy-309192-101\/\"]}]},{\"@type\":\"ImageObject\",\"inLanguage\":\"fr-FR\",\"@id\":\"https:\/\/tourcruiser.com\/fr\/products\/air-jordan-1-low-retro-navy-309192-101\/#primaryimage\",\"url\":\"https:\/\/images.novelship.com\/product\/air_jordan_1_low_retro__navy__309192-101_0_29299.jpeg;https:\/\/images.novelship.com\/product\/air_jordan_1_low_retro__navy__309192-101_1_29299.jpeg;https:\/\/images.novelship.com\/product\/air_jordan_1_low_retro__navy__309192-101_2_29299.jpeg;https:\/\/images.novelship.com\/product\/air_jordan_1_low_retro__navy__309192-101_3_29299.jpeg;https:\/\/images.novelship.com\/product\/air_jordan_1_low_retro__navy__309192-101_4_29299.jpeg;https:\/\/images.novelship.com\/product\/air_jordan_1_low_retro__navy__309192-101_5_29299.jpeg;https:\/\/images.novelship.com\/product\/air_jordan_1_low_retro__navy__309192-101_6_29300.jpeg;https:\/\/images.novelship.com\/product\/air_jordan_1_low_retro__navy__309192-101_7_29300.jpeg\",\"contentUrl\":\"https:\/\/images.novelship.com\/product\/air_jordan_1_low_retro__navy__309192-101_0_29299.jpeg;https:\/\/images.novelship.com\/product\/air_jordan_1_low_retro__navy__309192-101_1_29299.jpeg;https:\/\/images.novelship.com\/product\/air_jordan_1_low_retro__navy__309192-101_2_29299.jpeg;https:\/\/images.novelship.com\/product\/air_jordan_1_low_retro__navy__309192-101_3_29299.jpeg;https:\/\/images.novelship.com\/product\/air_jordan_1_low_retro__navy__309192-101_4_29299.jpeg;https:\/\/images.novelship.com\/product\/air_jordan_1_low_retro__navy__309192-101_5_29299.jpeg;https:\/\/images.novelship.com\/product\/air_jordan_1_low_retro__navy__309192-101_6_29300.jpeg;https:\/\/images.novelship.com\/product\/air_jordan_1_low_retro__navy__309192-101_7_29300.jpeg\"},{\"@type\":\"BreadcrumbList\",\"@id\":\"https:\/\/tourcruiser.com\/fr\/products\/air-jordan-1-low-retro-navy-309192-101\/#breadcrumb\",\"itemListElement\":[{\"@type\":\"ListItem\",\"position\":1,\"name\":\"Home\",\"item\":\"https:\/\/tourcruiser.com\/fr\/\"},{\"@type\":\"ListItem\",\"position\":2,\"name\":\"Shop\",\"item\":\"https:\/\/tourcruiser.com\/fr\/shop\/\"},{\"@type\":\"ListItem\",\"position\":3,\"name\":\"Air Jordan 1 Low Retro &#8216;Navy&#8217; 309192-101\"}]},{\"@type\":\"WebSite\",\"@id\":\"\/#website\",\"url\":\"\/\",\"name\":\"Styloral Jewelry Shop\",\"description\":\"Tourcruiser Sneaker Store \u2014 L\u2019endroit o\u00f9 l\u2019univers rencontre votre singularit\u00e9.\",\"publisher\":{\"@id\":\"\/#organization\"},\"potentialAction\":[{\"@type\":\"SearchAction\",\"target\":{\"@type\":\"EntryPoint\",\"urlTemplate\":\"\/?s={search_term_string}\"},\"query-input\":{\"@type\":\"PropertyValueSpecification\",\"valueRequired\":true,\"valueName\":\"search_term_string\"}}],\"inLanguage\":\"fr-FR\"},{\"@type\":\"Organization\",\"@id\":\"\/#organization\",\"name\":\"STYLORAL PTE. LTD\",\"url\":\"\/\",\"logo\":{\"@type\":\"ImageObject\",\"inLanguage\":\"fr-FR\",\"@id\":\"\/#\/schema\/logo\/image\/\",\"url\":\"https:\/\/www.tourcruiser.com\/wp-content\/uploads\/2025\/12\/logo.png\",\"contentUrl\":\"https:\/\/www.tourcruiser.com\/wp-content\/uploads\/2025\/12\/logo.png\",\"width\":200,\"height\":65,\"caption\":\"STYLORAL PTE. LTD\"},\"image\":{\"@id\":\"\/#\/schema\/logo\/image\/\"}}]}<\/script>\n<!-- \/ Yoast SEO plugin. -->","yoast_head_json":{"title":"Air Jordan 1 Low Retro 'Navy' 309192-101 - TOURCRUISER PTE. LTD","robots":{"index":"index","follow":"follow","max-snippet":"max-snippet:-1","max-image-preview":"max-image-preview:large","max-video-preview":"max-video-preview:-1"},"canonical":"https:\/\/tourcruiser.com\/fr\/products\/air-jordan-1-low-retro-navy-309192-101\/","og_locale":"fr_FR","og_type":"article","og_title":"Air Jordan 1 Low Retro 'Navy' 309192-101 - TOURCRUISER PTE. LTD","og_description":"La Air Jordan 1 Low Retro Navy, aussi appel\u00e9e \u00ab Navy \u00bb, est une sneaker \u00e9l\u00e9gante de la l\u00e9gendaire marque Jordan. Avec son coloris blanc \u00e9pur\u00e9 et le style Air Jordan inimitable, cette chaussure est id\u00e9ale pour un look d\u00e9contract\u00e9 comme pour le sport. La Air Jordan 1 Low Retro Navy vous assure un style [&hellip;]","og_url":"https:\/\/tourcruiser.com\/fr\/products\/air-jordan-1-low-retro-navy-309192-101\/","og_site_name":"Tourcruiser Sneaker Store","article_modified_time":"2026-04-17T15:50:53+00:00","twitter_card":"summary_large_image","twitter_image":"https:\/\/images.novelship.com\/product\/air_jordan_1_low_retro__navy__309192-101_0_29299.jpeg;https:\/\/images.novelship.com\/product\/air_jordan_1_low_retro__navy__309192-101_1_29299.jpeg;https:\/\/images.novelship.com\/product\/air_jordan_1_low_retro__navy__309192-101_2_29299.jpeg;https:\/\/images.novelship.com\/product\/air_jordan_1_low_retro__navy__309192-101_3_29299.jpeg;https:\/\/images.novelship.com\/product\/air_jordan_1_low_retro__navy__309192-101_4_29299.jpeg;https:\/\/images.novelship.com\/product\/air_jordan_1_low_retro__navy__309192-101_5_29299.jpeg;https:\/\/images.novelship.com\/product\/air_jordan_1_low_retro__navy__309192-101_6_29300.jpeg;https:\/\/images.novelship.com\/product\/air_jordan_1_low_retro__navy__309192-101_7_29300.jpeg","schema":{"@context":"https:\/\/schema.org","@graph":[{"@type":"WebPage","@id":"https:\/\/tourcruiser.com\/fr\/products\/air-jordan-1-low-retro-navy-309192-101\/","url":"https:\/\/tourcruiser.com\/fr\/products\/air-jordan-1-low-retro-navy-309192-101\/","name":"Air Jordan 1 Low Retro 'Navy' 309192-101 - TOURCRUISER PTE. LTD","isPartOf":{"@id":"\/#website"},"primaryImageOfPage":{"@id":"https:\/\/tourcruiser.com\/fr\/products\/air-jordan-1-low-retro-navy-309192-101\/#primaryimage"},"image":{"@id":"https:\/\/tourcruiser.com\/fr\/products\/air-jordan-1-low-retro-navy-309192-101\/#primaryimage"},"thumbnailUrl":"https:\/\/images.novelship.com\/product\/air_jordan_1_low_retro__navy__309192-101_0_29299.jpeg;https:\/\/images.novelship.com\/product\/air_jordan_1_low_retro__navy__309192-101_1_29299.jpeg;https:\/\/images.novelship.com\/product\/air_jordan_1_low_retro__navy__309192-101_2_29299.jpeg;https:\/\/images.novelship.com\/product\/air_jordan_1_low_retro__navy__309192-101_3_29299.jpeg;https:\/\/images.novelship.com\/product\/air_jordan_1_low_retro__navy__309192-101_4_29299.jpeg;https:\/\/images.novelship.com\/product\/air_jordan_1_low_retro__navy__309192-101_5_29299.jpeg;https:\/\/images.novelship.com\/product\/air_jordan_1_low_retro__navy__309192-101_6_29300.jpeg;https:\/\/images.novelship.com\/product\/air_jordan_1_low_retro__navy__309192-101_7_29300.jpeg","datePublished":"2026-04-16T10:08:45+00:00","dateModified":"2026-04-17T15:50:53+00:00","breadcrumb":{"@id":"https:\/\/tourcruiser.com\/fr\/products\/air-jordan-1-low-retro-navy-309192-101\/#breadcrumb"},"inLanguage":"fr-FR","potentialAction":[{"@type":"ReadAction","target":["https:\/\/tourcruiser.com\/fr\/products\/air-jordan-1-low-retro-navy-309192-101\/"]}]},{"@type":"ImageObject","inLanguage":"fr-FR","@id":"https:\/\/tourcruiser.com\/fr\/products\/air-jordan-1-low-retro-navy-309192-101\/#primaryimage","url":"https:\/\/images.novelship.com\/product\/air_jordan_1_low_retro__navy__309192-101_0_29299.jpeg;https:\/\/images.novelship.com\/product\/air_jordan_1_low_retro__navy__309192-101_1_29299.jpeg;https:\/\/images.novelship.com\/product\/air_jordan_1_low_retro__navy__309192-101_2_29299.jpeg;https:\/\/images.novelship.com\/product\/air_jordan_1_low_retro__navy__309192-101_3_29299.jpeg;https:\/\/images.novelship.com\/product\/air_jordan_1_low_retro__navy__309192-101_4_29299.jpeg;https:\/\/images.novelship.com\/product\/air_jordan_1_low_retro__navy__309192-101_5_29299.jpeg;https:\/\/images.novelship.com\/product\/air_jordan_1_low_retro__navy__309192-101_6_29300.jpeg;https:\/\/images.novelship.com\/product\/air_jordan_1_low_retro__navy__309192-101_7_29300.jpeg","contentUrl":"https:\/\/images.novelship.com\/product\/air_jordan_1_low_retro__navy__309192-101_0_29299.jpeg;https:\/\/images.novelship.com\/product\/air_jordan_1_low_retro__navy__309192-101_1_29299.jpeg;https:\/\/images.novelship.com\/product\/air_jordan_1_low_retro__navy__309192-101_2_29299.jpeg;https:\/\/images.novelship.com\/product\/air_jordan_1_low_retro__navy__309192-101_3_29299.jpeg;https:\/\/images.novelship.com\/product\/air_jordan_1_low_retro__navy__309192-101_4_29299.jpeg;https:\/\/images.novelship.com\/product\/air_jordan_1_low_retro__navy__309192-101_5_29299.jpeg;https:\/\/images.novelship.com\/product\/air_jordan_1_low_retro__navy__309192-101_6_29300.jpeg;https:\/\/images.novelship.com\/product\/air_jordan_1_low_retro__navy__309192-101_7_29300.jpeg"},{"@type":"BreadcrumbList","@id":"https:\/\/tourcruiser.com\/fr\/products\/air-jordan-1-low-retro-navy-309192-101\/#breadcrumb","itemListElement":[{"@type":"ListItem","position":1,"name":"Home","item":"https:\/\/tourcruiser.com\/fr\/"},{"@type":"ListItem","position":2,"name":"Shop","item":"https:\/\/tourcruiser.com\/fr\/shop\/"},{"@type":"ListItem","position":3,"name":"Air Jordan 1 Low Retro &#8216;Navy&#8217; 309192-101"}]},{"@type":"WebSite","@id":"\/#website","url":"\/","name":"Styloral Jewelry Shop","description":"Tourcruiser Sneaker Store \u2014 L\u2019endroit o\u00f9 l\u2019univers rencontre votre singularit\u00e9.","publisher":{"@id":"\/#organization"},"potentialAction":[{"@type":"SearchAction","target":{"@type":"EntryPoint","urlTemplate":"\/?s={search_term_string}"},"query-input":{"@type":"PropertyValueSpecification","valueRequired":true,"valueName":"search_term_string"}}],"inLanguage":"fr-FR"},{"@type":"Organization","@id":"\/#organization","name":"STYLORAL PTE. LTD","url":"\/","logo":{"@type":"ImageObject","inLanguage":"fr-FR","@id":"\/#\/schema\/logo\/image\/","url":"https:\/\/www.tourcruiser.com\/wp-content\/uploads\/2025\/12\/logo.png","contentUrl":"https:\/\/www.tourcruiser.com\/wp-content\/uploads\/2025\/12\/logo.png","width":200,"height":65,"caption":"STYLORAL PTE. LTD"},"image":{"@id":"\/#\/schema\/logo\/image\/"}}]}},"_links":{"self":[{"href":"https:\/\/tourcruiser.com\/fr\/wp-json\/wp\/v2\/product\/760374","targetHints":{"allow":["GET"]}}],"collection":[{"href":"https:\/\/tourcruiser.com\/fr\/wp-json\/wp\/v2\/product"}],"about":[{"href":"https:\/\/tourcruiser.com\/fr\/wp-json\/wp\/v2\/types\/product"}],"replies":[{"embeddable":true,"href":"https:\/\/tourcruiser.com\/fr\/wp-json\/wp\/v2\/comments?post=760374"}],"wp:featuredmedia":[{"embeddable":true,"href":"https:\/\/tourcruiser.com\/fr\/wp-json\/wp\/v2\/media\/760375"}],"wp:attachment":[{"href":"https:\/\/tourcruiser.com\/fr\/wp-json\/wp\/v2\/media?parent=760374"}],"wp:term":[{"taxonomy":"product_brand","embeddable":true,"href":"https:\/\/tourcruiser.com\/fr\/wp-json\/wp\/v2\/product_brand?post=760374"},{"taxonomy":"product_cat","embeddable":true,"href":"https:\/\/tourcruiser.com\/fr\/wp-json\/wp\/v2\/product_cat?post=760374"},{"taxonomy":"product_tag","embeddable":true,"href":"https:\/\/tourcruiser.com\/fr\/wp-json\/wp\/v2\/product_tag?post=760374"}],"curies":[{"name":"wp","href":"https:\/\/api.w.org\/{rel}","templated":true}]}}