{"id":760359,"date":"2026-04-16T17:08:44","date_gmt":"2026-04-16T10:08:44","guid":{"rendered":"http:\/\/tourcruiser.com\/product\/grade-school-air-jordan-4-retro-black-cat-2020-408452-010"},"modified":"2026-04-17T22:50:53","modified_gmt":"2026-04-17T15:50:53","slug":"grade-school-air-jordan-4-retro-black-cat-2020-408452-010","status":"publish","type":"product","link":"https:\/\/tourcruiser.com\/fr\/products\/grade-school-air-jordan-4-retro-black-cat-2020-408452-010\/","title":{"rendered":"(Grade School) Air Jordan 4 Retro &lsquo;Black Cat&rsquo; 2020 408452-010"},"content":{"rendered":"<p>La Air Jordan 4 Retro Black Cat 2020 (GS) est une sneaker \u00e9l\u00e9gante et styl\u00e9e sign\u00e9e Jordan. Avec sa couleur noire et son design iconique, cette chaussure est id\u00e9ale pour les jeunes qui veulent affirmer leur style. Ajoutez une touche d&rsquo;originalit\u00e9 \u00e0 votre look et affichez l&rsquo;esprit du Black Cat avec ces baskets tendance.<\/p>\n<p>Coloris\u00a0: Noir\/Noir-Gris clair<br \/>\nCode article\u00a0: 408452-010<br \/>\nTige\u00a0: Cuir nubuck<br \/>\nSemelle interm\u00e9diaire\u00a0: Air<br \/>\nCouleur\u00a0: Noir<br \/>\nDesigner\u00a0: Tinker Hatfield<br \/>\nAnn\u00e9e de sortie\u00a0: 2020<\/p>\n<p>Couleur\u00a0: Noir\/Noir-Gris clair<br \/>\n\u00c2ge\u00a0: Adulte<br \/>\nCouleur\u00a0: Noir<br \/>\nGenre\u00a0: Jeune<\/p>\n","protected":false},"excerpt":{"rendered":"<p>La Air Jordan 4 Retro Black Cat 2020 (GS) est une sneaker \u00e9l\u00e9gante et styl\u00e9e sign\u00e9e Jordan. Avec sa couleur noire et son design iconique, cette chaussure est id\u00e9ale pour les jeunes qui veulent affirmer leur style. Ajoutez une touche d&rsquo;originalit\u00e9 \u00e0 votre look et affichez l&rsquo;esprit du Black Cat avec ces baskets tendance. Coloris\u00a0: [&hellip;]<\/p>\n","protected":false},"featured_media":760360,"comment_status":"open","ping_status":"closed","template":"","meta":[],"product_brand":[],"product_cat":[38880],"product_tag":[10750,38988,10776,11349,38875,10756,39039,38902],"class_list":{"0":"post-760359","1":"product","2":"type-product","3":"status-publish","4":"has-post-thumbnail","6":"product_cat-jordan","7":"product_tag-athleisure-shoes","8":"product_tag-casual-shoes-for-kids","9":"product_tag-jordan","10":"product_tag-jordan-basketball-shoes","11":"product_tag-jordan-skateboard-shoes","12":"product_tag-retro-casual-shoes","13":"product_tag-sneakers-for-kids","14":"product_tag-trendy-offers","16":"first","17":"instock","18":"taxable","19":"shipping-taxable","20":"purchasable","21":"product-type-simple"},"wcpa_form_fields":null,"yoast_head":"<!-- This site is optimized with the Yoast SEO plugin v26.5 - https:\/\/yoast.com\/wordpress\/plugins\/seo\/ -->\n<title>(Grade School) Air Jordan 4 Retro &#039;Black Cat&#039; 2020 408452-010 - TOURCRUISER PTE. LTD<\/title>\n<meta name=\"robots\" content=\"index, follow, max-snippet:-1, max-image-preview:large, max-video-preview:-1\" \/>\n<link rel=\"canonical\" href=\"https:\/\/tourcruiser.com\/fr\/products\/grade-school-air-jordan-4-retro-black-cat-2020-408452-010\/\" \/>\n<meta property=\"og:locale\" content=\"fr_FR\" \/>\n<meta property=\"og:type\" content=\"article\" \/>\n<meta property=\"og:title\" content=\"(Grade School) Air Jordan 4 Retro &#039;Black Cat&#039; 2020 408452-010 - TOURCRUISER PTE. LTD\" \/>\n<meta property=\"og:description\" content=\"La Air Jordan 4 Retro Black Cat 2020 (GS) est une sneaker \u00e9l\u00e9gante et styl\u00e9e sign\u00e9e Jordan. Avec sa couleur noire et son design iconique, cette chaussure est id\u00e9ale pour les jeunes qui veulent affirmer leur style. Ajoutez une touche d&rsquo;originalit\u00e9 \u00e0 votre look et affichez l&rsquo;esprit du Black Cat avec ces baskets tendance. Coloris\u00a0: [&hellip;]\" \/>\n<meta property=\"og:url\" content=\"https:\/\/tourcruiser.com\/fr\/products\/grade-school-air-jordan-4-retro-black-cat-2020-408452-010\/\" \/>\n<meta property=\"og:site_name\" content=\"Tourcruiser Sneaker Store\" \/>\n<meta property=\"article:modified_time\" content=\"2026-04-17T15:50:53+00:00\" \/>\n<meta name=\"twitter:card\" content=\"summary_large_image\" \/>\n<meta name=\"twitter:image\" content=\"https:\/\/images.novelship.com\/product\/_grade_school__air_jordan_4_retro__black_cat__2020_0_57892.jpeg;https:\/\/images.novelship.com\/product\/_grade_school__air_jordan_4_retro__black_cat__2020_1_57892.jpeg;https:\/\/images.novelship.com\/product\/_grade_school__air_jordan_4_retro__black_cat__2020_2_57892.jpeg;https:\/\/images.novelship.com\/product\/_grade_school__air_jordan_4_retro__black_cat__2020_3_57892.jpeg;https:\/\/images.novelship.com\/product\/_grade_school__air_jordan_4_retro__black_cat__2020_4_57892.jpeg;https:\/\/images.novelship.com\/product\/_grade_school__air_jordan_4_retro__black_cat__2020_5_57892.jpeg;https:\/\/images.novelship.com\/product\/_grade_school__air_jordan_4_retro__black_cat__2020_6_57892.jpeg;https:\/\/images.novelship.com\/product\/_grade_school__air_jordan_4_retro__black_cat__2020_7_57892.jpeg\" \/>\n<script type=\"application\/ld+json\" class=\"yoast-schema-graph\">{\"@context\":\"https:\/\/schema.org\",\"@graph\":[{\"@type\":\"WebPage\",\"@id\":\"https:\/\/tourcruiser.com\/fr\/products\/grade-school-air-jordan-4-retro-black-cat-2020-408452-010\/\",\"url\":\"https:\/\/tourcruiser.com\/fr\/products\/grade-school-air-jordan-4-retro-black-cat-2020-408452-010\/\",\"name\":\"(Grade School) Air Jordan 4 Retro 'Black Cat' 2020 408452-010 - TOURCRUISER PTE. LTD\",\"isPartOf\":{\"@id\":\"\/#website\"},\"primaryImageOfPage\":{\"@id\":\"https:\/\/tourcruiser.com\/fr\/products\/grade-school-air-jordan-4-retro-black-cat-2020-408452-010\/#primaryimage\"},\"image\":{\"@id\":\"https:\/\/tourcruiser.com\/fr\/products\/grade-school-air-jordan-4-retro-black-cat-2020-408452-010\/#primaryimage\"},\"thumbnailUrl\":\"https:\/\/images.novelship.com\/product\/_grade_school__air_jordan_4_retro__black_cat__2020_0_57892.jpeg;https:\/\/images.novelship.com\/product\/_grade_school__air_jordan_4_retro__black_cat__2020_1_57892.jpeg;https:\/\/images.novelship.com\/product\/_grade_school__air_jordan_4_retro__black_cat__2020_2_57892.jpeg;https:\/\/images.novelship.com\/product\/_grade_school__air_jordan_4_retro__black_cat__2020_3_57892.jpeg;https:\/\/images.novelship.com\/product\/_grade_school__air_jordan_4_retro__black_cat__2020_4_57892.jpeg;https:\/\/images.novelship.com\/product\/_grade_school__air_jordan_4_retro__black_cat__2020_5_57892.jpeg;https:\/\/images.novelship.com\/product\/_grade_school__air_jordan_4_retro__black_cat__2020_6_57892.jpeg;https:\/\/images.novelship.com\/product\/_grade_school__air_jordan_4_retro__black_cat__2020_7_57892.jpeg\",\"datePublished\":\"2026-04-16T10:08:44+00:00\",\"dateModified\":\"2026-04-17T15:50:53+00:00\",\"breadcrumb\":{\"@id\":\"https:\/\/tourcruiser.com\/fr\/products\/grade-school-air-jordan-4-retro-black-cat-2020-408452-010\/#breadcrumb\"},\"inLanguage\":\"fr-FR\",\"potentialAction\":[{\"@type\":\"ReadAction\",\"target\":[\"https:\/\/tourcruiser.com\/fr\/products\/grade-school-air-jordan-4-retro-black-cat-2020-408452-010\/\"]}]},{\"@type\":\"ImageObject\",\"inLanguage\":\"fr-FR\",\"@id\":\"https:\/\/tourcruiser.com\/fr\/products\/grade-school-air-jordan-4-retro-black-cat-2020-408452-010\/#primaryimage\",\"url\":\"https:\/\/images.novelship.com\/product\/_grade_school__air_jordan_4_retro__black_cat__2020_0_57892.jpeg;https:\/\/images.novelship.com\/product\/_grade_school__air_jordan_4_retro__black_cat__2020_1_57892.jpeg;https:\/\/images.novelship.com\/product\/_grade_school__air_jordan_4_retro__black_cat__2020_2_57892.jpeg;https:\/\/images.novelship.com\/product\/_grade_school__air_jordan_4_retro__black_cat__2020_3_57892.jpeg;https:\/\/images.novelship.com\/product\/_grade_school__air_jordan_4_retro__black_cat__2020_4_57892.jpeg;https:\/\/images.novelship.com\/product\/_grade_school__air_jordan_4_retro__black_cat__2020_5_57892.jpeg;https:\/\/images.novelship.com\/product\/_grade_school__air_jordan_4_retro__black_cat__2020_6_57892.jpeg;https:\/\/images.novelship.com\/product\/_grade_school__air_jordan_4_retro__black_cat__2020_7_57892.jpeg\",\"contentUrl\":\"https:\/\/images.novelship.com\/product\/_grade_school__air_jordan_4_retro__black_cat__2020_0_57892.jpeg;https:\/\/images.novelship.com\/product\/_grade_school__air_jordan_4_retro__black_cat__2020_1_57892.jpeg;https:\/\/images.novelship.com\/product\/_grade_school__air_jordan_4_retro__black_cat__2020_2_57892.jpeg;https:\/\/images.novelship.com\/product\/_grade_school__air_jordan_4_retro__black_cat__2020_3_57892.jpeg;https:\/\/images.novelship.com\/product\/_grade_school__air_jordan_4_retro__black_cat__2020_4_57892.jpeg;https:\/\/images.novelship.com\/product\/_grade_school__air_jordan_4_retro__black_cat__2020_5_57892.jpeg;https:\/\/images.novelship.com\/product\/_grade_school__air_jordan_4_retro__black_cat__2020_6_57892.jpeg;https:\/\/images.novelship.com\/product\/_grade_school__air_jordan_4_retro__black_cat__2020_7_57892.jpeg\"},{\"@type\":\"BreadcrumbList\",\"@id\":\"https:\/\/tourcruiser.com\/fr\/products\/grade-school-air-jordan-4-retro-black-cat-2020-408452-010\/#breadcrumb\",\"itemListElement\":[{\"@type\":\"ListItem\",\"position\":1,\"name\":\"Home\",\"item\":\"https:\/\/tourcruiser.com\/fr\/\"},{\"@type\":\"ListItem\",\"position\":2,\"name\":\"Shop\",\"item\":\"https:\/\/tourcruiser.com\/fr\/shop\/\"},{\"@type\":\"ListItem\",\"position\":3,\"name\":\"(Grade School) Air Jordan 4 Retro &#8216;Black Cat&#8217; 2020 408452-010\"}]},{\"@type\":\"WebSite\",\"@id\":\"\/#website\",\"url\":\"\/\",\"name\":\"Styloral Jewelry Shop\",\"description\":\"Tourcruiser Sneaker Store \u2014 L\u2019endroit o\u00f9 l\u2019univers rencontre votre singularit\u00e9.\",\"publisher\":{\"@id\":\"\/#organization\"},\"potentialAction\":[{\"@type\":\"SearchAction\",\"target\":{\"@type\":\"EntryPoint\",\"urlTemplate\":\"\/?s={search_term_string}\"},\"query-input\":{\"@type\":\"PropertyValueSpecification\",\"valueRequired\":true,\"valueName\":\"search_term_string\"}}],\"inLanguage\":\"fr-FR\"},{\"@type\":\"Organization\",\"@id\":\"\/#organization\",\"name\":\"STYLORAL PTE. LTD\",\"url\":\"\/\",\"logo\":{\"@type\":\"ImageObject\",\"inLanguage\":\"fr-FR\",\"@id\":\"\/#\/schema\/logo\/image\/\",\"url\":\"https:\/\/www.tourcruiser.com\/wp-content\/uploads\/2025\/12\/logo.png\",\"contentUrl\":\"https:\/\/www.tourcruiser.com\/wp-content\/uploads\/2025\/12\/logo.png\",\"width\":200,\"height\":65,\"caption\":\"STYLORAL PTE. LTD\"},\"image\":{\"@id\":\"\/#\/schema\/logo\/image\/\"}}]}<\/script>\n<!-- \/ Yoast SEO plugin. -->","yoast_head_json":{"title":"(Grade School) Air Jordan 4 Retro 'Black Cat' 2020 408452-010 - TOURCRUISER PTE. LTD","robots":{"index":"index","follow":"follow","max-snippet":"max-snippet:-1","max-image-preview":"max-image-preview:large","max-video-preview":"max-video-preview:-1"},"canonical":"https:\/\/tourcruiser.com\/fr\/products\/grade-school-air-jordan-4-retro-black-cat-2020-408452-010\/","og_locale":"fr_FR","og_type":"article","og_title":"(Grade School) Air Jordan 4 Retro 'Black Cat' 2020 408452-010 - TOURCRUISER PTE. LTD","og_description":"La Air Jordan 4 Retro Black Cat 2020 (GS) est une sneaker \u00e9l\u00e9gante et styl\u00e9e sign\u00e9e Jordan. Avec sa couleur noire et son design iconique, cette chaussure est id\u00e9ale pour les jeunes qui veulent affirmer leur style. Ajoutez une touche d&rsquo;originalit\u00e9 \u00e0 votre look et affichez l&rsquo;esprit du Black Cat avec ces baskets tendance. Coloris\u00a0: [&hellip;]","og_url":"https:\/\/tourcruiser.com\/fr\/products\/grade-school-air-jordan-4-retro-black-cat-2020-408452-010\/","og_site_name":"Tourcruiser Sneaker Store","article_modified_time":"2026-04-17T15:50:53+00:00","twitter_card":"summary_large_image","twitter_image":"https:\/\/images.novelship.com\/product\/_grade_school__air_jordan_4_retro__black_cat__2020_0_57892.jpeg;https:\/\/images.novelship.com\/product\/_grade_school__air_jordan_4_retro__black_cat__2020_1_57892.jpeg;https:\/\/images.novelship.com\/product\/_grade_school__air_jordan_4_retro__black_cat__2020_2_57892.jpeg;https:\/\/images.novelship.com\/product\/_grade_school__air_jordan_4_retro__black_cat__2020_3_57892.jpeg;https:\/\/images.novelship.com\/product\/_grade_school__air_jordan_4_retro__black_cat__2020_4_57892.jpeg;https:\/\/images.novelship.com\/product\/_grade_school__air_jordan_4_retro__black_cat__2020_5_57892.jpeg;https:\/\/images.novelship.com\/product\/_grade_school__air_jordan_4_retro__black_cat__2020_6_57892.jpeg;https:\/\/images.novelship.com\/product\/_grade_school__air_jordan_4_retro__black_cat__2020_7_57892.jpeg","schema":{"@context":"https:\/\/schema.org","@graph":[{"@type":"WebPage","@id":"https:\/\/tourcruiser.com\/fr\/products\/grade-school-air-jordan-4-retro-black-cat-2020-408452-010\/","url":"https:\/\/tourcruiser.com\/fr\/products\/grade-school-air-jordan-4-retro-black-cat-2020-408452-010\/","name":"(Grade School) Air Jordan 4 Retro 'Black Cat' 2020 408452-010 - TOURCRUISER PTE. LTD","isPartOf":{"@id":"\/#website"},"primaryImageOfPage":{"@id":"https:\/\/tourcruiser.com\/fr\/products\/grade-school-air-jordan-4-retro-black-cat-2020-408452-010\/#primaryimage"},"image":{"@id":"https:\/\/tourcruiser.com\/fr\/products\/grade-school-air-jordan-4-retro-black-cat-2020-408452-010\/#primaryimage"},"thumbnailUrl":"https:\/\/images.novelship.com\/product\/_grade_school__air_jordan_4_retro__black_cat__2020_0_57892.jpeg;https:\/\/images.novelship.com\/product\/_grade_school__air_jordan_4_retro__black_cat__2020_1_57892.jpeg;https:\/\/images.novelship.com\/product\/_grade_school__air_jordan_4_retro__black_cat__2020_2_57892.jpeg;https:\/\/images.novelship.com\/product\/_grade_school__air_jordan_4_retro__black_cat__2020_3_57892.jpeg;https:\/\/images.novelship.com\/product\/_grade_school__air_jordan_4_retro__black_cat__2020_4_57892.jpeg;https:\/\/images.novelship.com\/product\/_grade_school__air_jordan_4_retro__black_cat__2020_5_57892.jpeg;https:\/\/images.novelship.com\/product\/_grade_school__air_jordan_4_retro__black_cat__2020_6_57892.jpeg;https:\/\/images.novelship.com\/product\/_grade_school__air_jordan_4_retro__black_cat__2020_7_57892.jpeg","datePublished":"2026-04-16T10:08:44+00:00","dateModified":"2026-04-17T15:50:53+00:00","breadcrumb":{"@id":"https:\/\/tourcruiser.com\/fr\/products\/grade-school-air-jordan-4-retro-black-cat-2020-408452-010\/#breadcrumb"},"inLanguage":"fr-FR","potentialAction":[{"@type":"ReadAction","target":["https:\/\/tourcruiser.com\/fr\/products\/grade-school-air-jordan-4-retro-black-cat-2020-408452-010\/"]}]},{"@type":"ImageObject","inLanguage":"fr-FR","@id":"https:\/\/tourcruiser.com\/fr\/products\/grade-school-air-jordan-4-retro-black-cat-2020-408452-010\/#primaryimage","url":"https:\/\/images.novelship.com\/product\/_grade_school__air_jordan_4_retro__black_cat__2020_0_57892.jpeg;https:\/\/images.novelship.com\/product\/_grade_school__air_jordan_4_retro__black_cat__2020_1_57892.jpeg;https:\/\/images.novelship.com\/product\/_grade_school__air_jordan_4_retro__black_cat__2020_2_57892.jpeg;https:\/\/images.novelship.com\/product\/_grade_school__air_jordan_4_retro__black_cat__2020_3_57892.jpeg;https:\/\/images.novelship.com\/product\/_grade_school__air_jordan_4_retro__black_cat__2020_4_57892.jpeg;https:\/\/images.novelship.com\/product\/_grade_school__air_jordan_4_retro__black_cat__2020_5_57892.jpeg;https:\/\/images.novelship.com\/product\/_grade_school__air_jordan_4_retro__black_cat__2020_6_57892.jpeg;https:\/\/images.novelship.com\/product\/_grade_school__air_jordan_4_retro__black_cat__2020_7_57892.jpeg","contentUrl":"https:\/\/images.novelship.com\/product\/_grade_school__air_jordan_4_retro__black_cat__2020_0_57892.jpeg;https:\/\/images.novelship.com\/product\/_grade_school__air_jordan_4_retro__black_cat__2020_1_57892.jpeg;https:\/\/images.novelship.com\/product\/_grade_school__air_jordan_4_retro__black_cat__2020_2_57892.jpeg;https:\/\/images.novelship.com\/product\/_grade_school__air_jordan_4_retro__black_cat__2020_3_57892.jpeg;https:\/\/images.novelship.com\/product\/_grade_school__air_jordan_4_retro__black_cat__2020_4_57892.jpeg;https:\/\/images.novelship.com\/product\/_grade_school__air_jordan_4_retro__black_cat__2020_5_57892.jpeg;https:\/\/images.novelship.com\/product\/_grade_school__air_jordan_4_retro__black_cat__2020_6_57892.jpeg;https:\/\/images.novelship.com\/product\/_grade_school__air_jordan_4_retro__black_cat__2020_7_57892.jpeg"},{"@type":"BreadcrumbList","@id":"https:\/\/tourcruiser.com\/fr\/products\/grade-school-air-jordan-4-retro-black-cat-2020-408452-010\/#breadcrumb","itemListElement":[{"@type":"ListItem","position":1,"name":"Home","item":"https:\/\/tourcruiser.com\/fr\/"},{"@type":"ListItem","position":2,"name":"Shop","item":"https:\/\/tourcruiser.com\/fr\/shop\/"},{"@type":"ListItem","position":3,"name":"(Grade School) Air Jordan 4 Retro &#8216;Black Cat&#8217; 2020 408452-010"}]},{"@type":"WebSite","@id":"\/#website","url":"\/","name":"Styloral Jewelry Shop","description":"Tourcruiser Sneaker Store \u2014 L\u2019endroit o\u00f9 l\u2019univers rencontre votre singularit\u00e9.","publisher":{"@id":"\/#organization"},"potentialAction":[{"@type":"SearchAction","target":{"@type":"EntryPoint","urlTemplate":"\/?s={search_term_string}"},"query-input":{"@type":"PropertyValueSpecification","valueRequired":true,"valueName":"search_term_string"}}],"inLanguage":"fr-FR"},{"@type":"Organization","@id":"\/#organization","name":"STYLORAL PTE. LTD","url":"\/","logo":{"@type":"ImageObject","inLanguage":"fr-FR","@id":"\/#\/schema\/logo\/image\/","url":"https:\/\/www.tourcruiser.com\/wp-content\/uploads\/2025\/12\/logo.png","contentUrl":"https:\/\/www.tourcruiser.com\/wp-content\/uploads\/2025\/12\/logo.png","width":200,"height":65,"caption":"STYLORAL PTE. LTD"},"image":{"@id":"\/#\/schema\/logo\/image\/"}}]}},"_links":{"self":[{"href":"https:\/\/tourcruiser.com\/fr\/wp-json\/wp\/v2\/product\/760359","targetHints":{"allow":["GET"]}}],"collection":[{"href":"https:\/\/tourcruiser.com\/fr\/wp-json\/wp\/v2\/product"}],"about":[{"href":"https:\/\/tourcruiser.com\/fr\/wp-json\/wp\/v2\/types\/product"}],"replies":[{"embeddable":true,"href":"https:\/\/tourcruiser.com\/fr\/wp-json\/wp\/v2\/comments?post=760359"}],"wp:featuredmedia":[{"embeddable":true,"href":"https:\/\/tourcruiser.com\/fr\/wp-json\/wp\/v2\/media\/760360"}],"wp:attachment":[{"href":"https:\/\/tourcruiser.com\/fr\/wp-json\/wp\/v2\/media?parent=760359"}],"wp:term":[{"taxonomy":"product_brand","embeddable":true,"href":"https:\/\/tourcruiser.com\/fr\/wp-json\/wp\/v2\/product_brand?post=760359"},{"taxonomy":"product_cat","embeddable":true,"href":"https:\/\/tourcruiser.com\/fr\/wp-json\/wp\/v2\/product_cat?post=760359"},{"taxonomy":"product_tag","embeddable":true,"href":"https:\/\/tourcruiser.com\/fr\/wp-json\/wp\/v2\/product_tag?post=760359"}],"curies":[{"name":"wp","href":"https:\/\/api.w.org\/{rel}","templated":true}]}}