{"id":760332,"date":"2026-04-16T17:08:44","date_gmt":"2026-04-16T10:08:44","guid":{"rendered":"http:\/\/tourcruiser.com\/product\/women-air-jordan-1-retro-high-og-satin-shattered-backboard-av3725-010"},"modified":"2026-04-17T22:50:51","modified_gmt":"2026-04-17T15:50:51","slug":"women-air-jordan-1-retro-high-og-satin-shattered-backboard-av3725-010","status":"publish","type":"product","link":"https:\/\/tourcruiser.com\/fr\/products\/women-air-jordan-1-retro-high-og-satin-shattered-backboard-av3725-010\/","title":{"rendered":"(Women) Air Jordan 1 Retro High OG &lsquo;Satin Shattered Backboard&rsquo; AV3725-010"},"content":{"rendered":"<p>La Air Jordan 1 Retro High OG Satin Shattered Backboard est une sneaker incontournable pour femme. Cette Jordan arbore un design noir \u00e9l\u00e9gant et est confectionn\u00e9e en satin. Son surnom, \u00ab Satin Shattered Backboard \u00bb, refl\u00e8te son style unique. Apportez une touche de luxe \u00e0 votre collection de sneakers avec cette Jordan iconique et tendance.<\/p>\n<p>Coloris : Noir\/\u00c9toile de mer\/Voile\/Noir<\/p>\n<p>Code article : AV3725-010<\/p>\n<p>Tige : Cuir\/Satin<\/p>\n<p>Semelle interm\u00e9diaire : Air<\/p>\n<p>Couleur : Orange<\/p>\n<p>Cr\u00e9ateur : Peter Moore<\/p>\n<p>Saison : Printemps<\/p>\n<p>Ann\u00e9e de sortie : 2018<\/p>\n<p>\u00c2ge : Adulte<br \/>\nCouleur : Orange<br \/>\nGenre : Femme<\/p>\n","protected":false},"excerpt":{"rendered":"<p>La Air Jordan 1 Retro High OG Satin Shattered Backboard est une sneaker incontournable pour femme. Cette Jordan arbore un design noir \u00e9l\u00e9gant et est confectionn\u00e9e en satin. Son surnom, \u00ab Satin Shattered Backboard \u00bb, refl\u00e8te son style unique. Apportez une touche de luxe \u00e0 votre collection de sneakers avec cette Jordan iconique et tendance. [&hellip;]<\/p>\n","protected":false},"featured_media":760333,"comment_status":"open","ping_status":"closed","template":"","meta":[],"product_brand":[],"product_cat":[38880],"product_tag":[10800,38841,39257,38969,10776,11349,38875,10756,38866,38902],"class_list":{"0":"post-760332","1":"product","2":"type-product","3":"status-publish","4":"has-post-thumbnail","6":"product_cat-jordan","7":"product_tag-basketball-shoes","8":"product_tag-casual-shoes","9":"product_tag-casual-shoes-inspired-by-basketball","10":"product_tag-gift-ideas-for-her","11":"product_tag-jordan","12":"product_tag-jordan-basketball-shoes","13":"product_tag-jordan-skateboard-shoes","14":"product_tag-retro-casual-shoes","15":"product_tag-sports-shoes","16":"product_tag-trendy-offers","18":"first","19":"instock","20":"taxable","21":"shipping-taxable","22":"purchasable","23":"product-type-simple"},"wcpa_form_fields":null,"yoast_head":"<!-- This site is optimized with the Yoast SEO plugin v26.5 - https:\/\/yoast.com\/wordpress\/plugins\/seo\/ -->\n<title>(Women) Air Jordan 1 Retro High OG &#039;Satin Shattered Backboard&#039; AV3725-010 - TOURCRUISER PTE. LTD<\/title>\n<meta name=\"robots\" content=\"index, follow, max-snippet:-1, max-image-preview:large, max-video-preview:-1\" \/>\n<link rel=\"canonical\" href=\"https:\/\/tourcruiser.com\/fr\/products\/women-air-jordan-1-retro-high-og-satin-shattered-backboard-av3725-010\/\" \/>\n<meta property=\"og:locale\" content=\"fr_FR\" \/>\n<meta property=\"og:type\" content=\"article\" \/>\n<meta property=\"og:title\" content=\"(Women) Air Jordan 1 Retro High OG &#039;Satin Shattered Backboard&#039; AV3725-010 - TOURCRUISER PTE. LTD\" \/>\n<meta property=\"og:description\" content=\"La Air Jordan 1 Retro High OG Satin Shattered Backboard est une sneaker incontournable pour femme. Cette Jordan arbore un design noir \u00e9l\u00e9gant et est confectionn\u00e9e en satin. Son surnom, \u00ab Satin Shattered Backboard \u00bb, refl\u00e8te son style unique. Apportez une touche de luxe \u00e0 votre collection de sneakers avec cette Jordan iconique et tendance. [&hellip;]\" \/>\n<meta property=\"og:url\" content=\"https:\/\/tourcruiser.com\/fr\/products\/women-air-jordan-1-retro-high-og-satin-shattered-backboard-av3725-010\/\" \/>\n<meta property=\"og:site_name\" content=\"Tourcruiser Sneaker Store\" \/>\n<meta property=\"article:modified_time\" content=\"2026-04-17T15:50:51+00:00\" \/>\n<meta name=\"twitter:card\" content=\"summary_large_image\" \/>\n<meta name=\"twitter:image\" content=\"https:\/\/images.novelship.com\/product\/_women__air_jordan_1_retro_high_og__satin_shattere_0_11713.jpeg;https:\/\/images.novelship.com\/product\/_women__air_jordan_1_retro_high_og__satin_shattere_1_11714.jpeg;https:\/\/images.novelship.com\/product\/_women__air_jordan_1_retro_high_og__satin_shattere_2_11714.jpeg;https:\/\/images.novelship.com\/product\/_women__air_jordan_1_retro_high_og__satin_shattere_3_11714.jpeg;https:\/\/images.novelship.com\/product\/_women__air_jordan_1_retro_high_og__satin_shattere_4_11714.jpeg;https:\/\/images.novelship.com\/product\/_women__air_jordan_1_retro_high_og__satin_shattere_5_11714.jpeg;https:\/\/images.novelship.com\/product\/_women__air_jordan_1_retro_high_og__satin_shattere_6_11714.jpeg;https:\/\/images.novelship.com\/product\/_women__air_jordan_1_retro_high_og__satin_shattere_7_11714.jpeg\" \/>\n<script type=\"application\/ld+json\" class=\"yoast-schema-graph\">{\"@context\":\"https:\/\/schema.org\",\"@graph\":[{\"@type\":\"WebPage\",\"@id\":\"https:\/\/tourcruiser.com\/fr\/products\/women-air-jordan-1-retro-high-og-satin-shattered-backboard-av3725-010\/\",\"url\":\"https:\/\/tourcruiser.com\/fr\/products\/women-air-jordan-1-retro-high-og-satin-shattered-backboard-av3725-010\/\",\"name\":\"(Women) Air Jordan 1 Retro High OG 'Satin Shattered Backboard' AV3725-010 - TOURCRUISER PTE. LTD\",\"isPartOf\":{\"@id\":\"\/#website\"},\"primaryImageOfPage\":{\"@id\":\"https:\/\/tourcruiser.com\/fr\/products\/women-air-jordan-1-retro-high-og-satin-shattered-backboard-av3725-010\/#primaryimage\"},\"image\":{\"@id\":\"https:\/\/tourcruiser.com\/fr\/products\/women-air-jordan-1-retro-high-og-satin-shattered-backboard-av3725-010\/#primaryimage\"},\"thumbnailUrl\":\"https:\/\/images.novelship.com\/product\/_women__air_jordan_1_retro_high_og__satin_shattere_0_11713.jpeg;https:\/\/images.novelship.com\/product\/_women__air_jordan_1_retro_high_og__satin_shattere_1_11714.jpeg;https:\/\/images.novelship.com\/product\/_women__air_jordan_1_retro_high_og__satin_shattere_2_11714.jpeg;https:\/\/images.novelship.com\/product\/_women__air_jordan_1_retro_high_og__satin_shattere_3_11714.jpeg;https:\/\/images.novelship.com\/product\/_women__air_jordan_1_retro_high_og__satin_shattere_4_11714.jpeg;https:\/\/images.novelship.com\/product\/_women__air_jordan_1_retro_high_og__satin_shattere_5_11714.jpeg;https:\/\/images.novelship.com\/product\/_women__air_jordan_1_retro_high_og__satin_shattere_6_11714.jpeg;https:\/\/images.novelship.com\/product\/_women__air_jordan_1_retro_high_og__satin_shattere_7_11714.jpeg\",\"datePublished\":\"2026-04-16T10:08:44+00:00\",\"dateModified\":\"2026-04-17T15:50:51+00:00\",\"breadcrumb\":{\"@id\":\"https:\/\/tourcruiser.com\/fr\/products\/women-air-jordan-1-retro-high-og-satin-shattered-backboard-av3725-010\/#breadcrumb\"},\"inLanguage\":\"fr-FR\",\"potentialAction\":[{\"@type\":\"ReadAction\",\"target\":[\"https:\/\/tourcruiser.com\/fr\/products\/women-air-jordan-1-retro-high-og-satin-shattered-backboard-av3725-010\/\"]}]},{\"@type\":\"ImageObject\",\"inLanguage\":\"fr-FR\",\"@id\":\"https:\/\/tourcruiser.com\/fr\/products\/women-air-jordan-1-retro-high-og-satin-shattered-backboard-av3725-010\/#primaryimage\",\"url\":\"https:\/\/images.novelship.com\/product\/_women__air_jordan_1_retro_high_og__satin_shattere_0_11713.jpeg;https:\/\/images.novelship.com\/product\/_women__air_jordan_1_retro_high_og__satin_shattere_1_11714.jpeg;https:\/\/images.novelship.com\/product\/_women__air_jordan_1_retro_high_og__satin_shattere_2_11714.jpeg;https:\/\/images.novelship.com\/product\/_women__air_jordan_1_retro_high_og__satin_shattere_3_11714.jpeg;https:\/\/images.novelship.com\/product\/_women__air_jordan_1_retro_high_og__satin_shattere_4_11714.jpeg;https:\/\/images.novelship.com\/product\/_women__air_jordan_1_retro_high_og__satin_shattere_5_11714.jpeg;https:\/\/images.novelship.com\/product\/_women__air_jordan_1_retro_high_og__satin_shattere_6_11714.jpeg;https:\/\/images.novelship.com\/product\/_women__air_jordan_1_retro_high_og__satin_shattere_7_11714.jpeg\",\"contentUrl\":\"https:\/\/images.novelship.com\/product\/_women__air_jordan_1_retro_high_og__satin_shattere_0_11713.jpeg;https:\/\/images.novelship.com\/product\/_women__air_jordan_1_retro_high_og__satin_shattere_1_11714.jpeg;https:\/\/images.novelship.com\/product\/_women__air_jordan_1_retro_high_og__satin_shattere_2_11714.jpeg;https:\/\/images.novelship.com\/product\/_women__air_jordan_1_retro_high_og__satin_shattere_3_11714.jpeg;https:\/\/images.novelship.com\/product\/_women__air_jordan_1_retro_high_og__satin_shattere_4_11714.jpeg;https:\/\/images.novelship.com\/product\/_women__air_jordan_1_retro_high_og__satin_shattere_5_11714.jpeg;https:\/\/images.novelship.com\/product\/_women__air_jordan_1_retro_high_og__satin_shattere_6_11714.jpeg;https:\/\/images.novelship.com\/product\/_women__air_jordan_1_retro_high_og__satin_shattere_7_11714.jpeg\"},{\"@type\":\"BreadcrumbList\",\"@id\":\"https:\/\/tourcruiser.com\/fr\/products\/women-air-jordan-1-retro-high-og-satin-shattered-backboard-av3725-010\/#breadcrumb\",\"itemListElement\":[{\"@type\":\"ListItem\",\"position\":1,\"name\":\"Home\",\"item\":\"https:\/\/tourcruiser.com\/fr\/\"},{\"@type\":\"ListItem\",\"position\":2,\"name\":\"Shop\",\"item\":\"https:\/\/tourcruiser.com\/fr\/shop\/\"},{\"@type\":\"ListItem\",\"position\":3,\"name\":\"(Women) Air Jordan 1 Retro High OG &#8216;Satin Shattered Backboard&#8217; AV3725-010\"}]},{\"@type\":\"WebSite\",\"@id\":\"\/#website\",\"url\":\"\/\",\"name\":\"Styloral Jewelry Shop\",\"description\":\"Tourcruiser Sneaker Store \u2014 L\u2019endroit o\u00f9 l\u2019univers rencontre votre singularit\u00e9.\",\"publisher\":{\"@id\":\"\/#organization\"},\"potentialAction\":[{\"@type\":\"SearchAction\",\"target\":{\"@type\":\"EntryPoint\",\"urlTemplate\":\"\/?s={search_term_string}\"},\"query-input\":{\"@type\":\"PropertyValueSpecification\",\"valueRequired\":true,\"valueName\":\"search_term_string\"}}],\"inLanguage\":\"fr-FR\"},{\"@type\":\"Organization\",\"@id\":\"\/#organization\",\"name\":\"STYLORAL PTE. LTD\",\"url\":\"\/\",\"logo\":{\"@type\":\"ImageObject\",\"inLanguage\":\"fr-FR\",\"@id\":\"\/#\/schema\/logo\/image\/\",\"url\":\"https:\/\/www.tourcruiser.com\/wp-content\/uploads\/2025\/12\/logo.png\",\"contentUrl\":\"https:\/\/www.tourcruiser.com\/wp-content\/uploads\/2025\/12\/logo.png\",\"width\":200,\"height\":65,\"caption\":\"STYLORAL PTE. LTD\"},\"image\":{\"@id\":\"\/#\/schema\/logo\/image\/\"}}]}<\/script>\n<!-- \/ Yoast SEO plugin. -->","yoast_head_json":{"title":"(Women) Air Jordan 1 Retro High OG 'Satin Shattered Backboard' AV3725-010 - TOURCRUISER PTE. LTD","robots":{"index":"index","follow":"follow","max-snippet":"max-snippet:-1","max-image-preview":"max-image-preview:large","max-video-preview":"max-video-preview:-1"},"canonical":"https:\/\/tourcruiser.com\/fr\/products\/women-air-jordan-1-retro-high-og-satin-shattered-backboard-av3725-010\/","og_locale":"fr_FR","og_type":"article","og_title":"(Women) Air Jordan 1 Retro High OG 'Satin Shattered Backboard' AV3725-010 - TOURCRUISER PTE. LTD","og_description":"La Air Jordan 1 Retro High OG Satin Shattered Backboard est une sneaker incontournable pour femme. Cette Jordan arbore un design noir \u00e9l\u00e9gant et est confectionn\u00e9e en satin. Son surnom, \u00ab Satin Shattered Backboard \u00bb, refl\u00e8te son style unique. Apportez une touche de luxe \u00e0 votre collection de sneakers avec cette Jordan iconique et tendance. [&hellip;]","og_url":"https:\/\/tourcruiser.com\/fr\/products\/women-air-jordan-1-retro-high-og-satin-shattered-backboard-av3725-010\/","og_site_name":"Tourcruiser Sneaker Store","article_modified_time":"2026-04-17T15:50:51+00:00","twitter_card":"summary_large_image","twitter_image":"https:\/\/images.novelship.com\/product\/_women__air_jordan_1_retro_high_og__satin_shattere_0_11713.jpeg;https:\/\/images.novelship.com\/product\/_women__air_jordan_1_retro_high_og__satin_shattere_1_11714.jpeg;https:\/\/images.novelship.com\/product\/_women__air_jordan_1_retro_high_og__satin_shattere_2_11714.jpeg;https:\/\/images.novelship.com\/product\/_women__air_jordan_1_retro_high_og__satin_shattere_3_11714.jpeg;https:\/\/images.novelship.com\/product\/_women__air_jordan_1_retro_high_og__satin_shattere_4_11714.jpeg;https:\/\/images.novelship.com\/product\/_women__air_jordan_1_retro_high_og__satin_shattere_5_11714.jpeg;https:\/\/images.novelship.com\/product\/_women__air_jordan_1_retro_high_og__satin_shattere_6_11714.jpeg;https:\/\/images.novelship.com\/product\/_women__air_jordan_1_retro_high_og__satin_shattere_7_11714.jpeg","schema":{"@context":"https:\/\/schema.org","@graph":[{"@type":"WebPage","@id":"https:\/\/tourcruiser.com\/fr\/products\/women-air-jordan-1-retro-high-og-satin-shattered-backboard-av3725-010\/","url":"https:\/\/tourcruiser.com\/fr\/products\/women-air-jordan-1-retro-high-og-satin-shattered-backboard-av3725-010\/","name":"(Women) Air Jordan 1 Retro High OG 'Satin Shattered Backboard' AV3725-010 - TOURCRUISER PTE. LTD","isPartOf":{"@id":"\/#website"},"primaryImageOfPage":{"@id":"https:\/\/tourcruiser.com\/fr\/products\/women-air-jordan-1-retro-high-og-satin-shattered-backboard-av3725-010\/#primaryimage"},"image":{"@id":"https:\/\/tourcruiser.com\/fr\/products\/women-air-jordan-1-retro-high-og-satin-shattered-backboard-av3725-010\/#primaryimage"},"thumbnailUrl":"https:\/\/images.novelship.com\/product\/_women__air_jordan_1_retro_high_og__satin_shattere_0_11713.jpeg;https:\/\/images.novelship.com\/product\/_women__air_jordan_1_retro_high_og__satin_shattere_1_11714.jpeg;https:\/\/images.novelship.com\/product\/_women__air_jordan_1_retro_high_og__satin_shattere_2_11714.jpeg;https:\/\/images.novelship.com\/product\/_women__air_jordan_1_retro_high_og__satin_shattere_3_11714.jpeg;https:\/\/images.novelship.com\/product\/_women__air_jordan_1_retro_high_og__satin_shattere_4_11714.jpeg;https:\/\/images.novelship.com\/product\/_women__air_jordan_1_retro_high_og__satin_shattere_5_11714.jpeg;https:\/\/images.novelship.com\/product\/_women__air_jordan_1_retro_high_og__satin_shattere_6_11714.jpeg;https:\/\/images.novelship.com\/product\/_women__air_jordan_1_retro_high_og__satin_shattere_7_11714.jpeg","datePublished":"2026-04-16T10:08:44+00:00","dateModified":"2026-04-17T15:50:51+00:00","breadcrumb":{"@id":"https:\/\/tourcruiser.com\/fr\/products\/women-air-jordan-1-retro-high-og-satin-shattered-backboard-av3725-010\/#breadcrumb"},"inLanguage":"fr-FR","potentialAction":[{"@type":"ReadAction","target":["https:\/\/tourcruiser.com\/fr\/products\/women-air-jordan-1-retro-high-og-satin-shattered-backboard-av3725-010\/"]}]},{"@type":"ImageObject","inLanguage":"fr-FR","@id":"https:\/\/tourcruiser.com\/fr\/products\/women-air-jordan-1-retro-high-og-satin-shattered-backboard-av3725-010\/#primaryimage","url":"https:\/\/images.novelship.com\/product\/_women__air_jordan_1_retro_high_og__satin_shattere_0_11713.jpeg;https:\/\/images.novelship.com\/product\/_women__air_jordan_1_retro_high_og__satin_shattere_1_11714.jpeg;https:\/\/images.novelship.com\/product\/_women__air_jordan_1_retro_high_og__satin_shattere_2_11714.jpeg;https:\/\/images.novelship.com\/product\/_women__air_jordan_1_retro_high_og__satin_shattere_3_11714.jpeg;https:\/\/images.novelship.com\/product\/_women__air_jordan_1_retro_high_og__satin_shattere_4_11714.jpeg;https:\/\/images.novelship.com\/product\/_women__air_jordan_1_retro_high_og__satin_shattere_5_11714.jpeg;https:\/\/images.novelship.com\/product\/_women__air_jordan_1_retro_high_og__satin_shattere_6_11714.jpeg;https:\/\/images.novelship.com\/product\/_women__air_jordan_1_retro_high_og__satin_shattere_7_11714.jpeg","contentUrl":"https:\/\/images.novelship.com\/product\/_women__air_jordan_1_retro_high_og__satin_shattere_0_11713.jpeg;https:\/\/images.novelship.com\/product\/_women__air_jordan_1_retro_high_og__satin_shattere_1_11714.jpeg;https:\/\/images.novelship.com\/product\/_women__air_jordan_1_retro_high_og__satin_shattere_2_11714.jpeg;https:\/\/images.novelship.com\/product\/_women__air_jordan_1_retro_high_og__satin_shattere_3_11714.jpeg;https:\/\/images.novelship.com\/product\/_women__air_jordan_1_retro_high_og__satin_shattere_4_11714.jpeg;https:\/\/images.novelship.com\/product\/_women__air_jordan_1_retro_high_og__satin_shattere_5_11714.jpeg;https:\/\/images.novelship.com\/product\/_women__air_jordan_1_retro_high_og__satin_shattere_6_11714.jpeg;https:\/\/images.novelship.com\/product\/_women__air_jordan_1_retro_high_og__satin_shattere_7_11714.jpeg"},{"@type":"BreadcrumbList","@id":"https:\/\/tourcruiser.com\/fr\/products\/women-air-jordan-1-retro-high-og-satin-shattered-backboard-av3725-010\/#breadcrumb","itemListElement":[{"@type":"ListItem","position":1,"name":"Home","item":"https:\/\/tourcruiser.com\/fr\/"},{"@type":"ListItem","position":2,"name":"Shop","item":"https:\/\/tourcruiser.com\/fr\/shop\/"},{"@type":"ListItem","position":3,"name":"(Women) Air Jordan 1 Retro High OG &#8216;Satin Shattered Backboard&#8217; AV3725-010"}]},{"@type":"WebSite","@id":"\/#website","url":"\/","name":"Styloral Jewelry Shop","description":"Tourcruiser Sneaker Store \u2014 L\u2019endroit o\u00f9 l\u2019univers rencontre votre singularit\u00e9.","publisher":{"@id":"\/#organization"},"potentialAction":[{"@type":"SearchAction","target":{"@type":"EntryPoint","urlTemplate":"\/?s={search_term_string}"},"query-input":{"@type":"PropertyValueSpecification","valueRequired":true,"valueName":"search_term_string"}}],"inLanguage":"fr-FR"},{"@type":"Organization","@id":"\/#organization","name":"STYLORAL PTE. LTD","url":"\/","logo":{"@type":"ImageObject","inLanguage":"fr-FR","@id":"\/#\/schema\/logo\/image\/","url":"https:\/\/www.tourcruiser.com\/wp-content\/uploads\/2025\/12\/logo.png","contentUrl":"https:\/\/www.tourcruiser.com\/wp-content\/uploads\/2025\/12\/logo.png","width":200,"height":65,"caption":"STYLORAL PTE. LTD"},"image":{"@id":"\/#\/schema\/logo\/image\/"}}]}},"_links":{"self":[{"href":"https:\/\/tourcruiser.com\/fr\/wp-json\/wp\/v2\/product\/760332","targetHints":{"allow":["GET"]}}],"collection":[{"href":"https:\/\/tourcruiser.com\/fr\/wp-json\/wp\/v2\/product"}],"about":[{"href":"https:\/\/tourcruiser.com\/fr\/wp-json\/wp\/v2\/types\/product"}],"replies":[{"embeddable":true,"href":"https:\/\/tourcruiser.com\/fr\/wp-json\/wp\/v2\/comments?post=760332"}],"wp:featuredmedia":[{"embeddable":true,"href":"https:\/\/tourcruiser.com\/fr\/wp-json\/wp\/v2\/media\/760333"}],"wp:attachment":[{"href":"https:\/\/tourcruiser.com\/fr\/wp-json\/wp\/v2\/media?parent=760332"}],"wp:term":[{"taxonomy":"product_brand","embeddable":true,"href":"https:\/\/tourcruiser.com\/fr\/wp-json\/wp\/v2\/product_brand?post=760332"},{"taxonomy":"product_cat","embeddable":true,"href":"https:\/\/tourcruiser.com\/fr\/wp-json\/wp\/v2\/product_cat?post=760332"},{"taxonomy":"product_tag","embeddable":true,"href":"https:\/\/tourcruiser.com\/fr\/wp-json\/wp\/v2\/product_tag?post=760332"}],"curies":[{"name":"wp","href":"https:\/\/api.w.org\/{rel}","templated":true}]}}