{"id":760305,"date":"2026-04-16T17:08:43","date_gmt":"2026-04-16T10:08:43","guid":{"rendered":"http:\/\/tourcruiser.com\/product\/air-jordan-11-retro-cap-and-gown-378037-005"},"modified":"2026-04-17T22:50:48","modified_gmt":"2026-04-17T15:50:48","slug":"air-jordan-11-retro-cap-and-gown-378037-005","status":"publish","type":"product","link":"https:\/\/tourcruiser.com\/fr\/products\/air-jordan-11-retro-cap-and-gown-378037-005\/","title":{"rendered":"Air Jordan 11 Retro &lsquo;Cap and Gown&rsquo; 378037-005"},"content":{"rendered":"<p>La Air Jordan 11 Retro Cap and Gown, aussi appel\u00e9e Jordan Cap and Gown, est une sneaker \u00e9l\u00e9gante et styl\u00e9e sign\u00e9e Jordan. Son coloris noir classique la rend parfaite pour les occasions formelles comme d\u00e9contract\u00e9es. Avec son design r\u00e9tro et son confort optimal, la Air Jordan 11 Retro Cap and Gown est un incontournable pour les passionn\u00e9s de sneakers et les personnes soucieuses de leur style.<\/p>\n<p>Coloris\u00a0: Noir\/Noir\/Noir<\/p>\n<p>Code article\u00a0: 378037-005<\/p>\n<p>Tige\u00a0: Cuir verni\/Nubuck<\/p>\n<p>Semelle interm\u00e9diaire\u00a0: Air<\/p>\n<p>Couleur\u00a0: Noir<\/p>\n<p>Cr\u00e9ateur\u00a0: Tinker Hatfield<\/p>\n<p>Saison\u00a0: Printemps<\/p>\n<p>Ann\u00e9e de sortie\u00a0: 2018<\/p>\n<p>\u00c2ge\u00a0: Adulte<br \/>\nCouleur\u00a0: Noir<br \/>\nGenre\u00a0: Homme<\/p>\n","protected":false},"excerpt":{"rendered":"<p>La Air Jordan 11 Retro Cap and Gown, aussi appel\u00e9e Jordan Cap and Gown, est une sneaker \u00e9l\u00e9gante et styl\u00e9e sign\u00e9e Jordan. Son coloris noir classique la rend parfaite pour les occasions formelles comme d\u00e9contract\u00e9es. Avec son design r\u00e9tro et son confort optimal, la Air Jordan 11 Retro Cap and Gown est un incontournable pour [&hellip;]<\/p>\n","protected":false},"featured_media":760306,"comment_status":"open","ping_status":"closed","template":"","meta":[],"product_brand":[],"product_cat":[38880],"product_tag":[10800,38842,10776,11349,38875,11129,38846],"class_list":{"0":"post-760305","1":"product","2":"type-product","3":"status-publish","4":"has-post-thumbnail","6":"product_cat-jordan","7":"product_tag-basketball-shoes","8":"product_tag-gift-idea-for-him","9":"product_tag-jordan","10":"product_tag-jordan-basketball-shoes","11":"product_tag-jordan-skateboard-shoes","12":"product_tag-lightweight-basketball-shoes","13":"product_tag-performance-sports-shoes","15":"first","16":"instock","17":"taxable","18":"shipping-taxable","19":"purchasable","20":"product-type-simple"},"wcpa_form_fields":null,"yoast_head":"<!-- This site is optimized with the Yoast SEO plugin v26.5 - https:\/\/yoast.com\/wordpress\/plugins\/seo\/ -->\n<title>Air Jordan 11 Retro &#039;Cap and Gown&#039; 378037-005 - TOURCRUISER PTE. LTD<\/title>\n<meta name=\"robots\" content=\"index, follow, max-snippet:-1, max-image-preview:large, max-video-preview:-1\" \/>\n<link rel=\"canonical\" href=\"https:\/\/tourcruiser.com\/fr\/products\/air-jordan-11-retro-cap-and-gown-378037-005\/\" \/>\n<meta property=\"og:locale\" content=\"fr_FR\" \/>\n<meta property=\"og:type\" content=\"article\" \/>\n<meta property=\"og:title\" content=\"Air Jordan 11 Retro &#039;Cap and Gown&#039; 378037-005 - TOURCRUISER PTE. LTD\" \/>\n<meta property=\"og:description\" content=\"La Air Jordan 11 Retro Cap and Gown, aussi appel\u00e9e Jordan Cap and Gown, est une sneaker \u00e9l\u00e9gante et styl\u00e9e sign\u00e9e Jordan. Son coloris noir classique la rend parfaite pour les occasions formelles comme d\u00e9contract\u00e9es. Avec son design r\u00e9tro et son confort optimal, la Air Jordan 11 Retro Cap and Gown est un incontournable pour [&hellip;]\" \/>\n<meta property=\"og:url\" content=\"https:\/\/tourcruiser.com\/fr\/products\/air-jordan-11-retro-cap-and-gown-378037-005\/\" \/>\n<meta property=\"og:site_name\" content=\"Tourcruiser Sneaker Store\" \/>\n<meta property=\"article:modified_time\" content=\"2026-04-17T15:50:48+00:00\" \/>\n<meta name=\"twitter:card\" content=\"summary_large_image\" \/>\n<meta name=\"twitter:image\" content=\"https:\/\/images.novelship.com\/product\/air_jordan_11_retro__cap_and_gown__378037_005_0_59197.jpeg;https:\/\/images.novelship.com\/product\/air_jordan_11_retro__cap_and_gown__378037_005_1_59197.jpeg;https:\/\/images.novelship.com\/product\/air_jordan_11_retro__cap_and_gown__378037_005_2_59197.jpeg;https:\/\/images.novelship.com\/product\/air_jordan_11_retro__cap_and_gown__378037_005_3_59198.jpeg;https:\/\/images.novelship.com\/product\/air_jordan_11_retro__cap_and_gown__378037_005_4_59198.jpeg;https:\/\/images.novelship.com\/product\/air_jordan_11_retro__cap_and_gown__378037_005_5_59198.jpeg;https:\/\/images.novelship.com\/product\/air_jordan_11_retro__cap_and_gown__378037_005_6_59198.jpeg;https:\/\/images.novelship.com\/product\/air_jordan_11_retro__cap_and_gown__378037_005_7_59198.jpeg\" \/>\n<meta name=\"twitter:label1\" content=\"Dur\u00e9e de lecture estim\u00e9e\" \/>\n\t<meta name=\"twitter:data1\" content=\"1 minute\" \/>\n<script type=\"application\/ld+json\" class=\"yoast-schema-graph\">{\"@context\":\"https:\/\/schema.org\",\"@graph\":[{\"@type\":\"WebPage\",\"@id\":\"https:\/\/tourcruiser.com\/fr\/products\/air-jordan-11-retro-cap-and-gown-378037-005\/\",\"url\":\"https:\/\/tourcruiser.com\/fr\/products\/air-jordan-11-retro-cap-and-gown-378037-005\/\",\"name\":\"Air Jordan 11 Retro 'Cap and Gown' 378037-005 - TOURCRUISER PTE. LTD\",\"isPartOf\":{\"@id\":\"\/#website\"},\"primaryImageOfPage\":{\"@id\":\"https:\/\/tourcruiser.com\/fr\/products\/air-jordan-11-retro-cap-and-gown-378037-005\/#primaryimage\"},\"image\":{\"@id\":\"https:\/\/tourcruiser.com\/fr\/products\/air-jordan-11-retro-cap-and-gown-378037-005\/#primaryimage\"},\"thumbnailUrl\":\"https:\/\/images.novelship.com\/product\/air_jordan_11_retro__cap_and_gown__378037_005_0_59197.jpeg;https:\/\/images.novelship.com\/product\/air_jordan_11_retro__cap_and_gown__378037_005_1_59197.jpeg;https:\/\/images.novelship.com\/product\/air_jordan_11_retro__cap_and_gown__378037_005_2_59197.jpeg;https:\/\/images.novelship.com\/product\/air_jordan_11_retro__cap_and_gown__378037_005_3_59198.jpeg;https:\/\/images.novelship.com\/product\/air_jordan_11_retro__cap_and_gown__378037_005_4_59198.jpeg;https:\/\/images.novelship.com\/product\/air_jordan_11_retro__cap_and_gown__378037_005_5_59198.jpeg;https:\/\/images.novelship.com\/product\/air_jordan_11_retro__cap_and_gown__378037_005_6_59198.jpeg;https:\/\/images.novelship.com\/product\/air_jordan_11_retro__cap_and_gown__378037_005_7_59198.jpeg\",\"datePublished\":\"2026-04-16T10:08:43+00:00\",\"dateModified\":\"2026-04-17T15:50:48+00:00\",\"breadcrumb\":{\"@id\":\"https:\/\/tourcruiser.com\/fr\/products\/air-jordan-11-retro-cap-and-gown-378037-005\/#breadcrumb\"},\"inLanguage\":\"fr-FR\",\"potentialAction\":[{\"@type\":\"ReadAction\",\"target\":[\"https:\/\/tourcruiser.com\/fr\/products\/air-jordan-11-retro-cap-and-gown-378037-005\/\"]}]},{\"@type\":\"ImageObject\",\"inLanguage\":\"fr-FR\",\"@id\":\"https:\/\/tourcruiser.com\/fr\/products\/air-jordan-11-retro-cap-and-gown-378037-005\/#primaryimage\",\"url\":\"https:\/\/images.novelship.com\/product\/air_jordan_11_retro__cap_and_gown__378037_005_0_59197.jpeg;https:\/\/images.novelship.com\/product\/air_jordan_11_retro__cap_and_gown__378037_005_1_59197.jpeg;https:\/\/images.novelship.com\/product\/air_jordan_11_retro__cap_and_gown__378037_005_2_59197.jpeg;https:\/\/images.novelship.com\/product\/air_jordan_11_retro__cap_and_gown__378037_005_3_59198.jpeg;https:\/\/images.novelship.com\/product\/air_jordan_11_retro__cap_and_gown__378037_005_4_59198.jpeg;https:\/\/images.novelship.com\/product\/air_jordan_11_retro__cap_and_gown__378037_005_5_59198.jpeg;https:\/\/images.novelship.com\/product\/air_jordan_11_retro__cap_and_gown__378037_005_6_59198.jpeg;https:\/\/images.novelship.com\/product\/air_jordan_11_retro__cap_and_gown__378037_005_7_59198.jpeg\",\"contentUrl\":\"https:\/\/images.novelship.com\/product\/air_jordan_11_retro__cap_and_gown__378037_005_0_59197.jpeg;https:\/\/images.novelship.com\/product\/air_jordan_11_retro__cap_and_gown__378037_005_1_59197.jpeg;https:\/\/images.novelship.com\/product\/air_jordan_11_retro__cap_and_gown__378037_005_2_59197.jpeg;https:\/\/images.novelship.com\/product\/air_jordan_11_retro__cap_and_gown__378037_005_3_59198.jpeg;https:\/\/images.novelship.com\/product\/air_jordan_11_retro__cap_and_gown__378037_005_4_59198.jpeg;https:\/\/images.novelship.com\/product\/air_jordan_11_retro__cap_and_gown__378037_005_5_59198.jpeg;https:\/\/images.novelship.com\/product\/air_jordan_11_retro__cap_and_gown__378037_005_6_59198.jpeg;https:\/\/images.novelship.com\/product\/air_jordan_11_retro__cap_and_gown__378037_005_7_59198.jpeg\"},{\"@type\":\"BreadcrumbList\",\"@id\":\"https:\/\/tourcruiser.com\/fr\/products\/air-jordan-11-retro-cap-and-gown-378037-005\/#breadcrumb\",\"itemListElement\":[{\"@type\":\"ListItem\",\"position\":1,\"name\":\"Home\",\"item\":\"https:\/\/tourcruiser.com\/fr\/\"},{\"@type\":\"ListItem\",\"position\":2,\"name\":\"Shop\",\"item\":\"https:\/\/tourcruiser.com\/fr\/shop\/\"},{\"@type\":\"ListItem\",\"position\":3,\"name\":\"Air Jordan 11 Retro &#8216;Cap and Gown&#8217; 378037-005\"}]},{\"@type\":\"WebSite\",\"@id\":\"\/#website\",\"url\":\"\/\",\"name\":\"Styloral Jewelry Shop\",\"description\":\"Tourcruiser Sneaker Store \u2014 L\u2019endroit o\u00f9 l\u2019univers rencontre votre singularit\u00e9.\",\"publisher\":{\"@id\":\"\/#organization\"},\"potentialAction\":[{\"@type\":\"SearchAction\",\"target\":{\"@type\":\"EntryPoint\",\"urlTemplate\":\"\/?s={search_term_string}\"},\"query-input\":{\"@type\":\"PropertyValueSpecification\",\"valueRequired\":true,\"valueName\":\"search_term_string\"}}],\"inLanguage\":\"fr-FR\"},{\"@type\":\"Organization\",\"@id\":\"\/#organization\",\"name\":\"STYLORAL PTE. LTD\",\"url\":\"\/\",\"logo\":{\"@type\":\"ImageObject\",\"inLanguage\":\"fr-FR\",\"@id\":\"\/#\/schema\/logo\/image\/\",\"url\":\"https:\/\/www.tourcruiser.com\/wp-content\/uploads\/2025\/12\/logo.png\",\"contentUrl\":\"https:\/\/www.tourcruiser.com\/wp-content\/uploads\/2025\/12\/logo.png\",\"width\":200,\"height\":65,\"caption\":\"STYLORAL PTE. LTD\"},\"image\":{\"@id\":\"\/#\/schema\/logo\/image\/\"}}]}<\/script>\n<!-- \/ Yoast SEO plugin. -->","yoast_head_json":{"title":"Air Jordan 11 Retro 'Cap and Gown' 378037-005 - TOURCRUISER PTE. LTD","robots":{"index":"index","follow":"follow","max-snippet":"max-snippet:-1","max-image-preview":"max-image-preview:large","max-video-preview":"max-video-preview:-1"},"canonical":"https:\/\/tourcruiser.com\/fr\/products\/air-jordan-11-retro-cap-and-gown-378037-005\/","og_locale":"fr_FR","og_type":"article","og_title":"Air Jordan 11 Retro 'Cap and Gown' 378037-005 - TOURCRUISER PTE. LTD","og_description":"La Air Jordan 11 Retro Cap and Gown, aussi appel\u00e9e Jordan Cap and Gown, est une sneaker \u00e9l\u00e9gante et styl\u00e9e sign\u00e9e Jordan. Son coloris noir classique la rend parfaite pour les occasions formelles comme d\u00e9contract\u00e9es. Avec son design r\u00e9tro et son confort optimal, la Air Jordan 11 Retro Cap and Gown est un incontournable pour [&hellip;]","og_url":"https:\/\/tourcruiser.com\/fr\/products\/air-jordan-11-retro-cap-and-gown-378037-005\/","og_site_name":"Tourcruiser Sneaker Store","article_modified_time":"2026-04-17T15:50:48+00:00","twitter_card":"summary_large_image","twitter_image":"https:\/\/images.novelship.com\/product\/air_jordan_11_retro__cap_and_gown__378037_005_0_59197.jpeg;https:\/\/images.novelship.com\/product\/air_jordan_11_retro__cap_and_gown__378037_005_1_59197.jpeg;https:\/\/images.novelship.com\/product\/air_jordan_11_retro__cap_and_gown__378037_005_2_59197.jpeg;https:\/\/images.novelship.com\/product\/air_jordan_11_retro__cap_and_gown__378037_005_3_59198.jpeg;https:\/\/images.novelship.com\/product\/air_jordan_11_retro__cap_and_gown__378037_005_4_59198.jpeg;https:\/\/images.novelship.com\/product\/air_jordan_11_retro__cap_and_gown__378037_005_5_59198.jpeg;https:\/\/images.novelship.com\/product\/air_jordan_11_retro__cap_and_gown__378037_005_6_59198.jpeg;https:\/\/images.novelship.com\/product\/air_jordan_11_retro__cap_and_gown__378037_005_7_59198.jpeg","twitter_misc":{"Dur\u00e9e de lecture estim\u00e9e":"1 minute"},"schema":{"@context":"https:\/\/schema.org","@graph":[{"@type":"WebPage","@id":"https:\/\/tourcruiser.com\/fr\/products\/air-jordan-11-retro-cap-and-gown-378037-005\/","url":"https:\/\/tourcruiser.com\/fr\/products\/air-jordan-11-retro-cap-and-gown-378037-005\/","name":"Air Jordan 11 Retro 'Cap and Gown' 378037-005 - TOURCRUISER PTE. LTD","isPartOf":{"@id":"\/#website"},"primaryImageOfPage":{"@id":"https:\/\/tourcruiser.com\/fr\/products\/air-jordan-11-retro-cap-and-gown-378037-005\/#primaryimage"},"image":{"@id":"https:\/\/tourcruiser.com\/fr\/products\/air-jordan-11-retro-cap-and-gown-378037-005\/#primaryimage"},"thumbnailUrl":"https:\/\/images.novelship.com\/product\/air_jordan_11_retro__cap_and_gown__378037_005_0_59197.jpeg;https:\/\/images.novelship.com\/product\/air_jordan_11_retro__cap_and_gown__378037_005_1_59197.jpeg;https:\/\/images.novelship.com\/product\/air_jordan_11_retro__cap_and_gown__378037_005_2_59197.jpeg;https:\/\/images.novelship.com\/product\/air_jordan_11_retro__cap_and_gown__378037_005_3_59198.jpeg;https:\/\/images.novelship.com\/product\/air_jordan_11_retro__cap_and_gown__378037_005_4_59198.jpeg;https:\/\/images.novelship.com\/product\/air_jordan_11_retro__cap_and_gown__378037_005_5_59198.jpeg;https:\/\/images.novelship.com\/product\/air_jordan_11_retro__cap_and_gown__378037_005_6_59198.jpeg;https:\/\/images.novelship.com\/product\/air_jordan_11_retro__cap_and_gown__378037_005_7_59198.jpeg","datePublished":"2026-04-16T10:08:43+00:00","dateModified":"2026-04-17T15:50:48+00:00","breadcrumb":{"@id":"https:\/\/tourcruiser.com\/fr\/products\/air-jordan-11-retro-cap-and-gown-378037-005\/#breadcrumb"},"inLanguage":"fr-FR","potentialAction":[{"@type":"ReadAction","target":["https:\/\/tourcruiser.com\/fr\/products\/air-jordan-11-retro-cap-and-gown-378037-005\/"]}]},{"@type":"ImageObject","inLanguage":"fr-FR","@id":"https:\/\/tourcruiser.com\/fr\/products\/air-jordan-11-retro-cap-and-gown-378037-005\/#primaryimage","url":"https:\/\/images.novelship.com\/product\/air_jordan_11_retro__cap_and_gown__378037_005_0_59197.jpeg;https:\/\/images.novelship.com\/product\/air_jordan_11_retro__cap_and_gown__378037_005_1_59197.jpeg;https:\/\/images.novelship.com\/product\/air_jordan_11_retro__cap_and_gown__378037_005_2_59197.jpeg;https:\/\/images.novelship.com\/product\/air_jordan_11_retro__cap_and_gown__378037_005_3_59198.jpeg;https:\/\/images.novelship.com\/product\/air_jordan_11_retro__cap_and_gown__378037_005_4_59198.jpeg;https:\/\/images.novelship.com\/product\/air_jordan_11_retro__cap_and_gown__378037_005_5_59198.jpeg;https:\/\/images.novelship.com\/product\/air_jordan_11_retro__cap_and_gown__378037_005_6_59198.jpeg;https:\/\/images.novelship.com\/product\/air_jordan_11_retro__cap_and_gown__378037_005_7_59198.jpeg","contentUrl":"https:\/\/images.novelship.com\/product\/air_jordan_11_retro__cap_and_gown__378037_005_0_59197.jpeg;https:\/\/images.novelship.com\/product\/air_jordan_11_retro__cap_and_gown__378037_005_1_59197.jpeg;https:\/\/images.novelship.com\/product\/air_jordan_11_retro__cap_and_gown__378037_005_2_59197.jpeg;https:\/\/images.novelship.com\/product\/air_jordan_11_retro__cap_and_gown__378037_005_3_59198.jpeg;https:\/\/images.novelship.com\/product\/air_jordan_11_retro__cap_and_gown__378037_005_4_59198.jpeg;https:\/\/images.novelship.com\/product\/air_jordan_11_retro__cap_and_gown__378037_005_5_59198.jpeg;https:\/\/images.novelship.com\/product\/air_jordan_11_retro__cap_and_gown__378037_005_6_59198.jpeg;https:\/\/images.novelship.com\/product\/air_jordan_11_retro__cap_and_gown__378037_005_7_59198.jpeg"},{"@type":"BreadcrumbList","@id":"https:\/\/tourcruiser.com\/fr\/products\/air-jordan-11-retro-cap-and-gown-378037-005\/#breadcrumb","itemListElement":[{"@type":"ListItem","position":1,"name":"Home","item":"https:\/\/tourcruiser.com\/fr\/"},{"@type":"ListItem","position":2,"name":"Shop","item":"https:\/\/tourcruiser.com\/fr\/shop\/"},{"@type":"ListItem","position":3,"name":"Air Jordan 11 Retro &#8216;Cap and Gown&#8217; 378037-005"}]},{"@type":"WebSite","@id":"\/#website","url":"\/","name":"Styloral Jewelry Shop","description":"Tourcruiser Sneaker Store \u2014 L\u2019endroit o\u00f9 l\u2019univers rencontre votre singularit\u00e9.","publisher":{"@id":"\/#organization"},"potentialAction":[{"@type":"SearchAction","target":{"@type":"EntryPoint","urlTemplate":"\/?s={search_term_string}"},"query-input":{"@type":"PropertyValueSpecification","valueRequired":true,"valueName":"search_term_string"}}],"inLanguage":"fr-FR"},{"@type":"Organization","@id":"\/#organization","name":"STYLORAL PTE. LTD","url":"\/","logo":{"@type":"ImageObject","inLanguage":"fr-FR","@id":"\/#\/schema\/logo\/image\/","url":"https:\/\/www.tourcruiser.com\/wp-content\/uploads\/2025\/12\/logo.png","contentUrl":"https:\/\/www.tourcruiser.com\/wp-content\/uploads\/2025\/12\/logo.png","width":200,"height":65,"caption":"STYLORAL PTE. LTD"},"image":{"@id":"\/#\/schema\/logo\/image\/"}}]}},"_links":{"self":[{"href":"https:\/\/tourcruiser.com\/fr\/wp-json\/wp\/v2\/product\/760305","targetHints":{"allow":["GET"]}}],"collection":[{"href":"https:\/\/tourcruiser.com\/fr\/wp-json\/wp\/v2\/product"}],"about":[{"href":"https:\/\/tourcruiser.com\/fr\/wp-json\/wp\/v2\/types\/product"}],"replies":[{"embeddable":true,"href":"https:\/\/tourcruiser.com\/fr\/wp-json\/wp\/v2\/comments?post=760305"}],"wp:featuredmedia":[{"embeddable":true,"href":"https:\/\/tourcruiser.com\/fr\/wp-json\/wp\/v2\/media\/760306"}],"wp:attachment":[{"href":"https:\/\/tourcruiser.com\/fr\/wp-json\/wp\/v2\/media?parent=760305"}],"wp:term":[{"taxonomy":"product_brand","embeddable":true,"href":"https:\/\/tourcruiser.com\/fr\/wp-json\/wp\/v2\/product_brand?post=760305"},{"taxonomy":"product_cat","embeddable":true,"href":"https:\/\/tourcruiser.com\/fr\/wp-json\/wp\/v2\/product_cat?post=760305"},{"taxonomy":"product_tag","embeddable":true,"href":"https:\/\/tourcruiser.com\/fr\/wp-json\/wp\/v2\/product_tag?post=760305"}],"curies":[{"name":"wp","href":"https:\/\/api.w.org\/{rel}","templated":true}]}}