{"id":760278,"date":"2026-04-16T17:08:42","date_gmt":"2026-04-16T10:08:42","guid":{"rendered":"http:\/\/tourcruiser.com\/product\/air-jordan-1-retro-high-og-black-toe-2013-555088-184"},"modified":"2026-04-17T22:50:47","modified_gmt":"2026-04-17T15:50:47","slug":"air-jordan-1-retro-high-og-black-toe-2013-555088-184","status":"publish","type":"product","link":"https:\/\/tourcruiser.com\/fr\/products\/air-jordan-1-retro-high-og-black-toe-2013-555088-184\/","title":{"rendered":"Air Jordan 1 Retro High OG &lsquo;Black Toe&rsquo; 2013 555088-184"},"content":{"rendered":"<p>D\u00e9couvrez la Air Jordan 1 Retro High OG Black Toe 2013, aussi appel\u00e9e Black Toe. Cette chaussure Jordan embl\u00e9matique arbore un design noir et blanc \u00e9l\u00e9gant et est un incontournable pour tout amateur de sneakers. Affirmez votre style avec ce mod\u00e8le classique et styl\u00e9 de Jordan.<\/p>\n<p>Coloris\u00a0: Blanc\/Noir\/Rouge Gym<br \/>\nCode article\u00a0: 555088-184<br \/>\nTige\u00a0: Cuir<br \/>\nSemelle interm\u00e9diaire\u00a0: Air<br \/>\nCouleur\u00a0: Multicolore<br \/>\nDesigner\u00a0: Peter Moore<br \/>\nSaison\u00a0: Printemps<br \/>\nAnn\u00e9e de sortie\u00a0: 2013<\/p>\n<p>Couleur\u00a0: Multicolore<br \/>\n\u00c2ge\u00a0: Adulte<br \/>\nCouleur\u00a0: Multicolore<br \/>\nGenre\u00a0: Homme<\/p>\n","protected":false},"excerpt":{"rendered":"<p>D\u00e9couvrez la Air Jordan 1 Retro High OG Black Toe 2013, aussi appel\u00e9e Black Toe. Cette chaussure Jordan embl\u00e9matique arbore un design noir et blanc \u00e9l\u00e9gant et est un incontournable pour tout amateur de sneakers. Affirmez votre style avec ce mod\u00e8le classique et styl\u00e9 de Jordan. Coloris\u00a0: Blanc\/Noir\/Rouge Gym Code article\u00a0: 555088-184 Tige\u00a0: Cuir Semelle [&hellip;]<\/p>\n","protected":false},"featured_media":760279,"comment_status":"open","ping_status":"closed","template":"","meta":[],"product_brand":[],"product_cat":[38880],"product_tag":[10800,38841,39257,38840,10776,11349,38875,10756,38866,38902],"class_list":{"0":"post-760278","1":"product","2":"type-product","3":"status-publish","4":"has-post-thumbnail","6":"product_cat-jordan","7":"product_tag-basketball-shoes","8":"product_tag-casual-shoes","9":"product_tag-casual-shoes-inspired-by-basketball","10":"product_tag-gift-ideas-for-him","11":"product_tag-jordan","12":"product_tag-jordan-basketball-shoes","13":"product_tag-jordan-skateboard-shoes","14":"product_tag-retro-casual-shoes","15":"product_tag-sports-shoes","16":"product_tag-trendy-offers","18":"first","19":"instock","20":"taxable","21":"shipping-taxable","22":"purchasable","23":"product-type-simple"},"wcpa_form_fields":null,"yoast_head":"<!-- This site is optimized with the Yoast SEO plugin v26.5 - https:\/\/yoast.com\/wordpress\/plugins\/seo\/ -->\n<title>Air Jordan 1 Retro High OG &#039;Black Toe&#039; 2013 555088-184 - TOURCRUISER PTE. LTD<\/title>\n<meta name=\"robots\" content=\"index, follow, max-snippet:-1, max-image-preview:large, max-video-preview:-1\" \/>\n<link rel=\"canonical\" href=\"https:\/\/tourcruiser.com\/fr\/products\/air-jordan-1-retro-high-og-black-toe-2013-555088-184\/\" \/>\n<meta property=\"og:locale\" content=\"fr_FR\" \/>\n<meta property=\"og:type\" content=\"article\" \/>\n<meta property=\"og:title\" content=\"Air Jordan 1 Retro High OG &#039;Black Toe&#039; 2013 555088-184 - TOURCRUISER PTE. LTD\" \/>\n<meta property=\"og:description\" content=\"D\u00e9couvrez la Air Jordan 1 Retro High OG Black Toe 2013, aussi appel\u00e9e Black Toe. Cette chaussure Jordan embl\u00e9matique arbore un design noir et blanc \u00e9l\u00e9gant et est un incontournable pour tout amateur de sneakers. Affirmez votre style avec ce mod\u00e8le classique et styl\u00e9 de Jordan. Coloris\u00a0: Blanc\/Noir\/Rouge Gym Code article\u00a0: 555088-184 Tige\u00a0: Cuir Semelle [&hellip;]\" \/>\n<meta property=\"og:url\" content=\"https:\/\/tourcruiser.com\/fr\/products\/air-jordan-1-retro-high-og-black-toe-2013-555088-184\/\" \/>\n<meta property=\"og:site_name\" content=\"Tourcruiser Sneaker Store\" \/>\n<meta property=\"article:modified_time\" content=\"2026-04-17T15:50:47+00:00\" \/>\n<meta name=\"twitter:card\" content=\"summary_large_image\" \/>\n<meta name=\"twitter:image\" content=\"https:\/\/images.novelship.com\/product\/air_jordan_1_retro_high_og__black_toe__2013_555088_0_63047.jpeg;https:\/\/images.novelship.com\/product\/air_jordan_1_retro_high_og__black_toe__2013_555088_1_63047.jpeg;https:\/\/images.novelship.com\/product\/air_jordan_1_retro_high_og__black_toe__2013_555088_2_63047.jpeg;https:\/\/images.novelship.com\/product\/air_jordan_1_retro_high_og__black_toe__2013_555088_3_63047.jpeg;https:\/\/images.novelship.com\/product\/air_jordan_1_retro_high_og__black_toe__2013_555088_4_63047.jpeg;https:\/\/images.novelship.com\/product\/air_jordan_1_retro_high_og__black_toe__2013_555088_5_63047.jpeg;https:\/\/images.novelship.com\/product\/air_jordan_1_retro_high_og__black_toe__2013_555088_6_63047.jpeg;https:\/\/images.novelship.com\/product\/air_jordan_1_retro_high_og__black_toe__2013_555088_7_63047.jpeg\" \/>\n<script type=\"application\/ld+json\" class=\"yoast-schema-graph\">{\"@context\":\"https:\/\/schema.org\",\"@graph\":[{\"@type\":\"WebPage\",\"@id\":\"https:\/\/tourcruiser.com\/fr\/products\/air-jordan-1-retro-high-og-black-toe-2013-555088-184\/\",\"url\":\"https:\/\/tourcruiser.com\/fr\/products\/air-jordan-1-retro-high-og-black-toe-2013-555088-184\/\",\"name\":\"Air Jordan 1 Retro High OG 'Black Toe' 2013 555088-184 - TOURCRUISER PTE. LTD\",\"isPartOf\":{\"@id\":\"\/#website\"},\"primaryImageOfPage\":{\"@id\":\"https:\/\/tourcruiser.com\/fr\/products\/air-jordan-1-retro-high-og-black-toe-2013-555088-184\/#primaryimage\"},\"image\":{\"@id\":\"https:\/\/tourcruiser.com\/fr\/products\/air-jordan-1-retro-high-og-black-toe-2013-555088-184\/#primaryimage\"},\"thumbnailUrl\":\"https:\/\/images.novelship.com\/product\/air_jordan_1_retro_high_og__black_toe__2013_555088_0_63047.jpeg;https:\/\/images.novelship.com\/product\/air_jordan_1_retro_high_og__black_toe__2013_555088_1_63047.jpeg;https:\/\/images.novelship.com\/product\/air_jordan_1_retro_high_og__black_toe__2013_555088_2_63047.jpeg;https:\/\/images.novelship.com\/product\/air_jordan_1_retro_high_og__black_toe__2013_555088_3_63047.jpeg;https:\/\/images.novelship.com\/product\/air_jordan_1_retro_high_og__black_toe__2013_555088_4_63047.jpeg;https:\/\/images.novelship.com\/product\/air_jordan_1_retro_high_og__black_toe__2013_555088_5_63047.jpeg;https:\/\/images.novelship.com\/product\/air_jordan_1_retro_high_og__black_toe__2013_555088_6_63047.jpeg;https:\/\/images.novelship.com\/product\/air_jordan_1_retro_high_og__black_toe__2013_555088_7_63047.jpeg\",\"datePublished\":\"2026-04-16T10:08:42+00:00\",\"dateModified\":\"2026-04-17T15:50:47+00:00\",\"breadcrumb\":{\"@id\":\"https:\/\/tourcruiser.com\/fr\/products\/air-jordan-1-retro-high-og-black-toe-2013-555088-184\/#breadcrumb\"},\"inLanguage\":\"fr-FR\",\"potentialAction\":[{\"@type\":\"ReadAction\",\"target\":[\"https:\/\/tourcruiser.com\/fr\/products\/air-jordan-1-retro-high-og-black-toe-2013-555088-184\/\"]}]},{\"@type\":\"ImageObject\",\"inLanguage\":\"fr-FR\",\"@id\":\"https:\/\/tourcruiser.com\/fr\/products\/air-jordan-1-retro-high-og-black-toe-2013-555088-184\/#primaryimage\",\"url\":\"https:\/\/images.novelship.com\/product\/air_jordan_1_retro_high_og__black_toe__2013_555088_0_63047.jpeg;https:\/\/images.novelship.com\/product\/air_jordan_1_retro_high_og__black_toe__2013_555088_1_63047.jpeg;https:\/\/images.novelship.com\/product\/air_jordan_1_retro_high_og__black_toe__2013_555088_2_63047.jpeg;https:\/\/images.novelship.com\/product\/air_jordan_1_retro_high_og__black_toe__2013_555088_3_63047.jpeg;https:\/\/images.novelship.com\/product\/air_jordan_1_retro_high_og__black_toe__2013_555088_4_63047.jpeg;https:\/\/images.novelship.com\/product\/air_jordan_1_retro_high_og__black_toe__2013_555088_5_63047.jpeg;https:\/\/images.novelship.com\/product\/air_jordan_1_retro_high_og__black_toe__2013_555088_6_63047.jpeg;https:\/\/images.novelship.com\/product\/air_jordan_1_retro_high_og__black_toe__2013_555088_7_63047.jpeg\",\"contentUrl\":\"https:\/\/images.novelship.com\/product\/air_jordan_1_retro_high_og__black_toe__2013_555088_0_63047.jpeg;https:\/\/images.novelship.com\/product\/air_jordan_1_retro_high_og__black_toe__2013_555088_1_63047.jpeg;https:\/\/images.novelship.com\/product\/air_jordan_1_retro_high_og__black_toe__2013_555088_2_63047.jpeg;https:\/\/images.novelship.com\/product\/air_jordan_1_retro_high_og__black_toe__2013_555088_3_63047.jpeg;https:\/\/images.novelship.com\/product\/air_jordan_1_retro_high_og__black_toe__2013_555088_4_63047.jpeg;https:\/\/images.novelship.com\/product\/air_jordan_1_retro_high_og__black_toe__2013_555088_5_63047.jpeg;https:\/\/images.novelship.com\/product\/air_jordan_1_retro_high_og__black_toe__2013_555088_6_63047.jpeg;https:\/\/images.novelship.com\/product\/air_jordan_1_retro_high_og__black_toe__2013_555088_7_63047.jpeg\"},{\"@type\":\"BreadcrumbList\",\"@id\":\"https:\/\/tourcruiser.com\/fr\/products\/air-jordan-1-retro-high-og-black-toe-2013-555088-184\/#breadcrumb\",\"itemListElement\":[{\"@type\":\"ListItem\",\"position\":1,\"name\":\"Home\",\"item\":\"https:\/\/tourcruiser.com\/fr\/\"},{\"@type\":\"ListItem\",\"position\":2,\"name\":\"Shop\",\"item\":\"https:\/\/tourcruiser.com\/fr\/shop\/\"},{\"@type\":\"ListItem\",\"position\":3,\"name\":\"Air Jordan 1 Retro High OG &#8216;Black Toe&#8217; 2013 555088-184\"}]},{\"@type\":\"WebSite\",\"@id\":\"\/#website\",\"url\":\"\/\",\"name\":\"Styloral Jewelry Shop\",\"description\":\"Tourcruiser Sneaker Store \u2014 L\u2019endroit o\u00f9 l\u2019univers rencontre votre singularit\u00e9.\",\"publisher\":{\"@id\":\"\/#organization\"},\"potentialAction\":[{\"@type\":\"SearchAction\",\"target\":{\"@type\":\"EntryPoint\",\"urlTemplate\":\"\/?s={search_term_string}\"},\"query-input\":{\"@type\":\"PropertyValueSpecification\",\"valueRequired\":true,\"valueName\":\"search_term_string\"}}],\"inLanguage\":\"fr-FR\"},{\"@type\":\"Organization\",\"@id\":\"\/#organization\",\"name\":\"STYLORAL PTE. LTD\",\"url\":\"\/\",\"logo\":{\"@type\":\"ImageObject\",\"inLanguage\":\"fr-FR\",\"@id\":\"\/#\/schema\/logo\/image\/\",\"url\":\"https:\/\/www.tourcruiser.com\/wp-content\/uploads\/2025\/12\/logo.png\",\"contentUrl\":\"https:\/\/www.tourcruiser.com\/wp-content\/uploads\/2025\/12\/logo.png\",\"width\":200,\"height\":65,\"caption\":\"STYLORAL PTE. LTD\"},\"image\":{\"@id\":\"\/#\/schema\/logo\/image\/\"}}]}<\/script>\n<!-- \/ Yoast SEO plugin. -->","yoast_head_json":{"title":"Air Jordan 1 Retro High OG 'Black Toe' 2013 555088-184 - TOURCRUISER PTE. LTD","robots":{"index":"index","follow":"follow","max-snippet":"max-snippet:-1","max-image-preview":"max-image-preview:large","max-video-preview":"max-video-preview:-1"},"canonical":"https:\/\/tourcruiser.com\/fr\/products\/air-jordan-1-retro-high-og-black-toe-2013-555088-184\/","og_locale":"fr_FR","og_type":"article","og_title":"Air Jordan 1 Retro High OG 'Black Toe' 2013 555088-184 - TOURCRUISER PTE. LTD","og_description":"D\u00e9couvrez la Air Jordan 1 Retro High OG Black Toe 2013, aussi appel\u00e9e Black Toe. Cette chaussure Jordan embl\u00e9matique arbore un design noir et blanc \u00e9l\u00e9gant et est un incontournable pour tout amateur de sneakers. Affirmez votre style avec ce mod\u00e8le classique et styl\u00e9 de Jordan. Coloris\u00a0: Blanc\/Noir\/Rouge Gym Code article\u00a0: 555088-184 Tige\u00a0: Cuir Semelle [&hellip;]","og_url":"https:\/\/tourcruiser.com\/fr\/products\/air-jordan-1-retro-high-og-black-toe-2013-555088-184\/","og_site_name":"Tourcruiser Sneaker Store","article_modified_time":"2026-04-17T15:50:47+00:00","twitter_card":"summary_large_image","twitter_image":"https:\/\/images.novelship.com\/product\/air_jordan_1_retro_high_og__black_toe__2013_555088_0_63047.jpeg;https:\/\/images.novelship.com\/product\/air_jordan_1_retro_high_og__black_toe__2013_555088_1_63047.jpeg;https:\/\/images.novelship.com\/product\/air_jordan_1_retro_high_og__black_toe__2013_555088_2_63047.jpeg;https:\/\/images.novelship.com\/product\/air_jordan_1_retro_high_og__black_toe__2013_555088_3_63047.jpeg;https:\/\/images.novelship.com\/product\/air_jordan_1_retro_high_og__black_toe__2013_555088_4_63047.jpeg;https:\/\/images.novelship.com\/product\/air_jordan_1_retro_high_og__black_toe__2013_555088_5_63047.jpeg;https:\/\/images.novelship.com\/product\/air_jordan_1_retro_high_og__black_toe__2013_555088_6_63047.jpeg;https:\/\/images.novelship.com\/product\/air_jordan_1_retro_high_og__black_toe__2013_555088_7_63047.jpeg","schema":{"@context":"https:\/\/schema.org","@graph":[{"@type":"WebPage","@id":"https:\/\/tourcruiser.com\/fr\/products\/air-jordan-1-retro-high-og-black-toe-2013-555088-184\/","url":"https:\/\/tourcruiser.com\/fr\/products\/air-jordan-1-retro-high-og-black-toe-2013-555088-184\/","name":"Air Jordan 1 Retro High OG 'Black Toe' 2013 555088-184 - TOURCRUISER PTE. LTD","isPartOf":{"@id":"\/#website"},"primaryImageOfPage":{"@id":"https:\/\/tourcruiser.com\/fr\/products\/air-jordan-1-retro-high-og-black-toe-2013-555088-184\/#primaryimage"},"image":{"@id":"https:\/\/tourcruiser.com\/fr\/products\/air-jordan-1-retro-high-og-black-toe-2013-555088-184\/#primaryimage"},"thumbnailUrl":"https:\/\/images.novelship.com\/product\/air_jordan_1_retro_high_og__black_toe__2013_555088_0_63047.jpeg;https:\/\/images.novelship.com\/product\/air_jordan_1_retro_high_og__black_toe__2013_555088_1_63047.jpeg;https:\/\/images.novelship.com\/product\/air_jordan_1_retro_high_og__black_toe__2013_555088_2_63047.jpeg;https:\/\/images.novelship.com\/product\/air_jordan_1_retro_high_og__black_toe__2013_555088_3_63047.jpeg;https:\/\/images.novelship.com\/product\/air_jordan_1_retro_high_og__black_toe__2013_555088_4_63047.jpeg;https:\/\/images.novelship.com\/product\/air_jordan_1_retro_high_og__black_toe__2013_555088_5_63047.jpeg;https:\/\/images.novelship.com\/product\/air_jordan_1_retro_high_og__black_toe__2013_555088_6_63047.jpeg;https:\/\/images.novelship.com\/product\/air_jordan_1_retro_high_og__black_toe__2013_555088_7_63047.jpeg","datePublished":"2026-04-16T10:08:42+00:00","dateModified":"2026-04-17T15:50:47+00:00","breadcrumb":{"@id":"https:\/\/tourcruiser.com\/fr\/products\/air-jordan-1-retro-high-og-black-toe-2013-555088-184\/#breadcrumb"},"inLanguage":"fr-FR","potentialAction":[{"@type":"ReadAction","target":["https:\/\/tourcruiser.com\/fr\/products\/air-jordan-1-retro-high-og-black-toe-2013-555088-184\/"]}]},{"@type":"ImageObject","inLanguage":"fr-FR","@id":"https:\/\/tourcruiser.com\/fr\/products\/air-jordan-1-retro-high-og-black-toe-2013-555088-184\/#primaryimage","url":"https:\/\/images.novelship.com\/product\/air_jordan_1_retro_high_og__black_toe__2013_555088_0_63047.jpeg;https:\/\/images.novelship.com\/product\/air_jordan_1_retro_high_og__black_toe__2013_555088_1_63047.jpeg;https:\/\/images.novelship.com\/product\/air_jordan_1_retro_high_og__black_toe__2013_555088_2_63047.jpeg;https:\/\/images.novelship.com\/product\/air_jordan_1_retro_high_og__black_toe__2013_555088_3_63047.jpeg;https:\/\/images.novelship.com\/product\/air_jordan_1_retro_high_og__black_toe__2013_555088_4_63047.jpeg;https:\/\/images.novelship.com\/product\/air_jordan_1_retro_high_og__black_toe__2013_555088_5_63047.jpeg;https:\/\/images.novelship.com\/product\/air_jordan_1_retro_high_og__black_toe__2013_555088_6_63047.jpeg;https:\/\/images.novelship.com\/product\/air_jordan_1_retro_high_og__black_toe__2013_555088_7_63047.jpeg","contentUrl":"https:\/\/images.novelship.com\/product\/air_jordan_1_retro_high_og__black_toe__2013_555088_0_63047.jpeg;https:\/\/images.novelship.com\/product\/air_jordan_1_retro_high_og__black_toe__2013_555088_1_63047.jpeg;https:\/\/images.novelship.com\/product\/air_jordan_1_retro_high_og__black_toe__2013_555088_2_63047.jpeg;https:\/\/images.novelship.com\/product\/air_jordan_1_retro_high_og__black_toe__2013_555088_3_63047.jpeg;https:\/\/images.novelship.com\/product\/air_jordan_1_retro_high_og__black_toe__2013_555088_4_63047.jpeg;https:\/\/images.novelship.com\/product\/air_jordan_1_retro_high_og__black_toe__2013_555088_5_63047.jpeg;https:\/\/images.novelship.com\/product\/air_jordan_1_retro_high_og__black_toe__2013_555088_6_63047.jpeg;https:\/\/images.novelship.com\/product\/air_jordan_1_retro_high_og__black_toe__2013_555088_7_63047.jpeg"},{"@type":"BreadcrumbList","@id":"https:\/\/tourcruiser.com\/fr\/products\/air-jordan-1-retro-high-og-black-toe-2013-555088-184\/#breadcrumb","itemListElement":[{"@type":"ListItem","position":1,"name":"Home","item":"https:\/\/tourcruiser.com\/fr\/"},{"@type":"ListItem","position":2,"name":"Shop","item":"https:\/\/tourcruiser.com\/fr\/shop\/"},{"@type":"ListItem","position":3,"name":"Air Jordan 1 Retro High OG &#8216;Black Toe&#8217; 2013 555088-184"}]},{"@type":"WebSite","@id":"\/#website","url":"\/","name":"Styloral Jewelry Shop","description":"Tourcruiser Sneaker Store \u2014 L\u2019endroit o\u00f9 l\u2019univers rencontre votre singularit\u00e9.","publisher":{"@id":"\/#organization"},"potentialAction":[{"@type":"SearchAction","target":{"@type":"EntryPoint","urlTemplate":"\/?s={search_term_string}"},"query-input":{"@type":"PropertyValueSpecification","valueRequired":true,"valueName":"search_term_string"}}],"inLanguage":"fr-FR"},{"@type":"Organization","@id":"\/#organization","name":"STYLORAL PTE. LTD","url":"\/","logo":{"@type":"ImageObject","inLanguage":"fr-FR","@id":"\/#\/schema\/logo\/image\/","url":"https:\/\/www.tourcruiser.com\/wp-content\/uploads\/2025\/12\/logo.png","contentUrl":"https:\/\/www.tourcruiser.com\/wp-content\/uploads\/2025\/12\/logo.png","width":200,"height":65,"caption":"STYLORAL PTE. LTD"},"image":{"@id":"\/#\/schema\/logo\/image\/"}}]}},"_links":{"self":[{"href":"https:\/\/tourcruiser.com\/fr\/wp-json\/wp\/v2\/product\/760278","targetHints":{"allow":["GET"]}}],"collection":[{"href":"https:\/\/tourcruiser.com\/fr\/wp-json\/wp\/v2\/product"}],"about":[{"href":"https:\/\/tourcruiser.com\/fr\/wp-json\/wp\/v2\/types\/product"}],"replies":[{"embeddable":true,"href":"https:\/\/tourcruiser.com\/fr\/wp-json\/wp\/v2\/comments?post=760278"}],"wp:featuredmedia":[{"embeddable":true,"href":"https:\/\/tourcruiser.com\/fr\/wp-json\/wp\/v2\/media\/760279"}],"wp:attachment":[{"href":"https:\/\/tourcruiser.com\/fr\/wp-json\/wp\/v2\/media?parent=760278"}],"wp:term":[{"taxonomy":"product_brand","embeddable":true,"href":"https:\/\/tourcruiser.com\/fr\/wp-json\/wp\/v2\/product_brand?post=760278"},{"taxonomy":"product_cat","embeddable":true,"href":"https:\/\/tourcruiser.com\/fr\/wp-json\/wp\/v2\/product_cat?post=760278"},{"taxonomy":"product_tag","embeddable":true,"href":"https:\/\/tourcruiser.com\/fr\/wp-json\/wp\/v2\/product_tag?post=760278"}],"curies":[{"name":"wp","href":"https:\/\/api.w.org\/{rel}","templated":true}]}}