{"id":760251,"date":"2026-04-16T17:08:41","date_gmt":"2026-04-16T10:08:41","guid":{"rendered":"http:\/\/tourcruiser.com\/product\/women-air-jordan-4-retro-splatter-aq9129-601"},"modified":"2026-04-17T22:50:45","modified_gmt":"2026-04-17T15:50:45","slug":"women-air-jordan-4-retro-splatter-aq9129-601","status":"publish","type":"product","link":"https:\/\/tourcruiser.com\/fr\/products\/women-air-jordan-4-retro-splatter-aq9129-601\/","title":{"rendered":"(Women) Air Jordan 4 Retro &lsquo;Splatter&rsquo; AQ9129-601"},"content":{"rendered":"<p>D\u00e9couvrez la Air Jordan 4 Retro Splatter, une sneaker pour femme sign\u00e9e Jordan. Son design iconique arbore un \u00e9l\u00e9gant motif mouchet\u00e9 rouge, pour une touche unique. Ces sneakers au style affirm\u00e9 feront sensation et seront parfaites pour les femmes qui veulent se d\u00e9marquer.<\/p>\n<p>Coloris\u00a0: Rouge Silt\/Noir\/Gris Phantom\/Volt<\/p>\n<p>Code article\u00a0: AQ9129-601<br \/>\nTige\u00a0: Cuir<br \/>\nSemelle interm\u00e9diaire\u00a0: Air<br \/>\nCouleur\u00a0: Blanc<\/p>\n<p>Designer\u00a0: Tinker Hatfield<\/p>\n<p>Saison\u00a0: Hiver<br \/>\nAnn\u00e9e de sortie\u00a0: 2019<br \/>\n\u00c2ge\u00a0: Adulte<br \/>\nCouleur\u00a0: Blanc<br \/>\nGenre\u00a0: Femme<\/p>\n","protected":false},"excerpt":{"rendered":"<p>D\u00e9couvrez la Air Jordan 4 Retro Splatter, une sneaker pour femme sign\u00e9e Jordan. Son design iconique arbore un \u00e9l\u00e9gant motif mouchet\u00e9 rouge, pour une touche unique. Ces sneakers au style affirm\u00e9 feront sensation et seront parfaites pour les femmes qui veulent se d\u00e9marquer. Coloris\u00a0: Rouge Silt\/Noir\/Gris Phantom\/Volt Code article\u00a0: AQ9129-601 Tige\u00a0: Cuir Semelle interm\u00e9diaire\u00a0: Air [&hellip;]<\/p>\n","protected":false},"featured_media":760252,"comment_status":"open","ping_status":"closed","template":"","meta":[],"product_brand":[],"product_cat":[38880],"product_tag":[10750,10800,38841,38872,10776,38875,38886,10756],"class_list":{"0":"post-760251","1":"product","2":"type-product","3":"status-publish","4":"has-post-thumbnail","6":"product_cat-jordan","7":"product_tag-athleisure-shoes","8":"product_tag-basketball-shoes","9":"product_tag-casual-shoes","10":"product_tag-gift-idea-for-her","11":"product_tag-jordan","12":"product_tag-jordan-skateboard-shoes","13":"product_tag-lifestyle-shoes-inspired-by-basketball","14":"product_tag-retro-casual-shoes","16":"first","17":"instock","18":"taxable","19":"shipping-taxable","20":"purchasable","21":"product-type-simple"},"wcpa_form_fields":null,"yoast_head":"<!-- This site is optimized with the Yoast SEO plugin v26.5 - https:\/\/yoast.com\/wordpress\/plugins\/seo\/ -->\n<title>(Women) Air Jordan 4 Retro &#039;Splatter&#039; AQ9129-601 - TOURCRUISER PTE. LTD<\/title>\n<meta name=\"robots\" content=\"index, follow, max-snippet:-1, max-image-preview:large, max-video-preview:-1\" \/>\n<link rel=\"canonical\" href=\"https:\/\/tourcruiser.com\/fr\/products\/women-air-jordan-4-retro-splatter-aq9129-601\/\" \/>\n<meta property=\"og:locale\" content=\"fr_FR\" \/>\n<meta property=\"og:type\" content=\"article\" \/>\n<meta property=\"og:title\" content=\"(Women) Air Jordan 4 Retro &#039;Splatter&#039; AQ9129-601 - TOURCRUISER PTE. LTD\" \/>\n<meta property=\"og:description\" content=\"D\u00e9couvrez la Air Jordan 4 Retro Splatter, une sneaker pour femme sign\u00e9e Jordan. Son design iconique arbore un \u00e9l\u00e9gant motif mouchet\u00e9 rouge, pour une touche unique. Ces sneakers au style affirm\u00e9 feront sensation et seront parfaites pour les femmes qui veulent se d\u00e9marquer. Coloris\u00a0: Rouge Silt\/Noir\/Gris Phantom\/Volt Code article\u00a0: AQ9129-601 Tige\u00a0: Cuir Semelle interm\u00e9diaire\u00a0: Air [&hellip;]\" \/>\n<meta property=\"og:url\" content=\"https:\/\/tourcruiser.com\/fr\/products\/women-air-jordan-4-retro-splatter-aq9129-601\/\" \/>\n<meta property=\"og:site_name\" content=\"Tourcruiser Sneaker Store\" \/>\n<meta property=\"article:modified_time\" content=\"2026-04-17T15:50:45+00:00\" \/>\n<meta name=\"twitter:card\" content=\"summary_large_image\" \/>\n<meta name=\"twitter:image\" content=\"https:\/\/images.novelship.com\/product\/_women__air_jordan_4_retro__splatter__aq9129_601_0_57055.jpeg;https:\/\/images.novelship.com\/product\/_women__air_jordan_4_retro__splatter__aq9129_601_1_57055.jpeg;https:\/\/images.novelship.com\/product\/_women__air_jordan_4_retro__splatter__aq9129_601_2_57055.jpeg;https:\/\/images.novelship.com\/product\/_women__air_jordan_4_retro__splatter__aq9129_601_3_57055.jpeg;https:\/\/images.novelship.com\/product\/_women__air_jordan_4_retro__splatter__aq9129_601_4_57055.jpeg;https:\/\/images.novelship.com\/product\/_women__air_jordan_4_retro__splatter__aq9129_601_5_57055.jpeg;https:\/\/images.novelship.com\/product\/_women__air_jordan_4_retro__splatter__aq9129_601_6_57055.jpeg;https:\/\/images.novelship.com\/product\/_women__air_jordan_4_retro__splatter__aq9129_601_7_57055.jpeg\" \/>\n<script type=\"application\/ld+json\" class=\"yoast-schema-graph\">{\"@context\":\"https:\/\/schema.org\",\"@graph\":[{\"@type\":\"WebPage\",\"@id\":\"https:\/\/tourcruiser.com\/fr\/products\/women-air-jordan-4-retro-splatter-aq9129-601\/\",\"url\":\"https:\/\/tourcruiser.com\/fr\/products\/women-air-jordan-4-retro-splatter-aq9129-601\/\",\"name\":\"(Women) Air Jordan 4 Retro 'Splatter' AQ9129-601 - TOURCRUISER PTE. LTD\",\"isPartOf\":{\"@id\":\"\/#website\"},\"primaryImageOfPage\":{\"@id\":\"https:\/\/tourcruiser.com\/fr\/products\/women-air-jordan-4-retro-splatter-aq9129-601\/#primaryimage\"},\"image\":{\"@id\":\"https:\/\/tourcruiser.com\/fr\/products\/women-air-jordan-4-retro-splatter-aq9129-601\/#primaryimage\"},\"thumbnailUrl\":\"https:\/\/images.novelship.com\/product\/_women__air_jordan_4_retro__splatter__aq9129_601_0_57055.jpeg;https:\/\/images.novelship.com\/product\/_women__air_jordan_4_retro__splatter__aq9129_601_1_57055.jpeg;https:\/\/images.novelship.com\/product\/_women__air_jordan_4_retro__splatter__aq9129_601_2_57055.jpeg;https:\/\/images.novelship.com\/product\/_women__air_jordan_4_retro__splatter__aq9129_601_3_57055.jpeg;https:\/\/images.novelship.com\/product\/_women__air_jordan_4_retro__splatter__aq9129_601_4_57055.jpeg;https:\/\/images.novelship.com\/product\/_women__air_jordan_4_retro__splatter__aq9129_601_5_57055.jpeg;https:\/\/images.novelship.com\/product\/_women__air_jordan_4_retro__splatter__aq9129_601_6_57055.jpeg;https:\/\/images.novelship.com\/product\/_women__air_jordan_4_retro__splatter__aq9129_601_7_57055.jpeg\",\"datePublished\":\"2026-04-16T10:08:41+00:00\",\"dateModified\":\"2026-04-17T15:50:45+00:00\",\"breadcrumb\":{\"@id\":\"https:\/\/tourcruiser.com\/fr\/products\/women-air-jordan-4-retro-splatter-aq9129-601\/#breadcrumb\"},\"inLanguage\":\"fr-FR\",\"potentialAction\":[{\"@type\":\"ReadAction\",\"target\":[\"https:\/\/tourcruiser.com\/fr\/products\/women-air-jordan-4-retro-splatter-aq9129-601\/\"]}]},{\"@type\":\"ImageObject\",\"inLanguage\":\"fr-FR\",\"@id\":\"https:\/\/tourcruiser.com\/fr\/products\/women-air-jordan-4-retro-splatter-aq9129-601\/#primaryimage\",\"url\":\"https:\/\/images.novelship.com\/product\/_women__air_jordan_4_retro__splatter__aq9129_601_0_57055.jpeg;https:\/\/images.novelship.com\/product\/_women__air_jordan_4_retro__splatter__aq9129_601_1_57055.jpeg;https:\/\/images.novelship.com\/product\/_women__air_jordan_4_retro__splatter__aq9129_601_2_57055.jpeg;https:\/\/images.novelship.com\/product\/_women__air_jordan_4_retro__splatter__aq9129_601_3_57055.jpeg;https:\/\/images.novelship.com\/product\/_women__air_jordan_4_retro__splatter__aq9129_601_4_57055.jpeg;https:\/\/images.novelship.com\/product\/_women__air_jordan_4_retro__splatter__aq9129_601_5_57055.jpeg;https:\/\/images.novelship.com\/product\/_women__air_jordan_4_retro__splatter__aq9129_601_6_57055.jpeg;https:\/\/images.novelship.com\/product\/_women__air_jordan_4_retro__splatter__aq9129_601_7_57055.jpeg\",\"contentUrl\":\"https:\/\/images.novelship.com\/product\/_women__air_jordan_4_retro__splatter__aq9129_601_0_57055.jpeg;https:\/\/images.novelship.com\/product\/_women__air_jordan_4_retro__splatter__aq9129_601_1_57055.jpeg;https:\/\/images.novelship.com\/product\/_women__air_jordan_4_retro__splatter__aq9129_601_2_57055.jpeg;https:\/\/images.novelship.com\/product\/_women__air_jordan_4_retro__splatter__aq9129_601_3_57055.jpeg;https:\/\/images.novelship.com\/product\/_women__air_jordan_4_retro__splatter__aq9129_601_4_57055.jpeg;https:\/\/images.novelship.com\/product\/_women__air_jordan_4_retro__splatter__aq9129_601_5_57055.jpeg;https:\/\/images.novelship.com\/product\/_women__air_jordan_4_retro__splatter__aq9129_601_6_57055.jpeg;https:\/\/images.novelship.com\/product\/_women__air_jordan_4_retro__splatter__aq9129_601_7_57055.jpeg\"},{\"@type\":\"BreadcrumbList\",\"@id\":\"https:\/\/tourcruiser.com\/fr\/products\/women-air-jordan-4-retro-splatter-aq9129-601\/#breadcrumb\",\"itemListElement\":[{\"@type\":\"ListItem\",\"position\":1,\"name\":\"Home\",\"item\":\"https:\/\/tourcruiser.com\/fr\/\"},{\"@type\":\"ListItem\",\"position\":2,\"name\":\"Shop\",\"item\":\"https:\/\/tourcruiser.com\/fr\/shop\/\"},{\"@type\":\"ListItem\",\"position\":3,\"name\":\"(Women) Air Jordan 4 Retro &#8216;Splatter&#8217; AQ9129-601\"}]},{\"@type\":\"WebSite\",\"@id\":\"\/#website\",\"url\":\"\/\",\"name\":\"Styloral Jewelry Shop\",\"description\":\"Tourcruiser Sneaker Store \u2014 L\u2019endroit o\u00f9 l\u2019univers rencontre votre singularit\u00e9.\",\"publisher\":{\"@id\":\"\/#organization\"},\"potentialAction\":[{\"@type\":\"SearchAction\",\"target\":{\"@type\":\"EntryPoint\",\"urlTemplate\":\"\/?s={search_term_string}\"},\"query-input\":{\"@type\":\"PropertyValueSpecification\",\"valueRequired\":true,\"valueName\":\"search_term_string\"}}],\"inLanguage\":\"fr-FR\"},{\"@type\":\"Organization\",\"@id\":\"\/#organization\",\"name\":\"STYLORAL PTE. LTD\",\"url\":\"\/\",\"logo\":{\"@type\":\"ImageObject\",\"inLanguage\":\"fr-FR\",\"@id\":\"\/#\/schema\/logo\/image\/\",\"url\":\"https:\/\/www.tourcruiser.com\/wp-content\/uploads\/2025\/12\/logo.png\",\"contentUrl\":\"https:\/\/www.tourcruiser.com\/wp-content\/uploads\/2025\/12\/logo.png\",\"width\":200,\"height\":65,\"caption\":\"STYLORAL PTE. LTD\"},\"image\":{\"@id\":\"\/#\/schema\/logo\/image\/\"}}]}<\/script>\n<!-- \/ Yoast SEO plugin. -->","yoast_head_json":{"title":"(Women) Air Jordan 4 Retro 'Splatter' AQ9129-601 - TOURCRUISER PTE. LTD","robots":{"index":"index","follow":"follow","max-snippet":"max-snippet:-1","max-image-preview":"max-image-preview:large","max-video-preview":"max-video-preview:-1"},"canonical":"https:\/\/tourcruiser.com\/fr\/products\/women-air-jordan-4-retro-splatter-aq9129-601\/","og_locale":"fr_FR","og_type":"article","og_title":"(Women) Air Jordan 4 Retro 'Splatter' AQ9129-601 - TOURCRUISER PTE. LTD","og_description":"D\u00e9couvrez la Air Jordan 4 Retro Splatter, une sneaker pour femme sign\u00e9e Jordan. Son design iconique arbore un \u00e9l\u00e9gant motif mouchet\u00e9 rouge, pour une touche unique. Ces sneakers au style affirm\u00e9 feront sensation et seront parfaites pour les femmes qui veulent se d\u00e9marquer. Coloris\u00a0: Rouge Silt\/Noir\/Gris Phantom\/Volt Code article\u00a0: AQ9129-601 Tige\u00a0: Cuir Semelle interm\u00e9diaire\u00a0: Air [&hellip;]","og_url":"https:\/\/tourcruiser.com\/fr\/products\/women-air-jordan-4-retro-splatter-aq9129-601\/","og_site_name":"Tourcruiser Sneaker Store","article_modified_time":"2026-04-17T15:50:45+00:00","twitter_card":"summary_large_image","twitter_image":"https:\/\/images.novelship.com\/product\/_women__air_jordan_4_retro__splatter__aq9129_601_0_57055.jpeg;https:\/\/images.novelship.com\/product\/_women__air_jordan_4_retro__splatter__aq9129_601_1_57055.jpeg;https:\/\/images.novelship.com\/product\/_women__air_jordan_4_retro__splatter__aq9129_601_2_57055.jpeg;https:\/\/images.novelship.com\/product\/_women__air_jordan_4_retro__splatter__aq9129_601_3_57055.jpeg;https:\/\/images.novelship.com\/product\/_women__air_jordan_4_retro__splatter__aq9129_601_4_57055.jpeg;https:\/\/images.novelship.com\/product\/_women__air_jordan_4_retro__splatter__aq9129_601_5_57055.jpeg;https:\/\/images.novelship.com\/product\/_women__air_jordan_4_retro__splatter__aq9129_601_6_57055.jpeg;https:\/\/images.novelship.com\/product\/_women__air_jordan_4_retro__splatter__aq9129_601_7_57055.jpeg","schema":{"@context":"https:\/\/schema.org","@graph":[{"@type":"WebPage","@id":"https:\/\/tourcruiser.com\/fr\/products\/women-air-jordan-4-retro-splatter-aq9129-601\/","url":"https:\/\/tourcruiser.com\/fr\/products\/women-air-jordan-4-retro-splatter-aq9129-601\/","name":"(Women) Air Jordan 4 Retro 'Splatter' AQ9129-601 - TOURCRUISER PTE. LTD","isPartOf":{"@id":"\/#website"},"primaryImageOfPage":{"@id":"https:\/\/tourcruiser.com\/fr\/products\/women-air-jordan-4-retro-splatter-aq9129-601\/#primaryimage"},"image":{"@id":"https:\/\/tourcruiser.com\/fr\/products\/women-air-jordan-4-retro-splatter-aq9129-601\/#primaryimage"},"thumbnailUrl":"https:\/\/images.novelship.com\/product\/_women__air_jordan_4_retro__splatter__aq9129_601_0_57055.jpeg;https:\/\/images.novelship.com\/product\/_women__air_jordan_4_retro__splatter__aq9129_601_1_57055.jpeg;https:\/\/images.novelship.com\/product\/_women__air_jordan_4_retro__splatter__aq9129_601_2_57055.jpeg;https:\/\/images.novelship.com\/product\/_women__air_jordan_4_retro__splatter__aq9129_601_3_57055.jpeg;https:\/\/images.novelship.com\/product\/_women__air_jordan_4_retro__splatter__aq9129_601_4_57055.jpeg;https:\/\/images.novelship.com\/product\/_women__air_jordan_4_retro__splatter__aq9129_601_5_57055.jpeg;https:\/\/images.novelship.com\/product\/_women__air_jordan_4_retro__splatter__aq9129_601_6_57055.jpeg;https:\/\/images.novelship.com\/product\/_women__air_jordan_4_retro__splatter__aq9129_601_7_57055.jpeg","datePublished":"2026-04-16T10:08:41+00:00","dateModified":"2026-04-17T15:50:45+00:00","breadcrumb":{"@id":"https:\/\/tourcruiser.com\/fr\/products\/women-air-jordan-4-retro-splatter-aq9129-601\/#breadcrumb"},"inLanguage":"fr-FR","potentialAction":[{"@type":"ReadAction","target":["https:\/\/tourcruiser.com\/fr\/products\/women-air-jordan-4-retro-splatter-aq9129-601\/"]}]},{"@type":"ImageObject","inLanguage":"fr-FR","@id":"https:\/\/tourcruiser.com\/fr\/products\/women-air-jordan-4-retro-splatter-aq9129-601\/#primaryimage","url":"https:\/\/images.novelship.com\/product\/_women__air_jordan_4_retro__splatter__aq9129_601_0_57055.jpeg;https:\/\/images.novelship.com\/product\/_women__air_jordan_4_retro__splatter__aq9129_601_1_57055.jpeg;https:\/\/images.novelship.com\/product\/_women__air_jordan_4_retro__splatter__aq9129_601_2_57055.jpeg;https:\/\/images.novelship.com\/product\/_women__air_jordan_4_retro__splatter__aq9129_601_3_57055.jpeg;https:\/\/images.novelship.com\/product\/_women__air_jordan_4_retro__splatter__aq9129_601_4_57055.jpeg;https:\/\/images.novelship.com\/product\/_women__air_jordan_4_retro__splatter__aq9129_601_5_57055.jpeg;https:\/\/images.novelship.com\/product\/_women__air_jordan_4_retro__splatter__aq9129_601_6_57055.jpeg;https:\/\/images.novelship.com\/product\/_women__air_jordan_4_retro__splatter__aq9129_601_7_57055.jpeg","contentUrl":"https:\/\/images.novelship.com\/product\/_women__air_jordan_4_retro__splatter__aq9129_601_0_57055.jpeg;https:\/\/images.novelship.com\/product\/_women__air_jordan_4_retro__splatter__aq9129_601_1_57055.jpeg;https:\/\/images.novelship.com\/product\/_women__air_jordan_4_retro__splatter__aq9129_601_2_57055.jpeg;https:\/\/images.novelship.com\/product\/_women__air_jordan_4_retro__splatter__aq9129_601_3_57055.jpeg;https:\/\/images.novelship.com\/product\/_women__air_jordan_4_retro__splatter__aq9129_601_4_57055.jpeg;https:\/\/images.novelship.com\/product\/_women__air_jordan_4_retro__splatter__aq9129_601_5_57055.jpeg;https:\/\/images.novelship.com\/product\/_women__air_jordan_4_retro__splatter__aq9129_601_6_57055.jpeg;https:\/\/images.novelship.com\/product\/_women__air_jordan_4_retro__splatter__aq9129_601_7_57055.jpeg"},{"@type":"BreadcrumbList","@id":"https:\/\/tourcruiser.com\/fr\/products\/women-air-jordan-4-retro-splatter-aq9129-601\/#breadcrumb","itemListElement":[{"@type":"ListItem","position":1,"name":"Home","item":"https:\/\/tourcruiser.com\/fr\/"},{"@type":"ListItem","position":2,"name":"Shop","item":"https:\/\/tourcruiser.com\/fr\/shop\/"},{"@type":"ListItem","position":3,"name":"(Women) Air Jordan 4 Retro &#8216;Splatter&#8217; AQ9129-601"}]},{"@type":"WebSite","@id":"\/#website","url":"\/","name":"Styloral Jewelry Shop","description":"Tourcruiser Sneaker Store \u2014 L\u2019endroit o\u00f9 l\u2019univers rencontre votre singularit\u00e9.","publisher":{"@id":"\/#organization"},"potentialAction":[{"@type":"SearchAction","target":{"@type":"EntryPoint","urlTemplate":"\/?s={search_term_string}"},"query-input":{"@type":"PropertyValueSpecification","valueRequired":true,"valueName":"search_term_string"}}],"inLanguage":"fr-FR"},{"@type":"Organization","@id":"\/#organization","name":"STYLORAL PTE. LTD","url":"\/","logo":{"@type":"ImageObject","inLanguage":"fr-FR","@id":"\/#\/schema\/logo\/image\/","url":"https:\/\/www.tourcruiser.com\/wp-content\/uploads\/2025\/12\/logo.png","contentUrl":"https:\/\/www.tourcruiser.com\/wp-content\/uploads\/2025\/12\/logo.png","width":200,"height":65,"caption":"STYLORAL PTE. LTD"},"image":{"@id":"\/#\/schema\/logo\/image\/"}}]}},"_links":{"self":[{"href":"https:\/\/tourcruiser.com\/fr\/wp-json\/wp\/v2\/product\/760251","targetHints":{"allow":["GET"]}}],"collection":[{"href":"https:\/\/tourcruiser.com\/fr\/wp-json\/wp\/v2\/product"}],"about":[{"href":"https:\/\/tourcruiser.com\/fr\/wp-json\/wp\/v2\/types\/product"}],"replies":[{"embeddable":true,"href":"https:\/\/tourcruiser.com\/fr\/wp-json\/wp\/v2\/comments?post=760251"}],"wp:featuredmedia":[{"embeddable":true,"href":"https:\/\/tourcruiser.com\/fr\/wp-json\/wp\/v2\/media\/760252"}],"wp:attachment":[{"href":"https:\/\/tourcruiser.com\/fr\/wp-json\/wp\/v2\/media?parent=760251"}],"wp:term":[{"taxonomy":"product_brand","embeddable":true,"href":"https:\/\/tourcruiser.com\/fr\/wp-json\/wp\/v2\/product_brand?post=760251"},{"taxonomy":"product_cat","embeddable":true,"href":"https:\/\/tourcruiser.com\/fr\/wp-json\/wp\/v2\/product_cat?post=760251"},{"taxonomy":"product_tag","embeddable":true,"href":"https:\/\/tourcruiser.com\/fr\/wp-json\/wp\/v2\/product_tag?post=760251"}],"curies":[{"name":"wp","href":"https:\/\/api.w.org\/{rel}","templated":true}]}}