{"id":760242,"date":"2026-04-16T17:08:41","date_gmt":"2026-04-16T10:08:41","guid":{"rendered":"http:\/\/tourcruiser.com\/product\/justin-timberlake-x-air-jordan-3-retro-jth-white-cement-av6683-160"},"modified":"2026-04-17T22:50:46","modified_gmt":"2026-04-17T15:50:46","slug":"justin-timberlake-x-air-jordan-3-retro-jth-white-cement-av6683-160","status":"publish","type":"product","link":"https:\/\/tourcruiser.com\/fr\/products\/justin-timberlake-x-air-jordan-3-retro-jth-white-cement-av6683-160\/","title":{"rendered":"Justin Timberlake x Air Jordan 3 Retro JTH &lsquo;White Cement&rsquo; AV6683-160"},"content":{"rendered":"<p>La Justin Timberlake x Air Jordan 3 Retro JTH White Cement, \u00e9galement connue sous le nom de White Cement, est le fruit d&rsquo;une collaboration entre Justin Timberlake et Jordan. Ces sneakers s\u00e9duisent par leur design blanc immacul\u00e9, ce qui en fait une pi\u00e8ce polyvalente et \u00e9l\u00e9gante qui compl\u00e9tera \u00e0 merveille toute collection. Id\u00e9ales pour les fans de Justin Timberlake et tous les amoureux de la marque iconique Air Jordan, ces sneakers sont un incontournable.<\/p>\n<p>Coloris : Blanc\/Rouge Feu\/Noir\/Blanc<\/p>\n<p>Code article : AV6683-160<\/p>\n<p>Tige : Cuir<\/p>\n<p>Semelle interm\u00e9diaire : Air<\/p>\n<p>Couleur : Blanc<\/p>\n<p>Cr\u00e9ateurs : Justin Timberlake\/Tinker Hatfield<\/p>\n<p>Saison : Hiver<\/p>\n<p>Ann\u00e9e de sortie : 2018<\/p>\n<p>\u00c2ge : Adulte<\/p>\n<p>Couleur : Blanc<\/p>\n<p>Genre : Homme<\/p>\n","protected":false},"excerpt":{"rendered":"<p>La Justin Timberlake x Air Jordan 3 Retro JTH White Cement, \u00e9galement connue sous le nom de White Cement, est le fruit d&rsquo;une collaboration entre Justin Timberlake et Jordan. Ces sneakers s\u00e9duisent par leur design blanc immacul\u00e9, ce qui en fait une pi\u00e8ce polyvalente et \u00e9l\u00e9gante qui compl\u00e9tera \u00e0 merveille toute collection. Id\u00e9ales pour les [&hellip;]<\/p>\n","protected":false},"featured_media":760243,"comment_status":"open","ping_status":"closed","template":"","meta":[],"product_brand":[],"product_cat":[38880],"product_tag":[10750,38841,38842,10776,11349,38875,38886,10756],"class_list":{"0":"post-760242","1":"product","2":"type-product","3":"status-publish","4":"has-post-thumbnail","6":"product_cat-jordan","7":"product_tag-athleisure-shoes","8":"product_tag-casual-shoes","9":"product_tag-gift-idea-for-him","10":"product_tag-jordan","11":"product_tag-jordan-basketball-shoes","12":"product_tag-jordan-skateboard-shoes","13":"product_tag-lifestyle-shoes-inspired-by-basketball","14":"product_tag-retro-casual-shoes","16":"first","17":"instock","18":"taxable","19":"shipping-taxable","20":"purchasable","21":"product-type-simple"},"wcpa_form_fields":null,"yoast_head":"<!-- This site is optimized with the Yoast SEO plugin v26.5 - https:\/\/yoast.com\/wordpress\/plugins\/seo\/ -->\n<title>Justin Timberlake x Air Jordan 3 Retro JTH &#039;White Cement&#039; AV6683-160 - TOURCRUISER PTE. LTD<\/title>\n<meta name=\"robots\" content=\"index, follow, max-snippet:-1, max-image-preview:large, max-video-preview:-1\" \/>\n<link rel=\"canonical\" href=\"https:\/\/tourcruiser.com\/fr\/products\/justin-timberlake-x-air-jordan-3-retro-jth-white-cement-av6683-160\/\" \/>\n<meta property=\"og:locale\" content=\"fr_FR\" \/>\n<meta property=\"og:type\" content=\"article\" \/>\n<meta property=\"og:title\" content=\"Justin Timberlake x Air Jordan 3 Retro JTH &#039;White Cement&#039; AV6683-160 - TOURCRUISER PTE. LTD\" \/>\n<meta property=\"og:description\" content=\"La Justin Timberlake x Air Jordan 3 Retro JTH White Cement, \u00e9galement connue sous le nom de White Cement, est le fruit d&rsquo;une collaboration entre Justin Timberlake et Jordan. Ces sneakers s\u00e9duisent par leur design blanc immacul\u00e9, ce qui en fait une pi\u00e8ce polyvalente et \u00e9l\u00e9gante qui compl\u00e9tera \u00e0 merveille toute collection. Id\u00e9ales pour les [&hellip;]\" \/>\n<meta property=\"og:url\" content=\"https:\/\/tourcruiser.com\/fr\/products\/justin-timberlake-x-air-jordan-3-retro-jth-white-cement-av6683-160\/\" \/>\n<meta property=\"og:site_name\" content=\"Tourcruiser Sneaker Store\" \/>\n<meta property=\"article:modified_time\" content=\"2026-04-17T15:50:46+00:00\" \/>\n<meta name=\"twitter:card\" content=\"summary_large_image\" \/>\n<meta name=\"twitter:image\" content=\"https:\/\/images.novelship.com\/product\/justin_timberlake_x_air_jordan_3_retro_jth__white__0_64614.jpeg;https:\/\/images.novelship.com\/product\/justin_timberlake_x_air_jordan_3_retro_jth__white__1_64614.jpeg;https:\/\/images.novelship.com\/product\/justin_timberlake_x_air_jordan_3_retro_jth__white__2_64614.jpeg;https:\/\/images.novelship.com\/product\/justin_timberlake_x_air_jordan_3_retro_jth__white__3_64614.jpeg;https:\/\/images.novelship.com\/product\/justin_timberlake_x_air_jordan_3_retro_jth__white__4_64614.jpeg;https:\/\/images.novelship.com\/product\/justin_timberlake_x_air_jordan_3_retro_jth__white__5_64614.jpeg;https:\/\/images.novelship.com\/product\/justin_timberlake_x_air_jordan_3_retro_jth__white__6_64614.jpeg;https:\/\/images.novelship.com\/product\/justin_timberlake_x_air_jordan_3_retro_jth__white__7_64614.jpeg\" \/>\n<meta name=\"twitter:label1\" content=\"Dur\u00e9e de lecture estim\u00e9e\" \/>\n\t<meta name=\"twitter:data1\" content=\"1 minute\" \/>\n<script type=\"application\/ld+json\" class=\"yoast-schema-graph\">{\"@context\":\"https:\/\/schema.org\",\"@graph\":[{\"@type\":\"WebPage\",\"@id\":\"https:\/\/tourcruiser.com\/fr\/products\/justin-timberlake-x-air-jordan-3-retro-jth-white-cement-av6683-160\/\",\"url\":\"https:\/\/tourcruiser.com\/fr\/products\/justin-timberlake-x-air-jordan-3-retro-jth-white-cement-av6683-160\/\",\"name\":\"Justin Timberlake x Air Jordan 3 Retro JTH 'White Cement' AV6683-160 - TOURCRUISER PTE. LTD\",\"isPartOf\":{\"@id\":\"\/#website\"},\"primaryImageOfPage\":{\"@id\":\"https:\/\/tourcruiser.com\/fr\/products\/justin-timberlake-x-air-jordan-3-retro-jth-white-cement-av6683-160\/#primaryimage\"},\"image\":{\"@id\":\"https:\/\/tourcruiser.com\/fr\/products\/justin-timberlake-x-air-jordan-3-retro-jth-white-cement-av6683-160\/#primaryimage\"},\"thumbnailUrl\":\"https:\/\/images.novelship.com\/product\/justin_timberlake_x_air_jordan_3_retro_jth__white__0_64614.jpeg;https:\/\/images.novelship.com\/product\/justin_timberlake_x_air_jordan_3_retro_jth__white__1_64614.jpeg;https:\/\/images.novelship.com\/product\/justin_timberlake_x_air_jordan_3_retro_jth__white__2_64614.jpeg;https:\/\/images.novelship.com\/product\/justin_timberlake_x_air_jordan_3_retro_jth__white__3_64614.jpeg;https:\/\/images.novelship.com\/product\/justin_timberlake_x_air_jordan_3_retro_jth__white__4_64614.jpeg;https:\/\/images.novelship.com\/product\/justin_timberlake_x_air_jordan_3_retro_jth__white__5_64614.jpeg;https:\/\/images.novelship.com\/product\/justin_timberlake_x_air_jordan_3_retro_jth__white__6_64614.jpeg;https:\/\/images.novelship.com\/product\/justin_timberlake_x_air_jordan_3_retro_jth__white__7_64614.jpeg\",\"datePublished\":\"2026-04-16T10:08:41+00:00\",\"dateModified\":\"2026-04-17T15:50:46+00:00\",\"breadcrumb\":{\"@id\":\"https:\/\/tourcruiser.com\/fr\/products\/justin-timberlake-x-air-jordan-3-retro-jth-white-cement-av6683-160\/#breadcrumb\"},\"inLanguage\":\"fr-FR\",\"potentialAction\":[{\"@type\":\"ReadAction\",\"target\":[\"https:\/\/tourcruiser.com\/fr\/products\/justin-timberlake-x-air-jordan-3-retro-jth-white-cement-av6683-160\/\"]}]},{\"@type\":\"ImageObject\",\"inLanguage\":\"fr-FR\",\"@id\":\"https:\/\/tourcruiser.com\/fr\/products\/justin-timberlake-x-air-jordan-3-retro-jth-white-cement-av6683-160\/#primaryimage\",\"url\":\"https:\/\/images.novelship.com\/product\/justin_timberlake_x_air_jordan_3_retro_jth__white__0_64614.jpeg;https:\/\/images.novelship.com\/product\/justin_timberlake_x_air_jordan_3_retro_jth__white__1_64614.jpeg;https:\/\/images.novelship.com\/product\/justin_timberlake_x_air_jordan_3_retro_jth__white__2_64614.jpeg;https:\/\/images.novelship.com\/product\/justin_timberlake_x_air_jordan_3_retro_jth__white__3_64614.jpeg;https:\/\/images.novelship.com\/product\/justin_timberlake_x_air_jordan_3_retro_jth__white__4_64614.jpeg;https:\/\/images.novelship.com\/product\/justin_timberlake_x_air_jordan_3_retro_jth__white__5_64614.jpeg;https:\/\/images.novelship.com\/product\/justin_timberlake_x_air_jordan_3_retro_jth__white__6_64614.jpeg;https:\/\/images.novelship.com\/product\/justin_timberlake_x_air_jordan_3_retro_jth__white__7_64614.jpeg\",\"contentUrl\":\"https:\/\/images.novelship.com\/product\/justin_timberlake_x_air_jordan_3_retro_jth__white__0_64614.jpeg;https:\/\/images.novelship.com\/product\/justin_timberlake_x_air_jordan_3_retro_jth__white__1_64614.jpeg;https:\/\/images.novelship.com\/product\/justin_timberlake_x_air_jordan_3_retro_jth__white__2_64614.jpeg;https:\/\/images.novelship.com\/product\/justin_timberlake_x_air_jordan_3_retro_jth__white__3_64614.jpeg;https:\/\/images.novelship.com\/product\/justin_timberlake_x_air_jordan_3_retro_jth__white__4_64614.jpeg;https:\/\/images.novelship.com\/product\/justin_timberlake_x_air_jordan_3_retro_jth__white__5_64614.jpeg;https:\/\/images.novelship.com\/product\/justin_timberlake_x_air_jordan_3_retro_jth__white__6_64614.jpeg;https:\/\/images.novelship.com\/product\/justin_timberlake_x_air_jordan_3_retro_jth__white__7_64614.jpeg\"},{\"@type\":\"BreadcrumbList\",\"@id\":\"https:\/\/tourcruiser.com\/fr\/products\/justin-timberlake-x-air-jordan-3-retro-jth-white-cement-av6683-160\/#breadcrumb\",\"itemListElement\":[{\"@type\":\"ListItem\",\"position\":1,\"name\":\"Home\",\"item\":\"https:\/\/tourcruiser.com\/fr\/\"},{\"@type\":\"ListItem\",\"position\":2,\"name\":\"Shop\",\"item\":\"https:\/\/tourcruiser.com\/fr\/shop\/\"},{\"@type\":\"ListItem\",\"position\":3,\"name\":\"Justin Timberlake x Air Jordan 3 Retro JTH &#8216;White Cement&#8217; AV6683-160\"}]},{\"@type\":\"WebSite\",\"@id\":\"\/#website\",\"url\":\"\/\",\"name\":\"Styloral Jewelry Shop\",\"description\":\"Tourcruiser Sneaker Store \u2014 L\u2019endroit o\u00f9 l\u2019univers rencontre votre singularit\u00e9.\",\"publisher\":{\"@id\":\"\/#organization\"},\"potentialAction\":[{\"@type\":\"SearchAction\",\"target\":{\"@type\":\"EntryPoint\",\"urlTemplate\":\"\/?s={search_term_string}\"},\"query-input\":{\"@type\":\"PropertyValueSpecification\",\"valueRequired\":true,\"valueName\":\"search_term_string\"}}],\"inLanguage\":\"fr-FR\"},{\"@type\":\"Organization\",\"@id\":\"\/#organization\",\"name\":\"STYLORAL PTE. LTD\",\"url\":\"\/\",\"logo\":{\"@type\":\"ImageObject\",\"inLanguage\":\"fr-FR\",\"@id\":\"\/#\/schema\/logo\/image\/\",\"url\":\"https:\/\/www.tourcruiser.com\/wp-content\/uploads\/2025\/12\/logo.png\",\"contentUrl\":\"https:\/\/www.tourcruiser.com\/wp-content\/uploads\/2025\/12\/logo.png\",\"width\":200,\"height\":65,\"caption\":\"STYLORAL PTE. LTD\"},\"image\":{\"@id\":\"\/#\/schema\/logo\/image\/\"}}]}<\/script>\n<!-- \/ Yoast SEO plugin. -->","yoast_head_json":{"title":"Justin Timberlake x Air Jordan 3 Retro JTH 'White Cement' AV6683-160 - TOURCRUISER PTE. LTD","robots":{"index":"index","follow":"follow","max-snippet":"max-snippet:-1","max-image-preview":"max-image-preview:large","max-video-preview":"max-video-preview:-1"},"canonical":"https:\/\/tourcruiser.com\/fr\/products\/justin-timberlake-x-air-jordan-3-retro-jth-white-cement-av6683-160\/","og_locale":"fr_FR","og_type":"article","og_title":"Justin Timberlake x Air Jordan 3 Retro JTH 'White Cement' AV6683-160 - TOURCRUISER PTE. LTD","og_description":"La Justin Timberlake x Air Jordan 3 Retro JTH White Cement, \u00e9galement connue sous le nom de White Cement, est le fruit d&rsquo;une collaboration entre Justin Timberlake et Jordan. Ces sneakers s\u00e9duisent par leur design blanc immacul\u00e9, ce qui en fait une pi\u00e8ce polyvalente et \u00e9l\u00e9gante qui compl\u00e9tera \u00e0 merveille toute collection. Id\u00e9ales pour les [&hellip;]","og_url":"https:\/\/tourcruiser.com\/fr\/products\/justin-timberlake-x-air-jordan-3-retro-jth-white-cement-av6683-160\/","og_site_name":"Tourcruiser Sneaker Store","article_modified_time":"2026-04-17T15:50:46+00:00","twitter_card":"summary_large_image","twitter_image":"https:\/\/images.novelship.com\/product\/justin_timberlake_x_air_jordan_3_retro_jth__white__0_64614.jpeg;https:\/\/images.novelship.com\/product\/justin_timberlake_x_air_jordan_3_retro_jth__white__1_64614.jpeg;https:\/\/images.novelship.com\/product\/justin_timberlake_x_air_jordan_3_retro_jth__white__2_64614.jpeg;https:\/\/images.novelship.com\/product\/justin_timberlake_x_air_jordan_3_retro_jth__white__3_64614.jpeg;https:\/\/images.novelship.com\/product\/justin_timberlake_x_air_jordan_3_retro_jth__white__4_64614.jpeg;https:\/\/images.novelship.com\/product\/justin_timberlake_x_air_jordan_3_retro_jth__white__5_64614.jpeg;https:\/\/images.novelship.com\/product\/justin_timberlake_x_air_jordan_3_retro_jth__white__6_64614.jpeg;https:\/\/images.novelship.com\/product\/justin_timberlake_x_air_jordan_3_retro_jth__white__7_64614.jpeg","twitter_misc":{"Dur\u00e9e de lecture estim\u00e9e":"1 minute"},"schema":{"@context":"https:\/\/schema.org","@graph":[{"@type":"WebPage","@id":"https:\/\/tourcruiser.com\/fr\/products\/justin-timberlake-x-air-jordan-3-retro-jth-white-cement-av6683-160\/","url":"https:\/\/tourcruiser.com\/fr\/products\/justin-timberlake-x-air-jordan-3-retro-jth-white-cement-av6683-160\/","name":"Justin Timberlake x Air Jordan 3 Retro JTH 'White Cement' AV6683-160 - TOURCRUISER PTE. LTD","isPartOf":{"@id":"\/#website"},"primaryImageOfPage":{"@id":"https:\/\/tourcruiser.com\/fr\/products\/justin-timberlake-x-air-jordan-3-retro-jth-white-cement-av6683-160\/#primaryimage"},"image":{"@id":"https:\/\/tourcruiser.com\/fr\/products\/justin-timberlake-x-air-jordan-3-retro-jth-white-cement-av6683-160\/#primaryimage"},"thumbnailUrl":"https:\/\/images.novelship.com\/product\/justin_timberlake_x_air_jordan_3_retro_jth__white__0_64614.jpeg;https:\/\/images.novelship.com\/product\/justin_timberlake_x_air_jordan_3_retro_jth__white__1_64614.jpeg;https:\/\/images.novelship.com\/product\/justin_timberlake_x_air_jordan_3_retro_jth__white__2_64614.jpeg;https:\/\/images.novelship.com\/product\/justin_timberlake_x_air_jordan_3_retro_jth__white__3_64614.jpeg;https:\/\/images.novelship.com\/product\/justin_timberlake_x_air_jordan_3_retro_jth__white__4_64614.jpeg;https:\/\/images.novelship.com\/product\/justin_timberlake_x_air_jordan_3_retro_jth__white__5_64614.jpeg;https:\/\/images.novelship.com\/product\/justin_timberlake_x_air_jordan_3_retro_jth__white__6_64614.jpeg;https:\/\/images.novelship.com\/product\/justin_timberlake_x_air_jordan_3_retro_jth__white__7_64614.jpeg","datePublished":"2026-04-16T10:08:41+00:00","dateModified":"2026-04-17T15:50:46+00:00","breadcrumb":{"@id":"https:\/\/tourcruiser.com\/fr\/products\/justin-timberlake-x-air-jordan-3-retro-jth-white-cement-av6683-160\/#breadcrumb"},"inLanguage":"fr-FR","potentialAction":[{"@type":"ReadAction","target":["https:\/\/tourcruiser.com\/fr\/products\/justin-timberlake-x-air-jordan-3-retro-jth-white-cement-av6683-160\/"]}]},{"@type":"ImageObject","inLanguage":"fr-FR","@id":"https:\/\/tourcruiser.com\/fr\/products\/justin-timberlake-x-air-jordan-3-retro-jth-white-cement-av6683-160\/#primaryimage","url":"https:\/\/images.novelship.com\/product\/justin_timberlake_x_air_jordan_3_retro_jth__white__0_64614.jpeg;https:\/\/images.novelship.com\/product\/justin_timberlake_x_air_jordan_3_retro_jth__white__1_64614.jpeg;https:\/\/images.novelship.com\/product\/justin_timberlake_x_air_jordan_3_retro_jth__white__2_64614.jpeg;https:\/\/images.novelship.com\/product\/justin_timberlake_x_air_jordan_3_retro_jth__white__3_64614.jpeg;https:\/\/images.novelship.com\/product\/justin_timberlake_x_air_jordan_3_retro_jth__white__4_64614.jpeg;https:\/\/images.novelship.com\/product\/justin_timberlake_x_air_jordan_3_retro_jth__white__5_64614.jpeg;https:\/\/images.novelship.com\/product\/justin_timberlake_x_air_jordan_3_retro_jth__white__6_64614.jpeg;https:\/\/images.novelship.com\/product\/justin_timberlake_x_air_jordan_3_retro_jth__white__7_64614.jpeg","contentUrl":"https:\/\/images.novelship.com\/product\/justin_timberlake_x_air_jordan_3_retro_jth__white__0_64614.jpeg;https:\/\/images.novelship.com\/product\/justin_timberlake_x_air_jordan_3_retro_jth__white__1_64614.jpeg;https:\/\/images.novelship.com\/product\/justin_timberlake_x_air_jordan_3_retro_jth__white__2_64614.jpeg;https:\/\/images.novelship.com\/product\/justin_timberlake_x_air_jordan_3_retro_jth__white__3_64614.jpeg;https:\/\/images.novelship.com\/product\/justin_timberlake_x_air_jordan_3_retro_jth__white__4_64614.jpeg;https:\/\/images.novelship.com\/product\/justin_timberlake_x_air_jordan_3_retro_jth__white__5_64614.jpeg;https:\/\/images.novelship.com\/product\/justin_timberlake_x_air_jordan_3_retro_jth__white__6_64614.jpeg;https:\/\/images.novelship.com\/product\/justin_timberlake_x_air_jordan_3_retro_jth__white__7_64614.jpeg"},{"@type":"BreadcrumbList","@id":"https:\/\/tourcruiser.com\/fr\/products\/justin-timberlake-x-air-jordan-3-retro-jth-white-cement-av6683-160\/#breadcrumb","itemListElement":[{"@type":"ListItem","position":1,"name":"Home","item":"https:\/\/tourcruiser.com\/fr\/"},{"@type":"ListItem","position":2,"name":"Shop","item":"https:\/\/tourcruiser.com\/fr\/shop\/"},{"@type":"ListItem","position":3,"name":"Justin Timberlake x Air Jordan 3 Retro JTH &#8216;White Cement&#8217; AV6683-160"}]},{"@type":"WebSite","@id":"\/#website","url":"\/","name":"Styloral Jewelry Shop","description":"Tourcruiser Sneaker Store \u2014 L\u2019endroit o\u00f9 l\u2019univers rencontre votre singularit\u00e9.","publisher":{"@id":"\/#organization"},"potentialAction":[{"@type":"SearchAction","target":{"@type":"EntryPoint","urlTemplate":"\/?s={search_term_string}"},"query-input":{"@type":"PropertyValueSpecification","valueRequired":true,"valueName":"search_term_string"}}],"inLanguage":"fr-FR"},{"@type":"Organization","@id":"\/#organization","name":"STYLORAL PTE. LTD","url":"\/","logo":{"@type":"ImageObject","inLanguage":"fr-FR","@id":"\/#\/schema\/logo\/image\/","url":"https:\/\/www.tourcruiser.com\/wp-content\/uploads\/2025\/12\/logo.png","contentUrl":"https:\/\/www.tourcruiser.com\/wp-content\/uploads\/2025\/12\/logo.png","width":200,"height":65,"caption":"STYLORAL PTE. LTD"},"image":{"@id":"\/#\/schema\/logo\/image\/"}}]}},"_links":{"self":[{"href":"https:\/\/tourcruiser.com\/fr\/wp-json\/wp\/v2\/product\/760242","targetHints":{"allow":["GET"]}}],"collection":[{"href":"https:\/\/tourcruiser.com\/fr\/wp-json\/wp\/v2\/product"}],"about":[{"href":"https:\/\/tourcruiser.com\/fr\/wp-json\/wp\/v2\/types\/product"}],"replies":[{"embeddable":true,"href":"https:\/\/tourcruiser.com\/fr\/wp-json\/wp\/v2\/comments?post=760242"}],"wp:featuredmedia":[{"embeddable":true,"href":"https:\/\/tourcruiser.com\/fr\/wp-json\/wp\/v2\/media\/760243"}],"wp:attachment":[{"href":"https:\/\/tourcruiser.com\/fr\/wp-json\/wp\/v2\/media?parent=760242"}],"wp:term":[{"taxonomy":"product_brand","embeddable":true,"href":"https:\/\/tourcruiser.com\/fr\/wp-json\/wp\/v2\/product_brand?post=760242"},{"taxonomy":"product_cat","embeddable":true,"href":"https:\/\/tourcruiser.com\/fr\/wp-json\/wp\/v2\/product_cat?post=760242"},{"taxonomy":"product_tag","embeddable":true,"href":"https:\/\/tourcruiser.com\/fr\/wp-json\/wp\/v2\/product_tag?post=760242"}],"curies":[{"name":"wp","href":"https:\/\/api.w.org\/{rel}","templated":true}]}}