{"id":760233,"date":"2026-04-16T17:08:41","date_gmt":"2026-04-16T10:08:41","guid":{"rendered":"http:\/\/tourcruiser.com\/product\/air-jordan-9-retro-racer-blue-ct8019-024"},"modified":"2026-04-17T22:50:44","modified_gmt":"2026-04-17T15:50:44","slug":"air-jordan-9-retro-racer-blue-ct8019-024","status":"publish","type":"product","link":"https:\/\/tourcruiser.com\/fr\/products\/air-jordan-9-retro-racer-blue-ct8019-024\/","title":{"rendered":"Air Jordan 9 Retro &lsquo;Racer Blue&rsquo; CT8019-024"},"content":{"rendered":"<p>D\u00e9couvrez la Air Jordan 9 Retro Racer Blue de Jordan. Cette sneaker iconique arbore un design noir \u00e9l\u00e9gant, alliant vitesse et style. Affichez votre style avec l&rsquo;\u00e9dition Racer Blue \u2013 id\u00e9ale pour tous les passionn\u00e9s de sneakers et les fans de Jordan.<\/p>\n<p>Coloris\u00a0: Noir\/Blanc\/Bleu Racer<\/p>\n<p>Code article\u00a0: CT8019-024<\/p>\n<p>Tige\u00a0: Nubuck\/3M<\/p>\n<p>Semelle interm\u00e9diaire\u00a0: Air<\/p>\n<p>Couleur\u00a0: Noir<\/p>\n<p>Designer\u00a0: Tinker Hatfield<\/p>\n<p>Saison\u00a0: Hiver<\/p>\n<p>Ann\u00e9e de sortie\u00a0: 2020<br \/>\n\u00c2ge\u00a0: Adulte<br \/>\nCouleur\u00a0: Noir<br \/>\nGenre\u00a0: Homme<\/p>\n","protected":false},"excerpt":{"rendered":"<p>D\u00e9couvrez la Air Jordan 9 Retro Racer Blue de Jordan. Cette sneaker iconique arbore un design noir \u00e9l\u00e9gant, alliant vitesse et style. Affichez votre style avec l&rsquo;\u00e9dition Racer Blue \u2013 id\u00e9ale pour tous les passionn\u00e9s de sneakers et les fans de Jordan. Coloris\u00a0: Noir\/Blanc\/Bleu Racer Code article\u00a0: CT8019-024 Tige\u00a0: Nubuck\/3M Semelle interm\u00e9diaire\u00a0: Air Couleur\u00a0: Noir [&hellip;]<\/p>\n","protected":false},"featured_media":760234,"comment_status":"open","ping_status":"closed","template":"","meta":[],"product_brand":[],"product_cat":[38880],"product_tag":[10750,10800,38841,38842,10776,11349,38875,38886,10756],"class_list":{"0":"post-760233","1":"product","2":"type-product","3":"status-publish","4":"has-post-thumbnail","6":"product_cat-jordan","7":"product_tag-athleisure-shoes","8":"product_tag-basketball-shoes","9":"product_tag-casual-shoes","10":"product_tag-gift-idea-for-him","11":"product_tag-jordan","12":"product_tag-jordan-basketball-shoes","13":"product_tag-jordan-skateboard-shoes","14":"product_tag-lifestyle-shoes-inspired-by-basketball","15":"product_tag-retro-casual-shoes","17":"first","18":"instock","19":"taxable","20":"shipping-taxable","21":"purchasable","22":"product-type-simple"},"wcpa_form_fields":null,"yoast_head":"<!-- This site is optimized with the Yoast SEO plugin v26.5 - https:\/\/yoast.com\/wordpress\/plugins\/seo\/ -->\n<title>Air Jordan 9 Retro &#039;Racer Blue&#039; CT8019-024 - TOURCRUISER PTE. LTD<\/title>\n<meta name=\"robots\" content=\"index, follow, max-snippet:-1, max-image-preview:large, max-video-preview:-1\" \/>\n<link rel=\"canonical\" href=\"https:\/\/tourcruiser.com\/fr\/products\/air-jordan-9-retro-racer-blue-ct8019-024\/\" \/>\n<meta property=\"og:locale\" content=\"fr_FR\" \/>\n<meta property=\"og:type\" content=\"article\" \/>\n<meta property=\"og:title\" content=\"Air Jordan 9 Retro &#039;Racer Blue&#039; CT8019-024 - TOURCRUISER PTE. LTD\" \/>\n<meta property=\"og:description\" content=\"D\u00e9couvrez la Air Jordan 9 Retro Racer Blue de Jordan. Cette sneaker iconique arbore un design noir \u00e9l\u00e9gant, alliant vitesse et style. Affichez votre style avec l&rsquo;\u00e9dition Racer Blue \u2013 id\u00e9ale pour tous les passionn\u00e9s de sneakers et les fans de Jordan. Coloris\u00a0: Noir\/Blanc\/Bleu Racer Code article\u00a0: CT8019-024 Tige\u00a0: Nubuck\/3M Semelle interm\u00e9diaire\u00a0: Air Couleur\u00a0: Noir [&hellip;]\" \/>\n<meta property=\"og:url\" content=\"https:\/\/tourcruiser.com\/fr\/products\/air-jordan-9-retro-racer-blue-ct8019-024\/\" \/>\n<meta property=\"og:site_name\" content=\"Tourcruiser Sneaker Store\" \/>\n<meta property=\"article:modified_time\" content=\"2026-04-17T15:50:44+00:00\" \/>\n<meta name=\"twitter:card\" content=\"summary_large_image\" \/>\n<meta name=\"twitter:image\" content=\"https:\/\/images.novelship.com\/product\/air_jordan_9_retro__racer_blue__ct8019_024_0_82496.jpeg;https:\/\/images.novelship.com\/product\/air_jordan_9_retro__racer_blue__ct8019_024_1_82497.jpeg;https:\/\/images.novelship.com\/product\/air_jordan_9_retro__racer_blue__ct8019_024_2_82497.jpeg;https:\/\/images.novelship.com\/product\/air_jordan_9_retro__racer_blue__ct8019_024_3_82497.jpeg;https:\/\/images.novelship.com\/product\/air_jordan_9_retro__racer_blue__ct8019_024_4_82497.jpeg;https:\/\/images.novelship.com\/product\/air_jordan_9_retro__racer_blue__ct8019_024_5_82497.jpeg;https:\/\/images.novelship.com\/product\/air_jordan_9_retro__racer_blue__ct8019_024_6_82497.jpeg;https:\/\/images.novelship.com\/product\/air_jordan_9_retro__racer_blue__ct8019_024_7_82497.jpeg\" \/>\n<script type=\"application\/ld+json\" class=\"yoast-schema-graph\">{\"@context\":\"https:\/\/schema.org\",\"@graph\":[{\"@type\":\"WebPage\",\"@id\":\"https:\/\/tourcruiser.com\/fr\/products\/air-jordan-9-retro-racer-blue-ct8019-024\/\",\"url\":\"https:\/\/tourcruiser.com\/fr\/products\/air-jordan-9-retro-racer-blue-ct8019-024\/\",\"name\":\"Air Jordan 9 Retro 'Racer Blue' CT8019-024 - TOURCRUISER PTE. LTD\",\"isPartOf\":{\"@id\":\"\/#website\"},\"primaryImageOfPage\":{\"@id\":\"https:\/\/tourcruiser.com\/fr\/products\/air-jordan-9-retro-racer-blue-ct8019-024\/#primaryimage\"},\"image\":{\"@id\":\"https:\/\/tourcruiser.com\/fr\/products\/air-jordan-9-retro-racer-blue-ct8019-024\/#primaryimage\"},\"thumbnailUrl\":\"https:\/\/images.novelship.com\/product\/air_jordan_9_retro__racer_blue__ct8019_024_0_82496.jpeg;https:\/\/images.novelship.com\/product\/air_jordan_9_retro__racer_blue__ct8019_024_1_82497.jpeg;https:\/\/images.novelship.com\/product\/air_jordan_9_retro__racer_blue__ct8019_024_2_82497.jpeg;https:\/\/images.novelship.com\/product\/air_jordan_9_retro__racer_blue__ct8019_024_3_82497.jpeg;https:\/\/images.novelship.com\/product\/air_jordan_9_retro__racer_blue__ct8019_024_4_82497.jpeg;https:\/\/images.novelship.com\/product\/air_jordan_9_retro__racer_blue__ct8019_024_5_82497.jpeg;https:\/\/images.novelship.com\/product\/air_jordan_9_retro__racer_blue__ct8019_024_6_82497.jpeg;https:\/\/images.novelship.com\/product\/air_jordan_9_retro__racer_blue__ct8019_024_7_82497.jpeg\",\"datePublished\":\"2026-04-16T10:08:41+00:00\",\"dateModified\":\"2026-04-17T15:50:44+00:00\",\"breadcrumb\":{\"@id\":\"https:\/\/tourcruiser.com\/fr\/products\/air-jordan-9-retro-racer-blue-ct8019-024\/#breadcrumb\"},\"inLanguage\":\"fr-FR\",\"potentialAction\":[{\"@type\":\"ReadAction\",\"target\":[\"https:\/\/tourcruiser.com\/fr\/products\/air-jordan-9-retro-racer-blue-ct8019-024\/\"]}]},{\"@type\":\"ImageObject\",\"inLanguage\":\"fr-FR\",\"@id\":\"https:\/\/tourcruiser.com\/fr\/products\/air-jordan-9-retro-racer-blue-ct8019-024\/#primaryimage\",\"url\":\"https:\/\/images.novelship.com\/product\/air_jordan_9_retro__racer_blue__ct8019_024_0_82496.jpeg;https:\/\/images.novelship.com\/product\/air_jordan_9_retro__racer_blue__ct8019_024_1_82497.jpeg;https:\/\/images.novelship.com\/product\/air_jordan_9_retro__racer_blue__ct8019_024_2_82497.jpeg;https:\/\/images.novelship.com\/product\/air_jordan_9_retro__racer_blue__ct8019_024_3_82497.jpeg;https:\/\/images.novelship.com\/product\/air_jordan_9_retro__racer_blue__ct8019_024_4_82497.jpeg;https:\/\/images.novelship.com\/product\/air_jordan_9_retro__racer_blue__ct8019_024_5_82497.jpeg;https:\/\/images.novelship.com\/product\/air_jordan_9_retro__racer_blue__ct8019_024_6_82497.jpeg;https:\/\/images.novelship.com\/product\/air_jordan_9_retro__racer_blue__ct8019_024_7_82497.jpeg\",\"contentUrl\":\"https:\/\/images.novelship.com\/product\/air_jordan_9_retro__racer_blue__ct8019_024_0_82496.jpeg;https:\/\/images.novelship.com\/product\/air_jordan_9_retro__racer_blue__ct8019_024_1_82497.jpeg;https:\/\/images.novelship.com\/product\/air_jordan_9_retro__racer_blue__ct8019_024_2_82497.jpeg;https:\/\/images.novelship.com\/product\/air_jordan_9_retro__racer_blue__ct8019_024_3_82497.jpeg;https:\/\/images.novelship.com\/product\/air_jordan_9_retro__racer_blue__ct8019_024_4_82497.jpeg;https:\/\/images.novelship.com\/product\/air_jordan_9_retro__racer_blue__ct8019_024_5_82497.jpeg;https:\/\/images.novelship.com\/product\/air_jordan_9_retro__racer_blue__ct8019_024_6_82497.jpeg;https:\/\/images.novelship.com\/product\/air_jordan_9_retro__racer_blue__ct8019_024_7_82497.jpeg\"},{\"@type\":\"BreadcrumbList\",\"@id\":\"https:\/\/tourcruiser.com\/fr\/products\/air-jordan-9-retro-racer-blue-ct8019-024\/#breadcrumb\",\"itemListElement\":[{\"@type\":\"ListItem\",\"position\":1,\"name\":\"Home\",\"item\":\"https:\/\/tourcruiser.com\/fr\/\"},{\"@type\":\"ListItem\",\"position\":2,\"name\":\"Shop\",\"item\":\"https:\/\/tourcruiser.com\/fr\/shop\/\"},{\"@type\":\"ListItem\",\"position\":3,\"name\":\"Air Jordan 9 Retro &#8216;Racer Blue&#8217; CT8019-024\"}]},{\"@type\":\"WebSite\",\"@id\":\"\/#website\",\"url\":\"\/\",\"name\":\"Styloral Jewelry Shop\",\"description\":\"Tourcruiser Sneaker Store \u2014 L\u2019endroit o\u00f9 l\u2019univers rencontre votre singularit\u00e9.\",\"publisher\":{\"@id\":\"\/#organization\"},\"potentialAction\":[{\"@type\":\"SearchAction\",\"target\":{\"@type\":\"EntryPoint\",\"urlTemplate\":\"\/?s={search_term_string}\"},\"query-input\":{\"@type\":\"PropertyValueSpecification\",\"valueRequired\":true,\"valueName\":\"search_term_string\"}}],\"inLanguage\":\"fr-FR\"},{\"@type\":\"Organization\",\"@id\":\"\/#organization\",\"name\":\"STYLORAL PTE. LTD\",\"url\":\"\/\",\"logo\":{\"@type\":\"ImageObject\",\"inLanguage\":\"fr-FR\",\"@id\":\"\/#\/schema\/logo\/image\/\",\"url\":\"https:\/\/www.tourcruiser.com\/wp-content\/uploads\/2025\/12\/logo.png\",\"contentUrl\":\"https:\/\/www.tourcruiser.com\/wp-content\/uploads\/2025\/12\/logo.png\",\"width\":200,\"height\":65,\"caption\":\"STYLORAL PTE. LTD\"},\"image\":{\"@id\":\"\/#\/schema\/logo\/image\/\"}}]}<\/script>\n<!-- \/ Yoast SEO plugin. -->","yoast_head_json":{"title":"Air Jordan 9 Retro 'Racer Blue' CT8019-024 - TOURCRUISER PTE. LTD","robots":{"index":"index","follow":"follow","max-snippet":"max-snippet:-1","max-image-preview":"max-image-preview:large","max-video-preview":"max-video-preview:-1"},"canonical":"https:\/\/tourcruiser.com\/fr\/products\/air-jordan-9-retro-racer-blue-ct8019-024\/","og_locale":"fr_FR","og_type":"article","og_title":"Air Jordan 9 Retro 'Racer Blue' CT8019-024 - TOURCRUISER PTE. LTD","og_description":"D\u00e9couvrez la Air Jordan 9 Retro Racer Blue de Jordan. Cette sneaker iconique arbore un design noir \u00e9l\u00e9gant, alliant vitesse et style. Affichez votre style avec l&rsquo;\u00e9dition Racer Blue \u2013 id\u00e9ale pour tous les passionn\u00e9s de sneakers et les fans de Jordan. Coloris\u00a0: Noir\/Blanc\/Bleu Racer Code article\u00a0: CT8019-024 Tige\u00a0: Nubuck\/3M Semelle interm\u00e9diaire\u00a0: Air Couleur\u00a0: Noir [&hellip;]","og_url":"https:\/\/tourcruiser.com\/fr\/products\/air-jordan-9-retro-racer-blue-ct8019-024\/","og_site_name":"Tourcruiser Sneaker Store","article_modified_time":"2026-04-17T15:50:44+00:00","twitter_card":"summary_large_image","twitter_image":"https:\/\/images.novelship.com\/product\/air_jordan_9_retro__racer_blue__ct8019_024_0_82496.jpeg;https:\/\/images.novelship.com\/product\/air_jordan_9_retro__racer_blue__ct8019_024_1_82497.jpeg;https:\/\/images.novelship.com\/product\/air_jordan_9_retro__racer_blue__ct8019_024_2_82497.jpeg;https:\/\/images.novelship.com\/product\/air_jordan_9_retro__racer_blue__ct8019_024_3_82497.jpeg;https:\/\/images.novelship.com\/product\/air_jordan_9_retro__racer_blue__ct8019_024_4_82497.jpeg;https:\/\/images.novelship.com\/product\/air_jordan_9_retro__racer_blue__ct8019_024_5_82497.jpeg;https:\/\/images.novelship.com\/product\/air_jordan_9_retro__racer_blue__ct8019_024_6_82497.jpeg;https:\/\/images.novelship.com\/product\/air_jordan_9_retro__racer_blue__ct8019_024_7_82497.jpeg","schema":{"@context":"https:\/\/schema.org","@graph":[{"@type":"WebPage","@id":"https:\/\/tourcruiser.com\/fr\/products\/air-jordan-9-retro-racer-blue-ct8019-024\/","url":"https:\/\/tourcruiser.com\/fr\/products\/air-jordan-9-retro-racer-blue-ct8019-024\/","name":"Air Jordan 9 Retro 'Racer Blue' CT8019-024 - TOURCRUISER PTE. LTD","isPartOf":{"@id":"\/#website"},"primaryImageOfPage":{"@id":"https:\/\/tourcruiser.com\/fr\/products\/air-jordan-9-retro-racer-blue-ct8019-024\/#primaryimage"},"image":{"@id":"https:\/\/tourcruiser.com\/fr\/products\/air-jordan-9-retro-racer-blue-ct8019-024\/#primaryimage"},"thumbnailUrl":"https:\/\/images.novelship.com\/product\/air_jordan_9_retro__racer_blue__ct8019_024_0_82496.jpeg;https:\/\/images.novelship.com\/product\/air_jordan_9_retro__racer_blue__ct8019_024_1_82497.jpeg;https:\/\/images.novelship.com\/product\/air_jordan_9_retro__racer_blue__ct8019_024_2_82497.jpeg;https:\/\/images.novelship.com\/product\/air_jordan_9_retro__racer_blue__ct8019_024_3_82497.jpeg;https:\/\/images.novelship.com\/product\/air_jordan_9_retro__racer_blue__ct8019_024_4_82497.jpeg;https:\/\/images.novelship.com\/product\/air_jordan_9_retro__racer_blue__ct8019_024_5_82497.jpeg;https:\/\/images.novelship.com\/product\/air_jordan_9_retro__racer_blue__ct8019_024_6_82497.jpeg;https:\/\/images.novelship.com\/product\/air_jordan_9_retro__racer_blue__ct8019_024_7_82497.jpeg","datePublished":"2026-04-16T10:08:41+00:00","dateModified":"2026-04-17T15:50:44+00:00","breadcrumb":{"@id":"https:\/\/tourcruiser.com\/fr\/products\/air-jordan-9-retro-racer-blue-ct8019-024\/#breadcrumb"},"inLanguage":"fr-FR","potentialAction":[{"@type":"ReadAction","target":["https:\/\/tourcruiser.com\/fr\/products\/air-jordan-9-retro-racer-blue-ct8019-024\/"]}]},{"@type":"ImageObject","inLanguage":"fr-FR","@id":"https:\/\/tourcruiser.com\/fr\/products\/air-jordan-9-retro-racer-blue-ct8019-024\/#primaryimage","url":"https:\/\/images.novelship.com\/product\/air_jordan_9_retro__racer_blue__ct8019_024_0_82496.jpeg;https:\/\/images.novelship.com\/product\/air_jordan_9_retro__racer_blue__ct8019_024_1_82497.jpeg;https:\/\/images.novelship.com\/product\/air_jordan_9_retro__racer_blue__ct8019_024_2_82497.jpeg;https:\/\/images.novelship.com\/product\/air_jordan_9_retro__racer_blue__ct8019_024_3_82497.jpeg;https:\/\/images.novelship.com\/product\/air_jordan_9_retro__racer_blue__ct8019_024_4_82497.jpeg;https:\/\/images.novelship.com\/product\/air_jordan_9_retro__racer_blue__ct8019_024_5_82497.jpeg;https:\/\/images.novelship.com\/product\/air_jordan_9_retro__racer_blue__ct8019_024_6_82497.jpeg;https:\/\/images.novelship.com\/product\/air_jordan_9_retro__racer_blue__ct8019_024_7_82497.jpeg","contentUrl":"https:\/\/images.novelship.com\/product\/air_jordan_9_retro__racer_blue__ct8019_024_0_82496.jpeg;https:\/\/images.novelship.com\/product\/air_jordan_9_retro__racer_blue__ct8019_024_1_82497.jpeg;https:\/\/images.novelship.com\/product\/air_jordan_9_retro__racer_blue__ct8019_024_2_82497.jpeg;https:\/\/images.novelship.com\/product\/air_jordan_9_retro__racer_blue__ct8019_024_3_82497.jpeg;https:\/\/images.novelship.com\/product\/air_jordan_9_retro__racer_blue__ct8019_024_4_82497.jpeg;https:\/\/images.novelship.com\/product\/air_jordan_9_retro__racer_blue__ct8019_024_5_82497.jpeg;https:\/\/images.novelship.com\/product\/air_jordan_9_retro__racer_blue__ct8019_024_6_82497.jpeg;https:\/\/images.novelship.com\/product\/air_jordan_9_retro__racer_blue__ct8019_024_7_82497.jpeg"},{"@type":"BreadcrumbList","@id":"https:\/\/tourcruiser.com\/fr\/products\/air-jordan-9-retro-racer-blue-ct8019-024\/#breadcrumb","itemListElement":[{"@type":"ListItem","position":1,"name":"Home","item":"https:\/\/tourcruiser.com\/fr\/"},{"@type":"ListItem","position":2,"name":"Shop","item":"https:\/\/tourcruiser.com\/fr\/shop\/"},{"@type":"ListItem","position":3,"name":"Air Jordan 9 Retro &#8216;Racer Blue&#8217; CT8019-024"}]},{"@type":"WebSite","@id":"\/#website","url":"\/","name":"Styloral Jewelry Shop","description":"Tourcruiser Sneaker Store \u2014 L\u2019endroit o\u00f9 l\u2019univers rencontre votre singularit\u00e9.","publisher":{"@id":"\/#organization"},"potentialAction":[{"@type":"SearchAction","target":{"@type":"EntryPoint","urlTemplate":"\/?s={search_term_string}"},"query-input":{"@type":"PropertyValueSpecification","valueRequired":true,"valueName":"search_term_string"}}],"inLanguage":"fr-FR"},{"@type":"Organization","@id":"\/#organization","name":"STYLORAL PTE. LTD","url":"\/","logo":{"@type":"ImageObject","inLanguage":"fr-FR","@id":"\/#\/schema\/logo\/image\/","url":"https:\/\/www.tourcruiser.com\/wp-content\/uploads\/2025\/12\/logo.png","contentUrl":"https:\/\/www.tourcruiser.com\/wp-content\/uploads\/2025\/12\/logo.png","width":200,"height":65,"caption":"STYLORAL PTE. LTD"},"image":{"@id":"\/#\/schema\/logo\/image\/"}}]}},"_links":{"self":[{"href":"https:\/\/tourcruiser.com\/fr\/wp-json\/wp\/v2\/product\/760233","targetHints":{"allow":["GET"]}}],"collection":[{"href":"https:\/\/tourcruiser.com\/fr\/wp-json\/wp\/v2\/product"}],"about":[{"href":"https:\/\/tourcruiser.com\/fr\/wp-json\/wp\/v2\/types\/product"}],"replies":[{"embeddable":true,"href":"https:\/\/tourcruiser.com\/fr\/wp-json\/wp\/v2\/comments?post=760233"}],"wp:featuredmedia":[{"embeddable":true,"href":"https:\/\/tourcruiser.com\/fr\/wp-json\/wp\/v2\/media\/760234"}],"wp:attachment":[{"href":"https:\/\/tourcruiser.com\/fr\/wp-json\/wp\/v2\/media?parent=760233"}],"wp:term":[{"taxonomy":"product_brand","embeddable":true,"href":"https:\/\/tourcruiser.com\/fr\/wp-json\/wp\/v2\/product_brand?post=760233"},{"taxonomy":"product_cat","embeddable":true,"href":"https:\/\/tourcruiser.com\/fr\/wp-json\/wp\/v2\/product_cat?post=760233"},{"taxonomy":"product_tag","embeddable":true,"href":"https:\/\/tourcruiser.com\/fr\/wp-json\/wp\/v2\/product_tag?post=760233"}],"curies":[{"name":"wp","href":"https:\/\/api.w.org\/{rel}","templated":true}]}}