{"id":760215,"date":"2026-04-16T17:08:40","date_gmt":"2026-04-16T10:08:40","guid":{"rendered":"http:\/\/tourcruiser.com\/product\/grade-school-air-jordan-1-mid-candy-554725-083"},"modified":"2026-04-17T22:50:43","modified_gmt":"2026-04-17T15:50:43","slug":"grade-school-air-jordan-1-mid-candy-554725-083","status":"publish","type":"product","link":"https:\/\/tourcruiser.com\/fr\/products\/grade-school-air-jordan-1-mid-candy-554725-083\/","title":{"rendered":"(Grade School) Air Jordan 1 Mid &lsquo;Candy&rsquo; 554725-083"},"content":{"rendered":"<p>La Air Jordan 1 Mid Candy (GS), con\u00e7ue par Jordan, est une basket pour enfants au design multicolore captivant. Ses couleurs vives apportent une touche ludique et originale \u00e0 toutes les tenues. Id\u00e9ale pour les jeunes passionn\u00e9s de sneakers qui veulent se d\u00e9marquer et exprimer leur personnalit\u00e9.<\/p>\n<p>Coloris\u00a0: Noir\/Multicolore<\/p>\n<p>Code article\u00a0: 554725-083<\/p>\n<p>Tige\u00a0: Cuir<\/p>\n<p>Semelle interm\u00e9diaire\u00a0: Air<\/p>\n<p>Couleur\u00a0: Noir<\/p>\n<p>Cr\u00e9ateur\u00a0: Peter Moore<\/p>\n<p>Saison\u00a0: Automne<\/p>\n<p>Ann\u00e9e de sortie\u00a0: 2019<\/p>\n<p>\u00c2ge\u00a0: Adulte<\/p>\n<p>Couleur\u00a0: Noir<\/p>\n<p>Genre\u00a0: Enfant<\/p>\n","protected":false},"excerpt":{"rendered":"<p>La Air Jordan 1 Mid Candy (GS), con\u00e7ue par Jordan, est une basket pour enfants au design multicolore captivant. Ses couleurs vives apportent une touche ludique et originale \u00e0 toutes les tenues. Id\u00e9ale pour les jeunes passionn\u00e9s de sneakers qui veulent se d\u00e9marquer et exprimer leur personnalit\u00e9. Coloris\u00a0: Noir\/Multicolore Code article\u00a0: 554725-083 Tige\u00a0: Cuir Semelle [&hellip;]<\/p>\n","protected":false},"featured_media":760216,"comment_status":"open","ping_status":"closed","template":"","meta":[],"product_brand":[],"product_cat":[38880],"product_tag":[10750,10800,38841,39257,10776,11349,38875,10756],"class_list":{"0":"post-760215","1":"product","2":"type-product","3":"status-publish","4":"has-post-thumbnail","6":"product_cat-jordan","7":"product_tag-athleisure-shoes","8":"product_tag-basketball-shoes","9":"product_tag-casual-shoes","10":"product_tag-casual-shoes-inspired-by-basketball","11":"product_tag-jordan","12":"product_tag-jordan-basketball-shoes","13":"product_tag-jordan-skateboard-shoes","14":"product_tag-retro-casual-shoes","16":"first","17":"instock","18":"taxable","19":"shipping-taxable","20":"purchasable","21":"product-type-simple"},"wcpa_form_fields":null,"yoast_head":"<!-- This site is optimized with the Yoast SEO plugin v26.5 - https:\/\/yoast.com\/wordpress\/plugins\/seo\/ -->\n<title>(Grade School) Air Jordan 1 Mid &#039;Candy&#039; 554725-083 - TOURCRUISER PTE. LTD<\/title>\n<meta name=\"robots\" content=\"index, follow, max-snippet:-1, max-image-preview:large, max-video-preview:-1\" \/>\n<link rel=\"canonical\" href=\"https:\/\/tourcruiser.com\/fr\/products\/grade-school-air-jordan-1-mid-candy-554725-083\/\" \/>\n<meta property=\"og:locale\" content=\"fr_FR\" \/>\n<meta property=\"og:type\" content=\"article\" \/>\n<meta property=\"og:title\" content=\"(Grade School) Air Jordan 1 Mid &#039;Candy&#039; 554725-083 - TOURCRUISER PTE. LTD\" \/>\n<meta property=\"og:description\" content=\"La Air Jordan 1 Mid Candy (GS), con\u00e7ue par Jordan, est une basket pour enfants au design multicolore captivant. Ses couleurs vives apportent une touche ludique et originale \u00e0 toutes les tenues. Id\u00e9ale pour les jeunes passionn\u00e9s de sneakers qui veulent se d\u00e9marquer et exprimer leur personnalit\u00e9. Coloris\u00a0: Noir\/Multicolore Code article\u00a0: 554725-083 Tige\u00a0: Cuir Semelle [&hellip;]\" \/>\n<meta property=\"og:url\" content=\"https:\/\/tourcruiser.com\/fr\/products\/grade-school-air-jordan-1-mid-candy-554725-083\/\" \/>\n<meta property=\"og:site_name\" content=\"Tourcruiser Sneaker Store\" \/>\n<meta property=\"article:modified_time\" content=\"2026-04-17T15:50:43+00:00\" \/>\n<meta name=\"twitter:card\" content=\"summary_large_image\" \/>\n<meta name=\"twitter:image\" content=\"https:\/\/images.novelship.com\/product\/_grade_school__air_jordan_1_mid__candy__554725_083_0_43023.jpeg;https:\/\/images.novelship.com\/product\/_grade_school__air_jordan_1_mid__candy__554725_083_1_43023.jpeg;https:\/\/images.novelship.com\/product\/_grade_school__air_jordan_1_mid__candy__554725_083_2_43024.jpeg;https:\/\/images.novelship.com\/product\/_grade_school__air_jordan_1_mid__candy__554725_083_3_43024.jpeg;https:\/\/images.novelship.com\/product\/_grade_school__air_jordan_1_mid__candy__554725_083_4_43024.jpeg;https:\/\/images.novelship.com\/product\/_grade_school__air_jordan_1_mid__candy__554725_083_5_43024.jpeg;https:\/\/images.novelship.com\/product\/_grade_school__air_jordan_1_mid__candy__554725_083_6_43024.jpeg;https:\/\/images.novelship.com\/product\/_grade_school__air_jordan_1_mid__candy__554725_083_7_43024.jpeg\" \/>\n<script type=\"application\/ld+json\" class=\"yoast-schema-graph\">{\"@context\":\"https:\/\/schema.org\",\"@graph\":[{\"@type\":\"WebPage\",\"@id\":\"https:\/\/tourcruiser.com\/fr\/products\/grade-school-air-jordan-1-mid-candy-554725-083\/\",\"url\":\"https:\/\/tourcruiser.com\/fr\/products\/grade-school-air-jordan-1-mid-candy-554725-083\/\",\"name\":\"(Grade School) Air Jordan 1 Mid 'Candy' 554725-083 - TOURCRUISER PTE. LTD\",\"isPartOf\":{\"@id\":\"\/#website\"},\"primaryImageOfPage\":{\"@id\":\"https:\/\/tourcruiser.com\/fr\/products\/grade-school-air-jordan-1-mid-candy-554725-083\/#primaryimage\"},\"image\":{\"@id\":\"https:\/\/tourcruiser.com\/fr\/products\/grade-school-air-jordan-1-mid-candy-554725-083\/#primaryimage\"},\"thumbnailUrl\":\"https:\/\/images.novelship.com\/product\/_grade_school__air_jordan_1_mid__candy__554725_083_0_43023.jpeg;https:\/\/images.novelship.com\/product\/_grade_school__air_jordan_1_mid__candy__554725_083_1_43023.jpeg;https:\/\/images.novelship.com\/product\/_grade_school__air_jordan_1_mid__candy__554725_083_2_43024.jpeg;https:\/\/images.novelship.com\/product\/_grade_school__air_jordan_1_mid__candy__554725_083_3_43024.jpeg;https:\/\/images.novelship.com\/product\/_grade_school__air_jordan_1_mid__candy__554725_083_4_43024.jpeg;https:\/\/images.novelship.com\/product\/_grade_school__air_jordan_1_mid__candy__554725_083_5_43024.jpeg;https:\/\/images.novelship.com\/product\/_grade_school__air_jordan_1_mid__candy__554725_083_6_43024.jpeg;https:\/\/images.novelship.com\/product\/_grade_school__air_jordan_1_mid__candy__554725_083_7_43024.jpeg\",\"datePublished\":\"2026-04-16T10:08:40+00:00\",\"dateModified\":\"2026-04-17T15:50:43+00:00\",\"breadcrumb\":{\"@id\":\"https:\/\/tourcruiser.com\/fr\/products\/grade-school-air-jordan-1-mid-candy-554725-083\/#breadcrumb\"},\"inLanguage\":\"fr-FR\",\"potentialAction\":[{\"@type\":\"ReadAction\",\"target\":[\"https:\/\/tourcruiser.com\/fr\/products\/grade-school-air-jordan-1-mid-candy-554725-083\/\"]}]},{\"@type\":\"ImageObject\",\"inLanguage\":\"fr-FR\",\"@id\":\"https:\/\/tourcruiser.com\/fr\/products\/grade-school-air-jordan-1-mid-candy-554725-083\/#primaryimage\",\"url\":\"https:\/\/images.novelship.com\/product\/_grade_school__air_jordan_1_mid__candy__554725_083_0_43023.jpeg;https:\/\/images.novelship.com\/product\/_grade_school__air_jordan_1_mid__candy__554725_083_1_43023.jpeg;https:\/\/images.novelship.com\/product\/_grade_school__air_jordan_1_mid__candy__554725_083_2_43024.jpeg;https:\/\/images.novelship.com\/product\/_grade_school__air_jordan_1_mid__candy__554725_083_3_43024.jpeg;https:\/\/images.novelship.com\/product\/_grade_school__air_jordan_1_mid__candy__554725_083_4_43024.jpeg;https:\/\/images.novelship.com\/product\/_grade_school__air_jordan_1_mid__candy__554725_083_5_43024.jpeg;https:\/\/images.novelship.com\/product\/_grade_school__air_jordan_1_mid__candy__554725_083_6_43024.jpeg;https:\/\/images.novelship.com\/product\/_grade_school__air_jordan_1_mid__candy__554725_083_7_43024.jpeg\",\"contentUrl\":\"https:\/\/images.novelship.com\/product\/_grade_school__air_jordan_1_mid__candy__554725_083_0_43023.jpeg;https:\/\/images.novelship.com\/product\/_grade_school__air_jordan_1_mid__candy__554725_083_1_43023.jpeg;https:\/\/images.novelship.com\/product\/_grade_school__air_jordan_1_mid__candy__554725_083_2_43024.jpeg;https:\/\/images.novelship.com\/product\/_grade_school__air_jordan_1_mid__candy__554725_083_3_43024.jpeg;https:\/\/images.novelship.com\/product\/_grade_school__air_jordan_1_mid__candy__554725_083_4_43024.jpeg;https:\/\/images.novelship.com\/product\/_grade_school__air_jordan_1_mid__candy__554725_083_5_43024.jpeg;https:\/\/images.novelship.com\/product\/_grade_school__air_jordan_1_mid__candy__554725_083_6_43024.jpeg;https:\/\/images.novelship.com\/product\/_grade_school__air_jordan_1_mid__candy__554725_083_7_43024.jpeg\"},{\"@type\":\"BreadcrumbList\",\"@id\":\"https:\/\/tourcruiser.com\/fr\/products\/grade-school-air-jordan-1-mid-candy-554725-083\/#breadcrumb\",\"itemListElement\":[{\"@type\":\"ListItem\",\"position\":1,\"name\":\"Home\",\"item\":\"https:\/\/tourcruiser.com\/fr\/\"},{\"@type\":\"ListItem\",\"position\":2,\"name\":\"Shop\",\"item\":\"https:\/\/tourcruiser.com\/fr\/shop\/\"},{\"@type\":\"ListItem\",\"position\":3,\"name\":\"(Grade School) Air Jordan 1 Mid &#8216;Candy&#8217; 554725-083\"}]},{\"@type\":\"WebSite\",\"@id\":\"\/#website\",\"url\":\"\/\",\"name\":\"Styloral Jewelry Shop\",\"description\":\"Tourcruiser Sneaker Store \u2014 L\u2019endroit o\u00f9 l\u2019univers rencontre votre singularit\u00e9.\",\"publisher\":{\"@id\":\"\/#organization\"},\"potentialAction\":[{\"@type\":\"SearchAction\",\"target\":{\"@type\":\"EntryPoint\",\"urlTemplate\":\"\/?s={search_term_string}\"},\"query-input\":{\"@type\":\"PropertyValueSpecification\",\"valueRequired\":true,\"valueName\":\"search_term_string\"}}],\"inLanguage\":\"fr-FR\"},{\"@type\":\"Organization\",\"@id\":\"\/#organization\",\"name\":\"STYLORAL PTE. LTD\",\"url\":\"\/\",\"logo\":{\"@type\":\"ImageObject\",\"inLanguage\":\"fr-FR\",\"@id\":\"\/#\/schema\/logo\/image\/\",\"url\":\"https:\/\/www.tourcruiser.com\/wp-content\/uploads\/2025\/12\/logo.png\",\"contentUrl\":\"https:\/\/www.tourcruiser.com\/wp-content\/uploads\/2025\/12\/logo.png\",\"width\":200,\"height\":65,\"caption\":\"STYLORAL PTE. LTD\"},\"image\":{\"@id\":\"\/#\/schema\/logo\/image\/\"}}]}<\/script>\n<!-- \/ Yoast SEO plugin. -->","yoast_head_json":{"title":"(Grade School) Air Jordan 1 Mid 'Candy' 554725-083 - TOURCRUISER PTE. LTD","robots":{"index":"index","follow":"follow","max-snippet":"max-snippet:-1","max-image-preview":"max-image-preview:large","max-video-preview":"max-video-preview:-1"},"canonical":"https:\/\/tourcruiser.com\/fr\/products\/grade-school-air-jordan-1-mid-candy-554725-083\/","og_locale":"fr_FR","og_type":"article","og_title":"(Grade School) Air Jordan 1 Mid 'Candy' 554725-083 - TOURCRUISER PTE. LTD","og_description":"La Air Jordan 1 Mid Candy (GS), con\u00e7ue par Jordan, est une basket pour enfants au design multicolore captivant. Ses couleurs vives apportent une touche ludique et originale \u00e0 toutes les tenues. Id\u00e9ale pour les jeunes passionn\u00e9s de sneakers qui veulent se d\u00e9marquer et exprimer leur personnalit\u00e9. Coloris\u00a0: Noir\/Multicolore Code article\u00a0: 554725-083 Tige\u00a0: Cuir Semelle [&hellip;]","og_url":"https:\/\/tourcruiser.com\/fr\/products\/grade-school-air-jordan-1-mid-candy-554725-083\/","og_site_name":"Tourcruiser Sneaker Store","article_modified_time":"2026-04-17T15:50:43+00:00","twitter_card":"summary_large_image","twitter_image":"https:\/\/images.novelship.com\/product\/_grade_school__air_jordan_1_mid__candy__554725_083_0_43023.jpeg;https:\/\/images.novelship.com\/product\/_grade_school__air_jordan_1_mid__candy__554725_083_1_43023.jpeg;https:\/\/images.novelship.com\/product\/_grade_school__air_jordan_1_mid__candy__554725_083_2_43024.jpeg;https:\/\/images.novelship.com\/product\/_grade_school__air_jordan_1_mid__candy__554725_083_3_43024.jpeg;https:\/\/images.novelship.com\/product\/_grade_school__air_jordan_1_mid__candy__554725_083_4_43024.jpeg;https:\/\/images.novelship.com\/product\/_grade_school__air_jordan_1_mid__candy__554725_083_5_43024.jpeg;https:\/\/images.novelship.com\/product\/_grade_school__air_jordan_1_mid__candy__554725_083_6_43024.jpeg;https:\/\/images.novelship.com\/product\/_grade_school__air_jordan_1_mid__candy__554725_083_7_43024.jpeg","schema":{"@context":"https:\/\/schema.org","@graph":[{"@type":"WebPage","@id":"https:\/\/tourcruiser.com\/fr\/products\/grade-school-air-jordan-1-mid-candy-554725-083\/","url":"https:\/\/tourcruiser.com\/fr\/products\/grade-school-air-jordan-1-mid-candy-554725-083\/","name":"(Grade School) Air Jordan 1 Mid 'Candy' 554725-083 - TOURCRUISER PTE. LTD","isPartOf":{"@id":"\/#website"},"primaryImageOfPage":{"@id":"https:\/\/tourcruiser.com\/fr\/products\/grade-school-air-jordan-1-mid-candy-554725-083\/#primaryimage"},"image":{"@id":"https:\/\/tourcruiser.com\/fr\/products\/grade-school-air-jordan-1-mid-candy-554725-083\/#primaryimage"},"thumbnailUrl":"https:\/\/images.novelship.com\/product\/_grade_school__air_jordan_1_mid__candy__554725_083_0_43023.jpeg;https:\/\/images.novelship.com\/product\/_grade_school__air_jordan_1_mid__candy__554725_083_1_43023.jpeg;https:\/\/images.novelship.com\/product\/_grade_school__air_jordan_1_mid__candy__554725_083_2_43024.jpeg;https:\/\/images.novelship.com\/product\/_grade_school__air_jordan_1_mid__candy__554725_083_3_43024.jpeg;https:\/\/images.novelship.com\/product\/_grade_school__air_jordan_1_mid__candy__554725_083_4_43024.jpeg;https:\/\/images.novelship.com\/product\/_grade_school__air_jordan_1_mid__candy__554725_083_5_43024.jpeg;https:\/\/images.novelship.com\/product\/_grade_school__air_jordan_1_mid__candy__554725_083_6_43024.jpeg;https:\/\/images.novelship.com\/product\/_grade_school__air_jordan_1_mid__candy__554725_083_7_43024.jpeg","datePublished":"2026-04-16T10:08:40+00:00","dateModified":"2026-04-17T15:50:43+00:00","breadcrumb":{"@id":"https:\/\/tourcruiser.com\/fr\/products\/grade-school-air-jordan-1-mid-candy-554725-083\/#breadcrumb"},"inLanguage":"fr-FR","potentialAction":[{"@type":"ReadAction","target":["https:\/\/tourcruiser.com\/fr\/products\/grade-school-air-jordan-1-mid-candy-554725-083\/"]}]},{"@type":"ImageObject","inLanguage":"fr-FR","@id":"https:\/\/tourcruiser.com\/fr\/products\/grade-school-air-jordan-1-mid-candy-554725-083\/#primaryimage","url":"https:\/\/images.novelship.com\/product\/_grade_school__air_jordan_1_mid__candy__554725_083_0_43023.jpeg;https:\/\/images.novelship.com\/product\/_grade_school__air_jordan_1_mid__candy__554725_083_1_43023.jpeg;https:\/\/images.novelship.com\/product\/_grade_school__air_jordan_1_mid__candy__554725_083_2_43024.jpeg;https:\/\/images.novelship.com\/product\/_grade_school__air_jordan_1_mid__candy__554725_083_3_43024.jpeg;https:\/\/images.novelship.com\/product\/_grade_school__air_jordan_1_mid__candy__554725_083_4_43024.jpeg;https:\/\/images.novelship.com\/product\/_grade_school__air_jordan_1_mid__candy__554725_083_5_43024.jpeg;https:\/\/images.novelship.com\/product\/_grade_school__air_jordan_1_mid__candy__554725_083_6_43024.jpeg;https:\/\/images.novelship.com\/product\/_grade_school__air_jordan_1_mid__candy__554725_083_7_43024.jpeg","contentUrl":"https:\/\/images.novelship.com\/product\/_grade_school__air_jordan_1_mid__candy__554725_083_0_43023.jpeg;https:\/\/images.novelship.com\/product\/_grade_school__air_jordan_1_mid__candy__554725_083_1_43023.jpeg;https:\/\/images.novelship.com\/product\/_grade_school__air_jordan_1_mid__candy__554725_083_2_43024.jpeg;https:\/\/images.novelship.com\/product\/_grade_school__air_jordan_1_mid__candy__554725_083_3_43024.jpeg;https:\/\/images.novelship.com\/product\/_grade_school__air_jordan_1_mid__candy__554725_083_4_43024.jpeg;https:\/\/images.novelship.com\/product\/_grade_school__air_jordan_1_mid__candy__554725_083_5_43024.jpeg;https:\/\/images.novelship.com\/product\/_grade_school__air_jordan_1_mid__candy__554725_083_6_43024.jpeg;https:\/\/images.novelship.com\/product\/_grade_school__air_jordan_1_mid__candy__554725_083_7_43024.jpeg"},{"@type":"BreadcrumbList","@id":"https:\/\/tourcruiser.com\/fr\/products\/grade-school-air-jordan-1-mid-candy-554725-083\/#breadcrumb","itemListElement":[{"@type":"ListItem","position":1,"name":"Home","item":"https:\/\/tourcruiser.com\/fr\/"},{"@type":"ListItem","position":2,"name":"Shop","item":"https:\/\/tourcruiser.com\/fr\/shop\/"},{"@type":"ListItem","position":3,"name":"(Grade School) Air Jordan 1 Mid &#8216;Candy&#8217; 554725-083"}]},{"@type":"WebSite","@id":"\/#website","url":"\/","name":"Styloral Jewelry Shop","description":"Tourcruiser Sneaker Store \u2014 L\u2019endroit o\u00f9 l\u2019univers rencontre votre singularit\u00e9.","publisher":{"@id":"\/#organization"},"potentialAction":[{"@type":"SearchAction","target":{"@type":"EntryPoint","urlTemplate":"\/?s={search_term_string}"},"query-input":{"@type":"PropertyValueSpecification","valueRequired":true,"valueName":"search_term_string"}}],"inLanguage":"fr-FR"},{"@type":"Organization","@id":"\/#organization","name":"STYLORAL PTE. LTD","url":"\/","logo":{"@type":"ImageObject","inLanguage":"fr-FR","@id":"\/#\/schema\/logo\/image\/","url":"https:\/\/www.tourcruiser.com\/wp-content\/uploads\/2025\/12\/logo.png","contentUrl":"https:\/\/www.tourcruiser.com\/wp-content\/uploads\/2025\/12\/logo.png","width":200,"height":65,"caption":"STYLORAL PTE. LTD"},"image":{"@id":"\/#\/schema\/logo\/image\/"}}]}},"_links":{"self":[{"href":"https:\/\/tourcruiser.com\/fr\/wp-json\/wp\/v2\/product\/760215","targetHints":{"allow":["GET"]}}],"collection":[{"href":"https:\/\/tourcruiser.com\/fr\/wp-json\/wp\/v2\/product"}],"about":[{"href":"https:\/\/tourcruiser.com\/fr\/wp-json\/wp\/v2\/types\/product"}],"replies":[{"embeddable":true,"href":"https:\/\/tourcruiser.com\/fr\/wp-json\/wp\/v2\/comments?post=760215"}],"wp:featuredmedia":[{"embeddable":true,"href":"https:\/\/tourcruiser.com\/fr\/wp-json\/wp\/v2\/media\/760216"}],"wp:attachment":[{"href":"https:\/\/tourcruiser.com\/fr\/wp-json\/wp\/v2\/media?parent=760215"}],"wp:term":[{"taxonomy":"product_brand","embeddable":true,"href":"https:\/\/tourcruiser.com\/fr\/wp-json\/wp\/v2\/product_brand?post=760215"},{"taxonomy":"product_cat","embeddable":true,"href":"https:\/\/tourcruiser.com\/fr\/wp-json\/wp\/v2\/product_cat?post=760215"},{"taxonomy":"product_tag","embeddable":true,"href":"https:\/\/tourcruiser.com\/fr\/wp-json\/wp\/v2\/product_tag?post=760215"}],"curies":[{"name":"wp","href":"https:\/\/api.w.org\/{rel}","templated":true}]}}