{"id":760206,"date":"2026-04-16T17:08:40","date_gmt":"2026-04-16T10:08:40","guid":{"rendered":"http:\/\/tourcruiser.com\/product\/air-jordan-11-retro-concord-2011-378037-107"},"modified":"2026-04-17T22:50:43","modified_gmt":"2026-04-17T15:50:43","slug":"air-jordan-11-retro-concord-2011-378037-107","status":"publish","type":"product","link":"https:\/\/tourcruiser.com\/fr\/products\/air-jordan-11-retro-concord-2011-378037-107\/","title":{"rendered":"Air Jordan 11 Retro &lsquo;Concord&rsquo; 2011 378037-107"},"content":{"rendered":"<p>La Air Jordan 11 Retro Concord 2011, plus simplement appel\u00e9e Concord, est un mod\u00e8le classique de basketball sign\u00e9 Jordan. Avec son design blanc \u00e9pur\u00e9, cette sneaker iconique est un incontournable pour les collectionneurs et les fans de basketball. Profitez d&rsquo;une combinaison parfaite de style et de performance avec la Air Jordan 11 Retro Concord.<\/p>\n<p>Coloris : Blanc\/Noir-Concord fonc\u00e9<\/p>\n<p>Code article : 378037-107<\/p>\n<p>Tige : Cuir verni<\/p>\n<p>Semelle interm\u00e9diaire : Air<\/p>\n<p>Couleur : Blanc<\/p>\n<p>Designer : Tinker Hatfield<\/p>\n<p>Saison : Hiver<\/p>\n<p>Ann\u00e9e de sortie : 2011<\/p>\n<p>Couleur : Blanc<\/p>\n<p>\u00c2ge : Adulte<\/p>\n<p>Couleur : Blanc<\/p>\n<p>Genre : Homme<\/p>\n","protected":false},"excerpt":{"rendered":"<p>La Air Jordan 11 Retro Concord 2011, plus simplement appel\u00e9e Concord, est un mod\u00e8le classique de basketball sign\u00e9 Jordan. Avec son design blanc \u00e9pur\u00e9, cette sneaker iconique est un incontournable pour les collectionneurs et les fans de basketball. Profitez d&rsquo;une combinaison parfaite de style et de performance avec la Air Jordan 11 Retro Concord. Coloris [&hellip;]<\/p>\n","protected":false},"featured_media":760207,"comment_status":"open","ping_status":"closed","template":"","meta":[],"product_brand":[],"product_cat":[38880],"product_tag":[10800,38842,10776,11349,38875,11129,38846],"class_list":{"0":"post-760206","1":"product","2":"type-product","3":"status-publish","4":"has-post-thumbnail","6":"product_cat-jordan","7":"product_tag-basketball-shoes","8":"product_tag-gift-idea-for-him","9":"product_tag-jordan","10":"product_tag-jordan-basketball-shoes","11":"product_tag-jordan-skateboard-shoes","12":"product_tag-lightweight-basketball-shoes","13":"product_tag-performance-sports-shoes","15":"first","16":"instock","17":"taxable","18":"shipping-taxable","19":"purchasable","20":"product-type-simple"},"wcpa_form_fields":null,"yoast_head":"<!-- This site is optimized with the Yoast SEO plugin v26.5 - https:\/\/yoast.com\/wordpress\/plugins\/seo\/ -->\n<title>Air Jordan 11 Retro &#039;Concord&#039; 2011 378037-107 - TOURCRUISER PTE. LTD<\/title>\n<meta name=\"robots\" content=\"index, follow, max-snippet:-1, max-image-preview:large, max-video-preview:-1\" \/>\n<link rel=\"canonical\" href=\"https:\/\/tourcruiser.com\/fr\/products\/air-jordan-11-retro-concord-2011-378037-107\/\" \/>\n<meta property=\"og:locale\" content=\"fr_FR\" \/>\n<meta property=\"og:type\" content=\"article\" \/>\n<meta property=\"og:title\" content=\"Air Jordan 11 Retro &#039;Concord&#039; 2011 378037-107 - TOURCRUISER PTE. LTD\" \/>\n<meta property=\"og:description\" content=\"La Air Jordan 11 Retro Concord 2011, plus simplement appel\u00e9e Concord, est un mod\u00e8le classique de basketball sign\u00e9 Jordan. Avec son design blanc \u00e9pur\u00e9, cette sneaker iconique est un incontournable pour les collectionneurs et les fans de basketball. Profitez d&rsquo;une combinaison parfaite de style et de performance avec la Air Jordan 11 Retro Concord. Coloris [&hellip;]\" \/>\n<meta property=\"og:url\" content=\"https:\/\/tourcruiser.com\/fr\/products\/air-jordan-11-retro-concord-2011-378037-107\/\" \/>\n<meta property=\"og:site_name\" content=\"Tourcruiser Sneaker Store\" \/>\n<meta property=\"article:modified_time\" content=\"2026-04-17T15:50:43+00:00\" \/>\n<meta name=\"twitter:card\" content=\"summary_large_image\" \/>\n<meta name=\"twitter:image\" content=\"https:\/\/images.novelship.com\/product\/air_jordan_11_retro__concord__2011_378037_107_0_97530.jpeg;https:\/\/images.novelship.com\/product\/air_jordan_11_retro__concord__2011_378037_107_1_97530.jpeg;https:\/\/images.novelship.com\/product\/air_jordan_11_retro__concord__2011_378037_107_2_97530.jpeg;https:\/\/images.novelship.com\/product\/air_jordan_11_retro__concord__2011_378037_107_3_97530.jpeg;https:\/\/images.novelship.com\/product\/air_jordan_11_retro__concord__2011_378037_107_4_97531.jpeg;https:\/\/images.novelship.com\/product\/air_jordan_11_retro__concord__2011_378037_107_5_97531.jpeg;https:\/\/images.novelship.com\/product\/air_jordan_11_retro__concord__2011_378037_107_6_97531.jpeg;https:\/\/images.novelship.com\/product\/air_jordan_11_retro__concord__2011_378037_107_7_97531.jpeg\" \/>\n<script type=\"application\/ld+json\" class=\"yoast-schema-graph\">{\"@context\":\"https:\/\/schema.org\",\"@graph\":[{\"@type\":\"WebPage\",\"@id\":\"https:\/\/tourcruiser.com\/fr\/products\/air-jordan-11-retro-concord-2011-378037-107\/\",\"url\":\"https:\/\/tourcruiser.com\/fr\/products\/air-jordan-11-retro-concord-2011-378037-107\/\",\"name\":\"Air Jordan 11 Retro 'Concord' 2011 378037-107 - TOURCRUISER PTE. LTD\",\"isPartOf\":{\"@id\":\"\/#website\"},\"primaryImageOfPage\":{\"@id\":\"https:\/\/tourcruiser.com\/fr\/products\/air-jordan-11-retro-concord-2011-378037-107\/#primaryimage\"},\"image\":{\"@id\":\"https:\/\/tourcruiser.com\/fr\/products\/air-jordan-11-retro-concord-2011-378037-107\/#primaryimage\"},\"thumbnailUrl\":\"https:\/\/images.novelship.com\/product\/air_jordan_11_retro__concord__2011_378037_107_0_97530.jpeg;https:\/\/images.novelship.com\/product\/air_jordan_11_retro__concord__2011_378037_107_1_97530.jpeg;https:\/\/images.novelship.com\/product\/air_jordan_11_retro__concord__2011_378037_107_2_97530.jpeg;https:\/\/images.novelship.com\/product\/air_jordan_11_retro__concord__2011_378037_107_3_97530.jpeg;https:\/\/images.novelship.com\/product\/air_jordan_11_retro__concord__2011_378037_107_4_97531.jpeg;https:\/\/images.novelship.com\/product\/air_jordan_11_retro__concord__2011_378037_107_5_97531.jpeg;https:\/\/images.novelship.com\/product\/air_jordan_11_retro__concord__2011_378037_107_6_97531.jpeg;https:\/\/images.novelship.com\/product\/air_jordan_11_retro__concord__2011_378037_107_7_97531.jpeg\",\"datePublished\":\"2026-04-16T10:08:40+00:00\",\"dateModified\":\"2026-04-17T15:50:43+00:00\",\"breadcrumb\":{\"@id\":\"https:\/\/tourcruiser.com\/fr\/products\/air-jordan-11-retro-concord-2011-378037-107\/#breadcrumb\"},\"inLanguage\":\"fr-FR\",\"potentialAction\":[{\"@type\":\"ReadAction\",\"target\":[\"https:\/\/tourcruiser.com\/fr\/products\/air-jordan-11-retro-concord-2011-378037-107\/\"]}]},{\"@type\":\"ImageObject\",\"inLanguage\":\"fr-FR\",\"@id\":\"https:\/\/tourcruiser.com\/fr\/products\/air-jordan-11-retro-concord-2011-378037-107\/#primaryimage\",\"url\":\"https:\/\/images.novelship.com\/product\/air_jordan_11_retro__concord__2011_378037_107_0_97530.jpeg;https:\/\/images.novelship.com\/product\/air_jordan_11_retro__concord__2011_378037_107_1_97530.jpeg;https:\/\/images.novelship.com\/product\/air_jordan_11_retro__concord__2011_378037_107_2_97530.jpeg;https:\/\/images.novelship.com\/product\/air_jordan_11_retro__concord__2011_378037_107_3_97530.jpeg;https:\/\/images.novelship.com\/product\/air_jordan_11_retro__concord__2011_378037_107_4_97531.jpeg;https:\/\/images.novelship.com\/product\/air_jordan_11_retro__concord__2011_378037_107_5_97531.jpeg;https:\/\/images.novelship.com\/product\/air_jordan_11_retro__concord__2011_378037_107_6_97531.jpeg;https:\/\/images.novelship.com\/product\/air_jordan_11_retro__concord__2011_378037_107_7_97531.jpeg\",\"contentUrl\":\"https:\/\/images.novelship.com\/product\/air_jordan_11_retro__concord__2011_378037_107_0_97530.jpeg;https:\/\/images.novelship.com\/product\/air_jordan_11_retro__concord__2011_378037_107_1_97530.jpeg;https:\/\/images.novelship.com\/product\/air_jordan_11_retro__concord__2011_378037_107_2_97530.jpeg;https:\/\/images.novelship.com\/product\/air_jordan_11_retro__concord__2011_378037_107_3_97530.jpeg;https:\/\/images.novelship.com\/product\/air_jordan_11_retro__concord__2011_378037_107_4_97531.jpeg;https:\/\/images.novelship.com\/product\/air_jordan_11_retro__concord__2011_378037_107_5_97531.jpeg;https:\/\/images.novelship.com\/product\/air_jordan_11_retro__concord__2011_378037_107_6_97531.jpeg;https:\/\/images.novelship.com\/product\/air_jordan_11_retro__concord__2011_378037_107_7_97531.jpeg\"},{\"@type\":\"BreadcrumbList\",\"@id\":\"https:\/\/tourcruiser.com\/fr\/products\/air-jordan-11-retro-concord-2011-378037-107\/#breadcrumb\",\"itemListElement\":[{\"@type\":\"ListItem\",\"position\":1,\"name\":\"Home\",\"item\":\"https:\/\/tourcruiser.com\/fr\/\"},{\"@type\":\"ListItem\",\"position\":2,\"name\":\"Shop\",\"item\":\"https:\/\/tourcruiser.com\/fr\/shop\/\"},{\"@type\":\"ListItem\",\"position\":3,\"name\":\"Air Jordan 11 Retro &#8216;Concord&#8217; 2011 378037-107\"}]},{\"@type\":\"WebSite\",\"@id\":\"\/#website\",\"url\":\"\/\",\"name\":\"Styloral Jewelry Shop\",\"description\":\"Tourcruiser Sneaker Store \u2014 L\u2019endroit o\u00f9 l\u2019univers rencontre votre singularit\u00e9.\",\"publisher\":{\"@id\":\"\/#organization\"},\"potentialAction\":[{\"@type\":\"SearchAction\",\"target\":{\"@type\":\"EntryPoint\",\"urlTemplate\":\"\/?s={search_term_string}\"},\"query-input\":{\"@type\":\"PropertyValueSpecification\",\"valueRequired\":true,\"valueName\":\"search_term_string\"}}],\"inLanguage\":\"fr-FR\"},{\"@type\":\"Organization\",\"@id\":\"\/#organization\",\"name\":\"STYLORAL PTE. LTD\",\"url\":\"\/\",\"logo\":{\"@type\":\"ImageObject\",\"inLanguage\":\"fr-FR\",\"@id\":\"\/#\/schema\/logo\/image\/\",\"url\":\"https:\/\/www.tourcruiser.com\/wp-content\/uploads\/2025\/12\/logo.png\",\"contentUrl\":\"https:\/\/www.tourcruiser.com\/wp-content\/uploads\/2025\/12\/logo.png\",\"width\":200,\"height\":65,\"caption\":\"STYLORAL PTE. LTD\"},\"image\":{\"@id\":\"\/#\/schema\/logo\/image\/\"}}]}<\/script>\n<!-- \/ Yoast SEO plugin. -->","yoast_head_json":{"title":"Air Jordan 11 Retro 'Concord' 2011 378037-107 - TOURCRUISER PTE. LTD","robots":{"index":"index","follow":"follow","max-snippet":"max-snippet:-1","max-image-preview":"max-image-preview:large","max-video-preview":"max-video-preview:-1"},"canonical":"https:\/\/tourcruiser.com\/fr\/products\/air-jordan-11-retro-concord-2011-378037-107\/","og_locale":"fr_FR","og_type":"article","og_title":"Air Jordan 11 Retro 'Concord' 2011 378037-107 - TOURCRUISER PTE. LTD","og_description":"La Air Jordan 11 Retro Concord 2011, plus simplement appel\u00e9e Concord, est un mod\u00e8le classique de basketball sign\u00e9 Jordan. Avec son design blanc \u00e9pur\u00e9, cette sneaker iconique est un incontournable pour les collectionneurs et les fans de basketball. Profitez d&rsquo;une combinaison parfaite de style et de performance avec la Air Jordan 11 Retro Concord. Coloris [&hellip;]","og_url":"https:\/\/tourcruiser.com\/fr\/products\/air-jordan-11-retro-concord-2011-378037-107\/","og_site_name":"Tourcruiser Sneaker Store","article_modified_time":"2026-04-17T15:50:43+00:00","twitter_card":"summary_large_image","twitter_image":"https:\/\/images.novelship.com\/product\/air_jordan_11_retro__concord__2011_378037_107_0_97530.jpeg;https:\/\/images.novelship.com\/product\/air_jordan_11_retro__concord__2011_378037_107_1_97530.jpeg;https:\/\/images.novelship.com\/product\/air_jordan_11_retro__concord__2011_378037_107_2_97530.jpeg;https:\/\/images.novelship.com\/product\/air_jordan_11_retro__concord__2011_378037_107_3_97530.jpeg;https:\/\/images.novelship.com\/product\/air_jordan_11_retro__concord__2011_378037_107_4_97531.jpeg;https:\/\/images.novelship.com\/product\/air_jordan_11_retro__concord__2011_378037_107_5_97531.jpeg;https:\/\/images.novelship.com\/product\/air_jordan_11_retro__concord__2011_378037_107_6_97531.jpeg;https:\/\/images.novelship.com\/product\/air_jordan_11_retro__concord__2011_378037_107_7_97531.jpeg","schema":{"@context":"https:\/\/schema.org","@graph":[{"@type":"WebPage","@id":"https:\/\/tourcruiser.com\/fr\/products\/air-jordan-11-retro-concord-2011-378037-107\/","url":"https:\/\/tourcruiser.com\/fr\/products\/air-jordan-11-retro-concord-2011-378037-107\/","name":"Air Jordan 11 Retro 'Concord' 2011 378037-107 - TOURCRUISER PTE. LTD","isPartOf":{"@id":"\/#website"},"primaryImageOfPage":{"@id":"https:\/\/tourcruiser.com\/fr\/products\/air-jordan-11-retro-concord-2011-378037-107\/#primaryimage"},"image":{"@id":"https:\/\/tourcruiser.com\/fr\/products\/air-jordan-11-retro-concord-2011-378037-107\/#primaryimage"},"thumbnailUrl":"https:\/\/images.novelship.com\/product\/air_jordan_11_retro__concord__2011_378037_107_0_97530.jpeg;https:\/\/images.novelship.com\/product\/air_jordan_11_retro__concord__2011_378037_107_1_97530.jpeg;https:\/\/images.novelship.com\/product\/air_jordan_11_retro__concord__2011_378037_107_2_97530.jpeg;https:\/\/images.novelship.com\/product\/air_jordan_11_retro__concord__2011_378037_107_3_97530.jpeg;https:\/\/images.novelship.com\/product\/air_jordan_11_retro__concord__2011_378037_107_4_97531.jpeg;https:\/\/images.novelship.com\/product\/air_jordan_11_retro__concord__2011_378037_107_5_97531.jpeg;https:\/\/images.novelship.com\/product\/air_jordan_11_retro__concord__2011_378037_107_6_97531.jpeg;https:\/\/images.novelship.com\/product\/air_jordan_11_retro__concord__2011_378037_107_7_97531.jpeg","datePublished":"2026-04-16T10:08:40+00:00","dateModified":"2026-04-17T15:50:43+00:00","breadcrumb":{"@id":"https:\/\/tourcruiser.com\/fr\/products\/air-jordan-11-retro-concord-2011-378037-107\/#breadcrumb"},"inLanguage":"fr-FR","potentialAction":[{"@type":"ReadAction","target":["https:\/\/tourcruiser.com\/fr\/products\/air-jordan-11-retro-concord-2011-378037-107\/"]}]},{"@type":"ImageObject","inLanguage":"fr-FR","@id":"https:\/\/tourcruiser.com\/fr\/products\/air-jordan-11-retro-concord-2011-378037-107\/#primaryimage","url":"https:\/\/images.novelship.com\/product\/air_jordan_11_retro__concord__2011_378037_107_0_97530.jpeg;https:\/\/images.novelship.com\/product\/air_jordan_11_retro__concord__2011_378037_107_1_97530.jpeg;https:\/\/images.novelship.com\/product\/air_jordan_11_retro__concord__2011_378037_107_2_97530.jpeg;https:\/\/images.novelship.com\/product\/air_jordan_11_retro__concord__2011_378037_107_3_97530.jpeg;https:\/\/images.novelship.com\/product\/air_jordan_11_retro__concord__2011_378037_107_4_97531.jpeg;https:\/\/images.novelship.com\/product\/air_jordan_11_retro__concord__2011_378037_107_5_97531.jpeg;https:\/\/images.novelship.com\/product\/air_jordan_11_retro__concord__2011_378037_107_6_97531.jpeg;https:\/\/images.novelship.com\/product\/air_jordan_11_retro__concord__2011_378037_107_7_97531.jpeg","contentUrl":"https:\/\/images.novelship.com\/product\/air_jordan_11_retro__concord__2011_378037_107_0_97530.jpeg;https:\/\/images.novelship.com\/product\/air_jordan_11_retro__concord__2011_378037_107_1_97530.jpeg;https:\/\/images.novelship.com\/product\/air_jordan_11_retro__concord__2011_378037_107_2_97530.jpeg;https:\/\/images.novelship.com\/product\/air_jordan_11_retro__concord__2011_378037_107_3_97530.jpeg;https:\/\/images.novelship.com\/product\/air_jordan_11_retro__concord__2011_378037_107_4_97531.jpeg;https:\/\/images.novelship.com\/product\/air_jordan_11_retro__concord__2011_378037_107_5_97531.jpeg;https:\/\/images.novelship.com\/product\/air_jordan_11_retro__concord__2011_378037_107_6_97531.jpeg;https:\/\/images.novelship.com\/product\/air_jordan_11_retro__concord__2011_378037_107_7_97531.jpeg"},{"@type":"BreadcrumbList","@id":"https:\/\/tourcruiser.com\/fr\/products\/air-jordan-11-retro-concord-2011-378037-107\/#breadcrumb","itemListElement":[{"@type":"ListItem","position":1,"name":"Home","item":"https:\/\/tourcruiser.com\/fr\/"},{"@type":"ListItem","position":2,"name":"Shop","item":"https:\/\/tourcruiser.com\/fr\/shop\/"},{"@type":"ListItem","position":3,"name":"Air Jordan 11 Retro &#8216;Concord&#8217; 2011 378037-107"}]},{"@type":"WebSite","@id":"\/#website","url":"\/","name":"Styloral Jewelry Shop","description":"Tourcruiser Sneaker Store \u2014 L\u2019endroit o\u00f9 l\u2019univers rencontre votre singularit\u00e9.","publisher":{"@id":"\/#organization"},"potentialAction":[{"@type":"SearchAction","target":{"@type":"EntryPoint","urlTemplate":"\/?s={search_term_string}"},"query-input":{"@type":"PropertyValueSpecification","valueRequired":true,"valueName":"search_term_string"}}],"inLanguage":"fr-FR"},{"@type":"Organization","@id":"\/#organization","name":"STYLORAL PTE. LTD","url":"\/","logo":{"@type":"ImageObject","inLanguage":"fr-FR","@id":"\/#\/schema\/logo\/image\/","url":"https:\/\/www.tourcruiser.com\/wp-content\/uploads\/2025\/12\/logo.png","contentUrl":"https:\/\/www.tourcruiser.com\/wp-content\/uploads\/2025\/12\/logo.png","width":200,"height":65,"caption":"STYLORAL PTE. LTD"},"image":{"@id":"\/#\/schema\/logo\/image\/"}}]}},"_links":{"self":[{"href":"https:\/\/tourcruiser.com\/fr\/wp-json\/wp\/v2\/product\/760206","targetHints":{"allow":["GET"]}}],"collection":[{"href":"https:\/\/tourcruiser.com\/fr\/wp-json\/wp\/v2\/product"}],"about":[{"href":"https:\/\/tourcruiser.com\/fr\/wp-json\/wp\/v2\/types\/product"}],"replies":[{"embeddable":true,"href":"https:\/\/tourcruiser.com\/fr\/wp-json\/wp\/v2\/comments?post=760206"}],"wp:featuredmedia":[{"embeddable":true,"href":"https:\/\/tourcruiser.com\/fr\/wp-json\/wp\/v2\/media\/760207"}],"wp:attachment":[{"href":"https:\/\/tourcruiser.com\/fr\/wp-json\/wp\/v2\/media?parent=760206"}],"wp:term":[{"taxonomy":"product_brand","embeddable":true,"href":"https:\/\/tourcruiser.com\/fr\/wp-json\/wp\/v2\/product_brand?post=760206"},{"taxonomy":"product_cat","embeddable":true,"href":"https:\/\/tourcruiser.com\/fr\/wp-json\/wp\/v2\/product_cat?post=760206"},{"taxonomy":"product_tag","embeddable":true,"href":"https:\/\/tourcruiser.com\/fr\/wp-json\/wp\/v2\/product_tag?post=760206"}],"curies":[{"name":"wp","href":"https:\/\/api.w.org\/{rel}","templated":true}]}}