{"id":760197,"date":"2026-04-16T17:08:39","date_gmt":"2026-04-16T10:08:39","guid":{"rendered":"http:\/\/tourcruiser.com\/product\/grade-school-air-jordan-4-retro-2019-cool-grey-408452-007"},"modified":"2026-04-17T22:50:42","modified_gmt":"2026-04-17T15:50:42","slug":"grade-school-air-jordan-4-retro-2019-cool-grey-408452-007","status":"publish","type":"product","link":"https:\/\/tourcruiser.com\/fr\/products\/grade-school-air-jordan-4-retro-2019-cool-grey-408452-007\/","title":{"rendered":"(Grade School) Air Jordan 4 Retro 2019 &lsquo;Cool Grey&rsquo; 408452-007"},"content":{"rendered":"<p>La Air Jordan 4 Retro \u00ab Cool Grey \u00bb pour enfants revisite une combinaison de couleurs l\u00e9gendaire pour la nouvelle g\u00e9n\u00e9ration de passionn\u00e9s de sneakers. Arborant la silhouette iconique dans une palette de couleurs \u00e9pur\u00e9e (Cool Grey, Chrome et Blanc), ces sneakers offrent un look intemporel. Le cuir r\u00e9sistant et le mesh respirant garantissent un confort optimal tout au long de la journ\u00e9e, que ce soit pour jouer ou se d\u00e9tendre. Offrez \u00e0 votre enfant une paire d\u00e8s maintenant et laissez-le porter un morceau d&rsquo;histoire de la sneaker !<\/p>\n<p>Coloris : Cool Grey\/Chrome-Dark Anthracite-Varsity Maize<br \/>\nNum\u00e9ro d&rsquo;article : 408452-007<br \/>\nTige : Cuir nubuck<br \/>\nSemelle interm\u00e9diaire : Air<\/p>\n<p>Couleur : Gris<\/p>\n<p>Designer : Tinker Hatfield<\/p>\n<p>Ann\u00e9e de sortie : 2019<\/p>\n<p>\u00c2ge : Adulte<br \/>\nCouleur : Gris<br \/>\nGenre : Enfant<\/p>\n","protected":false},"excerpt":{"rendered":"<p>La Air Jordan 4 Retro \u00ab Cool Grey \u00bb pour enfants revisite une combinaison de couleurs l\u00e9gendaire pour la nouvelle g\u00e9n\u00e9ration de passionn\u00e9s de sneakers. Arborant la silhouette iconique dans une palette de couleurs \u00e9pur\u00e9e (Cool Grey, Chrome et Blanc), ces sneakers offrent un look intemporel. Le cuir r\u00e9sistant et le mesh respirant garantissent un [&hellip;]<\/p>\n","protected":false},"featured_media":760198,"comment_status":"open","ping_status":"closed","template":"","meta":[],"product_brand":[],"product_cat":[38880],"product_tag":[10750,38988,10776,11349,38875,10756,39039],"class_list":{"0":"post-760197","1":"product","2":"type-product","3":"status-publish","4":"has-post-thumbnail","6":"product_cat-jordan","7":"product_tag-athleisure-shoes","8":"product_tag-casual-shoes-for-kids","9":"product_tag-jordan","10":"product_tag-jordan-basketball-shoes","11":"product_tag-jordan-skateboard-shoes","12":"product_tag-retro-casual-shoes","13":"product_tag-sneakers-for-kids","15":"first","16":"instock","17":"taxable","18":"shipping-taxable","19":"purchasable","20":"product-type-simple"},"wcpa_form_fields":null,"yoast_head":"<!-- This site is optimized with the Yoast SEO plugin v26.5 - https:\/\/yoast.com\/wordpress\/plugins\/seo\/ -->\n<title>(Grade School) Air Jordan 4 Retro 2019 &#039;Cool Grey&#039; 408452-007 - TOURCRUISER PTE. LTD<\/title>\n<meta name=\"robots\" content=\"index, follow, max-snippet:-1, max-image-preview:large, max-video-preview:-1\" \/>\n<link rel=\"canonical\" href=\"https:\/\/tourcruiser.com\/fr\/products\/grade-school-air-jordan-4-retro-2019-cool-grey-408452-007\/\" \/>\n<meta property=\"og:locale\" content=\"fr_FR\" \/>\n<meta property=\"og:type\" content=\"article\" \/>\n<meta property=\"og:title\" content=\"(Grade School) Air Jordan 4 Retro 2019 &#039;Cool Grey&#039; 408452-007 - TOURCRUISER PTE. LTD\" \/>\n<meta property=\"og:description\" content=\"La Air Jordan 4 Retro \u00ab Cool Grey \u00bb pour enfants revisite une combinaison de couleurs l\u00e9gendaire pour la nouvelle g\u00e9n\u00e9ration de passionn\u00e9s de sneakers. Arborant la silhouette iconique dans une palette de couleurs \u00e9pur\u00e9e (Cool Grey, Chrome et Blanc), ces sneakers offrent un look intemporel. Le cuir r\u00e9sistant et le mesh respirant garantissent un [&hellip;]\" \/>\n<meta property=\"og:url\" content=\"https:\/\/tourcruiser.com\/fr\/products\/grade-school-air-jordan-4-retro-2019-cool-grey-408452-007\/\" \/>\n<meta property=\"og:site_name\" content=\"Tourcruiser Sneaker Store\" \/>\n<meta property=\"article:modified_time\" content=\"2026-04-17T15:50:42+00:00\" \/>\n<meta name=\"twitter:card\" content=\"summary_large_image\" \/>\n<meta name=\"twitter:image\" content=\"https:\/\/images.novelship.com\/product\/_grade_school__air_jordan_4_retro_2019__cool_grey__0_67209.jpeg;https:\/\/images.novelship.com\/product\/_grade_school__air_jordan_4_retro_2019__cool_grey__1_67209.jpeg;https:\/\/images.novelship.com\/product\/_grade_school__air_jordan_4_retro_2019__cool_grey__2_67209.jpeg;https:\/\/images.novelship.com\/product\/_grade_school__air_jordan_4_retro_2019__cool_grey__3_67209.jpeg;https:\/\/images.novelship.com\/product\/_grade_school__air_jordan_4_retro_2019__cool_grey__4_67209.jpeg;https:\/\/images.novelship.com\/product\/_grade_school__air_jordan_4_retro_2019__cool_grey__5_67209.jpeg;https:\/\/images.novelship.com\/product\/_grade_school__air_jordan_4_retro_2019__cool_grey__6_67209.jpeg;https:\/\/images.novelship.com\/product\/_grade_school__air_jordan_4_retro_2019__cool_grey__7_67209.jpeg\" \/>\n<meta name=\"twitter:label1\" content=\"Dur\u00e9e de lecture estim\u00e9e\" \/>\n\t<meta name=\"twitter:data1\" content=\"1 minute\" \/>\n<script type=\"application\/ld+json\" class=\"yoast-schema-graph\">{\"@context\":\"https:\/\/schema.org\",\"@graph\":[{\"@type\":\"WebPage\",\"@id\":\"https:\/\/tourcruiser.com\/fr\/products\/grade-school-air-jordan-4-retro-2019-cool-grey-408452-007\/\",\"url\":\"https:\/\/tourcruiser.com\/fr\/products\/grade-school-air-jordan-4-retro-2019-cool-grey-408452-007\/\",\"name\":\"(Grade School) Air Jordan 4 Retro 2019 'Cool Grey' 408452-007 - TOURCRUISER PTE. LTD\",\"isPartOf\":{\"@id\":\"\/#website\"},\"primaryImageOfPage\":{\"@id\":\"https:\/\/tourcruiser.com\/fr\/products\/grade-school-air-jordan-4-retro-2019-cool-grey-408452-007\/#primaryimage\"},\"image\":{\"@id\":\"https:\/\/tourcruiser.com\/fr\/products\/grade-school-air-jordan-4-retro-2019-cool-grey-408452-007\/#primaryimage\"},\"thumbnailUrl\":\"https:\/\/images.novelship.com\/product\/_grade_school__air_jordan_4_retro_2019__cool_grey__0_67209.jpeg;https:\/\/images.novelship.com\/product\/_grade_school__air_jordan_4_retro_2019__cool_grey__1_67209.jpeg;https:\/\/images.novelship.com\/product\/_grade_school__air_jordan_4_retro_2019__cool_grey__2_67209.jpeg;https:\/\/images.novelship.com\/product\/_grade_school__air_jordan_4_retro_2019__cool_grey__3_67209.jpeg;https:\/\/images.novelship.com\/product\/_grade_school__air_jordan_4_retro_2019__cool_grey__4_67209.jpeg;https:\/\/images.novelship.com\/product\/_grade_school__air_jordan_4_retro_2019__cool_grey__5_67209.jpeg;https:\/\/images.novelship.com\/product\/_grade_school__air_jordan_4_retro_2019__cool_grey__6_67209.jpeg;https:\/\/images.novelship.com\/product\/_grade_school__air_jordan_4_retro_2019__cool_grey__7_67209.jpeg\",\"datePublished\":\"2026-04-16T10:08:39+00:00\",\"dateModified\":\"2026-04-17T15:50:42+00:00\",\"breadcrumb\":{\"@id\":\"https:\/\/tourcruiser.com\/fr\/products\/grade-school-air-jordan-4-retro-2019-cool-grey-408452-007\/#breadcrumb\"},\"inLanguage\":\"fr-FR\",\"potentialAction\":[{\"@type\":\"ReadAction\",\"target\":[\"https:\/\/tourcruiser.com\/fr\/products\/grade-school-air-jordan-4-retro-2019-cool-grey-408452-007\/\"]}]},{\"@type\":\"ImageObject\",\"inLanguage\":\"fr-FR\",\"@id\":\"https:\/\/tourcruiser.com\/fr\/products\/grade-school-air-jordan-4-retro-2019-cool-grey-408452-007\/#primaryimage\",\"url\":\"https:\/\/images.novelship.com\/product\/_grade_school__air_jordan_4_retro_2019__cool_grey__0_67209.jpeg;https:\/\/images.novelship.com\/product\/_grade_school__air_jordan_4_retro_2019__cool_grey__1_67209.jpeg;https:\/\/images.novelship.com\/product\/_grade_school__air_jordan_4_retro_2019__cool_grey__2_67209.jpeg;https:\/\/images.novelship.com\/product\/_grade_school__air_jordan_4_retro_2019__cool_grey__3_67209.jpeg;https:\/\/images.novelship.com\/product\/_grade_school__air_jordan_4_retro_2019__cool_grey__4_67209.jpeg;https:\/\/images.novelship.com\/product\/_grade_school__air_jordan_4_retro_2019__cool_grey__5_67209.jpeg;https:\/\/images.novelship.com\/product\/_grade_school__air_jordan_4_retro_2019__cool_grey__6_67209.jpeg;https:\/\/images.novelship.com\/product\/_grade_school__air_jordan_4_retro_2019__cool_grey__7_67209.jpeg\",\"contentUrl\":\"https:\/\/images.novelship.com\/product\/_grade_school__air_jordan_4_retro_2019__cool_grey__0_67209.jpeg;https:\/\/images.novelship.com\/product\/_grade_school__air_jordan_4_retro_2019__cool_grey__1_67209.jpeg;https:\/\/images.novelship.com\/product\/_grade_school__air_jordan_4_retro_2019__cool_grey__2_67209.jpeg;https:\/\/images.novelship.com\/product\/_grade_school__air_jordan_4_retro_2019__cool_grey__3_67209.jpeg;https:\/\/images.novelship.com\/product\/_grade_school__air_jordan_4_retro_2019__cool_grey__4_67209.jpeg;https:\/\/images.novelship.com\/product\/_grade_school__air_jordan_4_retro_2019__cool_grey__5_67209.jpeg;https:\/\/images.novelship.com\/product\/_grade_school__air_jordan_4_retro_2019__cool_grey__6_67209.jpeg;https:\/\/images.novelship.com\/product\/_grade_school__air_jordan_4_retro_2019__cool_grey__7_67209.jpeg\"},{\"@type\":\"BreadcrumbList\",\"@id\":\"https:\/\/tourcruiser.com\/fr\/products\/grade-school-air-jordan-4-retro-2019-cool-grey-408452-007\/#breadcrumb\",\"itemListElement\":[{\"@type\":\"ListItem\",\"position\":1,\"name\":\"Home\",\"item\":\"https:\/\/tourcruiser.com\/fr\/\"},{\"@type\":\"ListItem\",\"position\":2,\"name\":\"Shop\",\"item\":\"https:\/\/tourcruiser.com\/fr\/shop\/\"},{\"@type\":\"ListItem\",\"position\":3,\"name\":\"(Grade School) Air Jordan 4 Retro 2019 &#8216;Cool Grey&#8217; 408452-007\"}]},{\"@type\":\"WebSite\",\"@id\":\"\/#website\",\"url\":\"\/\",\"name\":\"Styloral Jewelry Shop\",\"description\":\"Tourcruiser Sneaker Store \u2014 L\u2019endroit o\u00f9 l\u2019univers rencontre votre singularit\u00e9.\",\"publisher\":{\"@id\":\"\/#organization\"},\"potentialAction\":[{\"@type\":\"SearchAction\",\"target\":{\"@type\":\"EntryPoint\",\"urlTemplate\":\"\/?s={search_term_string}\"},\"query-input\":{\"@type\":\"PropertyValueSpecification\",\"valueRequired\":true,\"valueName\":\"search_term_string\"}}],\"inLanguage\":\"fr-FR\"},{\"@type\":\"Organization\",\"@id\":\"\/#organization\",\"name\":\"STYLORAL PTE. LTD\",\"url\":\"\/\",\"logo\":{\"@type\":\"ImageObject\",\"inLanguage\":\"fr-FR\",\"@id\":\"\/#\/schema\/logo\/image\/\",\"url\":\"https:\/\/www.tourcruiser.com\/wp-content\/uploads\/2025\/12\/logo.png\",\"contentUrl\":\"https:\/\/www.tourcruiser.com\/wp-content\/uploads\/2025\/12\/logo.png\",\"width\":200,\"height\":65,\"caption\":\"STYLORAL PTE. LTD\"},\"image\":{\"@id\":\"\/#\/schema\/logo\/image\/\"}}]}<\/script>\n<!-- \/ Yoast SEO plugin. -->","yoast_head_json":{"title":"(Grade School) Air Jordan 4 Retro 2019 'Cool Grey' 408452-007 - TOURCRUISER PTE. LTD","robots":{"index":"index","follow":"follow","max-snippet":"max-snippet:-1","max-image-preview":"max-image-preview:large","max-video-preview":"max-video-preview:-1"},"canonical":"https:\/\/tourcruiser.com\/fr\/products\/grade-school-air-jordan-4-retro-2019-cool-grey-408452-007\/","og_locale":"fr_FR","og_type":"article","og_title":"(Grade School) Air Jordan 4 Retro 2019 'Cool Grey' 408452-007 - TOURCRUISER PTE. LTD","og_description":"La Air Jordan 4 Retro \u00ab Cool Grey \u00bb pour enfants revisite une combinaison de couleurs l\u00e9gendaire pour la nouvelle g\u00e9n\u00e9ration de passionn\u00e9s de sneakers. Arborant la silhouette iconique dans une palette de couleurs \u00e9pur\u00e9e (Cool Grey, Chrome et Blanc), ces sneakers offrent un look intemporel. Le cuir r\u00e9sistant et le mesh respirant garantissent un [&hellip;]","og_url":"https:\/\/tourcruiser.com\/fr\/products\/grade-school-air-jordan-4-retro-2019-cool-grey-408452-007\/","og_site_name":"Tourcruiser Sneaker Store","article_modified_time":"2026-04-17T15:50:42+00:00","twitter_card":"summary_large_image","twitter_image":"https:\/\/images.novelship.com\/product\/_grade_school__air_jordan_4_retro_2019__cool_grey__0_67209.jpeg;https:\/\/images.novelship.com\/product\/_grade_school__air_jordan_4_retro_2019__cool_grey__1_67209.jpeg;https:\/\/images.novelship.com\/product\/_grade_school__air_jordan_4_retro_2019__cool_grey__2_67209.jpeg;https:\/\/images.novelship.com\/product\/_grade_school__air_jordan_4_retro_2019__cool_grey__3_67209.jpeg;https:\/\/images.novelship.com\/product\/_grade_school__air_jordan_4_retro_2019__cool_grey__4_67209.jpeg;https:\/\/images.novelship.com\/product\/_grade_school__air_jordan_4_retro_2019__cool_grey__5_67209.jpeg;https:\/\/images.novelship.com\/product\/_grade_school__air_jordan_4_retro_2019__cool_grey__6_67209.jpeg;https:\/\/images.novelship.com\/product\/_grade_school__air_jordan_4_retro_2019__cool_grey__7_67209.jpeg","twitter_misc":{"Dur\u00e9e de lecture estim\u00e9e":"1 minute"},"schema":{"@context":"https:\/\/schema.org","@graph":[{"@type":"WebPage","@id":"https:\/\/tourcruiser.com\/fr\/products\/grade-school-air-jordan-4-retro-2019-cool-grey-408452-007\/","url":"https:\/\/tourcruiser.com\/fr\/products\/grade-school-air-jordan-4-retro-2019-cool-grey-408452-007\/","name":"(Grade School) Air Jordan 4 Retro 2019 'Cool Grey' 408452-007 - TOURCRUISER PTE. LTD","isPartOf":{"@id":"\/#website"},"primaryImageOfPage":{"@id":"https:\/\/tourcruiser.com\/fr\/products\/grade-school-air-jordan-4-retro-2019-cool-grey-408452-007\/#primaryimage"},"image":{"@id":"https:\/\/tourcruiser.com\/fr\/products\/grade-school-air-jordan-4-retro-2019-cool-grey-408452-007\/#primaryimage"},"thumbnailUrl":"https:\/\/images.novelship.com\/product\/_grade_school__air_jordan_4_retro_2019__cool_grey__0_67209.jpeg;https:\/\/images.novelship.com\/product\/_grade_school__air_jordan_4_retro_2019__cool_grey__1_67209.jpeg;https:\/\/images.novelship.com\/product\/_grade_school__air_jordan_4_retro_2019__cool_grey__2_67209.jpeg;https:\/\/images.novelship.com\/product\/_grade_school__air_jordan_4_retro_2019__cool_grey__3_67209.jpeg;https:\/\/images.novelship.com\/product\/_grade_school__air_jordan_4_retro_2019__cool_grey__4_67209.jpeg;https:\/\/images.novelship.com\/product\/_grade_school__air_jordan_4_retro_2019__cool_grey__5_67209.jpeg;https:\/\/images.novelship.com\/product\/_grade_school__air_jordan_4_retro_2019__cool_grey__6_67209.jpeg;https:\/\/images.novelship.com\/product\/_grade_school__air_jordan_4_retro_2019__cool_grey__7_67209.jpeg","datePublished":"2026-04-16T10:08:39+00:00","dateModified":"2026-04-17T15:50:42+00:00","breadcrumb":{"@id":"https:\/\/tourcruiser.com\/fr\/products\/grade-school-air-jordan-4-retro-2019-cool-grey-408452-007\/#breadcrumb"},"inLanguage":"fr-FR","potentialAction":[{"@type":"ReadAction","target":["https:\/\/tourcruiser.com\/fr\/products\/grade-school-air-jordan-4-retro-2019-cool-grey-408452-007\/"]}]},{"@type":"ImageObject","inLanguage":"fr-FR","@id":"https:\/\/tourcruiser.com\/fr\/products\/grade-school-air-jordan-4-retro-2019-cool-grey-408452-007\/#primaryimage","url":"https:\/\/images.novelship.com\/product\/_grade_school__air_jordan_4_retro_2019__cool_grey__0_67209.jpeg;https:\/\/images.novelship.com\/product\/_grade_school__air_jordan_4_retro_2019__cool_grey__1_67209.jpeg;https:\/\/images.novelship.com\/product\/_grade_school__air_jordan_4_retro_2019__cool_grey__2_67209.jpeg;https:\/\/images.novelship.com\/product\/_grade_school__air_jordan_4_retro_2019__cool_grey__3_67209.jpeg;https:\/\/images.novelship.com\/product\/_grade_school__air_jordan_4_retro_2019__cool_grey__4_67209.jpeg;https:\/\/images.novelship.com\/product\/_grade_school__air_jordan_4_retro_2019__cool_grey__5_67209.jpeg;https:\/\/images.novelship.com\/product\/_grade_school__air_jordan_4_retro_2019__cool_grey__6_67209.jpeg;https:\/\/images.novelship.com\/product\/_grade_school__air_jordan_4_retro_2019__cool_grey__7_67209.jpeg","contentUrl":"https:\/\/images.novelship.com\/product\/_grade_school__air_jordan_4_retro_2019__cool_grey__0_67209.jpeg;https:\/\/images.novelship.com\/product\/_grade_school__air_jordan_4_retro_2019__cool_grey__1_67209.jpeg;https:\/\/images.novelship.com\/product\/_grade_school__air_jordan_4_retro_2019__cool_grey__2_67209.jpeg;https:\/\/images.novelship.com\/product\/_grade_school__air_jordan_4_retro_2019__cool_grey__3_67209.jpeg;https:\/\/images.novelship.com\/product\/_grade_school__air_jordan_4_retro_2019__cool_grey__4_67209.jpeg;https:\/\/images.novelship.com\/product\/_grade_school__air_jordan_4_retro_2019__cool_grey__5_67209.jpeg;https:\/\/images.novelship.com\/product\/_grade_school__air_jordan_4_retro_2019__cool_grey__6_67209.jpeg;https:\/\/images.novelship.com\/product\/_grade_school__air_jordan_4_retro_2019__cool_grey__7_67209.jpeg"},{"@type":"BreadcrumbList","@id":"https:\/\/tourcruiser.com\/fr\/products\/grade-school-air-jordan-4-retro-2019-cool-grey-408452-007\/#breadcrumb","itemListElement":[{"@type":"ListItem","position":1,"name":"Home","item":"https:\/\/tourcruiser.com\/fr\/"},{"@type":"ListItem","position":2,"name":"Shop","item":"https:\/\/tourcruiser.com\/fr\/shop\/"},{"@type":"ListItem","position":3,"name":"(Grade School) Air Jordan 4 Retro 2019 &#8216;Cool Grey&#8217; 408452-007"}]},{"@type":"WebSite","@id":"\/#website","url":"\/","name":"Styloral Jewelry Shop","description":"Tourcruiser Sneaker Store \u2014 L\u2019endroit o\u00f9 l\u2019univers rencontre votre singularit\u00e9.","publisher":{"@id":"\/#organization"},"potentialAction":[{"@type":"SearchAction","target":{"@type":"EntryPoint","urlTemplate":"\/?s={search_term_string}"},"query-input":{"@type":"PropertyValueSpecification","valueRequired":true,"valueName":"search_term_string"}}],"inLanguage":"fr-FR"},{"@type":"Organization","@id":"\/#organization","name":"STYLORAL PTE. LTD","url":"\/","logo":{"@type":"ImageObject","inLanguage":"fr-FR","@id":"\/#\/schema\/logo\/image\/","url":"https:\/\/www.tourcruiser.com\/wp-content\/uploads\/2025\/12\/logo.png","contentUrl":"https:\/\/www.tourcruiser.com\/wp-content\/uploads\/2025\/12\/logo.png","width":200,"height":65,"caption":"STYLORAL PTE. LTD"},"image":{"@id":"\/#\/schema\/logo\/image\/"}}]}},"_links":{"self":[{"href":"https:\/\/tourcruiser.com\/fr\/wp-json\/wp\/v2\/product\/760197","targetHints":{"allow":["GET"]}}],"collection":[{"href":"https:\/\/tourcruiser.com\/fr\/wp-json\/wp\/v2\/product"}],"about":[{"href":"https:\/\/tourcruiser.com\/fr\/wp-json\/wp\/v2\/types\/product"}],"replies":[{"embeddable":true,"href":"https:\/\/tourcruiser.com\/fr\/wp-json\/wp\/v2\/comments?post=760197"}],"wp:featuredmedia":[{"embeddable":true,"href":"https:\/\/tourcruiser.com\/fr\/wp-json\/wp\/v2\/media\/760198"}],"wp:attachment":[{"href":"https:\/\/tourcruiser.com\/fr\/wp-json\/wp\/v2\/media?parent=760197"}],"wp:term":[{"taxonomy":"product_brand","embeddable":true,"href":"https:\/\/tourcruiser.com\/fr\/wp-json\/wp\/v2\/product_brand?post=760197"},{"taxonomy":"product_cat","embeddable":true,"href":"https:\/\/tourcruiser.com\/fr\/wp-json\/wp\/v2\/product_cat?post=760197"},{"taxonomy":"product_tag","embeddable":true,"href":"https:\/\/tourcruiser.com\/fr\/wp-json\/wp\/v2\/product_tag?post=760197"}],"curies":[{"name":"wp","href":"https:\/\/api.w.org\/{rel}","templated":true}]}}