{"id":760179,"date":"2026-04-16T17:08:39","date_gmt":"2026-04-16T10:08:39","guid":{"rendered":"http:\/\/tourcruiser.com\/product\/grade-school-air-jordan-11-retro-2012-bred-378038-010"},"modified":"2026-04-17T22:50:41","modified_gmt":"2026-04-17T15:50:41","slug":"grade-school-air-jordan-11-retro-2012-bred-378038-010","status":"publish","type":"product","link":"https:\/\/tourcruiser.com\/fr\/products\/grade-school-air-jordan-11-retro-2012-bred-378038-010\/","title":{"rendered":"(Grade School) Air Jordan 11 Retro 2012 &lsquo;Bred&rsquo; 378038-010"},"content":{"rendered":"<p>Am\u00e9liorez votre jeu avec la Air Jordan 11 Retro 2012 \u00ab Bred \u00bb 378038-010 pour enfants (pointure 1). Cette sneaker classique arbore une empeigne en cuir verni noir du plus bel effet, associ\u00e9e \u00e0 une semelle ext\u00e9rieure rouge vif et une semelle interm\u00e9diaire blanche. Elle allie confort et style gr\u00e2ce \u00e0 sa plaque de ressort en fibre de carbone qui offre un amorti r\u00e9actif et \u00e0 sa semelle interm\u00e9diaire souple en Phylon qui assure un maintien optimal. Que ce soit sur le terrain ou dans la rue, ces Jordan l\u00e9gendaires offrent un style et une fonctionnalit\u00e9 in\u00e9gal\u00e9s aux jeunes athl\u00e8tes et aux passionn\u00e9s de mode.<\/p>\n<p>Coloris : Noir\/Rouge-Blanc<\/p>\n<p>Code article : 378038-010<\/p>\n<p>Semelle interm\u00e9diaire : Air<\/p>\n<p>Couleur : Noir<\/p>\n<p>Cr\u00e9ateur : Tinker Hatfield<\/p>\n<p>Saison : Toute l&rsquo;ann\u00e9e<\/p>\n<p>Ann\u00e9e de sortie : 2012<\/p>\n<p>\u00c2ge : Adulte<\/p>\n<p>Couleur : Noir<\/p>\n<p>Genre : Enfant<\/p>\n","protected":false},"excerpt":{"rendered":"<p>Am\u00e9liorez votre jeu avec la Air Jordan 11 Retro 2012 \u00ab Bred \u00bb 378038-010 pour enfants (pointure 1). Cette sneaker classique arbore une empeigne en cuir verni noir du plus bel effet, associ\u00e9e \u00e0 une semelle ext\u00e9rieure rouge vif et une semelle interm\u00e9diaire blanche. Elle allie confort et style gr\u00e2ce \u00e0 sa plaque de ressort [&hellip;]<\/p>\n","protected":false},"featured_media":760180,"comment_status":"open","ping_status":"closed","template":"","meta":[],"product_brand":[],"product_cat":[38880],"product_tag":[10800,38876,38874,10776,11349,38875,11129,38877],"class_list":{"0":"post-760179","1":"product","2":"type-product","3":"status-publish","4":"has-post-thumbnail","6":"product_cat-jordan","7":"product_tag-basketball-shoes","8":"product_tag-basketball-shoes-for-kids","9":"product_tag-hari-raya-gs","10":"product_tag-jordan","11":"product_tag-jordan-basketball-shoes","12":"product_tag-jordan-skateboard-shoes","13":"product_tag-lightweight-basketball-shoes","14":"product_tag-sports-shoes-for-kids","16":"first","17":"instock","18":"taxable","19":"shipping-taxable","20":"purchasable","21":"product-type-simple"},"wcpa_form_fields":null,"yoast_head":"<!-- This site is optimized with the Yoast SEO plugin v26.5 - https:\/\/yoast.com\/wordpress\/plugins\/seo\/ -->\n<title>(Grade School) Air Jordan 11 Retro 2012 &#039;Bred&#039; 378038-010 - TOURCRUISER PTE. LTD<\/title>\n<meta name=\"robots\" content=\"index, follow, max-snippet:-1, max-image-preview:large, max-video-preview:-1\" \/>\n<link rel=\"canonical\" href=\"https:\/\/tourcruiser.com\/fr\/products\/grade-school-air-jordan-11-retro-2012-bred-378038-010\/\" \/>\n<meta property=\"og:locale\" content=\"fr_FR\" \/>\n<meta property=\"og:type\" content=\"article\" \/>\n<meta property=\"og:title\" content=\"(Grade School) Air Jordan 11 Retro 2012 &#039;Bred&#039; 378038-010 - TOURCRUISER PTE. LTD\" \/>\n<meta property=\"og:description\" content=\"Am\u00e9liorez votre jeu avec la Air Jordan 11 Retro 2012 \u00ab Bred \u00bb 378038-010 pour enfants (pointure 1). Cette sneaker classique arbore une empeigne en cuir verni noir du plus bel effet, associ\u00e9e \u00e0 une semelle ext\u00e9rieure rouge vif et une semelle interm\u00e9diaire blanche. Elle allie confort et style gr\u00e2ce \u00e0 sa plaque de ressort [&hellip;]\" \/>\n<meta property=\"og:url\" content=\"https:\/\/tourcruiser.com\/fr\/products\/grade-school-air-jordan-11-retro-2012-bred-378038-010\/\" \/>\n<meta property=\"og:site_name\" content=\"Tourcruiser Sneaker Store\" \/>\n<meta property=\"article:modified_time\" content=\"2026-04-17T15:50:41+00:00\" \/>\n<meta name=\"twitter:card\" content=\"summary_large_image\" \/>\n<meta name=\"twitter:image\" content=\"https:\/\/images.novelship.com\/product\/_grade_school__air_jordan_11_retro_2012__bred__378_0_14482.jpeg;https:\/\/images.novelship.com\/product\/_grade_school__air_jordan_11_retro_2012__bred__378_1_14482.jpeg;https:\/\/images.novelship.com\/product\/_grade_school__air_jordan_11_retro_2012__bred__378_2_14482.jpeg;https:\/\/images.novelship.com\/product\/_grade_school__air_jordan_11_retro_2012__bred__378_3_14482.jpeg;https:\/\/images.novelship.com\/product\/_grade_school__air_jordan_11_retro_2012__bred__378_4_14482.jpeg;https:\/\/images.novelship.com\/product\/_grade_school__air_jordan_11_retro_2012__bred__378_5_14482.jpeg;https:\/\/images.novelship.com\/product\/_grade_school__air_jordan_11_retro_2012__bred__378_6_14482.jpeg;https:\/\/images.novelship.com\/product\/_grade_school__air_jordan_11_retro_2012__bred__378_7_14482.jpeg\" \/>\n<meta name=\"twitter:label1\" content=\"Dur\u00e9e de lecture estim\u00e9e\" \/>\n\t<meta name=\"twitter:data1\" content=\"1 minute\" \/>\n<script type=\"application\/ld+json\" class=\"yoast-schema-graph\">{\"@context\":\"https:\/\/schema.org\",\"@graph\":[{\"@type\":\"WebPage\",\"@id\":\"https:\/\/tourcruiser.com\/fr\/products\/grade-school-air-jordan-11-retro-2012-bred-378038-010\/\",\"url\":\"https:\/\/tourcruiser.com\/fr\/products\/grade-school-air-jordan-11-retro-2012-bred-378038-010\/\",\"name\":\"(Grade School) Air Jordan 11 Retro 2012 'Bred' 378038-010 - TOURCRUISER PTE. LTD\",\"isPartOf\":{\"@id\":\"\/#website\"},\"primaryImageOfPage\":{\"@id\":\"https:\/\/tourcruiser.com\/fr\/products\/grade-school-air-jordan-11-retro-2012-bred-378038-010\/#primaryimage\"},\"image\":{\"@id\":\"https:\/\/tourcruiser.com\/fr\/products\/grade-school-air-jordan-11-retro-2012-bred-378038-010\/#primaryimage\"},\"thumbnailUrl\":\"https:\/\/images.novelship.com\/product\/_grade_school__air_jordan_11_retro_2012__bred__378_0_14482.jpeg;https:\/\/images.novelship.com\/product\/_grade_school__air_jordan_11_retro_2012__bred__378_1_14482.jpeg;https:\/\/images.novelship.com\/product\/_grade_school__air_jordan_11_retro_2012__bred__378_2_14482.jpeg;https:\/\/images.novelship.com\/product\/_grade_school__air_jordan_11_retro_2012__bred__378_3_14482.jpeg;https:\/\/images.novelship.com\/product\/_grade_school__air_jordan_11_retro_2012__bred__378_4_14482.jpeg;https:\/\/images.novelship.com\/product\/_grade_school__air_jordan_11_retro_2012__bred__378_5_14482.jpeg;https:\/\/images.novelship.com\/product\/_grade_school__air_jordan_11_retro_2012__bred__378_6_14482.jpeg;https:\/\/images.novelship.com\/product\/_grade_school__air_jordan_11_retro_2012__bred__378_7_14482.jpeg\",\"datePublished\":\"2026-04-16T10:08:39+00:00\",\"dateModified\":\"2026-04-17T15:50:41+00:00\",\"breadcrumb\":{\"@id\":\"https:\/\/tourcruiser.com\/fr\/products\/grade-school-air-jordan-11-retro-2012-bred-378038-010\/#breadcrumb\"},\"inLanguage\":\"fr-FR\",\"potentialAction\":[{\"@type\":\"ReadAction\",\"target\":[\"https:\/\/tourcruiser.com\/fr\/products\/grade-school-air-jordan-11-retro-2012-bred-378038-010\/\"]}]},{\"@type\":\"ImageObject\",\"inLanguage\":\"fr-FR\",\"@id\":\"https:\/\/tourcruiser.com\/fr\/products\/grade-school-air-jordan-11-retro-2012-bred-378038-010\/#primaryimage\",\"url\":\"https:\/\/images.novelship.com\/product\/_grade_school__air_jordan_11_retro_2012__bred__378_0_14482.jpeg;https:\/\/images.novelship.com\/product\/_grade_school__air_jordan_11_retro_2012__bred__378_1_14482.jpeg;https:\/\/images.novelship.com\/product\/_grade_school__air_jordan_11_retro_2012__bred__378_2_14482.jpeg;https:\/\/images.novelship.com\/product\/_grade_school__air_jordan_11_retro_2012__bred__378_3_14482.jpeg;https:\/\/images.novelship.com\/product\/_grade_school__air_jordan_11_retro_2012__bred__378_4_14482.jpeg;https:\/\/images.novelship.com\/product\/_grade_school__air_jordan_11_retro_2012__bred__378_5_14482.jpeg;https:\/\/images.novelship.com\/product\/_grade_school__air_jordan_11_retro_2012__bred__378_6_14482.jpeg;https:\/\/images.novelship.com\/product\/_grade_school__air_jordan_11_retro_2012__bred__378_7_14482.jpeg\",\"contentUrl\":\"https:\/\/images.novelship.com\/product\/_grade_school__air_jordan_11_retro_2012__bred__378_0_14482.jpeg;https:\/\/images.novelship.com\/product\/_grade_school__air_jordan_11_retro_2012__bred__378_1_14482.jpeg;https:\/\/images.novelship.com\/product\/_grade_school__air_jordan_11_retro_2012__bred__378_2_14482.jpeg;https:\/\/images.novelship.com\/product\/_grade_school__air_jordan_11_retro_2012__bred__378_3_14482.jpeg;https:\/\/images.novelship.com\/product\/_grade_school__air_jordan_11_retro_2012__bred__378_4_14482.jpeg;https:\/\/images.novelship.com\/product\/_grade_school__air_jordan_11_retro_2012__bred__378_5_14482.jpeg;https:\/\/images.novelship.com\/product\/_grade_school__air_jordan_11_retro_2012__bred__378_6_14482.jpeg;https:\/\/images.novelship.com\/product\/_grade_school__air_jordan_11_retro_2012__bred__378_7_14482.jpeg\"},{\"@type\":\"BreadcrumbList\",\"@id\":\"https:\/\/tourcruiser.com\/fr\/products\/grade-school-air-jordan-11-retro-2012-bred-378038-010\/#breadcrumb\",\"itemListElement\":[{\"@type\":\"ListItem\",\"position\":1,\"name\":\"Home\",\"item\":\"https:\/\/tourcruiser.com\/fr\/\"},{\"@type\":\"ListItem\",\"position\":2,\"name\":\"Shop\",\"item\":\"https:\/\/tourcruiser.com\/fr\/shop\/\"},{\"@type\":\"ListItem\",\"position\":3,\"name\":\"(Grade School) Air Jordan 11 Retro 2012 &#8216;Bred&#8217; 378038-010\"}]},{\"@type\":\"WebSite\",\"@id\":\"\/#website\",\"url\":\"\/\",\"name\":\"Styloral Jewelry Shop\",\"description\":\"Tourcruiser Sneaker Store \u2014 L\u2019endroit o\u00f9 l\u2019univers rencontre votre singularit\u00e9.\",\"publisher\":{\"@id\":\"\/#organization\"},\"potentialAction\":[{\"@type\":\"SearchAction\",\"target\":{\"@type\":\"EntryPoint\",\"urlTemplate\":\"\/?s={search_term_string}\"},\"query-input\":{\"@type\":\"PropertyValueSpecification\",\"valueRequired\":true,\"valueName\":\"search_term_string\"}}],\"inLanguage\":\"fr-FR\"},{\"@type\":\"Organization\",\"@id\":\"\/#organization\",\"name\":\"STYLORAL PTE. LTD\",\"url\":\"\/\",\"logo\":{\"@type\":\"ImageObject\",\"inLanguage\":\"fr-FR\",\"@id\":\"\/#\/schema\/logo\/image\/\",\"url\":\"https:\/\/www.tourcruiser.com\/wp-content\/uploads\/2025\/12\/logo.png\",\"contentUrl\":\"https:\/\/www.tourcruiser.com\/wp-content\/uploads\/2025\/12\/logo.png\",\"width\":200,\"height\":65,\"caption\":\"STYLORAL PTE. LTD\"},\"image\":{\"@id\":\"\/#\/schema\/logo\/image\/\"}}]}<\/script>\n<!-- \/ Yoast SEO plugin. -->","yoast_head_json":{"title":"(Grade School) Air Jordan 11 Retro 2012 'Bred' 378038-010 - TOURCRUISER PTE. LTD","robots":{"index":"index","follow":"follow","max-snippet":"max-snippet:-1","max-image-preview":"max-image-preview:large","max-video-preview":"max-video-preview:-1"},"canonical":"https:\/\/tourcruiser.com\/fr\/products\/grade-school-air-jordan-11-retro-2012-bred-378038-010\/","og_locale":"fr_FR","og_type":"article","og_title":"(Grade School) Air Jordan 11 Retro 2012 'Bred' 378038-010 - TOURCRUISER PTE. LTD","og_description":"Am\u00e9liorez votre jeu avec la Air Jordan 11 Retro 2012 \u00ab Bred \u00bb 378038-010 pour enfants (pointure 1). Cette sneaker classique arbore une empeigne en cuir verni noir du plus bel effet, associ\u00e9e \u00e0 une semelle ext\u00e9rieure rouge vif et une semelle interm\u00e9diaire blanche. Elle allie confort et style gr\u00e2ce \u00e0 sa plaque de ressort [&hellip;]","og_url":"https:\/\/tourcruiser.com\/fr\/products\/grade-school-air-jordan-11-retro-2012-bred-378038-010\/","og_site_name":"Tourcruiser Sneaker Store","article_modified_time":"2026-04-17T15:50:41+00:00","twitter_card":"summary_large_image","twitter_image":"https:\/\/images.novelship.com\/product\/_grade_school__air_jordan_11_retro_2012__bred__378_0_14482.jpeg;https:\/\/images.novelship.com\/product\/_grade_school__air_jordan_11_retro_2012__bred__378_1_14482.jpeg;https:\/\/images.novelship.com\/product\/_grade_school__air_jordan_11_retro_2012__bred__378_2_14482.jpeg;https:\/\/images.novelship.com\/product\/_grade_school__air_jordan_11_retro_2012__bred__378_3_14482.jpeg;https:\/\/images.novelship.com\/product\/_grade_school__air_jordan_11_retro_2012__bred__378_4_14482.jpeg;https:\/\/images.novelship.com\/product\/_grade_school__air_jordan_11_retro_2012__bred__378_5_14482.jpeg;https:\/\/images.novelship.com\/product\/_grade_school__air_jordan_11_retro_2012__bred__378_6_14482.jpeg;https:\/\/images.novelship.com\/product\/_grade_school__air_jordan_11_retro_2012__bred__378_7_14482.jpeg","twitter_misc":{"Dur\u00e9e de lecture estim\u00e9e":"1 minute"},"schema":{"@context":"https:\/\/schema.org","@graph":[{"@type":"WebPage","@id":"https:\/\/tourcruiser.com\/fr\/products\/grade-school-air-jordan-11-retro-2012-bred-378038-010\/","url":"https:\/\/tourcruiser.com\/fr\/products\/grade-school-air-jordan-11-retro-2012-bred-378038-010\/","name":"(Grade School) Air Jordan 11 Retro 2012 'Bred' 378038-010 - TOURCRUISER PTE. LTD","isPartOf":{"@id":"\/#website"},"primaryImageOfPage":{"@id":"https:\/\/tourcruiser.com\/fr\/products\/grade-school-air-jordan-11-retro-2012-bred-378038-010\/#primaryimage"},"image":{"@id":"https:\/\/tourcruiser.com\/fr\/products\/grade-school-air-jordan-11-retro-2012-bred-378038-010\/#primaryimage"},"thumbnailUrl":"https:\/\/images.novelship.com\/product\/_grade_school__air_jordan_11_retro_2012__bred__378_0_14482.jpeg;https:\/\/images.novelship.com\/product\/_grade_school__air_jordan_11_retro_2012__bred__378_1_14482.jpeg;https:\/\/images.novelship.com\/product\/_grade_school__air_jordan_11_retro_2012__bred__378_2_14482.jpeg;https:\/\/images.novelship.com\/product\/_grade_school__air_jordan_11_retro_2012__bred__378_3_14482.jpeg;https:\/\/images.novelship.com\/product\/_grade_school__air_jordan_11_retro_2012__bred__378_4_14482.jpeg;https:\/\/images.novelship.com\/product\/_grade_school__air_jordan_11_retro_2012__bred__378_5_14482.jpeg;https:\/\/images.novelship.com\/product\/_grade_school__air_jordan_11_retro_2012__bred__378_6_14482.jpeg;https:\/\/images.novelship.com\/product\/_grade_school__air_jordan_11_retro_2012__bred__378_7_14482.jpeg","datePublished":"2026-04-16T10:08:39+00:00","dateModified":"2026-04-17T15:50:41+00:00","breadcrumb":{"@id":"https:\/\/tourcruiser.com\/fr\/products\/grade-school-air-jordan-11-retro-2012-bred-378038-010\/#breadcrumb"},"inLanguage":"fr-FR","potentialAction":[{"@type":"ReadAction","target":["https:\/\/tourcruiser.com\/fr\/products\/grade-school-air-jordan-11-retro-2012-bred-378038-010\/"]}]},{"@type":"ImageObject","inLanguage":"fr-FR","@id":"https:\/\/tourcruiser.com\/fr\/products\/grade-school-air-jordan-11-retro-2012-bred-378038-010\/#primaryimage","url":"https:\/\/images.novelship.com\/product\/_grade_school__air_jordan_11_retro_2012__bred__378_0_14482.jpeg;https:\/\/images.novelship.com\/product\/_grade_school__air_jordan_11_retro_2012__bred__378_1_14482.jpeg;https:\/\/images.novelship.com\/product\/_grade_school__air_jordan_11_retro_2012__bred__378_2_14482.jpeg;https:\/\/images.novelship.com\/product\/_grade_school__air_jordan_11_retro_2012__bred__378_3_14482.jpeg;https:\/\/images.novelship.com\/product\/_grade_school__air_jordan_11_retro_2012__bred__378_4_14482.jpeg;https:\/\/images.novelship.com\/product\/_grade_school__air_jordan_11_retro_2012__bred__378_5_14482.jpeg;https:\/\/images.novelship.com\/product\/_grade_school__air_jordan_11_retro_2012__bred__378_6_14482.jpeg;https:\/\/images.novelship.com\/product\/_grade_school__air_jordan_11_retro_2012__bred__378_7_14482.jpeg","contentUrl":"https:\/\/images.novelship.com\/product\/_grade_school__air_jordan_11_retro_2012__bred__378_0_14482.jpeg;https:\/\/images.novelship.com\/product\/_grade_school__air_jordan_11_retro_2012__bred__378_1_14482.jpeg;https:\/\/images.novelship.com\/product\/_grade_school__air_jordan_11_retro_2012__bred__378_2_14482.jpeg;https:\/\/images.novelship.com\/product\/_grade_school__air_jordan_11_retro_2012__bred__378_3_14482.jpeg;https:\/\/images.novelship.com\/product\/_grade_school__air_jordan_11_retro_2012__bred__378_4_14482.jpeg;https:\/\/images.novelship.com\/product\/_grade_school__air_jordan_11_retro_2012__bred__378_5_14482.jpeg;https:\/\/images.novelship.com\/product\/_grade_school__air_jordan_11_retro_2012__bred__378_6_14482.jpeg;https:\/\/images.novelship.com\/product\/_grade_school__air_jordan_11_retro_2012__bred__378_7_14482.jpeg"},{"@type":"BreadcrumbList","@id":"https:\/\/tourcruiser.com\/fr\/products\/grade-school-air-jordan-11-retro-2012-bred-378038-010\/#breadcrumb","itemListElement":[{"@type":"ListItem","position":1,"name":"Home","item":"https:\/\/tourcruiser.com\/fr\/"},{"@type":"ListItem","position":2,"name":"Shop","item":"https:\/\/tourcruiser.com\/fr\/shop\/"},{"@type":"ListItem","position":3,"name":"(Grade School) Air Jordan 11 Retro 2012 &#8216;Bred&#8217; 378038-010"}]},{"@type":"WebSite","@id":"\/#website","url":"\/","name":"Styloral Jewelry Shop","description":"Tourcruiser Sneaker Store \u2014 L\u2019endroit o\u00f9 l\u2019univers rencontre votre singularit\u00e9.","publisher":{"@id":"\/#organization"},"potentialAction":[{"@type":"SearchAction","target":{"@type":"EntryPoint","urlTemplate":"\/?s={search_term_string}"},"query-input":{"@type":"PropertyValueSpecification","valueRequired":true,"valueName":"search_term_string"}}],"inLanguage":"fr-FR"},{"@type":"Organization","@id":"\/#organization","name":"STYLORAL PTE. LTD","url":"\/","logo":{"@type":"ImageObject","inLanguage":"fr-FR","@id":"\/#\/schema\/logo\/image\/","url":"https:\/\/www.tourcruiser.com\/wp-content\/uploads\/2025\/12\/logo.png","contentUrl":"https:\/\/www.tourcruiser.com\/wp-content\/uploads\/2025\/12\/logo.png","width":200,"height":65,"caption":"STYLORAL PTE. LTD"},"image":{"@id":"\/#\/schema\/logo\/image\/"}}]}},"_links":{"self":[{"href":"https:\/\/tourcruiser.com\/fr\/wp-json\/wp\/v2\/product\/760179","targetHints":{"allow":["GET"]}}],"collection":[{"href":"https:\/\/tourcruiser.com\/fr\/wp-json\/wp\/v2\/product"}],"about":[{"href":"https:\/\/tourcruiser.com\/fr\/wp-json\/wp\/v2\/types\/product"}],"replies":[{"embeddable":true,"href":"https:\/\/tourcruiser.com\/fr\/wp-json\/wp\/v2\/comments?post=760179"}],"wp:featuredmedia":[{"embeddable":true,"href":"https:\/\/tourcruiser.com\/fr\/wp-json\/wp\/v2\/media\/760180"}],"wp:attachment":[{"href":"https:\/\/tourcruiser.com\/fr\/wp-json\/wp\/v2\/media?parent=760179"}],"wp:term":[{"taxonomy":"product_brand","embeddable":true,"href":"https:\/\/tourcruiser.com\/fr\/wp-json\/wp\/v2\/product_brand?post=760179"},{"taxonomy":"product_cat","embeddable":true,"href":"https:\/\/tourcruiser.com\/fr\/wp-json\/wp\/v2\/product_cat?post=760179"},{"taxonomy":"product_tag","embeddable":true,"href":"https:\/\/tourcruiser.com\/fr\/wp-json\/wp\/v2\/product_tag?post=760179"}],"curies":[{"name":"wp","href":"https:\/\/api.w.org\/{rel}","templated":true}]}}