{"id":760128,"date":"2026-04-16T17:08:37","date_gmt":"2026-04-16T10:08:37","guid":{"rendered":"http:\/\/tourcruiser.com\/product\/air-jordan-3-retro-seoul-av8370-100"},"modified":"2026-04-17T22:50:39","modified_gmt":"2026-04-17T15:50:39","slug":"air-jordan-3-retro-seoul-av8370-100","status":"publish","type":"product","link":"https:\/\/tourcruiser.com\/fr\/products\/air-jordan-3-retro-seoul-av8370-100\/","title":{"rendered":"Air Jordan 3 Retro &lsquo;Seoul&rsquo; AV8370-100"},"content":{"rendered":"<p>D\u00e9couvrez la Air Jordan 3 Retro Seoul, une sneaker iconique et styl\u00e9e de la c\u00e9l\u00e8bre marque Jordan. Cette \u00e9dition limit\u00e9e, affectueusement surnomm\u00e9e \u00ab\u00a0Seoul\u00a0\u00bb, arbore une \u00e9l\u00e9gante finition blanche et apporte une touche de sophistication \u00e0 toutes vos tenues. Avec son design premium et intemporel, affirmez votre style.<\/p>\n<p>Coloris\u00a0: Blanc\/Soar\/Atom Red<\/p>\n<p>Code article\u00a0: AV8370-100<\/p>\n<p>Tige\u00a0: Cuir<\/p>\n<p>Semelle interm\u00e9diaire\u00a0: Air<\/p>\n<p>Couleur\u00a0: Blanc<\/p>\n<p>Designer\u00a0: Tinker Hatfield<\/p>\n<p>Saison\u00a0: Printemps<\/p>\n<p>Ann\u00e9e de sortie\u00a0: 2018<\/p>\n<p>\u00c2ge\u00a0: Adulte<\/p>\n<p>Couleur\u00a0: Blanc<\/p>\n<p>Genre\u00a0: Homme<\/p>\n","protected":false},"excerpt":{"rendered":"<p>D\u00e9couvrez la Air Jordan 3 Retro Seoul, une sneaker iconique et styl\u00e9e de la c\u00e9l\u00e8bre marque Jordan. Cette \u00e9dition limit\u00e9e, affectueusement surnomm\u00e9e \u00ab\u00a0Seoul\u00a0\u00bb, arbore une \u00e9l\u00e9gante finition blanche et apporte une touche de sophistication \u00e0 toutes vos tenues. Avec son design premium et intemporel, affirmez votre style. Coloris\u00a0: Blanc\/Soar\/Atom Red Code article\u00a0: AV8370-100 Tige\u00a0: Cuir [&hellip;]<\/p>\n","protected":false},"featured_media":760129,"comment_status":"open","ping_status":"closed","template":"","meta":[],"product_brand":[],"product_cat":[38880],"product_tag":[10800,38841,39257,38840,10776,11349,38875,10756,38866,38902],"class_list":{"0":"post-760128","1":"product","2":"type-product","3":"status-publish","4":"has-post-thumbnail","6":"product_cat-jordan","7":"product_tag-basketball-shoes","8":"product_tag-casual-shoes","9":"product_tag-casual-shoes-inspired-by-basketball","10":"product_tag-gift-ideas-for-him","11":"product_tag-jordan","12":"product_tag-jordan-basketball-shoes","13":"product_tag-jordan-skateboard-shoes","14":"product_tag-retro-casual-shoes","15":"product_tag-sports-shoes","16":"product_tag-trendy-offers","18":"first","19":"instock","20":"taxable","21":"shipping-taxable","22":"purchasable","23":"product-type-simple"},"wcpa_form_fields":null,"yoast_head":"<!-- This site is optimized with the Yoast SEO plugin v26.5 - https:\/\/yoast.com\/wordpress\/plugins\/seo\/ -->\n<title>Air Jordan 3 Retro &#039;Seoul&#039; AV8370-100 - TOURCRUISER PTE. LTD<\/title>\n<meta name=\"robots\" content=\"index, follow, max-snippet:-1, max-image-preview:large, max-video-preview:-1\" \/>\n<link rel=\"canonical\" href=\"https:\/\/tourcruiser.com\/fr\/products\/air-jordan-3-retro-seoul-av8370-100\/\" \/>\n<meta property=\"og:locale\" content=\"fr_FR\" \/>\n<meta property=\"og:type\" content=\"article\" \/>\n<meta property=\"og:title\" content=\"Air Jordan 3 Retro &#039;Seoul&#039; AV8370-100 - TOURCRUISER PTE. LTD\" \/>\n<meta property=\"og:description\" content=\"D\u00e9couvrez la Air Jordan 3 Retro Seoul, une sneaker iconique et styl\u00e9e de la c\u00e9l\u00e8bre marque Jordan. Cette \u00e9dition limit\u00e9e, affectueusement surnomm\u00e9e \u00ab\u00a0Seoul\u00a0\u00bb, arbore une \u00e9l\u00e9gante finition blanche et apporte une touche de sophistication \u00e0 toutes vos tenues. Avec son design premium et intemporel, affirmez votre style. Coloris\u00a0: Blanc\/Soar\/Atom Red Code article\u00a0: AV8370-100 Tige\u00a0: Cuir [&hellip;]\" \/>\n<meta property=\"og:url\" content=\"https:\/\/tourcruiser.com\/fr\/products\/air-jordan-3-retro-seoul-av8370-100\/\" \/>\n<meta property=\"og:site_name\" content=\"Tourcruiser Sneaker Store\" \/>\n<meta property=\"article:modified_time\" content=\"2026-04-17T15:50:39+00:00\" \/>\n<meta name=\"twitter:card\" content=\"summary_large_image\" \/>\n<meta name=\"twitter:image\" content=\"https:\/\/images.novelship.com\/product\/air_jordan_3_retro__seoul__av8370_100_0_73629.jpeg;https:\/\/images.novelship.com\/product\/air_jordan_3_retro__seoul__av8370_100_1_73629.jpeg;https:\/\/images.novelship.com\/product\/air_jordan_3_retro__seoul__av8370_100_2_73629.jpeg;https:\/\/images.novelship.com\/product\/air_jordan_3_retro__seoul__av8370_100_3_73629.jpeg;https:\/\/images.novelship.com\/product\/air_jordan_3_retro__seoul__av8370_100_4_73629.jpeg;https:\/\/images.novelship.com\/product\/air_jordan_3_retro__seoul__av8370_100_5_73629.jpeg;https:\/\/images.novelship.com\/product\/air_jordan_3_retro__seoul__av8370_100_6_73629.jpeg;https:\/\/images.novelship.com\/product\/air_jordan_3_retro__seoul__av8370_100_7_73629.jpeg\" \/>\n<script type=\"application\/ld+json\" class=\"yoast-schema-graph\">{\"@context\":\"https:\/\/schema.org\",\"@graph\":[{\"@type\":\"WebPage\",\"@id\":\"https:\/\/tourcruiser.com\/fr\/products\/air-jordan-3-retro-seoul-av8370-100\/\",\"url\":\"https:\/\/tourcruiser.com\/fr\/products\/air-jordan-3-retro-seoul-av8370-100\/\",\"name\":\"Air Jordan 3 Retro 'Seoul' AV8370-100 - TOURCRUISER PTE. LTD\",\"isPartOf\":{\"@id\":\"\/#website\"},\"primaryImageOfPage\":{\"@id\":\"https:\/\/tourcruiser.com\/fr\/products\/air-jordan-3-retro-seoul-av8370-100\/#primaryimage\"},\"image\":{\"@id\":\"https:\/\/tourcruiser.com\/fr\/products\/air-jordan-3-retro-seoul-av8370-100\/#primaryimage\"},\"thumbnailUrl\":\"https:\/\/images.novelship.com\/product\/air_jordan_3_retro__seoul__av8370_100_0_73629.jpeg;https:\/\/images.novelship.com\/product\/air_jordan_3_retro__seoul__av8370_100_1_73629.jpeg;https:\/\/images.novelship.com\/product\/air_jordan_3_retro__seoul__av8370_100_2_73629.jpeg;https:\/\/images.novelship.com\/product\/air_jordan_3_retro__seoul__av8370_100_3_73629.jpeg;https:\/\/images.novelship.com\/product\/air_jordan_3_retro__seoul__av8370_100_4_73629.jpeg;https:\/\/images.novelship.com\/product\/air_jordan_3_retro__seoul__av8370_100_5_73629.jpeg;https:\/\/images.novelship.com\/product\/air_jordan_3_retro__seoul__av8370_100_6_73629.jpeg;https:\/\/images.novelship.com\/product\/air_jordan_3_retro__seoul__av8370_100_7_73629.jpeg\",\"datePublished\":\"2026-04-16T10:08:37+00:00\",\"dateModified\":\"2026-04-17T15:50:39+00:00\",\"breadcrumb\":{\"@id\":\"https:\/\/tourcruiser.com\/fr\/products\/air-jordan-3-retro-seoul-av8370-100\/#breadcrumb\"},\"inLanguage\":\"fr-FR\",\"potentialAction\":[{\"@type\":\"ReadAction\",\"target\":[\"https:\/\/tourcruiser.com\/fr\/products\/air-jordan-3-retro-seoul-av8370-100\/\"]}]},{\"@type\":\"ImageObject\",\"inLanguage\":\"fr-FR\",\"@id\":\"https:\/\/tourcruiser.com\/fr\/products\/air-jordan-3-retro-seoul-av8370-100\/#primaryimage\",\"url\":\"https:\/\/images.novelship.com\/product\/air_jordan_3_retro__seoul__av8370_100_0_73629.jpeg;https:\/\/images.novelship.com\/product\/air_jordan_3_retro__seoul__av8370_100_1_73629.jpeg;https:\/\/images.novelship.com\/product\/air_jordan_3_retro__seoul__av8370_100_2_73629.jpeg;https:\/\/images.novelship.com\/product\/air_jordan_3_retro__seoul__av8370_100_3_73629.jpeg;https:\/\/images.novelship.com\/product\/air_jordan_3_retro__seoul__av8370_100_4_73629.jpeg;https:\/\/images.novelship.com\/product\/air_jordan_3_retro__seoul__av8370_100_5_73629.jpeg;https:\/\/images.novelship.com\/product\/air_jordan_3_retro__seoul__av8370_100_6_73629.jpeg;https:\/\/images.novelship.com\/product\/air_jordan_3_retro__seoul__av8370_100_7_73629.jpeg\",\"contentUrl\":\"https:\/\/images.novelship.com\/product\/air_jordan_3_retro__seoul__av8370_100_0_73629.jpeg;https:\/\/images.novelship.com\/product\/air_jordan_3_retro__seoul__av8370_100_1_73629.jpeg;https:\/\/images.novelship.com\/product\/air_jordan_3_retro__seoul__av8370_100_2_73629.jpeg;https:\/\/images.novelship.com\/product\/air_jordan_3_retro__seoul__av8370_100_3_73629.jpeg;https:\/\/images.novelship.com\/product\/air_jordan_3_retro__seoul__av8370_100_4_73629.jpeg;https:\/\/images.novelship.com\/product\/air_jordan_3_retro__seoul__av8370_100_5_73629.jpeg;https:\/\/images.novelship.com\/product\/air_jordan_3_retro__seoul__av8370_100_6_73629.jpeg;https:\/\/images.novelship.com\/product\/air_jordan_3_retro__seoul__av8370_100_7_73629.jpeg\"},{\"@type\":\"BreadcrumbList\",\"@id\":\"https:\/\/tourcruiser.com\/fr\/products\/air-jordan-3-retro-seoul-av8370-100\/#breadcrumb\",\"itemListElement\":[{\"@type\":\"ListItem\",\"position\":1,\"name\":\"Home\",\"item\":\"https:\/\/tourcruiser.com\/fr\/\"},{\"@type\":\"ListItem\",\"position\":2,\"name\":\"Shop\",\"item\":\"https:\/\/tourcruiser.com\/fr\/shop\/\"},{\"@type\":\"ListItem\",\"position\":3,\"name\":\"Air Jordan 3 Retro &#8216;Seoul&#8217; AV8370-100\"}]},{\"@type\":\"WebSite\",\"@id\":\"\/#website\",\"url\":\"\/\",\"name\":\"Styloral Jewelry Shop\",\"description\":\"Tourcruiser Sneaker Store \u2014 L\u2019endroit o\u00f9 l\u2019univers rencontre votre singularit\u00e9.\",\"publisher\":{\"@id\":\"\/#organization\"},\"potentialAction\":[{\"@type\":\"SearchAction\",\"target\":{\"@type\":\"EntryPoint\",\"urlTemplate\":\"\/?s={search_term_string}\"},\"query-input\":{\"@type\":\"PropertyValueSpecification\",\"valueRequired\":true,\"valueName\":\"search_term_string\"}}],\"inLanguage\":\"fr-FR\"},{\"@type\":\"Organization\",\"@id\":\"\/#organization\",\"name\":\"STYLORAL PTE. LTD\",\"url\":\"\/\",\"logo\":{\"@type\":\"ImageObject\",\"inLanguage\":\"fr-FR\",\"@id\":\"\/#\/schema\/logo\/image\/\",\"url\":\"https:\/\/www.tourcruiser.com\/wp-content\/uploads\/2025\/12\/logo.png\",\"contentUrl\":\"https:\/\/www.tourcruiser.com\/wp-content\/uploads\/2025\/12\/logo.png\",\"width\":200,\"height\":65,\"caption\":\"STYLORAL PTE. LTD\"},\"image\":{\"@id\":\"\/#\/schema\/logo\/image\/\"}}]}<\/script>\n<!-- \/ Yoast SEO plugin. -->","yoast_head_json":{"title":"Air Jordan 3 Retro 'Seoul' AV8370-100 - TOURCRUISER PTE. LTD","robots":{"index":"index","follow":"follow","max-snippet":"max-snippet:-1","max-image-preview":"max-image-preview:large","max-video-preview":"max-video-preview:-1"},"canonical":"https:\/\/tourcruiser.com\/fr\/products\/air-jordan-3-retro-seoul-av8370-100\/","og_locale":"fr_FR","og_type":"article","og_title":"Air Jordan 3 Retro 'Seoul' AV8370-100 - TOURCRUISER PTE. LTD","og_description":"D\u00e9couvrez la Air Jordan 3 Retro Seoul, une sneaker iconique et styl\u00e9e de la c\u00e9l\u00e8bre marque Jordan. Cette \u00e9dition limit\u00e9e, affectueusement surnomm\u00e9e \u00ab\u00a0Seoul\u00a0\u00bb, arbore une \u00e9l\u00e9gante finition blanche et apporte une touche de sophistication \u00e0 toutes vos tenues. Avec son design premium et intemporel, affirmez votre style. Coloris\u00a0: Blanc\/Soar\/Atom Red Code article\u00a0: AV8370-100 Tige\u00a0: Cuir [&hellip;]","og_url":"https:\/\/tourcruiser.com\/fr\/products\/air-jordan-3-retro-seoul-av8370-100\/","og_site_name":"Tourcruiser Sneaker Store","article_modified_time":"2026-04-17T15:50:39+00:00","twitter_card":"summary_large_image","twitter_image":"https:\/\/images.novelship.com\/product\/air_jordan_3_retro__seoul__av8370_100_0_73629.jpeg;https:\/\/images.novelship.com\/product\/air_jordan_3_retro__seoul__av8370_100_1_73629.jpeg;https:\/\/images.novelship.com\/product\/air_jordan_3_retro__seoul__av8370_100_2_73629.jpeg;https:\/\/images.novelship.com\/product\/air_jordan_3_retro__seoul__av8370_100_3_73629.jpeg;https:\/\/images.novelship.com\/product\/air_jordan_3_retro__seoul__av8370_100_4_73629.jpeg;https:\/\/images.novelship.com\/product\/air_jordan_3_retro__seoul__av8370_100_5_73629.jpeg;https:\/\/images.novelship.com\/product\/air_jordan_3_retro__seoul__av8370_100_6_73629.jpeg;https:\/\/images.novelship.com\/product\/air_jordan_3_retro__seoul__av8370_100_7_73629.jpeg","schema":{"@context":"https:\/\/schema.org","@graph":[{"@type":"WebPage","@id":"https:\/\/tourcruiser.com\/fr\/products\/air-jordan-3-retro-seoul-av8370-100\/","url":"https:\/\/tourcruiser.com\/fr\/products\/air-jordan-3-retro-seoul-av8370-100\/","name":"Air Jordan 3 Retro 'Seoul' AV8370-100 - TOURCRUISER PTE. LTD","isPartOf":{"@id":"\/#website"},"primaryImageOfPage":{"@id":"https:\/\/tourcruiser.com\/fr\/products\/air-jordan-3-retro-seoul-av8370-100\/#primaryimage"},"image":{"@id":"https:\/\/tourcruiser.com\/fr\/products\/air-jordan-3-retro-seoul-av8370-100\/#primaryimage"},"thumbnailUrl":"https:\/\/images.novelship.com\/product\/air_jordan_3_retro__seoul__av8370_100_0_73629.jpeg;https:\/\/images.novelship.com\/product\/air_jordan_3_retro__seoul__av8370_100_1_73629.jpeg;https:\/\/images.novelship.com\/product\/air_jordan_3_retro__seoul__av8370_100_2_73629.jpeg;https:\/\/images.novelship.com\/product\/air_jordan_3_retro__seoul__av8370_100_3_73629.jpeg;https:\/\/images.novelship.com\/product\/air_jordan_3_retro__seoul__av8370_100_4_73629.jpeg;https:\/\/images.novelship.com\/product\/air_jordan_3_retro__seoul__av8370_100_5_73629.jpeg;https:\/\/images.novelship.com\/product\/air_jordan_3_retro__seoul__av8370_100_6_73629.jpeg;https:\/\/images.novelship.com\/product\/air_jordan_3_retro__seoul__av8370_100_7_73629.jpeg","datePublished":"2026-04-16T10:08:37+00:00","dateModified":"2026-04-17T15:50:39+00:00","breadcrumb":{"@id":"https:\/\/tourcruiser.com\/fr\/products\/air-jordan-3-retro-seoul-av8370-100\/#breadcrumb"},"inLanguage":"fr-FR","potentialAction":[{"@type":"ReadAction","target":["https:\/\/tourcruiser.com\/fr\/products\/air-jordan-3-retro-seoul-av8370-100\/"]}]},{"@type":"ImageObject","inLanguage":"fr-FR","@id":"https:\/\/tourcruiser.com\/fr\/products\/air-jordan-3-retro-seoul-av8370-100\/#primaryimage","url":"https:\/\/images.novelship.com\/product\/air_jordan_3_retro__seoul__av8370_100_0_73629.jpeg;https:\/\/images.novelship.com\/product\/air_jordan_3_retro__seoul__av8370_100_1_73629.jpeg;https:\/\/images.novelship.com\/product\/air_jordan_3_retro__seoul__av8370_100_2_73629.jpeg;https:\/\/images.novelship.com\/product\/air_jordan_3_retro__seoul__av8370_100_3_73629.jpeg;https:\/\/images.novelship.com\/product\/air_jordan_3_retro__seoul__av8370_100_4_73629.jpeg;https:\/\/images.novelship.com\/product\/air_jordan_3_retro__seoul__av8370_100_5_73629.jpeg;https:\/\/images.novelship.com\/product\/air_jordan_3_retro__seoul__av8370_100_6_73629.jpeg;https:\/\/images.novelship.com\/product\/air_jordan_3_retro__seoul__av8370_100_7_73629.jpeg","contentUrl":"https:\/\/images.novelship.com\/product\/air_jordan_3_retro__seoul__av8370_100_0_73629.jpeg;https:\/\/images.novelship.com\/product\/air_jordan_3_retro__seoul__av8370_100_1_73629.jpeg;https:\/\/images.novelship.com\/product\/air_jordan_3_retro__seoul__av8370_100_2_73629.jpeg;https:\/\/images.novelship.com\/product\/air_jordan_3_retro__seoul__av8370_100_3_73629.jpeg;https:\/\/images.novelship.com\/product\/air_jordan_3_retro__seoul__av8370_100_4_73629.jpeg;https:\/\/images.novelship.com\/product\/air_jordan_3_retro__seoul__av8370_100_5_73629.jpeg;https:\/\/images.novelship.com\/product\/air_jordan_3_retro__seoul__av8370_100_6_73629.jpeg;https:\/\/images.novelship.com\/product\/air_jordan_3_retro__seoul__av8370_100_7_73629.jpeg"},{"@type":"BreadcrumbList","@id":"https:\/\/tourcruiser.com\/fr\/products\/air-jordan-3-retro-seoul-av8370-100\/#breadcrumb","itemListElement":[{"@type":"ListItem","position":1,"name":"Home","item":"https:\/\/tourcruiser.com\/fr\/"},{"@type":"ListItem","position":2,"name":"Shop","item":"https:\/\/tourcruiser.com\/fr\/shop\/"},{"@type":"ListItem","position":3,"name":"Air Jordan 3 Retro &#8216;Seoul&#8217; AV8370-100"}]},{"@type":"WebSite","@id":"\/#website","url":"\/","name":"Styloral Jewelry Shop","description":"Tourcruiser Sneaker Store \u2014 L\u2019endroit o\u00f9 l\u2019univers rencontre votre singularit\u00e9.","publisher":{"@id":"\/#organization"},"potentialAction":[{"@type":"SearchAction","target":{"@type":"EntryPoint","urlTemplate":"\/?s={search_term_string}"},"query-input":{"@type":"PropertyValueSpecification","valueRequired":true,"valueName":"search_term_string"}}],"inLanguage":"fr-FR"},{"@type":"Organization","@id":"\/#organization","name":"STYLORAL PTE. LTD","url":"\/","logo":{"@type":"ImageObject","inLanguage":"fr-FR","@id":"\/#\/schema\/logo\/image\/","url":"https:\/\/www.tourcruiser.com\/wp-content\/uploads\/2025\/12\/logo.png","contentUrl":"https:\/\/www.tourcruiser.com\/wp-content\/uploads\/2025\/12\/logo.png","width":200,"height":65,"caption":"STYLORAL PTE. LTD"},"image":{"@id":"\/#\/schema\/logo\/image\/"}}]}},"_links":{"self":[{"href":"https:\/\/tourcruiser.com\/fr\/wp-json\/wp\/v2\/product\/760128","targetHints":{"allow":["GET"]}}],"collection":[{"href":"https:\/\/tourcruiser.com\/fr\/wp-json\/wp\/v2\/product"}],"about":[{"href":"https:\/\/tourcruiser.com\/fr\/wp-json\/wp\/v2\/types\/product"}],"replies":[{"embeddable":true,"href":"https:\/\/tourcruiser.com\/fr\/wp-json\/wp\/v2\/comments?post=760128"}],"wp:featuredmedia":[{"embeddable":true,"href":"https:\/\/tourcruiser.com\/fr\/wp-json\/wp\/v2\/media\/760129"}],"wp:attachment":[{"href":"https:\/\/tourcruiser.com\/fr\/wp-json\/wp\/v2\/media?parent=760128"}],"wp:term":[{"taxonomy":"product_brand","embeddable":true,"href":"https:\/\/tourcruiser.com\/fr\/wp-json\/wp\/v2\/product_brand?post=760128"},{"taxonomy":"product_cat","embeddable":true,"href":"https:\/\/tourcruiser.com\/fr\/wp-json\/wp\/v2\/product_cat?post=760128"},{"taxonomy":"product_tag","embeddable":true,"href":"https:\/\/tourcruiser.com\/fr\/wp-json\/wp\/v2\/product_tag?post=760128"}],"curies":[{"name":"wp","href":"https:\/\/api.w.org\/{rel}","templated":true}]}}