{"id":760093,"date":"2026-04-16T17:08:37","date_gmt":"2026-04-16T10:08:37","guid":{"rendered":"http:\/\/tourcruiser.com\/product\/air-jordan-1-mid-milan-cv3044-100"},"modified":"2026-04-17T22:50:38","modified_gmt":"2026-04-17T15:50:38","slug":"air-jordan-1-mid-milan-cv3044-100","status":"publish","type":"product","link":"https:\/\/tourcruiser.com\/fr\/products\/air-jordan-1-mid-milan-cv3044-100\/","title":{"rendered":"Air Jordan 1 Mid &lsquo;Milan&rsquo; CV3044-100"},"content":{"rendered":"<p>La Air Jordan 1 Mid Milan de Jordan est une sneaker \u00e9l\u00e9gante dans une teinte beige unique. Inspir\u00e9e par la capitale de la mode, cette chaussure allie un look premium \u00e0 la silhouette iconique de la Air Jordan 1. Parfaite pour les passionn\u00e9s de sneakers et les fashionistas, la Air Jordan 1 Mid Milan est un incontournable de toute collection.<\/p>\n<p>Coloris : Voile\/Os clair\/Fleurs scintillantes<\/p>\n<p>Code article : CV3044-100<\/p>\n<p>Tige : Cuir<br \/>\nSemelle interm\u00e9diaire : Air<\/p>\n<p>Couleur : Blanc<\/p>\n<p>Cr\u00e9ateur : Peter Moore<\/p>\n<p>Saison : Hiver<\/p>\n<p>Ann\u00e9e de sortie : 2020<br \/>\n\u00c2ge : Adulte<br \/>\nCouleur : Blanc<br \/>\nGenre : Homme<\/p>\n","protected":false},"excerpt":{"rendered":"<p>La Air Jordan 1 Mid Milan de Jordan est une sneaker \u00e9l\u00e9gante dans une teinte beige unique. Inspir\u00e9e par la capitale de la mode, cette chaussure allie un look premium \u00e0 la silhouette iconique de la Air Jordan 1. Parfaite pour les passionn\u00e9s de sneakers et les fashionistas, la Air Jordan 1 Mid Milan est [&hellip;]<\/p>\n","protected":false},"featured_media":760094,"comment_status":"open","ping_status":"closed","template":"","meta":[],"product_brand":[],"product_cat":[38880],"product_tag":[10750,38841,38842,10776,11349,38875,38886,10756],"class_list":{"0":"post-760093","1":"product","2":"type-product","3":"status-publish","4":"has-post-thumbnail","6":"product_cat-jordan","7":"product_tag-athleisure-shoes","8":"product_tag-casual-shoes","9":"product_tag-gift-idea-for-him","10":"product_tag-jordan","11":"product_tag-jordan-basketball-shoes","12":"product_tag-jordan-skateboard-shoes","13":"product_tag-lifestyle-shoes-inspired-by-basketball","14":"product_tag-retro-casual-shoes","16":"first","17":"instock","18":"taxable","19":"shipping-taxable","20":"purchasable","21":"product-type-simple"},"wcpa_form_fields":null,"yoast_head":"<!-- This site is optimized with the Yoast SEO plugin v26.5 - https:\/\/yoast.com\/wordpress\/plugins\/seo\/ -->\n<title>Air Jordan 1 Mid &#039;Milan&#039; CV3044-100 - TOURCRUISER PTE. LTD<\/title>\n<meta name=\"robots\" content=\"index, follow, max-snippet:-1, max-image-preview:large, max-video-preview:-1\" \/>\n<link rel=\"canonical\" href=\"https:\/\/tourcruiser.com\/fr\/products\/air-jordan-1-mid-milan-cv3044-100\/\" \/>\n<meta property=\"og:locale\" content=\"fr_FR\" \/>\n<meta property=\"og:type\" content=\"article\" \/>\n<meta property=\"og:title\" content=\"Air Jordan 1 Mid &#039;Milan&#039; CV3044-100 - TOURCRUISER PTE. LTD\" \/>\n<meta property=\"og:description\" content=\"La Air Jordan 1 Mid Milan de Jordan est une sneaker \u00e9l\u00e9gante dans une teinte beige unique. Inspir\u00e9e par la capitale de la mode, cette chaussure allie un look premium \u00e0 la silhouette iconique de la Air Jordan 1. Parfaite pour les passionn\u00e9s de sneakers et les fashionistas, la Air Jordan 1 Mid Milan est [&hellip;]\" \/>\n<meta property=\"og:url\" content=\"https:\/\/tourcruiser.com\/fr\/products\/air-jordan-1-mid-milan-cv3044-100\/\" \/>\n<meta property=\"og:site_name\" content=\"Tourcruiser Sneaker Store\" \/>\n<meta property=\"article:modified_time\" content=\"2026-04-17T15:50:38+00:00\" \/>\n<meta name=\"twitter:card\" content=\"summary_large_image\" \/>\n<meta name=\"twitter:image\" content=\"https:\/\/images.novelship.com\/product\/air_jordan_1_mid__milan__cv3044_100_0_29758.jpeg;https:\/\/images.novelship.com\/product\/air_jordan_1_mid__milan__cv3044_100_1_29758.jpeg;https:\/\/images.novelship.com\/product\/air_jordan_1_mid__milan__cv3044_100_2_29758.jpeg;https:\/\/images.novelship.com\/product\/air_jordan_1_mid__milan__cv3044_100_3_29759.jpeg;https:\/\/images.novelship.com\/product\/air_jordan_1_mid__milan__cv3044_100_4_29759.jpeg;https:\/\/images.novelship.com\/product\/air_jordan_1_mid__milan__cv3044_100_5_29759.jpeg;https:\/\/images.novelship.com\/product\/air_jordan_1_mid__milan__cv3044_100_6_29759.jpeg;https:\/\/images.novelship.com\/product\/air_jordan_1_mid__milan__cv3044_100_7_29759.jpeg\" \/>\n<script type=\"application\/ld+json\" class=\"yoast-schema-graph\">{\"@context\":\"https:\/\/schema.org\",\"@graph\":[{\"@type\":\"WebPage\",\"@id\":\"https:\/\/tourcruiser.com\/fr\/products\/air-jordan-1-mid-milan-cv3044-100\/\",\"url\":\"https:\/\/tourcruiser.com\/fr\/products\/air-jordan-1-mid-milan-cv3044-100\/\",\"name\":\"Air Jordan 1 Mid 'Milan' CV3044-100 - TOURCRUISER PTE. LTD\",\"isPartOf\":{\"@id\":\"\/#website\"},\"primaryImageOfPage\":{\"@id\":\"https:\/\/tourcruiser.com\/fr\/products\/air-jordan-1-mid-milan-cv3044-100\/#primaryimage\"},\"image\":{\"@id\":\"https:\/\/tourcruiser.com\/fr\/products\/air-jordan-1-mid-milan-cv3044-100\/#primaryimage\"},\"thumbnailUrl\":\"https:\/\/images.novelship.com\/product\/air_jordan_1_mid__milan__cv3044_100_0_29758.jpeg;https:\/\/images.novelship.com\/product\/air_jordan_1_mid__milan__cv3044_100_1_29758.jpeg;https:\/\/images.novelship.com\/product\/air_jordan_1_mid__milan__cv3044_100_2_29758.jpeg;https:\/\/images.novelship.com\/product\/air_jordan_1_mid__milan__cv3044_100_3_29759.jpeg;https:\/\/images.novelship.com\/product\/air_jordan_1_mid__milan__cv3044_100_4_29759.jpeg;https:\/\/images.novelship.com\/product\/air_jordan_1_mid__milan__cv3044_100_5_29759.jpeg;https:\/\/images.novelship.com\/product\/air_jordan_1_mid__milan__cv3044_100_6_29759.jpeg;https:\/\/images.novelship.com\/product\/air_jordan_1_mid__milan__cv3044_100_7_29759.jpeg\",\"datePublished\":\"2026-04-16T10:08:37+00:00\",\"dateModified\":\"2026-04-17T15:50:38+00:00\",\"breadcrumb\":{\"@id\":\"https:\/\/tourcruiser.com\/fr\/products\/air-jordan-1-mid-milan-cv3044-100\/#breadcrumb\"},\"inLanguage\":\"fr-FR\",\"potentialAction\":[{\"@type\":\"ReadAction\",\"target\":[\"https:\/\/tourcruiser.com\/fr\/products\/air-jordan-1-mid-milan-cv3044-100\/\"]}]},{\"@type\":\"ImageObject\",\"inLanguage\":\"fr-FR\",\"@id\":\"https:\/\/tourcruiser.com\/fr\/products\/air-jordan-1-mid-milan-cv3044-100\/#primaryimage\",\"url\":\"https:\/\/images.novelship.com\/product\/air_jordan_1_mid__milan__cv3044_100_0_29758.jpeg;https:\/\/images.novelship.com\/product\/air_jordan_1_mid__milan__cv3044_100_1_29758.jpeg;https:\/\/images.novelship.com\/product\/air_jordan_1_mid__milan__cv3044_100_2_29758.jpeg;https:\/\/images.novelship.com\/product\/air_jordan_1_mid__milan__cv3044_100_3_29759.jpeg;https:\/\/images.novelship.com\/product\/air_jordan_1_mid__milan__cv3044_100_4_29759.jpeg;https:\/\/images.novelship.com\/product\/air_jordan_1_mid__milan__cv3044_100_5_29759.jpeg;https:\/\/images.novelship.com\/product\/air_jordan_1_mid__milan__cv3044_100_6_29759.jpeg;https:\/\/images.novelship.com\/product\/air_jordan_1_mid__milan__cv3044_100_7_29759.jpeg\",\"contentUrl\":\"https:\/\/images.novelship.com\/product\/air_jordan_1_mid__milan__cv3044_100_0_29758.jpeg;https:\/\/images.novelship.com\/product\/air_jordan_1_mid__milan__cv3044_100_1_29758.jpeg;https:\/\/images.novelship.com\/product\/air_jordan_1_mid__milan__cv3044_100_2_29758.jpeg;https:\/\/images.novelship.com\/product\/air_jordan_1_mid__milan__cv3044_100_3_29759.jpeg;https:\/\/images.novelship.com\/product\/air_jordan_1_mid__milan__cv3044_100_4_29759.jpeg;https:\/\/images.novelship.com\/product\/air_jordan_1_mid__milan__cv3044_100_5_29759.jpeg;https:\/\/images.novelship.com\/product\/air_jordan_1_mid__milan__cv3044_100_6_29759.jpeg;https:\/\/images.novelship.com\/product\/air_jordan_1_mid__milan__cv3044_100_7_29759.jpeg\"},{\"@type\":\"BreadcrumbList\",\"@id\":\"https:\/\/tourcruiser.com\/fr\/products\/air-jordan-1-mid-milan-cv3044-100\/#breadcrumb\",\"itemListElement\":[{\"@type\":\"ListItem\",\"position\":1,\"name\":\"Home\",\"item\":\"https:\/\/tourcruiser.com\/fr\/\"},{\"@type\":\"ListItem\",\"position\":2,\"name\":\"Shop\",\"item\":\"https:\/\/tourcruiser.com\/fr\/shop\/\"},{\"@type\":\"ListItem\",\"position\":3,\"name\":\"Air Jordan 1 Mid &#8216;Milan&#8217; CV3044-100\"}]},{\"@type\":\"WebSite\",\"@id\":\"\/#website\",\"url\":\"\/\",\"name\":\"Styloral Jewelry Shop\",\"description\":\"Tourcruiser Sneaker Store \u2014 L\u2019endroit o\u00f9 l\u2019univers rencontre votre singularit\u00e9.\",\"publisher\":{\"@id\":\"\/#organization\"},\"potentialAction\":[{\"@type\":\"SearchAction\",\"target\":{\"@type\":\"EntryPoint\",\"urlTemplate\":\"\/?s={search_term_string}\"},\"query-input\":{\"@type\":\"PropertyValueSpecification\",\"valueRequired\":true,\"valueName\":\"search_term_string\"}}],\"inLanguage\":\"fr-FR\"},{\"@type\":\"Organization\",\"@id\":\"\/#organization\",\"name\":\"STYLORAL PTE. LTD\",\"url\":\"\/\",\"logo\":{\"@type\":\"ImageObject\",\"inLanguage\":\"fr-FR\",\"@id\":\"\/#\/schema\/logo\/image\/\",\"url\":\"https:\/\/www.tourcruiser.com\/wp-content\/uploads\/2025\/12\/logo.png\",\"contentUrl\":\"https:\/\/www.tourcruiser.com\/wp-content\/uploads\/2025\/12\/logo.png\",\"width\":200,\"height\":65,\"caption\":\"STYLORAL PTE. LTD\"},\"image\":{\"@id\":\"\/#\/schema\/logo\/image\/\"}}]}<\/script>\n<!-- \/ Yoast SEO plugin. -->","yoast_head_json":{"title":"Air Jordan 1 Mid 'Milan' CV3044-100 - TOURCRUISER PTE. LTD","robots":{"index":"index","follow":"follow","max-snippet":"max-snippet:-1","max-image-preview":"max-image-preview:large","max-video-preview":"max-video-preview:-1"},"canonical":"https:\/\/tourcruiser.com\/fr\/products\/air-jordan-1-mid-milan-cv3044-100\/","og_locale":"fr_FR","og_type":"article","og_title":"Air Jordan 1 Mid 'Milan' CV3044-100 - TOURCRUISER PTE. LTD","og_description":"La Air Jordan 1 Mid Milan de Jordan est une sneaker \u00e9l\u00e9gante dans une teinte beige unique. Inspir\u00e9e par la capitale de la mode, cette chaussure allie un look premium \u00e0 la silhouette iconique de la Air Jordan 1. Parfaite pour les passionn\u00e9s de sneakers et les fashionistas, la Air Jordan 1 Mid Milan est [&hellip;]","og_url":"https:\/\/tourcruiser.com\/fr\/products\/air-jordan-1-mid-milan-cv3044-100\/","og_site_name":"Tourcruiser Sneaker Store","article_modified_time":"2026-04-17T15:50:38+00:00","twitter_card":"summary_large_image","twitter_image":"https:\/\/images.novelship.com\/product\/air_jordan_1_mid__milan__cv3044_100_0_29758.jpeg;https:\/\/images.novelship.com\/product\/air_jordan_1_mid__milan__cv3044_100_1_29758.jpeg;https:\/\/images.novelship.com\/product\/air_jordan_1_mid__milan__cv3044_100_2_29758.jpeg;https:\/\/images.novelship.com\/product\/air_jordan_1_mid__milan__cv3044_100_3_29759.jpeg;https:\/\/images.novelship.com\/product\/air_jordan_1_mid__milan__cv3044_100_4_29759.jpeg;https:\/\/images.novelship.com\/product\/air_jordan_1_mid__milan__cv3044_100_5_29759.jpeg;https:\/\/images.novelship.com\/product\/air_jordan_1_mid__milan__cv3044_100_6_29759.jpeg;https:\/\/images.novelship.com\/product\/air_jordan_1_mid__milan__cv3044_100_7_29759.jpeg","schema":{"@context":"https:\/\/schema.org","@graph":[{"@type":"WebPage","@id":"https:\/\/tourcruiser.com\/fr\/products\/air-jordan-1-mid-milan-cv3044-100\/","url":"https:\/\/tourcruiser.com\/fr\/products\/air-jordan-1-mid-milan-cv3044-100\/","name":"Air Jordan 1 Mid 'Milan' CV3044-100 - TOURCRUISER PTE. LTD","isPartOf":{"@id":"\/#website"},"primaryImageOfPage":{"@id":"https:\/\/tourcruiser.com\/fr\/products\/air-jordan-1-mid-milan-cv3044-100\/#primaryimage"},"image":{"@id":"https:\/\/tourcruiser.com\/fr\/products\/air-jordan-1-mid-milan-cv3044-100\/#primaryimage"},"thumbnailUrl":"https:\/\/images.novelship.com\/product\/air_jordan_1_mid__milan__cv3044_100_0_29758.jpeg;https:\/\/images.novelship.com\/product\/air_jordan_1_mid__milan__cv3044_100_1_29758.jpeg;https:\/\/images.novelship.com\/product\/air_jordan_1_mid__milan__cv3044_100_2_29758.jpeg;https:\/\/images.novelship.com\/product\/air_jordan_1_mid__milan__cv3044_100_3_29759.jpeg;https:\/\/images.novelship.com\/product\/air_jordan_1_mid__milan__cv3044_100_4_29759.jpeg;https:\/\/images.novelship.com\/product\/air_jordan_1_mid__milan__cv3044_100_5_29759.jpeg;https:\/\/images.novelship.com\/product\/air_jordan_1_mid__milan__cv3044_100_6_29759.jpeg;https:\/\/images.novelship.com\/product\/air_jordan_1_mid__milan__cv3044_100_7_29759.jpeg","datePublished":"2026-04-16T10:08:37+00:00","dateModified":"2026-04-17T15:50:38+00:00","breadcrumb":{"@id":"https:\/\/tourcruiser.com\/fr\/products\/air-jordan-1-mid-milan-cv3044-100\/#breadcrumb"},"inLanguage":"fr-FR","potentialAction":[{"@type":"ReadAction","target":["https:\/\/tourcruiser.com\/fr\/products\/air-jordan-1-mid-milan-cv3044-100\/"]}]},{"@type":"ImageObject","inLanguage":"fr-FR","@id":"https:\/\/tourcruiser.com\/fr\/products\/air-jordan-1-mid-milan-cv3044-100\/#primaryimage","url":"https:\/\/images.novelship.com\/product\/air_jordan_1_mid__milan__cv3044_100_0_29758.jpeg;https:\/\/images.novelship.com\/product\/air_jordan_1_mid__milan__cv3044_100_1_29758.jpeg;https:\/\/images.novelship.com\/product\/air_jordan_1_mid__milan__cv3044_100_2_29758.jpeg;https:\/\/images.novelship.com\/product\/air_jordan_1_mid__milan__cv3044_100_3_29759.jpeg;https:\/\/images.novelship.com\/product\/air_jordan_1_mid__milan__cv3044_100_4_29759.jpeg;https:\/\/images.novelship.com\/product\/air_jordan_1_mid__milan__cv3044_100_5_29759.jpeg;https:\/\/images.novelship.com\/product\/air_jordan_1_mid__milan__cv3044_100_6_29759.jpeg;https:\/\/images.novelship.com\/product\/air_jordan_1_mid__milan__cv3044_100_7_29759.jpeg","contentUrl":"https:\/\/images.novelship.com\/product\/air_jordan_1_mid__milan__cv3044_100_0_29758.jpeg;https:\/\/images.novelship.com\/product\/air_jordan_1_mid__milan__cv3044_100_1_29758.jpeg;https:\/\/images.novelship.com\/product\/air_jordan_1_mid__milan__cv3044_100_2_29758.jpeg;https:\/\/images.novelship.com\/product\/air_jordan_1_mid__milan__cv3044_100_3_29759.jpeg;https:\/\/images.novelship.com\/product\/air_jordan_1_mid__milan__cv3044_100_4_29759.jpeg;https:\/\/images.novelship.com\/product\/air_jordan_1_mid__milan__cv3044_100_5_29759.jpeg;https:\/\/images.novelship.com\/product\/air_jordan_1_mid__milan__cv3044_100_6_29759.jpeg;https:\/\/images.novelship.com\/product\/air_jordan_1_mid__milan__cv3044_100_7_29759.jpeg"},{"@type":"BreadcrumbList","@id":"https:\/\/tourcruiser.com\/fr\/products\/air-jordan-1-mid-milan-cv3044-100\/#breadcrumb","itemListElement":[{"@type":"ListItem","position":1,"name":"Home","item":"https:\/\/tourcruiser.com\/fr\/"},{"@type":"ListItem","position":2,"name":"Shop","item":"https:\/\/tourcruiser.com\/fr\/shop\/"},{"@type":"ListItem","position":3,"name":"Air Jordan 1 Mid &#8216;Milan&#8217; CV3044-100"}]},{"@type":"WebSite","@id":"\/#website","url":"\/","name":"Styloral Jewelry Shop","description":"Tourcruiser Sneaker Store \u2014 L\u2019endroit o\u00f9 l\u2019univers rencontre votre singularit\u00e9.","publisher":{"@id":"\/#organization"},"potentialAction":[{"@type":"SearchAction","target":{"@type":"EntryPoint","urlTemplate":"\/?s={search_term_string}"},"query-input":{"@type":"PropertyValueSpecification","valueRequired":true,"valueName":"search_term_string"}}],"inLanguage":"fr-FR"},{"@type":"Organization","@id":"\/#organization","name":"STYLORAL PTE. LTD","url":"\/","logo":{"@type":"ImageObject","inLanguage":"fr-FR","@id":"\/#\/schema\/logo\/image\/","url":"https:\/\/www.tourcruiser.com\/wp-content\/uploads\/2025\/12\/logo.png","contentUrl":"https:\/\/www.tourcruiser.com\/wp-content\/uploads\/2025\/12\/logo.png","width":200,"height":65,"caption":"STYLORAL PTE. LTD"},"image":{"@id":"\/#\/schema\/logo\/image\/"}}]}},"_links":{"self":[{"href":"https:\/\/tourcruiser.com\/fr\/wp-json\/wp\/v2\/product\/760093","targetHints":{"allow":["GET"]}}],"collection":[{"href":"https:\/\/tourcruiser.com\/fr\/wp-json\/wp\/v2\/product"}],"about":[{"href":"https:\/\/tourcruiser.com\/fr\/wp-json\/wp\/v2\/types\/product"}],"replies":[{"embeddable":true,"href":"https:\/\/tourcruiser.com\/fr\/wp-json\/wp\/v2\/comments?post=760093"}],"wp:featuredmedia":[{"embeddable":true,"href":"https:\/\/tourcruiser.com\/fr\/wp-json\/wp\/v2\/media\/760094"}],"wp:attachment":[{"href":"https:\/\/tourcruiser.com\/fr\/wp-json\/wp\/v2\/media?parent=760093"}],"wp:term":[{"taxonomy":"product_brand","embeddable":true,"href":"https:\/\/tourcruiser.com\/fr\/wp-json\/wp\/v2\/product_brand?post=760093"},{"taxonomy":"product_cat","embeddable":true,"href":"https:\/\/tourcruiser.com\/fr\/wp-json\/wp\/v2\/product_cat?post=760093"},{"taxonomy":"product_tag","embeddable":true,"href":"https:\/\/tourcruiser.com\/fr\/wp-json\/wp\/v2\/product_tag?post=760093"}],"curies":[{"name":"wp","href":"https:\/\/api.w.org\/{rel}","templated":true}]}}