{"id":760092,"date":"2026-04-16T17:08:37","date_gmt":"2026-04-16T10:08:37","guid":{"rendered":"http:\/\/tourcruiser.com\/product\/grade-school-air-jordan-1-low-pine-green-553560-301"},"modified":"2026-04-17T22:50:37","modified_gmt":"2026-04-17T15:50:37","slug":"grade-school-air-jordan-1-low-pine-green-553560-301","status":"publish","type":"product","link":"https:\/\/tourcruiser.com\/fr\/products\/grade-school-air-jordan-1-low-pine-green-553560-301\/","title":{"rendered":"(Grade School) Air Jordan 1 Low &lsquo;Pine Green&rsquo; 553560-301"},"content":{"rendered":"<p>Avec les sneakers Air Jordan 1 Low Pine Green (GS) de Jordan, vous serez parfaitement \u00e9quip\u00e9 pour vos performances. Ces chaussures tendance d&rsquo;un vert \u00e9clatant apporteront une touche d&rsquo;originalit\u00e9 \u00e0 toutes vos tenues. Con\u00e7ues sp\u00e9cialement pour les jeunes athl\u00e8tes et les passionn\u00e9s de sneakers, elles sont un incontournable. Ne ratez pas ces baskets styl\u00e9es\u00a0!<\/p>\n<p>Coloris\u00a0: Vert pin\/Blanc-Noir<\/p>\n<p>Code article\u00a0: 553560-301<\/p>\n<p>Tige\u00a0: Cuir<\/p>\n<p>Semelle interm\u00e9diaire\u00a0: Air<\/p>\n<p>Couleur\u00a0: Vert<\/p>\n<p>Designer\u00a0: Peter Moore<\/p>\n<p>Saison\u00a0: Hiver<\/p>\n<p>Ann\u00e9e de sortie\u00a0: 2020<\/p>\n<p>\u00c2ge\u00a0: Adulte<\/p>\n<p>Couleur\u00a0: Vert<\/p>\n<p>Genre\u00a0: Jeune<\/p>\n","protected":false},"excerpt":{"rendered":"<p>Avec les sneakers Air Jordan 1 Low Pine Green (GS) de Jordan, vous serez parfaitement \u00e9quip\u00e9 pour vos performances. Ces chaussures tendance d&rsquo;un vert \u00e9clatant apporteront une touche d&rsquo;originalit\u00e9 \u00e0 toutes vos tenues. Con\u00e7ues sp\u00e9cialement pour les jeunes athl\u00e8tes et les passionn\u00e9s de sneakers, elles sont un incontournable. Ne ratez pas ces baskets styl\u00e9es\u00a0! Coloris\u00a0: [&hellip;]<\/p>\n","protected":false},"featured_media":760095,"comment_status":"open","ping_status":"closed","template":"","meta":[],"product_brand":[],"product_cat":[38880],"product_tag":[10750,10800,38841,39257,38874,10776,11349,38875,10756,38902],"class_list":{"0":"post-760092","1":"product","2":"type-product","3":"status-publish","4":"has-post-thumbnail","6":"product_cat-jordan","7":"product_tag-athleisure-shoes","8":"product_tag-basketball-shoes","9":"product_tag-casual-shoes","10":"product_tag-casual-shoes-inspired-by-basketball","11":"product_tag-hari-raya-gs","12":"product_tag-jordan","13":"product_tag-jordan-basketball-shoes","14":"product_tag-jordan-skateboard-shoes","15":"product_tag-retro-casual-shoes","16":"product_tag-trendy-offers","18":"first","19":"instock","20":"taxable","21":"shipping-taxable","22":"purchasable","23":"product-type-simple"},"wcpa_form_fields":null,"yoast_head":"<!-- This site is optimized with the Yoast SEO plugin v26.5 - https:\/\/yoast.com\/wordpress\/plugins\/seo\/ -->\n<title>(Grade School) Air Jordan 1 Low &#039;Pine Green&#039; 553560-301 - TOURCRUISER PTE. LTD<\/title>\n<meta name=\"robots\" content=\"index, follow, max-snippet:-1, max-image-preview:large, max-video-preview:-1\" \/>\n<link rel=\"canonical\" href=\"https:\/\/tourcruiser.com\/fr\/products\/grade-school-air-jordan-1-low-pine-green-553560-301\/\" \/>\n<meta property=\"og:locale\" content=\"fr_FR\" \/>\n<meta property=\"og:type\" content=\"article\" \/>\n<meta property=\"og:title\" content=\"(Grade School) Air Jordan 1 Low &#039;Pine Green&#039; 553560-301 - TOURCRUISER PTE. LTD\" \/>\n<meta property=\"og:description\" content=\"Avec les sneakers Air Jordan 1 Low Pine Green (GS) de Jordan, vous serez parfaitement \u00e9quip\u00e9 pour vos performances. Ces chaussures tendance d&rsquo;un vert \u00e9clatant apporteront une touche d&rsquo;originalit\u00e9 \u00e0 toutes vos tenues. Con\u00e7ues sp\u00e9cialement pour les jeunes athl\u00e8tes et les passionn\u00e9s de sneakers, elles sont un incontournable. Ne ratez pas ces baskets styl\u00e9es\u00a0! Coloris\u00a0: [&hellip;]\" \/>\n<meta property=\"og:url\" content=\"https:\/\/tourcruiser.com\/fr\/products\/grade-school-air-jordan-1-low-pine-green-553560-301\/\" \/>\n<meta property=\"og:site_name\" content=\"Tourcruiser Sneaker Store\" \/>\n<meta property=\"article:modified_time\" content=\"2026-04-17T15:50:37+00:00\" \/>\n<meta name=\"twitter:card\" content=\"summary_large_image\" \/>\n<meta name=\"twitter:image\" content=\"https:\/\/images.novelship.com\/product\/_grade_school__air_jordan_1_low__pine_green__55356_0_23211.jpeg;https:\/\/images.novelship.com\/product\/_grade_school__air_jordan_1_low__pine_green__55356_1_23211.jpeg;https:\/\/images.novelship.com\/product\/_grade_school__air_jordan_1_low__pine_green__55356_2_23211.jpeg;https:\/\/images.novelship.com\/product\/_grade_school__air_jordan_1_low__pine_green__55356_3_23211.jpeg;https:\/\/images.novelship.com\/product\/_grade_school__air_jordan_1_low__pine_green__55356_4_23211.jpeg;https:\/\/images.novelship.com\/product\/_grade_school__air_jordan_1_low__pine_green__55356_5_23211.jpeg;https:\/\/images.novelship.com\/product\/_grade_school__air_jordan_1_low__pine_green__55356_6_23211.jpeg;https:\/\/images.novelship.com\/product\/_grade_school__air_jordan_1_low__pine_green__55356_7_23211.jpeg\" \/>\n<script type=\"application\/ld+json\" class=\"yoast-schema-graph\">{\"@context\":\"https:\/\/schema.org\",\"@graph\":[{\"@type\":\"WebPage\",\"@id\":\"https:\/\/tourcruiser.com\/fr\/products\/grade-school-air-jordan-1-low-pine-green-553560-301\/\",\"url\":\"https:\/\/tourcruiser.com\/fr\/products\/grade-school-air-jordan-1-low-pine-green-553560-301\/\",\"name\":\"(Grade School) Air Jordan 1 Low 'Pine Green' 553560-301 - TOURCRUISER PTE. LTD\",\"isPartOf\":{\"@id\":\"\/#website\"},\"primaryImageOfPage\":{\"@id\":\"https:\/\/tourcruiser.com\/fr\/products\/grade-school-air-jordan-1-low-pine-green-553560-301\/#primaryimage\"},\"image\":{\"@id\":\"https:\/\/tourcruiser.com\/fr\/products\/grade-school-air-jordan-1-low-pine-green-553560-301\/#primaryimage\"},\"thumbnailUrl\":\"https:\/\/images.novelship.com\/product\/_grade_school__air_jordan_1_low__pine_green__55356_0_23211.jpeg;https:\/\/images.novelship.com\/product\/_grade_school__air_jordan_1_low__pine_green__55356_1_23211.jpeg;https:\/\/images.novelship.com\/product\/_grade_school__air_jordan_1_low__pine_green__55356_2_23211.jpeg;https:\/\/images.novelship.com\/product\/_grade_school__air_jordan_1_low__pine_green__55356_3_23211.jpeg;https:\/\/images.novelship.com\/product\/_grade_school__air_jordan_1_low__pine_green__55356_4_23211.jpeg;https:\/\/images.novelship.com\/product\/_grade_school__air_jordan_1_low__pine_green__55356_5_23211.jpeg;https:\/\/images.novelship.com\/product\/_grade_school__air_jordan_1_low__pine_green__55356_6_23211.jpeg;https:\/\/images.novelship.com\/product\/_grade_school__air_jordan_1_low__pine_green__55356_7_23211.jpeg\",\"datePublished\":\"2026-04-16T10:08:37+00:00\",\"dateModified\":\"2026-04-17T15:50:37+00:00\",\"breadcrumb\":{\"@id\":\"https:\/\/tourcruiser.com\/fr\/products\/grade-school-air-jordan-1-low-pine-green-553560-301\/#breadcrumb\"},\"inLanguage\":\"fr-FR\",\"potentialAction\":[{\"@type\":\"ReadAction\",\"target\":[\"https:\/\/tourcruiser.com\/fr\/products\/grade-school-air-jordan-1-low-pine-green-553560-301\/\"]}]},{\"@type\":\"ImageObject\",\"inLanguage\":\"fr-FR\",\"@id\":\"https:\/\/tourcruiser.com\/fr\/products\/grade-school-air-jordan-1-low-pine-green-553560-301\/#primaryimage\",\"url\":\"https:\/\/images.novelship.com\/product\/_grade_school__air_jordan_1_low__pine_green__55356_0_23211.jpeg;https:\/\/images.novelship.com\/product\/_grade_school__air_jordan_1_low__pine_green__55356_1_23211.jpeg;https:\/\/images.novelship.com\/product\/_grade_school__air_jordan_1_low__pine_green__55356_2_23211.jpeg;https:\/\/images.novelship.com\/product\/_grade_school__air_jordan_1_low__pine_green__55356_3_23211.jpeg;https:\/\/images.novelship.com\/product\/_grade_school__air_jordan_1_low__pine_green__55356_4_23211.jpeg;https:\/\/images.novelship.com\/product\/_grade_school__air_jordan_1_low__pine_green__55356_5_23211.jpeg;https:\/\/images.novelship.com\/product\/_grade_school__air_jordan_1_low__pine_green__55356_6_23211.jpeg;https:\/\/images.novelship.com\/product\/_grade_school__air_jordan_1_low__pine_green__55356_7_23211.jpeg\",\"contentUrl\":\"https:\/\/images.novelship.com\/product\/_grade_school__air_jordan_1_low__pine_green__55356_0_23211.jpeg;https:\/\/images.novelship.com\/product\/_grade_school__air_jordan_1_low__pine_green__55356_1_23211.jpeg;https:\/\/images.novelship.com\/product\/_grade_school__air_jordan_1_low__pine_green__55356_2_23211.jpeg;https:\/\/images.novelship.com\/product\/_grade_school__air_jordan_1_low__pine_green__55356_3_23211.jpeg;https:\/\/images.novelship.com\/product\/_grade_school__air_jordan_1_low__pine_green__55356_4_23211.jpeg;https:\/\/images.novelship.com\/product\/_grade_school__air_jordan_1_low__pine_green__55356_5_23211.jpeg;https:\/\/images.novelship.com\/product\/_grade_school__air_jordan_1_low__pine_green__55356_6_23211.jpeg;https:\/\/images.novelship.com\/product\/_grade_school__air_jordan_1_low__pine_green__55356_7_23211.jpeg\"},{\"@type\":\"BreadcrumbList\",\"@id\":\"https:\/\/tourcruiser.com\/fr\/products\/grade-school-air-jordan-1-low-pine-green-553560-301\/#breadcrumb\",\"itemListElement\":[{\"@type\":\"ListItem\",\"position\":1,\"name\":\"Home\",\"item\":\"https:\/\/tourcruiser.com\/fr\/\"},{\"@type\":\"ListItem\",\"position\":2,\"name\":\"Shop\",\"item\":\"https:\/\/tourcruiser.com\/fr\/shop\/\"},{\"@type\":\"ListItem\",\"position\":3,\"name\":\"(Grade School) Air Jordan 1 Low &#8216;Pine Green&#8217; 553560-301\"}]},{\"@type\":\"WebSite\",\"@id\":\"\/#website\",\"url\":\"\/\",\"name\":\"Styloral Jewelry Shop\",\"description\":\"Tourcruiser Sneaker Store \u2014 L\u2019endroit o\u00f9 l\u2019univers rencontre votre singularit\u00e9.\",\"publisher\":{\"@id\":\"\/#organization\"},\"potentialAction\":[{\"@type\":\"SearchAction\",\"target\":{\"@type\":\"EntryPoint\",\"urlTemplate\":\"\/?s={search_term_string}\"},\"query-input\":{\"@type\":\"PropertyValueSpecification\",\"valueRequired\":true,\"valueName\":\"search_term_string\"}}],\"inLanguage\":\"fr-FR\"},{\"@type\":\"Organization\",\"@id\":\"\/#organization\",\"name\":\"STYLORAL PTE. LTD\",\"url\":\"\/\",\"logo\":{\"@type\":\"ImageObject\",\"inLanguage\":\"fr-FR\",\"@id\":\"\/#\/schema\/logo\/image\/\",\"url\":\"https:\/\/www.tourcruiser.com\/wp-content\/uploads\/2025\/12\/logo.png\",\"contentUrl\":\"https:\/\/www.tourcruiser.com\/wp-content\/uploads\/2025\/12\/logo.png\",\"width\":200,\"height\":65,\"caption\":\"STYLORAL PTE. LTD\"},\"image\":{\"@id\":\"\/#\/schema\/logo\/image\/\"}}]}<\/script>\n<!-- \/ Yoast SEO plugin. -->","yoast_head_json":{"title":"(Grade School) Air Jordan 1 Low 'Pine Green' 553560-301 - TOURCRUISER PTE. LTD","robots":{"index":"index","follow":"follow","max-snippet":"max-snippet:-1","max-image-preview":"max-image-preview:large","max-video-preview":"max-video-preview:-1"},"canonical":"https:\/\/tourcruiser.com\/fr\/products\/grade-school-air-jordan-1-low-pine-green-553560-301\/","og_locale":"fr_FR","og_type":"article","og_title":"(Grade School) Air Jordan 1 Low 'Pine Green' 553560-301 - TOURCRUISER PTE. LTD","og_description":"Avec les sneakers Air Jordan 1 Low Pine Green (GS) de Jordan, vous serez parfaitement \u00e9quip\u00e9 pour vos performances. Ces chaussures tendance d&rsquo;un vert \u00e9clatant apporteront une touche d&rsquo;originalit\u00e9 \u00e0 toutes vos tenues. Con\u00e7ues sp\u00e9cialement pour les jeunes athl\u00e8tes et les passionn\u00e9s de sneakers, elles sont un incontournable. Ne ratez pas ces baskets styl\u00e9es\u00a0! Coloris\u00a0: [&hellip;]","og_url":"https:\/\/tourcruiser.com\/fr\/products\/grade-school-air-jordan-1-low-pine-green-553560-301\/","og_site_name":"Tourcruiser Sneaker Store","article_modified_time":"2026-04-17T15:50:37+00:00","twitter_card":"summary_large_image","twitter_image":"https:\/\/images.novelship.com\/product\/_grade_school__air_jordan_1_low__pine_green__55356_0_23211.jpeg;https:\/\/images.novelship.com\/product\/_grade_school__air_jordan_1_low__pine_green__55356_1_23211.jpeg;https:\/\/images.novelship.com\/product\/_grade_school__air_jordan_1_low__pine_green__55356_2_23211.jpeg;https:\/\/images.novelship.com\/product\/_grade_school__air_jordan_1_low__pine_green__55356_3_23211.jpeg;https:\/\/images.novelship.com\/product\/_grade_school__air_jordan_1_low__pine_green__55356_4_23211.jpeg;https:\/\/images.novelship.com\/product\/_grade_school__air_jordan_1_low__pine_green__55356_5_23211.jpeg;https:\/\/images.novelship.com\/product\/_grade_school__air_jordan_1_low__pine_green__55356_6_23211.jpeg;https:\/\/images.novelship.com\/product\/_grade_school__air_jordan_1_low__pine_green__55356_7_23211.jpeg","schema":{"@context":"https:\/\/schema.org","@graph":[{"@type":"WebPage","@id":"https:\/\/tourcruiser.com\/fr\/products\/grade-school-air-jordan-1-low-pine-green-553560-301\/","url":"https:\/\/tourcruiser.com\/fr\/products\/grade-school-air-jordan-1-low-pine-green-553560-301\/","name":"(Grade School) Air Jordan 1 Low 'Pine Green' 553560-301 - TOURCRUISER PTE. LTD","isPartOf":{"@id":"\/#website"},"primaryImageOfPage":{"@id":"https:\/\/tourcruiser.com\/fr\/products\/grade-school-air-jordan-1-low-pine-green-553560-301\/#primaryimage"},"image":{"@id":"https:\/\/tourcruiser.com\/fr\/products\/grade-school-air-jordan-1-low-pine-green-553560-301\/#primaryimage"},"thumbnailUrl":"https:\/\/images.novelship.com\/product\/_grade_school__air_jordan_1_low__pine_green__55356_0_23211.jpeg;https:\/\/images.novelship.com\/product\/_grade_school__air_jordan_1_low__pine_green__55356_1_23211.jpeg;https:\/\/images.novelship.com\/product\/_grade_school__air_jordan_1_low__pine_green__55356_2_23211.jpeg;https:\/\/images.novelship.com\/product\/_grade_school__air_jordan_1_low__pine_green__55356_3_23211.jpeg;https:\/\/images.novelship.com\/product\/_grade_school__air_jordan_1_low__pine_green__55356_4_23211.jpeg;https:\/\/images.novelship.com\/product\/_grade_school__air_jordan_1_low__pine_green__55356_5_23211.jpeg;https:\/\/images.novelship.com\/product\/_grade_school__air_jordan_1_low__pine_green__55356_6_23211.jpeg;https:\/\/images.novelship.com\/product\/_grade_school__air_jordan_1_low__pine_green__55356_7_23211.jpeg","datePublished":"2026-04-16T10:08:37+00:00","dateModified":"2026-04-17T15:50:37+00:00","breadcrumb":{"@id":"https:\/\/tourcruiser.com\/fr\/products\/grade-school-air-jordan-1-low-pine-green-553560-301\/#breadcrumb"},"inLanguage":"fr-FR","potentialAction":[{"@type":"ReadAction","target":["https:\/\/tourcruiser.com\/fr\/products\/grade-school-air-jordan-1-low-pine-green-553560-301\/"]}]},{"@type":"ImageObject","inLanguage":"fr-FR","@id":"https:\/\/tourcruiser.com\/fr\/products\/grade-school-air-jordan-1-low-pine-green-553560-301\/#primaryimage","url":"https:\/\/images.novelship.com\/product\/_grade_school__air_jordan_1_low__pine_green__55356_0_23211.jpeg;https:\/\/images.novelship.com\/product\/_grade_school__air_jordan_1_low__pine_green__55356_1_23211.jpeg;https:\/\/images.novelship.com\/product\/_grade_school__air_jordan_1_low__pine_green__55356_2_23211.jpeg;https:\/\/images.novelship.com\/product\/_grade_school__air_jordan_1_low__pine_green__55356_3_23211.jpeg;https:\/\/images.novelship.com\/product\/_grade_school__air_jordan_1_low__pine_green__55356_4_23211.jpeg;https:\/\/images.novelship.com\/product\/_grade_school__air_jordan_1_low__pine_green__55356_5_23211.jpeg;https:\/\/images.novelship.com\/product\/_grade_school__air_jordan_1_low__pine_green__55356_6_23211.jpeg;https:\/\/images.novelship.com\/product\/_grade_school__air_jordan_1_low__pine_green__55356_7_23211.jpeg","contentUrl":"https:\/\/images.novelship.com\/product\/_grade_school__air_jordan_1_low__pine_green__55356_0_23211.jpeg;https:\/\/images.novelship.com\/product\/_grade_school__air_jordan_1_low__pine_green__55356_1_23211.jpeg;https:\/\/images.novelship.com\/product\/_grade_school__air_jordan_1_low__pine_green__55356_2_23211.jpeg;https:\/\/images.novelship.com\/product\/_grade_school__air_jordan_1_low__pine_green__55356_3_23211.jpeg;https:\/\/images.novelship.com\/product\/_grade_school__air_jordan_1_low__pine_green__55356_4_23211.jpeg;https:\/\/images.novelship.com\/product\/_grade_school__air_jordan_1_low__pine_green__55356_5_23211.jpeg;https:\/\/images.novelship.com\/product\/_grade_school__air_jordan_1_low__pine_green__55356_6_23211.jpeg;https:\/\/images.novelship.com\/product\/_grade_school__air_jordan_1_low__pine_green__55356_7_23211.jpeg"},{"@type":"BreadcrumbList","@id":"https:\/\/tourcruiser.com\/fr\/products\/grade-school-air-jordan-1-low-pine-green-553560-301\/#breadcrumb","itemListElement":[{"@type":"ListItem","position":1,"name":"Home","item":"https:\/\/tourcruiser.com\/fr\/"},{"@type":"ListItem","position":2,"name":"Shop","item":"https:\/\/tourcruiser.com\/fr\/shop\/"},{"@type":"ListItem","position":3,"name":"(Grade School) Air Jordan 1 Low &#8216;Pine Green&#8217; 553560-301"}]},{"@type":"WebSite","@id":"\/#website","url":"\/","name":"Styloral Jewelry Shop","description":"Tourcruiser Sneaker Store \u2014 L\u2019endroit o\u00f9 l\u2019univers rencontre votre singularit\u00e9.","publisher":{"@id":"\/#organization"},"potentialAction":[{"@type":"SearchAction","target":{"@type":"EntryPoint","urlTemplate":"\/?s={search_term_string}"},"query-input":{"@type":"PropertyValueSpecification","valueRequired":true,"valueName":"search_term_string"}}],"inLanguage":"fr-FR"},{"@type":"Organization","@id":"\/#organization","name":"STYLORAL PTE. LTD","url":"\/","logo":{"@type":"ImageObject","inLanguage":"fr-FR","@id":"\/#\/schema\/logo\/image\/","url":"https:\/\/www.tourcruiser.com\/wp-content\/uploads\/2025\/12\/logo.png","contentUrl":"https:\/\/www.tourcruiser.com\/wp-content\/uploads\/2025\/12\/logo.png","width":200,"height":65,"caption":"STYLORAL PTE. LTD"},"image":{"@id":"\/#\/schema\/logo\/image\/"}}]}},"_links":{"self":[{"href":"https:\/\/tourcruiser.com\/fr\/wp-json\/wp\/v2\/product\/760092","targetHints":{"allow":["GET"]}}],"collection":[{"href":"https:\/\/tourcruiser.com\/fr\/wp-json\/wp\/v2\/product"}],"about":[{"href":"https:\/\/tourcruiser.com\/fr\/wp-json\/wp\/v2\/types\/product"}],"replies":[{"embeddable":true,"href":"https:\/\/tourcruiser.com\/fr\/wp-json\/wp\/v2\/comments?post=760092"}],"wp:featuredmedia":[{"embeddable":true,"href":"https:\/\/tourcruiser.com\/fr\/wp-json\/wp\/v2\/media\/760095"}],"wp:attachment":[{"href":"https:\/\/tourcruiser.com\/fr\/wp-json\/wp\/v2\/media?parent=760092"}],"wp:term":[{"taxonomy":"product_brand","embeddable":true,"href":"https:\/\/tourcruiser.com\/fr\/wp-json\/wp\/v2\/product_brand?post=760092"},{"taxonomy":"product_cat","embeddable":true,"href":"https:\/\/tourcruiser.com\/fr\/wp-json\/wp\/v2\/product_cat?post=760092"},{"taxonomy":"product_tag","embeddable":true,"href":"https:\/\/tourcruiser.com\/fr\/wp-json\/wp\/v2\/product_tag?post=760092"}],"curies":[{"name":"wp","href":"https:\/\/api.w.org\/{rel}","templated":true}]}}