{"id":760083,"date":"2026-04-16T17:08:36","date_gmt":"2026-04-16T10:08:36","guid":{"rendered":"http:\/\/tourcruiser.com\/product\/women-air-jordan-1-mid-digital-pink-cw5379-600"},"modified":"2026-04-17T22:50:36","modified_gmt":"2026-04-17T15:50:36","slug":"women-air-jordan-1-mid-digital-pink-cw5379-600","status":"publish","type":"product","link":"https:\/\/tourcruiser.com\/fr\/products\/women-air-jordan-1-mid-digital-pink-cw5379-600\/","title":{"rendered":"(Women) Air Jordan 1 Mid &lsquo;Digital Pink&rsquo; CW5379-600"},"content":{"rendered":"<p>La Air Jordan 1 Mid Digital Pink (WMNS) de Jordan est une chaussure tendance et \u00e9l\u00e9gante pour femme. Avec sa couleur rose \u00e9clatante, cette sneaker est id\u00e9ale pour apporter une touche de couleur \u00e0 toutes vos tenues. Fabriqu\u00e9e \u00e0 partir de mat\u00e9riaux haut de gamme, elle offre \u00e0 la fois durabilit\u00e9 et confort. Que ce soit pour une s\u00e9ance de sport ou une sortie entre amis, la Air Jordan 1 Mid Digital Pink est un incontournable de votre collection de chaussures.<\/p>\n<p>Coloris\u00a0: Digital Pink\/Blanc-Rose Mousse-Sail<\/p>\n<p>Code article\u00a0: CW5379-600<\/p>\n<p>Tige\u00a0: Daim<\/p>\n<p>Semelle interm\u00e9diaire\u00a0: Air<\/p>\n<p>Couleur\u00a0: Rose<\/p>\n<p>Cr\u00e9ateur\u00a0: Peter Moore<\/p>\n<p>Saison\u00a0: \u00c9t\u00e9<\/p>\n<p>Ann\u00e9e de sortie\u00a0: 2020<\/p>\n<p>\u00c2ge\u00a0: Adulte<br \/>\nCouleur\u00a0: Rose<br \/>\nGenre\u00a0: Femme<\/p>\n","protected":false},"excerpt":{"rendered":"<p>La Air Jordan 1 Mid Digital Pink (WMNS) de Jordan est une chaussure tendance et \u00e9l\u00e9gante pour femme. Avec sa couleur rose \u00e9clatante, cette sneaker est id\u00e9ale pour apporter une touche de couleur \u00e0 toutes vos tenues. Fabriqu\u00e9e \u00e0 partir de mat\u00e9riaux haut de gamme, elle offre \u00e0 la fois durabilit\u00e9 et confort. Que ce [&hellip;]<\/p>\n","protected":false},"featured_media":760084,"comment_status":"open","ping_status":"closed","template":"","meta":[],"product_brand":[],"product_cat":[38880],"product_tag":[10750,10800,38841,38872,38926,10776,11349,38875,38886,38928,10756],"class_list":{"0":"post-760083","1":"product","2":"type-product","3":"status-publish","4":"has-post-thumbnail","6":"product_cat-jordan","7":"product_tag-athleisure-shoes","8":"product_tag-basketball-shoes","9":"product_tag-casual-shoes","10":"product_tag-gift-idea-for-her","11":"product_tag-international-women-s-day-collection","12":"product_tag-jordan","13":"product_tag-jordan-basketball-shoes","14":"product_tag-jordan-skateboard-shoes","15":"product_tag-lifestyle-shoes-inspired-by-basketball","16":"product_tag-mother-s-day-collection","17":"product_tag-retro-casual-shoes","19":"first","20":"instock","21":"taxable","22":"shipping-taxable","23":"purchasable","24":"product-type-simple"},"wcpa_form_fields":null,"yoast_head":"<!-- This site is optimized with the Yoast SEO plugin v26.5 - https:\/\/yoast.com\/wordpress\/plugins\/seo\/ -->\n<title>(Women) Air Jordan 1 Mid &#039;Digital Pink&#039; CW5379-600 - TOURCRUISER PTE. LTD<\/title>\n<meta name=\"robots\" content=\"index, follow, max-snippet:-1, max-image-preview:large, max-video-preview:-1\" \/>\n<link rel=\"canonical\" href=\"https:\/\/tourcruiser.com\/fr\/products\/women-air-jordan-1-mid-digital-pink-cw5379-600\/\" \/>\n<meta property=\"og:locale\" content=\"fr_FR\" \/>\n<meta property=\"og:type\" content=\"article\" \/>\n<meta property=\"og:title\" content=\"(Women) Air Jordan 1 Mid &#039;Digital Pink&#039; CW5379-600 - TOURCRUISER PTE. LTD\" \/>\n<meta property=\"og:description\" content=\"La Air Jordan 1 Mid Digital Pink (WMNS) de Jordan est une chaussure tendance et \u00e9l\u00e9gante pour femme. Avec sa couleur rose \u00e9clatante, cette sneaker est id\u00e9ale pour apporter une touche de couleur \u00e0 toutes vos tenues. Fabriqu\u00e9e \u00e0 partir de mat\u00e9riaux haut de gamme, elle offre \u00e0 la fois durabilit\u00e9 et confort. Que ce [&hellip;]\" \/>\n<meta property=\"og:url\" content=\"https:\/\/tourcruiser.com\/fr\/products\/women-air-jordan-1-mid-digital-pink-cw5379-600\/\" \/>\n<meta property=\"og:site_name\" content=\"Tourcruiser Sneaker Store\" \/>\n<meta property=\"article:modified_time\" content=\"2026-04-17T15:50:36+00:00\" \/>\n<meta name=\"twitter:card\" content=\"summary_large_image\" \/>\n<meta name=\"twitter:image\" content=\"https:\/\/images.novelship.com\/product\/_women__air_jordan_1_mid__digital_pink__cw5379_600_0_45377.jpeg;https:\/\/images.novelship.com\/product\/_women__air_jordan_1_mid__digital_pink__cw5379_600_1_45377.jpeg;https:\/\/images.novelship.com\/product\/_women__air_jordan_1_mid__digital_pink__cw5379_600_2_45377.jpeg;https:\/\/images.novelship.com\/product\/_women__air_jordan_1_mid__digital_pink__cw5379_600_3_45377.jpeg;https:\/\/images.novelship.com\/product\/_women__air_jordan_1_mid__digital_pink__cw5379_600_4_45377.jpeg;https:\/\/images.novelship.com\/product\/_women__air_jordan_1_mid__digital_pink__cw5379_600_5_45377.jpeg;https:\/\/images.novelship.com\/product\/_women__air_jordan_1_mid__digital_pink__cw5379_600_6_45377.jpeg;https:\/\/images.novelship.com\/product\/_women__air_jordan_1_mid__digital_pink__cw5379_600_7_45377.jpeg\" \/>\n<meta name=\"twitter:label1\" content=\"Dur\u00e9e de lecture estim\u00e9e\" \/>\n\t<meta name=\"twitter:data1\" content=\"1 minute\" \/>\n<script type=\"application\/ld+json\" class=\"yoast-schema-graph\">{\"@context\":\"https:\/\/schema.org\",\"@graph\":[{\"@type\":\"WebPage\",\"@id\":\"https:\/\/tourcruiser.com\/fr\/products\/women-air-jordan-1-mid-digital-pink-cw5379-600\/\",\"url\":\"https:\/\/tourcruiser.com\/fr\/products\/women-air-jordan-1-mid-digital-pink-cw5379-600\/\",\"name\":\"(Women) Air Jordan 1 Mid 'Digital Pink' CW5379-600 - TOURCRUISER PTE. LTD\",\"isPartOf\":{\"@id\":\"\/#website\"},\"primaryImageOfPage\":{\"@id\":\"https:\/\/tourcruiser.com\/fr\/products\/women-air-jordan-1-mid-digital-pink-cw5379-600\/#primaryimage\"},\"image\":{\"@id\":\"https:\/\/tourcruiser.com\/fr\/products\/women-air-jordan-1-mid-digital-pink-cw5379-600\/#primaryimage\"},\"thumbnailUrl\":\"https:\/\/images.novelship.com\/product\/_women__air_jordan_1_mid__digital_pink__cw5379_600_0_45377.jpeg;https:\/\/images.novelship.com\/product\/_women__air_jordan_1_mid__digital_pink__cw5379_600_1_45377.jpeg;https:\/\/images.novelship.com\/product\/_women__air_jordan_1_mid__digital_pink__cw5379_600_2_45377.jpeg;https:\/\/images.novelship.com\/product\/_women__air_jordan_1_mid__digital_pink__cw5379_600_3_45377.jpeg;https:\/\/images.novelship.com\/product\/_women__air_jordan_1_mid__digital_pink__cw5379_600_4_45377.jpeg;https:\/\/images.novelship.com\/product\/_women__air_jordan_1_mid__digital_pink__cw5379_600_5_45377.jpeg;https:\/\/images.novelship.com\/product\/_women__air_jordan_1_mid__digital_pink__cw5379_600_6_45377.jpeg;https:\/\/images.novelship.com\/product\/_women__air_jordan_1_mid__digital_pink__cw5379_600_7_45377.jpeg\",\"datePublished\":\"2026-04-16T10:08:36+00:00\",\"dateModified\":\"2026-04-17T15:50:36+00:00\",\"breadcrumb\":{\"@id\":\"https:\/\/tourcruiser.com\/fr\/products\/women-air-jordan-1-mid-digital-pink-cw5379-600\/#breadcrumb\"},\"inLanguage\":\"fr-FR\",\"potentialAction\":[{\"@type\":\"ReadAction\",\"target\":[\"https:\/\/tourcruiser.com\/fr\/products\/women-air-jordan-1-mid-digital-pink-cw5379-600\/\"]}]},{\"@type\":\"ImageObject\",\"inLanguage\":\"fr-FR\",\"@id\":\"https:\/\/tourcruiser.com\/fr\/products\/women-air-jordan-1-mid-digital-pink-cw5379-600\/#primaryimage\",\"url\":\"https:\/\/images.novelship.com\/product\/_women__air_jordan_1_mid__digital_pink__cw5379_600_0_45377.jpeg;https:\/\/images.novelship.com\/product\/_women__air_jordan_1_mid__digital_pink__cw5379_600_1_45377.jpeg;https:\/\/images.novelship.com\/product\/_women__air_jordan_1_mid__digital_pink__cw5379_600_2_45377.jpeg;https:\/\/images.novelship.com\/product\/_women__air_jordan_1_mid__digital_pink__cw5379_600_3_45377.jpeg;https:\/\/images.novelship.com\/product\/_women__air_jordan_1_mid__digital_pink__cw5379_600_4_45377.jpeg;https:\/\/images.novelship.com\/product\/_women__air_jordan_1_mid__digital_pink__cw5379_600_5_45377.jpeg;https:\/\/images.novelship.com\/product\/_women__air_jordan_1_mid__digital_pink__cw5379_600_6_45377.jpeg;https:\/\/images.novelship.com\/product\/_women__air_jordan_1_mid__digital_pink__cw5379_600_7_45377.jpeg\",\"contentUrl\":\"https:\/\/images.novelship.com\/product\/_women__air_jordan_1_mid__digital_pink__cw5379_600_0_45377.jpeg;https:\/\/images.novelship.com\/product\/_women__air_jordan_1_mid__digital_pink__cw5379_600_1_45377.jpeg;https:\/\/images.novelship.com\/product\/_women__air_jordan_1_mid__digital_pink__cw5379_600_2_45377.jpeg;https:\/\/images.novelship.com\/product\/_women__air_jordan_1_mid__digital_pink__cw5379_600_3_45377.jpeg;https:\/\/images.novelship.com\/product\/_women__air_jordan_1_mid__digital_pink__cw5379_600_4_45377.jpeg;https:\/\/images.novelship.com\/product\/_women__air_jordan_1_mid__digital_pink__cw5379_600_5_45377.jpeg;https:\/\/images.novelship.com\/product\/_women__air_jordan_1_mid__digital_pink__cw5379_600_6_45377.jpeg;https:\/\/images.novelship.com\/product\/_women__air_jordan_1_mid__digital_pink__cw5379_600_7_45377.jpeg\"},{\"@type\":\"BreadcrumbList\",\"@id\":\"https:\/\/tourcruiser.com\/fr\/products\/women-air-jordan-1-mid-digital-pink-cw5379-600\/#breadcrumb\",\"itemListElement\":[{\"@type\":\"ListItem\",\"position\":1,\"name\":\"Home\",\"item\":\"https:\/\/tourcruiser.com\/fr\/\"},{\"@type\":\"ListItem\",\"position\":2,\"name\":\"Shop\",\"item\":\"https:\/\/tourcruiser.com\/fr\/shop\/\"},{\"@type\":\"ListItem\",\"position\":3,\"name\":\"(Women) Air Jordan 1 Mid &#8216;Digital Pink&#8217; CW5379-600\"}]},{\"@type\":\"WebSite\",\"@id\":\"\/#website\",\"url\":\"\/\",\"name\":\"Styloral Jewelry Shop\",\"description\":\"Tourcruiser Sneaker Store \u2014 L\u2019endroit o\u00f9 l\u2019univers rencontre votre singularit\u00e9.\",\"publisher\":{\"@id\":\"\/#organization\"},\"potentialAction\":[{\"@type\":\"SearchAction\",\"target\":{\"@type\":\"EntryPoint\",\"urlTemplate\":\"\/?s={search_term_string}\"},\"query-input\":{\"@type\":\"PropertyValueSpecification\",\"valueRequired\":true,\"valueName\":\"search_term_string\"}}],\"inLanguage\":\"fr-FR\"},{\"@type\":\"Organization\",\"@id\":\"\/#organization\",\"name\":\"STYLORAL PTE. LTD\",\"url\":\"\/\",\"logo\":{\"@type\":\"ImageObject\",\"inLanguage\":\"fr-FR\",\"@id\":\"\/#\/schema\/logo\/image\/\",\"url\":\"https:\/\/www.tourcruiser.com\/wp-content\/uploads\/2025\/12\/logo.png\",\"contentUrl\":\"https:\/\/www.tourcruiser.com\/wp-content\/uploads\/2025\/12\/logo.png\",\"width\":200,\"height\":65,\"caption\":\"STYLORAL PTE. LTD\"},\"image\":{\"@id\":\"\/#\/schema\/logo\/image\/\"}}]}<\/script>\n<!-- \/ Yoast SEO plugin. -->","yoast_head_json":{"title":"(Women) Air Jordan 1 Mid 'Digital Pink' CW5379-600 - TOURCRUISER PTE. LTD","robots":{"index":"index","follow":"follow","max-snippet":"max-snippet:-1","max-image-preview":"max-image-preview:large","max-video-preview":"max-video-preview:-1"},"canonical":"https:\/\/tourcruiser.com\/fr\/products\/women-air-jordan-1-mid-digital-pink-cw5379-600\/","og_locale":"fr_FR","og_type":"article","og_title":"(Women) Air Jordan 1 Mid 'Digital Pink' CW5379-600 - TOURCRUISER PTE. LTD","og_description":"La Air Jordan 1 Mid Digital Pink (WMNS) de Jordan est une chaussure tendance et \u00e9l\u00e9gante pour femme. Avec sa couleur rose \u00e9clatante, cette sneaker est id\u00e9ale pour apporter une touche de couleur \u00e0 toutes vos tenues. Fabriqu\u00e9e \u00e0 partir de mat\u00e9riaux haut de gamme, elle offre \u00e0 la fois durabilit\u00e9 et confort. Que ce [&hellip;]","og_url":"https:\/\/tourcruiser.com\/fr\/products\/women-air-jordan-1-mid-digital-pink-cw5379-600\/","og_site_name":"Tourcruiser Sneaker Store","article_modified_time":"2026-04-17T15:50:36+00:00","twitter_card":"summary_large_image","twitter_image":"https:\/\/images.novelship.com\/product\/_women__air_jordan_1_mid__digital_pink__cw5379_600_0_45377.jpeg;https:\/\/images.novelship.com\/product\/_women__air_jordan_1_mid__digital_pink__cw5379_600_1_45377.jpeg;https:\/\/images.novelship.com\/product\/_women__air_jordan_1_mid__digital_pink__cw5379_600_2_45377.jpeg;https:\/\/images.novelship.com\/product\/_women__air_jordan_1_mid__digital_pink__cw5379_600_3_45377.jpeg;https:\/\/images.novelship.com\/product\/_women__air_jordan_1_mid__digital_pink__cw5379_600_4_45377.jpeg;https:\/\/images.novelship.com\/product\/_women__air_jordan_1_mid__digital_pink__cw5379_600_5_45377.jpeg;https:\/\/images.novelship.com\/product\/_women__air_jordan_1_mid__digital_pink__cw5379_600_6_45377.jpeg;https:\/\/images.novelship.com\/product\/_women__air_jordan_1_mid__digital_pink__cw5379_600_7_45377.jpeg","twitter_misc":{"Dur\u00e9e de lecture estim\u00e9e":"1 minute"},"schema":{"@context":"https:\/\/schema.org","@graph":[{"@type":"WebPage","@id":"https:\/\/tourcruiser.com\/fr\/products\/women-air-jordan-1-mid-digital-pink-cw5379-600\/","url":"https:\/\/tourcruiser.com\/fr\/products\/women-air-jordan-1-mid-digital-pink-cw5379-600\/","name":"(Women) Air Jordan 1 Mid 'Digital Pink' CW5379-600 - TOURCRUISER PTE. LTD","isPartOf":{"@id":"\/#website"},"primaryImageOfPage":{"@id":"https:\/\/tourcruiser.com\/fr\/products\/women-air-jordan-1-mid-digital-pink-cw5379-600\/#primaryimage"},"image":{"@id":"https:\/\/tourcruiser.com\/fr\/products\/women-air-jordan-1-mid-digital-pink-cw5379-600\/#primaryimage"},"thumbnailUrl":"https:\/\/images.novelship.com\/product\/_women__air_jordan_1_mid__digital_pink__cw5379_600_0_45377.jpeg;https:\/\/images.novelship.com\/product\/_women__air_jordan_1_mid__digital_pink__cw5379_600_1_45377.jpeg;https:\/\/images.novelship.com\/product\/_women__air_jordan_1_mid__digital_pink__cw5379_600_2_45377.jpeg;https:\/\/images.novelship.com\/product\/_women__air_jordan_1_mid__digital_pink__cw5379_600_3_45377.jpeg;https:\/\/images.novelship.com\/product\/_women__air_jordan_1_mid__digital_pink__cw5379_600_4_45377.jpeg;https:\/\/images.novelship.com\/product\/_women__air_jordan_1_mid__digital_pink__cw5379_600_5_45377.jpeg;https:\/\/images.novelship.com\/product\/_women__air_jordan_1_mid__digital_pink__cw5379_600_6_45377.jpeg;https:\/\/images.novelship.com\/product\/_women__air_jordan_1_mid__digital_pink__cw5379_600_7_45377.jpeg","datePublished":"2026-04-16T10:08:36+00:00","dateModified":"2026-04-17T15:50:36+00:00","breadcrumb":{"@id":"https:\/\/tourcruiser.com\/fr\/products\/women-air-jordan-1-mid-digital-pink-cw5379-600\/#breadcrumb"},"inLanguage":"fr-FR","potentialAction":[{"@type":"ReadAction","target":["https:\/\/tourcruiser.com\/fr\/products\/women-air-jordan-1-mid-digital-pink-cw5379-600\/"]}]},{"@type":"ImageObject","inLanguage":"fr-FR","@id":"https:\/\/tourcruiser.com\/fr\/products\/women-air-jordan-1-mid-digital-pink-cw5379-600\/#primaryimage","url":"https:\/\/images.novelship.com\/product\/_women__air_jordan_1_mid__digital_pink__cw5379_600_0_45377.jpeg;https:\/\/images.novelship.com\/product\/_women__air_jordan_1_mid__digital_pink__cw5379_600_1_45377.jpeg;https:\/\/images.novelship.com\/product\/_women__air_jordan_1_mid__digital_pink__cw5379_600_2_45377.jpeg;https:\/\/images.novelship.com\/product\/_women__air_jordan_1_mid__digital_pink__cw5379_600_3_45377.jpeg;https:\/\/images.novelship.com\/product\/_women__air_jordan_1_mid__digital_pink__cw5379_600_4_45377.jpeg;https:\/\/images.novelship.com\/product\/_women__air_jordan_1_mid__digital_pink__cw5379_600_5_45377.jpeg;https:\/\/images.novelship.com\/product\/_women__air_jordan_1_mid__digital_pink__cw5379_600_6_45377.jpeg;https:\/\/images.novelship.com\/product\/_women__air_jordan_1_mid__digital_pink__cw5379_600_7_45377.jpeg","contentUrl":"https:\/\/images.novelship.com\/product\/_women__air_jordan_1_mid__digital_pink__cw5379_600_0_45377.jpeg;https:\/\/images.novelship.com\/product\/_women__air_jordan_1_mid__digital_pink__cw5379_600_1_45377.jpeg;https:\/\/images.novelship.com\/product\/_women__air_jordan_1_mid__digital_pink__cw5379_600_2_45377.jpeg;https:\/\/images.novelship.com\/product\/_women__air_jordan_1_mid__digital_pink__cw5379_600_3_45377.jpeg;https:\/\/images.novelship.com\/product\/_women__air_jordan_1_mid__digital_pink__cw5379_600_4_45377.jpeg;https:\/\/images.novelship.com\/product\/_women__air_jordan_1_mid__digital_pink__cw5379_600_5_45377.jpeg;https:\/\/images.novelship.com\/product\/_women__air_jordan_1_mid__digital_pink__cw5379_600_6_45377.jpeg;https:\/\/images.novelship.com\/product\/_women__air_jordan_1_mid__digital_pink__cw5379_600_7_45377.jpeg"},{"@type":"BreadcrumbList","@id":"https:\/\/tourcruiser.com\/fr\/products\/women-air-jordan-1-mid-digital-pink-cw5379-600\/#breadcrumb","itemListElement":[{"@type":"ListItem","position":1,"name":"Home","item":"https:\/\/tourcruiser.com\/fr\/"},{"@type":"ListItem","position":2,"name":"Shop","item":"https:\/\/tourcruiser.com\/fr\/shop\/"},{"@type":"ListItem","position":3,"name":"(Women) Air Jordan 1 Mid &#8216;Digital Pink&#8217; CW5379-600"}]},{"@type":"WebSite","@id":"\/#website","url":"\/","name":"Styloral Jewelry Shop","description":"Tourcruiser Sneaker Store \u2014 L\u2019endroit o\u00f9 l\u2019univers rencontre votre singularit\u00e9.","publisher":{"@id":"\/#organization"},"potentialAction":[{"@type":"SearchAction","target":{"@type":"EntryPoint","urlTemplate":"\/?s={search_term_string}"},"query-input":{"@type":"PropertyValueSpecification","valueRequired":true,"valueName":"search_term_string"}}],"inLanguage":"fr-FR"},{"@type":"Organization","@id":"\/#organization","name":"STYLORAL PTE. LTD","url":"\/","logo":{"@type":"ImageObject","inLanguage":"fr-FR","@id":"\/#\/schema\/logo\/image\/","url":"https:\/\/www.tourcruiser.com\/wp-content\/uploads\/2025\/12\/logo.png","contentUrl":"https:\/\/www.tourcruiser.com\/wp-content\/uploads\/2025\/12\/logo.png","width":200,"height":65,"caption":"STYLORAL PTE. LTD"},"image":{"@id":"\/#\/schema\/logo\/image\/"}}]}},"_links":{"self":[{"href":"https:\/\/tourcruiser.com\/fr\/wp-json\/wp\/v2\/product\/760083","targetHints":{"allow":["GET"]}}],"collection":[{"href":"https:\/\/tourcruiser.com\/fr\/wp-json\/wp\/v2\/product"}],"about":[{"href":"https:\/\/tourcruiser.com\/fr\/wp-json\/wp\/v2\/types\/product"}],"replies":[{"embeddable":true,"href":"https:\/\/tourcruiser.com\/fr\/wp-json\/wp\/v2\/comments?post=760083"}],"wp:featuredmedia":[{"embeddable":true,"href":"https:\/\/tourcruiser.com\/fr\/wp-json\/wp\/v2\/media\/760084"}],"wp:attachment":[{"href":"https:\/\/tourcruiser.com\/fr\/wp-json\/wp\/v2\/media?parent=760083"}],"wp:term":[{"taxonomy":"product_brand","embeddable":true,"href":"https:\/\/tourcruiser.com\/fr\/wp-json\/wp\/v2\/product_brand?post=760083"},{"taxonomy":"product_cat","embeddable":true,"href":"https:\/\/tourcruiser.com\/fr\/wp-json\/wp\/v2\/product_cat?post=760083"},{"taxonomy":"product_tag","embeddable":true,"href":"https:\/\/tourcruiser.com\/fr\/wp-json\/wp\/v2\/product_tag?post=760083"}],"curies":[{"name":"wp","href":"https:\/\/api.w.org\/{rel}","templated":true}]}}