{"id":760059,"date":"2026-04-16T17:08:35","date_gmt":"2026-04-16T10:08:35","guid":{"rendered":"http:\/\/tourcruiser.com\/product\/grade-school-air-jordan-11-retro-low-bg-cool-grey-528896-003"},"modified":"2026-04-17T22:50:34","modified_gmt":"2026-04-17T15:50:34","slug":"grade-school-air-jordan-11-retro-low-bg-cool-grey-528896-003","status":"publish","type":"product","link":"https:\/\/tourcruiser.com\/fr\/products\/grade-school-air-jordan-11-retro-low-bg-cool-grey-528896-003\/","title":{"rendered":"(Grade School) Air Jordan 11 Retro Low BG &lsquo;Cool Grey&rsquo; 528896-003"},"content":{"rendered":"<p>La Air Jordan 11 Retro Low BG Cool Grey (GS) est une chaussure tendance et styl\u00e9e sign\u00e9e Jordan. Sa couleur gris clair apporte une touche d&rsquo;\u00e9l\u00e9gance \u00e0 toutes les tenues. Con\u00e7ue sp\u00e9cialement pour les jeunes, elle offre un confort optimal et un style affirm\u00e9. La Air Jordan 11 Retro Low BG Cool Grey (GS) est parfaite pour toutes les occasions d\u00e9contract\u00e9es et un incontournable pour tous les jeunes passionn\u00e9s de sneakers.<\/p>\n<p>Coloris\u00a0: Gris moyen\/Blanc-Gris anthracite<\/p>\n<p>Code article\u00a0: 528896-003<\/p>\n<p>Tige\u00a0: Cuir verni<\/p>\n<p>Semelle interm\u00e9diaire\u00a0: Air<\/p>\n<p>Couleur\u00a0: Gris<\/p>\n<p>Designer\u00a0: Tinker Hatfield<\/p>\n<p>Ann\u00e9e de sortie\u00a0: 2018<\/p>\n<p>\u00c2ge\u00a0: Adulte<\/p>\n<p>Couleur\u00a0: Gris<\/p>\n<p>Genre\u00a0: Jeune<\/p>\n","protected":false},"excerpt":{"rendered":"<p>La Air Jordan 11 Retro Low BG Cool Grey (GS) est une chaussure tendance et styl\u00e9e sign\u00e9e Jordan. Sa couleur gris clair apporte une touche d&rsquo;\u00e9l\u00e9gance \u00e0 toutes les tenues. Con\u00e7ue sp\u00e9cialement pour les jeunes, elle offre un confort optimal et un style affirm\u00e9. La Air Jordan 11 Retro Low BG Cool Grey (GS) est [&hellip;]<\/p>\n","protected":false},"featured_media":760060,"comment_status":"open","ping_status":"closed","template":"","meta":[],"product_brand":[],"product_cat":[38880],"product_tag":[10800,38876,38878,38874,10776,11349,38875,11129,38877],"class_list":{"0":"post-760059","1":"product","2":"type-product","3":"status-publish","4":"has-post-thumbnail","6":"product_cat-jordan","7":"product_tag-basketball-shoes","8":"product_tag-basketball-shoes-for-kids","9":"product_tag-current-offers","10":"product_tag-hari-raya-gs","11":"product_tag-jordan","12":"product_tag-jordan-basketball-shoes","13":"product_tag-jordan-skateboard-shoes","14":"product_tag-lightweight-basketball-shoes","15":"product_tag-sports-shoes-for-kids","17":"first","18":"instock","19":"taxable","20":"shipping-taxable","21":"purchasable","22":"product-type-simple"},"wcpa_form_fields":null,"yoast_head":"<!-- This site is optimized with the Yoast SEO plugin v26.5 - https:\/\/yoast.com\/wordpress\/plugins\/seo\/ -->\n<title>(Grade School) Air Jordan 11 Retro Low BG &#039;Cool Grey&#039; 528896-003 - TOURCRUISER PTE. LTD<\/title>\n<meta name=\"robots\" content=\"index, follow, max-snippet:-1, max-image-preview:large, max-video-preview:-1\" \/>\n<link rel=\"canonical\" href=\"https:\/\/tourcruiser.com\/fr\/products\/grade-school-air-jordan-11-retro-low-bg-cool-grey-528896-003\/\" \/>\n<meta property=\"og:locale\" content=\"fr_FR\" \/>\n<meta property=\"og:type\" content=\"article\" \/>\n<meta property=\"og:title\" content=\"(Grade School) Air Jordan 11 Retro Low BG &#039;Cool Grey&#039; 528896-003 - TOURCRUISER PTE. LTD\" \/>\n<meta property=\"og:description\" content=\"La Air Jordan 11 Retro Low BG Cool Grey (GS) est une chaussure tendance et styl\u00e9e sign\u00e9e Jordan. Sa couleur gris clair apporte une touche d&rsquo;\u00e9l\u00e9gance \u00e0 toutes les tenues. Con\u00e7ue sp\u00e9cialement pour les jeunes, elle offre un confort optimal et un style affirm\u00e9. La Air Jordan 11 Retro Low BG Cool Grey (GS) est [&hellip;]\" \/>\n<meta property=\"og:url\" content=\"https:\/\/tourcruiser.com\/fr\/products\/grade-school-air-jordan-11-retro-low-bg-cool-grey-528896-003\/\" \/>\n<meta property=\"og:site_name\" content=\"Tourcruiser Sneaker Store\" \/>\n<meta property=\"article:modified_time\" content=\"2026-04-17T15:50:34+00:00\" \/>\n<meta name=\"twitter:card\" content=\"summary_large_image\" \/>\n<meta name=\"twitter:image\" content=\"https:\/\/images.novelship.com\/product\/_grade_school__air_jordan_11_retro_low_bg__cool_gr_0_59692.jpeg;https:\/\/images.novelship.com\/product\/_grade_school__air_jordan_11_retro_low_bg__cool_gr_1_59692.jpeg;https:\/\/images.novelship.com\/product\/_grade_school__air_jordan_11_retro_low_bg__cool_gr_2_59692.jpeg;https:\/\/images.novelship.com\/product\/_grade_school__air_jordan_11_retro_low_bg__cool_gr_3_59692.jpeg;https:\/\/images.novelship.com\/product\/_grade_school__air_jordan_11_retro_low_bg__cool_gr_4_59692.jpeg;https:\/\/images.novelship.com\/product\/_grade_school__air_jordan_11_retro_low_bg__cool_gr_5_59692.jpeg;https:\/\/images.novelship.com\/product\/_grade_school__air_jordan_11_retro_low_bg__cool_gr_6_59692.jpeg;https:\/\/images.novelship.com\/product\/_grade_school__air_jordan_11_retro_low_bg__cool_gr_7_59692.jpeg\" \/>\n<meta name=\"twitter:label1\" content=\"Dur\u00e9e de lecture estim\u00e9e\" \/>\n\t<meta name=\"twitter:data1\" content=\"1 minute\" \/>\n<script type=\"application\/ld+json\" class=\"yoast-schema-graph\">{\"@context\":\"https:\/\/schema.org\",\"@graph\":[{\"@type\":\"WebPage\",\"@id\":\"https:\/\/tourcruiser.com\/fr\/products\/grade-school-air-jordan-11-retro-low-bg-cool-grey-528896-003\/\",\"url\":\"https:\/\/tourcruiser.com\/fr\/products\/grade-school-air-jordan-11-retro-low-bg-cool-grey-528896-003\/\",\"name\":\"(Grade School) Air Jordan 11 Retro Low BG 'Cool Grey' 528896-003 - TOURCRUISER PTE. LTD\",\"isPartOf\":{\"@id\":\"\/#website\"},\"primaryImageOfPage\":{\"@id\":\"https:\/\/tourcruiser.com\/fr\/products\/grade-school-air-jordan-11-retro-low-bg-cool-grey-528896-003\/#primaryimage\"},\"image\":{\"@id\":\"https:\/\/tourcruiser.com\/fr\/products\/grade-school-air-jordan-11-retro-low-bg-cool-grey-528896-003\/#primaryimage\"},\"thumbnailUrl\":\"https:\/\/images.novelship.com\/product\/_grade_school__air_jordan_11_retro_low_bg__cool_gr_0_59692.jpeg;https:\/\/images.novelship.com\/product\/_grade_school__air_jordan_11_retro_low_bg__cool_gr_1_59692.jpeg;https:\/\/images.novelship.com\/product\/_grade_school__air_jordan_11_retro_low_bg__cool_gr_2_59692.jpeg;https:\/\/images.novelship.com\/product\/_grade_school__air_jordan_11_retro_low_bg__cool_gr_3_59692.jpeg;https:\/\/images.novelship.com\/product\/_grade_school__air_jordan_11_retro_low_bg__cool_gr_4_59692.jpeg;https:\/\/images.novelship.com\/product\/_grade_school__air_jordan_11_retro_low_bg__cool_gr_5_59692.jpeg;https:\/\/images.novelship.com\/product\/_grade_school__air_jordan_11_retro_low_bg__cool_gr_6_59692.jpeg;https:\/\/images.novelship.com\/product\/_grade_school__air_jordan_11_retro_low_bg__cool_gr_7_59692.jpeg\",\"datePublished\":\"2026-04-16T10:08:35+00:00\",\"dateModified\":\"2026-04-17T15:50:34+00:00\",\"breadcrumb\":{\"@id\":\"https:\/\/tourcruiser.com\/fr\/products\/grade-school-air-jordan-11-retro-low-bg-cool-grey-528896-003\/#breadcrumb\"},\"inLanguage\":\"fr-FR\",\"potentialAction\":[{\"@type\":\"ReadAction\",\"target\":[\"https:\/\/tourcruiser.com\/fr\/products\/grade-school-air-jordan-11-retro-low-bg-cool-grey-528896-003\/\"]}]},{\"@type\":\"ImageObject\",\"inLanguage\":\"fr-FR\",\"@id\":\"https:\/\/tourcruiser.com\/fr\/products\/grade-school-air-jordan-11-retro-low-bg-cool-grey-528896-003\/#primaryimage\",\"url\":\"https:\/\/images.novelship.com\/product\/_grade_school__air_jordan_11_retro_low_bg__cool_gr_0_59692.jpeg;https:\/\/images.novelship.com\/product\/_grade_school__air_jordan_11_retro_low_bg__cool_gr_1_59692.jpeg;https:\/\/images.novelship.com\/product\/_grade_school__air_jordan_11_retro_low_bg__cool_gr_2_59692.jpeg;https:\/\/images.novelship.com\/product\/_grade_school__air_jordan_11_retro_low_bg__cool_gr_3_59692.jpeg;https:\/\/images.novelship.com\/product\/_grade_school__air_jordan_11_retro_low_bg__cool_gr_4_59692.jpeg;https:\/\/images.novelship.com\/product\/_grade_school__air_jordan_11_retro_low_bg__cool_gr_5_59692.jpeg;https:\/\/images.novelship.com\/product\/_grade_school__air_jordan_11_retro_low_bg__cool_gr_6_59692.jpeg;https:\/\/images.novelship.com\/product\/_grade_school__air_jordan_11_retro_low_bg__cool_gr_7_59692.jpeg\",\"contentUrl\":\"https:\/\/images.novelship.com\/product\/_grade_school__air_jordan_11_retro_low_bg__cool_gr_0_59692.jpeg;https:\/\/images.novelship.com\/product\/_grade_school__air_jordan_11_retro_low_bg__cool_gr_1_59692.jpeg;https:\/\/images.novelship.com\/product\/_grade_school__air_jordan_11_retro_low_bg__cool_gr_2_59692.jpeg;https:\/\/images.novelship.com\/product\/_grade_school__air_jordan_11_retro_low_bg__cool_gr_3_59692.jpeg;https:\/\/images.novelship.com\/product\/_grade_school__air_jordan_11_retro_low_bg__cool_gr_4_59692.jpeg;https:\/\/images.novelship.com\/product\/_grade_school__air_jordan_11_retro_low_bg__cool_gr_5_59692.jpeg;https:\/\/images.novelship.com\/product\/_grade_school__air_jordan_11_retro_low_bg__cool_gr_6_59692.jpeg;https:\/\/images.novelship.com\/product\/_grade_school__air_jordan_11_retro_low_bg__cool_gr_7_59692.jpeg\"},{\"@type\":\"BreadcrumbList\",\"@id\":\"https:\/\/tourcruiser.com\/fr\/products\/grade-school-air-jordan-11-retro-low-bg-cool-grey-528896-003\/#breadcrumb\",\"itemListElement\":[{\"@type\":\"ListItem\",\"position\":1,\"name\":\"Home\",\"item\":\"https:\/\/tourcruiser.com\/fr\/\"},{\"@type\":\"ListItem\",\"position\":2,\"name\":\"Shop\",\"item\":\"https:\/\/tourcruiser.com\/fr\/shop\/\"},{\"@type\":\"ListItem\",\"position\":3,\"name\":\"(Grade School) Air Jordan 11 Retro Low BG &#8216;Cool Grey&#8217; 528896-003\"}]},{\"@type\":\"WebSite\",\"@id\":\"\/#website\",\"url\":\"\/\",\"name\":\"Styloral Jewelry Shop\",\"description\":\"Tourcruiser Sneaker Store \u2014 L\u2019endroit o\u00f9 l\u2019univers rencontre votre singularit\u00e9.\",\"publisher\":{\"@id\":\"\/#organization\"},\"potentialAction\":[{\"@type\":\"SearchAction\",\"target\":{\"@type\":\"EntryPoint\",\"urlTemplate\":\"\/?s={search_term_string}\"},\"query-input\":{\"@type\":\"PropertyValueSpecification\",\"valueRequired\":true,\"valueName\":\"search_term_string\"}}],\"inLanguage\":\"fr-FR\"},{\"@type\":\"Organization\",\"@id\":\"\/#organization\",\"name\":\"STYLORAL PTE. LTD\",\"url\":\"\/\",\"logo\":{\"@type\":\"ImageObject\",\"inLanguage\":\"fr-FR\",\"@id\":\"\/#\/schema\/logo\/image\/\",\"url\":\"https:\/\/www.tourcruiser.com\/wp-content\/uploads\/2025\/12\/logo.png\",\"contentUrl\":\"https:\/\/www.tourcruiser.com\/wp-content\/uploads\/2025\/12\/logo.png\",\"width\":200,\"height\":65,\"caption\":\"STYLORAL PTE. LTD\"},\"image\":{\"@id\":\"\/#\/schema\/logo\/image\/\"}}]}<\/script>\n<!-- \/ Yoast SEO plugin. -->","yoast_head_json":{"title":"(Grade School) Air Jordan 11 Retro Low BG 'Cool Grey' 528896-003 - TOURCRUISER PTE. LTD","robots":{"index":"index","follow":"follow","max-snippet":"max-snippet:-1","max-image-preview":"max-image-preview:large","max-video-preview":"max-video-preview:-1"},"canonical":"https:\/\/tourcruiser.com\/fr\/products\/grade-school-air-jordan-11-retro-low-bg-cool-grey-528896-003\/","og_locale":"fr_FR","og_type":"article","og_title":"(Grade School) Air Jordan 11 Retro Low BG 'Cool Grey' 528896-003 - TOURCRUISER PTE. LTD","og_description":"La Air Jordan 11 Retro Low BG Cool Grey (GS) est une chaussure tendance et styl\u00e9e sign\u00e9e Jordan. Sa couleur gris clair apporte une touche d&rsquo;\u00e9l\u00e9gance \u00e0 toutes les tenues. Con\u00e7ue sp\u00e9cialement pour les jeunes, elle offre un confort optimal et un style affirm\u00e9. La Air Jordan 11 Retro Low BG Cool Grey (GS) est [&hellip;]","og_url":"https:\/\/tourcruiser.com\/fr\/products\/grade-school-air-jordan-11-retro-low-bg-cool-grey-528896-003\/","og_site_name":"Tourcruiser Sneaker Store","article_modified_time":"2026-04-17T15:50:34+00:00","twitter_card":"summary_large_image","twitter_image":"https:\/\/images.novelship.com\/product\/_grade_school__air_jordan_11_retro_low_bg__cool_gr_0_59692.jpeg;https:\/\/images.novelship.com\/product\/_grade_school__air_jordan_11_retro_low_bg__cool_gr_1_59692.jpeg;https:\/\/images.novelship.com\/product\/_grade_school__air_jordan_11_retro_low_bg__cool_gr_2_59692.jpeg;https:\/\/images.novelship.com\/product\/_grade_school__air_jordan_11_retro_low_bg__cool_gr_3_59692.jpeg;https:\/\/images.novelship.com\/product\/_grade_school__air_jordan_11_retro_low_bg__cool_gr_4_59692.jpeg;https:\/\/images.novelship.com\/product\/_grade_school__air_jordan_11_retro_low_bg__cool_gr_5_59692.jpeg;https:\/\/images.novelship.com\/product\/_grade_school__air_jordan_11_retro_low_bg__cool_gr_6_59692.jpeg;https:\/\/images.novelship.com\/product\/_grade_school__air_jordan_11_retro_low_bg__cool_gr_7_59692.jpeg","twitter_misc":{"Dur\u00e9e de lecture estim\u00e9e":"1 minute"},"schema":{"@context":"https:\/\/schema.org","@graph":[{"@type":"WebPage","@id":"https:\/\/tourcruiser.com\/fr\/products\/grade-school-air-jordan-11-retro-low-bg-cool-grey-528896-003\/","url":"https:\/\/tourcruiser.com\/fr\/products\/grade-school-air-jordan-11-retro-low-bg-cool-grey-528896-003\/","name":"(Grade School) Air Jordan 11 Retro Low BG 'Cool Grey' 528896-003 - TOURCRUISER PTE. LTD","isPartOf":{"@id":"\/#website"},"primaryImageOfPage":{"@id":"https:\/\/tourcruiser.com\/fr\/products\/grade-school-air-jordan-11-retro-low-bg-cool-grey-528896-003\/#primaryimage"},"image":{"@id":"https:\/\/tourcruiser.com\/fr\/products\/grade-school-air-jordan-11-retro-low-bg-cool-grey-528896-003\/#primaryimage"},"thumbnailUrl":"https:\/\/images.novelship.com\/product\/_grade_school__air_jordan_11_retro_low_bg__cool_gr_0_59692.jpeg;https:\/\/images.novelship.com\/product\/_grade_school__air_jordan_11_retro_low_bg__cool_gr_1_59692.jpeg;https:\/\/images.novelship.com\/product\/_grade_school__air_jordan_11_retro_low_bg__cool_gr_2_59692.jpeg;https:\/\/images.novelship.com\/product\/_grade_school__air_jordan_11_retro_low_bg__cool_gr_3_59692.jpeg;https:\/\/images.novelship.com\/product\/_grade_school__air_jordan_11_retro_low_bg__cool_gr_4_59692.jpeg;https:\/\/images.novelship.com\/product\/_grade_school__air_jordan_11_retro_low_bg__cool_gr_5_59692.jpeg;https:\/\/images.novelship.com\/product\/_grade_school__air_jordan_11_retro_low_bg__cool_gr_6_59692.jpeg;https:\/\/images.novelship.com\/product\/_grade_school__air_jordan_11_retro_low_bg__cool_gr_7_59692.jpeg","datePublished":"2026-04-16T10:08:35+00:00","dateModified":"2026-04-17T15:50:34+00:00","breadcrumb":{"@id":"https:\/\/tourcruiser.com\/fr\/products\/grade-school-air-jordan-11-retro-low-bg-cool-grey-528896-003\/#breadcrumb"},"inLanguage":"fr-FR","potentialAction":[{"@type":"ReadAction","target":["https:\/\/tourcruiser.com\/fr\/products\/grade-school-air-jordan-11-retro-low-bg-cool-grey-528896-003\/"]}]},{"@type":"ImageObject","inLanguage":"fr-FR","@id":"https:\/\/tourcruiser.com\/fr\/products\/grade-school-air-jordan-11-retro-low-bg-cool-grey-528896-003\/#primaryimage","url":"https:\/\/images.novelship.com\/product\/_grade_school__air_jordan_11_retro_low_bg__cool_gr_0_59692.jpeg;https:\/\/images.novelship.com\/product\/_grade_school__air_jordan_11_retro_low_bg__cool_gr_1_59692.jpeg;https:\/\/images.novelship.com\/product\/_grade_school__air_jordan_11_retro_low_bg__cool_gr_2_59692.jpeg;https:\/\/images.novelship.com\/product\/_grade_school__air_jordan_11_retro_low_bg__cool_gr_3_59692.jpeg;https:\/\/images.novelship.com\/product\/_grade_school__air_jordan_11_retro_low_bg__cool_gr_4_59692.jpeg;https:\/\/images.novelship.com\/product\/_grade_school__air_jordan_11_retro_low_bg__cool_gr_5_59692.jpeg;https:\/\/images.novelship.com\/product\/_grade_school__air_jordan_11_retro_low_bg__cool_gr_6_59692.jpeg;https:\/\/images.novelship.com\/product\/_grade_school__air_jordan_11_retro_low_bg__cool_gr_7_59692.jpeg","contentUrl":"https:\/\/images.novelship.com\/product\/_grade_school__air_jordan_11_retro_low_bg__cool_gr_0_59692.jpeg;https:\/\/images.novelship.com\/product\/_grade_school__air_jordan_11_retro_low_bg__cool_gr_1_59692.jpeg;https:\/\/images.novelship.com\/product\/_grade_school__air_jordan_11_retro_low_bg__cool_gr_2_59692.jpeg;https:\/\/images.novelship.com\/product\/_grade_school__air_jordan_11_retro_low_bg__cool_gr_3_59692.jpeg;https:\/\/images.novelship.com\/product\/_grade_school__air_jordan_11_retro_low_bg__cool_gr_4_59692.jpeg;https:\/\/images.novelship.com\/product\/_grade_school__air_jordan_11_retro_low_bg__cool_gr_5_59692.jpeg;https:\/\/images.novelship.com\/product\/_grade_school__air_jordan_11_retro_low_bg__cool_gr_6_59692.jpeg;https:\/\/images.novelship.com\/product\/_grade_school__air_jordan_11_retro_low_bg__cool_gr_7_59692.jpeg"},{"@type":"BreadcrumbList","@id":"https:\/\/tourcruiser.com\/fr\/products\/grade-school-air-jordan-11-retro-low-bg-cool-grey-528896-003\/#breadcrumb","itemListElement":[{"@type":"ListItem","position":1,"name":"Home","item":"https:\/\/tourcruiser.com\/fr\/"},{"@type":"ListItem","position":2,"name":"Shop","item":"https:\/\/tourcruiser.com\/fr\/shop\/"},{"@type":"ListItem","position":3,"name":"(Grade School) Air Jordan 11 Retro Low BG &#8216;Cool Grey&#8217; 528896-003"}]},{"@type":"WebSite","@id":"\/#website","url":"\/","name":"Styloral Jewelry Shop","description":"Tourcruiser Sneaker Store \u2014 L\u2019endroit o\u00f9 l\u2019univers rencontre votre singularit\u00e9.","publisher":{"@id":"\/#organization"},"potentialAction":[{"@type":"SearchAction","target":{"@type":"EntryPoint","urlTemplate":"\/?s={search_term_string}"},"query-input":{"@type":"PropertyValueSpecification","valueRequired":true,"valueName":"search_term_string"}}],"inLanguage":"fr-FR"},{"@type":"Organization","@id":"\/#organization","name":"STYLORAL PTE. LTD","url":"\/","logo":{"@type":"ImageObject","inLanguage":"fr-FR","@id":"\/#\/schema\/logo\/image\/","url":"https:\/\/www.tourcruiser.com\/wp-content\/uploads\/2025\/12\/logo.png","contentUrl":"https:\/\/www.tourcruiser.com\/wp-content\/uploads\/2025\/12\/logo.png","width":200,"height":65,"caption":"STYLORAL PTE. LTD"},"image":{"@id":"\/#\/schema\/logo\/image\/"}}]}},"_links":{"self":[{"href":"https:\/\/tourcruiser.com\/fr\/wp-json\/wp\/v2\/product\/760059","targetHints":{"allow":["GET"]}}],"collection":[{"href":"https:\/\/tourcruiser.com\/fr\/wp-json\/wp\/v2\/product"}],"about":[{"href":"https:\/\/tourcruiser.com\/fr\/wp-json\/wp\/v2\/types\/product"}],"replies":[{"embeddable":true,"href":"https:\/\/tourcruiser.com\/fr\/wp-json\/wp\/v2\/comments?post=760059"}],"wp:featuredmedia":[{"embeddable":true,"href":"https:\/\/tourcruiser.com\/fr\/wp-json\/wp\/v2\/media\/760060"}],"wp:attachment":[{"href":"https:\/\/tourcruiser.com\/fr\/wp-json\/wp\/v2\/media?parent=760059"}],"wp:term":[{"taxonomy":"product_brand","embeddable":true,"href":"https:\/\/tourcruiser.com\/fr\/wp-json\/wp\/v2\/product_brand?post=760059"},{"taxonomy":"product_cat","embeddable":true,"href":"https:\/\/tourcruiser.com\/fr\/wp-json\/wp\/v2\/product_cat?post=760059"},{"taxonomy":"product_tag","embeddable":true,"href":"https:\/\/tourcruiser.com\/fr\/wp-json\/wp\/v2\/product_tag?post=760059"}],"curies":[{"name":"wp","href":"https:\/\/api.w.org\/{rel}","templated":true}]}}