{"id":760005,"date":"2026-04-16T17:08:34","date_gmt":"2026-04-16T10:08:34","guid":{"rendered":"http:\/\/tourcruiser.com\/product\/air-jordan-4-retro-pale-citron-308497-116"},"modified":"2026-04-17T22:50:32","modified_gmt":"2026-04-17T15:50:32","slug":"air-jordan-4-retro-pale-citron-308497-116","status":"publish","type":"product","link":"https:\/\/tourcruiser.com\/fr\/products\/air-jordan-4-retro-pale-citron-308497-116\/","title":{"rendered":"Air Jordan 4 Retro &lsquo;Pale Citron&rsquo; 308497-116"},"content":{"rendered":"<p>D\u00e9couvrez la Air Jordan 4 Retro Pale Citron \u2013 un incontournable pour toute collection de sneakers. Ces sneakers Jordan embl\u00e9matiques ne manqueront pas d&rsquo;attirer les regards gr\u00e2ce \u00e0 leur design styl\u00e9 et leur blanc immacul\u00e9. Craquez pour ces sneakers tendance qui allient confort et style \u00e0 la perfection. Procurez-vous la Jordan Pale Citron d\u00e8s aujourd&rsquo;hui et sublimez votre look sneakers\u00a0!<\/p>\n<p>Coloris\u00a0: Blanc\/Noir\/Rouge vif\/Citron p\u00e2le<br \/>\nCode article\u00a0: 308497-116<br \/>\nTige\u00a0: Cuir<br \/>\nSemelle interm\u00e9diaire\u00a0: Air<br \/>\nCouleur\u00a0: Blanc<br \/>\nDesigner\u00a0: Tinker Hatfield<br \/>\nSaison\u00a0: Printemps<br \/>\nAnn\u00e9e de sortie\u00a0: 2019<\/p>\n<p>\u00c2ge\u00a0: Adulte<br \/>\nCouleur\u00a0: Blanc<br \/>\nGenre\u00a0: Homme<\/p>\n","protected":false},"excerpt":{"rendered":"<p>D\u00e9couvrez la Air Jordan 4 Retro Pale Citron \u2013 un incontournable pour toute collection de sneakers. Ces sneakers Jordan embl\u00e9matiques ne manqueront pas d&rsquo;attirer les regards gr\u00e2ce \u00e0 leur design styl\u00e9 et leur blanc immacul\u00e9. Craquez pour ces sneakers tendance qui allient confort et style \u00e0 la perfection. Procurez-vous la Jordan Pale Citron d\u00e8s aujourd&rsquo;hui [&hellip;]<\/p>\n","protected":false},"featured_media":760006,"comment_status":"open","ping_status":"closed","template":"","meta":[],"product_brand":[],"product_cat":[38880],"product_tag":[10750,10800,38841,38842,10776,11349,38875,38886,10756],"class_list":{"0":"post-760005","1":"product","2":"type-product","3":"status-publish","4":"has-post-thumbnail","6":"product_cat-jordan","7":"product_tag-athleisure-shoes","8":"product_tag-basketball-shoes","9":"product_tag-casual-shoes","10":"product_tag-gift-idea-for-him","11":"product_tag-jordan","12":"product_tag-jordan-basketball-shoes","13":"product_tag-jordan-skateboard-shoes","14":"product_tag-lifestyle-shoes-inspired-by-basketball","15":"product_tag-retro-casual-shoes","17":"first","18":"instock","19":"taxable","20":"shipping-taxable","21":"purchasable","22":"product-type-simple"},"wcpa_form_fields":null,"yoast_head":"<!-- This site is optimized with the Yoast SEO plugin v26.5 - https:\/\/yoast.com\/wordpress\/plugins\/seo\/ -->\n<title>Air Jordan 4 Retro &#039;Pale Citron&#039; 308497-116 - TOURCRUISER PTE. LTD<\/title>\n<meta name=\"robots\" content=\"index, follow, max-snippet:-1, max-image-preview:large, max-video-preview:-1\" \/>\n<link rel=\"canonical\" href=\"https:\/\/tourcruiser.com\/fr\/products\/air-jordan-4-retro-pale-citron-308497-116\/\" \/>\n<meta property=\"og:locale\" content=\"fr_FR\" \/>\n<meta property=\"og:type\" content=\"article\" \/>\n<meta property=\"og:title\" content=\"Air Jordan 4 Retro &#039;Pale Citron&#039; 308497-116 - TOURCRUISER PTE. LTD\" \/>\n<meta property=\"og:description\" content=\"D\u00e9couvrez la Air Jordan 4 Retro Pale Citron \u2013 un incontournable pour toute collection de sneakers. Ces sneakers Jordan embl\u00e9matiques ne manqueront pas d&rsquo;attirer les regards gr\u00e2ce \u00e0 leur design styl\u00e9 et leur blanc immacul\u00e9. Craquez pour ces sneakers tendance qui allient confort et style \u00e0 la perfection. Procurez-vous la Jordan Pale Citron d\u00e8s aujourd&rsquo;hui [&hellip;]\" \/>\n<meta property=\"og:url\" content=\"https:\/\/tourcruiser.com\/fr\/products\/air-jordan-4-retro-pale-citron-308497-116\/\" \/>\n<meta property=\"og:site_name\" content=\"Tourcruiser Sneaker Store\" \/>\n<meta property=\"article:modified_time\" content=\"2026-04-17T15:50:32+00:00\" \/>\n<meta name=\"twitter:card\" content=\"summary_large_image\" \/>\n<meta name=\"twitter:image\" content=\"https:\/\/images.novelship.com\/product\/air_jordan_4_retro__pale_citron__308497_116_0_38213.jpeg;https:\/\/images.novelship.com\/product\/air_jordan_4_retro__pale_citron__308497_116_1_38213.jpeg;https:\/\/images.novelship.com\/product\/air_jordan_4_retro__pale_citron__308497_116_2_38213.jpeg;https:\/\/images.novelship.com\/product\/air_jordan_4_retro__pale_citron__308497_116_3_38213.jpeg;https:\/\/images.novelship.com\/product\/air_jordan_4_retro__pale_citron__308497_116_4_38213.jpeg;https:\/\/images.novelship.com\/product\/air_jordan_4_retro__pale_citron__308497_116_5_38213.jpeg;https:\/\/images.novelship.com\/product\/air_jordan_4_retro__pale_citron__308497_116_6_38213.jpeg;https:\/\/images.novelship.com\/product\/air_jordan_4_retro__pale_citron__308497_116_7_38213.jpeg\" \/>\n<script type=\"application\/ld+json\" class=\"yoast-schema-graph\">{\"@context\":\"https:\/\/schema.org\",\"@graph\":[{\"@type\":\"WebPage\",\"@id\":\"https:\/\/tourcruiser.com\/fr\/products\/air-jordan-4-retro-pale-citron-308497-116\/\",\"url\":\"https:\/\/tourcruiser.com\/fr\/products\/air-jordan-4-retro-pale-citron-308497-116\/\",\"name\":\"Air Jordan 4 Retro 'Pale Citron' 308497-116 - TOURCRUISER PTE. LTD\",\"isPartOf\":{\"@id\":\"\/#website\"},\"primaryImageOfPage\":{\"@id\":\"https:\/\/tourcruiser.com\/fr\/products\/air-jordan-4-retro-pale-citron-308497-116\/#primaryimage\"},\"image\":{\"@id\":\"https:\/\/tourcruiser.com\/fr\/products\/air-jordan-4-retro-pale-citron-308497-116\/#primaryimage\"},\"thumbnailUrl\":\"https:\/\/images.novelship.com\/product\/air_jordan_4_retro__pale_citron__308497_116_0_38213.jpeg;https:\/\/images.novelship.com\/product\/air_jordan_4_retro__pale_citron__308497_116_1_38213.jpeg;https:\/\/images.novelship.com\/product\/air_jordan_4_retro__pale_citron__308497_116_2_38213.jpeg;https:\/\/images.novelship.com\/product\/air_jordan_4_retro__pale_citron__308497_116_3_38213.jpeg;https:\/\/images.novelship.com\/product\/air_jordan_4_retro__pale_citron__308497_116_4_38213.jpeg;https:\/\/images.novelship.com\/product\/air_jordan_4_retro__pale_citron__308497_116_5_38213.jpeg;https:\/\/images.novelship.com\/product\/air_jordan_4_retro__pale_citron__308497_116_6_38213.jpeg;https:\/\/images.novelship.com\/product\/air_jordan_4_retro__pale_citron__308497_116_7_38213.jpeg\",\"datePublished\":\"2026-04-16T10:08:34+00:00\",\"dateModified\":\"2026-04-17T15:50:32+00:00\",\"breadcrumb\":{\"@id\":\"https:\/\/tourcruiser.com\/fr\/products\/air-jordan-4-retro-pale-citron-308497-116\/#breadcrumb\"},\"inLanguage\":\"fr-FR\",\"potentialAction\":[{\"@type\":\"ReadAction\",\"target\":[\"https:\/\/tourcruiser.com\/fr\/products\/air-jordan-4-retro-pale-citron-308497-116\/\"]}]},{\"@type\":\"ImageObject\",\"inLanguage\":\"fr-FR\",\"@id\":\"https:\/\/tourcruiser.com\/fr\/products\/air-jordan-4-retro-pale-citron-308497-116\/#primaryimage\",\"url\":\"https:\/\/images.novelship.com\/product\/air_jordan_4_retro__pale_citron__308497_116_0_38213.jpeg;https:\/\/images.novelship.com\/product\/air_jordan_4_retro__pale_citron__308497_116_1_38213.jpeg;https:\/\/images.novelship.com\/product\/air_jordan_4_retro__pale_citron__308497_116_2_38213.jpeg;https:\/\/images.novelship.com\/product\/air_jordan_4_retro__pale_citron__308497_116_3_38213.jpeg;https:\/\/images.novelship.com\/product\/air_jordan_4_retro__pale_citron__308497_116_4_38213.jpeg;https:\/\/images.novelship.com\/product\/air_jordan_4_retro__pale_citron__308497_116_5_38213.jpeg;https:\/\/images.novelship.com\/product\/air_jordan_4_retro__pale_citron__308497_116_6_38213.jpeg;https:\/\/images.novelship.com\/product\/air_jordan_4_retro__pale_citron__308497_116_7_38213.jpeg\",\"contentUrl\":\"https:\/\/images.novelship.com\/product\/air_jordan_4_retro__pale_citron__308497_116_0_38213.jpeg;https:\/\/images.novelship.com\/product\/air_jordan_4_retro__pale_citron__308497_116_1_38213.jpeg;https:\/\/images.novelship.com\/product\/air_jordan_4_retro__pale_citron__308497_116_2_38213.jpeg;https:\/\/images.novelship.com\/product\/air_jordan_4_retro__pale_citron__308497_116_3_38213.jpeg;https:\/\/images.novelship.com\/product\/air_jordan_4_retro__pale_citron__308497_116_4_38213.jpeg;https:\/\/images.novelship.com\/product\/air_jordan_4_retro__pale_citron__308497_116_5_38213.jpeg;https:\/\/images.novelship.com\/product\/air_jordan_4_retro__pale_citron__308497_116_6_38213.jpeg;https:\/\/images.novelship.com\/product\/air_jordan_4_retro__pale_citron__308497_116_7_38213.jpeg\"},{\"@type\":\"BreadcrumbList\",\"@id\":\"https:\/\/tourcruiser.com\/fr\/products\/air-jordan-4-retro-pale-citron-308497-116\/#breadcrumb\",\"itemListElement\":[{\"@type\":\"ListItem\",\"position\":1,\"name\":\"Home\",\"item\":\"https:\/\/tourcruiser.com\/fr\/\"},{\"@type\":\"ListItem\",\"position\":2,\"name\":\"Shop\",\"item\":\"https:\/\/tourcruiser.com\/fr\/shop\/\"},{\"@type\":\"ListItem\",\"position\":3,\"name\":\"Air Jordan 4 Retro &#8216;Pale Citron&#8217; 308497-116\"}]},{\"@type\":\"WebSite\",\"@id\":\"\/#website\",\"url\":\"\/\",\"name\":\"Styloral Jewelry Shop\",\"description\":\"Tourcruiser Sneaker Store \u2014 L\u2019endroit o\u00f9 l\u2019univers rencontre votre singularit\u00e9.\",\"publisher\":{\"@id\":\"\/#organization\"},\"potentialAction\":[{\"@type\":\"SearchAction\",\"target\":{\"@type\":\"EntryPoint\",\"urlTemplate\":\"\/?s={search_term_string}\"},\"query-input\":{\"@type\":\"PropertyValueSpecification\",\"valueRequired\":true,\"valueName\":\"search_term_string\"}}],\"inLanguage\":\"fr-FR\"},{\"@type\":\"Organization\",\"@id\":\"\/#organization\",\"name\":\"STYLORAL PTE. LTD\",\"url\":\"\/\",\"logo\":{\"@type\":\"ImageObject\",\"inLanguage\":\"fr-FR\",\"@id\":\"\/#\/schema\/logo\/image\/\",\"url\":\"https:\/\/www.tourcruiser.com\/wp-content\/uploads\/2025\/12\/logo.png\",\"contentUrl\":\"https:\/\/www.tourcruiser.com\/wp-content\/uploads\/2025\/12\/logo.png\",\"width\":200,\"height\":65,\"caption\":\"STYLORAL PTE. LTD\"},\"image\":{\"@id\":\"\/#\/schema\/logo\/image\/\"}}]}<\/script>\n<!-- \/ Yoast SEO plugin. -->","yoast_head_json":{"title":"Air Jordan 4 Retro 'Pale Citron' 308497-116 - TOURCRUISER PTE. LTD","robots":{"index":"index","follow":"follow","max-snippet":"max-snippet:-1","max-image-preview":"max-image-preview:large","max-video-preview":"max-video-preview:-1"},"canonical":"https:\/\/tourcruiser.com\/fr\/products\/air-jordan-4-retro-pale-citron-308497-116\/","og_locale":"fr_FR","og_type":"article","og_title":"Air Jordan 4 Retro 'Pale Citron' 308497-116 - TOURCRUISER PTE. LTD","og_description":"D\u00e9couvrez la Air Jordan 4 Retro Pale Citron \u2013 un incontournable pour toute collection de sneakers. Ces sneakers Jordan embl\u00e9matiques ne manqueront pas d&rsquo;attirer les regards gr\u00e2ce \u00e0 leur design styl\u00e9 et leur blanc immacul\u00e9. Craquez pour ces sneakers tendance qui allient confort et style \u00e0 la perfection. Procurez-vous la Jordan Pale Citron d\u00e8s aujourd&rsquo;hui [&hellip;]","og_url":"https:\/\/tourcruiser.com\/fr\/products\/air-jordan-4-retro-pale-citron-308497-116\/","og_site_name":"Tourcruiser Sneaker Store","article_modified_time":"2026-04-17T15:50:32+00:00","twitter_card":"summary_large_image","twitter_image":"https:\/\/images.novelship.com\/product\/air_jordan_4_retro__pale_citron__308497_116_0_38213.jpeg;https:\/\/images.novelship.com\/product\/air_jordan_4_retro__pale_citron__308497_116_1_38213.jpeg;https:\/\/images.novelship.com\/product\/air_jordan_4_retro__pale_citron__308497_116_2_38213.jpeg;https:\/\/images.novelship.com\/product\/air_jordan_4_retro__pale_citron__308497_116_3_38213.jpeg;https:\/\/images.novelship.com\/product\/air_jordan_4_retro__pale_citron__308497_116_4_38213.jpeg;https:\/\/images.novelship.com\/product\/air_jordan_4_retro__pale_citron__308497_116_5_38213.jpeg;https:\/\/images.novelship.com\/product\/air_jordan_4_retro__pale_citron__308497_116_6_38213.jpeg;https:\/\/images.novelship.com\/product\/air_jordan_4_retro__pale_citron__308497_116_7_38213.jpeg","schema":{"@context":"https:\/\/schema.org","@graph":[{"@type":"WebPage","@id":"https:\/\/tourcruiser.com\/fr\/products\/air-jordan-4-retro-pale-citron-308497-116\/","url":"https:\/\/tourcruiser.com\/fr\/products\/air-jordan-4-retro-pale-citron-308497-116\/","name":"Air Jordan 4 Retro 'Pale Citron' 308497-116 - TOURCRUISER PTE. LTD","isPartOf":{"@id":"\/#website"},"primaryImageOfPage":{"@id":"https:\/\/tourcruiser.com\/fr\/products\/air-jordan-4-retro-pale-citron-308497-116\/#primaryimage"},"image":{"@id":"https:\/\/tourcruiser.com\/fr\/products\/air-jordan-4-retro-pale-citron-308497-116\/#primaryimage"},"thumbnailUrl":"https:\/\/images.novelship.com\/product\/air_jordan_4_retro__pale_citron__308497_116_0_38213.jpeg;https:\/\/images.novelship.com\/product\/air_jordan_4_retro__pale_citron__308497_116_1_38213.jpeg;https:\/\/images.novelship.com\/product\/air_jordan_4_retro__pale_citron__308497_116_2_38213.jpeg;https:\/\/images.novelship.com\/product\/air_jordan_4_retro__pale_citron__308497_116_3_38213.jpeg;https:\/\/images.novelship.com\/product\/air_jordan_4_retro__pale_citron__308497_116_4_38213.jpeg;https:\/\/images.novelship.com\/product\/air_jordan_4_retro__pale_citron__308497_116_5_38213.jpeg;https:\/\/images.novelship.com\/product\/air_jordan_4_retro__pale_citron__308497_116_6_38213.jpeg;https:\/\/images.novelship.com\/product\/air_jordan_4_retro__pale_citron__308497_116_7_38213.jpeg","datePublished":"2026-04-16T10:08:34+00:00","dateModified":"2026-04-17T15:50:32+00:00","breadcrumb":{"@id":"https:\/\/tourcruiser.com\/fr\/products\/air-jordan-4-retro-pale-citron-308497-116\/#breadcrumb"},"inLanguage":"fr-FR","potentialAction":[{"@type":"ReadAction","target":["https:\/\/tourcruiser.com\/fr\/products\/air-jordan-4-retro-pale-citron-308497-116\/"]}]},{"@type":"ImageObject","inLanguage":"fr-FR","@id":"https:\/\/tourcruiser.com\/fr\/products\/air-jordan-4-retro-pale-citron-308497-116\/#primaryimage","url":"https:\/\/images.novelship.com\/product\/air_jordan_4_retro__pale_citron__308497_116_0_38213.jpeg;https:\/\/images.novelship.com\/product\/air_jordan_4_retro__pale_citron__308497_116_1_38213.jpeg;https:\/\/images.novelship.com\/product\/air_jordan_4_retro__pale_citron__308497_116_2_38213.jpeg;https:\/\/images.novelship.com\/product\/air_jordan_4_retro__pale_citron__308497_116_3_38213.jpeg;https:\/\/images.novelship.com\/product\/air_jordan_4_retro__pale_citron__308497_116_4_38213.jpeg;https:\/\/images.novelship.com\/product\/air_jordan_4_retro__pale_citron__308497_116_5_38213.jpeg;https:\/\/images.novelship.com\/product\/air_jordan_4_retro__pale_citron__308497_116_6_38213.jpeg;https:\/\/images.novelship.com\/product\/air_jordan_4_retro__pale_citron__308497_116_7_38213.jpeg","contentUrl":"https:\/\/images.novelship.com\/product\/air_jordan_4_retro__pale_citron__308497_116_0_38213.jpeg;https:\/\/images.novelship.com\/product\/air_jordan_4_retro__pale_citron__308497_116_1_38213.jpeg;https:\/\/images.novelship.com\/product\/air_jordan_4_retro__pale_citron__308497_116_2_38213.jpeg;https:\/\/images.novelship.com\/product\/air_jordan_4_retro__pale_citron__308497_116_3_38213.jpeg;https:\/\/images.novelship.com\/product\/air_jordan_4_retro__pale_citron__308497_116_4_38213.jpeg;https:\/\/images.novelship.com\/product\/air_jordan_4_retro__pale_citron__308497_116_5_38213.jpeg;https:\/\/images.novelship.com\/product\/air_jordan_4_retro__pale_citron__308497_116_6_38213.jpeg;https:\/\/images.novelship.com\/product\/air_jordan_4_retro__pale_citron__308497_116_7_38213.jpeg"},{"@type":"BreadcrumbList","@id":"https:\/\/tourcruiser.com\/fr\/products\/air-jordan-4-retro-pale-citron-308497-116\/#breadcrumb","itemListElement":[{"@type":"ListItem","position":1,"name":"Home","item":"https:\/\/tourcruiser.com\/fr\/"},{"@type":"ListItem","position":2,"name":"Shop","item":"https:\/\/tourcruiser.com\/fr\/shop\/"},{"@type":"ListItem","position":3,"name":"Air Jordan 4 Retro &#8216;Pale Citron&#8217; 308497-116"}]},{"@type":"WebSite","@id":"\/#website","url":"\/","name":"Styloral Jewelry Shop","description":"Tourcruiser Sneaker Store \u2014 L\u2019endroit o\u00f9 l\u2019univers rencontre votre singularit\u00e9.","publisher":{"@id":"\/#organization"},"potentialAction":[{"@type":"SearchAction","target":{"@type":"EntryPoint","urlTemplate":"\/?s={search_term_string}"},"query-input":{"@type":"PropertyValueSpecification","valueRequired":true,"valueName":"search_term_string"}}],"inLanguage":"fr-FR"},{"@type":"Organization","@id":"\/#organization","name":"STYLORAL PTE. LTD","url":"\/","logo":{"@type":"ImageObject","inLanguage":"fr-FR","@id":"\/#\/schema\/logo\/image\/","url":"https:\/\/www.tourcruiser.com\/wp-content\/uploads\/2025\/12\/logo.png","contentUrl":"https:\/\/www.tourcruiser.com\/wp-content\/uploads\/2025\/12\/logo.png","width":200,"height":65,"caption":"STYLORAL PTE. LTD"},"image":{"@id":"\/#\/schema\/logo\/image\/"}}]}},"_links":{"self":[{"href":"https:\/\/tourcruiser.com\/fr\/wp-json\/wp\/v2\/product\/760005","targetHints":{"allow":["GET"]}}],"collection":[{"href":"https:\/\/tourcruiser.com\/fr\/wp-json\/wp\/v2\/product"}],"about":[{"href":"https:\/\/tourcruiser.com\/fr\/wp-json\/wp\/v2\/types\/product"}],"replies":[{"embeddable":true,"href":"https:\/\/tourcruiser.com\/fr\/wp-json\/wp\/v2\/comments?post=760005"}],"wp:featuredmedia":[{"embeddable":true,"href":"https:\/\/tourcruiser.com\/fr\/wp-json\/wp\/v2\/media\/760006"}],"wp:attachment":[{"href":"https:\/\/tourcruiser.com\/fr\/wp-json\/wp\/v2\/media?parent=760005"}],"wp:term":[{"taxonomy":"product_brand","embeddable":true,"href":"https:\/\/tourcruiser.com\/fr\/wp-json\/wp\/v2\/product_brand?post=760005"},{"taxonomy":"product_cat","embeddable":true,"href":"https:\/\/tourcruiser.com\/fr\/wp-json\/wp\/v2\/product_cat?post=760005"},{"taxonomy":"product_tag","embeddable":true,"href":"https:\/\/tourcruiser.com\/fr\/wp-json\/wp\/v2\/product_tag?post=760005"}],"curies":[{"name":"wp","href":"https:\/\/api.w.org\/{rel}","templated":true}]}}