{"id":759996,"date":"2026-04-16T17:08:33","date_gmt":"2026-04-16T10:08:33","guid":{"rendered":"http:\/\/tourcruiser.com\/product\/air-jordan-5-retro-international-flight-136027-148"},"modified":"2026-04-17T22:50:31","modified_gmt":"2026-04-17T15:50:31","slug":"air-jordan-5-retro-international-flight-136027-148","status":"publish","type":"product","link":"https:\/\/tourcruiser.com\/fr\/products\/air-jordan-5-retro-international-flight-136027-148\/","title":{"rendered":"Air Jordan 5 Retro &lsquo;International Flight&rsquo; 136027-148"},"content":{"rendered":"<p>La Air Jordan 5 Retro International Flight de Jordan est une sneaker classique au beige \u00e9l\u00e9gant. Avec son design iconique et son confort optimal, cette chaussure est id\u00e9ale pour les fans de basketball et les collectionneurs de sneakers. Am\u00e9liorez votre style avec l&rsquo;\u00e9dition International Flight de la Air Jordan 5 Retro.<\/p>\n<p>Coloris : Voile\/Orange Peel\/Noir\/Bleu Royal<\/p>\n<p>Code article : 136027-148<\/p>\n<p>Tige : Cuir<\/p>\n<p>Semelle interm\u00e9diaire : Air<\/p>\n<p>Couleur : Blanc<\/p>\n<p>Designer : Tinker Hatfield<\/p>\n<p>Saison : \u00c9t\u00e9<\/p>\n<p>Ann\u00e9e de sortie : 2018<\/p>\n<p>\u00c2ge : Adulte<\/p>\n<p>Couleur : Blanc<\/p>\n<p>Genre : Homme<\/p>\n","protected":false},"excerpt":{"rendered":"<p>La Air Jordan 5 Retro International Flight de Jordan est une sneaker classique au beige \u00e9l\u00e9gant. Avec son design iconique et son confort optimal, cette chaussure est id\u00e9ale pour les fans de basketball et les collectionneurs de sneakers. Am\u00e9liorez votre style avec l&rsquo;\u00e9dition International Flight de la Air Jordan 5 Retro. Coloris : Voile\/Orange Peel\/Noir\/Bleu [&hellip;]<\/p>\n","protected":false},"featured_media":759997,"comment_status":"open","ping_status":"closed","template":"","meta":[],"product_brand":[],"product_cat":[38880],"product_tag":[10750,10800,38861,38841,38975,38840,10776,11349,38875,10756,38902],"class_list":{"0":"post-759996","1":"product","2":"type-product","3":"status-publish","4":"has-post-thumbnail","6":"product_cat-jordan","7":"product_tag-athleisure-shoes","8":"product_tag-basketball-shoes","9":"product_tag-below-retail-price","10":"product_tag-casual-shoes","11":"product_tag-casual-shoes-basketball-inspired","12":"product_tag-gift-ideas-for-him","13":"product_tag-jordan","14":"product_tag-jordan-basketball-shoes","15":"product_tag-jordan-skateboard-shoes","16":"product_tag-retro-casual-shoes","17":"product_tag-trendy-offers","19":"first","20":"instock","21":"taxable","22":"shipping-taxable","23":"purchasable","24":"product-type-simple"},"wcpa_form_fields":null,"yoast_head":"<!-- This site is optimized with the Yoast SEO plugin v26.5 - https:\/\/yoast.com\/wordpress\/plugins\/seo\/ -->\n<title>Air Jordan 5 Retro &#039;International Flight&#039; 136027-148 - TOURCRUISER PTE. LTD<\/title>\n<meta name=\"robots\" content=\"index, follow, max-snippet:-1, max-image-preview:large, max-video-preview:-1\" \/>\n<link rel=\"canonical\" href=\"https:\/\/tourcruiser.com\/fr\/products\/air-jordan-5-retro-international-flight-136027-148\/\" \/>\n<meta property=\"og:locale\" content=\"fr_FR\" \/>\n<meta property=\"og:type\" content=\"article\" \/>\n<meta property=\"og:title\" content=\"Air Jordan 5 Retro &#039;International Flight&#039; 136027-148 - TOURCRUISER PTE. LTD\" \/>\n<meta property=\"og:description\" content=\"La Air Jordan 5 Retro International Flight de Jordan est une sneaker classique au beige \u00e9l\u00e9gant. Avec son design iconique et son confort optimal, cette chaussure est id\u00e9ale pour les fans de basketball et les collectionneurs de sneakers. Am\u00e9liorez votre style avec l&rsquo;\u00e9dition International Flight de la Air Jordan 5 Retro. Coloris : Voile\/Orange Peel\/Noir\/Bleu [&hellip;]\" \/>\n<meta property=\"og:url\" content=\"https:\/\/tourcruiser.com\/fr\/products\/air-jordan-5-retro-international-flight-136027-148\/\" \/>\n<meta property=\"og:site_name\" content=\"Tourcruiser Sneaker Store\" \/>\n<meta property=\"article:modified_time\" content=\"2026-04-17T15:50:31+00:00\" \/>\n<meta name=\"twitter:card\" content=\"summary_large_image\" \/>\n<meta name=\"twitter:image\" content=\"https:\/\/images.novelship.com\/product\/air_jordan_5_retro__international_flight__136027_1_0_66034.jpeg;https:\/\/images.novelship.com\/product\/air_jordan_5_retro__international_flight__136027_1_1_66034.jpeg;https:\/\/images.novelship.com\/product\/air_jordan_5_retro__international_flight__136027_1_2_66034.jpeg;https:\/\/images.novelship.com\/product\/air_jordan_5_retro__international_flight__136027_1_3_66035.jpeg;https:\/\/images.novelship.com\/product\/air_jordan_5_retro__international_flight__136027_1_4_66035.jpeg;https:\/\/images.novelship.com\/product\/air_jordan_5_retro__international_flight__136027_1_5_66035.jpeg;https:\/\/images.novelship.com\/product\/air_jordan_5_retro__international_flight__136027_1_6_66035.jpeg;https:\/\/images.novelship.com\/product\/air_jordan_5_retro__international_flight__136027_1_7_66035.jpeg\" \/>\n<script type=\"application\/ld+json\" class=\"yoast-schema-graph\">{\"@context\":\"https:\/\/schema.org\",\"@graph\":[{\"@type\":\"WebPage\",\"@id\":\"https:\/\/tourcruiser.com\/fr\/products\/air-jordan-5-retro-international-flight-136027-148\/\",\"url\":\"https:\/\/tourcruiser.com\/fr\/products\/air-jordan-5-retro-international-flight-136027-148\/\",\"name\":\"Air Jordan 5 Retro 'International Flight' 136027-148 - TOURCRUISER PTE. LTD\",\"isPartOf\":{\"@id\":\"\/#website\"},\"primaryImageOfPage\":{\"@id\":\"https:\/\/tourcruiser.com\/fr\/products\/air-jordan-5-retro-international-flight-136027-148\/#primaryimage\"},\"image\":{\"@id\":\"https:\/\/tourcruiser.com\/fr\/products\/air-jordan-5-retro-international-flight-136027-148\/#primaryimage\"},\"thumbnailUrl\":\"https:\/\/images.novelship.com\/product\/air_jordan_5_retro__international_flight__136027_1_0_66034.jpeg;https:\/\/images.novelship.com\/product\/air_jordan_5_retro__international_flight__136027_1_1_66034.jpeg;https:\/\/images.novelship.com\/product\/air_jordan_5_retro__international_flight__136027_1_2_66034.jpeg;https:\/\/images.novelship.com\/product\/air_jordan_5_retro__international_flight__136027_1_3_66035.jpeg;https:\/\/images.novelship.com\/product\/air_jordan_5_retro__international_flight__136027_1_4_66035.jpeg;https:\/\/images.novelship.com\/product\/air_jordan_5_retro__international_flight__136027_1_5_66035.jpeg;https:\/\/images.novelship.com\/product\/air_jordan_5_retro__international_flight__136027_1_6_66035.jpeg;https:\/\/images.novelship.com\/product\/air_jordan_5_retro__international_flight__136027_1_7_66035.jpeg\",\"datePublished\":\"2026-04-16T10:08:33+00:00\",\"dateModified\":\"2026-04-17T15:50:31+00:00\",\"breadcrumb\":{\"@id\":\"https:\/\/tourcruiser.com\/fr\/products\/air-jordan-5-retro-international-flight-136027-148\/#breadcrumb\"},\"inLanguage\":\"fr-FR\",\"potentialAction\":[{\"@type\":\"ReadAction\",\"target\":[\"https:\/\/tourcruiser.com\/fr\/products\/air-jordan-5-retro-international-flight-136027-148\/\"]}]},{\"@type\":\"ImageObject\",\"inLanguage\":\"fr-FR\",\"@id\":\"https:\/\/tourcruiser.com\/fr\/products\/air-jordan-5-retro-international-flight-136027-148\/#primaryimage\",\"url\":\"https:\/\/images.novelship.com\/product\/air_jordan_5_retro__international_flight__136027_1_0_66034.jpeg;https:\/\/images.novelship.com\/product\/air_jordan_5_retro__international_flight__136027_1_1_66034.jpeg;https:\/\/images.novelship.com\/product\/air_jordan_5_retro__international_flight__136027_1_2_66034.jpeg;https:\/\/images.novelship.com\/product\/air_jordan_5_retro__international_flight__136027_1_3_66035.jpeg;https:\/\/images.novelship.com\/product\/air_jordan_5_retro__international_flight__136027_1_4_66035.jpeg;https:\/\/images.novelship.com\/product\/air_jordan_5_retro__international_flight__136027_1_5_66035.jpeg;https:\/\/images.novelship.com\/product\/air_jordan_5_retro__international_flight__136027_1_6_66035.jpeg;https:\/\/images.novelship.com\/product\/air_jordan_5_retro__international_flight__136027_1_7_66035.jpeg\",\"contentUrl\":\"https:\/\/images.novelship.com\/product\/air_jordan_5_retro__international_flight__136027_1_0_66034.jpeg;https:\/\/images.novelship.com\/product\/air_jordan_5_retro__international_flight__136027_1_1_66034.jpeg;https:\/\/images.novelship.com\/product\/air_jordan_5_retro__international_flight__136027_1_2_66034.jpeg;https:\/\/images.novelship.com\/product\/air_jordan_5_retro__international_flight__136027_1_3_66035.jpeg;https:\/\/images.novelship.com\/product\/air_jordan_5_retro__international_flight__136027_1_4_66035.jpeg;https:\/\/images.novelship.com\/product\/air_jordan_5_retro__international_flight__136027_1_5_66035.jpeg;https:\/\/images.novelship.com\/product\/air_jordan_5_retro__international_flight__136027_1_6_66035.jpeg;https:\/\/images.novelship.com\/product\/air_jordan_5_retro__international_flight__136027_1_7_66035.jpeg\"},{\"@type\":\"BreadcrumbList\",\"@id\":\"https:\/\/tourcruiser.com\/fr\/products\/air-jordan-5-retro-international-flight-136027-148\/#breadcrumb\",\"itemListElement\":[{\"@type\":\"ListItem\",\"position\":1,\"name\":\"Home\",\"item\":\"https:\/\/tourcruiser.com\/fr\/\"},{\"@type\":\"ListItem\",\"position\":2,\"name\":\"Shop\",\"item\":\"https:\/\/tourcruiser.com\/fr\/shop\/\"},{\"@type\":\"ListItem\",\"position\":3,\"name\":\"Air Jordan 5 Retro &#8216;International Flight&#8217; 136027-148\"}]},{\"@type\":\"WebSite\",\"@id\":\"\/#website\",\"url\":\"\/\",\"name\":\"Styloral Jewelry Shop\",\"description\":\"Tourcruiser Sneaker Store \u2014 L\u2019endroit o\u00f9 l\u2019univers rencontre votre singularit\u00e9.\",\"publisher\":{\"@id\":\"\/#organization\"},\"potentialAction\":[{\"@type\":\"SearchAction\",\"target\":{\"@type\":\"EntryPoint\",\"urlTemplate\":\"\/?s={search_term_string}\"},\"query-input\":{\"@type\":\"PropertyValueSpecification\",\"valueRequired\":true,\"valueName\":\"search_term_string\"}}],\"inLanguage\":\"fr-FR\"},{\"@type\":\"Organization\",\"@id\":\"\/#organization\",\"name\":\"STYLORAL PTE. LTD\",\"url\":\"\/\",\"logo\":{\"@type\":\"ImageObject\",\"inLanguage\":\"fr-FR\",\"@id\":\"\/#\/schema\/logo\/image\/\",\"url\":\"https:\/\/www.tourcruiser.com\/wp-content\/uploads\/2025\/12\/logo.png\",\"contentUrl\":\"https:\/\/www.tourcruiser.com\/wp-content\/uploads\/2025\/12\/logo.png\",\"width\":200,\"height\":65,\"caption\":\"STYLORAL PTE. LTD\"},\"image\":{\"@id\":\"\/#\/schema\/logo\/image\/\"}}]}<\/script>\n<!-- \/ Yoast SEO plugin. -->","yoast_head_json":{"title":"Air Jordan 5 Retro 'International Flight' 136027-148 - TOURCRUISER PTE. LTD","robots":{"index":"index","follow":"follow","max-snippet":"max-snippet:-1","max-image-preview":"max-image-preview:large","max-video-preview":"max-video-preview:-1"},"canonical":"https:\/\/tourcruiser.com\/fr\/products\/air-jordan-5-retro-international-flight-136027-148\/","og_locale":"fr_FR","og_type":"article","og_title":"Air Jordan 5 Retro 'International Flight' 136027-148 - TOURCRUISER PTE. LTD","og_description":"La Air Jordan 5 Retro International Flight de Jordan est une sneaker classique au beige \u00e9l\u00e9gant. Avec son design iconique et son confort optimal, cette chaussure est id\u00e9ale pour les fans de basketball et les collectionneurs de sneakers. Am\u00e9liorez votre style avec l&rsquo;\u00e9dition International Flight de la Air Jordan 5 Retro. Coloris : Voile\/Orange Peel\/Noir\/Bleu [&hellip;]","og_url":"https:\/\/tourcruiser.com\/fr\/products\/air-jordan-5-retro-international-flight-136027-148\/","og_site_name":"Tourcruiser Sneaker Store","article_modified_time":"2026-04-17T15:50:31+00:00","twitter_card":"summary_large_image","twitter_image":"https:\/\/images.novelship.com\/product\/air_jordan_5_retro__international_flight__136027_1_0_66034.jpeg;https:\/\/images.novelship.com\/product\/air_jordan_5_retro__international_flight__136027_1_1_66034.jpeg;https:\/\/images.novelship.com\/product\/air_jordan_5_retro__international_flight__136027_1_2_66034.jpeg;https:\/\/images.novelship.com\/product\/air_jordan_5_retro__international_flight__136027_1_3_66035.jpeg;https:\/\/images.novelship.com\/product\/air_jordan_5_retro__international_flight__136027_1_4_66035.jpeg;https:\/\/images.novelship.com\/product\/air_jordan_5_retro__international_flight__136027_1_5_66035.jpeg;https:\/\/images.novelship.com\/product\/air_jordan_5_retro__international_flight__136027_1_6_66035.jpeg;https:\/\/images.novelship.com\/product\/air_jordan_5_retro__international_flight__136027_1_7_66035.jpeg","schema":{"@context":"https:\/\/schema.org","@graph":[{"@type":"WebPage","@id":"https:\/\/tourcruiser.com\/fr\/products\/air-jordan-5-retro-international-flight-136027-148\/","url":"https:\/\/tourcruiser.com\/fr\/products\/air-jordan-5-retro-international-flight-136027-148\/","name":"Air Jordan 5 Retro 'International Flight' 136027-148 - TOURCRUISER PTE. LTD","isPartOf":{"@id":"\/#website"},"primaryImageOfPage":{"@id":"https:\/\/tourcruiser.com\/fr\/products\/air-jordan-5-retro-international-flight-136027-148\/#primaryimage"},"image":{"@id":"https:\/\/tourcruiser.com\/fr\/products\/air-jordan-5-retro-international-flight-136027-148\/#primaryimage"},"thumbnailUrl":"https:\/\/images.novelship.com\/product\/air_jordan_5_retro__international_flight__136027_1_0_66034.jpeg;https:\/\/images.novelship.com\/product\/air_jordan_5_retro__international_flight__136027_1_1_66034.jpeg;https:\/\/images.novelship.com\/product\/air_jordan_5_retro__international_flight__136027_1_2_66034.jpeg;https:\/\/images.novelship.com\/product\/air_jordan_5_retro__international_flight__136027_1_3_66035.jpeg;https:\/\/images.novelship.com\/product\/air_jordan_5_retro__international_flight__136027_1_4_66035.jpeg;https:\/\/images.novelship.com\/product\/air_jordan_5_retro__international_flight__136027_1_5_66035.jpeg;https:\/\/images.novelship.com\/product\/air_jordan_5_retro__international_flight__136027_1_6_66035.jpeg;https:\/\/images.novelship.com\/product\/air_jordan_5_retro__international_flight__136027_1_7_66035.jpeg","datePublished":"2026-04-16T10:08:33+00:00","dateModified":"2026-04-17T15:50:31+00:00","breadcrumb":{"@id":"https:\/\/tourcruiser.com\/fr\/products\/air-jordan-5-retro-international-flight-136027-148\/#breadcrumb"},"inLanguage":"fr-FR","potentialAction":[{"@type":"ReadAction","target":["https:\/\/tourcruiser.com\/fr\/products\/air-jordan-5-retro-international-flight-136027-148\/"]}]},{"@type":"ImageObject","inLanguage":"fr-FR","@id":"https:\/\/tourcruiser.com\/fr\/products\/air-jordan-5-retro-international-flight-136027-148\/#primaryimage","url":"https:\/\/images.novelship.com\/product\/air_jordan_5_retro__international_flight__136027_1_0_66034.jpeg;https:\/\/images.novelship.com\/product\/air_jordan_5_retro__international_flight__136027_1_1_66034.jpeg;https:\/\/images.novelship.com\/product\/air_jordan_5_retro__international_flight__136027_1_2_66034.jpeg;https:\/\/images.novelship.com\/product\/air_jordan_5_retro__international_flight__136027_1_3_66035.jpeg;https:\/\/images.novelship.com\/product\/air_jordan_5_retro__international_flight__136027_1_4_66035.jpeg;https:\/\/images.novelship.com\/product\/air_jordan_5_retro__international_flight__136027_1_5_66035.jpeg;https:\/\/images.novelship.com\/product\/air_jordan_5_retro__international_flight__136027_1_6_66035.jpeg;https:\/\/images.novelship.com\/product\/air_jordan_5_retro__international_flight__136027_1_7_66035.jpeg","contentUrl":"https:\/\/images.novelship.com\/product\/air_jordan_5_retro__international_flight__136027_1_0_66034.jpeg;https:\/\/images.novelship.com\/product\/air_jordan_5_retro__international_flight__136027_1_1_66034.jpeg;https:\/\/images.novelship.com\/product\/air_jordan_5_retro__international_flight__136027_1_2_66034.jpeg;https:\/\/images.novelship.com\/product\/air_jordan_5_retro__international_flight__136027_1_3_66035.jpeg;https:\/\/images.novelship.com\/product\/air_jordan_5_retro__international_flight__136027_1_4_66035.jpeg;https:\/\/images.novelship.com\/product\/air_jordan_5_retro__international_flight__136027_1_5_66035.jpeg;https:\/\/images.novelship.com\/product\/air_jordan_5_retro__international_flight__136027_1_6_66035.jpeg;https:\/\/images.novelship.com\/product\/air_jordan_5_retro__international_flight__136027_1_7_66035.jpeg"},{"@type":"BreadcrumbList","@id":"https:\/\/tourcruiser.com\/fr\/products\/air-jordan-5-retro-international-flight-136027-148\/#breadcrumb","itemListElement":[{"@type":"ListItem","position":1,"name":"Home","item":"https:\/\/tourcruiser.com\/fr\/"},{"@type":"ListItem","position":2,"name":"Shop","item":"https:\/\/tourcruiser.com\/fr\/shop\/"},{"@type":"ListItem","position":3,"name":"Air Jordan 5 Retro &#8216;International Flight&#8217; 136027-148"}]},{"@type":"WebSite","@id":"\/#website","url":"\/","name":"Styloral Jewelry Shop","description":"Tourcruiser Sneaker Store \u2014 L\u2019endroit o\u00f9 l\u2019univers rencontre votre singularit\u00e9.","publisher":{"@id":"\/#organization"},"potentialAction":[{"@type":"SearchAction","target":{"@type":"EntryPoint","urlTemplate":"\/?s={search_term_string}"},"query-input":{"@type":"PropertyValueSpecification","valueRequired":true,"valueName":"search_term_string"}}],"inLanguage":"fr-FR"},{"@type":"Organization","@id":"\/#organization","name":"STYLORAL PTE. LTD","url":"\/","logo":{"@type":"ImageObject","inLanguage":"fr-FR","@id":"\/#\/schema\/logo\/image\/","url":"https:\/\/www.tourcruiser.com\/wp-content\/uploads\/2025\/12\/logo.png","contentUrl":"https:\/\/www.tourcruiser.com\/wp-content\/uploads\/2025\/12\/logo.png","width":200,"height":65,"caption":"STYLORAL PTE. LTD"},"image":{"@id":"\/#\/schema\/logo\/image\/"}}]}},"_links":{"self":[{"href":"https:\/\/tourcruiser.com\/fr\/wp-json\/wp\/v2\/product\/759996","targetHints":{"allow":["GET"]}}],"collection":[{"href":"https:\/\/tourcruiser.com\/fr\/wp-json\/wp\/v2\/product"}],"about":[{"href":"https:\/\/tourcruiser.com\/fr\/wp-json\/wp\/v2\/types\/product"}],"replies":[{"embeddable":true,"href":"https:\/\/tourcruiser.com\/fr\/wp-json\/wp\/v2\/comments?post=759996"}],"wp:featuredmedia":[{"embeddable":true,"href":"https:\/\/tourcruiser.com\/fr\/wp-json\/wp\/v2\/media\/759997"}],"wp:attachment":[{"href":"https:\/\/tourcruiser.com\/fr\/wp-json\/wp\/v2\/media?parent=759996"}],"wp:term":[{"taxonomy":"product_brand","embeddable":true,"href":"https:\/\/tourcruiser.com\/fr\/wp-json\/wp\/v2\/product_brand?post=759996"},{"taxonomy":"product_cat","embeddable":true,"href":"https:\/\/tourcruiser.com\/fr\/wp-json\/wp\/v2\/product_cat?post=759996"},{"taxonomy":"product_tag","embeddable":true,"href":"https:\/\/tourcruiser.com\/fr\/wp-json\/wp\/v2\/product_tag?post=759996"}],"curies":[{"name":"wp","href":"https:\/\/api.w.org\/{rel}","templated":true}]}}