{"id":759987,"date":"2026-04-16T17:08:33","date_gmt":"2026-04-16T10:08:33","guid":{"rendered":"http:\/\/tourcruiser.com\/product\/air-jordan-11-retro-low-emerald-528895-145"},"modified":"2026-04-17T21:55:16","modified_gmt":"2026-04-17T14:55:16","slug":"air-jordan-11-retro-low-emerald-528895-145","status":"publish","type":"product","link":"https:\/\/tourcruiser.com\/fr\/products\/air-jordan-11-retro-low-emerald-528895-145\/","title":{"rendered":"Air Jordan 11 Retro Low &lsquo;Emerald&rsquo; 528895-145"},"content":{"rendered":"<p>La Air Jordan 11 Retro Low Emerald, aussi appel\u00e9e Emerald, est une chaussure \u00e9l\u00e9gante de la marque Jordan. Avec son blanc raffin\u00e9 et son design r\u00e9tro, elle est parfaite pour le sport comme pour les loisirs. Apportez une touche de sophistication \u00e0 votre tenue avec ces sneakers iconiques.<\/p>\n<p>Coloris\u00a0: Blanc\/Vert \u00e9meraude\/Noir<\/p>\n<p>R\u00e9f\u00e9rence\u00a0: 528895-145<br \/>\nTige\u00a0: Mesh<br \/>\nSemelle interm\u00e9diaire\u00a0: Air<br \/>\nCouleur\u00a0: Blanc<br \/>\nDesigner\u00a0: Tinker Hatfield<br \/>\nSaison\u00a0: Printemps<br \/>\nAnn\u00e9e de sortie\u00a0: 2018<br \/>\n\u00c2ge\u00a0: Adulte<br \/>\nCouleur\u00a0: Blanc<br \/>\nGenre\u00a0: Homme<\/p>\n","protected":false},"excerpt":{"rendered":"<p>La Air Jordan 11 Retro Low Emerald, aussi appel\u00e9e Emerald, est une chaussure \u00e9l\u00e9gante de la marque Jordan. Avec son blanc raffin\u00e9 et son design r\u00e9tro, elle est parfaite pour le sport comme pour les loisirs. Apportez une touche de sophistication \u00e0 votre tenue avec ces sneakers iconiques. Coloris\u00a0: Blanc\/Vert \u00e9meraude\/Noir R\u00e9f\u00e9rence\u00a0: 528895-145 Tige\u00a0: Mesh [&hellip;]<\/p>\n","protected":false},"featured_media":759988,"comment_status":"open","ping_status":"closed","template":"","meta":[],"product_brand":[],"product_cat":[38880],"product_tag":[10800,38842,10776,11349,38875,11129,38846],"class_list":{"0":"post-759987","1":"product","2":"type-product","3":"status-publish","4":"has-post-thumbnail","6":"product_cat-jordan","7":"product_tag-basketball-shoes","8":"product_tag-gift-idea-for-him","9":"product_tag-jordan","10":"product_tag-jordan-basketball-shoes","11":"product_tag-jordan-skateboard-shoes","12":"product_tag-lightweight-basketball-shoes","13":"product_tag-performance-sports-shoes","15":"first","16":"instock","17":"taxable","18":"shipping-taxable","19":"purchasable","20":"product-type-simple"},"wcpa_form_fields":null,"yoast_head":"<!-- This site is optimized with the Yoast SEO plugin v26.5 - https:\/\/yoast.com\/wordpress\/plugins\/seo\/ -->\n<title>Air Jordan 11 Retro Low &#039;Emerald&#039; 528895-145 - TOURCRUISER PTE. LTD<\/title>\n<meta name=\"robots\" content=\"index, follow, max-snippet:-1, max-image-preview:large, max-video-preview:-1\" \/>\n<link rel=\"canonical\" href=\"https:\/\/tourcruiser.com\/fr\/products\/air-jordan-11-retro-low-emerald-528895-145\/\" \/>\n<meta property=\"og:locale\" content=\"fr_FR\" \/>\n<meta property=\"og:type\" content=\"article\" \/>\n<meta property=\"og:title\" content=\"Air Jordan 11 Retro Low &#039;Emerald&#039; 528895-145 - TOURCRUISER PTE. LTD\" \/>\n<meta property=\"og:description\" content=\"La Air Jordan 11 Retro Low Emerald, aussi appel\u00e9e Emerald, est une chaussure \u00e9l\u00e9gante de la marque Jordan. Avec son blanc raffin\u00e9 et son design r\u00e9tro, elle est parfaite pour le sport comme pour les loisirs. Apportez une touche de sophistication \u00e0 votre tenue avec ces sneakers iconiques. Coloris\u00a0: Blanc\/Vert \u00e9meraude\/Noir R\u00e9f\u00e9rence\u00a0: 528895-145 Tige\u00a0: Mesh [&hellip;]\" \/>\n<meta property=\"og:url\" content=\"https:\/\/tourcruiser.com\/fr\/products\/air-jordan-11-retro-low-emerald-528895-145\/\" \/>\n<meta property=\"og:site_name\" content=\"Tourcruiser Sneaker Store\" \/>\n<meta property=\"article:modified_time\" content=\"2026-04-17T14:55:16+00:00\" \/>\n<meta name=\"twitter:card\" content=\"summary_large_image\" \/>\n<meta name=\"twitter:image\" content=\"https:\/\/images.novelship.com\/product\/air_jordan_11_retro_low__emerald__528895_145_0_4899.jpeg;https:\/\/images.novelship.com\/product\/air_jordan_11_retro_low__emerald__528895_145_1_4899.jpeg;https:\/\/images.novelship.com\/product\/air_jordan_11_retro_low__emerald__528895_145_2_4899.jpeg;https:\/\/images.novelship.com\/product\/air_jordan_11_retro_low__emerald__528895_145_3_4899.jpeg;https:\/\/images.novelship.com\/product\/air_jordan_11_retro_low__emerald__528895_145_4_4899.jpeg;https:\/\/images.novelship.com\/product\/air_jordan_11_retro_low__emerald__528895_145_5_4899.jpeg;https:\/\/images.novelship.com\/product\/air_jordan_11_retro_low__emerald__528895_145_6_4899.jpeg;https:\/\/images.novelship.com\/product\/air_jordan_11_retro_low__emerald__528895_145_7_4899.jpeg\" \/>\n<script type=\"application\/ld+json\" class=\"yoast-schema-graph\">{\"@context\":\"https:\/\/schema.org\",\"@graph\":[{\"@type\":\"WebPage\",\"@id\":\"https:\/\/tourcruiser.com\/fr\/products\/air-jordan-11-retro-low-emerald-528895-145\/\",\"url\":\"https:\/\/tourcruiser.com\/fr\/products\/air-jordan-11-retro-low-emerald-528895-145\/\",\"name\":\"Air Jordan 11 Retro Low 'Emerald' 528895-145 - TOURCRUISER PTE. LTD\",\"isPartOf\":{\"@id\":\"\/#website\"},\"primaryImageOfPage\":{\"@id\":\"https:\/\/tourcruiser.com\/fr\/products\/air-jordan-11-retro-low-emerald-528895-145\/#primaryimage\"},\"image\":{\"@id\":\"https:\/\/tourcruiser.com\/fr\/products\/air-jordan-11-retro-low-emerald-528895-145\/#primaryimage\"},\"thumbnailUrl\":\"https:\/\/images.novelship.com\/product\/air_jordan_11_retro_low__emerald__528895_145_0_4899.jpeg;https:\/\/images.novelship.com\/product\/air_jordan_11_retro_low__emerald__528895_145_1_4899.jpeg;https:\/\/images.novelship.com\/product\/air_jordan_11_retro_low__emerald__528895_145_2_4899.jpeg;https:\/\/images.novelship.com\/product\/air_jordan_11_retro_low__emerald__528895_145_3_4899.jpeg;https:\/\/images.novelship.com\/product\/air_jordan_11_retro_low__emerald__528895_145_4_4899.jpeg;https:\/\/images.novelship.com\/product\/air_jordan_11_retro_low__emerald__528895_145_5_4899.jpeg;https:\/\/images.novelship.com\/product\/air_jordan_11_retro_low__emerald__528895_145_6_4899.jpeg;https:\/\/images.novelship.com\/product\/air_jordan_11_retro_low__emerald__528895_145_7_4899.jpeg\",\"datePublished\":\"2026-04-16T10:08:33+00:00\",\"dateModified\":\"2026-04-17T14:55:16+00:00\",\"breadcrumb\":{\"@id\":\"https:\/\/tourcruiser.com\/fr\/products\/air-jordan-11-retro-low-emerald-528895-145\/#breadcrumb\"},\"inLanguage\":\"fr-FR\",\"potentialAction\":[{\"@type\":\"ReadAction\",\"target\":[\"https:\/\/tourcruiser.com\/fr\/products\/air-jordan-11-retro-low-emerald-528895-145\/\"]}]},{\"@type\":\"ImageObject\",\"inLanguage\":\"fr-FR\",\"@id\":\"https:\/\/tourcruiser.com\/fr\/products\/air-jordan-11-retro-low-emerald-528895-145\/#primaryimage\",\"url\":\"https:\/\/images.novelship.com\/product\/air_jordan_11_retro_low__emerald__528895_145_0_4899.jpeg;https:\/\/images.novelship.com\/product\/air_jordan_11_retro_low__emerald__528895_145_1_4899.jpeg;https:\/\/images.novelship.com\/product\/air_jordan_11_retro_low__emerald__528895_145_2_4899.jpeg;https:\/\/images.novelship.com\/product\/air_jordan_11_retro_low__emerald__528895_145_3_4899.jpeg;https:\/\/images.novelship.com\/product\/air_jordan_11_retro_low__emerald__528895_145_4_4899.jpeg;https:\/\/images.novelship.com\/product\/air_jordan_11_retro_low__emerald__528895_145_5_4899.jpeg;https:\/\/images.novelship.com\/product\/air_jordan_11_retro_low__emerald__528895_145_6_4899.jpeg;https:\/\/images.novelship.com\/product\/air_jordan_11_retro_low__emerald__528895_145_7_4899.jpeg\",\"contentUrl\":\"https:\/\/images.novelship.com\/product\/air_jordan_11_retro_low__emerald__528895_145_0_4899.jpeg;https:\/\/images.novelship.com\/product\/air_jordan_11_retro_low__emerald__528895_145_1_4899.jpeg;https:\/\/images.novelship.com\/product\/air_jordan_11_retro_low__emerald__528895_145_2_4899.jpeg;https:\/\/images.novelship.com\/product\/air_jordan_11_retro_low__emerald__528895_145_3_4899.jpeg;https:\/\/images.novelship.com\/product\/air_jordan_11_retro_low__emerald__528895_145_4_4899.jpeg;https:\/\/images.novelship.com\/product\/air_jordan_11_retro_low__emerald__528895_145_5_4899.jpeg;https:\/\/images.novelship.com\/product\/air_jordan_11_retro_low__emerald__528895_145_6_4899.jpeg;https:\/\/images.novelship.com\/product\/air_jordan_11_retro_low__emerald__528895_145_7_4899.jpeg\"},{\"@type\":\"BreadcrumbList\",\"@id\":\"https:\/\/tourcruiser.com\/fr\/products\/air-jordan-11-retro-low-emerald-528895-145\/#breadcrumb\",\"itemListElement\":[{\"@type\":\"ListItem\",\"position\":1,\"name\":\"Home\",\"item\":\"https:\/\/tourcruiser.com\/fr\/\"},{\"@type\":\"ListItem\",\"position\":2,\"name\":\"Shop\",\"item\":\"https:\/\/tourcruiser.com\/fr\/shop\/\"},{\"@type\":\"ListItem\",\"position\":3,\"name\":\"Air Jordan 11 Retro Low &#8216;Emerald&#8217; 528895-145\"}]},{\"@type\":\"WebSite\",\"@id\":\"\/#website\",\"url\":\"\/\",\"name\":\"Styloral Jewelry Shop\",\"description\":\"Tourcruiser Sneaker Store \u2014 L\u2019endroit o\u00f9 l\u2019univers rencontre votre singularit\u00e9.\",\"publisher\":{\"@id\":\"\/#organization\"},\"potentialAction\":[{\"@type\":\"SearchAction\",\"target\":{\"@type\":\"EntryPoint\",\"urlTemplate\":\"\/?s={search_term_string}\"},\"query-input\":{\"@type\":\"PropertyValueSpecification\",\"valueRequired\":true,\"valueName\":\"search_term_string\"}}],\"inLanguage\":\"fr-FR\"},{\"@type\":\"Organization\",\"@id\":\"\/#organization\",\"name\":\"STYLORAL PTE. LTD\",\"url\":\"\/\",\"logo\":{\"@type\":\"ImageObject\",\"inLanguage\":\"fr-FR\",\"@id\":\"\/#\/schema\/logo\/image\/\",\"url\":\"https:\/\/www.tourcruiser.com\/wp-content\/uploads\/2025\/12\/logo.png\",\"contentUrl\":\"https:\/\/www.tourcruiser.com\/wp-content\/uploads\/2025\/12\/logo.png\",\"width\":200,\"height\":65,\"caption\":\"STYLORAL PTE. LTD\"},\"image\":{\"@id\":\"\/#\/schema\/logo\/image\/\"}}]}<\/script>\n<!-- \/ Yoast SEO plugin. -->","yoast_head_json":{"title":"Air Jordan 11 Retro Low 'Emerald' 528895-145 - TOURCRUISER PTE. LTD","robots":{"index":"index","follow":"follow","max-snippet":"max-snippet:-1","max-image-preview":"max-image-preview:large","max-video-preview":"max-video-preview:-1"},"canonical":"https:\/\/tourcruiser.com\/fr\/products\/air-jordan-11-retro-low-emerald-528895-145\/","og_locale":"fr_FR","og_type":"article","og_title":"Air Jordan 11 Retro Low 'Emerald' 528895-145 - TOURCRUISER PTE. LTD","og_description":"La Air Jordan 11 Retro Low Emerald, aussi appel\u00e9e Emerald, est une chaussure \u00e9l\u00e9gante de la marque Jordan. Avec son blanc raffin\u00e9 et son design r\u00e9tro, elle est parfaite pour le sport comme pour les loisirs. Apportez une touche de sophistication \u00e0 votre tenue avec ces sneakers iconiques. Coloris\u00a0: Blanc\/Vert \u00e9meraude\/Noir R\u00e9f\u00e9rence\u00a0: 528895-145 Tige\u00a0: Mesh [&hellip;]","og_url":"https:\/\/tourcruiser.com\/fr\/products\/air-jordan-11-retro-low-emerald-528895-145\/","og_site_name":"Tourcruiser Sneaker Store","article_modified_time":"2026-04-17T14:55:16+00:00","twitter_card":"summary_large_image","twitter_image":"https:\/\/images.novelship.com\/product\/air_jordan_11_retro_low__emerald__528895_145_0_4899.jpeg;https:\/\/images.novelship.com\/product\/air_jordan_11_retro_low__emerald__528895_145_1_4899.jpeg;https:\/\/images.novelship.com\/product\/air_jordan_11_retro_low__emerald__528895_145_2_4899.jpeg;https:\/\/images.novelship.com\/product\/air_jordan_11_retro_low__emerald__528895_145_3_4899.jpeg;https:\/\/images.novelship.com\/product\/air_jordan_11_retro_low__emerald__528895_145_4_4899.jpeg;https:\/\/images.novelship.com\/product\/air_jordan_11_retro_low__emerald__528895_145_5_4899.jpeg;https:\/\/images.novelship.com\/product\/air_jordan_11_retro_low__emerald__528895_145_6_4899.jpeg;https:\/\/images.novelship.com\/product\/air_jordan_11_retro_low__emerald__528895_145_7_4899.jpeg","schema":{"@context":"https:\/\/schema.org","@graph":[{"@type":"WebPage","@id":"https:\/\/tourcruiser.com\/fr\/products\/air-jordan-11-retro-low-emerald-528895-145\/","url":"https:\/\/tourcruiser.com\/fr\/products\/air-jordan-11-retro-low-emerald-528895-145\/","name":"Air Jordan 11 Retro Low 'Emerald' 528895-145 - TOURCRUISER PTE. LTD","isPartOf":{"@id":"\/#website"},"primaryImageOfPage":{"@id":"https:\/\/tourcruiser.com\/fr\/products\/air-jordan-11-retro-low-emerald-528895-145\/#primaryimage"},"image":{"@id":"https:\/\/tourcruiser.com\/fr\/products\/air-jordan-11-retro-low-emerald-528895-145\/#primaryimage"},"thumbnailUrl":"https:\/\/images.novelship.com\/product\/air_jordan_11_retro_low__emerald__528895_145_0_4899.jpeg;https:\/\/images.novelship.com\/product\/air_jordan_11_retro_low__emerald__528895_145_1_4899.jpeg;https:\/\/images.novelship.com\/product\/air_jordan_11_retro_low__emerald__528895_145_2_4899.jpeg;https:\/\/images.novelship.com\/product\/air_jordan_11_retro_low__emerald__528895_145_3_4899.jpeg;https:\/\/images.novelship.com\/product\/air_jordan_11_retro_low__emerald__528895_145_4_4899.jpeg;https:\/\/images.novelship.com\/product\/air_jordan_11_retro_low__emerald__528895_145_5_4899.jpeg;https:\/\/images.novelship.com\/product\/air_jordan_11_retro_low__emerald__528895_145_6_4899.jpeg;https:\/\/images.novelship.com\/product\/air_jordan_11_retro_low__emerald__528895_145_7_4899.jpeg","datePublished":"2026-04-16T10:08:33+00:00","dateModified":"2026-04-17T14:55:16+00:00","breadcrumb":{"@id":"https:\/\/tourcruiser.com\/fr\/products\/air-jordan-11-retro-low-emerald-528895-145\/#breadcrumb"},"inLanguage":"fr-FR","potentialAction":[{"@type":"ReadAction","target":["https:\/\/tourcruiser.com\/fr\/products\/air-jordan-11-retro-low-emerald-528895-145\/"]}]},{"@type":"ImageObject","inLanguage":"fr-FR","@id":"https:\/\/tourcruiser.com\/fr\/products\/air-jordan-11-retro-low-emerald-528895-145\/#primaryimage","url":"https:\/\/images.novelship.com\/product\/air_jordan_11_retro_low__emerald__528895_145_0_4899.jpeg;https:\/\/images.novelship.com\/product\/air_jordan_11_retro_low__emerald__528895_145_1_4899.jpeg;https:\/\/images.novelship.com\/product\/air_jordan_11_retro_low__emerald__528895_145_2_4899.jpeg;https:\/\/images.novelship.com\/product\/air_jordan_11_retro_low__emerald__528895_145_3_4899.jpeg;https:\/\/images.novelship.com\/product\/air_jordan_11_retro_low__emerald__528895_145_4_4899.jpeg;https:\/\/images.novelship.com\/product\/air_jordan_11_retro_low__emerald__528895_145_5_4899.jpeg;https:\/\/images.novelship.com\/product\/air_jordan_11_retro_low__emerald__528895_145_6_4899.jpeg;https:\/\/images.novelship.com\/product\/air_jordan_11_retro_low__emerald__528895_145_7_4899.jpeg","contentUrl":"https:\/\/images.novelship.com\/product\/air_jordan_11_retro_low__emerald__528895_145_0_4899.jpeg;https:\/\/images.novelship.com\/product\/air_jordan_11_retro_low__emerald__528895_145_1_4899.jpeg;https:\/\/images.novelship.com\/product\/air_jordan_11_retro_low__emerald__528895_145_2_4899.jpeg;https:\/\/images.novelship.com\/product\/air_jordan_11_retro_low__emerald__528895_145_3_4899.jpeg;https:\/\/images.novelship.com\/product\/air_jordan_11_retro_low__emerald__528895_145_4_4899.jpeg;https:\/\/images.novelship.com\/product\/air_jordan_11_retro_low__emerald__528895_145_5_4899.jpeg;https:\/\/images.novelship.com\/product\/air_jordan_11_retro_low__emerald__528895_145_6_4899.jpeg;https:\/\/images.novelship.com\/product\/air_jordan_11_retro_low__emerald__528895_145_7_4899.jpeg"},{"@type":"BreadcrumbList","@id":"https:\/\/tourcruiser.com\/fr\/products\/air-jordan-11-retro-low-emerald-528895-145\/#breadcrumb","itemListElement":[{"@type":"ListItem","position":1,"name":"Home","item":"https:\/\/tourcruiser.com\/fr\/"},{"@type":"ListItem","position":2,"name":"Shop","item":"https:\/\/tourcruiser.com\/fr\/shop\/"},{"@type":"ListItem","position":3,"name":"Air Jordan 11 Retro Low &#8216;Emerald&#8217; 528895-145"}]},{"@type":"WebSite","@id":"\/#website","url":"\/","name":"Styloral Jewelry Shop","description":"Tourcruiser Sneaker Store \u2014 L\u2019endroit o\u00f9 l\u2019univers rencontre votre singularit\u00e9.","publisher":{"@id":"\/#organization"},"potentialAction":[{"@type":"SearchAction","target":{"@type":"EntryPoint","urlTemplate":"\/?s={search_term_string}"},"query-input":{"@type":"PropertyValueSpecification","valueRequired":true,"valueName":"search_term_string"}}],"inLanguage":"fr-FR"},{"@type":"Organization","@id":"\/#organization","name":"STYLORAL PTE. LTD","url":"\/","logo":{"@type":"ImageObject","inLanguage":"fr-FR","@id":"\/#\/schema\/logo\/image\/","url":"https:\/\/www.tourcruiser.com\/wp-content\/uploads\/2025\/12\/logo.png","contentUrl":"https:\/\/www.tourcruiser.com\/wp-content\/uploads\/2025\/12\/logo.png","width":200,"height":65,"caption":"STYLORAL PTE. LTD"},"image":{"@id":"\/#\/schema\/logo\/image\/"}}]}},"_links":{"self":[{"href":"https:\/\/tourcruiser.com\/fr\/wp-json\/wp\/v2\/product\/759987","targetHints":{"allow":["GET"]}}],"collection":[{"href":"https:\/\/tourcruiser.com\/fr\/wp-json\/wp\/v2\/product"}],"about":[{"href":"https:\/\/tourcruiser.com\/fr\/wp-json\/wp\/v2\/types\/product"}],"replies":[{"embeddable":true,"href":"https:\/\/tourcruiser.com\/fr\/wp-json\/wp\/v2\/comments?post=759987"}],"wp:featuredmedia":[{"embeddable":true,"href":"https:\/\/tourcruiser.com\/fr\/wp-json\/wp\/v2\/media\/759988"}],"wp:attachment":[{"href":"https:\/\/tourcruiser.com\/fr\/wp-json\/wp\/v2\/media?parent=759987"}],"wp:term":[{"taxonomy":"product_brand","embeddable":true,"href":"https:\/\/tourcruiser.com\/fr\/wp-json\/wp\/v2\/product_brand?post=759987"},{"taxonomy":"product_cat","embeddable":true,"href":"https:\/\/tourcruiser.com\/fr\/wp-json\/wp\/v2\/product_cat?post=759987"},{"taxonomy":"product_tag","embeddable":true,"href":"https:\/\/tourcruiser.com\/fr\/wp-json\/wp\/v2\/product_tag?post=759987"}],"curies":[{"name":"wp","href":"https:\/\/api.w.org\/{rel}","templated":true}]}}