{"id":759951,"date":"2026-04-16T17:08:32","date_gmt":"2026-04-16T10:08:32","guid":{"rendered":"http:\/\/tourcruiser.com\/product\/air-jordan-1-retro-mid-se-team-orange-852542-800"},"modified":"2026-04-17T22:50:28","modified_gmt":"2026-04-17T15:50:28","slug":"air-jordan-1-retro-mid-se-team-orange-852542-800","status":"publish","type":"product","link":"https:\/\/tourcruiser.com\/fr\/products\/air-jordan-1-retro-mid-se-team-orange-852542-800\/","title":{"rendered":"Air Jordan 1 Retro Mid SE &lsquo;Team Orange&rsquo; 852542-800"},"content":{"rendered":"<p>La Air Jordan 1 Retro Mid SE Team Orange est une sneaker styl\u00e9e d&rsquo;un orange \u00e9clatant. Avec son design saisissant et son confort optimal, c&rsquo;est le choix id\u00e9al pour les passionn\u00e9s de sneakers et de basketball. Apportez une touche de couleur \u00e0 votre tenue avec la Air Jordan 1 Retro Mid SE Team Orange.<\/p>\n<p>Coloris : Team Orange\/Noir<\/p>\n<p>Code article : 852542-800<\/p>\n<p>Tige : Cuir<\/p>\n<p>Semelle interm\u00e9diaire : Air<\/p>\n<p>Couleur : Orange<\/p>\n<p>Designer : Peter Moore<\/p>\n<p>Saison : Hiver<\/p>\n<p>Ann\u00e9e de sortie : 2018<\/p>\n<p>\u00c2ge : Adulte<\/p>\n<p>Couleur : Orange<br \/>\nGenre : Homme<\/p>\n","protected":false},"excerpt":{"rendered":"<p>La Air Jordan 1 Retro Mid SE Team Orange est une sneaker styl\u00e9e d&rsquo;un orange \u00e9clatant. Avec son design saisissant et son confort optimal, c&rsquo;est le choix id\u00e9al pour les passionn\u00e9s de sneakers et de basketball. Apportez une touche de couleur \u00e0 votre tenue avec la Air Jordan 1 Retro Mid SE Team Orange. Coloris [&hellip;]<\/p>\n","protected":false},"featured_media":759952,"comment_status":"open","ping_status":"closed","template":"","meta":[],"product_brand":[],"product_cat":[38880],"product_tag":[10750,38841,10776,38875,10777,10756],"class_list":{"0":"post-759951","1":"product","2":"type-product","3":"status-publish","4":"has-post-thumbnail","6":"product_cat-jordan","7":"product_tag-athleisure-shoes","8":"product_tag-casual-shoes","9":"product_tag-jordan","10":"product_tag-jordan-skateboard-shoes","11":"product_tag-lifestyle-shoes-basketball-inspired","12":"product_tag-retro-casual-shoes","14":"first","15":"instock","16":"taxable","17":"shipping-taxable","18":"purchasable","19":"product-type-simple"},"wcpa_form_fields":null,"yoast_head":"<!-- This site is optimized with the Yoast SEO plugin v26.5 - https:\/\/yoast.com\/wordpress\/plugins\/seo\/ -->\n<title>Air Jordan 1 Retro Mid SE &#039;Team Orange&#039; 852542-800 - TOURCRUISER PTE. LTD<\/title>\n<meta name=\"robots\" content=\"index, follow, max-snippet:-1, max-image-preview:large, max-video-preview:-1\" \/>\n<link rel=\"canonical\" href=\"https:\/\/tourcruiser.com\/fr\/products\/air-jordan-1-retro-mid-se-team-orange-852542-800\/\" \/>\n<meta property=\"og:locale\" content=\"fr_FR\" \/>\n<meta property=\"og:type\" content=\"article\" \/>\n<meta property=\"og:title\" content=\"Air Jordan 1 Retro Mid SE &#039;Team Orange&#039; 852542-800 - TOURCRUISER PTE. LTD\" \/>\n<meta property=\"og:description\" content=\"La Air Jordan 1 Retro Mid SE Team Orange est une sneaker styl\u00e9e d&rsquo;un orange \u00e9clatant. Avec son design saisissant et son confort optimal, c&rsquo;est le choix id\u00e9al pour les passionn\u00e9s de sneakers et de basketball. Apportez une touche de couleur \u00e0 votre tenue avec la Air Jordan 1 Retro Mid SE Team Orange. Coloris [&hellip;]\" \/>\n<meta property=\"og:url\" content=\"https:\/\/tourcruiser.com\/fr\/products\/air-jordan-1-retro-mid-se-team-orange-852542-800\/\" \/>\n<meta property=\"og:site_name\" content=\"Tourcruiser Sneaker Store\" \/>\n<meta property=\"article:modified_time\" content=\"2026-04-17T15:50:28+00:00\" \/>\n<meta name=\"twitter:card\" content=\"summary_large_image\" \/>\n<meta name=\"twitter:image\" content=\"https:\/\/images.novelship.com\/product\/air_jordan_1_retro_mid_se__team_orange__852542_800_0_31745.jpeg;https:\/\/images.novelship.com\/product\/air_jordan_1_retro_mid_se__team_orange__852542_800_1_31745.jpeg;https:\/\/images.novelship.com\/product\/air_jordan_1_retro_mid_se__team_orange__852542_800_2_31746.jpeg;https:\/\/images.novelship.com\/product\/air_jordan_1_retro_mid_se__team_orange__852542_800_3_31746.jpeg;https:\/\/images.novelship.com\/product\/air_jordan_1_retro_mid_se__team_orange__852542_800_4_31746.jpeg;https:\/\/images.novelship.com\/product\/air_jordan_1_retro_mid_se__team_orange__852542_800_5_31746.jpeg;https:\/\/images.novelship.com\/product\/air_jordan_1_retro_mid_se__team_orange__852542_800_6_31746.jpeg;https:\/\/images.novelship.com\/product\/air_jordan_1_retro_mid_se__team_orange__852542_800_7_31746.jpeg\" \/>\n<script type=\"application\/ld+json\" class=\"yoast-schema-graph\">{\"@context\":\"https:\/\/schema.org\",\"@graph\":[{\"@type\":\"WebPage\",\"@id\":\"https:\/\/tourcruiser.com\/fr\/products\/air-jordan-1-retro-mid-se-team-orange-852542-800\/\",\"url\":\"https:\/\/tourcruiser.com\/fr\/products\/air-jordan-1-retro-mid-se-team-orange-852542-800\/\",\"name\":\"Air Jordan 1 Retro Mid SE 'Team Orange' 852542-800 - TOURCRUISER PTE. LTD\",\"isPartOf\":{\"@id\":\"\/#website\"},\"primaryImageOfPage\":{\"@id\":\"https:\/\/tourcruiser.com\/fr\/products\/air-jordan-1-retro-mid-se-team-orange-852542-800\/#primaryimage\"},\"image\":{\"@id\":\"https:\/\/tourcruiser.com\/fr\/products\/air-jordan-1-retro-mid-se-team-orange-852542-800\/#primaryimage\"},\"thumbnailUrl\":\"https:\/\/images.novelship.com\/product\/air_jordan_1_retro_mid_se__team_orange__852542_800_0_31745.jpeg;https:\/\/images.novelship.com\/product\/air_jordan_1_retro_mid_se__team_orange__852542_800_1_31745.jpeg;https:\/\/images.novelship.com\/product\/air_jordan_1_retro_mid_se__team_orange__852542_800_2_31746.jpeg;https:\/\/images.novelship.com\/product\/air_jordan_1_retro_mid_se__team_orange__852542_800_3_31746.jpeg;https:\/\/images.novelship.com\/product\/air_jordan_1_retro_mid_se__team_orange__852542_800_4_31746.jpeg;https:\/\/images.novelship.com\/product\/air_jordan_1_retro_mid_se__team_orange__852542_800_5_31746.jpeg;https:\/\/images.novelship.com\/product\/air_jordan_1_retro_mid_se__team_orange__852542_800_6_31746.jpeg;https:\/\/images.novelship.com\/product\/air_jordan_1_retro_mid_se__team_orange__852542_800_7_31746.jpeg\",\"datePublished\":\"2026-04-16T10:08:32+00:00\",\"dateModified\":\"2026-04-17T15:50:28+00:00\",\"breadcrumb\":{\"@id\":\"https:\/\/tourcruiser.com\/fr\/products\/air-jordan-1-retro-mid-se-team-orange-852542-800\/#breadcrumb\"},\"inLanguage\":\"fr-FR\",\"potentialAction\":[{\"@type\":\"ReadAction\",\"target\":[\"https:\/\/tourcruiser.com\/fr\/products\/air-jordan-1-retro-mid-se-team-orange-852542-800\/\"]}]},{\"@type\":\"ImageObject\",\"inLanguage\":\"fr-FR\",\"@id\":\"https:\/\/tourcruiser.com\/fr\/products\/air-jordan-1-retro-mid-se-team-orange-852542-800\/#primaryimage\",\"url\":\"https:\/\/images.novelship.com\/product\/air_jordan_1_retro_mid_se__team_orange__852542_800_0_31745.jpeg;https:\/\/images.novelship.com\/product\/air_jordan_1_retro_mid_se__team_orange__852542_800_1_31745.jpeg;https:\/\/images.novelship.com\/product\/air_jordan_1_retro_mid_se__team_orange__852542_800_2_31746.jpeg;https:\/\/images.novelship.com\/product\/air_jordan_1_retro_mid_se__team_orange__852542_800_3_31746.jpeg;https:\/\/images.novelship.com\/product\/air_jordan_1_retro_mid_se__team_orange__852542_800_4_31746.jpeg;https:\/\/images.novelship.com\/product\/air_jordan_1_retro_mid_se__team_orange__852542_800_5_31746.jpeg;https:\/\/images.novelship.com\/product\/air_jordan_1_retro_mid_se__team_orange__852542_800_6_31746.jpeg;https:\/\/images.novelship.com\/product\/air_jordan_1_retro_mid_se__team_orange__852542_800_7_31746.jpeg\",\"contentUrl\":\"https:\/\/images.novelship.com\/product\/air_jordan_1_retro_mid_se__team_orange__852542_800_0_31745.jpeg;https:\/\/images.novelship.com\/product\/air_jordan_1_retro_mid_se__team_orange__852542_800_1_31745.jpeg;https:\/\/images.novelship.com\/product\/air_jordan_1_retro_mid_se__team_orange__852542_800_2_31746.jpeg;https:\/\/images.novelship.com\/product\/air_jordan_1_retro_mid_se__team_orange__852542_800_3_31746.jpeg;https:\/\/images.novelship.com\/product\/air_jordan_1_retro_mid_se__team_orange__852542_800_4_31746.jpeg;https:\/\/images.novelship.com\/product\/air_jordan_1_retro_mid_se__team_orange__852542_800_5_31746.jpeg;https:\/\/images.novelship.com\/product\/air_jordan_1_retro_mid_se__team_orange__852542_800_6_31746.jpeg;https:\/\/images.novelship.com\/product\/air_jordan_1_retro_mid_se__team_orange__852542_800_7_31746.jpeg\"},{\"@type\":\"BreadcrumbList\",\"@id\":\"https:\/\/tourcruiser.com\/fr\/products\/air-jordan-1-retro-mid-se-team-orange-852542-800\/#breadcrumb\",\"itemListElement\":[{\"@type\":\"ListItem\",\"position\":1,\"name\":\"Home\",\"item\":\"https:\/\/tourcruiser.com\/fr\/\"},{\"@type\":\"ListItem\",\"position\":2,\"name\":\"Shop\",\"item\":\"https:\/\/tourcruiser.com\/fr\/shop\/\"},{\"@type\":\"ListItem\",\"position\":3,\"name\":\"Air Jordan 1 Retro Mid SE &#8216;Team Orange&#8217; 852542-800\"}]},{\"@type\":\"WebSite\",\"@id\":\"\/#website\",\"url\":\"\/\",\"name\":\"Styloral Jewelry Shop\",\"description\":\"Tourcruiser Sneaker Store \u2014 L\u2019endroit o\u00f9 l\u2019univers rencontre votre singularit\u00e9.\",\"publisher\":{\"@id\":\"\/#organization\"},\"potentialAction\":[{\"@type\":\"SearchAction\",\"target\":{\"@type\":\"EntryPoint\",\"urlTemplate\":\"\/?s={search_term_string}\"},\"query-input\":{\"@type\":\"PropertyValueSpecification\",\"valueRequired\":true,\"valueName\":\"search_term_string\"}}],\"inLanguage\":\"fr-FR\"},{\"@type\":\"Organization\",\"@id\":\"\/#organization\",\"name\":\"STYLORAL PTE. LTD\",\"url\":\"\/\",\"logo\":{\"@type\":\"ImageObject\",\"inLanguage\":\"fr-FR\",\"@id\":\"\/#\/schema\/logo\/image\/\",\"url\":\"https:\/\/www.tourcruiser.com\/wp-content\/uploads\/2025\/12\/logo.png\",\"contentUrl\":\"https:\/\/www.tourcruiser.com\/wp-content\/uploads\/2025\/12\/logo.png\",\"width\":200,\"height\":65,\"caption\":\"STYLORAL PTE. LTD\"},\"image\":{\"@id\":\"\/#\/schema\/logo\/image\/\"}}]}<\/script>\n<!-- \/ Yoast SEO plugin. -->","yoast_head_json":{"title":"Air Jordan 1 Retro Mid SE 'Team Orange' 852542-800 - TOURCRUISER PTE. LTD","robots":{"index":"index","follow":"follow","max-snippet":"max-snippet:-1","max-image-preview":"max-image-preview:large","max-video-preview":"max-video-preview:-1"},"canonical":"https:\/\/tourcruiser.com\/fr\/products\/air-jordan-1-retro-mid-se-team-orange-852542-800\/","og_locale":"fr_FR","og_type":"article","og_title":"Air Jordan 1 Retro Mid SE 'Team Orange' 852542-800 - TOURCRUISER PTE. LTD","og_description":"La Air Jordan 1 Retro Mid SE Team Orange est une sneaker styl\u00e9e d&rsquo;un orange \u00e9clatant. Avec son design saisissant et son confort optimal, c&rsquo;est le choix id\u00e9al pour les passionn\u00e9s de sneakers et de basketball. Apportez une touche de couleur \u00e0 votre tenue avec la Air Jordan 1 Retro Mid SE Team Orange. Coloris [&hellip;]","og_url":"https:\/\/tourcruiser.com\/fr\/products\/air-jordan-1-retro-mid-se-team-orange-852542-800\/","og_site_name":"Tourcruiser Sneaker Store","article_modified_time":"2026-04-17T15:50:28+00:00","twitter_card":"summary_large_image","twitter_image":"https:\/\/images.novelship.com\/product\/air_jordan_1_retro_mid_se__team_orange__852542_800_0_31745.jpeg;https:\/\/images.novelship.com\/product\/air_jordan_1_retro_mid_se__team_orange__852542_800_1_31745.jpeg;https:\/\/images.novelship.com\/product\/air_jordan_1_retro_mid_se__team_orange__852542_800_2_31746.jpeg;https:\/\/images.novelship.com\/product\/air_jordan_1_retro_mid_se__team_orange__852542_800_3_31746.jpeg;https:\/\/images.novelship.com\/product\/air_jordan_1_retro_mid_se__team_orange__852542_800_4_31746.jpeg;https:\/\/images.novelship.com\/product\/air_jordan_1_retro_mid_se__team_orange__852542_800_5_31746.jpeg;https:\/\/images.novelship.com\/product\/air_jordan_1_retro_mid_se__team_orange__852542_800_6_31746.jpeg;https:\/\/images.novelship.com\/product\/air_jordan_1_retro_mid_se__team_orange__852542_800_7_31746.jpeg","schema":{"@context":"https:\/\/schema.org","@graph":[{"@type":"WebPage","@id":"https:\/\/tourcruiser.com\/fr\/products\/air-jordan-1-retro-mid-se-team-orange-852542-800\/","url":"https:\/\/tourcruiser.com\/fr\/products\/air-jordan-1-retro-mid-se-team-orange-852542-800\/","name":"Air Jordan 1 Retro Mid SE 'Team Orange' 852542-800 - TOURCRUISER PTE. LTD","isPartOf":{"@id":"\/#website"},"primaryImageOfPage":{"@id":"https:\/\/tourcruiser.com\/fr\/products\/air-jordan-1-retro-mid-se-team-orange-852542-800\/#primaryimage"},"image":{"@id":"https:\/\/tourcruiser.com\/fr\/products\/air-jordan-1-retro-mid-se-team-orange-852542-800\/#primaryimage"},"thumbnailUrl":"https:\/\/images.novelship.com\/product\/air_jordan_1_retro_mid_se__team_orange__852542_800_0_31745.jpeg;https:\/\/images.novelship.com\/product\/air_jordan_1_retro_mid_se__team_orange__852542_800_1_31745.jpeg;https:\/\/images.novelship.com\/product\/air_jordan_1_retro_mid_se__team_orange__852542_800_2_31746.jpeg;https:\/\/images.novelship.com\/product\/air_jordan_1_retro_mid_se__team_orange__852542_800_3_31746.jpeg;https:\/\/images.novelship.com\/product\/air_jordan_1_retro_mid_se__team_orange__852542_800_4_31746.jpeg;https:\/\/images.novelship.com\/product\/air_jordan_1_retro_mid_se__team_orange__852542_800_5_31746.jpeg;https:\/\/images.novelship.com\/product\/air_jordan_1_retro_mid_se__team_orange__852542_800_6_31746.jpeg;https:\/\/images.novelship.com\/product\/air_jordan_1_retro_mid_se__team_orange__852542_800_7_31746.jpeg","datePublished":"2026-04-16T10:08:32+00:00","dateModified":"2026-04-17T15:50:28+00:00","breadcrumb":{"@id":"https:\/\/tourcruiser.com\/fr\/products\/air-jordan-1-retro-mid-se-team-orange-852542-800\/#breadcrumb"},"inLanguage":"fr-FR","potentialAction":[{"@type":"ReadAction","target":["https:\/\/tourcruiser.com\/fr\/products\/air-jordan-1-retro-mid-se-team-orange-852542-800\/"]}]},{"@type":"ImageObject","inLanguage":"fr-FR","@id":"https:\/\/tourcruiser.com\/fr\/products\/air-jordan-1-retro-mid-se-team-orange-852542-800\/#primaryimage","url":"https:\/\/images.novelship.com\/product\/air_jordan_1_retro_mid_se__team_orange__852542_800_0_31745.jpeg;https:\/\/images.novelship.com\/product\/air_jordan_1_retro_mid_se__team_orange__852542_800_1_31745.jpeg;https:\/\/images.novelship.com\/product\/air_jordan_1_retro_mid_se__team_orange__852542_800_2_31746.jpeg;https:\/\/images.novelship.com\/product\/air_jordan_1_retro_mid_se__team_orange__852542_800_3_31746.jpeg;https:\/\/images.novelship.com\/product\/air_jordan_1_retro_mid_se__team_orange__852542_800_4_31746.jpeg;https:\/\/images.novelship.com\/product\/air_jordan_1_retro_mid_se__team_orange__852542_800_5_31746.jpeg;https:\/\/images.novelship.com\/product\/air_jordan_1_retro_mid_se__team_orange__852542_800_6_31746.jpeg;https:\/\/images.novelship.com\/product\/air_jordan_1_retro_mid_se__team_orange__852542_800_7_31746.jpeg","contentUrl":"https:\/\/images.novelship.com\/product\/air_jordan_1_retro_mid_se__team_orange__852542_800_0_31745.jpeg;https:\/\/images.novelship.com\/product\/air_jordan_1_retro_mid_se__team_orange__852542_800_1_31745.jpeg;https:\/\/images.novelship.com\/product\/air_jordan_1_retro_mid_se__team_orange__852542_800_2_31746.jpeg;https:\/\/images.novelship.com\/product\/air_jordan_1_retro_mid_se__team_orange__852542_800_3_31746.jpeg;https:\/\/images.novelship.com\/product\/air_jordan_1_retro_mid_se__team_orange__852542_800_4_31746.jpeg;https:\/\/images.novelship.com\/product\/air_jordan_1_retro_mid_se__team_orange__852542_800_5_31746.jpeg;https:\/\/images.novelship.com\/product\/air_jordan_1_retro_mid_se__team_orange__852542_800_6_31746.jpeg;https:\/\/images.novelship.com\/product\/air_jordan_1_retro_mid_se__team_orange__852542_800_7_31746.jpeg"},{"@type":"BreadcrumbList","@id":"https:\/\/tourcruiser.com\/fr\/products\/air-jordan-1-retro-mid-se-team-orange-852542-800\/#breadcrumb","itemListElement":[{"@type":"ListItem","position":1,"name":"Home","item":"https:\/\/tourcruiser.com\/fr\/"},{"@type":"ListItem","position":2,"name":"Shop","item":"https:\/\/tourcruiser.com\/fr\/shop\/"},{"@type":"ListItem","position":3,"name":"Air Jordan 1 Retro Mid SE &#8216;Team Orange&#8217; 852542-800"}]},{"@type":"WebSite","@id":"\/#website","url":"\/","name":"Styloral Jewelry Shop","description":"Tourcruiser Sneaker Store \u2014 L\u2019endroit o\u00f9 l\u2019univers rencontre votre singularit\u00e9.","publisher":{"@id":"\/#organization"},"potentialAction":[{"@type":"SearchAction","target":{"@type":"EntryPoint","urlTemplate":"\/?s={search_term_string}"},"query-input":{"@type":"PropertyValueSpecification","valueRequired":true,"valueName":"search_term_string"}}],"inLanguage":"fr-FR"},{"@type":"Organization","@id":"\/#organization","name":"STYLORAL PTE. LTD","url":"\/","logo":{"@type":"ImageObject","inLanguage":"fr-FR","@id":"\/#\/schema\/logo\/image\/","url":"https:\/\/www.tourcruiser.com\/wp-content\/uploads\/2025\/12\/logo.png","contentUrl":"https:\/\/www.tourcruiser.com\/wp-content\/uploads\/2025\/12\/logo.png","width":200,"height":65,"caption":"STYLORAL PTE. LTD"},"image":{"@id":"\/#\/schema\/logo\/image\/"}}]}},"_links":{"self":[{"href":"https:\/\/tourcruiser.com\/fr\/wp-json\/wp\/v2\/product\/759951","targetHints":{"allow":["GET"]}}],"collection":[{"href":"https:\/\/tourcruiser.com\/fr\/wp-json\/wp\/v2\/product"}],"about":[{"href":"https:\/\/tourcruiser.com\/fr\/wp-json\/wp\/v2\/types\/product"}],"replies":[{"embeddable":true,"href":"https:\/\/tourcruiser.com\/fr\/wp-json\/wp\/v2\/comments?post=759951"}],"wp:featuredmedia":[{"embeddable":true,"href":"https:\/\/tourcruiser.com\/fr\/wp-json\/wp\/v2\/media\/759952"}],"wp:attachment":[{"href":"https:\/\/tourcruiser.com\/fr\/wp-json\/wp\/v2\/media?parent=759951"}],"wp:term":[{"taxonomy":"product_brand","embeddable":true,"href":"https:\/\/tourcruiser.com\/fr\/wp-json\/wp\/v2\/product_brand?post=759951"},{"taxonomy":"product_cat","embeddable":true,"href":"https:\/\/tourcruiser.com\/fr\/wp-json\/wp\/v2\/product_cat?post=759951"},{"taxonomy":"product_tag","embeddable":true,"href":"https:\/\/tourcruiser.com\/fr\/wp-json\/wp\/v2\/product_tag?post=759951"}],"curies":[{"name":"wp","href":"https:\/\/api.w.org\/{rel}","templated":true}]}}