{"id":759900,"date":"2026-04-16T17:08:30","date_gmt":"2026-04-16T10:08:30","guid":{"rendered":"http:\/\/tourcruiser.com\/product\/air-jordan-1-retro-high-banned-2011-432001-001"},"modified":"2026-04-17T22:50:25","modified_gmt":"2026-04-17T15:50:25","slug":"air-jordan-1-retro-high-banned-2011-432001-001","status":"publish","type":"product","link":"https:\/\/tourcruiser.com\/fr\/products\/air-jordan-1-retro-high-banned-2011-432001-001\/","title":{"rendered":"Air Jordan 1 Retro High &lsquo;Banned&rsquo; 2011 432001-001"},"content":{"rendered":"<p>La Air Jordan 1 Retro High Banned 2011, aussi connue sous le nom d&rsquo;\u00e9dition \u00ab Banned \u00bb, est une chaussure l\u00e9gendaire de la marque Jordan. Avec son design noir \u00e9l\u00e9gant, cette basket montante est un incontournable pour les passionn\u00e9s de sneakers. Gr\u00e2ce \u00e0 son design iconique et \u00e0 sa riche histoire, elle est parfaite pour les basketteurs et les collectionneurs de Jordan. Procurez-vous une paire de Air Jordan 1 Retro High Banned 2011 d\u00e8s aujourd&rsquo;hui et d\u00e9couvrez un style et des performances inoubliables.<\/p>\n<p>Coloris : Noir\/Rouge-Blanc<\/p>\n<p>Code article : 432001-001<\/p>\n<p>Tige : Cuir<\/p>\n<p>Semelle interm\u00e9diaire : Air<\/p>\n<p>Couleur : Rouge<\/p>\n<p>Designer : Peter Moore<\/p>\n<p>Saison : Toute l&rsquo;ann\u00e9e<\/p>\n<p>Ann\u00e9e de sortie : 2011<\/p>\n<p>\u00c2ge : Adulte<br \/>\nCouleur : Rouge<br \/>\nGenre : Homme<\/p>\n","protected":false},"excerpt":{"rendered":"<p>La Air Jordan 1 Retro High Banned 2011, aussi connue sous le nom d&rsquo;\u00e9dition \u00ab Banned \u00bb, est une chaussure l\u00e9gendaire de la marque Jordan. Avec son design noir \u00e9l\u00e9gant, cette basket montante est un incontournable pour les passionn\u00e9s de sneakers. Gr\u00e2ce \u00e0 son design iconique et \u00e0 sa riche histoire, elle est parfaite pour [&hellip;]<\/p>\n","protected":false},"featured_media":759901,"comment_status":"open","ping_status":"closed","template":"","meta":[],"product_brand":[],"product_cat":[38880],"product_tag":[38841,39257,38840,10776,11349,38875,10756,38866,38902],"class_list":{"0":"post-759900","1":"product","2":"type-product","3":"status-publish","4":"has-post-thumbnail","6":"product_cat-jordan","7":"product_tag-casual-shoes","8":"product_tag-casual-shoes-inspired-by-basketball","9":"product_tag-gift-ideas-for-him","10":"product_tag-jordan","11":"product_tag-jordan-basketball-shoes","12":"product_tag-jordan-skateboard-shoes","13":"product_tag-retro-casual-shoes","14":"product_tag-sports-shoes","15":"product_tag-trendy-offers","17":"first","18":"instock","19":"taxable","20":"shipping-taxable","21":"purchasable","22":"product-type-simple"},"wcpa_form_fields":null,"yoast_head":"<!-- This site is optimized with the Yoast SEO plugin v26.5 - https:\/\/yoast.com\/wordpress\/plugins\/seo\/ -->\n<title>Air Jordan 1 Retro High &#039;Banned&#039; 2011 432001-001 - TOURCRUISER PTE. LTD<\/title>\n<meta name=\"robots\" content=\"index, follow, max-snippet:-1, max-image-preview:large, max-video-preview:-1\" \/>\n<link rel=\"canonical\" href=\"https:\/\/tourcruiser.com\/fr\/products\/air-jordan-1-retro-high-banned-2011-432001-001\/\" \/>\n<meta property=\"og:locale\" content=\"fr_FR\" \/>\n<meta property=\"og:type\" content=\"article\" \/>\n<meta property=\"og:title\" content=\"Air Jordan 1 Retro High &#039;Banned&#039; 2011 432001-001 - TOURCRUISER PTE. LTD\" \/>\n<meta property=\"og:description\" content=\"La Air Jordan 1 Retro High Banned 2011, aussi connue sous le nom d&rsquo;\u00e9dition \u00ab Banned \u00bb, est une chaussure l\u00e9gendaire de la marque Jordan. Avec son design noir \u00e9l\u00e9gant, cette basket montante est un incontournable pour les passionn\u00e9s de sneakers. Gr\u00e2ce \u00e0 son design iconique et \u00e0 sa riche histoire, elle est parfaite pour [&hellip;]\" \/>\n<meta property=\"og:url\" content=\"https:\/\/tourcruiser.com\/fr\/products\/air-jordan-1-retro-high-banned-2011-432001-001\/\" \/>\n<meta property=\"og:site_name\" content=\"Tourcruiser Sneaker Store\" \/>\n<meta property=\"article:modified_time\" content=\"2026-04-17T15:50:25+00:00\" \/>\n<meta name=\"twitter:card\" content=\"summary_large_image\" \/>\n<meta name=\"twitter:image\" content=\"https:\/\/images.novelship.com\/product\/air_jordan_1_retro_high__banned__2011_432001_001_0_70878.jpeg;https:\/\/images.novelship.com\/product\/air_jordan_1_retro_high__banned__2011_432001_001_1_70878.jpeg;https:\/\/images.novelship.com\/product\/air_jordan_1_retro_high__banned__2011_432001_001_2_70878.jpeg;https:\/\/images.novelship.com\/product\/air_jordan_1_retro_high__banned__2011_432001_001_3_70878.jpeg;https:\/\/images.novelship.com\/product\/air_jordan_1_retro_high__banned__2011_432001_001_4_70878.jpeg;https:\/\/images.novelship.com\/product\/air_jordan_1_retro_high__banned__2011_432001_001_5_70878.jpeg;https:\/\/images.novelship.com\/product\/air_jordan_1_retro_high__banned__2011_432001_001_6_70878.jpeg;https:\/\/images.novelship.com\/product\/air_jordan_1_retro_high__banned__2011_432001_001_7_70878.jpeg\" \/>\n<meta name=\"twitter:label1\" content=\"Dur\u00e9e de lecture estim\u00e9e\" \/>\n\t<meta name=\"twitter:data1\" content=\"1 minute\" \/>\n<script type=\"application\/ld+json\" class=\"yoast-schema-graph\">{\"@context\":\"https:\/\/schema.org\",\"@graph\":[{\"@type\":\"WebPage\",\"@id\":\"https:\/\/tourcruiser.com\/fr\/products\/air-jordan-1-retro-high-banned-2011-432001-001\/\",\"url\":\"https:\/\/tourcruiser.com\/fr\/products\/air-jordan-1-retro-high-banned-2011-432001-001\/\",\"name\":\"Air Jordan 1 Retro High 'Banned' 2011 432001-001 - TOURCRUISER PTE. LTD\",\"isPartOf\":{\"@id\":\"\/#website\"},\"primaryImageOfPage\":{\"@id\":\"https:\/\/tourcruiser.com\/fr\/products\/air-jordan-1-retro-high-banned-2011-432001-001\/#primaryimage\"},\"image\":{\"@id\":\"https:\/\/tourcruiser.com\/fr\/products\/air-jordan-1-retro-high-banned-2011-432001-001\/#primaryimage\"},\"thumbnailUrl\":\"https:\/\/images.novelship.com\/product\/air_jordan_1_retro_high__banned__2011_432001_001_0_70878.jpeg;https:\/\/images.novelship.com\/product\/air_jordan_1_retro_high__banned__2011_432001_001_1_70878.jpeg;https:\/\/images.novelship.com\/product\/air_jordan_1_retro_high__banned__2011_432001_001_2_70878.jpeg;https:\/\/images.novelship.com\/product\/air_jordan_1_retro_high__banned__2011_432001_001_3_70878.jpeg;https:\/\/images.novelship.com\/product\/air_jordan_1_retro_high__banned__2011_432001_001_4_70878.jpeg;https:\/\/images.novelship.com\/product\/air_jordan_1_retro_high__banned__2011_432001_001_5_70878.jpeg;https:\/\/images.novelship.com\/product\/air_jordan_1_retro_high__banned__2011_432001_001_6_70878.jpeg;https:\/\/images.novelship.com\/product\/air_jordan_1_retro_high__banned__2011_432001_001_7_70878.jpeg\",\"datePublished\":\"2026-04-16T10:08:30+00:00\",\"dateModified\":\"2026-04-17T15:50:25+00:00\",\"breadcrumb\":{\"@id\":\"https:\/\/tourcruiser.com\/fr\/products\/air-jordan-1-retro-high-banned-2011-432001-001\/#breadcrumb\"},\"inLanguage\":\"fr-FR\",\"potentialAction\":[{\"@type\":\"ReadAction\",\"target\":[\"https:\/\/tourcruiser.com\/fr\/products\/air-jordan-1-retro-high-banned-2011-432001-001\/\"]}]},{\"@type\":\"ImageObject\",\"inLanguage\":\"fr-FR\",\"@id\":\"https:\/\/tourcruiser.com\/fr\/products\/air-jordan-1-retro-high-banned-2011-432001-001\/#primaryimage\",\"url\":\"https:\/\/images.novelship.com\/product\/air_jordan_1_retro_high__banned__2011_432001_001_0_70878.jpeg;https:\/\/images.novelship.com\/product\/air_jordan_1_retro_high__banned__2011_432001_001_1_70878.jpeg;https:\/\/images.novelship.com\/product\/air_jordan_1_retro_high__banned__2011_432001_001_2_70878.jpeg;https:\/\/images.novelship.com\/product\/air_jordan_1_retro_high__banned__2011_432001_001_3_70878.jpeg;https:\/\/images.novelship.com\/product\/air_jordan_1_retro_high__banned__2011_432001_001_4_70878.jpeg;https:\/\/images.novelship.com\/product\/air_jordan_1_retro_high__banned__2011_432001_001_5_70878.jpeg;https:\/\/images.novelship.com\/product\/air_jordan_1_retro_high__banned__2011_432001_001_6_70878.jpeg;https:\/\/images.novelship.com\/product\/air_jordan_1_retro_high__banned__2011_432001_001_7_70878.jpeg\",\"contentUrl\":\"https:\/\/images.novelship.com\/product\/air_jordan_1_retro_high__banned__2011_432001_001_0_70878.jpeg;https:\/\/images.novelship.com\/product\/air_jordan_1_retro_high__banned__2011_432001_001_1_70878.jpeg;https:\/\/images.novelship.com\/product\/air_jordan_1_retro_high__banned__2011_432001_001_2_70878.jpeg;https:\/\/images.novelship.com\/product\/air_jordan_1_retro_high__banned__2011_432001_001_3_70878.jpeg;https:\/\/images.novelship.com\/product\/air_jordan_1_retro_high__banned__2011_432001_001_4_70878.jpeg;https:\/\/images.novelship.com\/product\/air_jordan_1_retro_high__banned__2011_432001_001_5_70878.jpeg;https:\/\/images.novelship.com\/product\/air_jordan_1_retro_high__banned__2011_432001_001_6_70878.jpeg;https:\/\/images.novelship.com\/product\/air_jordan_1_retro_high__banned__2011_432001_001_7_70878.jpeg\"},{\"@type\":\"BreadcrumbList\",\"@id\":\"https:\/\/tourcruiser.com\/fr\/products\/air-jordan-1-retro-high-banned-2011-432001-001\/#breadcrumb\",\"itemListElement\":[{\"@type\":\"ListItem\",\"position\":1,\"name\":\"Home\",\"item\":\"https:\/\/tourcruiser.com\/fr\/\"},{\"@type\":\"ListItem\",\"position\":2,\"name\":\"Shop\",\"item\":\"https:\/\/tourcruiser.com\/fr\/shop\/\"},{\"@type\":\"ListItem\",\"position\":3,\"name\":\"Air Jordan 1 Retro High &#8216;Banned&#8217; 2011 432001-001\"}]},{\"@type\":\"WebSite\",\"@id\":\"\/#website\",\"url\":\"\/\",\"name\":\"Styloral Jewelry Shop\",\"description\":\"Tourcruiser Sneaker Store \u2014 L\u2019endroit o\u00f9 l\u2019univers rencontre votre singularit\u00e9.\",\"publisher\":{\"@id\":\"\/#organization\"},\"potentialAction\":[{\"@type\":\"SearchAction\",\"target\":{\"@type\":\"EntryPoint\",\"urlTemplate\":\"\/?s={search_term_string}\"},\"query-input\":{\"@type\":\"PropertyValueSpecification\",\"valueRequired\":true,\"valueName\":\"search_term_string\"}}],\"inLanguage\":\"fr-FR\"},{\"@type\":\"Organization\",\"@id\":\"\/#organization\",\"name\":\"STYLORAL PTE. LTD\",\"url\":\"\/\",\"logo\":{\"@type\":\"ImageObject\",\"inLanguage\":\"fr-FR\",\"@id\":\"\/#\/schema\/logo\/image\/\",\"url\":\"https:\/\/www.tourcruiser.com\/wp-content\/uploads\/2025\/12\/logo.png\",\"contentUrl\":\"https:\/\/www.tourcruiser.com\/wp-content\/uploads\/2025\/12\/logo.png\",\"width\":200,\"height\":65,\"caption\":\"STYLORAL PTE. LTD\"},\"image\":{\"@id\":\"\/#\/schema\/logo\/image\/\"}}]}<\/script>\n<!-- \/ Yoast SEO plugin. -->","yoast_head_json":{"title":"Air Jordan 1 Retro High 'Banned' 2011 432001-001 - TOURCRUISER PTE. LTD","robots":{"index":"index","follow":"follow","max-snippet":"max-snippet:-1","max-image-preview":"max-image-preview:large","max-video-preview":"max-video-preview:-1"},"canonical":"https:\/\/tourcruiser.com\/fr\/products\/air-jordan-1-retro-high-banned-2011-432001-001\/","og_locale":"fr_FR","og_type":"article","og_title":"Air Jordan 1 Retro High 'Banned' 2011 432001-001 - TOURCRUISER PTE. LTD","og_description":"La Air Jordan 1 Retro High Banned 2011, aussi connue sous le nom d&rsquo;\u00e9dition \u00ab Banned \u00bb, est une chaussure l\u00e9gendaire de la marque Jordan. Avec son design noir \u00e9l\u00e9gant, cette basket montante est un incontournable pour les passionn\u00e9s de sneakers. Gr\u00e2ce \u00e0 son design iconique et \u00e0 sa riche histoire, elle est parfaite pour [&hellip;]","og_url":"https:\/\/tourcruiser.com\/fr\/products\/air-jordan-1-retro-high-banned-2011-432001-001\/","og_site_name":"Tourcruiser Sneaker Store","article_modified_time":"2026-04-17T15:50:25+00:00","twitter_card":"summary_large_image","twitter_image":"https:\/\/images.novelship.com\/product\/air_jordan_1_retro_high__banned__2011_432001_001_0_70878.jpeg;https:\/\/images.novelship.com\/product\/air_jordan_1_retro_high__banned__2011_432001_001_1_70878.jpeg;https:\/\/images.novelship.com\/product\/air_jordan_1_retro_high__banned__2011_432001_001_2_70878.jpeg;https:\/\/images.novelship.com\/product\/air_jordan_1_retro_high__banned__2011_432001_001_3_70878.jpeg;https:\/\/images.novelship.com\/product\/air_jordan_1_retro_high__banned__2011_432001_001_4_70878.jpeg;https:\/\/images.novelship.com\/product\/air_jordan_1_retro_high__banned__2011_432001_001_5_70878.jpeg;https:\/\/images.novelship.com\/product\/air_jordan_1_retro_high__banned__2011_432001_001_6_70878.jpeg;https:\/\/images.novelship.com\/product\/air_jordan_1_retro_high__banned__2011_432001_001_7_70878.jpeg","twitter_misc":{"Dur\u00e9e de lecture estim\u00e9e":"1 minute"},"schema":{"@context":"https:\/\/schema.org","@graph":[{"@type":"WebPage","@id":"https:\/\/tourcruiser.com\/fr\/products\/air-jordan-1-retro-high-banned-2011-432001-001\/","url":"https:\/\/tourcruiser.com\/fr\/products\/air-jordan-1-retro-high-banned-2011-432001-001\/","name":"Air Jordan 1 Retro High 'Banned' 2011 432001-001 - TOURCRUISER PTE. LTD","isPartOf":{"@id":"\/#website"},"primaryImageOfPage":{"@id":"https:\/\/tourcruiser.com\/fr\/products\/air-jordan-1-retro-high-banned-2011-432001-001\/#primaryimage"},"image":{"@id":"https:\/\/tourcruiser.com\/fr\/products\/air-jordan-1-retro-high-banned-2011-432001-001\/#primaryimage"},"thumbnailUrl":"https:\/\/images.novelship.com\/product\/air_jordan_1_retro_high__banned__2011_432001_001_0_70878.jpeg;https:\/\/images.novelship.com\/product\/air_jordan_1_retro_high__banned__2011_432001_001_1_70878.jpeg;https:\/\/images.novelship.com\/product\/air_jordan_1_retro_high__banned__2011_432001_001_2_70878.jpeg;https:\/\/images.novelship.com\/product\/air_jordan_1_retro_high__banned__2011_432001_001_3_70878.jpeg;https:\/\/images.novelship.com\/product\/air_jordan_1_retro_high__banned__2011_432001_001_4_70878.jpeg;https:\/\/images.novelship.com\/product\/air_jordan_1_retro_high__banned__2011_432001_001_5_70878.jpeg;https:\/\/images.novelship.com\/product\/air_jordan_1_retro_high__banned__2011_432001_001_6_70878.jpeg;https:\/\/images.novelship.com\/product\/air_jordan_1_retro_high__banned__2011_432001_001_7_70878.jpeg","datePublished":"2026-04-16T10:08:30+00:00","dateModified":"2026-04-17T15:50:25+00:00","breadcrumb":{"@id":"https:\/\/tourcruiser.com\/fr\/products\/air-jordan-1-retro-high-banned-2011-432001-001\/#breadcrumb"},"inLanguage":"fr-FR","potentialAction":[{"@type":"ReadAction","target":["https:\/\/tourcruiser.com\/fr\/products\/air-jordan-1-retro-high-banned-2011-432001-001\/"]}]},{"@type":"ImageObject","inLanguage":"fr-FR","@id":"https:\/\/tourcruiser.com\/fr\/products\/air-jordan-1-retro-high-banned-2011-432001-001\/#primaryimage","url":"https:\/\/images.novelship.com\/product\/air_jordan_1_retro_high__banned__2011_432001_001_0_70878.jpeg;https:\/\/images.novelship.com\/product\/air_jordan_1_retro_high__banned__2011_432001_001_1_70878.jpeg;https:\/\/images.novelship.com\/product\/air_jordan_1_retro_high__banned__2011_432001_001_2_70878.jpeg;https:\/\/images.novelship.com\/product\/air_jordan_1_retro_high__banned__2011_432001_001_3_70878.jpeg;https:\/\/images.novelship.com\/product\/air_jordan_1_retro_high__banned__2011_432001_001_4_70878.jpeg;https:\/\/images.novelship.com\/product\/air_jordan_1_retro_high__banned__2011_432001_001_5_70878.jpeg;https:\/\/images.novelship.com\/product\/air_jordan_1_retro_high__banned__2011_432001_001_6_70878.jpeg;https:\/\/images.novelship.com\/product\/air_jordan_1_retro_high__banned__2011_432001_001_7_70878.jpeg","contentUrl":"https:\/\/images.novelship.com\/product\/air_jordan_1_retro_high__banned__2011_432001_001_0_70878.jpeg;https:\/\/images.novelship.com\/product\/air_jordan_1_retro_high__banned__2011_432001_001_1_70878.jpeg;https:\/\/images.novelship.com\/product\/air_jordan_1_retro_high__banned__2011_432001_001_2_70878.jpeg;https:\/\/images.novelship.com\/product\/air_jordan_1_retro_high__banned__2011_432001_001_3_70878.jpeg;https:\/\/images.novelship.com\/product\/air_jordan_1_retro_high__banned__2011_432001_001_4_70878.jpeg;https:\/\/images.novelship.com\/product\/air_jordan_1_retro_high__banned__2011_432001_001_5_70878.jpeg;https:\/\/images.novelship.com\/product\/air_jordan_1_retro_high__banned__2011_432001_001_6_70878.jpeg;https:\/\/images.novelship.com\/product\/air_jordan_1_retro_high__banned__2011_432001_001_7_70878.jpeg"},{"@type":"BreadcrumbList","@id":"https:\/\/tourcruiser.com\/fr\/products\/air-jordan-1-retro-high-banned-2011-432001-001\/#breadcrumb","itemListElement":[{"@type":"ListItem","position":1,"name":"Home","item":"https:\/\/tourcruiser.com\/fr\/"},{"@type":"ListItem","position":2,"name":"Shop","item":"https:\/\/tourcruiser.com\/fr\/shop\/"},{"@type":"ListItem","position":3,"name":"Air Jordan 1 Retro High &#8216;Banned&#8217; 2011 432001-001"}]},{"@type":"WebSite","@id":"\/#website","url":"\/","name":"Styloral Jewelry Shop","description":"Tourcruiser Sneaker Store \u2014 L\u2019endroit o\u00f9 l\u2019univers rencontre votre singularit\u00e9.","publisher":{"@id":"\/#organization"},"potentialAction":[{"@type":"SearchAction","target":{"@type":"EntryPoint","urlTemplate":"\/?s={search_term_string}"},"query-input":{"@type":"PropertyValueSpecification","valueRequired":true,"valueName":"search_term_string"}}],"inLanguage":"fr-FR"},{"@type":"Organization","@id":"\/#organization","name":"STYLORAL PTE. LTD","url":"\/","logo":{"@type":"ImageObject","inLanguage":"fr-FR","@id":"\/#\/schema\/logo\/image\/","url":"https:\/\/www.tourcruiser.com\/wp-content\/uploads\/2025\/12\/logo.png","contentUrl":"https:\/\/www.tourcruiser.com\/wp-content\/uploads\/2025\/12\/logo.png","width":200,"height":65,"caption":"STYLORAL PTE. LTD"},"image":{"@id":"\/#\/schema\/logo\/image\/"}}]}},"_links":{"self":[{"href":"https:\/\/tourcruiser.com\/fr\/wp-json\/wp\/v2\/product\/759900","targetHints":{"allow":["GET"]}}],"collection":[{"href":"https:\/\/tourcruiser.com\/fr\/wp-json\/wp\/v2\/product"}],"about":[{"href":"https:\/\/tourcruiser.com\/fr\/wp-json\/wp\/v2\/types\/product"}],"replies":[{"embeddable":true,"href":"https:\/\/tourcruiser.com\/fr\/wp-json\/wp\/v2\/comments?post=759900"}],"wp:featuredmedia":[{"embeddable":true,"href":"https:\/\/tourcruiser.com\/fr\/wp-json\/wp\/v2\/media\/759901"}],"wp:attachment":[{"href":"https:\/\/tourcruiser.com\/fr\/wp-json\/wp\/v2\/media?parent=759900"}],"wp:term":[{"taxonomy":"product_brand","embeddable":true,"href":"https:\/\/tourcruiser.com\/fr\/wp-json\/wp\/v2\/product_brand?post=759900"},{"taxonomy":"product_cat","embeddable":true,"href":"https:\/\/tourcruiser.com\/fr\/wp-json\/wp\/v2\/product_cat?post=759900"},{"taxonomy":"product_tag","embeddable":true,"href":"https:\/\/tourcruiser.com\/fr\/wp-json\/wp\/v2\/product_tag?post=759900"}],"curies":[{"name":"wp","href":"https:\/\/api.w.org\/{rel}","templated":true}]}}