{"id":759891,"date":"2026-04-16T17:08:30","date_gmt":"2026-04-16T10:08:30","guid":{"rendered":"http:\/\/tourcruiser.com\/product\/air-jordan-1-low-gold-toe-cq9447-700"},"modified":"2026-04-17T22:50:25","modified_gmt":"2026-04-17T15:50:25","slug":"air-jordan-1-low-gold-toe-cq9447-700","status":"publish","type":"product","link":"https:\/\/tourcruiser.com\/fr\/products\/air-jordan-1-low-gold-toe-cq9447-700\/","title":{"rendered":"Air Jordan 1 Low &lsquo;Gold Toe&rsquo; CQ9447-700"},"content":{"rendered":"<p>La Air Jordan 1 Low Gold Toe de Jordan est une sneaker iconique et \u00e9l\u00e9gante, sublim\u00e9e par une teinte dor\u00e9e raffin\u00e9e. Avec sa silhouette basse et son empeigne en cuir premium, cette chaussure ne manquera pas d&rsquo;attirer les regards. Que vous soyez fan de Jordan ou simplement \u00e0 la recherche d&rsquo;une paire de chaussures exceptionnelles, la Gold Toe est un incontournable de votre collection.<\/p>\n<p>Coloris\u00a0: Or m\u00e9tallis\u00e9\/Noir-Blanc<\/p>\n<p>Code article\u00a0: CQ9447-700<\/p>\n<p>Empeigne\u00a0: Cuir verni<br \/>\nSemelle interm\u00e9diaire\u00a0: Air<\/p>\n<p>Couleur\u00a0: Noir<\/p>\n<p>Designer\u00a0: Peter Moore<\/p>\n<p>Ann\u00e9e de sortie\u00a0: 2019<\/p>\n<p>\u00c2ge\u00a0: Adulte<br \/>\nCouleur\u00a0: Noir<br \/>\nGenre\u00a0: Homme<\/p>\n","protected":false},"excerpt":{"rendered":"<p>La Air Jordan 1 Low Gold Toe de Jordan est une sneaker iconique et \u00e9l\u00e9gante, sublim\u00e9e par une teinte dor\u00e9e raffin\u00e9e. Avec sa silhouette basse et son empeigne en cuir premium, cette chaussure ne manquera pas d&rsquo;attirer les regards. Que vous soyez fan de Jordan ou simplement \u00e0 la recherche d&rsquo;une paire de chaussures exceptionnelles, [&hellip;]<\/p>\n","protected":false},"featured_media":759892,"comment_status":"open","ping_status":"closed","template":"","meta":[],"product_brand":[],"product_cat":[38880],"product_tag":[10750,38841,38842,10776,11349,38875,38886,10756],"class_list":{"0":"post-759891","1":"product","2":"type-product","3":"status-publish","4":"has-post-thumbnail","6":"product_cat-jordan","7":"product_tag-athleisure-shoes","8":"product_tag-casual-shoes","9":"product_tag-gift-idea-for-him","10":"product_tag-jordan","11":"product_tag-jordan-basketball-shoes","12":"product_tag-jordan-skateboard-shoes","13":"product_tag-lifestyle-shoes-inspired-by-basketball","14":"product_tag-retro-casual-shoes","16":"first","17":"instock","18":"taxable","19":"shipping-taxable","20":"purchasable","21":"product-type-simple"},"wcpa_form_fields":null,"yoast_head":"<!-- This site is optimized with the Yoast SEO plugin v26.5 - https:\/\/yoast.com\/wordpress\/plugins\/seo\/ -->\n<title>Air Jordan 1 Low &#039;Gold Toe&#039; CQ9447-700 - TOURCRUISER PTE. LTD<\/title>\n<meta name=\"robots\" content=\"index, follow, max-snippet:-1, max-image-preview:large, max-video-preview:-1\" \/>\n<link rel=\"canonical\" href=\"https:\/\/tourcruiser.com\/fr\/products\/air-jordan-1-low-gold-toe-cq9447-700\/\" \/>\n<meta property=\"og:locale\" content=\"fr_FR\" \/>\n<meta property=\"og:type\" content=\"article\" \/>\n<meta property=\"og:title\" content=\"Air Jordan 1 Low &#039;Gold Toe&#039; CQ9447-700 - TOURCRUISER PTE. LTD\" \/>\n<meta property=\"og:description\" content=\"La Air Jordan 1 Low Gold Toe de Jordan est une sneaker iconique et \u00e9l\u00e9gante, sublim\u00e9e par une teinte dor\u00e9e raffin\u00e9e. Avec sa silhouette basse et son empeigne en cuir premium, cette chaussure ne manquera pas d&rsquo;attirer les regards. Que vous soyez fan de Jordan ou simplement \u00e0 la recherche d&rsquo;une paire de chaussures exceptionnelles, [&hellip;]\" \/>\n<meta property=\"og:url\" content=\"https:\/\/tourcruiser.com\/fr\/products\/air-jordan-1-low-gold-toe-cq9447-700\/\" \/>\n<meta property=\"og:site_name\" content=\"Tourcruiser Sneaker Store\" \/>\n<meta property=\"article:modified_time\" content=\"2026-04-17T15:50:25+00:00\" \/>\n<meta name=\"twitter:card\" content=\"summary_large_image\" \/>\n<meta name=\"twitter:image\" content=\"https:\/\/images.novelship.com\/product\/air_jordan_1_low__gold_toe__cq9447_700_0_41467.jpeg;https:\/\/images.novelship.com\/product\/air_jordan_1_low__gold_toe__cq9447_700_1_41467.jpeg;https:\/\/images.novelship.com\/product\/air_jordan_1_low__gold_toe__cq9447_700_2_41467.jpeg;https:\/\/images.novelship.com\/product\/air_jordan_1_low__gold_toe__cq9447_700_3_41467.jpeg;https:\/\/images.novelship.com\/product\/air_jordan_1_low__gold_toe__cq9447_700_4_41467.jpeg;https:\/\/images.novelship.com\/product\/air_jordan_1_low__gold_toe__cq9447_700_5_41467.jpeg;https:\/\/images.novelship.com\/product\/air_jordan_1_low__gold_toe__cq9447_700_6_41467.jpeg;https:\/\/images.novelship.com\/product\/air_jordan_1_low__gold_toe__cq9447_700_7_41467.jpeg\" \/>\n<script type=\"application\/ld+json\" class=\"yoast-schema-graph\">{\"@context\":\"https:\/\/schema.org\",\"@graph\":[{\"@type\":\"WebPage\",\"@id\":\"https:\/\/tourcruiser.com\/fr\/products\/air-jordan-1-low-gold-toe-cq9447-700\/\",\"url\":\"https:\/\/tourcruiser.com\/fr\/products\/air-jordan-1-low-gold-toe-cq9447-700\/\",\"name\":\"Air Jordan 1 Low 'Gold Toe' CQ9447-700 - TOURCRUISER PTE. LTD\",\"isPartOf\":{\"@id\":\"\/#website\"},\"primaryImageOfPage\":{\"@id\":\"https:\/\/tourcruiser.com\/fr\/products\/air-jordan-1-low-gold-toe-cq9447-700\/#primaryimage\"},\"image\":{\"@id\":\"https:\/\/tourcruiser.com\/fr\/products\/air-jordan-1-low-gold-toe-cq9447-700\/#primaryimage\"},\"thumbnailUrl\":\"https:\/\/images.novelship.com\/product\/air_jordan_1_low__gold_toe__cq9447_700_0_41467.jpeg;https:\/\/images.novelship.com\/product\/air_jordan_1_low__gold_toe__cq9447_700_1_41467.jpeg;https:\/\/images.novelship.com\/product\/air_jordan_1_low__gold_toe__cq9447_700_2_41467.jpeg;https:\/\/images.novelship.com\/product\/air_jordan_1_low__gold_toe__cq9447_700_3_41467.jpeg;https:\/\/images.novelship.com\/product\/air_jordan_1_low__gold_toe__cq9447_700_4_41467.jpeg;https:\/\/images.novelship.com\/product\/air_jordan_1_low__gold_toe__cq9447_700_5_41467.jpeg;https:\/\/images.novelship.com\/product\/air_jordan_1_low__gold_toe__cq9447_700_6_41467.jpeg;https:\/\/images.novelship.com\/product\/air_jordan_1_low__gold_toe__cq9447_700_7_41467.jpeg\",\"datePublished\":\"2026-04-16T10:08:30+00:00\",\"dateModified\":\"2026-04-17T15:50:25+00:00\",\"breadcrumb\":{\"@id\":\"https:\/\/tourcruiser.com\/fr\/products\/air-jordan-1-low-gold-toe-cq9447-700\/#breadcrumb\"},\"inLanguage\":\"fr-FR\",\"potentialAction\":[{\"@type\":\"ReadAction\",\"target\":[\"https:\/\/tourcruiser.com\/fr\/products\/air-jordan-1-low-gold-toe-cq9447-700\/\"]}]},{\"@type\":\"ImageObject\",\"inLanguage\":\"fr-FR\",\"@id\":\"https:\/\/tourcruiser.com\/fr\/products\/air-jordan-1-low-gold-toe-cq9447-700\/#primaryimage\",\"url\":\"https:\/\/images.novelship.com\/product\/air_jordan_1_low__gold_toe__cq9447_700_0_41467.jpeg;https:\/\/images.novelship.com\/product\/air_jordan_1_low__gold_toe__cq9447_700_1_41467.jpeg;https:\/\/images.novelship.com\/product\/air_jordan_1_low__gold_toe__cq9447_700_2_41467.jpeg;https:\/\/images.novelship.com\/product\/air_jordan_1_low__gold_toe__cq9447_700_3_41467.jpeg;https:\/\/images.novelship.com\/product\/air_jordan_1_low__gold_toe__cq9447_700_4_41467.jpeg;https:\/\/images.novelship.com\/product\/air_jordan_1_low__gold_toe__cq9447_700_5_41467.jpeg;https:\/\/images.novelship.com\/product\/air_jordan_1_low__gold_toe__cq9447_700_6_41467.jpeg;https:\/\/images.novelship.com\/product\/air_jordan_1_low__gold_toe__cq9447_700_7_41467.jpeg\",\"contentUrl\":\"https:\/\/images.novelship.com\/product\/air_jordan_1_low__gold_toe__cq9447_700_0_41467.jpeg;https:\/\/images.novelship.com\/product\/air_jordan_1_low__gold_toe__cq9447_700_1_41467.jpeg;https:\/\/images.novelship.com\/product\/air_jordan_1_low__gold_toe__cq9447_700_2_41467.jpeg;https:\/\/images.novelship.com\/product\/air_jordan_1_low__gold_toe__cq9447_700_3_41467.jpeg;https:\/\/images.novelship.com\/product\/air_jordan_1_low__gold_toe__cq9447_700_4_41467.jpeg;https:\/\/images.novelship.com\/product\/air_jordan_1_low__gold_toe__cq9447_700_5_41467.jpeg;https:\/\/images.novelship.com\/product\/air_jordan_1_low__gold_toe__cq9447_700_6_41467.jpeg;https:\/\/images.novelship.com\/product\/air_jordan_1_low__gold_toe__cq9447_700_7_41467.jpeg\"},{\"@type\":\"BreadcrumbList\",\"@id\":\"https:\/\/tourcruiser.com\/fr\/products\/air-jordan-1-low-gold-toe-cq9447-700\/#breadcrumb\",\"itemListElement\":[{\"@type\":\"ListItem\",\"position\":1,\"name\":\"Home\",\"item\":\"https:\/\/tourcruiser.com\/fr\/\"},{\"@type\":\"ListItem\",\"position\":2,\"name\":\"Shop\",\"item\":\"https:\/\/tourcruiser.com\/fr\/shop\/\"},{\"@type\":\"ListItem\",\"position\":3,\"name\":\"Air Jordan 1 Low &#8216;Gold Toe&#8217; CQ9447-700\"}]},{\"@type\":\"WebSite\",\"@id\":\"\/#website\",\"url\":\"\/\",\"name\":\"Styloral Jewelry Shop\",\"description\":\"Tourcruiser Sneaker Store \u2014 L\u2019endroit o\u00f9 l\u2019univers rencontre votre singularit\u00e9.\",\"publisher\":{\"@id\":\"\/#organization\"},\"potentialAction\":[{\"@type\":\"SearchAction\",\"target\":{\"@type\":\"EntryPoint\",\"urlTemplate\":\"\/?s={search_term_string}\"},\"query-input\":{\"@type\":\"PropertyValueSpecification\",\"valueRequired\":true,\"valueName\":\"search_term_string\"}}],\"inLanguage\":\"fr-FR\"},{\"@type\":\"Organization\",\"@id\":\"\/#organization\",\"name\":\"STYLORAL PTE. LTD\",\"url\":\"\/\",\"logo\":{\"@type\":\"ImageObject\",\"inLanguage\":\"fr-FR\",\"@id\":\"\/#\/schema\/logo\/image\/\",\"url\":\"https:\/\/www.tourcruiser.com\/wp-content\/uploads\/2025\/12\/logo.png\",\"contentUrl\":\"https:\/\/www.tourcruiser.com\/wp-content\/uploads\/2025\/12\/logo.png\",\"width\":200,\"height\":65,\"caption\":\"STYLORAL PTE. LTD\"},\"image\":{\"@id\":\"\/#\/schema\/logo\/image\/\"}}]}<\/script>\n<!-- \/ Yoast SEO plugin. -->","yoast_head_json":{"title":"Air Jordan 1 Low 'Gold Toe' CQ9447-700 - TOURCRUISER PTE. LTD","robots":{"index":"index","follow":"follow","max-snippet":"max-snippet:-1","max-image-preview":"max-image-preview:large","max-video-preview":"max-video-preview:-1"},"canonical":"https:\/\/tourcruiser.com\/fr\/products\/air-jordan-1-low-gold-toe-cq9447-700\/","og_locale":"fr_FR","og_type":"article","og_title":"Air Jordan 1 Low 'Gold Toe' CQ9447-700 - TOURCRUISER PTE. LTD","og_description":"La Air Jordan 1 Low Gold Toe de Jordan est une sneaker iconique et \u00e9l\u00e9gante, sublim\u00e9e par une teinte dor\u00e9e raffin\u00e9e. Avec sa silhouette basse et son empeigne en cuir premium, cette chaussure ne manquera pas d&rsquo;attirer les regards. Que vous soyez fan de Jordan ou simplement \u00e0 la recherche d&rsquo;une paire de chaussures exceptionnelles, [&hellip;]","og_url":"https:\/\/tourcruiser.com\/fr\/products\/air-jordan-1-low-gold-toe-cq9447-700\/","og_site_name":"Tourcruiser Sneaker Store","article_modified_time":"2026-04-17T15:50:25+00:00","twitter_card":"summary_large_image","twitter_image":"https:\/\/images.novelship.com\/product\/air_jordan_1_low__gold_toe__cq9447_700_0_41467.jpeg;https:\/\/images.novelship.com\/product\/air_jordan_1_low__gold_toe__cq9447_700_1_41467.jpeg;https:\/\/images.novelship.com\/product\/air_jordan_1_low__gold_toe__cq9447_700_2_41467.jpeg;https:\/\/images.novelship.com\/product\/air_jordan_1_low__gold_toe__cq9447_700_3_41467.jpeg;https:\/\/images.novelship.com\/product\/air_jordan_1_low__gold_toe__cq9447_700_4_41467.jpeg;https:\/\/images.novelship.com\/product\/air_jordan_1_low__gold_toe__cq9447_700_5_41467.jpeg;https:\/\/images.novelship.com\/product\/air_jordan_1_low__gold_toe__cq9447_700_6_41467.jpeg;https:\/\/images.novelship.com\/product\/air_jordan_1_low__gold_toe__cq9447_700_7_41467.jpeg","schema":{"@context":"https:\/\/schema.org","@graph":[{"@type":"WebPage","@id":"https:\/\/tourcruiser.com\/fr\/products\/air-jordan-1-low-gold-toe-cq9447-700\/","url":"https:\/\/tourcruiser.com\/fr\/products\/air-jordan-1-low-gold-toe-cq9447-700\/","name":"Air Jordan 1 Low 'Gold Toe' CQ9447-700 - TOURCRUISER PTE. LTD","isPartOf":{"@id":"\/#website"},"primaryImageOfPage":{"@id":"https:\/\/tourcruiser.com\/fr\/products\/air-jordan-1-low-gold-toe-cq9447-700\/#primaryimage"},"image":{"@id":"https:\/\/tourcruiser.com\/fr\/products\/air-jordan-1-low-gold-toe-cq9447-700\/#primaryimage"},"thumbnailUrl":"https:\/\/images.novelship.com\/product\/air_jordan_1_low__gold_toe__cq9447_700_0_41467.jpeg;https:\/\/images.novelship.com\/product\/air_jordan_1_low__gold_toe__cq9447_700_1_41467.jpeg;https:\/\/images.novelship.com\/product\/air_jordan_1_low__gold_toe__cq9447_700_2_41467.jpeg;https:\/\/images.novelship.com\/product\/air_jordan_1_low__gold_toe__cq9447_700_3_41467.jpeg;https:\/\/images.novelship.com\/product\/air_jordan_1_low__gold_toe__cq9447_700_4_41467.jpeg;https:\/\/images.novelship.com\/product\/air_jordan_1_low__gold_toe__cq9447_700_5_41467.jpeg;https:\/\/images.novelship.com\/product\/air_jordan_1_low__gold_toe__cq9447_700_6_41467.jpeg;https:\/\/images.novelship.com\/product\/air_jordan_1_low__gold_toe__cq9447_700_7_41467.jpeg","datePublished":"2026-04-16T10:08:30+00:00","dateModified":"2026-04-17T15:50:25+00:00","breadcrumb":{"@id":"https:\/\/tourcruiser.com\/fr\/products\/air-jordan-1-low-gold-toe-cq9447-700\/#breadcrumb"},"inLanguage":"fr-FR","potentialAction":[{"@type":"ReadAction","target":["https:\/\/tourcruiser.com\/fr\/products\/air-jordan-1-low-gold-toe-cq9447-700\/"]}]},{"@type":"ImageObject","inLanguage":"fr-FR","@id":"https:\/\/tourcruiser.com\/fr\/products\/air-jordan-1-low-gold-toe-cq9447-700\/#primaryimage","url":"https:\/\/images.novelship.com\/product\/air_jordan_1_low__gold_toe__cq9447_700_0_41467.jpeg;https:\/\/images.novelship.com\/product\/air_jordan_1_low__gold_toe__cq9447_700_1_41467.jpeg;https:\/\/images.novelship.com\/product\/air_jordan_1_low__gold_toe__cq9447_700_2_41467.jpeg;https:\/\/images.novelship.com\/product\/air_jordan_1_low__gold_toe__cq9447_700_3_41467.jpeg;https:\/\/images.novelship.com\/product\/air_jordan_1_low__gold_toe__cq9447_700_4_41467.jpeg;https:\/\/images.novelship.com\/product\/air_jordan_1_low__gold_toe__cq9447_700_5_41467.jpeg;https:\/\/images.novelship.com\/product\/air_jordan_1_low__gold_toe__cq9447_700_6_41467.jpeg;https:\/\/images.novelship.com\/product\/air_jordan_1_low__gold_toe__cq9447_700_7_41467.jpeg","contentUrl":"https:\/\/images.novelship.com\/product\/air_jordan_1_low__gold_toe__cq9447_700_0_41467.jpeg;https:\/\/images.novelship.com\/product\/air_jordan_1_low__gold_toe__cq9447_700_1_41467.jpeg;https:\/\/images.novelship.com\/product\/air_jordan_1_low__gold_toe__cq9447_700_2_41467.jpeg;https:\/\/images.novelship.com\/product\/air_jordan_1_low__gold_toe__cq9447_700_3_41467.jpeg;https:\/\/images.novelship.com\/product\/air_jordan_1_low__gold_toe__cq9447_700_4_41467.jpeg;https:\/\/images.novelship.com\/product\/air_jordan_1_low__gold_toe__cq9447_700_5_41467.jpeg;https:\/\/images.novelship.com\/product\/air_jordan_1_low__gold_toe__cq9447_700_6_41467.jpeg;https:\/\/images.novelship.com\/product\/air_jordan_1_low__gold_toe__cq9447_700_7_41467.jpeg"},{"@type":"BreadcrumbList","@id":"https:\/\/tourcruiser.com\/fr\/products\/air-jordan-1-low-gold-toe-cq9447-700\/#breadcrumb","itemListElement":[{"@type":"ListItem","position":1,"name":"Home","item":"https:\/\/tourcruiser.com\/fr\/"},{"@type":"ListItem","position":2,"name":"Shop","item":"https:\/\/tourcruiser.com\/fr\/shop\/"},{"@type":"ListItem","position":3,"name":"Air Jordan 1 Low &#8216;Gold Toe&#8217; CQ9447-700"}]},{"@type":"WebSite","@id":"\/#website","url":"\/","name":"Styloral Jewelry Shop","description":"Tourcruiser Sneaker Store \u2014 L\u2019endroit o\u00f9 l\u2019univers rencontre votre singularit\u00e9.","publisher":{"@id":"\/#organization"},"potentialAction":[{"@type":"SearchAction","target":{"@type":"EntryPoint","urlTemplate":"\/?s={search_term_string}"},"query-input":{"@type":"PropertyValueSpecification","valueRequired":true,"valueName":"search_term_string"}}],"inLanguage":"fr-FR"},{"@type":"Organization","@id":"\/#organization","name":"STYLORAL PTE. LTD","url":"\/","logo":{"@type":"ImageObject","inLanguage":"fr-FR","@id":"\/#\/schema\/logo\/image\/","url":"https:\/\/www.tourcruiser.com\/wp-content\/uploads\/2025\/12\/logo.png","contentUrl":"https:\/\/www.tourcruiser.com\/wp-content\/uploads\/2025\/12\/logo.png","width":200,"height":65,"caption":"STYLORAL PTE. LTD"},"image":{"@id":"\/#\/schema\/logo\/image\/"}}]}},"_links":{"self":[{"href":"https:\/\/tourcruiser.com\/fr\/wp-json\/wp\/v2\/product\/759891","targetHints":{"allow":["GET"]}}],"collection":[{"href":"https:\/\/tourcruiser.com\/fr\/wp-json\/wp\/v2\/product"}],"about":[{"href":"https:\/\/tourcruiser.com\/fr\/wp-json\/wp\/v2\/types\/product"}],"replies":[{"embeddable":true,"href":"https:\/\/tourcruiser.com\/fr\/wp-json\/wp\/v2\/comments?post=759891"}],"wp:featuredmedia":[{"embeddable":true,"href":"https:\/\/tourcruiser.com\/fr\/wp-json\/wp\/v2\/media\/759892"}],"wp:attachment":[{"href":"https:\/\/tourcruiser.com\/fr\/wp-json\/wp\/v2\/media?parent=759891"}],"wp:term":[{"taxonomy":"product_brand","embeddable":true,"href":"https:\/\/tourcruiser.com\/fr\/wp-json\/wp\/v2\/product_brand?post=759891"},{"taxonomy":"product_cat","embeddable":true,"href":"https:\/\/tourcruiser.com\/fr\/wp-json\/wp\/v2\/product_cat?post=759891"},{"taxonomy":"product_tag","embeddable":true,"href":"https:\/\/tourcruiser.com\/fr\/wp-json\/wp\/v2\/product_tag?post=759891"}],"curies":[{"name":"wp","href":"https:\/\/api.w.org\/{rel}","templated":true}]}}