{"id":759873,"date":"2026-04-16T17:08:30","date_gmt":"2026-04-16T10:08:30","guid":{"rendered":"http:\/\/tourcruiser.com\/product\/grade-school-air-jordan-1-retro-high-gg-valentines-day-881426-009"},"modified":"2026-04-17T22:50:24","modified_gmt":"2026-04-17T15:50:24","slug":"grade-school-air-jordan-1-retro-high-gg-valentines-day-881426-009","status":"publish","type":"product","link":"https:\/\/tourcruiser.com\/fr\/products\/grade-school-air-jordan-1-retro-high-gg-valentines-day-881426-009\/","title":{"rendered":"(Grade School) Air Jordan 1 Retro High GG &lsquo;Valentine&rsquo;s Day&rsquo; 881426-009"},"content":{"rendered":"<p>La Air Jordan 1 Retro High GG Valentine&rsquo;s Day (GS), aussi appel\u00e9e Valentine&rsquo;s Day, est une chaussure Jordan con\u00e7ue pour les enfants et les adolescents. Ce mod\u00e8le iconique arbore un design noir \u00e9l\u00e9gant et est parfait pour les jeunes passionn\u00e9s de sneakers. Affichez votre meilleur style et c\u00e9l\u00e9brez la Saint-Valentin avec ces baskets styl\u00e9es.<\/p>\n<p>Coloris : Noir\/Rose vif-Blanc<\/p>\n<p>Code article : 881426-009<\/p>\n<p>Tige : Cuir<\/p>\n<p>Semelle interm\u00e9diaire : Air<\/p>\n<p>Couleur : Rose<\/p>\n<p>Designer : Peter Moore<\/p>\n<p>Saison : Toute l&rsquo;ann\u00e9e<\/p>\n<p>Ann\u00e9e de sortie : 2017<\/p>\n<p>\u00c2ge : Adulte<\/p>\n<p>Couleur : Rose<\/p>\n<p>Genre : Adolescent<\/p>\n","protected":false},"excerpt":{"rendered":"<p>La Air Jordan 1 Retro High GG Valentine&rsquo;s Day (GS), aussi appel\u00e9e Valentine&rsquo;s Day, est une chaussure Jordan con\u00e7ue pour les enfants et les adolescents. Ce mod\u00e8le iconique arbore un design noir \u00e9l\u00e9gant et est parfait pour les jeunes passionn\u00e9s de sneakers. Affichez votre meilleur style et c\u00e9l\u00e9brez la Saint-Valentin avec ces baskets styl\u00e9es. Coloris [&hellip;]<\/p>\n","protected":false},"featured_media":759874,"comment_status":"open","ping_status":"closed","template":"","meta":[],"product_brand":[],"product_cat":[38880],"product_tag":[10750,38988,10776,11349,38875,10756,39039],"class_list":{"0":"post-759873","1":"product","2":"type-product","3":"status-publish","4":"has-post-thumbnail","6":"product_cat-jordan","7":"product_tag-athleisure-shoes","8":"product_tag-casual-shoes-for-kids","9":"product_tag-jordan","10":"product_tag-jordan-basketball-shoes","11":"product_tag-jordan-skateboard-shoes","12":"product_tag-retro-casual-shoes","13":"product_tag-sneakers-for-kids","15":"first","16":"instock","17":"taxable","18":"shipping-taxable","19":"purchasable","20":"product-type-simple"},"wcpa_form_fields":null,"yoast_head":"<!-- This site is optimized with the Yoast SEO plugin v26.5 - https:\/\/yoast.com\/wordpress\/plugins\/seo\/ -->\n<title>(Grade School) Air Jordan 1 Retro High GG &#039;Valentine&#039;s Day&#039; 881426-009 - TOURCRUISER PTE. LTD<\/title>\n<meta name=\"robots\" content=\"index, follow, max-snippet:-1, max-image-preview:large, max-video-preview:-1\" \/>\n<link rel=\"canonical\" href=\"https:\/\/tourcruiser.com\/fr\/products\/grade-school-air-jordan-1-retro-high-gg-valentines-day-881426-009\/\" \/>\n<meta property=\"og:locale\" content=\"fr_FR\" \/>\n<meta property=\"og:type\" content=\"article\" \/>\n<meta property=\"og:title\" content=\"(Grade School) Air Jordan 1 Retro High GG &#039;Valentine&#039;s Day&#039; 881426-009 - TOURCRUISER PTE. LTD\" \/>\n<meta property=\"og:description\" content=\"La Air Jordan 1 Retro High GG Valentine&rsquo;s Day (GS), aussi appel\u00e9e Valentine&rsquo;s Day, est une chaussure Jordan con\u00e7ue pour les enfants et les adolescents. Ce mod\u00e8le iconique arbore un design noir \u00e9l\u00e9gant et est parfait pour les jeunes passionn\u00e9s de sneakers. Affichez votre meilleur style et c\u00e9l\u00e9brez la Saint-Valentin avec ces baskets styl\u00e9es. Coloris [&hellip;]\" \/>\n<meta property=\"og:url\" content=\"https:\/\/tourcruiser.com\/fr\/products\/grade-school-air-jordan-1-retro-high-gg-valentines-day-881426-009\/\" \/>\n<meta property=\"og:site_name\" content=\"Tourcruiser Sneaker Store\" \/>\n<meta property=\"article:modified_time\" content=\"2026-04-17T15:50:24+00:00\" \/>\n<meta name=\"twitter:card\" content=\"summary_large_image\" \/>\n<meta name=\"twitter:image\" content=\"https:\/\/images.novelship.com\/product\/_grade_school__air_jordan_1_retro_high_gg__valenti_0_46161.jpeg;https:\/\/images.novelship.com\/product\/_grade_school__air_jordan_1_retro_high_gg__valenti_1_46161.jpeg;https:\/\/images.novelship.com\/product\/_grade_school__air_jordan_1_retro_high_gg__valenti_2_46161.jpeg;https:\/\/images.novelship.com\/product\/_grade_school__air_jordan_1_retro_high_gg__valenti_3_46161.jpeg;https:\/\/images.novelship.com\/product\/_grade_school__air_jordan_1_retro_high_gg__valenti_4_46161.jpeg;https:\/\/images.novelship.com\/product\/_grade_school__air_jordan_1_retro_high_gg__valenti_5_46161.jpeg;https:\/\/images.novelship.com\/product\/_grade_school__air_jordan_1_retro_high_gg__valenti_6_46161.jpeg;https:\/\/images.novelship.com\/product\/_grade_school__air_jordan_1_retro_high_gg__valenti_7_46161.jpeg\" \/>\n<script type=\"application\/ld+json\" class=\"yoast-schema-graph\">{\"@context\":\"https:\/\/schema.org\",\"@graph\":[{\"@type\":\"WebPage\",\"@id\":\"https:\/\/tourcruiser.com\/fr\/products\/grade-school-air-jordan-1-retro-high-gg-valentines-day-881426-009\/\",\"url\":\"https:\/\/tourcruiser.com\/fr\/products\/grade-school-air-jordan-1-retro-high-gg-valentines-day-881426-009\/\",\"name\":\"(Grade School) Air Jordan 1 Retro High GG 'Valentine's Day' 881426-009 - TOURCRUISER PTE. LTD\",\"isPartOf\":{\"@id\":\"\/#website\"},\"primaryImageOfPage\":{\"@id\":\"https:\/\/tourcruiser.com\/fr\/products\/grade-school-air-jordan-1-retro-high-gg-valentines-day-881426-009\/#primaryimage\"},\"image\":{\"@id\":\"https:\/\/tourcruiser.com\/fr\/products\/grade-school-air-jordan-1-retro-high-gg-valentines-day-881426-009\/#primaryimage\"},\"thumbnailUrl\":\"https:\/\/images.novelship.com\/product\/_grade_school__air_jordan_1_retro_high_gg__valenti_0_46161.jpeg;https:\/\/images.novelship.com\/product\/_grade_school__air_jordan_1_retro_high_gg__valenti_1_46161.jpeg;https:\/\/images.novelship.com\/product\/_grade_school__air_jordan_1_retro_high_gg__valenti_2_46161.jpeg;https:\/\/images.novelship.com\/product\/_grade_school__air_jordan_1_retro_high_gg__valenti_3_46161.jpeg;https:\/\/images.novelship.com\/product\/_grade_school__air_jordan_1_retro_high_gg__valenti_4_46161.jpeg;https:\/\/images.novelship.com\/product\/_grade_school__air_jordan_1_retro_high_gg__valenti_5_46161.jpeg;https:\/\/images.novelship.com\/product\/_grade_school__air_jordan_1_retro_high_gg__valenti_6_46161.jpeg;https:\/\/images.novelship.com\/product\/_grade_school__air_jordan_1_retro_high_gg__valenti_7_46161.jpeg\",\"datePublished\":\"2026-04-16T10:08:30+00:00\",\"dateModified\":\"2026-04-17T15:50:24+00:00\",\"breadcrumb\":{\"@id\":\"https:\/\/tourcruiser.com\/fr\/products\/grade-school-air-jordan-1-retro-high-gg-valentines-day-881426-009\/#breadcrumb\"},\"inLanguage\":\"fr-FR\",\"potentialAction\":[{\"@type\":\"ReadAction\",\"target\":[\"https:\/\/tourcruiser.com\/fr\/products\/grade-school-air-jordan-1-retro-high-gg-valentines-day-881426-009\/\"]}]},{\"@type\":\"ImageObject\",\"inLanguage\":\"fr-FR\",\"@id\":\"https:\/\/tourcruiser.com\/fr\/products\/grade-school-air-jordan-1-retro-high-gg-valentines-day-881426-009\/#primaryimage\",\"url\":\"https:\/\/images.novelship.com\/product\/_grade_school__air_jordan_1_retro_high_gg__valenti_0_46161.jpeg;https:\/\/images.novelship.com\/product\/_grade_school__air_jordan_1_retro_high_gg__valenti_1_46161.jpeg;https:\/\/images.novelship.com\/product\/_grade_school__air_jordan_1_retro_high_gg__valenti_2_46161.jpeg;https:\/\/images.novelship.com\/product\/_grade_school__air_jordan_1_retro_high_gg__valenti_3_46161.jpeg;https:\/\/images.novelship.com\/product\/_grade_school__air_jordan_1_retro_high_gg__valenti_4_46161.jpeg;https:\/\/images.novelship.com\/product\/_grade_school__air_jordan_1_retro_high_gg__valenti_5_46161.jpeg;https:\/\/images.novelship.com\/product\/_grade_school__air_jordan_1_retro_high_gg__valenti_6_46161.jpeg;https:\/\/images.novelship.com\/product\/_grade_school__air_jordan_1_retro_high_gg__valenti_7_46161.jpeg\",\"contentUrl\":\"https:\/\/images.novelship.com\/product\/_grade_school__air_jordan_1_retro_high_gg__valenti_0_46161.jpeg;https:\/\/images.novelship.com\/product\/_grade_school__air_jordan_1_retro_high_gg__valenti_1_46161.jpeg;https:\/\/images.novelship.com\/product\/_grade_school__air_jordan_1_retro_high_gg__valenti_2_46161.jpeg;https:\/\/images.novelship.com\/product\/_grade_school__air_jordan_1_retro_high_gg__valenti_3_46161.jpeg;https:\/\/images.novelship.com\/product\/_grade_school__air_jordan_1_retro_high_gg__valenti_4_46161.jpeg;https:\/\/images.novelship.com\/product\/_grade_school__air_jordan_1_retro_high_gg__valenti_5_46161.jpeg;https:\/\/images.novelship.com\/product\/_grade_school__air_jordan_1_retro_high_gg__valenti_6_46161.jpeg;https:\/\/images.novelship.com\/product\/_grade_school__air_jordan_1_retro_high_gg__valenti_7_46161.jpeg\"},{\"@type\":\"BreadcrumbList\",\"@id\":\"https:\/\/tourcruiser.com\/fr\/products\/grade-school-air-jordan-1-retro-high-gg-valentines-day-881426-009\/#breadcrumb\",\"itemListElement\":[{\"@type\":\"ListItem\",\"position\":1,\"name\":\"Home\",\"item\":\"https:\/\/tourcruiser.com\/fr\/\"},{\"@type\":\"ListItem\",\"position\":2,\"name\":\"Shop\",\"item\":\"https:\/\/tourcruiser.com\/fr\/shop\/\"},{\"@type\":\"ListItem\",\"position\":3,\"name\":\"(Grade School) Air Jordan 1 Retro High GG &#8216;Valentine&#8217;s Day&#8217; 881426-009\"}]},{\"@type\":\"WebSite\",\"@id\":\"\/#website\",\"url\":\"\/\",\"name\":\"Styloral Jewelry Shop\",\"description\":\"Tourcruiser Sneaker Store \u2014 L\u2019endroit o\u00f9 l\u2019univers rencontre votre singularit\u00e9.\",\"publisher\":{\"@id\":\"\/#organization\"},\"potentialAction\":[{\"@type\":\"SearchAction\",\"target\":{\"@type\":\"EntryPoint\",\"urlTemplate\":\"\/?s={search_term_string}\"},\"query-input\":{\"@type\":\"PropertyValueSpecification\",\"valueRequired\":true,\"valueName\":\"search_term_string\"}}],\"inLanguage\":\"fr-FR\"},{\"@type\":\"Organization\",\"@id\":\"\/#organization\",\"name\":\"STYLORAL PTE. LTD\",\"url\":\"\/\",\"logo\":{\"@type\":\"ImageObject\",\"inLanguage\":\"fr-FR\",\"@id\":\"\/#\/schema\/logo\/image\/\",\"url\":\"https:\/\/www.tourcruiser.com\/wp-content\/uploads\/2025\/12\/logo.png\",\"contentUrl\":\"https:\/\/www.tourcruiser.com\/wp-content\/uploads\/2025\/12\/logo.png\",\"width\":200,\"height\":65,\"caption\":\"STYLORAL PTE. LTD\"},\"image\":{\"@id\":\"\/#\/schema\/logo\/image\/\"}}]}<\/script>\n<!-- \/ Yoast SEO plugin. -->","yoast_head_json":{"title":"(Grade School) Air Jordan 1 Retro High GG 'Valentine's Day' 881426-009 - TOURCRUISER PTE. LTD","robots":{"index":"index","follow":"follow","max-snippet":"max-snippet:-1","max-image-preview":"max-image-preview:large","max-video-preview":"max-video-preview:-1"},"canonical":"https:\/\/tourcruiser.com\/fr\/products\/grade-school-air-jordan-1-retro-high-gg-valentines-day-881426-009\/","og_locale":"fr_FR","og_type":"article","og_title":"(Grade School) Air Jordan 1 Retro High GG 'Valentine's Day' 881426-009 - TOURCRUISER PTE. LTD","og_description":"La Air Jordan 1 Retro High GG Valentine&rsquo;s Day (GS), aussi appel\u00e9e Valentine&rsquo;s Day, est une chaussure Jordan con\u00e7ue pour les enfants et les adolescents. Ce mod\u00e8le iconique arbore un design noir \u00e9l\u00e9gant et est parfait pour les jeunes passionn\u00e9s de sneakers. Affichez votre meilleur style et c\u00e9l\u00e9brez la Saint-Valentin avec ces baskets styl\u00e9es. Coloris [&hellip;]","og_url":"https:\/\/tourcruiser.com\/fr\/products\/grade-school-air-jordan-1-retro-high-gg-valentines-day-881426-009\/","og_site_name":"Tourcruiser Sneaker Store","article_modified_time":"2026-04-17T15:50:24+00:00","twitter_card":"summary_large_image","twitter_image":"https:\/\/images.novelship.com\/product\/_grade_school__air_jordan_1_retro_high_gg__valenti_0_46161.jpeg;https:\/\/images.novelship.com\/product\/_grade_school__air_jordan_1_retro_high_gg__valenti_1_46161.jpeg;https:\/\/images.novelship.com\/product\/_grade_school__air_jordan_1_retro_high_gg__valenti_2_46161.jpeg;https:\/\/images.novelship.com\/product\/_grade_school__air_jordan_1_retro_high_gg__valenti_3_46161.jpeg;https:\/\/images.novelship.com\/product\/_grade_school__air_jordan_1_retro_high_gg__valenti_4_46161.jpeg;https:\/\/images.novelship.com\/product\/_grade_school__air_jordan_1_retro_high_gg__valenti_5_46161.jpeg;https:\/\/images.novelship.com\/product\/_grade_school__air_jordan_1_retro_high_gg__valenti_6_46161.jpeg;https:\/\/images.novelship.com\/product\/_grade_school__air_jordan_1_retro_high_gg__valenti_7_46161.jpeg","schema":{"@context":"https:\/\/schema.org","@graph":[{"@type":"WebPage","@id":"https:\/\/tourcruiser.com\/fr\/products\/grade-school-air-jordan-1-retro-high-gg-valentines-day-881426-009\/","url":"https:\/\/tourcruiser.com\/fr\/products\/grade-school-air-jordan-1-retro-high-gg-valentines-day-881426-009\/","name":"(Grade School) Air Jordan 1 Retro High GG 'Valentine's Day' 881426-009 - TOURCRUISER PTE. LTD","isPartOf":{"@id":"\/#website"},"primaryImageOfPage":{"@id":"https:\/\/tourcruiser.com\/fr\/products\/grade-school-air-jordan-1-retro-high-gg-valentines-day-881426-009\/#primaryimage"},"image":{"@id":"https:\/\/tourcruiser.com\/fr\/products\/grade-school-air-jordan-1-retro-high-gg-valentines-day-881426-009\/#primaryimage"},"thumbnailUrl":"https:\/\/images.novelship.com\/product\/_grade_school__air_jordan_1_retro_high_gg__valenti_0_46161.jpeg;https:\/\/images.novelship.com\/product\/_grade_school__air_jordan_1_retro_high_gg__valenti_1_46161.jpeg;https:\/\/images.novelship.com\/product\/_grade_school__air_jordan_1_retro_high_gg__valenti_2_46161.jpeg;https:\/\/images.novelship.com\/product\/_grade_school__air_jordan_1_retro_high_gg__valenti_3_46161.jpeg;https:\/\/images.novelship.com\/product\/_grade_school__air_jordan_1_retro_high_gg__valenti_4_46161.jpeg;https:\/\/images.novelship.com\/product\/_grade_school__air_jordan_1_retro_high_gg__valenti_5_46161.jpeg;https:\/\/images.novelship.com\/product\/_grade_school__air_jordan_1_retro_high_gg__valenti_6_46161.jpeg;https:\/\/images.novelship.com\/product\/_grade_school__air_jordan_1_retro_high_gg__valenti_7_46161.jpeg","datePublished":"2026-04-16T10:08:30+00:00","dateModified":"2026-04-17T15:50:24+00:00","breadcrumb":{"@id":"https:\/\/tourcruiser.com\/fr\/products\/grade-school-air-jordan-1-retro-high-gg-valentines-day-881426-009\/#breadcrumb"},"inLanguage":"fr-FR","potentialAction":[{"@type":"ReadAction","target":["https:\/\/tourcruiser.com\/fr\/products\/grade-school-air-jordan-1-retro-high-gg-valentines-day-881426-009\/"]}]},{"@type":"ImageObject","inLanguage":"fr-FR","@id":"https:\/\/tourcruiser.com\/fr\/products\/grade-school-air-jordan-1-retro-high-gg-valentines-day-881426-009\/#primaryimage","url":"https:\/\/images.novelship.com\/product\/_grade_school__air_jordan_1_retro_high_gg__valenti_0_46161.jpeg;https:\/\/images.novelship.com\/product\/_grade_school__air_jordan_1_retro_high_gg__valenti_1_46161.jpeg;https:\/\/images.novelship.com\/product\/_grade_school__air_jordan_1_retro_high_gg__valenti_2_46161.jpeg;https:\/\/images.novelship.com\/product\/_grade_school__air_jordan_1_retro_high_gg__valenti_3_46161.jpeg;https:\/\/images.novelship.com\/product\/_grade_school__air_jordan_1_retro_high_gg__valenti_4_46161.jpeg;https:\/\/images.novelship.com\/product\/_grade_school__air_jordan_1_retro_high_gg__valenti_5_46161.jpeg;https:\/\/images.novelship.com\/product\/_grade_school__air_jordan_1_retro_high_gg__valenti_6_46161.jpeg;https:\/\/images.novelship.com\/product\/_grade_school__air_jordan_1_retro_high_gg__valenti_7_46161.jpeg","contentUrl":"https:\/\/images.novelship.com\/product\/_grade_school__air_jordan_1_retro_high_gg__valenti_0_46161.jpeg;https:\/\/images.novelship.com\/product\/_grade_school__air_jordan_1_retro_high_gg__valenti_1_46161.jpeg;https:\/\/images.novelship.com\/product\/_grade_school__air_jordan_1_retro_high_gg__valenti_2_46161.jpeg;https:\/\/images.novelship.com\/product\/_grade_school__air_jordan_1_retro_high_gg__valenti_3_46161.jpeg;https:\/\/images.novelship.com\/product\/_grade_school__air_jordan_1_retro_high_gg__valenti_4_46161.jpeg;https:\/\/images.novelship.com\/product\/_grade_school__air_jordan_1_retro_high_gg__valenti_5_46161.jpeg;https:\/\/images.novelship.com\/product\/_grade_school__air_jordan_1_retro_high_gg__valenti_6_46161.jpeg;https:\/\/images.novelship.com\/product\/_grade_school__air_jordan_1_retro_high_gg__valenti_7_46161.jpeg"},{"@type":"BreadcrumbList","@id":"https:\/\/tourcruiser.com\/fr\/products\/grade-school-air-jordan-1-retro-high-gg-valentines-day-881426-009\/#breadcrumb","itemListElement":[{"@type":"ListItem","position":1,"name":"Home","item":"https:\/\/tourcruiser.com\/fr\/"},{"@type":"ListItem","position":2,"name":"Shop","item":"https:\/\/tourcruiser.com\/fr\/shop\/"},{"@type":"ListItem","position":3,"name":"(Grade School) Air Jordan 1 Retro High GG &#8216;Valentine&#8217;s Day&#8217; 881426-009"}]},{"@type":"WebSite","@id":"\/#website","url":"\/","name":"Styloral Jewelry Shop","description":"Tourcruiser Sneaker Store \u2014 L\u2019endroit o\u00f9 l\u2019univers rencontre votre singularit\u00e9.","publisher":{"@id":"\/#organization"},"potentialAction":[{"@type":"SearchAction","target":{"@type":"EntryPoint","urlTemplate":"\/?s={search_term_string}"},"query-input":{"@type":"PropertyValueSpecification","valueRequired":true,"valueName":"search_term_string"}}],"inLanguage":"fr-FR"},{"@type":"Organization","@id":"\/#organization","name":"STYLORAL PTE. LTD","url":"\/","logo":{"@type":"ImageObject","inLanguage":"fr-FR","@id":"\/#\/schema\/logo\/image\/","url":"https:\/\/www.tourcruiser.com\/wp-content\/uploads\/2025\/12\/logo.png","contentUrl":"https:\/\/www.tourcruiser.com\/wp-content\/uploads\/2025\/12\/logo.png","width":200,"height":65,"caption":"STYLORAL PTE. LTD"},"image":{"@id":"\/#\/schema\/logo\/image\/"}}]}},"_links":{"self":[{"href":"https:\/\/tourcruiser.com\/fr\/wp-json\/wp\/v2\/product\/759873","targetHints":{"allow":["GET"]}}],"collection":[{"href":"https:\/\/tourcruiser.com\/fr\/wp-json\/wp\/v2\/product"}],"about":[{"href":"https:\/\/tourcruiser.com\/fr\/wp-json\/wp\/v2\/types\/product"}],"replies":[{"embeddable":true,"href":"https:\/\/tourcruiser.com\/fr\/wp-json\/wp\/v2\/comments?post=759873"}],"wp:featuredmedia":[{"embeddable":true,"href":"https:\/\/tourcruiser.com\/fr\/wp-json\/wp\/v2\/media\/759874"}],"wp:attachment":[{"href":"https:\/\/tourcruiser.com\/fr\/wp-json\/wp\/v2\/media?parent=759873"}],"wp:term":[{"taxonomy":"product_brand","embeddable":true,"href":"https:\/\/tourcruiser.com\/fr\/wp-json\/wp\/v2\/product_brand?post=759873"},{"taxonomy":"product_cat","embeddable":true,"href":"https:\/\/tourcruiser.com\/fr\/wp-json\/wp\/v2\/product_cat?post=759873"},{"taxonomy":"product_tag","embeddable":true,"href":"https:\/\/tourcruiser.com\/fr\/wp-json\/wp\/v2\/product_tag?post=759873"}],"curies":[{"name":"wp","href":"https:\/\/api.w.org\/{rel}","templated":true}]}}