{"id":759855,"date":"2026-04-16T17:08:29","date_gmt":"2026-04-16T10:08:29","guid":{"rendered":"http:\/\/tourcruiser.com\/product\/grade-school-air-jordan-1-mid-se-glow-in-the-dark-panda-bq6931-103"},"modified":"2026-04-17T22:50:23","modified_gmt":"2026-04-17T15:50:23","slug":"grade-school-air-jordan-1-mid-se-glow-in-the-dark-panda-bq6931-103","status":"publish","type":"product","link":"https:\/\/tourcruiser.com\/fr\/products\/grade-school-air-jordan-1-mid-se-glow-in-the-dark-panda-bq6931-103\/","title":{"rendered":"(Grade School) Air Jordan 1 Mid SE &lsquo;Glow in the Dark Panda&rsquo; BQ6931-103"},"content":{"rendered":"<p>La Air Jordan 1 Mid SE Glow in the Dark Panda (GS) est une chaussure Jordan audacieuse et color\u00e9e, id\u00e9ale pour les jeunes athl\u00e8tes. Son association de blanc et de noir la rend parfaite pour ceux qui veulent se d\u00e9marquer sur le terrain comme dans la rue. Fabriqu\u00e9e \u00e0 partir de mat\u00e9riaux haut de gamme, cette sneaker est non seulement styl\u00e9e, mais aussi confortable et r\u00e9sistante. Son effet phosphorescent lui conf\u00e8re une touche ludique et unique. Pr\u00e9parez-vous \u00e0 illuminer la nuit avec la Air Jordan 1 Mid SE Glow in the Dark Panda (GS).<\/p>\n<p>Coloris : Blanc\/Noir-Turquoise<\/p>\n<p>Code article : BQ6931-103<\/p>\n<p>Tige : Cuir<\/p>\n<p>Semelle interm\u00e9diaire : Air<\/p>\n<p>Couleur : Noir<\/p>\n<p>Designer : Peter Moore<\/p>\n<p>Saison : Printemps\/\u00c9t\u00e9\/Hiver<\/p>\n<p>Ann\u00e9e de sortie : 2019<\/p>\n<p>\u00c2ge : Adulte<\/p>\n<p>Couleur : Noir<\/p>\n<p>Genre : Jeune<\/p>\n","protected":false},"excerpt":{"rendered":"<p>La Air Jordan 1 Mid SE Glow in the Dark Panda (GS) est une chaussure Jordan audacieuse et color\u00e9e, id\u00e9ale pour les jeunes athl\u00e8tes. Son association de blanc et de noir la rend parfaite pour ceux qui veulent se d\u00e9marquer sur le terrain comme dans la rue. Fabriqu\u00e9e \u00e0 partir de mat\u00e9riaux haut de gamme, [&hellip;]<\/p>\n","protected":false},"featured_media":759856,"comment_status":"open","ping_status":"closed","template":"","meta":[],"product_brand":[],"product_cat":[38880],"product_tag":[10750,38988,10776,38875,10756,39039],"class_list":{"0":"post-759855","1":"product","2":"type-product","3":"status-publish","4":"has-post-thumbnail","6":"product_cat-jordan","7":"product_tag-athleisure-shoes","8":"product_tag-casual-shoes-for-kids","9":"product_tag-jordan","10":"product_tag-jordan-skateboard-shoes","11":"product_tag-retro-casual-shoes","12":"product_tag-sneakers-for-kids","14":"first","15":"instock","16":"taxable","17":"shipping-taxable","18":"purchasable","19":"product-type-simple"},"wcpa_form_fields":null,"yoast_head":"<!-- This site is optimized with the Yoast SEO plugin v26.5 - https:\/\/yoast.com\/wordpress\/plugins\/seo\/ -->\n<title>(Grade School) Air Jordan 1 Mid SE &#039;Glow in the Dark Panda&#039; BQ6931-103 - TOURCRUISER PTE. LTD<\/title>\n<meta name=\"robots\" content=\"index, follow, max-snippet:-1, max-image-preview:large, max-video-preview:-1\" \/>\n<link rel=\"canonical\" href=\"https:\/\/tourcruiser.com\/fr\/products\/grade-school-air-jordan-1-mid-se-glow-in-the-dark-panda-bq6931-103\/\" \/>\n<meta property=\"og:locale\" content=\"fr_FR\" \/>\n<meta property=\"og:type\" content=\"article\" \/>\n<meta property=\"og:title\" content=\"(Grade School) Air Jordan 1 Mid SE &#039;Glow in the Dark Panda&#039; BQ6931-103 - TOURCRUISER PTE. LTD\" \/>\n<meta property=\"og:description\" content=\"La Air Jordan 1 Mid SE Glow in the Dark Panda (GS) est une chaussure Jordan audacieuse et color\u00e9e, id\u00e9ale pour les jeunes athl\u00e8tes. Son association de blanc et de noir la rend parfaite pour ceux qui veulent se d\u00e9marquer sur le terrain comme dans la rue. Fabriqu\u00e9e \u00e0 partir de mat\u00e9riaux haut de gamme, [&hellip;]\" \/>\n<meta property=\"og:url\" content=\"https:\/\/tourcruiser.com\/fr\/products\/grade-school-air-jordan-1-mid-se-glow-in-the-dark-panda-bq6931-103\/\" \/>\n<meta property=\"og:site_name\" content=\"Tourcruiser Sneaker Store\" \/>\n<meta property=\"article:modified_time\" content=\"2026-04-17T15:50:23+00:00\" \/>\n<meta name=\"twitter:card\" content=\"summary_large_image\" \/>\n<meta name=\"twitter:image\" content=\"https:\/\/images.novelship.com\/product\/_grade_school__air_jordan_1_mid_se__glow_in_the_da_0_31719.jpeg;https:\/\/images.novelship.com\/product\/_grade_school__air_jordan_1_mid_se__glow_in_the_da_1_31719.jpeg;https:\/\/images.novelship.com\/product\/_grade_school__air_jordan_1_mid_se__glow_in_the_da_2_31719.jpeg;https:\/\/images.novelship.com\/product\/_grade_school__air_jordan_1_mid_se__glow_in_the_da_3_31719.jpeg;https:\/\/images.novelship.com\/product\/_grade_school__air_jordan_1_mid_se__glow_in_the_da_4_31719.jpeg;https:\/\/images.novelship.com\/product\/_grade_school__air_jordan_1_mid_se__glow_in_the_da_5_31719.jpeg;https:\/\/images.novelship.com\/product\/_grade_school__air_jordan_1_mid_se__glow_in_the_da_6_31719.jpeg;https:\/\/images.novelship.com\/product\/_grade_school__air_jordan_1_mid_se__glow_in_the_da_7_31719.jpeg\" \/>\n<meta name=\"twitter:label1\" content=\"Dur\u00e9e de lecture estim\u00e9e\" \/>\n\t<meta name=\"twitter:data1\" content=\"1 minute\" \/>\n<script type=\"application\/ld+json\" class=\"yoast-schema-graph\">{\"@context\":\"https:\/\/schema.org\",\"@graph\":[{\"@type\":\"WebPage\",\"@id\":\"https:\/\/tourcruiser.com\/fr\/products\/grade-school-air-jordan-1-mid-se-glow-in-the-dark-panda-bq6931-103\/\",\"url\":\"https:\/\/tourcruiser.com\/fr\/products\/grade-school-air-jordan-1-mid-se-glow-in-the-dark-panda-bq6931-103\/\",\"name\":\"(Grade School) Air Jordan 1 Mid SE 'Glow in the Dark Panda' BQ6931-103 - TOURCRUISER PTE. LTD\",\"isPartOf\":{\"@id\":\"\/#website\"},\"primaryImageOfPage\":{\"@id\":\"https:\/\/tourcruiser.com\/fr\/products\/grade-school-air-jordan-1-mid-se-glow-in-the-dark-panda-bq6931-103\/#primaryimage\"},\"image\":{\"@id\":\"https:\/\/tourcruiser.com\/fr\/products\/grade-school-air-jordan-1-mid-se-glow-in-the-dark-panda-bq6931-103\/#primaryimage\"},\"thumbnailUrl\":\"https:\/\/images.novelship.com\/product\/_grade_school__air_jordan_1_mid_se__glow_in_the_da_0_31719.jpeg;https:\/\/images.novelship.com\/product\/_grade_school__air_jordan_1_mid_se__glow_in_the_da_1_31719.jpeg;https:\/\/images.novelship.com\/product\/_grade_school__air_jordan_1_mid_se__glow_in_the_da_2_31719.jpeg;https:\/\/images.novelship.com\/product\/_grade_school__air_jordan_1_mid_se__glow_in_the_da_3_31719.jpeg;https:\/\/images.novelship.com\/product\/_grade_school__air_jordan_1_mid_se__glow_in_the_da_4_31719.jpeg;https:\/\/images.novelship.com\/product\/_grade_school__air_jordan_1_mid_se__glow_in_the_da_5_31719.jpeg;https:\/\/images.novelship.com\/product\/_grade_school__air_jordan_1_mid_se__glow_in_the_da_6_31719.jpeg;https:\/\/images.novelship.com\/product\/_grade_school__air_jordan_1_mid_se__glow_in_the_da_7_31719.jpeg\",\"datePublished\":\"2026-04-16T10:08:29+00:00\",\"dateModified\":\"2026-04-17T15:50:23+00:00\",\"breadcrumb\":{\"@id\":\"https:\/\/tourcruiser.com\/fr\/products\/grade-school-air-jordan-1-mid-se-glow-in-the-dark-panda-bq6931-103\/#breadcrumb\"},\"inLanguage\":\"fr-FR\",\"potentialAction\":[{\"@type\":\"ReadAction\",\"target\":[\"https:\/\/tourcruiser.com\/fr\/products\/grade-school-air-jordan-1-mid-se-glow-in-the-dark-panda-bq6931-103\/\"]}]},{\"@type\":\"ImageObject\",\"inLanguage\":\"fr-FR\",\"@id\":\"https:\/\/tourcruiser.com\/fr\/products\/grade-school-air-jordan-1-mid-se-glow-in-the-dark-panda-bq6931-103\/#primaryimage\",\"url\":\"https:\/\/images.novelship.com\/product\/_grade_school__air_jordan_1_mid_se__glow_in_the_da_0_31719.jpeg;https:\/\/images.novelship.com\/product\/_grade_school__air_jordan_1_mid_se__glow_in_the_da_1_31719.jpeg;https:\/\/images.novelship.com\/product\/_grade_school__air_jordan_1_mid_se__glow_in_the_da_2_31719.jpeg;https:\/\/images.novelship.com\/product\/_grade_school__air_jordan_1_mid_se__glow_in_the_da_3_31719.jpeg;https:\/\/images.novelship.com\/product\/_grade_school__air_jordan_1_mid_se__glow_in_the_da_4_31719.jpeg;https:\/\/images.novelship.com\/product\/_grade_school__air_jordan_1_mid_se__glow_in_the_da_5_31719.jpeg;https:\/\/images.novelship.com\/product\/_grade_school__air_jordan_1_mid_se__glow_in_the_da_6_31719.jpeg;https:\/\/images.novelship.com\/product\/_grade_school__air_jordan_1_mid_se__glow_in_the_da_7_31719.jpeg\",\"contentUrl\":\"https:\/\/images.novelship.com\/product\/_grade_school__air_jordan_1_mid_se__glow_in_the_da_0_31719.jpeg;https:\/\/images.novelship.com\/product\/_grade_school__air_jordan_1_mid_se__glow_in_the_da_1_31719.jpeg;https:\/\/images.novelship.com\/product\/_grade_school__air_jordan_1_mid_se__glow_in_the_da_2_31719.jpeg;https:\/\/images.novelship.com\/product\/_grade_school__air_jordan_1_mid_se__glow_in_the_da_3_31719.jpeg;https:\/\/images.novelship.com\/product\/_grade_school__air_jordan_1_mid_se__glow_in_the_da_4_31719.jpeg;https:\/\/images.novelship.com\/product\/_grade_school__air_jordan_1_mid_se__glow_in_the_da_5_31719.jpeg;https:\/\/images.novelship.com\/product\/_grade_school__air_jordan_1_mid_se__glow_in_the_da_6_31719.jpeg;https:\/\/images.novelship.com\/product\/_grade_school__air_jordan_1_mid_se__glow_in_the_da_7_31719.jpeg\"},{\"@type\":\"BreadcrumbList\",\"@id\":\"https:\/\/tourcruiser.com\/fr\/products\/grade-school-air-jordan-1-mid-se-glow-in-the-dark-panda-bq6931-103\/#breadcrumb\",\"itemListElement\":[{\"@type\":\"ListItem\",\"position\":1,\"name\":\"Home\",\"item\":\"https:\/\/tourcruiser.com\/fr\/\"},{\"@type\":\"ListItem\",\"position\":2,\"name\":\"Shop\",\"item\":\"https:\/\/tourcruiser.com\/fr\/shop\/\"},{\"@type\":\"ListItem\",\"position\":3,\"name\":\"(Grade School) Air Jordan 1 Mid SE &#8216;Glow in the Dark Panda&#8217; BQ6931-103\"}]},{\"@type\":\"WebSite\",\"@id\":\"\/#website\",\"url\":\"\/\",\"name\":\"Styloral Jewelry Shop\",\"description\":\"Tourcruiser Sneaker Store \u2014 L\u2019endroit o\u00f9 l\u2019univers rencontre votre singularit\u00e9.\",\"publisher\":{\"@id\":\"\/#organization\"},\"potentialAction\":[{\"@type\":\"SearchAction\",\"target\":{\"@type\":\"EntryPoint\",\"urlTemplate\":\"\/?s={search_term_string}\"},\"query-input\":{\"@type\":\"PropertyValueSpecification\",\"valueRequired\":true,\"valueName\":\"search_term_string\"}}],\"inLanguage\":\"fr-FR\"},{\"@type\":\"Organization\",\"@id\":\"\/#organization\",\"name\":\"STYLORAL PTE. LTD\",\"url\":\"\/\",\"logo\":{\"@type\":\"ImageObject\",\"inLanguage\":\"fr-FR\",\"@id\":\"\/#\/schema\/logo\/image\/\",\"url\":\"https:\/\/www.tourcruiser.com\/wp-content\/uploads\/2025\/12\/logo.png\",\"contentUrl\":\"https:\/\/www.tourcruiser.com\/wp-content\/uploads\/2025\/12\/logo.png\",\"width\":200,\"height\":65,\"caption\":\"STYLORAL PTE. LTD\"},\"image\":{\"@id\":\"\/#\/schema\/logo\/image\/\"}}]}<\/script>\n<!-- \/ Yoast SEO plugin. -->","yoast_head_json":{"title":"(Grade School) Air Jordan 1 Mid SE 'Glow in the Dark Panda' BQ6931-103 - TOURCRUISER PTE. LTD","robots":{"index":"index","follow":"follow","max-snippet":"max-snippet:-1","max-image-preview":"max-image-preview:large","max-video-preview":"max-video-preview:-1"},"canonical":"https:\/\/tourcruiser.com\/fr\/products\/grade-school-air-jordan-1-mid-se-glow-in-the-dark-panda-bq6931-103\/","og_locale":"fr_FR","og_type":"article","og_title":"(Grade School) Air Jordan 1 Mid SE 'Glow in the Dark Panda' BQ6931-103 - TOURCRUISER PTE. LTD","og_description":"La Air Jordan 1 Mid SE Glow in the Dark Panda (GS) est une chaussure Jordan audacieuse et color\u00e9e, id\u00e9ale pour les jeunes athl\u00e8tes. Son association de blanc et de noir la rend parfaite pour ceux qui veulent se d\u00e9marquer sur le terrain comme dans la rue. Fabriqu\u00e9e \u00e0 partir de mat\u00e9riaux haut de gamme, [&hellip;]","og_url":"https:\/\/tourcruiser.com\/fr\/products\/grade-school-air-jordan-1-mid-se-glow-in-the-dark-panda-bq6931-103\/","og_site_name":"Tourcruiser Sneaker Store","article_modified_time":"2026-04-17T15:50:23+00:00","twitter_card":"summary_large_image","twitter_image":"https:\/\/images.novelship.com\/product\/_grade_school__air_jordan_1_mid_se__glow_in_the_da_0_31719.jpeg;https:\/\/images.novelship.com\/product\/_grade_school__air_jordan_1_mid_se__glow_in_the_da_1_31719.jpeg;https:\/\/images.novelship.com\/product\/_grade_school__air_jordan_1_mid_se__glow_in_the_da_2_31719.jpeg;https:\/\/images.novelship.com\/product\/_grade_school__air_jordan_1_mid_se__glow_in_the_da_3_31719.jpeg;https:\/\/images.novelship.com\/product\/_grade_school__air_jordan_1_mid_se__glow_in_the_da_4_31719.jpeg;https:\/\/images.novelship.com\/product\/_grade_school__air_jordan_1_mid_se__glow_in_the_da_5_31719.jpeg;https:\/\/images.novelship.com\/product\/_grade_school__air_jordan_1_mid_se__glow_in_the_da_6_31719.jpeg;https:\/\/images.novelship.com\/product\/_grade_school__air_jordan_1_mid_se__glow_in_the_da_7_31719.jpeg","twitter_misc":{"Dur\u00e9e de lecture estim\u00e9e":"1 minute"},"schema":{"@context":"https:\/\/schema.org","@graph":[{"@type":"WebPage","@id":"https:\/\/tourcruiser.com\/fr\/products\/grade-school-air-jordan-1-mid-se-glow-in-the-dark-panda-bq6931-103\/","url":"https:\/\/tourcruiser.com\/fr\/products\/grade-school-air-jordan-1-mid-se-glow-in-the-dark-panda-bq6931-103\/","name":"(Grade School) Air Jordan 1 Mid SE 'Glow in the Dark Panda' BQ6931-103 - TOURCRUISER PTE. LTD","isPartOf":{"@id":"\/#website"},"primaryImageOfPage":{"@id":"https:\/\/tourcruiser.com\/fr\/products\/grade-school-air-jordan-1-mid-se-glow-in-the-dark-panda-bq6931-103\/#primaryimage"},"image":{"@id":"https:\/\/tourcruiser.com\/fr\/products\/grade-school-air-jordan-1-mid-se-glow-in-the-dark-panda-bq6931-103\/#primaryimage"},"thumbnailUrl":"https:\/\/images.novelship.com\/product\/_grade_school__air_jordan_1_mid_se__glow_in_the_da_0_31719.jpeg;https:\/\/images.novelship.com\/product\/_grade_school__air_jordan_1_mid_se__glow_in_the_da_1_31719.jpeg;https:\/\/images.novelship.com\/product\/_grade_school__air_jordan_1_mid_se__glow_in_the_da_2_31719.jpeg;https:\/\/images.novelship.com\/product\/_grade_school__air_jordan_1_mid_se__glow_in_the_da_3_31719.jpeg;https:\/\/images.novelship.com\/product\/_grade_school__air_jordan_1_mid_se__glow_in_the_da_4_31719.jpeg;https:\/\/images.novelship.com\/product\/_grade_school__air_jordan_1_mid_se__glow_in_the_da_5_31719.jpeg;https:\/\/images.novelship.com\/product\/_grade_school__air_jordan_1_mid_se__glow_in_the_da_6_31719.jpeg;https:\/\/images.novelship.com\/product\/_grade_school__air_jordan_1_mid_se__glow_in_the_da_7_31719.jpeg","datePublished":"2026-04-16T10:08:29+00:00","dateModified":"2026-04-17T15:50:23+00:00","breadcrumb":{"@id":"https:\/\/tourcruiser.com\/fr\/products\/grade-school-air-jordan-1-mid-se-glow-in-the-dark-panda-bq6931-103\/#breadcrumb"},"inLanguage":"fr-FR","potentialAction":[{"@type":"ReadAction","target":["https:\/\/tourcruiser.com\/fr\/products\/grade-school-air-jordan-1-mid-se-glow-in-the-dark-panda-bq6931-103\/"]}]},{"@type":"ImageObject","inLanguage":"fr-FR","@id":"https:\/\/tourcruiser.com\/fr\/products\/grade-school-air-jordan-1-mid-se-glow-in-the-dark-panda-bq6931-103\/#primaryimage","url":"https:\/\/images.novelship.com\/product\/_grade_school__air_jordan_1_mid_se__glow_in_the_da_0_31719.jpeg;https:\/\/images.novelship.com\/product\/_grade_school__air_jordan_1_mid_se__glow_in_the_da_1_31719.jpeg;https:\/\/images.novelship.com\/product\/_grade_school__air_jordan_1_mid_se__glow_in_the_da_2_31719.jpeg;https:\/\/images.novelship.com\/product\/_grade_school__air_jordan_1_mid_se__glow_in_the_da_3_31719.jpeg;https:\/\/images.novelship.com\/product\/_grade_school__air_jordan_1_mid_se__glow_in_the_da_4_31719.jpeg;https:\/\/images.novelship.com\/product\/_grade_school__air_jordan_1_mid_se__glow_in_the_da_5_31719.jpeg;https:\/\/images.novelship.com\/product\/_grade_school__air_jordan_1_mid_se__glow_in_the_da_6_31719.jpeg;https:\/\/images.novelship.com\/product\/_grade_school__air_jordan_1_mid_se__glow_in_the_da_7_31719.jpeg","contentUrl":"https:\/\/images.novelship.com\/product\/_grade_school__air_jordan_1_mid_se__glow_in_the_da_0_31719.jpeg;https:\/\/images.novelship.com\/product\/_grade_school__air_jordan_1_mid_se__glow_in_the_da_1_31719.jpeg;https:\/\/images.novelship.com\/product\/_grade_school__air_jordan_1_mid_se__glow_in_the_da_2_31719.jpeg;https:\/\/images.novelship.com\/product\/_grade_school__air_jordan_1_mid_se__glow_in_the_da_3_31719.jpeg;https:\/\/images.novelship.com\/product\/_grade_school__air_jordan_1_mid_se__glow_in_the_da_4_31719.jpeg;https:\/\/images.novelship.com\/product\/_grade_school__air_jordan_1_mid_se__glow_in_the_da_5_31719.jpeg;https:\/\/images.novelship.com\/product\/_grade_school__air_jordan_1_mid_se__glow_in_the_da_6_31719.jpeg;https:\/\/images.novelship.com\/product\/_grade_school__air_jordan_1_mid_se__glow_in_the_da_7_31719.jpeg"},{"@type":"BreadcrumbList","@id":"https:\/\/tourcruiser.com\/fr\/products\/grade-school-air-jordan-1-mid-se-glow-in-the-dark-panda-bq6931-103\/#breadcrumb","itemListElement":[{"@type":"ListItem","position":1,"name":"Home","item":"https:\/\/tourcruiser.com\/fr\/"},{"@type":"ListItem","position":2,"name":"Shop","item":"https:\/\/tourcruiser.com\/fr\/shop\/"},{"@type":"ListItem","position":3,"name":"(Grade School) Air Jordan 1 Mid SE &#8216;Glow in the Dark Panda&#8217; BQ6931-103"}]},{"@type":"WebSite","@id":"\/#website","url":"\/","name":"Styloral Jewelry Shop","description":"Tourcruiser Sneaker Store \u2014 L\u2019endroit o\u00f9 l\u2019univers rencontre votre singularit\u00e9.","publisher":{"@id":"\/#organization"},"potentialAction":[{"@type":"SearchAction","target":{"@type":"EntryPoint","urlTemplate":"\/?s={search_term_string}"},"query-input":{"@type":"PropertyValueSpecification","valueRequired":true,"valueName":"search_term_string"}}],"inLanguage":"fr-FR"},{"@type":"Organization","@id":"\/#organization","name":"STYLORAL PTE. LTD","url":"\/","logo":{"@type":"ImageObject","inLanguage":"fr-FR","@id":"\/#\/schema\/logo\/image\/","url":"https:\/\/www.tourcruiser.com\/wp-content\/uploads\/2025\/12\/logo.png","contentUrl":"https:\/\/www.tourcruiser.com\/wp-content\/uploads\/2025\/12\/logo.png","width":200,"height":65,"caption":"STYLORAL PTE. LTD"},"image":{"@id":"\/#\/schema\/logo\/image\/"}}]}},"_links":{"self":[{"href":"https:\/\/tourcruiser.com\/fr\/wp-json\/wp\/v2\/product\/759855","targetHints":{"allow":["GET"]}}],"collection":[{"href":"https:\/\/tourcruiser.com\/fr\/wp-json\/wp\/v2\/product"}],"about":[{"href":"https:\/\/tourcruiser.com\/fr\/wp-json\/wp\/v2\/types\/product"}],"replies":[{"embeddable":true,"href":"https:\/\/tourcruiser.com\/fr\/wp-json\/wp\/v2\/comments?post=759855"}],"wp:featuredmedia":[{"embeddable":true,"href":"https:\/\/tourcruiser.com\/fr\/wp-json\/wp\/v2\/media\/759856"}],"wp:attachment":[{"href":"https:\/\/tourcruiser.com\/fr\/wp-json\/wp\/v2\/media?parent=759855"}],"wp:term":[{"taxonomy":"product_brand","embeddable":true,"href":"https:\/\/tourcruiser.com\/fr\/wp-json\/wp\/v2\/product_brand?post=759855"},{"taxonomy":"product_cat","embeddable":true,"href":"https:\/\/tourcruiser.com\/fr\/wp-json\/wp\/v2\/product_cat?post=759855"},{"taxonomy":"product_tag","embeddable":true,"href":"https:\/\/tourcruiser.com\/fr\/wp-json\/wp\/v2\/product_tag?post=759855"}],"curies":[{"name":"wp","href":"https:\/\/api.w.org\/{rel}","templated":true}]}}