{"id":759846,"date":"2026-04-16T17:08:29","date_gmt":"2026-04-16T10:08:29","guid":{"rendered":"http:\/\/tourcruiser.com\/product\/grade-school-air-jordan-4-retro-wntr-loyal-blue-cq9745-401"},"modified":"2026-04-17T22:50:22","modified_gmt":"2026-04-17T15:50:22","slug":"grade-school-air-jordan-4-retro-wntr-loyal-blue-cq9745-401","status":"publish","type":"product","link":"https:\/\/tourcruiser.com\/fr\/products\/grade-school-air-jordan-4-retro-wntr-loyal-blue-cq9745-401\/","title":{"rendered":"(Grade School) Air Jordan 4 Retro WNTR &lsquo;Loyal Blue&rsquo; CQ9745-401"},"content":{"rendered":"<p>Pr\u00e9parez-vous pour l&rsquo;hiver avec les baskets Air Jordan 4 Retro WNTR Loyal Blue. Con\u00e7ues sp\u00e9cialement pour les jeunes, ces chaussures styl\u00e9es de Jordan se distinguent par leur coloris bleu tendance. Id\u00e9ales pour garder vos pieds au chaud avec style pendant les mois les plus froids. Avec ces baskets incontournables, vous serez \u00e0 la pointe de la mode.<\/p>\n<p>&#8230; \u00c2ge\u00a0: Adulte<br \/>\nCouleur\u00a0: Bleu<br \/>\nGenre\u00a0: Jeune<\/p>\n","protected":false},"excerpt":{"rendered":"<p>Pr\u00e9parez-vous pour l&rsquo;hiver avec les baskets Air Jordan 4 Retro WNTR Loyal Blue. Con\u00e7ues sp\u00e9cialement pour les jeunes, ces chaussures styl\u00e9es de Jordan se distinguent par leur coloris bleu tendance. Id\u00e9ales pour garder vos pieds au chaud avec style pendant les mois les plus froids. Avec ces baskets incontournables, vous serez \u00e0 la pointe de [&hellip;]<\/p>\n","protected":false},"featured_media":759847,"comment_status":"open","ping_status":"closed","template":"","meta":[],"product_brand":[],"product_cat":[38880],"product_tag":[10750,38988,10776,11349,38875,10756,39039],"class_list":{"0":"post-759846","1":"product","2":"type-product","3":"status-publish","4":"has-post-thumbnail","6":"product_cat-jordan","7":"product_tag-athleisure-shoes","8":"product_tag-casual-shoes-for-kids","9":"product_tag-jordan","10":"product_tag-jordan-basketball-shoes","11":"product_tag-jordan-skateboard-shoes","12":"product_tag-retro-casual-shoes","13":"product_tag-sneakers-for-kids","15":"first","16":"instock","17":"taxable","18":"shipping-taxable","19":"purchasable","20":"product-type-simple"},"wcpa_form_fields":null,"yoast_head":"<!-- This site is optimized with the Yoast SEO plugin v26.5 - https:\/\/yoast.com\/wordpress\/plugins\/seo\/ -->\n<title>(Grade School) Air Jordan 4 Retro WNTR &#039;Loyal Blue&#039; CQ9745-401 - TOURCRUISER PTE. LTD<\/title>\n<meta name=\"robots\" content=\"index, follow, max-snippet:-1, max-image-preview:large, max-video-preview:-1\" \/>\n<link rel=\"canonical\" href=\"https:\/\/tourcruiser.com\/fr\/products\/grade-school-air-jordan-4-retro-wntr-loyal-blue-cq9745-401\/\" \/>\n<meta property=\"og:locale\" content=\"fr_FR\" \/>\n<meta property=\"og:type\" content=\"article\" \/>\n<meta property=\"og:title\" content=\"(Grade School) Air Jordan 4 Retro WNTR &#039;Loyal Blue&#039; CQ9745-401 - TOURCRUISER PTE. LTD\" \/>\n<meta property=\"og:description\" content=\"Pr\u00e9parez-vous pour l&rsquo;hiver avec les baskets Air Jordan 4 Retro WNTR Loyal Blue. Con\u00e7ues sp\u00e9cialement pour les jeunes, ces chaussures styl\u00e9es de Jordan se distinguent par leur coloris bleu tendance. Id\u00e9ales pour garder vos pieds au chaud avec style pendant les mois les plus froids. Avec ces baskets incontournables, vous serez \u00e0 la pointe de [&hellip;]\" \/>\n<meta property=\"og:url\" content=\"https:\/\/tourcruiser.com\/fr\/products\/grade-school-air-jordan-4-retro-wntr-loyal-blue-cq9745-401\/\" \/>\n<meta property=\"og:site_name\" content=\"Tourcruiser Sneaker Store\" \/>\n<meta property=\"article:modified_time\" content=\"2026-04-17T15:50:22+00:00\" \/>\n<meta name=\"twitter:card\" content=\"summary_large_image\" \/>\n<meta name=\"twitter:image\" content=\"https:\/\/images.novelship.com\/product\/_grade_school__air_jordan_4_retro_wntr__loyal_blue_0_47657.jpeg;https:\/\/images.novelship.com\/product\/_grade_school__air_jordan_4_retro_wntr__loyal_blue_1_47657.jpeg;https:\/\/images.novelship.com\/product\/_grade_school__air_jordan_4_retro_wntr__loyal_blue_2_47657.jpeg;https:\/\/images.novelship.com\/product\/_grade_school__air_jordan_4_retro_wntr__loyal_blue_3_47657.jpeg;https:\/\/images.novelship.com\/product\/_grade_school__air_jordan_4_retro_wntr__loyal_blue_4_47657.jpeg;https:\/\/images.novelship.com\/product\/_grade_school__air_jordan_4_retro_wntr__loyal_blue_5_47657.jpeg;https:\/\/images.novelship.com\/product\/_grade_school__air_jordan_4_retro_wntr__loyal_blue_6_47657.jpeg;https:\/\/images.novelship.com\/product\/_grade_school__air_jordan_4_retro_wntr__loyal_blue_7_47657.jpeg\" \/>\n<script type=\"application\/ld+json\" class=\"yoast-schema-graph\">{\"@context\":\"https:\/\/schema.org\",\"@graph\":[{\"@type\":\"WebPage\",\"@id\":\"https:\/\/tourcruiser.com\/fr\/products\/grade-school-air-jordan-4-retro-wntr-loyal-blue-cq9745-401\/\",\"url\":\"https:\/\/tourcruiser.com\/fr\/products\/grade-school-air-jordan-4-retro-wntr-loyal-blue-cq9745-401\/\",\"name\":\"(Grade School) Air Jordan 4 Retro WNTR 'Loyal Blue' CQ9745-401 - TOURCRUISER PTE. LTD\",\"isPartOf\":{\"@id\":\"\/#website\"},\"primaryImageOfPage\":{\"@id\":\"https:\/\/tourcruiser.com\/fr\/products\/grade-school-air-jordan-4-retro-wntr-loyal-blue-cq9745-401\/#primaryimage\"},\"image\":{\"@id\":\"https:\/\/tourcruiser.com\/fr\/products\/grade-school-air-jordan-4-retro-wntr-loyal-blue-cq9745-401\/#primaryimage\"},\"thumbnailUrl\":\"https:\/\/images.novelship.com\/product\/_grade_school__air_jordan_4_retro_wntr__loyal_blue_0_47657.jpeg;https:\/\/images.novelship.com\/product\/_grade_school__air_jordan_4_retro_wntr__loyal_blue_1_47657.jpeg;https:\/\/images.novelship.com\/product\/_grade_school__air_jordan_4_retro_wntr__loyal_blue_2_47657.jpeg;https:\/\/images.novelship.com\/product\/_grade_school__air_jordan_4_retro_wntr__loyal_blue_3_47657.jpeg;https:\/\/images.novelship.com\/product\/_grade_school__air_jordan_4_retro_wntr__loyal_blue_4_47657.jpeg;https:\/\/images.novelship.com\/product\/_grade_school__air_jordan_4_retro_wntr__loyal_blue_5_47657.jpeg;https:\/\/images.novelship.com\/product\/_grade_school__air_jordan_4_retro_wntr__loyal_blue_6_47657.jpeg;https:\/\/images.novelship.com\/product\/_grade_school__air_jordan_4_retro_wntr__loyal_blue_7_47657.jpeg\",\"datePublished\":\"2026-04-16T10:08:29+00:00\",\"dateModified\":\"2026-04-17T15:50:22+00:00\",\"breadcrumb\":{\"@id\":\"https:\/\/tourcruiser.com\/fr\/products\/grade-school-air-jordan-4-retro-wntr-loyal-blue-cq9745-401\/#breadcrumb\"},\"inLanguage\":\"fr-FR\",\"potentialAction\":[{\"@type\":\"ReadAction\",\"target\":[\"https:\/\/tourcruiser.com\/fr\/products\/grade-school-air-jordan-4-retro-wntr-loyal-blue-cq9745-401\/\"]}]},{\"@type\":\"ImageObject\",\"inLanguage\":\"fr-FR\",\"@id\":\"https:\/\/tourcruiser.com\/fr\/products\/grade-school-air-jordan-4-retro-wntr-loyal-blue-cq9745-401\/#primaryimage\",\"url\":\"https:\/\/images.novelship.com\/product\/_grade_school__air_jordan_4_retro_wntr__loyal_blue_0_47657.jpeg;https:\/\/images.novelship.com\/product\/_grade_school__air_jordan_4_retro_wntr__loyal_blue_1_47657.jpeg;https:\/\/images.novelship.com\/product\/_grade_school__air_jordan_4_retro_wntr__loyal_blue_2_47657.jpeg;https:\/\/images.novelship.com\/product\/_grade_school__air_jordan_4_retro_wntr__loyal_blue_3_47657.jpeg;https:\/\/images.novelship.com\/product\/_grade_school__air_jordan_4_retro_wntr__loyal_blue_4_47657.jpeg;https:\/\/images.novelship.com\/product\/_grade_school__air_jordan_4_retro_wntr__loyal_blue_5_47657.jpeg;https:\/\/images.novelship.com\/product\/_grade_school__air_jordan_4_retro_wntr__loyal_blue_6_47657.jpeg;https:\/\/images.novelship.com\/product\/_grade_school__air_jordan_4_retro_wntr__loyal_blue_7_47657.jpeg\",\"contentUrl\":\"https:\/\/images.novelship.com\/product\/_grade_school__air_jordan_4_retro_wntr__loyal_blue_0_47657.jpeg;https:\/\/images.novelship.com\/product\/_grade_school__air_jordan_4_retro_wntr__loyal_blue_1_47657.jpeg;https:\/\/images.novelship.com\/product\/_grade_school__air_jordan_4_retro_wntr__loyal_blue_2_47657.jpeg;https:\/\/images.novelship.com\/product\/_grade_school__air_jordan_4_retro_wntr__loyal_blue_3_47657.jpeg;https:\/\/images.novelship.com\/product\/_grade_school__air_jordan_4_retro_wntr__loyal_blue_4_47657.jpeg;https:\/\/images.novelship.com\/product\/_grade_school__air_jordan_4_retro_wntr__loyal_blue_5_47657.jpeg;https:\/\/images.novelship.com\/product\/_grade_school__air_jordan_4_retro_wntr__loyal_blue_6_47657.jpeg;https:\/\/images.novelship.com\/product\/_grade_school__air_jordan_4_retro_wntr__loyal_blue_7_47657.jpeg\"},{\"@type\":\"BreadcrumbList\",\"@id\":\"https:\/\/tourcruiser.com\/fr\/products\/grade-school-air-jordan-4-retro-wntr-loyal-blue-cq9745-401\/#breadcrumb\",\"itemListElement\":[{\"@type\":\"ListItem\",\"position\":1,\"name\":\"Home\",\"item\":\"https:\/\/tourcruiser.com\/fr\/\"},{\"@type\":\"ListItem\",\"position\":2,\"name\":\"Shop\",\"item\":\"https:\/\/tourcruiser.com\/fr\/shop\/\"},{\"@type\":\"ListItem\",\"position\":3,\"name\":\"(Grade School) Air Jordan 4 Retro WNTR &#8216;Loyal Blue&#8217; CQ9745-401\"}]},{\"@type\":\"WebSite\",\"@id\":\"\/#website\",\"url\":\"\/\",\"name\":\"Styloral Jewelry Shop\",\"description\":\"Tourcruiser Sneaker Store \u2014 L\u2019endroit o\u00f9 l\u2019univers rencontre votre singularit\u00e9.\",\"publisher\":{\"@id\":\"\/#organization\"},\"potentialAction\":[{\"@type\":\"SearchAction\",\"target\":{\"@type\":\"EntryPoint\",\"urlTemplate\":\"\/?s={search_term_string}\"},\"query-input\":{\"@type\":\"PropertyValueSpecification\",\"valueRequired\":true,\"valueName\":\"search_term_string\"}}],\"inLanguage\":\"fr-FR\"},{\"@type\":\"Organization\",\"@id\":\"\/#organization\",\"name\":\"STYLORAL PTE. LTD\",\"url\":\"\/\",\"logo\":{\"@type\":\"ImageObject\",\"inLanguage\":\"fr-FR\",\"@id\":\"\/#\/schema\/logo\/image\/\",\"url\":\"https:\/\/www.tourcruiser.com\/wp-content\/uploads\/2025\/12\/logo.png\",\"contentUrl\":\"https:\/\/www.tourcruiser.com\/wp-content\/uploads\/2025\/12\/logo.png\",\"width\":200,\"height\":65,\"caption\":\"STYLORAL PTE. LTD\"},\"image\":{\"@id\":\"\/#\/schema\/logo\/image\/\"}}]}<\/script>\n<!-- \/ Yoast SEO plugin. -->","yoast_head_json":{"title":"(Grade School) Air Jordan 4 Retro WNTR 'Loyal Blue' CQ9745-401 - TOURCRUISER PTE. LTD","robots":{"index":"index","follow":"follow","max-snippet":"max-snippet:-1","max-image-preview":"max-image-preview:large","max-video-preview":"max-video-preview:-1"},"canonical":"https:\/\/tourcruiser.com\/fr\/products\/grade-school-air-jordan-4-retro-wntr-loyal-blue-cq9745-401\/","og_locale":"fr_FR","og_type":"article","og_title":"(Grade School) Air Jordan 4 Retro WNTR 'Loyal Blue' CQ9745-401 - TOURCRUISER PTE. LTD","og_description":"Pr\u00e9parez-vous pour l&rsquo;hiver avec les baskets Air Jordan 4 Retro WNTR Loyal Blue. Con\u00e7ues sp\u00e9cialement pour les jeunes, ces chaussures styl\u00e9es de Jordan se distinguent par leur coloris bleu tendance. Id\u00e9ales pour garder vos pieds au chaud avec style pendant les mois les plus froids. Avec ces baskets incontournables, vous serez \u00e0 la pointe de [&hellip;]","og_url":"https:\/\/tourcruiser.com\/fr\/products\/grade-school-air-jordan-4-retro-wntr-loyal-blue-cq9745-401\/","og_site_name":"Tourcruiser Sneaker Store","article_modified_time":"2026-04-17T15:50:22+00:00","twitter_card":"summary_large_image","twitter_image":"https:\/\/images.novelship.com\/product\/_grade_school__air_jordan_4_retro_wntr__loyal_blue_0_47657.jpeg;https:\/\/images.novelship.com\/product\/_grade_school__air_jordan_4_retro_wntr__loyal_blue_1_47657.jpeg;https:\/\/images.novelship.com\/product\/_grade_school__air_jordan_4_retro_wntr__loyal_blue_2_47657.jpeg;https:\/\/images.novelship.com\/product\/_grade_school__air_jordan_4_retro_wntr__loyal_blue_3_47657.jpeg;https:\/\/images.novelship.com\/product\/_grade_school__air_jordan_4_retro_wntr__loyal_blue_4_47657.jpeg;https:\/\/images.novelship.com\/product\/_grade_school__air_jordan_4_retro_wntr__loyal_blue_5_47657.jpeg;https:\/\/images.novelship.com\/product\/_grade_school__air_jordan_4_retro_wntr__loyal_blue_6_47657.jpeg;https:\/\/images.novelship.com\/product\/_grade_school__air_jordan_4_retro_wntr__loyal_blue_7_47657.jpeg","schema":{"@context":"https:\/\/schema.org","@graph":[{"@type":"WebPage","@id":"https:\/\/tourcruiser.com\/fr\/products\/grade-school-air-jordan-4-retro-wntr-loyal-blue-cq9745-401\/","url":"https:\/\/tourcruiser.com\/fr\/products\/grade-school-air-jordan-4-retro-wntr-loyal-blue-cq9745-401\/","name":"(Grade School) Air Jordan 4 Retro WNTR 'Loyal Blue' CQ9745-401 - TOURCRUISER PTE. LTD","isPartOf":{"@id":"\/#website"},"primaryImageOfPage":{"@id":"https:\/\/tourcruiser.com\/fr\/products\/grade-school-air-jordan-4-retro-wntr-loyal-blue-cq9745-401\/#primaryimage"},"image":{"@id":"https:\/\/tourcruiser.com\/fr\/products\/grade-school-air-jordan-4-retro-wntr-loyal-blue-cq9745-401\/#primaryimage"},"thumbnailUrl":"https:\/\/images.novelship.com\/product\/_grade_school__air_jordan_4_retro_wntr__loyal_blue_0_47657.jpeg;https:\/\/images.novelship.com\/product\/_grade_school__air_jordan_4_retro_wntr__loyal_blue_1_47657.jpeg;https:\/\/images.novelship.com\/product\/_grade_school__air_jordan_4_retro_wntr__loyal_blue_2_47657.jpeg;https:\/\/images.novelship.com\/product\/_grade_school__air_jordan_4_retro_wntr__loyal_blue_3_47657.jpeg;https:\/\/images.novelship.com\/product\/_grade_school__air_jordan_4_retro_wntr__loyal_blue_4_47657.jpeg;https:\/\/images.novelship.com\/product\/_grade_school__air_jordan_4_retro_wntr__loyal_blue_5_47657.jpeg;https:\/\/images.novelship.com\/product\/_grade_school__air_jordan_4_retro_wntr__loyal_blue_6_47657.jpeg;https:\/\/images.novelship.com\/product\/_grade_school__air_jordan_4_retro_wntr__loyal_blue_7_47657.jpeg","datePublished":"2026-04-16T10:08:29+00:00","dateModified":"2026-04-17T15:50:22+00:00","breadcrumb":{"@id":"https:\/\/tourcruiser.com\/fr\/products\/grade-school-air-jordan-4-retro-wntr-loyal-blue-cq9745-401\/#breadcrumb"},"inLanguage":"fr-FR","potentialAction":[{"@type":"ReadAction","target":["https:\/\/tourcruiser.com\/fr\/products\/grade-school-air-jordan-4-retro-wntr-loyal-blue-cq9745-401\/"]}]},{"@type":"ImageObject","inLanguage":"fr-FR","@id":"https:\/\/tourcruiser.com\/fr\/products\/grade-school-air-jordan-4-retro-wntr-loyal-blue-cq9745-401\/#primaryimage","url":"https:\/\/images.novelship.com\/product\/_grade_school__air_jordan_4_retro_wntr__loyal_blue_0_47657.jpeg;https:\/\/images.novelship.com\/product\/_grade_school__air_jordan_4_retro_wntr__loyal_blue_1_47657.jpeg;https:\/\/images.novelship.com\/product\/_grade_school__air_jordan_4_retro_wntr__loyal_blue_2_47657.jpeg;https:\/\/images.novelship.com\/product\/_grade_school__air_jordan_4_retro_wntr__loyal_blue_3_47657.jpeg;https:\/\/images.novelship.com\/product\/_grade_school__air_jordan_4_retro_wntr__loyal_blue_4_47657.jpeg;https:\/\/images.novelship.com\/product\/_grade_school__air_jordan_4_retro_wntr__loyal_blue_5_47657.jpeg;https:\/\/images.novelship.com\/product\/_grade_school__air_jordan_4_retro_wntr__loyal_blue_6_47657.jpeg;https:\/\/images.novelship.com\/product\/_grade_school__air_jordan_4_retro_wntr__loyal_blue_7_47657.jpeg","contentUrl":"https:\/\/images.novelship.com\/product\/_grade_school__air_jordan_4_retro_wntr__loyal_blue_0_47657.jpeg;https:\/\/images.novelship.com\/product\/_grade_school__air_jordan_4_retro_wntr__loyal_blue_1_47657.jpeg;https:\/\/images.novelship.com\/product\/_grade_school__air_jordan_4_retro_wntr__loyal_blue_2_47657.jpeg;https:\/\/images.novelship.com\/product\/_grade_school__air_jordan_4_retro_wntr__loyal_blue_3_47657.jpeg;https:\/\/images.novelship.com\/product\/_grade_school__air_jordan_4_retro_wntr__loyal_blue_4_47657.jpeg;https:\/\/images.novelship.com\/product\/_grade_school__air_jordan_4_retro_wntr__loyal_blue_5_47657.jpeg;https:\/\/images.novelship.com\/product\/_grade_school__air_jordan_4_retro_wntr__loyal_blue_6_47657.jpeg;https:\/\/images.novelship.com\/product\/_grade_school__air_jordan_4_retro_wntr__loyal_blue_7_47657.jpeg"},{"@type":"BreadcrumbList","@id":"https:\/\/tourcruiser.com\/fr\/products\/grade-school-air-jordan-4-retro-wntr-loyal-blue-cq9745-401\/#breadcrumb","itemListElement":[{"@type":"ListItem","position":1,"name":"Home","item":"https:\/\/tourcruiser.com\/fr\/"},{"@type":"ListItem","position":2,"name":"Shop","item":"https:\/\/tourcruiser.com\/fr\/shop\/"},{"@type":"ListItem","position":3,"name":"(Grade School) Air Jordan 4 Retro WNTR &#8216;Loyal Blue&#8217; CQ9745-401"}]},{"@type":"WebSite","@id":"\/#website","url":"\/","name":"Styloral Jewelry Shop","description":"Tourcruiser Sneaker Store \u2014 L\u2019endroit o\u00f9 l\u2019univers rencontre votre singularit\u00e9.","publisher":{"@id":"\/#organization"},"potentialAction":[{"@type":"SearchAction","target":{"@type":"EntryPoint","urlTemplate":"\/?s={search_term_string}"},"query-input":{"@type":"PropertyValueSpecification","valueRequired":true,"valueName":"search_term_string"}}],"inLanguage":"fr-FR"},{"@type":"Organization","@id":"\/#organization","name":"STYLORAL PTE. LTD","url":"\/","logo":{"@type":"ImageObject","inLanguage":"fr-FR","@id":"\/#\/schema\/logo\/image\/","url":"https:\/\/www.tourcruiser.com\/wp-content\/uploads\/2025\/12\/logo.png","contentUrl":"https:\/\/www.tourcruiser.com\/wp-content\/uploads\/2025\/12\/logo.png","width":200,"height":65,"caption":"STYLORAL PTE. LTD"},"image":{"@id":"\/#\/schema\/logo\/image\/"}}]}},"_links":{"self":[{"href":"https:\/\/tourcruiser.com\/fr\/wp-json\/wp\/v2\/product\/759846","targetHints":{"allow":["GET"]}}],"collection":[{"href":"https:\/\/tourcruiser.com\/fr\/wp-json\/wp\/v2\/product"}],"about":[{"href":"https:\/\/tourcruiser.com\/fr\/wp-json\/wp\/v2\/types\/product"}],"replies":[{"embeddable":true,"href":"https:\/\/tourcruiser.com\/fr\/wp-json\/wp\/v2\/comments?post=759846"}],"wp:featuredmedia":[{"embeddable":true,"href":"https:\/\/tourcruiser.com\/fr\/wp-json\/wp\/v2\/media\/759847"}],"wp:attachment":[{"href":"https:\/\/tourcruiser.com\/fr\/wp-json\/wp\/v2\/media?parent=759846"}],"wp:term":[{"taxonomy":"product_brand","embeddable":true,"href":"https:\/\/tourcruiser.com\/fr\/wp-json\/wp\/v2\/product_brand?post=759846"},{"taxonomy":"product_cat","embeddable":true,"href":"https:\/\/tourcruiser.com\/fr\/wp-json\/wp\/v2\/product_cat?post=759846"},{"taxonomy":"product_tag","embeddable":true,"href":"https:\/\/tourcruiser.com\/fr\/wp-json\/wp\/v2\/product_tag?post=759846"}],"curies":[{"name":"wp","href":"https:\/\/api.w.org\/{rel}","templated":true}]}}