{"id":759831,"date":"2026-04-16T17:08:28","date_gmt":"2026-04-16T10:08:28","guid":{"rendered":"http:\/\/tourcruiser.com\/product\/grade-school-air-jordan-12-retro-gamma-blue-153265-027"},"modified":"2026-04-17T22:50:21","modified_gmt":"2026-04-17T15:50:21","slug":"grade-school-air-jordan-12-retro-gamma-blue-153265-027","status":"publish","type":"product","link":"https:\/\/tourcruiser.com\/fr\/products\/grade-school-air-jordan-12-retro-gamma-blue-153265-027\/","title":{"rendered":"(Grade School) Air Jordan 12 Retro &lsquo;Gamma Blue&rsquo; 153265-027"},"content":{"rendered":"<p>La Air Jordan 12 Retro Gamma Blue (GS), aussi appel\u00e9e Gamma Blue, est une chaussure pour jeunes con\u00e7ue par Jordan. Avec son coloris noir \u00e9l\u00e9gant et son design r\u00e9tro, cette sneaker offre aux jeunes athl\u00e8tes style et confort. Parfaite pour les gar\u00e7ons et les filles, elle ne manquera pas de faire sensation sur le terrain comme dans la rue.<\/p>\n<p>Coloris\u00a0: Noir\/Rouge Gym-Bleu Gamma<\/p>\n<p>R\u00e9f\u00e9rence\u00a0: 153265-027<br \/>\nSemelle interm\u00e9diaire\u00a0: Air<\/p>\n<p>Couleur\u00a0: Noir<\/p>\n<p>Designer\u00a0: Tinker Hatfield<\/p>\n<p>Saison\u00a0: Toute l\u2019ann\u00e9e<\/p>\n<p>Couleur\u00a0: Noir<\/p>\n<p>\u00c2ge\u00a0: Adulte<\/p>\n<p>Couleur\u00a0: Noir<\/p>\n<p>Genre\u00a0: Jeune<\/p>\n","protected":false},"excerpt":{"rendered":"<p>La Air Jordan 12 Retro Gamma Blue (GS), aussi appel\u00e9e Gamma Blue, est une chaussure pour jeunes con\u00e7ue par Jordan. Avec son coloris noir \u00e9l\u00e9gant et son design r\u00e9tro, cette sneaker offre aux jeunes athl\u00e8tes style et confort. Parfaite pour les gar\u00e7ons et les filles, elle ne manquera pas de faire sensation sur le terrain [&hellip;]<\/p>\n","protected":false},"featured_media":759832,"comment_status":"open","ping_status":"closed","template":"","meta":[],"product_brand":[],"product_cat":[38880],"product_tag":[10800,38876,38839,38878,10776,11349,38875,38877],"class_list":{"0":"post-759831","1":"product","2":"type-product","3":"status-publish","4":"has-post-thumbnail","6":"product_cat-jordan","7":"product_tag-basketball-shoes","8":"product_tag-basketball-shoes-for-kids","9":"product_tag-basketball-shoes-with-ankle-support","10":"product_tag-current-offers","11":"product_tag-jordan","12":"product_tag-jordan-basketball-shoes","13":"product_tag-jordan-skateboard-shoes","14":"product_tag-sports-shoes-for-kids","16":"first","17":"instock","18":"taxable","19":"shipping-taxable","20":"purchasable","21":"product-type-simple"},"wcpa_form_fields":null,"yoast_head":"<!-- This site is optimized with the Yoast SEO plugin v26.5 - https:\/\/yoast.com\/wordpress\/plugins\/seo\/ -->\n<title>(Grade School) Air Jordan 12 Retro &#039;Gamma Blue&#039; 153265-027 - TOURCRUISER PTE. LTD<\/title>\n<meta name=\"robots\" content=\"index, follow, max-snippet:-1, max-image-preview:large, max-video-preview:-1\" \/>\n<link rel=\"canonical\" href=\"https:\/\/tourcruiser.com\/fr\/products\/grade-school-air-jordan-12-retro-gamma-blue-153265-027\/\" \/>\n<meta property=\"og:locale\" content=\"fr_FR\" \/>\n<meta property=\"og:type\" content=\"article\" \/>\n<meta property=\"og:title\" content=\"(Grade School) Air Jordan 12 Retro &#039;Gamma Blue&#039; 153265-027 - TOURCRUISER PTE. LTD\" \/>\n<meta property=\"og:description\" content=\"La Air Jordan 12 Retro Gamma Blue (GS), aussi appel\u00e9e Gamma Blue, est une chaussure pour jeunes con\u00e7ue par Jordan. Avec son coloris noir \u00e9l\u00e9gant et son design r\u00e9tro, cette sneaker offre aux jeunes athl\u00e8tes style et confort. Parfaite pour les gar\u00e7ons et les filles, elle ne manquera pas de faire sensation sur le terrain [&hellip;]\" \/>\n<meta property=\"og:url\" content=\"https:\/\/tourcruiser.com\/fr\/products\/grade-school-air-jordan-12-retro-gamma-blue-153265-027\/\" \/>\n<meta property=\"og:site_name\" content=\"Tourcruiser Sneaker Store\" \/>\n<meta property=\"article:modified_time\" content=\"2026-04-17T15:50:21+00:00\" \/>\n<meta name=\"twitter:card\" content=\"summary_large_image\" \/>\n<meta name=\"twitter:image\" content=\"https:\/\/images.novelship.com\/product\/_grade_school__air_jordan_12_retro__gamma_blue__15_0_39062.jpeg;https:\/\/images.novelship.com\/product\/_grade_school__air_jordan_12_retro__gamma_blue__15_1_39062.jpeg;https:\/\/images.novelship.com\/product\/_grade_school__air_jordan_12_retro__gamma_blue__15_2_39062.jpeg;https:\/\/images.novelship.com\/product\/_grade_school__air_jordan_12_retro__gamma_blue__15_3_39062.jpeg;https:\/\/images.novelship.com\/product\/_grade_school__air_jordan_12_retro__gamma_blue__15_4_39062.jpeg\" \/>\n<script type=\"application\/ld+json\" class=\"yoast-schema-graph\">{\"@context\":\"https:\/\/schema.org\",\"@graph\":[{\"@type\":\"WebPage\",\"@id\":\"https:\/\/tourcruiser.com\/fr\/products\/grade-school-air-jordan-12-retro-gamma-blue-153265-027\/\",\"url\":\"https:\/\/tourcruiser.com\/fr\/products\/grade-school-air-jordan-12-retro-gamma-blue-153265-027\/\",\"name\":\"(Grade School) Air Jordan 12 Retro 'Gamma Blue' 153265-027 - TOURCRUISER PTE. LTD\",\"isPartOf\":{\"@id\":\"\/#website\"},\"primaryImageOfPage\":{\"@id\":\"https:\/\/tourcruiser.com\/fr\/products\/grade-school-air-jordan-12-retro-gamma-blue-153265-027\/#primaryimage\"},\"image\":{\"@id\":\"https:\/\/tourcruiser.com\/fr\/products\/grade-school-air-jordan-12-retro-gamma-blue-153265-027\/#primaryimage\"},\"thumbnailUrl\":\"https:\/\/images.novelship.com\/product\/_grade_school__air_jordan_12_retro__gamma_blue__15_0_39062.jpeg;https:\/\/images.novelship.com\/product\/_grade_school__air_jordan_12_retro__gamma_blue__15_1_39062.jpeg;https:\/\/images.novelship.com\/product\/_grade_school__air_jordan_12_retro__gamma_blue__15_2_39062.jpeg;https:\/\/images.novelship.com\/product\/_grade_school__air_jordan_12_retro__gamma_blue__15_3_39062.jpeg;https:\/\/images.novelship.com\/product\/_grade_school__air_jordan_12_retro__gamma_blue__15_4_39062.jpeg\",\"datePublished\":\"2026-04-16T10:08:28+00:00\",\"dateModified\":\"2026-04-17T15:50:21+00:00\",\"breadcrumb\":{\"@id\":\"https:\/\/tourcruiser.com\/fr\/products\/grade-school-air-jordan-12-retro-gamma-blue-153265-027\/#breadcrumb\"},\"inLanguage\":\"fr-FR\",\"potentialAction\":[{\"@type\":\"ReadAction\",\"target\":[\"https:\/\/tourcruiser.com\/fr\/products\/grade-school-air-jordan-12-retro-gamma-blue-153265-027\/\"]}]},{\"@type\":\"ImageObject\",\"inLanguage\":\"fr-FR\",\"@id\":\"https:\/\/tourcruiser.com\/fr\/products\/grade-school-air-jordan-12-retro-gamma-blue-153265-027\/#primaryimage\",\"url\":\"https:\/\/images.novelship.com\/product\/_grade_school__air_jordan_12_retro__gamma_blue__15_0_39062.jpeg;https:\/\/images.novelship.com\/product\/_grade_school__air_jordan_12_retro__gamma_blue__15_1_39062.jpeg;https:\/\/images.novelship.com\/product\/_grade_school__air_jordan_12_retro__gamma_blue__15_2_39062.jpeg;https:\/\/images.novelship.com\/product\/_grade_school__air_jordan_12_retro__gamma_blue__15_3_39062.jpeg;https:\/\/images.novelship.com\/product\/_grade_school__air_jordan_12_retro__gamma_blue__15_4_39062.jpeg\",\"contentUrl\":\"https:\/\/images.novelship.com\/product\/_grade_school__air_jordan_12_retro__gamma_blue__15_0_39062.jpeg;https:\/\/images.novelship.com\/product\/_grade_school__air_jordan_12_retro__gamma_blue__15_1_39062.jpeg;https:\/\/images.novelship.com\/product\/_grade_school__air_jordan_12_retro__gamma_blue__15_2_39062.jpeg;https:\/\/images.novelship.com\/product\/_grade_school__air_jordan_12_retro__gamma_blue__15_3_39062.jpeg;https:\/\/images.novelship.com\/product\/_grade_school__air_jordan_12_retro__gamma_blue__15_4_39062.jpeg\"},{\"@type\":\"BreadcrumbList\",\"@id\":\"https:\/\/tourcruiser.com\/fr\/products\/grade-school-air-jordan-12-retro-gamma-blue-153265-027\/#breadcrumb\",\"itemListElement\":[{\"@type\":\"ListItem\",\"position\":1,\"name\":\"Home\",\"item\":\"https:\/\/tourcruiser.com\/fr\/\"},{\"@type\":\"ListItem\",\"position\":2,\"name\":\"Shop\",\"item\":\"https:\/\/tourcruiser.com\/fr\/shop\/\"},{\"@type\":\"ListItem\",\"position\":3,\"name\":\"(Grade School) Air Jordan 12 Retro &#8216;Gamma Blue&#8217; 153265-027\"}]},{\"@type\":\"WebSite\",\"@id\":\"\/#website\",\"url\":\"\/\",\"name\":\"Styloral Jewelry Shop\",\"description\":\"Tourcruiser Sneaker Store \u2014 L\u2019endroit o\u00f9 l\u2019univers rencontre votre singularit\u00e9.\",\"publisher\":{\"@id\":\"\/#organization\"},\"potentialAction\":[{\"@type\":\"SearchAction\",\"target\":{\"@type\":\"EntryPoint\",\"urlTemplate\":\"\/?s={search_term_string}\"},\"query-input\":{\"@type\":\"PropertyValueSpecification\",\"valueRequired\":true,\"valueName\":\"search_term_string\"}}],\"inLanguage\":\"fr-FR\"},{\"@type\":\"Organization\",\"@id\":\"\/#organization\",\"name\":\"STYLORAL PTE. LTD\",\"url\":\"\/\",\"logo\":{\"@type\":\"ImageObject\",\"inLanguage\":\"fr-FR\",\"@id\":\"\/#\/schema\/logo\/image\/\",\"url\":\"https:\/\/www.tourcruiser.com\/wp-content\/uploads\/2025\/12\/logo.png\",\"contentUrl\":\"https:\/\/www.tourcruiser.com\/wp-content\/uploads\/2025\/12\/logo.png\",\"width\":200,\"height\":65,\"caption\":\"STYLORAL PTE. LTD\"},\"image\":{\"@id\":\"\/#\/schema\/logo\/image\/\"}}]}<\/script>\n<!-- \/ Yoast SEO plugin. -->","yoast_head_json":{"title":"(Grade School) Air Jordan 12 Retro 'Gamma Blue' 153265-027 - TOURCRUISER PTE. LTD","robots":{"index":"index","follow":"follow","max-snippet":"max-snippet:-1","max-image-preview":"max-image-preview:large","max-video-preview":"max-video-preview:-1"},"canonical":"https:\/\/tourcruiser.com\/fr\/products\/grade-school-air-jordan-12-retro-gamma-blue-153265-027\/","og_locale":"fr_FR","og_type":"article","og_title":"(Grade School) Air Jordan 12 Retro 'Gamma Blue' 153265-027 - TOURCRUISER PTE. LTD","og_description":"La Air Jordan 12 Retro Gamma Blue (GS), aussi appel\u00e9e Gamma Blue, est une chaussure pour jeunes con\u00e7ue par Jordan. Avec son coloris noir \u00e9l\u00e9gant et son design r\u00e9tro, cette sneaker offre aux jeunes athl\u00e8tes style et confort. Parfaite pour les gar\u00e7ons et les filles, elle ne manquera pas de faire sensation sur le terrain [&hellip;]","og_url":"https:\/\/tourcruiser.com\/fr\/products\/grade-school-air-jordan-12-retro-gamma-blue-153265-027\/","og_site_name":"Tourcruiser Sneaker Store","article_modified_time":"2026-04-17T15:50:21+00:00","twitter_card":"summary_large_image","twitter_image":"https:\/\/images.novelship.com\/product\/_grade_school__air_jordan_12_retro__gamma_blue__15_0_39062.jpeg;https:\/\/images.novelship.com\/product\/_grade_school__air_jordan_12_retro__gamma_blue__15_1_39062.jpeg;https:\/\/images.novelship.com\/product\/_grade_school__air_jordan_12_retro__gamma_blue__15_2_39062.jpeg;https:\/\/images.novelship.com\/product\/_grade_school__air_jordan_12_retro__gamma_blue__15_3_39062.jpeg;https:\/\/images.novelship.com\/product\/_grade_school__air_jordan_12_retro__gamma_blue__15_4_39062.jpeg","schema":{"@context":"https:\/\/schema.org","@graph":[{"@type":"WebPage","@id":"https:\/\/tourcruiser.com\/fr\/products\/grade-school-air-jordan-12-retro-gamma-blue-153265-027\/","url":"https:\/\/tourcruiser.com\/fr\/products\/grade-school-air-jordan-12-retro-gamma-blue-153265-027\/","name":"(Grade School) Air Jordan 12 Retro 'Gamma Blue' 153265-027 - TOURCRUISER PTE. LTD","isPartOf":{"@id":"\/#website"},"primaryImageOfPage":{"@id":"https:\/\/tourcruiser.com\/fr\/products\/grade-school-air-jordan-12-retro-gamma-blue-153265-027\/#primaryimage"},"image":{"@id":"https:\/\/tourcruiser.com\/fr\/products\/grade-school-air-jordan-12-retro-gamma-blue-153265-027\/#primaryimage"},"thumbnailUrl":"https:\/\/images.novelship.com\/product\/_grade_school__air_jordan_12_retro__gamma_blue__15_0_39062.jpeg;https:\/\/images.novelship.com\/product\/_grade_school__air_jordan_12_retro__gamma_blue__15_1_39062.jpeg;https:\/\/images.novelship.com\/product\/_grade_school__air_jordan_12_retro__gamma_blue__15_2_39062.jpeg;https:\/\/images.novelship.com\/product\/_grade_school__air_jordan_12_retro__gamma_blue__15_3_39062.jpeg;https:\/\/images.novelship.com\/product\/_grade_school__air_jordan_12_retro__gamma_blue__15_4_39062.jpeg","datePublished":"2026-04-16T10:08:28+00:00","dateModified":"2026-04-17T15:50:21+00:00","breadcrumb":{"@id":"https:\/\/tourcruiser.com\/fr\/products\/grade-school-air-jordan-12-retro-gamma-blue-153265-027\/#breadcrumb"},"inLanguage":"fr-FR","potentialAction":[{"@type":"ReadAction","target":["https:\/\/tourcruiser.com\/fr\/products\/grade-school-air-jordan-12-retro-gamma-blue-153265-027\/"]}]},{"@type":"ImageObject","inLanguage":"fr-FR","@id":"https:\/\/tourcruiser.com\/fr\/products\/grade-school-air-jordan-12-retro-gamma-blue-153265-027\/#primaryimage","url":"https:\/\/images.novelship.com\/product\/_grade_school__air_jordan_12_retro__gamma_blue__15_0_39062.jpeg;https:\/\/images.novelship.com\/product\/_grade_school__air_jordan_12_retro__gamma_blue__15_1_39062.jpeg;https:\/\/images.novelship.com\/product\/_grade_school__air_jordan_12_retro__gamma_blue__15_2_39062.jpeg;https:\/\/images.novelship.com\/product\/_grade_school__air_jordan_12_retro__gamma_blue__15_3_39062.jpeg;https:\/\/images.novelship.com\/product\/_grade_school__air_jordan_12_retro__gamma_blue__15_4_39062.jpeg","contentUrl":"https:\/\/images.novelship.com\/product\/_grade_school__air_jordan_12_retro__gamma_blue__15_0_39062.jpeg;https:\/\/images.novelship.com\/product\/_grade_school__air_jordan_12_retro__gamma_blue__15_1_39062.jpeg;https:\/\/images.novelship.com\/product\/_grade_school__air_jordan_12_retro__gamma_blue__15_2_39062.jpeg;https:\/\/images.novelship.com\/product\/_grade_school__air_jordan_12_retro__gamma_blue__15_3_39062.jpeg;https:\/\/images.novelship.com\/product\/_grade_school__air_jordan_12_retro__gamma_blue__15_4_39062.jpeg"},{"@type":"BreadcrumbList","@id":"https:\/\/tourcruiser.com\/fr\/products\/grade-school-air-jordan-12-retro-gamma-blue-153265-027\/#breadcrumb","itemListElement":[{"@type":"ListItem","position":1,"name":"Home","item":"https:\/\/tourcruiser.com\/fr\/"},{"@type":"ListItem","position":2,"name":"Shop","item":"https:\/\/tourcruiser.com\/fr\/shop\/"},{"@type":"ListItem","position":3,"name":"(Grade School) Air Jordan 12 Retro &#8216;Gamma Blue&#8217; 153265-027"}]},{"@type":"WebSite","@id":"\/#website","url":"\/","name":"Styloral Jewelry Shop","description":"Tourcruiser Sneaker Store \u2014 L\u2019endroit o\u00f9 l\u2019univers rencontre votre singularit\u00e9.","publisher":{"@id":"\/#organization"},"potentialAction":[{"@type":"SearchAction","target":{"@type":"EntryPoint","urlTemplate":"\/?s={search_term_string}"},"query-input":{"@type":"PropertyValueSpecification","valueRequired":true,"valueName":"search_term_string"}}],"inLanguage":"fr-FR"},{"@type":"Organization","@id":"\/#organization","name":"STYLORAL PTE. LTD","url":"\/","logo":{"@type":"ImageObject","inLanguage":"fr-FR","@id":"\/#\/schema\/logo\/image\/","url":"https:\/\/www.tourcruiser.com\/wp-content\/uploads\/2025\/12\/logo.png","contentUrl":"https:\/\/www.tourcruiser.com\/wp-content\/uploads\/2025\/12\/logo.png","width":200,"height":65,"caption":"STYLORAL PTE. LTD"},"image":{"@id":"\/#\/schema\/logo\/image\/"}}]}},"_links":{"self":[{"href":"https:\/\/tourcruiser.com\/fr\/wp-json\/wp\/v2\/product\/759831","targetHints":{"allow":["GET"]}}],"collection":[{"href":"https:\/\/tourcruiser.com\/fr\/wp-json\/wp\/v2\/product"}],"about":[{"href":"https:\/\/tourcruiser.com\/fr\/wp-json\/wp\/v2\/types\/product"}],"replies":[{"embeddable":true,"href":"https:\/\/tourcruiser.com\/fr\/wp-json\/wp\/v2\/comments?post=759831"}],"wp:featuredmedia":[{"embeddable":true,"href":"https:\/\/tourcruiser.com\/fr\/wp-json\/wp\/v2\/media\/759832"}],"wp:attachment":[{"href":"https:\/\/tourcruiser.com\/fr\/wp-json\/wp\/v2\/media?parent=759831"}],"wp:term":[{"taxonomy":"product_brand","embeddable":true,"href":"https:\/\/tourcruiser.com\/fr\/wp-json\/wp\/v2\/product_brand?post=759831"},{"taxonomy":"product_cat","embeddable":true,"href":"https:\/\/tourcruiser.com\/fr\/wp-json\/wp\/v2\/product_cat?post=759831"},{"taxonomy":"product_tag","embeddable":true,"href":"https:\/\/tourcruiser.com\/fr\/wp-json\/wp\/v2\/product_tag?post=759831"}],"curies":[{"name":"wp","href":"https:\/\/api.w.org\/{rel}","templated":true}]}}