{"id":759822,"date":"2026-04-16T17:08:28","date_gmt":"2026-04-16T10:08:28","guid":{"rendered":"http:\/\/tourcruiser.com\/product\/preschool-air-jordan-1-mid-light-smoke-grey-640734-092"},"modified":"2026-04-17T22:50:21","modified_gmt":"2026-04-17T15:50:21","slug":"preschool-air-jordan-1-mid-light-smoke-grey-640734-092","status":"publish","type":"product","link":"https:\/\/tourcruiser.com\/fr\/products\/preschool-air-jordan-1-mid-light-smoke-grey-640734-092\/","title":{"rendered":"(Preschool) Air Jordan 1 Mid &lsquo;Light Smoke Grey&rsquo; 640734-092"},"content":{"rendered":"<p>La Air Jordan 1 Mid \u00ab\u00a0Light Smoke Grey\u00a0\u00bb (640734-092) pour enfants d&rsquo;\u00e2ge pr\u00e9scolaire est une basket \u00e9l\u00e9gante et confortable pour les jeunes sportifs. Avec son design classique en cuir gris clair et ses d\u00e9tails noirs, cette chaussure allie durabilit\u00e9 et style. La semelle interm\u00e9diaire amortissante assure un confort optimal tout au long de la journ\u00e9e, tandis que la semelle ext\u00e9rieure en caoutchouc r\u00e9sistant offre une excellente adh\u00e9rence. Cette basket embl\u00e9matique est parfaite pour les jeux actifs et combine le style inimitable de la marque Jordan avec des mat\u00e9riaux de haute qualit\u00e9 adapt\u00e9s aux petits pieds.<\/p>\n<p>Coloris\u00a0: Gris clair\/Blanc-Noir<\/p>\n<p>R\u00e9f\u00e9rence\u00a0: 640734-092<\/p>\n<p>Tige\u00a0: Cuir<\/p>\n<p>Semelle interm\u00e9diaire\u00a0: Air<\/p>\n<p>Couleur\u00a0: Blanc<\/p>\n<p>Designer\u00a0: Peter Moore<\/p>\n<p>Saison\u00a0: Toute l&rsquo;ann\u00e9e<\/p>\n<p>Ann\u00e9e de sortie\u00a0: 2020<\/p>\n<p>\u00c2ge\u00a0: Adulte<\/p>\n<p>Couleur\u00a0: Blanc<\/p>\n<p>Genre\u00a0: Enfants d&rsquo;\u00e2ge pr\u00e9scolaire<\/p>\n","protected":false},"excerpt":{"rendered":"<p>La Air Jordan 1 Mid \u00ab\u00a0Light Smoke Grey\u00a0\u00bb (640734-092) pour enfants d&rsquo;\u00e2ge pr\u00e9scolaire est une basket \u00e9l\u00e9gante et confortable pour les jeunes sportifs. Avec son design classique en cuir gris clair et ses d\u00e9tails noirs, cette chaussure allie durabilit\u00e9 et style. La semelle interm\u00e9diaire amortissante assure un confort optimal tout au long de la journ\u00e9e, [&hellip;]<\/p>\n","protected":false},"featured_media":759823,"comment_status":"open","ping_status":"closed","template":"","meta":[],"product_brand":[],"product_cat":[38880],"product_tag":[10750,38988,10776,10756,39039,38902],"class_list":{"0":"post-759822","1":"product","2":"type-product","3":"status-publish","4":"has-post-thumbnail","6":"product_cat-jordan","7":"product_tag-athleisure-shoes","8":"product_tag-casual-shoes-for-kids","9":"product_tag-jordan","10":"product_tag-retro-casual-shoes","11":"product_tag-sneakers-for-kids","12":"product_tag-trendy-offers","14":"first","15":"instock","16":"taxable","17":"shipping-taxable","18":"purchasable","19":"product-type-simple"},"wcpa_form_fields":null,"yoast_head":"<!-- This site is optimized with the Yoast SEO plugin v26.5 - https:\/\/yoast.com\/wordpress\/plugins\/seo\/ -->\n<title>(Preschool) Air Jordan 1 Mid &#039;Light Smoke Grey&#039; 640734-092 - TOURCRUISER PTE. LTD<\/title>\n<meta name=\"robots\" content=\"index, follow, max-snippet:-1, max-image-preview:large, max-video-preview:-1\" \/>\n<link rel=\"canonical\" href=\"https:\/\/tourcruiser.com\/fr\/products\/preschool-air-jordan-1-mid-light-smoke-grey-640734-092\/\" \/>\n<meta property=\"og:locale\" content=\"fr_FR\" \/>\n<meta property=\"og:type\" content=\"article\" \/>\n<meta property=\"og:title\" content=\"(Preschool) Air Jordan 1 Mid &#039;Light Smoke Grey&#039; 640734-092 - TOURCRUISER PTE. LTD\" \/>\n<meta property=\"og:description\" content=\"La Air Jordan 1 Mid \u00ab\u00a0Light Smoke Grey\u00a0\u00bb (640734-092) pour enfants d&rsquo;\u00e2ge pr\u00e9scolaire est une basket \u00e9l\u00e9gante et confortable pour les jeunes sportifs. Avec son design classique en cuir gris clair et ses d\u00e9tails noirs, cette chaussure allie durabilit\u00e9 et style. La semelle interm\u00e9diaire amortissante assure un confort optimal tout au long de la journ\u00e9e, [&hellip;]\" \/>\n<meta property=\"og:url\" content=\"https:\/\/tourcruiser.com\/fr\/products\/preschool-air-jordan-1-mid-light-smoke-grey-640734-092\/\" \/>\n<meta property=\"og:site_name\" content=\"Tourcruiser Sneaker Store\" \/>\n<meta property=\"article:modified_time\" content=\"2026-04-17T15:50:21+00:00\" \/>\n<meta name=\"twitter:card\" content=\"summary_large_image\" \/>\n<meta name=\"twitter:image\" content=\"https:\/\/images.novelship.com\/product\/_preschool__air_jordan_1_mid__light_smoke_grey__64_0_35654.jpeg;https:\/\/images.novelship.com\/product\/_preschool__air_jordan_1_mid__light_smoke_grey__64_1_35654.jpeg;https:\/\/images.novelship.com\/product\/_preschool__air_jordan_1_mid__light_smoke_grey__64_2_35654.jpeg;https:\/\/images.novelship.com\/product\/_preschool__air_jordan_1_mid__light_smoke_grey__64_3_35654.jpeg;https:\/\/images.novelship.com\/product\/_preschool__air_jordan_1_mid__light_smoke_grey__64_4_35654.jpeg;https:\/\/images.novelship.com\/product\/_preschool__air_jordan_1_mid__light_smoke_grey__64_5_35654.jpeg;https:\/\/images.novelship.com\/product\/_preschool__air_jordan_1_mid__light_smoke_grey__64_6_35654.jpeg;https:\/\/images.novelship.com\/product\/_preschool__air_jordan_1_mid__light_smoke_grey__64_7_35654.jpeg\" \/>\n<meta name=\"twitter:label1\" content=\"Dur\u00e9e de lecture estim\u00e9e\" \/>\n\t<meta name=\"twitter:data1\" content=\"1 minute\" \/>\n<script type=\"application\/ld+json\" class=\"yoast-schema-graph\">{\"@context\":\"https:\/\/schema.org\",\"@graph\":[{\"@type\":\"WebPage\",\"@id\":\"https:\/\/tourcruiser.com\/fr\/products\/preschool-air-jordan-1-mid-light-smoke-grey-640734-092\/\",\"url\":\"https:\/\/tourcruiser.com\/fr\/products\/preschool-air-jordan-1-mid-light-smoke-grey-640734-092\/\",\"name\":\"(Preschool) Air Jordan 1 Mid 'Light Smoke Grey' 640734-092 - TOURCRUISER PTE. LTD\",\"isPartOf\":{\"@id\":\"\/#website\"},\"primaryImageOfPage\":{\"@id\":\"https:\/\/tourcruiser.com\/fr\/products\/preschool-air-jordan-1-mid-light-smoke-grey-640734-092\/#primaryimage\"},\"image\":{\"@id\":\"https:\/\/tourcruiser.com\/fr\/products\/preschool-air-jordan-1-mid-light-smoke-grey-640734-092\/#primaryimage\"},\"thumbnailUrl\":\"https:\/\/images.novelship.com\/product\/_preschool__air_jordan_1_mid__light_smoke_grey__64_0_35654.jpeg;https:\/\/images.novelship.com\/product\/_preschool__air_jordan_1_mid__light_smoke_grey__64_1_35654.jpeg;https:\/\/images.novelship.com\/product\/_preschool__air_jordan_1_mid__light_smoke_grey__64_2_35654.jpeg;https:\/\/images.novelship.com\/product\/_preschool__air_jordan_1_mid__light_smoke_grey__64_3_35654.jpeg;https:\/\/images.novelship.com\/product\/_preschool__air_jordan_1_mid__light_smoke_grey__64_4_35654.jpeg;https:\/\/images.novelship.com\/product\/_preschool__air_jordan_1_mid__light_smoke_grey__64_5_35654.jpeg;https:\/\/images.novelship.com\/product\/_preschool__air_jordan_1_mid__light_smoke_grey__64_6_35654.jpeg;https:\/\/images.novelship.com\/product\/_preschool__air_jordan_1_mid__light_smoke_grey__64_7_35654.jpeg\",\"datePublished\":\"2026-04-16T10:08:28+00:00\",\"dateModified\":\"2026-04-17T15:50:21+00:00\",\"breadcrumb\":{\"@id\":\"https:\/\/tourcruiser.com\/fr\/products\/preschool-air-jordan-1-mid-light-smoke-grey-640734-092\/#breadcrumb\"},\"inLanguage\":\"fr-FR\",\"potentialAction\":[{\"@type\":\"ReadAction\",\"target\":[\"https:\/\/tourcruiser.com\/fr\/products\/preschool-air-jordan-1-mid-light-smoke-grey-640734-092\/\"]}]},{\"@type\":\"ImageObject\",\"inLanguage\":\"fr-FR\",\"@id\":\"https:\/\/tourcruiser.com\/fr\/products\/preschool-air-jordan-1-mid-light-smoke-grey-640734-092\/#primaryimage\",\"url\":\"https:\/\/images.novelship.com\/product\/_preschool__air_jordan_1_mid__light_smoke_grey__64_0_35654.jpeg;https:\/\/images.novelship.com\/product\/_preschool__air_jordan_1_mid__light_smoke_grey__64_1_35654.jpeg;https:\/\/images.novelship.com\/product\/_preschool__air_jordan_1_mid__light_smoke_grey__64_2_35654.jpeg;https:\/\/images.novelship.com\/product\/_preschool__air_jordan_1_mid__light_smoke_grey__64_3_35654.jpeg;https:\/\/images.novelship.com\/product\/_preschool__air_jordan_1_mid__light_smoke_grey__64_4_35654.jpeg;https:\/\/images.novelship.com\/product\/_preschool__air_jordan_1_mid__light_smoke_grey__64_5_35654.jpeg;https:\/\/images.novelship.com\/product\/_preschool__air_jordan_1_mid__light_smoke_grey__64_6_35654.jpeg;https:\/\/images.novelship.com\/product\/_preschool__air_jordan_1_mid__light_smoke_grey__64_7_35654.jpeg\",\"contentUrl\":\"https:\/\/images.novelship.com\/product\/_preschool__air_jordan_1_mid__light_smoke_grey__64_0_35654.jpeg;https:\/\/images.novelship.com\/product\/_preschool__air_jordan_1_mid__light_smoke_grey__64_1_35654.jpeg;https:\/\/images.novelship.com\/product\/_preschool__air_jordan_1_mid__light_smoke_grey__64_2_35654.jpeg;https:\/\/images.novelship.com\/product\/_preschool__air_jordan_1_mid__light_smoke_grey__64_3_35654.jpeg;https:\/\/images.novelship.com\/product\/_preschool__air_jordan_1_mid__light_smoke_grey__64_4_35654.jpeg;https:\/\/images.novelship.com\/product\/_preschool__air_jordan_1_mid__light_smoke_grey__64_5_35654.jpeg;https:\/\/images.novelship.com\/product\/_preschool__air_jordan_1_mid__light_smoke_grey__64_6_35654.jpeg;https:\/\/images.novelship.com\/product\/_preschool__air_jordan_1_mid__light_smoke_grey__64_7_35654.jpeg\"},{\"@type\":\"BreadcrumbList\",\"@id\":\"https:\/\/tourcruiser.com\/fr\/products\/preschool-air-jordan-1-mid-light-smoke-grey-640734-092\/#breadcrumb\",\"itemListElement\":[{\"@type\":\"ListItem\",\"position\":1,\"name\":\"Home\",\"item\":\"https:\/\/tourcruiser.com\/fr\/\"},{\"@type\":\"ListItem\",\"position\":2,\"name\":\"Shop\",\"item\":\"https:\/\/tourcruiser.com\/fr\/shop\/\"},{\"@type\":\"ListItem\",\"position\":3,\"name\":\"(Preschool) Air Jordan 1 Mid &#8216;Light Smoke Grey&#8217; 640734-092\"}]},{\"@type\":\"WebSite\",\"@id\":\"\/#website\",\"url\":\"\/\",\"name\":\"Styloral Jewelry Shop\",\"description\":\"Tourcruiser Sneaker Store \u2014 L\u2019endroit o\u00f9 l\u2019univers rencontre votre singularit\u00e9.\",\"publisher\":{\"@id\":\"\/#organization\"},\"potentialAction\":[{\"@type\":\"SearchAction\",\"target\":{\"@type\":\"EntryPoint\",\"urlTemplate\":\"\/?s={search_term_string}\"},\"query-input\":{\"@type\":\"PropertyValueSpecification\",\"valueRequired\":true,\"valueName\":\"search_term_string\"}}],\"inLanguage\":\"fr-FR\"},{\"@type\":\"Organization\",\"@id\":\"\/#organization\",\"name\":\"STYLORAL PTE. LTD\",\"url\":\"\/\",\"logo\":{\"@type\":\"ImageObject\",\"inLanguage\":\"fr-FR\",\"@id\":\"\/#\/schema\/logo\/image\/\",\"url\":\"https:\/\/www.tourcruiser.com\/wp-content\/uploads\/2025\/12\/logo.png\",\"contentUrl\":\"https:\/\/www.tourcruiser.com\/wp-content\/uploads\/2025\/12\/logo.png\",\"width\":200,\"height\":65,\"caption\":\"STYLORAL PTE. LTD\"},\"image\":{\"@id\":\"\/#\/schema\/logo\/image\/\"}}]}<\/script>\n<!-- \/ Yoast SEO plugin. -->","yoast_head_json":{"title":"(Preschool) Air Jordan 1 Mid 'Light Smoke Grey' 640734-092 - TOURCRUISER PTE. LTD","robots":{"index":"index","follow":"follow","max-snippet":"max-snippet:-1","max-image-preview":"max-image-preview:large","max-video-preview":"max-video-preview:-1"},"canonical":"https:\/\/tourcruiser.com\/fr\/products\/preschool-air-jordan-1-mid-light-smoke-grey-640734-092\/","og_locale":"fr_FR","og_type":"article","og_title":"(Preschool) Air Jordan 1 Mid 'Light Smoke Grey' 640734-092 - TOURCRUISER PTE. LTD","og_description":"La Air Jordan 1 Mid \u00ab\u00a0Light Smoke Grey\u00a0\u00bb (640734-092) pour enfants d&rsquo;\u00e2ge pr\u00e9scolaire est une basket \u00e9l\u00e9gante et confortable pour les jeunes sportifs. Avec son design classique en cuir gris clair et ses d\u00e9tails noirs, cette chaussure allie durabilit\u00e9 et style. La semelle interm\u00e9diaire amortissante assure un confort optimal tout au long de la journ\u00e9e, [&hellip;]","og_url":"https:\/\/tourcruiser.com\/fr\/products\/preschool-air-jordan-1-mid-light-smoke-grey-640734-092\/","og_site_name":"Tourcruiser Sneaker Store","article_modified_time":"2026-04-17T15:50:21+00:00","twitter_card":"summary_large_image","twitter_image":"https:\/\/images.novelship.com\/product\/_preschool__air_jordan_1_mid__light_smoke_grey__64_0_35654.jpeg;https:\/\/images.novelship.com\/product\/_preschool__air_jordan_1_mid__light_smoke_grey__64_1_35654.jpeg;https:\/\/images.novelship.com\/product\/_preschool__air_jordan_1_mid__light_smoke_grey__64_2_35654.jpeg;https:\/\/images.novelship.com\/product\/_preschool__air_jordan_1_mid__light_smoke_grey__64_3_35654.jpeg;https:\/\/images.novelship.com\/product\/_preschool__air_jordan_1_mid__light_smoke_grey__64_4_35654.jpeg;https:\/\/images.novelship.com\/product\/_preschool__air_jordan_1_mid__light_smoke_grey__64_5_35654.jpeg;https:\/\/images.novelship.com\/product\/_preschool__air_jordan_1_mid__light_smoke_grey__64_6_35654.jpeg;https:\/\/images.novelship.com\/product\/_preschool__air_jordan_1_mid__light_smoke_grey__64_7_35654.jpeg","twitter_misc":{"Dur\u00e9e de lecture estim\u00e9e":"1 minute"},"schema":{"@context":"https:\/\/schema.org","@graph":[{"@type":"WebPage","@id":"https:\/\/tourcruiser.com\/fr\/products\/preschool-air-jordan-1-mid-light-smoke-grey-640734-092\/","url":"https:\/\/tourcruiser.com\/fr\/products\/preschool-air-jordan-1-mid-light-smoke-grey-640734-092\/","name":"(Preschool) Air Jordan 1 Mid 'Light Smoke Grey' 640734-092 - TOURCRUISER PTE. LTD","isPartOf":{"@id":"\/#website"},"primaryImageOfPage":{"@id":"https:\/\/tourcruiser.com\/fr\/products\/preschool-air-jordan-1-mid-light-smoke-grey-640734-092\/#primaryimage"},"image":{"@id":"https:\/\/tourcruiser.com\/fr\/products\/preschool-air-jordan-1-mid-light-smoke-grey-640734-092\/#primaryimage"},"thumbnailUrl":"https:\/\/images.novelship.com\/product\/_preschool__air_jordan_1_mid__light_smoke_grey__64_0_35654.jpeg;https:\/\/images.novelship.com\/product\/_preschool__air_jordan_1_mid__light_smoke_grey__64_1_35654.jpeg;https:\/\/images.novelship.com\/product\/_preschool__air_jordan_1_mid__light_smoke_grey__64_2_35654.jpeg;https:\/\/images.novelship.com\/product\/_preschool__air_jordan_1_mid__light_smoke_grey__64_3_35654.jpeg;https:\/\/images.novelship.com\/product\/_preschool__air_jordan_1_mid__light_smoke_grey__64_4_35654.jpeg;https:\/\/images.novelship.com\/product\/_preschool__air_jordan_1_mid__light_smoke_grey__64_5_35654.jpeg;https:\/\/images.novelship.com\/product\/_preschool__air_jordan_1_mid__light_smoke_grey__64_6_35654.jpeg;https:\/\/images.novelship.com\/product\/_preschool__air_jordan_1_mid__light_smoke_grey__64_7_35654.jpeg","datePublished":"2026-04-16T10:08:28+00:00","dateModified":"2026-04-17T15:50:21+00:00","breadcrumb":{"@id":"https:\/\/tourcruiser.com\/fr\/products\/preschool-air-jordan-1-mid-light-smoke-grey-640734-092\/#breadcrumb"},"inLanguage":"fr-FR","potentialAction":[{"@type":"ReadAction","target":["https:\/\/tourcruiser.com\/fr\/products\/preschool-air-jordan-1-mid-light-smoke-grey-640734-092\/"]}]},{"@type":"ImageObject","inLanguage":"fr-FR","@id":"https:\/\/tourcruiser.com\/fr\/products\/preschool-air-jordan-1-mid-light-smoke-grey-640734-092\/#primaryimage","url":"https:\/\/images.novelship.com\/product\/_preschool__air_jordan_1_mid__light_smoke_grey__64_0_35654.jpeg;https:\/\/images.novelship.com\/product\/_preschool__air_jordan_1_mid__light_smoke_grey__64_1_35654.jpeg;https:\/\/images.novelship.com\/product\/_preschool__air_jordan_1_mid__light_smoke_grey__64_2_35654.jpeg;https:\/\/images.novelship.com\/product\/_preschool__air_jordan_1_mid__light_smoke_grey__64_3_35654.jpeg;https:\/\/images.novelship.com\/product\/_preschool__air_jordan_1_mid__light_smoke_grey__64_4_35654.jpeg;https:\/\/images.novelship.com\/product\/_preschool__air_jordan_1_mid__light_smoke_grey__64_5_35654.jpeg;https:\/\/images.novelship.com\/product\/_preschool__air_jordan_1_mid__light_smoke_grey__64_6_35654.jpeg;https:\/\/images.novelship.com\/product\/_preschool__air_jordan_1_mid__light_smoke_grey__64_7_35654.jpeg","contentUrl":"https:\/\/images.novelship.com\/product\/_preschool__air_jordan_1_mid__light_smoke_grey__64_0_35654.jpeg;https:\/\/images.novelship.com\/product\/_preschool__air_jordan_1_mid__light_smoke_grey__64_1_35654.jpeg;https:\/\/images.novelship.com\/product\/_preschool__air_jordan_1_mid__light_smoke_grey__64_2_35654.jpeg;https:\/\/images.novelship.com\/product\/_preschool__air_jordan_1_mid__light_smoke_grey__64_3_35654.jpeg;https:\/\/images.novelship.com\/product\/_preschool__air_jordan_1_mid__light_smoke_grey__64_4_35654.jpeg;https:\/\/images.novelship.com\/product\/_preschool__air_jordan_1_mid__light_smoke_grey__64_5_35654.jpeg;https:\/\/images.novelship.com\/product\/_preschool__air_jordan_1_mid__light_smoke_grey__64_6_35654.jpeg;https:\/\/images.novelship.com\/product\/_preschool__air_jordan_1_mid__light_smoke_grey__64_7_35654.jpeg"},{"@type":"BreadcrumbList","@id":"https:\/\/tourcruiser.com\/fr\/products\/preschool-air-jordan-1-mid-light-smoke-grey-640734-092\/#breadcrumb","itemListElement":[{"@type":"ListItem","position":1,"name":"Home","item":"https:\/\/tourcruiser.com\/fr\/"},{"@type":"ListItem","position":2,"name":"Shop","item":"https:\/\/tourcruiser.com\/fr\/shop\/"},{"@type":"ListItem","position":3,"name":"(Preschool) Air Jordan 1 Mid &#8216;Light Smoke Grey&#8217; 640734-092"}]},{"@type":"WebSite","@id":"\/#website","url":"\/","name":"Styloral Jewelry Shop","description":"Tourcruiser Sneaker Store \u2014 L\u2019endroit o\u00f9 l\u2019univers rencontre votre singularit\u00e9.","publisher":{"@id":"\/#organization"},"potentialAction":[{"@type":"SearchAction","target":{"@type":"EntryPoint","urlTemplate":"\/?s={search_term_string}"},"query-input":{"@type":"PropertyValueSpecification","valueRequired":true,"valueName":"search_term_string"}}],"inLanguage":"fr-FR"},{"@type":"Organization","@id":"\/#organization","name":"STYLORAL PTE. LTD","url":"\/","logo":{"@type":"ImageObject","inLanguage":"fr-FR","@id":"\/#\/schema\/logo\/image\/","url":"https:\/\/www.tourcruiser.com\/wp-content\/uploads\/2025\/12\/logo.png","contentUrl":"https:\/\/www.tourcruiser.com\/wp-content\/uploads\/2025\/12\/logo.png","width":200,"height":65,"caption":"STYLORAL PTE. LTD"},"image":{"@id":"\/#\/schema\/logo\/image\/"}}]}},"_links":{"self":[{"href":"https:\/\/tourcruiser.com\/fr\/wp-json\/wp\/v2\/product\/759822","targetHints":{"allow":["GET"]}}],"collection":[{"href":"https:\/\/tourcruiser.com\/fr\/wp-json\/wp\/v2\/product"}],"about":[{"href":"https:\/\/tourcruiser.com\/fr\/wp-json\/wp\/v2\/types\/product"}],"replies":[{"embeddable":true,"href":"https:\/\/tourcruiser.com\/fr\/wp-json\/wp\/v2\/comments?post=759822"}],"wp:featuredmedia":[{"embeddable":true,"href":"https:\/\/tourcruiser.com\/fr\/wp-json\/wp\/v2\/media\/759823"}],"wp:attachment":[{"href":"https:\/\/tourcruiser.com\/fr\/wp-json\/wp\/v2\/media?parent=759822"}],"wp:term":[{"taxonomy":"product_brand","embeddable":true,"href":"https:\/\/tourcruiser.com\/fr\/wp-json\/wp\/v2\/product_brand?post=759822"},{"taxonomy":"product_cat","embeddable":true,"href":"https:\/\/tourcruiser.com\/fr\/wp-json\/wp\/v2\/product_cat?post=759822"},{"taxonomy":"product_tag","embeddable":true,"href":"https:\/\/tourcruiser.com\/fr\/wp-json\/wp\/v2\/product_tag?post=759822"}],"curies":[{"name":"wp","href":"https:\/\/api.w.org\/{rel}","templated":true}]}}