{"id":759804,"date":"2026-04-16T17:08:28","date_gmt":"2026-04-16T10:08:28","guid":{"rendered":"http:\/\/tourcruiser.com\/product\/grade-school-air-jordan-4-retro-og-bg-2016-white-cement-836016-192"},"modified":"2026-04-17T22:50:20","modified_gmt":"2026-04-17T15:50:20","slug":"grade-school-air-jordan-4-retro-og-bg-2016-white-cement-836016-192","status":"publish","type":"product","link":"https:\/\/tourcruiser.com\/fr\/products\/grade-school-air-jordan-4-retro-og-bg-2016-white-cement-836016-192\/","title":{"rendered":"(Grade School) Air Jordan 4 Retro OG BG 2016 &lsquo;White Cement&rsquo; 836016-192"},"content":{"rendered":"<p>Ajoutez une touche de style \u00e0 votre collection de sneakers avec la Air Jordan 4 Retro OG BG 2016 \u00ab\u00a0White Cement\u00a0\u00bb (836016-192), con\u00e7ue pour les enfants du primaire. Son empeigne intemporelle en cuir blanc, ses accents gris ciment embl\u00e9matiques et le logo Nike Air signature font de ce mod\u00e8le classique un v\u00e9ritable objet de d\u00e9sir, tout en offrant un confort exceptionnel. Parfaites pour les jeunes passionn\u00e9s de sneakers, ces chaussures allient h\u00e9ritage et modernit\u00e9. Sublimez votre garde-robe avec une pi\u00e8ce intemporelle et tendance.<\/p>\n<p>Coloris\u00a0: Blanc\/Rouge Feu-Noir-Gris Technique<br \/>\nR\u00e9f\u00e9rence\u00a0: 836016-192<br \/>\nEmpeigne\u00a0: Cuir<br \/>\nSemelle interm\u00e9diaire\u00a0: Air<br \/>\nCouleur\u00a0: Blanc<br \/>\nDesigner\u00a0: Tinker Hatfield<br \/>\nSaison\u00a0: Toute l\u2019ann\u00e9e<br \/>\nAnn\u00e9e de sortie\u00a0: 2016<\/p>\n<p>\u00c2ge\u00a0: Adulte<br \/>\nCouleur\u00a0: Blanc<br \/>\nGenre\u00a0: Enfant<\/p>\n","protected":false},"excerpt":{"rendered":"<p>Ajoutez une touche de style \u00e0 votre collection de sneakers avec la Air Jordan 4 Retro OG BG 2016 \u00ab\u00a0White Cement\u00a0\u00bb (836016-192), con\u00e7ue pour les enfants du primaire. Son empeigne intemporelle en cuir blanc, ses accents gris ciment embl\u00e9matiques et le logo Nike Air signature font de ce mod\u00e8le classique un v\u00e9ritable objet de d\u00e9sir, [&hellip;]<\/p>\n","protected":false},"featured_media":759805,"comment_status":"open","ping_status":"closed","template":"","meta":[],"product_brand":[],"product_cat":[38880],"product_tag":[10750,38988,10776,11349,38875,10756,39039],"class_list":{"0":"post-759804","1":"product","2":"type-product","3":"status-publish","4":"has-post-thumbnail","6":"product_cat-jordan","7":"product_tag-athleisure-shoes","8":"product_tag-casual-shoes-for-kids","9":"product_tag-jordan","10":"product_tag-jordan-basketball-shoes","11":"product_tag-jordan-skateboard-shoes","12":"product_tag-retro-casual-shoes","13":"product_tag-sneakers-for-kids","15":"first","16":"instock","17":"taxable","18":"shipping-taxable","19":"purchasable","20":"product-type-simple"},"wcpa_form_fields":null,"yoast_head":"<!-- This site is optimized with the Yoast SEO plugin v26.5 - https:\/\/yoast.com\/wordpress\/plugins\/seo\/ -->\n<title>(Grade School) Air Jordan 4 Retro OG BG 2016 &#039;White Cement&#039; 836016-192 - TOURCRUISER PTE. LTD<\/title>\n<meta name=\"robots\" content=\"index, follow, max-snippet:-1, max-image-preview:large, max-video-preview:-1\" \/>\n<link rel=\"canonical\" href=\"https:\/\/tourcruiser.com\/fr\/products\/grade-school-air-jordan-4-retro-og-bg-2016-white-cement-836016-192\/\" \/>\n<meta property=\"og:locale\" content=\"fr_FR\" \/>\n<meta property=\"og:type\" content=\"article\" \/>\n<meta property=\"og:title\" content=\"(Grade School) Air Jordan 4 Retro OG BG 2016 &#039;White Cement&#039; 836016-192 - TOURCRUISER PTE. LTD\" \/>\n<meta property=\"og:description\" content=\"Ajoutez une touche de style \u00e0 votre collection de sneakers avec la Air Jordan 4 Retro OG BG 2016 \u00ab\u00a0White Cement\u00a0\u00bb (836016-192), con\u00e7ue pour les enfants du primaire. Son empeigne intemporelle en cuir blanc, ses accents gris ciment embl\u00e9matiques et le logo Nike Air signature font de ce mod\u00e8le classique un v\u00e9ritable objet de d\u00e9sir, [&hellip;]\" \/>\n<meta property=\"og:url\" content=\"https:\/\/tourcruiser.com\/fr\/products\/grade-school-air-jordan-4-retro-og-bg-2016-white-cement-836016-192\/\" \/>\n<meta property=\"og:site_name\" content=\"Tourcruiser Sneaker Store\" \/>\n<meta property=\"article:modified_time\" content=\"2026-04-17T15:50:20+00:00\" \/>\n<meta name=\"twitter:card\" content=\"summary_large_image\" \/>\n<meta name=\"twitter:image\" content=\"https:\/\/images.novelship.com\/product\/_grade_school__air_jordan_4_retro_og_bg_2016__whit_0_95760.jpeg;https:\/\/images.novelship.com\/product\/_grade_school__air_jordan_4_retro_og_bg_2016__whit_1_95760.jpeg;https:\/\/images.novelship.com\/product\/_grade_school__air_jordan_4_retro_og_bg_2016__whit_2_95760.jpeg;https:\/\/images.novelship.com\/product\/_grade_school__air_jordan_4_retro_og_bg_2016__whit_3_95760.jpeg;https:\/\/images.novelship.com\/product\/_grade_school__air_jordan_4_retro_og_bg_2016__whit_4_95760.jpeg;https:\/\/images.novelship.com\/product\/_grade_school__air_jordan_4_retro_og_bg_2016__whit_5_95760.jpeg;https:\/\/images.novelship.com\/product\/_grade_school__air_jordan_4_retro_og_bg_2016__whit_6_95760.jpeg;https:\/\/images.novelship.com\/product\/_grade_school__air_jordan_4_retro_og_bg_2016__whit_7_95760.jpeg\" \/>\n<meta name=\"twitter:label1\" content=\"Dur\u00e9e de lecture estim\u00e9e\" \/>\n\t<meta name=\"twitter:data1\" content=\"1 minute\" \/>\n<script type=\"application\/ld+json\" class=\"yoast-schema-graph\">{\"@context\":\"https:\/\/schema.org\",\"@graph\":[{\"@type\":\"WebPage\",\"@id\":\"https:\/\/tourcruiser.com\/fr\/products\/grade-school-air-jordan-4-retro-og-bg-2016-white-cement-836016-192\/\",\"url\":\"https:\/\/tourcruiser.com\/fr\/products\/grade-school-air-jordan-4-retro-og-bg-2016-white-cement-836016-192\/\",\"name\":\"(Grade School) Air Jordan 4 Retro OG BG 2016 'White Cement' 836016-192 - TOURCRUISER PTE. LTD\",\"isPartOf\":{\"@id\":\"\/#website\"},\"primaryImageOfPage\":{\"@id\":\"https:\/\/tourcruiser.com\/fr\/products\/grade-school-air-jordan-4-retro-og-bg-2016-white-cement-836016-192\/#primaryimage\"},\"image\":{\"@id\":\"https:\/\/tourcruiser.com\/fr\/products\/grade-school-air-jordan-4-retro-og-bg-2016-white-cement-836016-192\/#primaryimage\"},\"thumbnailUrl\":\"https:\/\/images.novelship.com\/product\/_grade_school__air_jordan_4_retro_og_bg_2016__whit_0_95760.jpeg;https:\/\/images.novelship.com\/product\/_grade_school__air_jordan_4_retro_og_bg_2016__whit_1_95760.jpeg;https:\/\/images.novelship.com\/product\/_grade_school__air_jordan_4_retro_og_bg_2016__whit_2_95760.jpeg;https:\/\/images.novelship.com\/product\/_grade_school__air_jordan_4_retro_og_bg_2016__whit_3_95760.jpeg;https:\/\/images.novelship.com\/product\/_grade_school__air_jordan_4_retro_og_bg_2016__whit_4_95760.jpeg;https:\/\/images.novelship.com\/product\/_grade_school__air_jordan_4_retro_og_bg_2016__whit_5_95760.jpeg;https:\/\/images.novelship.com\/product\/_grade_school__air_jordan_4_retro_og_bg_2016__whit_6_95760.jpeg;https:\/\/images.novelship.com\/product\/_grade_school__air_jordan_4_retro_og_bg_2016__whit_7_95760.jpeg\",\"datePublished\":\"2026-04-16T10:08:28+00:00\",\"dateModified\":\"2026-04-17T15:50:20+00:00\",\"breadcrumb\":{\"@id\":\"https:\/\/tourcruiser.com\/fr\/products\/grade-school-air-jordan-4-retro-og-bg-2016-white-cement-836016-192\/#breadcrumb\"},\"inLanguage\":\"fr-FR\",\"potentialAction\":[{\"@type\":\"ReadAction\",\"target\":[\"https:\/\/tourcruiser.com\/fr\/products\/grade-school-air-jordan-4-retro-og-bg-2016-white-cement-836016-192\/\"]}]},{\"@type\":\"ImageObject\",\"inLanguage\":\"fr-FR\",\"@id\":\"https:\/\/tourcruiser.com\/fr\/products\/grade-school-air-jordan-4-retro-og-bg-2016-white-cement-836016-192\/#primaryimage\",\"url\":\"https:\/\/images.novelship.com\/product\/_grade_school__air_jordan_4_retro_og_bg_2016__whit_0_95760.jpeg;https:\/\/images.novelship.com\/product\/_grade_school__air_jordan_4_retro_og_bg_2016__whit_1_95760.jpeg;https:\/\/images.novelship.com\/product\/_grade_school__air_jordan_4_retro_og_bg_2016__whit_2_95760.jpeg;https:\/\/images.novelship.com\/product\/_grade_school__air_jordan_4_retro_og_bg_2016__whit_3_95760.jpeg;https:\/\/images.novelship.com\/product\/_grade_school__air_jordan_4_retro_og_bg_2016__whit_4_95760.jpeg;https:\/\/images.novelship.com\/product\/_grade_school__air_jordan_4_retro_og_bg_2016__whit_5_95760.jpeg;https:\/\/images.novelship.com\/product\/_grade_school__air_jordan_4_retro_og_bg_2016__whit_6_95760.jpeg;https:\/\/images.novelship.com\/product\/_grade_school__air_jordan_4_retro_og_bg_2016__whit_7_95760.jpeg\",\"contentUrl\":\"https:\/\/images.novelship.com\/product\/_grade_school__air_jordan_4_retro_og_bg_2016__whit_0_95760.jpeg;https:\/\/images.novelship.com\/product\/_grade_school__air_jordan_4_retro_og_bg_2016__whit_1_95760.jpeg;https:\/\/images.novelship.com\/product\/_grade_school__air_jordan_4_retro_og_bg_2016__whit_2_95760.jpeg;https:\/\/images.novelship.com\/product\/_grade_school__air_jordan_4_retro_og_bg_2016__whit_3_95760.jpeg;https:\/\/images.novelship.com\/product\/_grade_school__air_jordan_4_retro_og_bg_2016__whit_4_95760.jpeg;https:\/\/images.novelship.com\/product\/_grade_school__air_jordan_4_retro_og_bg_2016__whit_5_95760.jpeg;https:\/\/images.novelship.com\/product\/_grade_school__air_jordan_4_retro_og_bg_2016__whit_6_95760.jpeg;https:\/\/images.novelship.com\/product\/_grade_school__air_jordan_4_retro_og_bg_2016__whit_7_95760.jpeg\"},{\"@type\":\"BreadcrumbList\",\"@id\":\"https:\/\/tourcruiser.com\/fr\/products\/grade-school-air-jordan-4-retro-og-bg-2016-white-cement-836016-192\/#breadcrumb\",\"itemListElement\":[{\"@type\":\"ListItem\",\"position\":1,\"name\":\"Home\",\"item\":\"https:\/\/tourcruiser.com\/fr\/\"},{\"@type\":\"ListItem\",\"position\":2,\"name\":\"Shop\",\"item\":\"https:\/\/tourcruiser.com\/fr\/shop\/\"},{\"@type\":\"ListItem\",\"position\":3,\"name\":\"(Grade School) Air Jordan 4 Retro OG BG 2016 &#8216;White Cement&#8217; 836016-192\"}]},{\"@type\":\"WebSite\",\"@id\":\"\/#website\",\"url\":\"\/\",\"name\":\"Styloral Jewelry Shop\",\"description\":\"Tourcruiser Sneaker Store \u2014 L\u2019endroit o\u00f9 l\u2019univers rencontre votre singularit\u00e9.\",\"publisher\":{\"@id\":\"\/#organization\"},\"potentialAction\":[{\"@type\":\"SearchAction\",\"target\":{\"@type\":\"EntryPoint\",\"urlTemplate\":\"\/?s={search_term_string}\"},\"query-input\":{\"@type\":\"PropertyValueSpecification\",\"valueRequired\":true,\"valueName\":\"search_term_string\"}}],\"inLanguage\":\"fr-FR\"},{\"@type\":\"Organization\",\"@id\":\"\/#organization\",\"name\":\"STYLORAL PTE. LTD\",\"url\":\"\/\",\"logo\":{\"@type\":\"ImageObject\",\"inLanguage\":\"fr-FR\",\"@id\":\"\/#\/schema\/logo\/image\/\",\"url\":\"https:\/\/www.tourcruiser.com\/wp-content\/uploads\/2025\/12\/logo.png\",\"contentUrl\":\"https:\/\/www.tourcruiser.com\/wp-content\/uploads\/2025\/12\/logo.png\",\"width\":200,\"height\":65,\"caption\":\"STYLORAL PTE. LTD\"},\"image\":{\"@id\":\"\/#\/schema\/logo\/image\/\"}}]}<\/script>\n<!-- \/ Yoast SEO plugin. -->","yoast_head_json":{"title":"(Grade School) Air Jordan 4 Retro OG BG 2016 'White Cement' 836016-192 - TOURCRUISER PTE. LTD","robots":{"index":"index","follow":"follow","max-snippet":"max-snippet:-1","max-image-preview":"max-image-preview:large","max-video-preview":"max-video-preview:-1"},"canonical":"https:\/\/tourcruiser.com\/fr\/products\/grade-school-air-jordan-4-retro-og-bg-2016-white-cement-836016-192\/","og_locale":"fr_FR","og_type":"article","og_title":"(Grade School) Air Jordan 4 Retro OG BG 2016 'White Cement' 836016-192 - TOURCRUISER PTE. LTD","og_description":"Ajoutez une touche de style \u00e0 votre collection de sneakers avec la Air Jordan 4 Retro OG BG 2016 \u00ab\u00a0White Cement\u00a0\u00bb (836016-192), con\u00e7ue pour les enfants du primaire. Son empeigne intemporelle en cuir blanc, ses accents gris ciment embl\u00e9matiques et le logo Nike Air signature font de ce mod\u00e8le classique un v\u00e9ritable objet de d\u00e9sir, [&hellip;]","og_url":"https:\/\/tourcruiser.com\/fr\/products\/grade-school-air-jordan-4-retro-og-bg-2016-white-cement-836016-192\/","og_site_name":"Tourcruiser Sneaker Store","article_modified_time":"2026-04-17T15:50:20+00:00","twitter_card":"summary_large_image","twitter_image":"https:\/\/images.novelship.com\/product\/_grade_school__air_jordan_4_retro_og_bg_2016__whit_0_95760.jpeg;https:\/\/images.novelship.com\/product\/_grade_school__air_jordan_4_retro_og_bg_2016__whit_1_95760.jpeg;https:\/\/images.novelship.com\/product\/_grade_school__air_jordan_4_retro_og_bg_2016__whit_2_95760.jpeg;https:\/\/images.novelship.com\/product\/_grade_school__air_jordan_4_retro_og_bg_2016__whit_3_95760.jpeg;https:\/\/images.novelship.com\/product\/_grade_school__air_jordan_4_retro_og_bg_2016__whit_4_95760.jpeg;https:\/\/images.novelship.com\/product\/_grade_school__air_jordan_4_retro_og_bg_2016__whit_5_95760.jpeg;https:\/\/images.novelship.com\/product\/_grade_school__air_jordan_4_retro_og_bg_2016__whit_6_95760.jpeg;https:\/\/images.novelship.com\/product\/_grade_school__air_jordan_4_retro_og_bg_2016__whit_7_95760.jpeg","twitter_misc":{"Dur\u00e9e de lecture estim\u00e9e":"1 minute"},"schema":{"@context":"https:\/\/schema.org","@graph":[{"@type":"WebPage","@id":"https:\/\/tourcruiser.com\/fr\/products\/grade-school-air-jordan-4-retro-og-bg-2016-white-cement-836016-192\/","url":"https:\/\/tourcruiser.com\/fr\/products\/grade-school-air-jordan-4-retro-og-bg-2016-white-cement-836016-192\/","name":"(Grade School) Air Jordan 4 Retro OG BG 2016 'White Cement' 836016-192 - TOURCRUISER PTE. LTD","isPartOf":{"@id":"\/#website"},"primaryImageOfPage":{"@id":"https:\/\/tourcruiser.com\/fr\/products\/grade-school-air-jordan-4-retro-og-bg-2016-white-cement-836016-192\/#primaryimage"},"image":{"@id":"https:\/\/tourcruiser.com\/fr\/products\/grade-school-air-jordan-4-retro-og-bg-2016-white-cement-836016-192\/#primaryimage"},"thumbnailUrl":"https:\/\/images.novelship.com\/product\/_grade_school__air_jordan_4_retro_og_bg_2016__whit_0_95760.jpeg;https:\/\/images.novelship.com\/product\/_grade_school__air_jordan_4_retro_og_bg_2016__whit_1_95760.jpeg;https:\/\/images.novelship.com\/product\/_grade_school__air_jordan_4_retro_og_bg_2016__whit_2_95760.jpeg;https:\/\/images.novelship.com\/product\/_grade_school__air_jordan_4_retro_og_bg_2016__whit_3_95760.jpeg;https:\/\/images.novelship.com\/product\/_grade_school__air_jordan_4_retro_og_bg_2016__whit_4_95760.jpeg;https:\/\/images.novelship.com\/product\/_grade_school__air_jordan_4_retro_og_bg_2016__whit_5_95760.jpeg;https:\/\/images.novelship.com\/product\/_grade_school__air_jordan_4_retro_og_bg_2016__whit_6_95760.jpeg;https:\/\/images.novelship.com\/product\/_grade_school__air_jordan_4_retro_og_bg_2016__whit_7_95760.jpeg","datePublished":"2026-04-16T10:08:28+00:00","dateModified":"2026-04-17T15:50:20+00:00","breadcrumb":{"@id":"https:\/\/tourcruiser.com\/fr\/products\/grade-school-air-jordan-4-retro-og-bg-2016-white-cement-836016-192\/#breadcrumb"},"inLanguage":"fr-FR","potentialAction":[{"@type":"ReadAction","target":["https:\/\/tourcruiser.com\/fr\/products\/grade-school-air-jordan-4-retro-og-bg-2016-white-cement-836016-192\/"]}]},{"@type":"ImageObject","inLanguage":"fr-FR","@id":"https:\/\/tourcruiser.com\/fr\/products\/grade-school-air-jordan-4-retro-og-bg-2016-white-cement-836016-192\/#primaryimage","url":"https:\/\/images.novelship.com\/product\/_grade_school__air_jordan_4_retro_og_bg_2016__whit_0_95760.jpeg;https:\/\/images.novelship.com\/product\/_grade_school__air_jordan_4_retro_og_bg_2016__whit_1_95760.jpeg;https:\/\/images.novelship.com\/product\/_grade_school__air_jordan_4_retro_og_bg_2016__whit_2_95760.jpeg;https:\/\/images.novelship.com\/product\/_grade_school__air_jordan_4_retro_og_bg_2016__whit_3_95760.jpeg;https:\/\/images.novelship.com\/product\/_grade_school__air_jordan_4_retro_og_bg_2016__whit_4_95760.jpeg;https:\/\/images.novelship.com\/product\/_grade_school__air_jordan_4_retro_og_bg_2016__whit_5_95760.jpeg;https:\/\/images.novelship.com\/product\/_grade_school__air_jordan_4_retro_og_bg_2016__whit_6_95760.jpeg;https:\/\/images.novelship.com\/product\/_grade_school__air_jordan_4_retro_og_bg_2016__whit_7_95760.jpeg","contentUrl":"https:\/\/images.novelship.com\/product\/_grade_school__air_jordan_4_retro_og_bg_2016__whit_0_95760.jpeg;https:\/\/images.novelship.com\/product\/_grade_school__air_jordan_4_retro_og_bg_2016__whit_1_95760.jpeg;https:\/\/images.novelship.com\/product\/_grade_school__air_jordan_4_retro_og_bg_2016__whit_2_95760.jpeg;https:\/\/images.novelship.com\/product\/_grade_school__air_jordan_4_retro_og_bg_2016__whit_3_95760.jpeg;https:\/\/images.novelship.com\/product\/_grade_school__air_jordan_4_retro_og_bg_2016__whit_4_95760.jpeg;https:\/\/images.novelship.com\/product\/_grade_school__air_jordan_4_retro_og_bg_2016__whit_5_95760.jpeg;https:\/\/images.novelship.com\/product\/_grade_school__air_jordan_4_retro_og_bg_2016__whit_6_95760.jpeg;https:\/\/images.novelship.com\/product\/_grade_school__air_jordan_4_retro_og_bg_2016__whit_7_95760.jpeg"},{"@type":"BreadcrumbList","@id":"https:\/\/tourcruiser.com\/fr\/products\/grade-school-air-jordan-4-retro-og-bg-2016-white-cement-836016-192\/#breadcrumb","itemListElement":[{"@type":"ListItem","position":1,"name":"Home","item":"https:\/\/tourcruiser.com\/fr\/"},{"@type":"ListItem","position":2,"name":"Shop","item":"https:\/\/tourcruiser.com\/fr\/shop\/"},{"@type":"ListItem","position":3,"name":"(Grade School) Air Jordan 4 Retro OG BG 2016 &#8216;White Cement&#8217; 836016-192"}]},{"@type":"WebSite","@id":"\/#website","url":"\/","name":"Styloral Jewelry Shop","description":"Tourcruiser Sneaker Store \u2014 L\u2019endroit o\u00f9 l\u2019univers rencontre votre singularit\u00e9.","publisher":{"@id":"\/#organization"},"potentialAction":[{"@type":"SearchAction","target":{"@type":"EntryPoint","urlTemplate":"\/?s={search_term_string}"},"query-input":{"@type":"PropertyValueSpecification","valueRequired":true,"valueName":"search_term_string"}}],"inLanguage":"fr-FR"},{"@type":"Organization","@id":"\/#organization","name":"STYLORAL PTE. LTD","url":"\/","logo":{"@type":"ImageObject","inLanguage":"fr-FR","@id":"\/#\/schema\/logo\/image\/","url":"https:\/\/www.tourcruiser.com\/wp-content\/uploads\/2025\/12\/logo.png","contentUrl":"https:\/\/www.tourcruiser.com\/wp-content\/uploads\/2025\/12\/logo.png","width":200,"height":65,"caption":"STYLORAL PTE. LTD"},"image":{"@id":"\/#\/schema\/logo\/image\/"}}]}},"_links":{"self":[{"href":"https:\/\/tourcruiser.com\/fr\/wp-json\/wp\/v2\/product\/759804","targetHints":{"allow":["GET"]}}],"collection":[{"href":"https:\/\/tourcruiser.com\/fr\/wp-json\/wp\/v2\/product"}],"about":[{"href":"https:\/\/tourcruiser.com\/fr\/wp-json\/wp\/v2\/types\/product"}],"replies":[{"embeddable":true,"href":"https:\/\/tourcruiser.com\/fr\/wp-json\/wp\/v2\/comments?post=759804"}],"wp:featuredmedia":[{"embeddable":true,"href":"https:\/\/tourcruiser.com\/fr\/wp-json\/wp\/v2\/media\/759805"}],"wp:attachment":[{"href":"https:\/\/tourcruiser.com\/fr\/wp-json\/wp\/v2\/media?parent=759804"}],"wp:term":[{"taxonomy":"product_brand","embeddable":true,"href":"https:\/\/tourcruiser.com\/fr\/wp-json\/wp\/v2\/product_brand?post=759804"},{"taxonomy":"product_cat","embeddable":true,"href":"https:\/\/tourcruiser.com\/fr\/wp-json\/wp\/v2\/product_cat?post=759804"},{"taxonomy":"product_tag","embeddable":true,"href":"https:\/\/tourcruiser.com\/fr\/wp-json\/wp\/v2\/product_tag?post=759804"}],"curies":[{"name":"wp","href":"https:\/\/api.w.org\/{rel}","templated":true}]}}