{"id":759795,"date":"2026-04-16T17:08:27","date_gmt":"2026-04-16T10:08:27","guid":{"rendered":"http:\/\/tourcruiser.com\/product\/grade-school-air-jordan-4-retro-ls-2015-oreo-408452-003"},"modified":"2026-04-17T22:50:18","modified_gmt":"2026-04-17T15:50:18","slug":"grade-school-air-jordan-4-retro-ls-2015-oreo-408452-003","status":"publish","type":"product","link":"https:\/\/tourcruiser.com\/fr\/products\/grade-school-air-jordan-4-retro-ls-2015-oreo-408452-003\/","title":{"rendered":"(Grade School) Air Jordan 4 Retro LS 2015 &lsquo;Oreo&rsquo; 408452-003"},"content":{"rendered":"<p>D\u00e9couvrez la Air Jordan 4 Retro LS 2015 Oreo 408452-003 pour enfants, sign\u00e9e Jordan. Ces sneakers styl\u00e9es sont un incontournable pour les fans de sneakers, alliant design classique et touche de modernit\u00e9. Que ce soit pour les loisirs ou le sport, elles offrent style et confort.<\/p>\n<p>Couleur : Noir\/Gris technique-Blanc<\/p>\n<p>Num\u00e9ro d&rsquo;article : 408452-003<\/p>\n<p>Mati\u00e8re ext\u00e9rieure : Cuir<\/p>\n<p>Semelle interm\u00e9diaire : Air<\/p>\n<p>Couleur : Noir<\/p>\n<p>Designer : Tinker Hatfield<\/p>\n<p>Saison : Toute l&rsquo;ann\u00e9e<\/p>\n<p>Ann\u00e9e de sortie : 2015<\/p>\n<p>\u00c2ge : Adulte<\/p>\n<p>Couleur : Noir<\/p>\n<p>Genre : Enfant<\/p>\n","protected":false},"excerpt":{"rendered":"<p>D\u00e9couvrez la Air Jordan 4 Retro LS 2015 Oreo 408452-003 pour enfants, sign\u00e9e Jordan. Ces sneakers styl\u00e9es sont un incontournable pour les fans de sneakers, alliant design classique et touche de modernit\u00e9. Que ce soit pour les loisirs ou le sport, elles offrent style et confort. Couleur : Noir\/Gris technique-Blanc Num\u00e9ro d&rsquo;article : 408452-003 Mati\u00e8re [&hellip;]<\/p>\n","protected":false},"featured_media":759796,"comment_status":"open","ping_status":"closed","template":"","meta":[],"product_brand":[],"product_cat":[38880],"product_tag":[10750,38988,10776,11349,38875,10756,39039],"class_list":{"0":"post-759795","1":"product","2":"type-product","3":"status-publish","4":"has-post-thumbnail","6":"product_cat-jordan","7":"product_tag-athleisure-shoes","8":"product_tag-casual-shoes-for-kids","9":"product_tag-jordan","10":"product_tag-jordan-basketball-shoes","11":"product_tag-jordan-skateboard-shoes","12":"product_tag-retro-casual-shoes","13":"product_tag-sneakers-for-kids","15":"first","16":"instock","17":"taxable","18":"shipping-taxable","19":"purchasable","20":"product-type-simple"},"wcpa_form_fields":null,"yoast_head":"<!-- This site is optimized with the Yoast SEO plugin v26.5 - https:\/\/yoast.com\/wordpress\/plugins\/seo\/ -->\n<title>(Grade School) Air Jordan 4 Retro LS 2015 &#039;Oreo&#039; 408452-003 - TOURCRUISER PTE. LTD<\/title>\n<meta name=\"robots\" content=\"index, follow, max-snippet:-1, max-image-preview:large, max-video-preview:-1\" \/>\n<link rel=\"canonical\" href=\"https:\/\/tourcruiser.com\/fr\/products\/grade-school-air-jordan-4-retro-ls-2015-oreo-408452-003\/\" \/>\n<meta property=\"og:locale\" content=\"fr_FR\" \/>\n<meta property=\"og:type\" content=\"article\" \/>\n<meta property=\"og:title\" content=\"(Grade School) Air Jordan 4 Retro LS 2015 &#039;Oreo&#039; 408452-003 - TOURCRUISER PTE. LTD\" \/>\n<meta property=\"og:description\" content=\"D\u00e9couvrez la Air Jordan 4 Retro LS 2015 Oreo 408452-003 pour enfants, sign\u00e9e Jordan. Ces sneakers styl\u00e9es sont un incontournable pour les fans de sneakers, alliant design classique et touche de modernit\u00e9. Que ce soit pour les loisirs ou le sport, elles offrent style et confort. Couleur : Noir\/Gris technique-Blanc Num\u00e9ro d&rsquo;article : 408452-003 Mati\u00e8re [&hellip;]\" \/>\n<meta property=\"og:url\" content=\"https:\/\/tourcruiser.com\/fr\/products\/grade-school-air-jordan-4-retro-ls-2015-oreo-408452-003\/\" \/>\n<meta property=\"og:site_name\" content=\"Tourcruiser Sneaker Store\" \/>\n<meta property=\"article:modified_time\" content=\"2026-04-17T15:50:18+00:00\" \/>\n<meta name=\"twitter:card\" content=\"summary_large_image\" \/>\n<meta name=\"twitter:image\" content=\"https:\/\/images.novelship.com\/product\/_grade_school__air_jordan_4_retro_ls_2015__oreo__4_0_52346.jpeg;https:\/\/images.novelship.com\/product\/_grade_school__air_jordan_4_retro_ls_2015__oreo__4_1_52346.jpeg;https:\/\/images.novelship.com\/product\/_grade_school__air_jordan_4_retro_ls_2015__oreo__4_2_52346.jpeg;https:\/\/images.novelship.com\/product\/_grade_school__air_jordan_4_retro_ls_2015__oreo__4_3_52346.jpeg;https:\/\/images.novelship.com\/product\/_grade_school__air_jordan_4_retro_ls_2015__oreo__4_4_52346.jpeg;https:\/\/images.novelship.com\/product\/_grade_school__air_jordan_4_retro_ls_2015__oreo__4_5_52346.jpeg;https:\/\/images.novelship.com\/product\/_grade_school__air_jordan_4_retro_ls_2015__oreo__4_6_52346.jpeg;https:\/\/images.novelship.com\/product\/_grade_school__air_jordan_4_retro_ls_2015__oreo__4_7_52346.jpeg\" \/>\n<script type=\"application\/ld+json\" class=\"yoast-schema-graph\">{\"@context\":\"https:\/\/schema.org\",\"@graph\":[{\"@type\":\"WebPage\",\"@id\":\"https:\/\/tourcruiser.com\/fr\/products\/grade-school-air-jordan-4-retro-ls-2015-oreo-408452-003\/\",\"url\":\"https:\/\/tourcruiser.com\/fr\/products\/grade-school-air-jordan-4-retro-ls-2015-oreo-408452-003\/\",\"name\":\"(Grade School) Air Jordan 4 Retro LS 2015 'Oreo' 408452-003 - TOURCRUISER PTE. LTD\",\"isPartOf\":{\"@id\":\"\/#website\"},\"primaryImageOfPage\":{\"@id\":\"https:\/\/tourcruiser.com\/fr\/products\/grade-school-air-jordan-4-retro-ls-2015-oreo-408452-003\/#primaryimage\"},\"image\":{\"@id\":\"https:\/\/tourcruiser.com\/fr\/products\/grade-school-air-jordan-4-retro-ls-2015-oreo-408452-003\/#primaryimage\"},\"thumbnailUrl\":\"https:\/\/images.novelship.com\/product\/_grade_school__air_jordan_4_retro_ls_2015__oreo__4_0_52346.jpeg;https:\/\/images.novelship.com\/product\/_grade_school__air_jordan_4_retro_ls_2015__oreo__4_1_52346.jpeg;https:\/\/images.novelship.com\/product\/_grade_school__air_jordan_4_retro_ls_2015__oreo__4_2_52346.jpeg;https:\/\/images.novelship.com\/product\/_grade_school__air_jordan_4_retro_ls_2015__oreo__4_3_52346.jpeg;https:\/\/images.novelship.com\/product\/_grade_school__air_jordan_4_retro_ls_2015__oreo__4_4_52346.jpeg;https:\/\/images.novelship.com\/product\/_grade_school__air_jordan_4_retro_ls_2015__oreo__4_5_52346.jpeg;https:\/\/images.novelship.com\/product\/_grade_school__air_jordan_4_retro_ls_2015__oreo__4_6_52346.jpeg;https:\/\/images.novelship.com\/product\/_grade_school__air_jordan_4_retro_ls_2015__oreo__4_7_52346.jpeg\",\"datePublished\":\"2026-04-16T10:08:27+00:00\",\"dateModified\":\"2026-04-17T15:50:18+00:00\",\"breadcrumb\":{\"@id\":\"https:\/\/tourcruiser.com\/fr\/products\/grade-school-air-jordan-4-retro-ls-2015-oreo-408452-003\/#breadcrumb\"},\"inLanguage\":\"fr-FR\",\"potentialAction\":[{\"@type\":\"ReadAction\",\"target\":[\"https:\/\/tourcruiser.com\/fr\/products\/grade-school-air-jordan-4-retro-ls-2015-oreo-408452-003\/\"]}]},{\"@type\":\"ImageObject\",\"inLanguage\":\"fr-FR\",\"@id\":\"https:\/\/tourcruiser.com\/fr\/products\/grade-school-air-jordan-4-retro-ls-2015-oreo-408452-003\/#primaryimage\",\"url\":\"https:\/\/images.novelship.com\/product\/_grade_school__air_jordan_4_retro_ls_2015__oreo__4_0_52346.jpeg;https:\/\/images.novelship.com\/product\/_grade_school__air_jordan_4_retro_ls_2015__oreo__4_1_52346.jpeg;https:\/\/images.novelship.com\/product\/_grade_school__air_jordan_4_retro_ls_2015__oreo__4_2_52346.jpeg;https:\/\/images.novelship.com\/product\/_grade_school__air_jordan_4_retro_ls_2015__oreo__4_3_52346.jpeg;https:\/\/images.novelship.com\/product\/_grade_school__air_jordan_4_retro_ls_2015__oreo__4_4_52346.jpeg;https:\/\/images.novelship.com\/product\/_grade_school__air_jordan_4_retro_ls_2015__oreo__4_5_52346.jpeg;https:\/\/images.novelship.com\/product\/_grade_school__air_jordan_4_retro_ls_2015__oreo__4_6_52346.jpeg;https:\/\/images.novelship.com\/product\/_grade_school__air_jordan_4_retro_ls_2015__oreo__4_7_52346.jpeg\",\"contentUrl\":\"https:\/\/images.novelship.com\/product\/_grade_school__air_jordan_4_retro_ls_2015__oreo__4_0_52346.jpeg;https:\/\/images.novelship.com\/product\/_grade_school__air_jordan_4_retro_ls_2015__oreo__4_1_52346.jpeg;https:\/\/images.novelship.com\/product\/_grade_school__air_jordan_4_retro_ls_2015__oreo__4_2_52346.jpeg;https:\/\/images.novelship.com\/product\/_grade_school__air_jordan_4_retro_ls_2015__oreo__4_3_52346.jpeg;https:\/\/images.novelship.com\/product\/_grade_school__air_jordan_4_retro_ls_2015__oreo__4_4_52346.jpeg;https:\/\/images.novelship.com\/product\/_grade_school__air_jordan_4_retro_ls_2015__oreo__4_5_52346.jpeg;https:\/\/images.novelship.com\/product\/_grade_school__air_jordan_4_retro_ls_2015__oreo__4_6_52346.jpeg;https:\/\/images.novelship.com\/product\/_grade_school__air_jordan_4_retro_ls_2015__oreo__4_7_52346.jpeg\"},{\"@type\":\"BreadcrumbList\",\"@id\":\"https:\/\/tourcruiser.com\/fr\/products\/grade-school-air-jordan-4-retro-ls-2015-oreo-408452-003\/#breadcrumb\",\"itemListElement\":[{\"@type\":\"ListItem\",\"position\":1,\"name\":\"Home\",\"item\":\"https:\/\/tourcruiser.com\/fr\/\"},{\"@type\":\"ListItem\",\"position\":2,\"name\":\"Shop\",\"item\":\"https:\/\/tourcruiser.com\/fr\/shop\/\"},{\"@type\":\"ListItem\",\"position\":3,\"name\":\"(Grade School) Air Jordan 4 Retro LS 2015 &#8216;Oreo&#8217; 408452-003\"}]},{\"@type\":\"WebSite\",\"@id\":\"\/#website\",\"url\":\"\/\",\"name\":\"Styloral Jewelry Shop\",\"description\":\"Tourcruiser Sneaker Store \u2014 L\u2019endroit o\u00f9 l\u2019univers rencontre votre singularit\u00e9.\",\"publisher\":{\"@id\":\"\/#organization\"},\"potentialAction\":[{\"@type\":\"SearchAction\",\"target\":{\"@type\":\"EntryPoint\",\"urlTemplate\":\"\/?s={search_term_string}\"},\"query-input\":{\"@type\":\"PropertyValueSpecification\",\"valueRequired\":true,\"valueName\":\"search_term_string\"}}],\"inLanguage\":\"fr-FR\"},{\"@type\":\"Organization\",\"@id\":\"\/#organization\",\"name\":\"STYLORAL PTE. LTD\",\"url\":\"\/\",\"logo\":{\"@type\":\"ImageObject\",\"inLanguage\":\"fr-FR\",\"@id\":\"\/#\/schema\/logo\/image\/\",\"url\":\"https:\/\/www.tourcruiser.com\/wp-content\/uploads\/2025\/12\/logo.png\",\"contentUrl\":\"https:\/\/www.tourcruiser.com\/wp-content\/uploads\/2025\/12\/logo.png\",\"width\":200,\"height\":65,\"caption\":\"STYLORAL PTE. LTD\"},\"image\":{\"@id\":\"\/#\/schema\/logo\/image\/\"}}]}<\/script>\n<!-- \/ Yoast SEO plugin. -->","yoast_head_json":{"title":"(Grade School) Air Jordan 4 Retro LS 2015 'Oreo' 408452-003 - TOURCRUISER PTE. LTD","robots":{"index":"index","follow":"follow","max-snippet":"max-snippet:-1","max-image-preview":"max-image-preview:large","max-video-preview":"max-video-preview:-1"},"canonical":"https:\/\/tourcruiser.com\/fr\/products\/grade-school-air-jordan-4-retro-ls-2015-oreo-408452-003\/","og_locale":"fr_FR","og_type":"article","og_title":"(Grade School) Air Jordan 4 Retro LS 2015 'Oreo' 408452-003 - TOURCRUISER PTE. LTD","og_description":"D\u00e9couvrez la Air Jordan 4 Retro LS 2015 Oreo 408452-003 pour enfants, sign\u00e9e Jordan. Ces sneakers styl\u00e9es sont un incontournable pour les fans de sneakers, alliant design classique et touche de modernit\u00e9. Que ce soit pour les loisirs ou le sport, elles offrent style et confort. Couleur : Noir\/Gris technique-Blanc Num\u00e9ro d&rsquo;article : 408452-003 Mati\u00e8re [&hellip;]","og_url":"https:\/\/tourcruiser.com\/fr\/products\/grade-school-air-jordan-4-retro-ls-2015-oreo-408452-003\/","og_site_name":"Tourcruiser Sneaker Store","article_modified_time":"2026-04-17T15:50:18+00:00","twitter_card":"summary_large_image","twitter_image":"https:\/\/images.novelship.com\/product\/_grade_school__air_jordan_4_retro_ls_2015__oreo__4_0_52346.jpeg;https:\/\/images.novelship.com\/product\/_grade_school__air_jordan_4_retro_ls_2015__oreo__4_1_52346.jpeg;https:\/\/images.novelship.com\/product\/_grade_school__air_jordan_4_retro_ls_2015__oreo__4_2_52346.jpeg;https:\/\/images.novelship.com\/product\/_grade_school__air_jordan_4_retro_ls_2015__oreo__4_3_52346.jpeg;https:\/\/images.novelship.com\/product\/_grade_school__air_jordan_4_retro_ls_2015__oreo__4_4_52346.jpeg;https:\/\/images.novelship.com\/product\/_grade_school__air_jordan_4_retro_ls_2015__oreo__4_5_52346.jpeg;https:\/\/images.novelship.com\/product\/_grade_school__air_jordan_4_retro_ls_2015__oreo__4_6_52346.jpeg;https:\/\/images.novelship.com\/product\/_grade_school__air_jordan_4_retro_ls_2015__oreo__4_7_52346.jpeg","schema":{"@context":"https:\/\/schema.org","@graph":[{"@type":"WebPage","@id":"https:\/\/tourcruiser.com\/fr\/products\/grade-school-air-jordan-4-retro-ls-2015-oreo-408452-003\/","url":"https:\/\/tourcruiser.com\/fr\/products\/grade-school-air-jordan-4-retro-ls-2015-oreo-408452-003\/","name":"(Grade School) Air Jordan 4 Retro LS 2015 'Oreo' 408452-003 - TOURCRUISER PTE. LTD","isPartOf":{"@id":"\/#website"},"primaryImageOfPage":{"@id":"https:\/\/tourcruiser.com\/fr\/products\/grade-school-air-jordan-4-retro-ls-2015-oreo-408452-003\/#primaryimage"},"image":{"@id":"https:\/\/tourcruiser.com\/fr\/products\/grade-school-air-jordan-4-retro-ls-2015-oreo-408452-003\/#primaryimage"},"thumbnailUrl":"https:\/\/images.novelship.com\/product\/_grade_school__air_jordan_4_retro_ls_2015__oreo__4_0_52346.jpeg;https:\/\/images.novelship.com\/product\/_grade_school__air_jordan_4_retro_ls_2015__oreo__4_1_52346.jpeg;https:\/\/images.novelship.com\/product\/_grade_school__air_jordan_4_retro_ls_2015__oreo__4_2_52346.jpeg;https:\/\/images.novelship.com\/product\/_grade_school__air_jordan_4_retro_ls_2015__oreo__4_3_52346.jpeg;https:\/\/images.novelship.com\/product\/_grade_school__air_jordan_4_retro_ls_2015__oreo__4_4_52346.jpeg;https:\/\/images.novelship.com\/product\/_grade_school__air_jordan_4_retro_ls_2015__oreo__4_5_52346.jpeg;https:\/\/images.novelship.com\/product\/_grade_school__air_jordan_4_retro_ls_2015__oreo__4_6_52346.jpeg;https:\/\/images.novelship.com\/product\/_grade_school__air_jordan_4_retro_ls_2015__oreo__4_7_52346.jpeg","datePublished":"2026-04-16T10:08:27+00:00","dateModified":"2026-04-17T15:50:18+00:00","breadcrumb":{"@id":"https:\/\/tourcruiser.com\/fr\/products\/grade-school-air-jordan-4-retro-ls-2015-oreo-408452-003\/#breadcrumb"},"inLanguage":"fr-FR","potentialAction":[{"@type":"ReadAction","target":["https:\/\/tourcruiser.com\/fr\/products\/grade-school-air-jordan-4-retro-ls-2015-oreo-408452-003\/"]}]},{"@type":"ImageObject","inLanguage":"fr-FR","@id":"https:\/\/tourcruiser.com\/fr\/products\/grade-school-air-jordan-4-retro-ls-2015-oreo-408452-003\/#primaryimage","url":"https:\/\/images.novelship.com\/product\/_grade_school__air_jordan_4_retro_ls_2015__oreo__4_0_52346.jpeg;https:\/\/images.novelship.com\/product\/_grade_school__air_jordan_4_retro_ls_2015__oreo__4_1_52346.jpeg;https:\/\/images.novelship.com\/product\/_grade_school__air_jordan_4_retro_ls_2015__oreo__4_2_52346.jpeg;https:\/\/images.novelship.com\/product\/_grade_school__air_jordan_4_retro_ls_2015__oreo__4_3_52346.jpeg;https:\/\/images.novelship.com\/product\/_grade_school__air_jordan_4_retro_ls_2015__oreo__4_4_52346.jpeg;https:\/\/images.novelship.com\/product\/_grade_school__air_jordan_4_retro_ls_2015__oreo__4_5_52346.jpeg;https:\/\/images.novelship.com\/product\/_grade_school__air_jordan_4_retro_ls_2015__oreo__4_6_52346.jpeg;https:\/\/images.novelship.com\/product\/_grade_school__air_jordan_4_retro_ls_2015__oreo__4_7_52346.jpeg","contentUrl":"https:\/\/images.novelship.com\/product\/_grade_school__air_jordan_4_retro_ls_2015__oreo__4_0_52346.jpeg;https:\/\/images.novelship.com\/product\/_grade_school__air_jordan_4_retro_ls_2015__oreo__4_1_52346.jpeg;https:\/\/images.novelship.com\/product\/_grade_school__air_jordan_4_retro_ls_2015__oreo__4_2_52346.jpeg;https:\/\/images.novelship.com\/product\/_grade_school__air_jordan_4_retro_ls_2015__oreo__4_3_52346.jpeg;https:\/\/images.novelship.com\/product\/_grade_school__air_jordan_4_retro_ls_2015__oreo__4_4_52346.jpeg;https:\/\/images.novelship.com\/product\/_grade_school__air_jordan_4_retro_ls_2015__oreo__4_5_52346.jpeg;https:\/\/images.novelship.com\/product\/_grade_school__air_jordan_4_retro_ls_2015__oreo__4_6_52346.jpeg;https:\/\/images.novelship.com\/product\/_grade_school__air_jordan_4_retro_ls_2015__oreo__4_7_52346.jpeg"},{"@type":"BreadcrumbList","@id":"https:\/\/tourcruiser.com\/fr\/products\/grade-school-air-jordan-4-retro-ls-2015-oreo-408452-003\/#breadcrumb","itemListElement":[{"@type":"ListItem","position":1,"name":"Home","item":"https:\/\/tourcruiser.com\/fr\/"},{"@type":"ListItem","position":2,"name":"Shop","item":"https:\/\/tourcruiser.com\/fr\/shop\/"},{"@type":"ListItem","position":3,"name":"(Grade School) Air Jordan 4 Retro LS 2015 &#8216;Oreo&#8217; 408452-003"}]},{"@type":"WebSite","@id":"\/#website","url":"\/","name":"Styloral Jewelry Shop","description":"Tourcruiser Sneaker Store \u2014 L\u2019endroit o\u00f9 l\u2019univers rencontre votre singularit\u00e9.","publisher":{"@id":"\/#organization"},"potentialAction":[{"@type":"SearchAction","target":{"@type":"EntryPoint","urlTemplate":"\/?s={search_term_string}"},"query-input":{"@type":"PropertyValueSpecification","valueRequired":true,"valueName":"search_term_string"}}],"inLanguage":"fr-FR"},{"@type":"Organization","@id":"\/#organization","name":"STYLORAL PTE. LTD","url":"\/","logo":{"@type":"ImageObject","inLanguage":"fr-FR","@id":"\/#\/schema\/logo\/image\/","url":"https:\/\/www.tourcruiser.com\/wp-content\/uploads\/2025\/12\/logo.png","contentUrl":"https:\/\/www.tourcruiser.com\/wp-content\/uploads\/2025\/12\/logo.png","width":200,"height":65,"caption":"STYLORAL PTE. LTD"},"image":{"@id":"\/#\/schema\/logo\/image\/"}}]}},"_links":{"self":[{"href":"https:\/\/tourcruiser.com\/fr\/wp-json\/wp\/v2\/product\/759795","targetHints":{"allow":["GET"]}}],"collection":[{"href":"https:\/\/tourcruiser.com\/fr\/wp-json\/wp\/v2\/product"}],"about":[{"href":"https:\/\/tourcruiser.com\/fr\/wp-json\/wp\/v2\/types\/product"}],"replies":[{"embeddable":true,"href":"https:\/\/tourcruiser.com\/fr\/wp-json\/wp\/v2\/comments?post=759795"}],"wp:featuredmedia":[{"embeddable":true,"href":"https:\/\/tourcruiser.com\/fr\/wp-json\/wp\/v2\/media\/759796"}],"wp:attachment":[{"href":"https:\/\/tourcruiser.com\/fr\/wp-json\/wp\/v2\/media?parent=759795"}],"wp:term":[{"taxonomy":"product_brand","embeddable":true,"href":"https:\/\/tourcruiser.com\/fr\/wp-json\/wp\/v2\/product_brand?post=759795"},{"taxonomy":"product_cat","embeddable":true,"href":"https:\/\/tourcruiser.com\/fr\/wp-json\/wp\/v2\/product_cat?post=759795"},{"taxonomy":"product_tag","embeddable":true,"href":"https:\/\/tourcruiser.com\/fr\/wp-json\/wp\/v2\/product_tag?post=759795"}],"curies":[{"name":"wp","href":"https:\/\/api.w.org\/{rel}","templated":true}]}}