{"id":759777,"date":"2026-04-16T17:08:27","date_gmt":"2026-04-16T10:08:27","guid":{"rendered":"http:\/\/tourcruiser.com\/product\/air-jordan-legacy-312-low-sea-glass-fv8115-101"},"modified":"2026-04-17T22:50:17","modified_gmt":"2026-04-17T15:50:17","slug":"air-jordan-legacy-312-low-sea-glass-fv8115-101","status":"publish","type":"product","link":"https:\/\/tourcruiser.com\/fr\/products\/air-jordan-legacy-312-low-sea-glass-fv8115-101\/","title":{"rendered":"Air Jordan Legacy 312 Low &lsquo;Sea Glass&rsquo; FV8115-101"},"content":{"rendered":"<p>Affirmez votre style avec la Air Jordan Legacy 312 Low \u00ab\u00a0Sea Glass\u00a0\u00bb\u00a0! Cette sneaker captivante allie les \u00e9l\u00e9ments classiques d&rsquo;AJ \u00e0 une touche de modernit\u00e9. Son empeigne bleu turquoise, inspir\u00e9e par la mer, d\u00e9gage une \u00e9nergie fra\u00eeche et dynamique. Gr\u00e2ce \u00e0 son amorti souple et sa semelle flexible, vous profiterez d&rsquo;un confort in\u00e9gal\u00e9 tout au long de la journ\u00e9e. Que ce soit en ville ou sur le terrain, les 312 Low \u00ab\u00a0Sea Glass\u00a0\u00bb sont un incontournable pour les passionn\u00e9s de sneakers et les fashionistas.<\/p>\n<p>Coloris\u00a0: Blanc\/Vert d&rsquo;eau\/Gris clair<\/p>\n<p>Code article\u00a0: FV8115-101<\/p>\n<p>Empeigne\u00a0: Cuir<\/p>\n<p>Semelle interm\u00e9diaire\u00a0: Air<\/p>\n<p>Couleur\u00a0: Gris<\/p>\n<p>Cr\u00e9ateur\u00a0: Don C<\/p>\n<p>\u00c2ge\u00a0: Adulte<\/p>\n<p>Couleur\u00a0: Gris<\/p>\n<p>Genre\u00a0: Homme<\/p>\n","protected":false},"excerpt":{"rendered":"<p>Affirmez votre style avec la Air Jordan Legacy 312 Low \u00ab\u00a0Sea Glass\u00a0\u00bb\u00a0! Cette sneaker captivante allie les \u00e9l\u00e9ments classiques d&rsquo;AJ \u00e0 une touche de modernit\u00e9. Son empeigne bleu turquoise, inspir\u00e9e par la mer, d\u00e9gage une \u00e9nergie fra\u00eeche et dynamique. Gr\u00e2ce \u00e0 son amorti souple et sa semelle flexible, vous profiterez d&rsquo;un confort in\u00e9gal\u00e9 tout au [&hellip;]<\/p>\n","protected":false},"featured_media":759778,"comment_status":"open","ping_status":"closed","template":"","meta":[],"product_brand":[],"product_cat":[38880],"product_tag":[10750,38841,38842,10776,38875,10777,10756],"class_list":{"0":"post-759777","1":"product","2":"type-product","3":"status-publish","4":"has-post-thumbnail","6":"product_cat-jordan","7":"product_tag-athleisure-shoes","8":"product_tag-casual-shoes","9":"product_tag-gift-idea-for-him","10":"product_tag-jordan","11":"product_tag-jordan-skateboard-shoes","12":"product_tag-lifestyle-shoes-basketball-inspired","13":"product_tag-retro-casual-shoes","15":"first","16":"instock","17":"taxable","18":"shipping-taxable","19":"purchasable","20":"product-type-simple"},"wcpa_form_fields":null,"yoast_head":"<!-- This site is optimized with the Yoast SEO plugin v26.5 - https:\/\/yoast.com\/wordpress\/plugins\/seo\/ -->\n<title>Air Jordan Legacy 312 Low &#039;Sea Glass&#039; FV8115-101 - TOURCRUISER PTE. LTD<\/title>\n<meta name=\"robots\" content=\"index, follow, max-snippet:-1, max-image-preview:large, max-video-preview:-1\" \/>\n<link rel=\"canonical\" href=\"https:\/\/tourcruiser.com\/fr\/products\/air-jordan-legacy-312-low-sea-glass-fv8115-101\/\" \/>\n<meta property=\"og:locale\" content=\"fr_FR\" \/>\n<meta property=\"og:type\" content=\"article\" \/>\n<meta property=\"og:title\" content=\"Air Jordan Legacy 312 Low &#039;Sea Glass&#039; FV8115-101 - TOURCRUISER PTE. LTD\" \/>\n<meta property=\"og:description\" content=\"Affirmez votre style avec la Air Jordan Legacy 312 Low \u00ab\u00a0Sea Glass\u00a0\u00bb\u00a0! Cette sneaker captivante allie les \u00e9l\u00e9ments classiques d&rsquo;AJ \u00e0 une touche de modernit\u00e9. Son empeigne bleu turquoise, inspir\u00e9e par la mer, d\u00e9gage une \u00e9nergie fra\u00eeche et dynamique. Gr\u00e2ce \u00e0 son amorti souple et sa semelle flexible, vous profiterez d&rsquo;un confort in\u00e9gal\u00e9 tout au [&hellip;]\" \/>\n<meta property=\"og:url\" content=\"https:\/\/tourcruiser.com\/fr\/products\/air-jordan-legacy-312-low-sea-glass-fv8115-101\/\" \/>\n<meta property=\"og:site_name\" content=\"Tourcruiser Sneaker Store\" \/>\n<meta property=\"article:modified_time\" content=\"2026-04-17T15:50:17+00:00\" \/>\n<meta name=\"twitter:card\" content=\"summary_large_image\" \/>\n<meta name=\"twitter:image\" content=\"https:\/\/images.novelship.com\/product\/air_jordan_legacy_312_low__sea_glass__fv8115-101_0_87964.jpeg;https:\/\/images.novelship.com\/product\/air_jordan_legacy_312_low__sea_glass__fv8115-101_1_87965.jpeg;https:\/\/images.novelship.com\/product\/air_jordan_legacy_312_low__sea_glass__fv8115-101_2_87965.jpeg;https:\/\/images.novelship.com\/product\/air_jordan_legacy_312_low__sea_glass__fv8115-101_3_87965.jpeg;https:\/\/images.novelship.com\/product\/air_jordan_legacy_312_low__sea_glass__fv8115-101_4_87965.jpeg;https:\/\/images.novelship.com\/product\/air_jordan_legacy_312_low__sea_glass__fv8115-101_5_87965.jpeg\" \/>\n<meta name=\"twitter:label1\" content=\"Dur\u00e9e de lecture estim\u00e9e\" \/>\n\t<meta name=\"twitter:data1\" content=\"1 minute\" \/>\n<script type=\"application\/ld+json\" class=\"yoast-schema-graph\">{\"@context\":\"https:\/\/schema.org\",\"@graph\":[{\"@type\":\"WebPage\",\"@id\":\"https:\/\/tourcruiser.com\/fr\/products\/air-jordan-legacy-312-low-sea-glass-fv8115-101\/\",\"url\":\"https:\/\/tourcruiser.com\/fr\/products\/air-jordan-legacy-312-low-sea-glass-fv8115-101\/\",\"name\":\"Air Jordan Legacy 312 Low 'Sea Glass' FV8115-101 - TOURCRUISER PTE. LTD\",\"isPartOf\":{\"@id\":\"\/#website\"},\"primaryImageOfPage\":{\"@id\":\"https:\/\/tourcruiser.com\/fr\/products\/air-jordan-legacy-312-low-sea-glass-fv8115-101\/#primaryimage\"},\"image\":{\"@id\":\"https:\/\/tourcruiser.com\/fr\/products\/air-jordan-legacy-312-low-sea-glass-fv8115-101\/#primaryimage\"},\"thumbnailUrl\":\"https:\/\/images.novelship.com\/product\/air_jordan_legacy_312_low__sea_glass__fv8115-101_0_87964.jpeg;https:\/\/images.novelship.com\/product\/air_jordan_legacy_312_low__sea_glass__fv8115-101_1_87965.jpeg;https:\/\/images.novelship.com\/product\/air_jordan_legacy_312_low__sea_glass__fv8115-101_2_87965.jpeg;https:\/\/images.novelship.com\/product\/air_jordan_legacy_312_low__sea_glass__fv8115-101_3_87965.jpeg;https:\/\/images.novelship.com\/product\/air_jordan_legacy_312_low__sea_glass__fv8115-101_4_87965.jpeg;https:\/\/images.novelship.com\/product\/air_jordan_legacy_312_low__sea_glass__fv8115-101_5_87965.jpeg\",\"datePublished\":\"2026-04-16T10:08:27+00:00\",\"dateModified\":\"2026-04-17T15:50:17+00:00\",\"breadcrumb\":{\"@id\":\"https:\/\/tourcruiser.com\/fr\/products\/air-jordan-legacy-312-low-sea-glass-fv8115-101\/#breadcrumb\"},\"inLanguage\":\"fr-FR\",\"potentialAction\":[{\"@type\":\"ReadAction\",\"target\":[\"https:\/\/tourcruiser.com\/fr\/products\/air-jordan-legacy-312-low-sea-glass-fv8115-101\/\"]}]},{\"@type\":\"ImageObject\",\"inLanguage\":\"fr-FR\",\"@id\":\"https:\/\/tourcruiser.com\/fr\/products\/air-jordan-legacy-312-low-sea-glass-fv8115-101\/#primaryimage\",\"url\":\"https:\/\/images.novelship.com\/product\/air_jordan_legacy_312_low__sea_glass__fv8115-101_0_87964.jpeg;https:\/\/images.novelship.com\/product\/air_jordan_legacy_312_low__sea_glass__fv8115-101_1_87965.jpeg;https:\/\/images.novelship.com\/product\/air_jordan_legacy_312_low__sea_glass__fv8115-101_2_87965.jpeg;https:\/\/images.novelship.com\/product\/air_jordan_legacy_312_low__sea_glass__fv8115-101_3_87965.jpeg;https:\/\/images.novelship.com\/product\/air_jordan_legacy_312_low__sea_glass__fv8115-101_4_87965.jpeg;https:\/\/images.novelship.com\/product\/air_jordan_legacy_312_low__sea_glass__fv8115-101_5_87965.jpeg\",\"contentUrl\":\"https:\/\/images.novelship.com\/product\/air_jordan_legacy_312_low__sea_glass__fv8115-101_0_87964.jpeg;https:\/\/images.novelship.com\/product\/air_jordan_legacy_312_low__sea_glass__fv8115-101_1_87965.jpeg;https:\/\/images.novelship.com\/product\/air_jordan_legacy_312_low__sea_glass__fv8115-101_2_87965.jpeg;https:\/\/images.novelship.com\/product\/air_jordan_legacy_312_low__sea_glass__fv8115-101_3_87965.jpeg;https:\/\/images.novelship.com\/product\/air_jordan_legacy_312_low__sea_glass__fv8115-101_4_87965.jpeg;https:\/\/images.novelship.com\/product\/air_jordan_legacy_312_low__sea_glass__fv8115-101_5_87965.jpeg\"},{\"@type\":\"BreadcrumbList\",\"@id\":\"https:\/\/tourcruiser.com\/fr\/products\/air-jordan-legacy-312-low-sea-glass-fv8115-101\/#breadcrumb\",\"itemListElement\":[{\"@type\":\"ListItem\",\"position\":1,\"name\":\"Home\",\"item\":\"https:\/\/tourcruiser.com\/fr\/\"},{\"@type\":\"ListItem\",\"position\":2,\"name\":\"Shop\",\"item\":\"https:\/\/tourcruiser.com\/fr\/shop\/\"},{\"@type\":\"ListItem\",\"position\":3,\"name\":\"Air Jordan Legacy 312 Low &#8216;Sea Glass&#8217; FV8115-101\"}]},{\"@type\":\"WebSite\",\"@id\":\"\/#website\",\"url\":\"\/\",\"name\":\"Styloral Jewelry Shop\",\"description\":\"Tourcruiser Sneaker Store \u2014 L\u2019endroit o\u00f9 l\u2019univers rencontre votre singularit\u00e9.\",\"publisher\":{\"@id\":\"\/#organization\"},\"potentialAction\":[{\"@type\":\"SearchAction\",\"target\":{\"@type\":\"EntryPoint\",\"urlTemplate\":\"\/?s={search_term_string}\"},\"query-input\":{\"@type\":\"PropertyValueSpecification\",\"valueRequired\":true,\"valueName\":\"search_term_string\"}}],\"inLanguage\":\"fr-FR\"},{\"@type\":\"Organization\",\"@id\":\"\/#organization\",\"name\":\"STYLORAL PTE. LTD\",\"url\":\"\/\",\"logo\":{\"@type\":\"ImageObject\",\"inLanguage\":\"fr-FR\",\"@id\":\"\/#\/schema\/logo\/image\/\",\"url\":\"https:\/\/www.tourcruiser.com\/wp-content\/uploads\/2025\/12\/logo.png\",\"contentUrl\":\"https:\/\/www.tourcruiser.com\/wp-content\/uploads\/2025\/12\/logo.png\",\"width\":200,\"height\":65,\"caption\":\"STYLORAL PTE. LTD\"},\"image\":{\"@id\":\"\/#\/schema\/logo\/image\/\"}}]}<\/script>\n<!-- \/ Yoast SEO plugin. -->","yoast_head_json":{"title":"Air Jordan Legacy 312 Low 'Sea Glass' FV8115-101 - TOURCRUISER PTE. LTD","robots":{"index":"index","follow":"follow","max-snippet":"max-snippet:-1","max-image-preview":"max-image-preview:large","max-video-preview":"max-video-preview:-1"},"canonical":"https:\/\/tourcruiser.com\/fr\/products\/air-jordan-legacy-312-low-sea-glass-fv8115-101\/","og_locale":"fr_FR","og_type":"article","og_title":"Air Jordan Legacy 312 Low 'Sea Glass' FV8115-101 - TOURCRUISER PTE. LTD","og_description":"Affirmez votre style avec la Air Jordan Legacy 312 Low \u00ab\u00a0Sea Glass\u00a0\u00bb\u00a0! Cette sneaker captivante allie les \u00e9l\u00e9ments classiques d&rsquo;AJ \u00e0 une touche de modernit\u00e9. Son empeigne bleu turquoise, inspir\u00e9e par la mer, d\u00e9gage une \u00e9nergie fra\u00eeche et dynamique. Gr\u00e2ce \u00e0 son amorti souple et sa semelle flexible, vous profiterez d&rsquo;un confort in\u00e9gal\u00e9 tout au [&hellip;]","og_url":"https:\/\/tourcruiser.com\/fr\/products\/air-jordan-legacy-312-low-sea-glass-fv8115-101\/","og_site_name":"Tourcruiser Sneaker Store","article_modified_time":"2026-04-17T15:50:17+00:00","twitter_card":"summary_large_image","twitter_image":"https:\/\/images.novelship.com\/product\/air_jordan_legacy_312_low__sea_glass__fv8115-101_0_87964.jpeg;https:\/\/images.novelship.com\/product\/air_jordan_legacy_312_low__sea_glass__fv8115-101_1_87965.jpeg;https:\/\/images.novelship.com\/product\/air_jordan_legacy_312_low__sea_glass__fv8115-101_2_87965.jpeg;https:\/\/images.novelship.com\/product\/air_jordan_legacy_312_low__sea_glass__fv8115-101_3_87965.jpeg;https:\/\/images.novelship.com\/product\/air_jordan_legacy_312_low__sea_glass__fv8115-101_4_87965.jpeg;https:\/\/images.novelship.com\/product\/air_jordan_legacy_312_low__sea_glass__fv8115-101_5_87965.jpeg","twitter_misc":{"Dur\u00e9e de lecture estim\u00e9e":"1 minute"},"schema":{"@context":"https:\/\/schema.org","@graph":[{"@type":"WebPage","@id":"https:\/\/tourcruiser.com\/fr\/products\/air-jordan-legacy-312-low-sea-glass-fv8115-101\/","url":"https:\/\/tourcruiser.com\/fr\/products\/air-jordan-legacy-312-low-sea-glass-fv8115-101\/","name":"Air Jordan Legacy 312 Low 'Sea Glass' FV8115-101 - TOURCRUISER PTE. LTD","isPartOf":{"@id":"\/#website"},"primaryImageOfPage":{"@id":"https:\/\/tourcruiser.com\/fr\/products\/air-jordan-legacy-312-low-sea-glass-fv8115-101\/#primaryimage"},"image":{"@id":"https:\/\/tourcruiser.com\/fr\/products\/air-jordan-legacy-312-low-sea-glass-fv8115-101\/#primaryimage"},"thumbnailUrl":"https:\/\/images.novelship.com\/product\/air_jordan_legacy_312_low__sea_glass__fv8115-101_0_87964.jpeg;https:\/\/images.novelship.com\/product\/air_jordan_legacy_312_low__sea_glass__fv8115-101_1_87965.jpeg;https:\/\/images.novelship.com\/product\/air_jordan_legacy_312_low__sea_glass__fv8115-101_2_87965.jpeg;https:\/\/images.novelship.com\/product\/air_jordan_legacy_312_low__sea_glass__fv8115-101_3_87965.jpeg;https:\/\/images.novelship.com\/product\/air_jordan_legacy_312_low__sea_glass__fv8115-101_4_87965.jpeg;https:\/\/images.novelship.com\/product\/air_jordan_legacy_312_low__sea_glass__fv8115-101_5_87965.jpeg","datePublished":"2026-04-16T10:08:27+00:00","dateModified":"2026-04-17T15:50:17+00:00","breadcrumb":{"@id":"https:\/\/tourcruiser.com\/fr\/products\/air-jordan-legacy-312-low-sea-glass-fv8115-101\/#breadcrumb"},"inLanguage":"fr-FR","potentialAction":[{"@type":"ReadAction","target":["https:\/\/tourcruiser.com\/fr\/products\/air-jordan-legacy-312-low-sea-glass-fv8115-101\/"]}]},{"@type":"ImageObject","inLanguage":"fr-FR","@id":"https:\/\/tourcruiser.com\/fr\/products\/air-jordan-legacy-312-low-sea-glass-fv8115-101\/#primaryimage","url":"https:\/\/images.novelship.com\/product\/air_jordan_legacy_312_low__sea_glass__fv8115-101_0_87964.jpeg;https:\/\/images.novelship.com\/product\/air_jordan_legacy_312_low__sea_glass__fv8115-101_1_87965.jpeg;https:\/\/images.novelship.com\/product\/air_jordan_legacy_312_low__sea_glass__fv8115-101_2_87965.jpeg;https:\/\/images.novelship.com\/product\/air_jordan_legacy_312_low__sea_glass__fv8115-101_3_87965.jpeg;https:\/\/images.novelship.com\/product\/air_jordan_legacy_312_low__sea_glass__fv8115-101_4_87965.jpeg;https:\/\/images.novelship.com\/product\/air_jordan_legacy_312_low__sea_glass__fv8115-101_5_87965.jpeg","contentUrl":"https:\/\/images.novelship.com\/product\/air_jordan_legacy_312_low__sea_glass__fv8115-101_0_87964.jpeg;https:\/\/images.novelship.com\/product\/air_jordan_legacy_312_low__sea_glass__fv8115-101_1_87965.jpeg;https:\/\/images.novelship.com\/product\/air_jordan_legacy_312_low__sea_glass__fv8115-101_2_87965.jpeg;https:\/\/images.novelship.com\/product\/air_jordan_legacy_312_low__sea_glass__fv8115-101_3_87965.jpeg;https:\/\/images.novelship.com\/product\/air_jordan_legacy_312_low__sea_glass__fv8115-101_4_87965.jpeg;https:\/\/images.novelship.com\/product\/air_jordan_legacy_312_low__sea_glass__fv8115-101_5_87965.jpeg"},{"@type":"BreadcrumbList","@id":"https:\/\/tourcruiser.com\/fr\/products\/air-jordan-legacy-312-low-sea-glass-fv8115-101\/#breadcrumb","itemListElement":[{"@type":"ListItem","position":1,"name":"Home","item":"https:\/\/tourcruiser.com\/fr\/"},{"@type":"ListItem","position":2,"name":"Shop","item":"https:\/\/tourcruiser.com\/fr\/shop\/"},{"@type":"ListItem","position":3,"name":"Air Jordan Legacy 312 Low &#8216;Sea Glass&#8217; FV8115-101"}]},{"@type":"WebSite","@id":"\/#website","url":"\/","name":"Styloral Jewelry Shop","description":"Tourcruiser Sneaker Store \u2014 L\u2019endroit o\u00f9 l\u2019univers rencontre votre singularit\u00e9.","publisher":{"@id":"\/#organization"},"potentialAction":[{"@type":"SearchAction","target":{"@type":"EntryPoint","urlTemplate":"\/?s={search_term_string}"},"query-input":{"@type":"PropertyValueSpecification","valueRequired":true,"valueName":"search_term_string"}}],"inLanguage":"fr-FR"},{"@type":"Organization","@id":"\/#organization","name":"STYLORAL PTE. LTD","url":"\/","logo":{"@type":"ImageObject","inLanguage":"fr-FR","@id":"\/#\/schema\/logo\/image\/","url":"https:\/\/www.tourcruiser.com\/wp-content\/uploads\/2025\/12\/logo.png","contentUrl":"https:\/\/www.tourcruiser.com\/wp-content\/uploads\/2025\/12\/logo.png","width":200,"height":65,"caption":"STYLORAL PTE. LTD"},"image":{"@id":"\/#\/schema\/logo\/image\/"}}]}},"_links":{"self":[{"href":"https:\/\/tourcruiser.com\/fr\/wp-json\/wp\/v2\/product\/759777","targetHints":{"allow":["GET"]}}],"collection":[{"href":"https:\/\/tourcruiser.com\/fr\/wp-json\/wp\/v2\/product"}],"about":[{"href":"https:\/\/tourcruiser.com\/fr\/wp-json\/wp\/v2\/types\/product"}],"replies":[{"embeddable":true,"href":"https:\/\/tourcruiser.com\/fr\/wp-json\/wp\/v2\/comments?post=759777"}],"wp:featuredmedia":[{"embeddable":true,"href":"https:\/\/tourcruiser.com\/fr\/wp-json\/wp\/v2\/media\/759778"}],"wp:attachment":[{"href":"https:\/\/tourcruiser.com\/fr\/wp-json\/wp\/v2\/media?parent=759777"}],"wp:term":[{"taxonomy":"product_brand","embeddable":true,"href":"https:\/\/tourcruiser.com\/fr\/wp-json\/wp\/v2\/product_brand?post=759777"},{"taxonomy":"product_cat","embeddable":true,"href":"https:\/\/tourcruiser.com\/fr\/wp-json\/wp\/v2\/product_cat?post=759777"},{"taxonomy":"product_tag","embeddable":true,"href":"https:\/\/tourcruiser.com\/fr\/wp-json\/wp\/v2\/product_tag?post=759777"}],"curies":[{"name":"wp","href":"https:\/\/api.w.org\/{rel}","templated":true}]}}