{"id":759759,"date":"2026-04-16T17:08:26","date_gmt":"2026-04-16T10:08:26","guid":{"rendered":"http:\/\/tourcruiser.com\/product\/grade-school-air-jordan-3-retro-2011-white-cement-398614-105"},"modified":"2026-04-17T22:50:16","modified_gmt":"2026-04-17T15:50:16","slug":"grade-school-air-jordan-3-retro-2011-white-cement-398614-105","status":"publish","type":"product","link":"https:\/\/tourcruiser.com\/fr\/products\/grade-school-air-jordan-3-retro-2011-white-cement-398614-105\/","title":{"rendered":"(Grade School) Air Jordan 3 Retro 2011 &lsquo;White Cement&rsquo; 398614-105"},"content":{"rendered":"<p>D\u00e9couvrez la l\u00e9gendaire Jordan 3 \u00ab White Cement \u00bb pour les enfants du primaire, r\u00e9\u00e9dit\u00e9e en 2011. Cette sneaker arbore une empeigne classique en cuir blanc grain\u00e9, orn\u00e9e des embl\u00e9matiques empi\u00e8cements \u00e0 motif \u00e9l\u00e9phant parsem\u00e9s de ciment. L&rsquo;unit\u00e9 Air visible au talon et l&rsquo;amorti confortable offrent un excellent maintien et une absorption optimale des chocs. Offrez \u00e0 votre jeune passionn\u00e9 de sneakers un style et des performances exceptionnels avec la l\u00e9gendaire Air Jordan 3 Retro 2011 \u00ab White Cement \u00bb.<\/p>\n<p>Coloris : Blanc\/Rouge Feu-Gris Ciment-Noir<\/p>\n<p>Code article : 398614-105<br \/>\nSemelle interm\u00e9diaire : Air<\/p>\n<p>Couleur : Blanc<\/p>\n<p>Designer : Tinker Hatfield<\/p>\n<p>Saison : Toute l&rsquo;ann\u00e9e<\/p>\n<p>Couleur : Blanc<\/p>\n<p>\u00c2ge : Adulte<\/p>\n<p>Couleur : Blanc<\/p>\n<p>Genre : Enfant<\/p>\n","protected":false},"excerpt":{"rendered":"<p>D\u00e9couvrez la l\u00e9gendaire Jordan 3 \u00ab White Cement \u00bb pour les enfants du primaire, r\u00e9\u00e9dit\u00e9e en 2011. Cette sneaker arbore une empeigne classique en cuir blanc grain\u00e9, orn\u00e9e des embl\u00e9matiques empi\u00e8cements \u00e0 motif \u00e9l\u00e9phant parsem\u00e9s de ciment. L&rsquo;unit\u00e9 Air visible au talon et l&rsquo;amorti confortable offrent un excellent maintien et une absorption optimale des chocs. [&hellip;]<\/p>\n","protected":false},"featured_media":759760,"comment_status":"open","ping_status":"closed","template":"","meta":[],"product_brand":[],"product_cat":[38880],"product_tag":[10750,38988,10776,11349,38875,10756,39039],"class_list":{"0":"post-759759","1":"product","2":"type-product","3":"status-publish","4":"has-post-thumbnail","6":"product_cat-jordan","7":"product_tag-athleisure-shoes","8":"product_tag-casual-shoes-for-kids","9":"product_tag-jordan","10":"product_tag-jordan-basketball-shoes","11":"product_tag-jordan-skateboard-shoes","12":"product_tag-retro-casual-shoes","13":"product_tag-sneakers-for-kids","15":"first","16":"instock","17":"taxable","18":"shipping-taxable","19":"purchasable","20":"product-type-simple"},"wcpa_form_fields":null,"yoast_head":"<!-- This site is optimized with the Yoast SEO plugin v26.5 - https:\/\/yoast.com\/wordpress\/plugins\/seo\/ -->\n<title>(Grade School) Air Jordan 3 Retro 2011 &#039;White Cement&#039; 398614-105 - TOURCRUISER PTE. LTD<\/title>\n<meta name=\"robots\" content=\"index, follow, max-snippet:-1, max-image-preview:large, max-video-preview:-1\" \/>\n<link rel=\"canonical\" href=\"https:\/\/tourcruiser.com\/fr\/products\/grade-school-air-jordan-3-retro-2011-white-cement-398614-105\/\" \/>\n<meta property=\"og:locale\" content=\"fr_FR\" \/>\n<meta property=\"og:type\" content=\"article\" \/>\n<meta property=\"og:title\" content=\"(Grade School) Air Jordan 3 Retro 2011 &#039;White Cement&#039; 398614-105 - TOURCRUISER PTE. LTD\" \/>\n<meta property=\"og:description\" content=\"D\u00e9couvrez la l\u00e9gendaire Jordan 3 \u00ab White Cement \u00bb pour les enfants du primaire, r\u00e9\u00e9dit\u00e9e en 2011. Cette sneaker arbore une empeigne classique en cuir blanc grain\u00e9, orn\u00e9e des embl\u00e9matiques empi\u00e8cements \u00e0 motif \u00e9l\u00e9phant parsem\u00e9s de ciment. L&rsquo;unit\u00e9 Air visible au talon et l&rsquo;amorti confortable offrent un excellent maintien et une absorption optimale des chocs. [&hellip;]\" \/>\n<meta property=\"og:url\" content=\"https:\/\/tourcruiser.com\/fr\/products\/grade-school-air-jordan-3-retro-2011-white-cement-398614-105\/\" \/>\n<meta property=\"og:site_name\" content=\"Tourcruiser Sneaker Store\" \/>\n<meta property=\"article:modified_time\" content=\"2026-04-17T15:50:16+00:00\" \/>\n<meta name=\"twitter:card\" content=\"summary_large_image\" \/>\n<meta name=\"twitter:image\" content=\"https:\/\/images.novelship.com\/product\/_grade_school__air_jordan_3_retro_2011__white_ceme_0_41164.jpeg;https:\/\/images.novelship.com\/product\/_grade_school__air_jordan_3_retro_2011__white_ceme_1_41164.jpeg;https:\/\/images.novelship.com\/product\/_grade_school__air_jordan_3_retro_2011__white_ceme_2_41164.jpeg;https:\/\/images.novelship.com\/product\/_grade_school__air_jordan_3_retro_2011__white_ceme_3_41164.jpeg;https:\/\/images.novelship.com\/product\/_grade_school__air_jordan_3_retro_2011__white_ceme_4_41164.jpeg;https:\/\/images.novelship.com\/product\/_grade_school__air_jordan_3_retro_2011__white_ceme_5_41164.jpeg;https:\/\/images.novelship.com\/product\/_grade_school__air_jordan_3_retro_2011__white_ceme_6_41164.jpeg;https:\/\/images.novelship.com\/product\/_grade_school__air_jordan_3_retro_2011__white_ceme_7_41164.jpeg\" \/>\n<meta name=\"twitter:label1\" content=\"Dur\u00e9e de lecture estim\u00e9e\" \/>\n\t<meta name=\"twitter:data1\" content=\"1 minute\" \/>\n<script type=\"application\/ld+json\" class=\"yoast-schema-graph\">{\"@context\":\"https:\/\/schema.org\",\"@graph\":[{\"@type\":\"WebPage\",\"@id\":\"https:\/\/tourcruiser.com\/fr\/products\/grade-school-air-jordan-3-retro-2011-white-cement-398614-105\/\",\"url\":\"https:\/\/tourcruiser.com\/fr\/products\/grade-school-air-jordan-3-retro-2011-white-cement-398614-105\/\",\"name\":\"(Grade School) Air Jordan 3 Retro 2011 'White Cement' 398614-105 - TOURCRUISER PTE. LTD\",\"isPartOf\":{\"@id\":\"\/#website\"},\"primaryImageOfPage\":{\"@id\":\"https:\/\/tourcruiser.com\/fr\/products\/grade-school-air-jordan-3-retro-2011-white-cement-398614-105\/#primaryimage\"},\"image\":{\"@id\":\"https:\/\/tourcruiser.com\/fr\/products\/grade-school-air-jordan-3-retro-2011-white-cement-398614-105\/#primaryimage\"},\"thumbnailUrl\":\"https:\/\/images.novelship.com\/product\/_grade_school__air_jordan_3_retro_2011__white_ceme_0_41164.jpeg;https:\/\/images.novelship.com\/product\/_grade_school__air_jordan_3_retro_2011__white_ceme_1_41164.jpeg;https:\/\/images.novelship.com\/product\/_grade_school__air_jordan_3_retro_2011__white_ceme_2_41164.jpeg;https:\/\/images.novelship.com\/product\/_grade_school__air_jordan_3_retro_2011__white_ceme_3_41164.jpeg;https:\/\/images.novelship.com\/product\/_grade_school__air_jordan_3_retro_2011__white_ceme_4_41164.jpeg;https:\/\/images.novelship.com\/product\/_grade_school__air_jordan_3_retro_2011__white_ceme_5_41164.jpeg;https:\/\/images.novelship.com\/product\/_grade_school__air_jordan_3_retro_2011__white_ceme_6_41164.jpeg;https:\/\/images.novelship.com\/product\/_grade_school__air_jordan_3_retro_2011__white_ceme_7_41164.jpeg\",\"datePublished\":\"2026-04-16T10:08:26+00:00\",\"dateModified\":\"2026-04-17T15:50:16+00:00\",\"breadcrumb\":{\"@id\":\"https:\/\/tourcruiser.com\/fr\/products\/grade-school-air-jordan-3-retro-2011-white-cement-398614-105\/#breadcrumb\"},\"inLanguage\":\"fr-FR\",\"potentialAction\":[{\"@type\":\"ReadAction\",\"target\":[\"https:\/\/tourcruiser.com\/fr\/products\/grade-school-air-jordan-3-retro-2011-white-cement-398614-105\/\"]}]},{\"@type\":\"ImageObject\",\"inLanguage\":\"fr-FR\",\"@id\":\"https:\/\/tourcruiser.com\/fr\/products\/grade-school-air-jordan-3-retro-2011-white-cement-398614-105\/#primaryimage\",\"url\":\"https:\/\/images.novelship.com\/product\/_grade_school__air_jordan_3_retro_2011__white_ceme_0_41164.jpeg;https:\/\/images.novelship.com\/product\/_grade_school__air_jordan_3_retro_2011__white_ceme_1_41164.jpeg;https:\/\/images.novelship.com\/product\/_grade_school__air_jordan_3_retro_2011__white_ceme_2_41164.jpeg;https:\/\/images.novelship.com\/product\/_grade_school__air_jordan_3_retro_2011__white_ceme_3_41164.jpeg;https:\/\/images.novelship.com\/product\/_grade_school__air_jordan_3_retro_2011__white_ceme_4_41164.jpeg;https:\/\/images.novelship.com\/product\/_grade_school__air_jordan_3_retro_2011__white_ceme_5_41164.jpeg;https:\/\/images.novelship.com\/product\/_grade_school__air_jordan_3_retro_2011__white_ceme_6_41164.jpeg;https:\/\/images.novelship.com\/product\/_grade_school__air_jordan_3_retro_2011__white_ceme_7_41164.jpeg\",\"contentUrl\":\"https:\/\/images.novelship.com\/product\/_grade_school__air_jordan_3_retro_2011__white_ceme_0_41164.jpeg;https:\/\/images.novelship.com\/product\/_grade_school__air_jordan_3_retro_2011__white_ceme_1_41164.jpeg;https:\/\/images.novelship.com\/product\/_grade_school__air_jordan_3_retro_2011__white_ceme_2_41164.jpeg;https:\/\/images.novelship.com\/product\/_grade_school__air_jordan_3_retro_2011__white_ceme_3_41164.jpeg;https:\/\/images.novelship.com\/product\/_grade_school__air_jordan_3_retro_2011__white_ceme_4_41164.jpeg;https:\/\/images.novelship.com\/product\/_grade_school__air_jordan_3_retro_2011__white_ceme_5_41164.jpeg;https:\/\/images.novelship.com\/product\/_grade_school__air_jordan_3_retro_2011__white_ceme_6_41164.jpeg;https:\/\/images.novelship.com\/product\/_grade_school__air_jordan_3_retro_2011__white_ceme_7_41164.jpeg\"},{\"@type\":\"BreadcrumbList\",\"@id\":\"https:\/\/tourcruiser.com\/fr\/products\/grade-school-air-jordan-3-retro-2011-white-cement-398614-105\/#breadcrumb\",\"itemListElement\":[{\"@type\":\"ListItem\",\"position\":1,\"name\":\"Home\",\"item\":\"https:\/\/tourcruiser.com\/fr\/\"},{\"@type\":\"ListItem\",\"position\":2,\"name\":\"Shop\",\"item\":\"https:\/\/tourcruiser.com\/fr\/shop\/\"},{\"@type\":\"ListItem\",\"position\":3,\"name\":\"(Grade School) Air Jordan 3 Retro 2011 &#8216;White Cement&#8217; 398614-105\"}]},{\"@type\":\"WebSite\",\"@id\":\"\/#website\",\"url\":\"\/\",\"name\":\"Styloral Jewelry Shop\",\"description\":\"Tourcruiser Sneaker Store \u2014 L\u2019endroit o\u00f9 l\u2019univers rencontre votre singularit\u00e9.\",\"publisher\":{\"@id\":\"\/#organization\"},\"potentialAction\":[{\"@type\":\"SearchAction\",\"target\":{\"@type\":\"EntryPoint\",\"urlTemplate\":\"\/?s={search_term_string}\"},\"query-input\":{\"@type\":\"PropertyValueSpecification\",\"valueRequired\":true,\"valueName\":\"search_term_string\"}}],\"inLanguage\":\"fr-FR\"},{\"@type\":\"Organization\",\"@id\":\"\/#organization\",\"name\":\"STYLORAL PTE. LTD\",\"url\":\"\/\",\"logo\":{\"@type\":\"ImageObject\",\"inLanguage\":\"fr-FR\",\"@id\":\"\/#\/schema\/logo\/image\/\",\"url\":\"https:\/\/www.tourcruiser.com\/wp-content\/uploads\/2025\/12\/logo.png\",\"contentUrl\":\"https:\/\/www.tourcruiser.com\/wp-content\/uploads\/2025\/12\/logo.png\",\"width\":200,\"height\":65,\"caption\":\"STYLORAL PTE. LTD\"},\"image\":{\"@id\":\"\/#\/schema\/logo\/image\/\"}}]}<\/script>\n<!-- \/ Yoast SEO plugin. -->","yoast_head_json":{"title":"(Grade School) Air Jordan 3 Retro 2011 'White Cement' 398614-105 - TOURCRUISER PTE. LTD","robots":{"index":"index","follow":"follow","max-snippet":"max-snippet:-1","max-image-preview":"max-image-preview:large","max-video-preview":"max-video-preview:-1"},"canonical":"https:\/\/tourcruiser.com\/fr\/products\/grade-school-air-jordan-3-retro-2011-white-cement-398614-105\/","og_locale":"fr_FR","og_type":"article","og_title":"(Grade School) Air Jordan 3 Retro 2011 'White Cement' 398614-105 - TOURCRUISER PTE. LTD","og_description":"D\u00e9couvrez la l\u00e9gendaire Jordan 3 \u00ab White Cement \u00bb pour les enfants du primaire, r\u00e9\u00e9dit\u00e9e en 2011. Cette sneaker arbore une empeigne classique en cuir blanc grain\u00e9, orn\u00e9e des embl\u00e9matiques empi\u00e8cements \u00e0 motif \u00e9l\u00e9phant parsem\u00e9s de ciment. L&rsquo;unit\u00e9 Air visible au talon et l&rsquo;amorti confortable offrent un excellent maintien et une absorption optimale des chocs. [&hellip;]","og_url":"https:\/\/tourcruiser.com\/fr\/products\/grade-school-air-jordan-3-retro-2011-white-cement-398614-105\/","og_site_name":"Tourcruiser Sneaker Store","article_modified_time":"2026-04-17T15:50:16+00:00","twitter_card":"summary_large_image","twitter_image":"https:\/\/images.novelship.com\/product\/_grade_school__air_jordan_3_retro_2011__white_ceme_0_41164.jpeg;https:\/\/images.novelship.com\/product\/_grade_school__air_jordan_3_retro_2011__white_ceme_1_41164.jpeg;https:\/\/images.novelship.com\/product\/_grade_school__air_jordan_3_retro_2011__white_ceme_2_41164.jpeg;https:\/\/images.novelship.com\/product\/_grade_school__air_jordan_3_retro_2011__white_ceme_3_41164.jpeg;https:\/\/images.novelship.com\/product\/_grade_school__air_jordan_3_retro_2011__white_ceme_4_41164.jpeg;https:\/\/images.novelship.com\/product\/_grade_school__air_jordan_3_retro_2011__white_ceme_5_41164.jpeg;https:\/\/images.novelship.com\/product\/_grade_school__air_jordan_3_retro_2011__white_ceme_6_41164.jpeg;https:\/\/images.novelship.com\/product\/_grade_school__air_jordan_3_retro_2011__white_ceme_7_41164.jpeg","twitter_misc":{"Dur\u00e9e de lecture estim\u00e9e":"1 minute"},"schema":{"@context":"https:\/\/schema.org","@graph":[{"@type":"WebPage","@id":"https:\/\/tourcruiser.com\/fr\/products\/grade-school-air-jordan-3-retro-2011-white-cement-398614-105\/","url":"https:\/\/tourcruiser.com\/fr\/products\/grade-school-air-jordan-3-retro-2011-white-cement-398614-105\/","name":"(Grade School) Air Jordan 3 Retro 2011 'White Cement' 398614-105 - TOURCRUISER PTE. LTD","isPartOf":{"@id":"\/#website"},"primaryImageOfPage":{"@id":"https:\/\/tourcruiser.com\/fr\/products\/grade-school-air-jordan-3-retro-2011-white-cement-398614-105\/#primaryimage"},"image":{"@id":"https:\/\/tourcruiser.com\/fr\/products\/grade-school-air-jordan-3-retro-2011-white-cement-398614-105\/#primaryimage"},"thumbnailUrl":"https:\/\/images.novelship.com\/product\/_grade_school__air_jordan_3_retro_2011__white_ceme_0_41164.jpeg;https:\/\/images.novelship.com\/product\/_grade_school__air_jordan_3_retro_2011__white_ceme_1_41164.jpeg;https:\/\/images.novelship.com\/product\/_grade_school__air_jordan_3_retro_2011__white_ceme_2_41164.jpeg;https:\/\/images.novelship.com\/product\/_grade_school__air_jordan_3_retro_2011__white_ceme_3_41164.jpeg;https:\/\/images.novelship.com\/product\/_grade_school__air_jordan_3_retro_2011__white_ceme_4_41164.jpeg;https:\/\/images.novelship.com\/product\/_grade_school__air_jordan_3_retro_2011__white_ceme_5_41164.jpeg;https:\/\/images.novelship.com\/product\/_grade_school__air_jordan_3_retro_2011__white_ceme_6_41164.jpeg;https:\/\/images.novelship.com\/product\/_grade_school__air_jordan_3_retro_2011__white_ceme_7_41164.jpeg","datePublished":"2026-04-16T10:08:26+00:00","dateModified":"2026-04-17T15:50:16+00:00","breadcrumb":{"@id":"https:\/\/tourcruiser.com\/fr\/products\/grade-school-air-jordan-3-retro-2011-white-cement-398614-105\/#breadcrumb"},"inLanguage":"fr-FR","potentialAction":[{"@type":"ReadAction","target":["https:\/\/tourcruiser.com\/fr\/products\/grade-school-air-jordan-3-retro-2011-white-cement-398614-105\/"]}]},{"@type":"ImageObject","inLanguage":"fr-FR","@id":"https:\/\/tourcruiser.com\/fr\/products\/grade-school-air-jordan-3-retro-2011-white-cement-398614-105\/#primaryimage","url":"https:\/\/images.novelship.com\/product\/_grade_school__air_jordan_3_retro_2011__white_ceme_0_41164.jpeg;https:\/\/images.novelship.com\/product\/_grade_school__air_jordan_3_retro_2011__white_ceme_1_41164.jpeg;https:\/\/images.novelship.com\/product\/_grade_school__air_jordan_3_retro_2011__white_ceme_2_41164.jpeg;https:\/\/images.novelship.com\/product\/_grade_school__air_jordan_3_retro_2011__white_ceme_3_41164.jpeg;https:\/\/images.novelship.com\/product\/_grade_school__air_jordan_3_retro_2011__white_ceme_4_41164.jpeg;https:\/\/images.novelship.com\/product\/_grade_school__air_jordan_3_retro_2011__white_ceme_5_41164.jpeg;https:\/\/images.novelship.com\/product\/_grade_school__air_jordan_3_retro_2011__white_ceme_6_41164.jpeg;https:\/\/images.novelship.com\/product\/_grade_school__air_jordan_3_retro_2011__white_ceme_7_41164.jpeg","contentUrl":"https:\/\/images.novelship.com\/product\/_grade_school__air_jordan_3_retro_2011__white_ceme_0_41164.jpeg;https:\/\/images.novelship.com\/product\/_grade_school__air_jordan_3_retro_2011__white_ceme_1_41164.jpeg;https:\/\/images.novelship.com\/product\/_grade_school__air_jordan_3_retro_2011__white_ceme_2_41164.jpeg;https:\/\/images.novelship.com\/product\/_grade_school__air_jordan_3_retro_2011__white_ceme_3_41164.jpeg;https:\/\/images.novelship.com\/product\/_grade_school__air_jordan_3_retro_2011__white_ceme_4_41164.jpeg;https:\/\/images.novelship.com\/product\/_grade_school__air_jordan_3_retro_2011__white_ceme_5_41164.jpeg;https:\/\/images.novelship.com\/product\/_grade_school__air_jordan_3_retro_2011__white_ceme_6_41164.jpeg;https:\/\/images.novelship.com\/product\/_grade_school__air_jordan_3_retro_2011__white_ceme_7_41164.jpeg"},{"@type":"BreadcrumbList","@id":"https:\/\/tourcruiser.com\/fr\/products\/grade-school-air-jordan-3-retro-2011-white-cement-398614-105\/#breadcrumb","itemListElement":[{"@type":"ListItem","position":1,"name":"Home","item":"https:\/\/tourcruiser.com\/fr\/"},{"@type":"ListItem","position":2,"name":"Shop","item":"https:\/\/tourcruiser.com\/fr\/shop\/"},{"@type":"ListItem","position":3,"name":"(Grade School) Air Jordan 3 Retro 2011 &#8216;White Cement&#8217; 398614-105"}]},{"@type":"WebSite","@id":"\/#website","url":"\/","name":"Styloral Jewelry Shop","description":"Tourcruiser Sneaker Store \u2014 L\u2019endroit o\u00f9 l\u2019univers rencontre votre singularit\u00e9.","publisher":{"@id":"\/#organization"},"potentialAction":[{"@type":"SearchAction","target":{"@type":"EntryPoint","urlTemplate":"\/?s={search_term_string}"},"query-input":{"@type":"PropertyValueSpecification","valueRequired":true,"valueName":"search_term_string"}}],"inLanguage":"fr-FR"},{"@type":"Organization","@id":"\/#organization","name":"STYLORAL PTE. LTD","url":"\/","logo":{"@type":"ImageObject","inLanguage":"fr-FR","@id":"\/#\/schema\/logo\/image\/","url":"https:\/\/www.tourcruiser.com\/wp-content\/uploads\/2025\/12\/logo.png","contentUrl":"https:\/\/www.tourcruiser.com\/wp-content\/uploads\/2025\/12\/logo.png","width":200,"height":65,"caption":"STYLORAL PTE. LTD"},"image":{"@id":"\/#\/schema\/logo\/image\/"}}]}},"_links":{"self":[{"href":"https:\/\/tourcruiser.com\/fr\/wp-json\/wp\/v2\/product\/759759","targetHints":{"allow":["GET"]}}],"collection":[{"href":"https:\/\/tourcruiser.com\/fr\/wp-json\/wp\/v2\/product"}],"about":[{"href":"https:\/\/tourcruiser.com\/fr\/wp-json\/wp\/v2\/types\/product"}],"replies":[{"embeddable":true,"href":"https:\/\/tourcruiser.com\/fr\/wp-json\/wp\/v2\/comments?post=759759"}],"wp:featuredmedia":[{"embeddable":true,"href":"https:\/\/tourcruiser.com\/fr\/wp-json\/wp\/v2\/media\/759760"}],"wp:attachment":[{"href":"https:\/\/tourcruiser.com\/fr\/wp-json\/wp\/v2\/media?parent=759759"}],"wp:term":[{"taxonomy":"product_brand","embeddable":true,"href":"https:\/\/tourcruiser.com\/fr\/wp-json\/wp\/v2\/product_brand?post=759759"},{"taxonomy":"product_cat","embeddable":true,"href":"https:\/\/tourcruiser.com\/fr\/wp-json\/wp\/v2\/product_cat?post=759759"},{"taxonomy":"product_tag","embeddable":true,"href":"https:\/\/tourcruiser.com\/fr\/wp-json\/wp\/v2\/product_tag?post=759759"}],"curies":[{"name":"wp","href":"https:\/\/api.w.org\/{rel}","templated":true}]}}