{"id":759750,"date":"2026-04-16T17:08:26","date_gmt":"2026-04-16T10:08:26","guid":{"rendered":"http:\/\/tourcruiser.com\/product\/air-jordan-9-retro-bred-302370-014"},"modified":"2026-04-17T22:50:15","modified_gmt":"2026-04-17T15:50:15","slug":"air-jordan-9-retro-bred-302370-014","status":"publish","type":"product","link":"https:\/\/tourcruiser.com\/fr\/products\/air-jordan-9-retro-bred-302370-014\/","title":{"rendered":"Air Jordan 9 Retro &lsquo;Bred&rsquo; 302370-014"},"content":{"rendered":"<p>La Air Jordan 9 Retro Bred, plus connue sous le nom de \u00ab Bred \u00bb, est une sneaker classique de la c\u00e9l\u00e8bre marque Jordan. Avec son coloris noir \u00e9l\u00e9gant, cette chaussure offre un style intemporel. Gr\u00e2ce \u00e0 son design iconique et sa qualit\u00e9 de fabrication exceptionnelle, elle est parfaite pour le sport comme pour les loisirs. D\u00e9couvrez style et confort avec la Air Jordan 9 Retro Bred.<\/p>\n<p>Coloris : Noir\/Gris anthracite\/Rouge universitaire<\/p>\n<p>Code article : 302370-014<\/p>\n<p>Tige : Cuir verni<\/p>\n<p>Semelle interm\u00e9diaire : Air<\/p>\n<p>Couleur : Noir<\/p>\n<p>Designer : Tinker Hatfield<\/p>\n<p>Saison : Printemps<\/p>\n<p>Ann\u00e9e de sortie : 2018<\/p>\n<p>\u00c2ge : Adulte<\/p>\n<p>Couleur : Noir<\/p>\n<p>Genre : Homme<\/p>\n","protected":false},"excerpt":{"rendered":"<p>La Air Jordan 9 Retro Bred, plus connue sous le nom de \u00ab Bred \u00bb, est une sneaker classique de la c\u00e9l\u00e8bre marque Jordan. Avec son coloris noir \u00e9l\u00e9gant, cette chaussure offre un style intemporel. Gr\u00e2ce \u00e0 son design iconique et sa qualit\u00e9 de fabrication exceptionnelle, elle est parfaite pour le sport comme pour les [&hellip;]<\/p>\n","protected":false},"featured_media":759751,"comment_status":"open","ping_status":"closed","template":"","meta":[],"product_brand":[],"product_cat":[38880],"product_tag":[10750,10800,38841,38842,10776,11349,38875,38886,10756],"class_list":{"0":"post-759750","1":"product","2":"type-product","3":"status-publish","4":"has-post-thumbnail","6":"product_cat-jordan","7":"product_tag-athleisure-shoes","8":"product_tag-basketball-shoes","9":"product_tag-casual-shoes","10":"product_tag-gift-idea-for-him","11":"product_tag-jordan","12":"product_tag-jordan-basketball-shoes","13":"product_tag-jordan-skateboard-shoes","14":"product_tag-lifestyle-shoes-inspired-by-basketball","15":"product_tag-retro-casual-shoes","17":"first","18":"instock","19":"taxable","20":"shipping-taxable","21":"purchasable","22":"product-type-simple"},"wcpa_form_fields":null,"yoast_head":"<!-- This site is optimized with the Yoast SEO plugin v26.5 - https:\/\/yoast.com\/wordpress\/plugins\/seo\/ -->\n<title>Air Jordan 9 Retro &#039;Bred&#039; 302370-014 - TOURCRUISER PTE. LTD<\/title>\n<meta name=\"robots\" content=\"index, follow, max-snippet:-1, max-image-preview:large, max-video-preview:-1\" \/>\n<link rel=\"canonical\" href=\"https:\/\/tourcruiser.com\/fr\/products\/air-jordan-9-retro-bred-302370-014\/\" \/>\n<meta property=\"og:locale\" content=\"fr_FR\" \/>\n<meta property=\"og:type\" content=\"article\" \/>\n<meta property=\"og:title\" content=\"Air Jordan 9 Retro &#039;Bred&#039; 302370-014 - TOURCRUISER PTE. LTD\" \/>\n<meta property=\"og:description\" content=\"La Air Jordan 9 Retro Bred, plus connue sous le nom de \u00ab Bred \u00bb, est une sneaker classique de la c\u00e9l\u00e8bre marque Jordan. Avec son coloris noir \u00e9l\u00e9gant, cette chaussure offre un style intemporel. Gr\u00e2ce \u00e0 son design iconique et sa qualit\u00e9 de fabrication exceptionnelle, elle est parfaite pour le sport comme pour les [&hellip;]\" \/>\n<meta property=\"og:url\" content=\"https:\/\/tourcruiser.com\/fr\/products\/air-jordan-9-retro-bred-302370-014\/\" \/>\n<meta property=\"og:site_name\" content=\"Tourcruiser Sneaker Store\" \/>\n<meta property=\"article:modified_time\" content=\"2026-04-17T15:50:15+00:00\" \/>\n<meta name=\"twitter:card\" content=\"summary_large_image\" \/>\n<meta name=\"twitter:image\" content=\"https:\/\/images.novelship.com\/product\/air_jordan_9_retro__bred__302370_014_0_51170.jpeg;https:\/\/images.novelship.com\/product\/air_jordan_9_retro__bred__302370_014_1_51170.jpeg;https:\/\/images.novelship.com\/product\/air_jordan_9_retro__bred__302370_014_2_51170.jpeg;https:\/\/images.novelship.com\/product\/air_jordan_9_retro__bred__302370_014_3_51171.jpeg;https:\/\/images.novelship.com\/product\/air_jordan_9_retro__bred__302370_014_4_51171.jpeg;https:\/\/images.novelship.com\/product\/air_jordan_9_retro__bred__302370_014_5_51171.jpeg;https:\/\/images.novelship.com\/product\/air_jordan_9_retro__bred__302370_014_6_51171.jpeg;https:\/\/images.novelship.com\/product\/air_jordan_9_retro__bred__302370_014_7_51171.jpeg\" \/>\n<meta name=\"twitter:label1\" content=\"Dur\u00e9e de lecture estim\u00e9e\" \/>\n\t<meta name=\"twitter:data1\" content=\"1 minute\" \/>\n<script type=\"application\/ld+json\" class=\"yoast-schema-graph\">{\"@context\":\"https:\/\/schema.org\",\"@graph\":[{\"@type\":\"WebPage\",\"@id\":\"https:\/\/tourcruiser.com\/fr\/products\/air-jordan-9-retro-bred-302370-014\/\",\"url\":\"https:\/\/tourcruiser.com\/fr\/products\/air-jordan-9-retro-bred-302370-014\/\",\"name\":\"Air Jordan 9 Retro 'Bred' 302370-014 - TOURCRUISER PTE. LTD\",\"isPartOf\":{\"@id\":\"\/#website\"},\"primaryImageOfPage\":{\"@id\":\"https:\/\/tourcruiser.com\/fr\/products\/air-jordan-9-retro-bred-302370-014\/#primaryimage\"},\"image\":{\"@id\":\"https:\/\/tourcruiser.com\/fr\/products\/air-jordan-9-retro-bred-302370-014\/#primaryimage\"},\"thumbnailUrl\":\"https:\/\/images.novelship.com\/product\/air_jordan_9_retro__bred__302370_014_0_51170.jpeg;https:\/\/images.novelship.com\/product\/air_jordan_9_retro__bred__302370_014_1_51170.jpeg;https:\/\/images.novelship.com\/product\/air_jordan_9_retro__bred__302370_014_2_51170.jpeg;https:\/\/images.novelship.com\/product\/air_jordan_9_retro__bred__302370_014_3_51171.jpeg;https:\/\/images.novelship.com\/product\/air_jordan_9_retro__bred__302370_014_4_51171.jpeg;https:\/\/images.novelship.com\/product\/air_jordan_9_retro__bred__302370_014_5_51171.jpeg;https:\/\/images.novelship.com\/product\/air_jordan_9_retro__bred__302370_014_6_51171.jpeg;https:\/\/images.novelship.com\/product\/air_jordan_9_retro__bred__302370_014_7_51171.jpeg\",\"datePublished\":\"2026-04-16T10:08:26+00:00\",\"dateModified\":\"2026-04-17T15:50:15+00:00\",\"breadcrumb\":{\"@id\":\"https:\/\/tourcruiser.com\/fr\/products\/air-jordan-9-retro-bred-302370-014\/#breadcrumb\"},\"inLanguage\":\"fr-FR\",\"potentialAction\":[{\"@type\":\"ReadAction\",\"target\":[\"https:\/\/tourcruiser.com\/fr\/products\/air-jordan-9-retro-bred-302370-014\/\"]}]},{\"@type\":\"ImageObject\",\"inLanguage\":\"fr-FR\",\"@id\":\"https:\/\/tourcruiser.com\/fr\/products\/air-jordan-9-retro-bred-302370-014\/#primaryimage\",\"url\":\"https:\/\/images.novelship.com\/product\/air_jordan_9_retro__bred__302370_014_0_51170.jpeg;https:\/\/images.novelship.com\/product\/air_jordan_9_retro__bred__302370_014_1_51170.jpeg;https:\/\/images.novelship.com\/product\/air_jordan_9_retro__bred__302370_014_2_51170.jpeg;https:\/\/images.novelship.com\/product\/air_jordan_9_retro__bred__302370_014_3_51171.jpeg;https:\/\/images.novelship.com\/product\/air_jordan_9_retro__bred__302370_014_4_51171.jpeg;https:\/\/images.novelship.com\/product\/air_jordan_9_retro__bred__302370_014_5_51171.jpeg;https:\/\/images.novelship.com\/product\/air_jordan_9_retro__bred__302370_014_6_51171.jpeg;https:\/\/images.novelship.com\/product\/air_jordan_9_retro__bred__302370_014_7_51171.jpeg\",\"contentUrl\":\"https:\/\/images.novelship.com\/product\/air_jordan_9_retro__bred__302370_014_0_51170.jpeg;https:\/\/images.novelship.com\/product\/air_jordan_9_retro__bred__302370_014_1_51170.jpeg;https:\/\/images.novelship.com\/product\/air_jordan_9_retro__bred__302370_014_2_51170.jpeg;https:\/\/images.novelship.com\/product\/air_jordan_9_retro__bred__302370_014_3_51171.jpeg;https:\/\/images.novelship.com\/product\/air_jordan_9_retro__bred__302370_014_4_51171.jpeg;https:\/\/images.novelship.com\/product\/air_jordan_9_retro__bred__302370_014_5_51171.jpeg;https:\/\/images.novelship.com\/product\/air_jordan_9_retro__bred__302370_014_6_51171.jpeg;https:\/\/images.novelship.com\/product\/air_jordan_9_retro__bred__302370_014_7_51171.jpeg\"},{\"@type\":\"BreadcrumbList\",\"@id\":\"https:\/\/tourcruiser.com\/fr\/products\/air-jordan-9-retro-bred-302370-014\/#breadcrumb\",\"itemListElement\":[{\"@type\":\"ListItem\",\"position\":1,\"name\":\"Home\",\"item\":\"https:\/\/tourcruiser.com\/fr\/\"},{\"@type\":\"ListItem\",\"position\":2,\"name\":\"Shop\",\"item\":\"https:\/\/tourcruiser.com\/fr\/shop\/\"},{\"@type\":\"ListItem\",\"position\":3,\"name\":\"Air Jordan 9 Retro &#8216;Bred&#8217; 302370-014\"}]},{\"@type\":\"WebSite\",\"@id\":\"\/#website\",\"url\":\"\/\",\"name\":\"Styloral Jewelry Shop\",\"description\":\"Tourcruiser Sneaker Store \u2014 L\u2019endroit o\u00f9 l\u2019univers rencontre votre singularit\u00e9.\",\"publisher\":{\"@id\":\"\/#organization\"},\"potentialAction\":[{\"@type\":\"SearchAction\",\"target\":{\"@type\":\"EntryPoint\",\"urlTemplate\":\"\/?s={search_term_string}\"},\"query-input\":{\"@type\":\"PropertyValueSpecification\",\"valueRequired\":true,\"valueName\":\"search_term_string\"}}],\"inLanguage\":\"fr-FR\"},{\"@type\":\"Organization\",\"@id\":\"\/#organization\",\"name\":\"STYLORAL PTE. LTD\",\"url\":\"\/\",\"logo\":{\"@type\":\"ImageObject\",\"inLanguage\":\"fr-FR\",\"@id\":\"\/#\/schema\/logo\/image\/\",\"url\":\"https:\/\/www.tourcruiser.com\/wp-content\/uploads\/2025\/12\/logo.png\",\"contentUrl\":\"https:\/\/www.tourcruiser.com\/wp-content\/uploads\/2025\/12\/logo.png\",\"width\":200,\"height\":65,\"caption\":\"STYLORAL PTE. LTD\"},\"image\":{\"@id\":\"\/#\/schema\/logo\/image\/\"}}]}<\/script>\n<!-- \/ Yoast SEO plugin. -->","yoast_head_json":{"title":"Air Jordan 9 Retro 'Bred' 302370-014 - TOURCRUISER PTE. LTD","robots":{"index":"index","follow":"follow","max-snippet":"max-snippet:-1","max-image-preview":"max-image-preview:large","max-video-preview":"max-video-preview:-1"},"canonical":"https:\/\/tourcruiser.com\/fr\/products\/air-jordan-9-retro-bred-302370-014\/","og_locale":"fr_FR","og_type":"article","og_title":"Air Jordan 9 Retro 'Bred' 302370-014 - TOURCRUISER PTE. LTD","og_description":"La Air Jordan 9 Retro Bred, plus connue sous le nom de \u00ab Bred \u00bb, est une sneaker classique de la c\u00e9l\u00e8bre marque Jordan. Avec son coloris noir \u00e9l\u00e9gant, cette chaussure offre un style intemporel. Gr\u00e2ce \u00e0 son design iconique et sa qualit\u00e9 de fabrication exceptionnelle, elle est parfaite pour le sport comme pour les [&hellip;]","og_url":"https:\/\/tourcruiser.com\/fr\/products\/air-jordan-9-retro-bred-302370-014\/","og_site_name":"Tourcruiser Sneaker Store","article_modified_time":"2026-04-17T15:50:15+00:00","twitter_card":"summary_large_image","twitter_image":"https:\/\/images.novelship.com\/product\/air_jordan_9_retro__bred__302370_014_0_51170.jpeg;https:\/\/images.novelship.com\/product\/air_jordan_9_retro__bred__302370_014_1_51170.jpeg;https:\/\/images.novelship.com\/product\/air_jordan_9_retro__bred__302370_014_2_51170.jpeg;https:\/\/images.novelship.com\/product\/air_jordan_9_retro__bred__302370_014_3_51171.jpeg;https:\/\/images.novelship.com\/product\/air_jordan_9_retro__bred__302370_014_4_51171.jpeg;https:\/\/images.novelship.com\/product\/air_jordan_9_retro__bred__302370_014_5_51171.jpeg;https:\/\/images.novelship.com\/product\/air_jordan_9_retro__bred__302370_014_6_51171.jpeg;https:\/\/images.novelship.com\/product\/air_jordan_9_retro__bred__302370_014_7_51171.jpeg","twitter_misc":{"Dur\u00e9e de lecture estim\u00e9e":"1 minute"},"schema":{"@context":"https:\/\/schema.org","@graph":[{"@type":"WebPage","@id":"https:\/\/tourcruiser.com\/fr\/products\/air-jordan-9-retro-bred-302370-014\/","url":"https:\/\/tourcruiser.com\/fr\/products\/air-jordan-9-retro-bred-302370-014\/","name":"Air Jordan 9 Retro 'Bred' 302370-014 - TOURCRUISER PTE. LTD","isPartOf":{"@id":"\/#website"},"primaryImageOfPage":{"@id":"https:\/\/tourcruiser.com\/fr\/products\/air-jordan-9-retro-bred-302370-014\/#primaryimage"},"image":{"@id":"https:\/\/tourcruiser.com\/fr\/products\/air-jordan-9-retro-bred-302370-014\/#primaryimage"},"thumbnailUrl":"https:\/\/images.novelship.com\/product\/air_jordan_9_retro__bred__302370_014_0_51170.jpeg;https:\/\/images.novelship.com\/product\/air_jordan_9_retro__bred__302370_014_1_51170.jpeg;https:\/\/images.novelship.com\/product\/air_jordan_9_retro__bred__302370_014_2_51170.jpeg;https:\/\/images.novelship.com\/product\/air_jordan_9_retro__bred__302370_014_3_51171.jpeg;https:\/\/images.novelship.com\/product\/air_jordan_9_retro__bred__302370_014_4_51171.jpeg;https:\/\/images.novelship.com\/product\/air_jordan_9_retro__bred__302370_014_5_51171.jpeg;https:\/\/images.novelship.com\/product\/air_jordan_9_retro__bred__302370_014_6_51171.jpeg;https:\/\/images.novelship.com\/product\/air_jordan_9_retro__bred__302370_014_7_51171.jpeg","datePublished":"2026-04-16T10:08:26+00:00","dateModified":"2026-04-17T15:50:15+00:00","breadcrumb":{"@id":"https:\/\/tourcruiser.com\/fr\/products\/air-jordan-9-retro-bred-302370-014\/#breadcrumb"},"inLanguage":"fr-FR","potentialAction":[{"@type":"ReadAction","target":["https:\/\/tourcruiser.com\/fr\/products\/air-jordan-9-retro-bred-302370-014\/"]}]},{"@type":"ImageObject","inLanguage":"fr-FR","@id":"https:\/\/tourcruiser.com\/fr\/products\/air-jordan-9-retro-bred-302370-014\/#primaryimage","url":"https:\/\/images.novelship.com\/product\/air_jordan_9_retro__bred__302370_014_0_51170.jpeg;https:\/\/images.novelship.com\/product\/air_jordan_9_retro__bred__302370_014_1_51170.jpeg;https:\/\/images.novelship.com\/product\/air_jordan_9_retro__bred__302370_014_2_51170.jpeg;https:\/\/images.novelship.com\/product\/air_jordan_9_retro__bred__302370_014_3_51171.jpeg;https:\/\/images.novelship.com\/product\/air_jordan_9_retro__bred__302370_014_4_51171.jpeg;https:\/\/images.novelship.com\/product\/air_jordan_9_retro__bred__302370_014_5_51171.jpeg;https:\/\/images.novelship.com\/product\/air_jordan_9_retro__bred__302370_014_6_51171.jpeg;https:\/\/images.novelship.com\/product\/air_jordan_9_retro__bred__302370_014_7_51171.jpeg","contentUrl":"https:\/\/images.novelship.com\/product\/air_jordan_9_retro__bred__302370_014_0_51170.jpeg;https:\/\/images.novelship.com\/product\/air_jordan_9_retro__bred__302370_014_1_51170.jpeg;https:\/\/images.novelship.com\/product\/air_jordan_9_retro__bred__302370_014_2_51170.jpeg;https:\/\/images.novelship.com\/product\/air_jordan_9_retro__bred__302370_014_3_51171.jpeg;https:\/\/images.novelship.com\/product\/air_jordan_9_retro__bred__302370_014_4_51171.jpeg;https:\/\/images.novelship.com\/product\/air_jordan_9_retro__bred__302370_014_5_51171.jpeg;https:\/\/images.novelship.com\/product\/air_jordan_9_retro__bred__302370_014_6_51171.jpeg;https:\/\/images.novelship.com\/product\/air_jordan_9_retro__bred__302370_014_7_51171.jpeg"},{"@type":"BreadcrumbList","@id":"https:\/\/tourcruiser.com\/fr\/products\/air-jordan-9-retro-bred-302370-014\/#breadcrumb","itemListElement":[{"@type":"ListItem","position":1,"name":"Home","item":"https:\/\/tourcruiser.com\/fr\/"},{"@type":"ListItem","position":2,"name":"Shop","item":"https:\/\/tourcruiser.com\/fr\/shop\/"},{"@type":"ListItem","position":3,"name":"Air Jordan 9 Retro &#8216;Bred&#8217; 302370-014"}]},{"@type":"WebSite","@id":"\/#website","url":"\/","name":"Styloral Jewelry Shop","description":"Tourcruiser Sneaker Store \u2014 L\u2019endroit o\u00f9 l\u2019univers rencontre votre singularit\u00e9.","publisher":{"@id":"\/#organization"},"potentialAction":[{"@type":"SearchAction","target":{"@type":"EntryPoint","urlTemplate":"\/?s={search_term_string}"},"query-input":{"@type":"PropertyValueSpecification","valueRequired":true,"valueName":"search_term_string"}}],"inLanguage":"fr-FR"},{"@type":"Organization","@id":"\/#organization","name":"STYLORAL PTE. LTD","url":"\/","logo":{"@type":"ImageObject","inLanguage":"fr-FR","@id":"\/#\/schema\/logo\/image\/","url":"https:\/\/www.tourcruiser.com\/wp-content\/uploads\/2025\/12\/logo.png","contentUrl":"https:\/\/www.tourcruiser.com\/wp-content\/uploads\/2025\/12\/logo.png","width":200,"height":65,"caption":"STYLORAL PTE. LTD"},"image":{"@id":"\/#\/schema\/logo\/image\/"}}]}},"_links":{"self":[{"href":"https:\/\/tourcruiser.com\/fr\/wp-json\/wp\/v2\/product\/759750","targetHints":{"allow":["GET"]}}],"collection":[{"href":"https:\/\/tourcruiser.com\/fr\/wp-json\/wp\/v2\/product"}],"about":[{"href":"https:\/\/tourcruiser.com\/fr\/wp-json\/wp\/v2\/types\/product"}],"replies":[{"embeddable":true,"href":"https:\/\/tourcruiser.com\/fr\/wp-json\/wp\/v2\/comments?post=759750"}],"wp:featuredmedia":[{"embeddable":true,"href":"https:\/\/tourcruiser.com\/fr\/wp-json\/wp\/v2\/media\/759751"}],"wp:attachment":[{"href":"https:\/\/tourcruiser.com\/fr\/wp-json\/wp\/v2\/media?parent=759750"}],"wp:term":[{"taxonomy":"product_brand","embeddable":true,"href":"https:\/\/tourcruiser.com\/fr\/wp-json\/wp\/v2\/product_brand?post=759750"},{"taxonomy":"product_cat","embeddable":true,"href":"https:\/\/tourcruiser.com\/fr\/wp-json\/wp\/v2\/product_cat?post=759750"},{"taxonomy":"product_tag","embeddable":true,"href":"https:\/\/tourcruiser.com\/fr\/wp-json\/wp\/v2\/product_tag?post=759750"}],"curies":[{"name":"wp","href":"https:\/\/api.w.org\/{rel}","templated":true}]}}