{"id":759741,"date":"2026-04-16T17:08:26","date_gmt":"2026-04-16T10:08:26","guid":{"rendered":"http:\/\/tourcruiser.com\/product\/air-jordan-13-retro-hyper-royal-414571-117"},"modified":"2026-04-17T22:50:15","modified_gmt":"2026-04-17T15:50:15","slug":"air-jordan-13-retro-hyper-royal-414571-117","status":"publish","type":"product","link":"https:\/\/tourcruiser.com\/fr\/products\/air-jordan-13-retro-hyper-royal-414571-117\/","title":{"rendered":"Air Jordan 13 Retro &lsquo;Hyper Royal&rsquo; 414571-117"},"content":{"rendered":"<p>D\u00e9couvrez la Air Jordan 13 Retro Hyper Royal de Jordan. Cette sneaker l\u00e9gendaire s\u00e9duit par son \u00e9l\u00e9gant coloris blanc et offre un look \u00e9pur\u00e9 et styl\u00e9. Surnomm\u00e9e Hyper Royal, elle vous permettra d&rsquo;affirmer votre style et de donner une touche unique \u00e0 vos tenues.<\/p>\n<p>\u2026 \u00c2ge\u00a0: Adultes<br \/>\nCouleur\u00a0: Blanc<br \/>\nGenre\u00a0: Homme<\/p>\n","protected":false},"excerpt":{"rendered":"<p>D\u00e9couvrez la Air Jordan 13 Retro Hyper Royal de Jordan. Cette sneaker l\u00e9gendaire s\u00e9duit par son \u00e9l\u00e9gant coloris blanc et offre un look \u00e9pur\u00e9 et styl\u00e9. Surnomm\u00e9e Hyper Royal, elle vous permettra d&rsquo;affirmer votre style et de donner une touche unique \u00e0 vos tenues. \u2026 \u00c2ge\u00a0: Adultes Couleur\u00a0: Blanc Genre\u00a0: Homme<\/p>\n","protected":false},"featured_media":759742,"comment_status":"open","ping_status":"closed","template":"","meta":[],"product_brand":[],"product_cat":[38880],"product_tag":[10800,38878,38842,10776,38875,11129,38846],"class_list":{"0":"post-759741","1":"product","2":"type-product","3":"status-publish","4":"has-post-thumbnail","6":"product_cat-jordan","7":"product_tag-basketball-shoes","8":"product_tag-current-offers","9":"product_tag-gift-idea-for-him","10":"product_tag-jordan","11":"product_tag-jordan-skateboard-shoes","12":"product_tag-lightweight-basketball-shoes","13":"product_tag-performance-sports-shoes","15":"first","16":"instock","17":"taxable","18":"shipping-taxable","19":"purchasable","20":"product-type-simple"},"wcpa_form_fields":null,"yoast_head":"<!-- This site is optimized with the Yoast SEO plugin v26.5 - https:\/\/yoast.com\/wordpress\/plugins\/seo\/ -->\n<title>Air Jordan 13 Retro &#039;Hyper Royal&#039; 414571-117 - TOURCRUISER PTE. LTD<\/title>\n<meta name=\"robots\" content=\"index, follow, max-snippet:-1, max-image-preview:large, max-video-preview:-1\" \/>\n<link rel=\"canonical\" href=\"https:\/\/tourcruiser.com\/fr\/products\/air-jordan-13-retro-hyper-royal-414571-117\/\" \/>\n<meta property=\"og:locale\" content=\"fr_FR\" \/>\n<meta property=\"og:type\" content=\"article\" \/>\n<meta property=\"og:title\" content=\"Air Jordan 13 Retro &#039;Hyper Royal&#039; 414571-117 - TOURCRUISER PTE. LTD\" \/>\n<meta property=\"og:description\" content=\"D\u00e9couvrez la Air Jordan 13 Retro Hyper Royal de Jordan. Cette sneaker l\u00e9gendaire s\u00e9duit par son \u00e9l\u00e9gant coloris blanc et offre un look \u00e9pur\u00e9 et styl\u00e9. Surnomm\u00e9e Hyper Royal, elle vous permettra d&rsquo;affirmer votre style et de donner une touche unique \u00e0 vos tenues. \u2026 \u00c2ge\u00a0: Adultes Couleur\u00a0: Blanc Genre\u00a0: Homme\" \/>\n<meta property=\"og:url\" content=\"https:\/\/tourcruiser.com\/fr\/products\/air-jordan-13-retro-hyper-royal-414571-117\/\" \/>\n<meta property=\"og:site_name\" content=\"Tourcruiser Sneaker Store\" \/>\n<meta property=\"article:modified_time\" content=\"2026-04-17T15:50:15+00:00\" \/>\n<meta name=\"twitter:card\" content=\"summary_large_image\" \/>\n<meta name=\"twitter:image\" content=\"https:\/\/images.novelship.com\/product\/air_jordan_13_retro__hyper_royal__414571_117_0_12138.jpeg;https:\/\/images.novelship.com\/product\/air_jordan_13_retro__hyper_royal__414571_117_1_12138.jpeg;https:\/\/images.novelship.com\/product\/air_jordan_13_retro__hyper_royal__414571_117_2_12138.jpeg;https:\/\/images.novelship.com\/product\/air_jordan_13_retro__hyper_royal__414571_117_3_12139.jpeg;https:\/\/images.novelship.com\/product\/air_jordan_13_retro__hyper_royal__414571_117_4_12139.jpeg;https:\/\/images.novelship.com\/product\/air_jordan_13_retro__hyper_royal__414571_117_5_12139.jpeg;https:\/\/images.novelship.com\/product\/air_jordan_13_retro__hyper_royal__414571_117_6_12139.jpeg;https:\/\/images.novelship.com\/product\/air_jordan_13_retro__hyper_royal__414571_117_7_12139.jpeg\" \/>\n<script type=\"application\/ld+json\" class=\"yoast-schema-graph\">{\"@context\":\"https:\/\/schema.org\",\"@graph\":[{\"@type\":\"WebPage\",\"@id\":\"https:\/\/tourcruiser.com\/fr\/products\/air-jordan-13-retro-hyper-royal-414571-117\/\",\"url\":\"https:\/\/tourcruiser.com\/fr\/products\/air-jordan-13-retro-hyper-royal-414571-117\/\",\"name\":\"Air Jordan 13 Retro 'Hyper Royal' 414571-117 - TOURCRUISER PTE. LTD\",\"isPartOf\":{\"@id\":\"\/#website\"},\"primaryImageOfPage\":{\"@id\":\"https:\/\/tourcruiser.com\/fr\/products\/air-jordan-13-retro-hyper-royal-414571-117\/#primaryimage\"},\"image\":{\"@id\":\"https:\/\/tourcruiser.com\/fr\/products\/air-jordan-13-retro-hyper-royal-414571-117\/#primaryimage\"},\"thumbnailUrl\":\"https:\/\/images.novelship.com\/product\/air_jordan_13_retro__hyper_royal__414571_117_0_12138.jpeg;https:\/\/images.novelship.com\/product\/air_jordan_13_retro__hyper_royal__414571_117_1_12138.jpeg;https:\/\/images.novelship.com\/product\/air_jordan_13_retro__hyper_royal__414571_117_2_12138.jpeg;https:\/\/images.novelship.com\/product\/air_jordan_13_retro__hyper_royal__414571_117_3_12139.jpeg;https:\/\/images.novelship.com\/product\/air_jordan_13_retro__hyper_royal__414571_117_4_12139.jpeg;https:\/\/images.novelship.com\/product\/air_jordan_13_retro__hyper_royal__414571_117_5_12139.jpeg;https:\/\/images.novelship.com\/product\/air_jordan_13_retro__hyper_royal__414571_117_6_12139.jpeg;https:\/\/images.novelship.com\/product\/air_jordan_13_retro__hyper_royal__414571_117_7_12139.jpeg\",\"datePublished\":\"2026-04-16T10:08:26+00:00\",\"dateModified\":\"2026-04-17T15:50:15+00:00\",\"breadcrumb\":{\"@id\":\"https:\/\/tourcruiser.com\/fr\/products\/air-jordan-13-retro-hyper-royal-414571-117\/#breadcrumb\"},\"inLanguage\":\"fr-FR\",\"potentialAction\":[{\"@type\":\"ReadAction\",\"target\":[\"https:\/\/tourcruiser.com\/fr\/products\/air-jordan-13-retro-hyper-royal-414571-117\/\"]}]},{\"@type\":\"ImageObject\",\"inLanguage\":\"fr-FR\",\"@id\":\"https:\/\/tourcruiser.com\/fr\/products\/air-jordan-13-retro-hyper-royal-414571-117\/#primaryimage\",\"url\":\"https:\/\/images.novelship.com\/product\/air_jordan_13_retro__hyper_royal__414571_117_0_12138.jpeg;https:\/\/images.novelship.com\/product\/air_jordan_13_retro__hyper_royal__414571_117_1_12138.jpeg;https:\/\/images.novelship.com\/product\/air_jordan_13_retro__hyper_royal__414571_117_2_12138.jpeg;https:\/\/images.novelship.com\/product\/air_jordan_13_retro__hyper_royal__414571_117_3_12139.jpeg;https:\/\/images.novelship.com\/product\/air_jordan_13_retro__hyper_royal__414571_117_4_12139.jpeg;https:\/\/images.novelship.com\/product\/air_jordan_13_retro__hyper_royal__414571_117_5_12139.jpeg;https:\/\/images.novelship.com\/product\/air_jordan_13_retro__hyper_royal__414571_117_6_12139.jpeg;https:\/\/images.novelship.com\/product\/air_jordan_13_retro__hyper_royal__414571_117_7_12139.jpeg\",\"contentUrl\":\"https:\/\/images.novelship.com\/product\/air_jordan_13_retro__hyper_royal__414571_117_0_12138.jpeg;https:\/\/images.novelship.com\/product\/air_jordan_13_retro__hyper_royal__414571_117_1_12138.jpeg;https:\/\/images.novelship.com\/product\/air_jordan_13_retro__hyper_royal__414571_117_2_12138.jpeg;https:\/\/images.novelship.com\/product\/air_jordan_13_retro__hyper_royal__414571_117_3_12139.jpeg;https:\/\/images.novelship.com\/product\/air_jordan_13_retro__hyper_royal__414571_117_4_12139.jpeg;https:\/\/images.novelship.com\/product\/air_jordan_13_retro__hyper_royal__414571_117_5_12139.jpeg;https:\/\/images.novelship.com\/product\/air_jordan_13_retro__hyper_royal__414571_117_6_12139.jpeg;https:\/\/images.novelship.com\/product\/air_jordan_13_retro__hyper_royal__414571_117_7_12139.jpeg\"},{\"@type\":\"BreadcrumbList\",\"@id\":\"https:\/\/tourcruiser.com\/fr\/products\/air-jordan-13-retro-hyper-royal-414571-117\/#breadcrumb\",\"itemListElement\":[{\"@type\":\"ListItem\",\"position\":1,\"name\":\"Home\",\"item\":\"https:\/\/tourcruiser.com\/fr\/\"},{\"@type\":\"ListItem\",\"position\":2,\"name\":\"Shop\",\"item\":\"https:\/\/tourcruiser.com\/fr\/shop\/\"},{\"@type\":\"ListItem\",\"position\":3,\"name\":\"Air Jordan 13 Retro &#8216;Hyper Royal&#8217; 414571-117\"}]},{\"@type\":\"WebSite\",\"@id\":\"\/#website\",\"url\":\"\/\",\"name\":\"Styloral Jewelry Shop\",\"description\":\"Tourcruiser Sneaker Store \u2014 L\u2019endroit o\u00f9 l\u2019univers rencontre votre singularit\u00e9.\",\"publisher\":{\"@id\":\"\/#organization\"},\"potentialAction\":[{\"@type\":\"SearchAction\",\"target\":{\"@type\":\"EntryPoint\",\"urlTemplate\":\"\/?s={search_term_string}\"},\"query-input\":{\"@type\":\"PropertyValueSpecification\",\"valueRequired\":true,\"valueName\":\"search_term_string\"}}],\"inLanguage\":\"fr-FR\"},{\"@type\":\"Organization\",\"@id\":\"\/#organization\",\"name\":\"STYLORAL PTE. LTD\",\"url\":\"\/\",\"logo\":{\"@type\":\"ImageObject\",\"inLanguage\":\"fr-FR\",\"@id\":\"\/#\/schema\/logo\/image\/\",\"url\":\"https:\/\/www.tourcruiser.com\/wp-content\/uploads\/2025\/12\/logo.png\",\"contentUrl\":\"https:\/\/www.tourcruiser.com\/wp-content\/uploads\/2025\/12\/logo.png\",\"width\":200,\"height\":65,\"caption\":\"STYLORAL PTE. LTD\"},\"image\":{\"@id\":\"\/#\/schema\/logo\/image\/\"}}]}<\/script>\n<!-- \/ Yoast SEO plugin. -->","yoast_head_json":{"title":"Air Jordan 13 Retro 'Hyper Royal' 414571-117 - TOURCRUISER PTE. LTD","robots":{"index":"index","follow":"follow","max-snippet":"max-snippet:-1","max-image-preview":"max-image-preview:large","max-video-preview":"max-video-preview:-1"},"canonical":"https:\/\/tourcruiser.com\/fr\/products\/air-jordan-13-retro-hyper-royal-414571-117\/","og_locale":"fr_FR","og_type":"article","og_title":"Air Jordan 13 Retro 'Hyper Royal' 414571-117 - TOURCRUISER PTE. LTD","og_description":"D\u00e9couvrez la Air Jordan 13 Retro Hyper Royal de Jordan. Cette sneaker l\u00e9gendaire s\u00e9duit par son \u00e9l\u00e9gant coloris blanc et offre un look \u00e9pur\u00e9 et styl\u00e9. Surnomm\u00e9e Hyper Royal, elle vous permettra d&rsquo;affirmer votre style et de donner une touche unique \u00e0 vos tenues. \u2026 \u00c2ge\u00a0: Adultes Couleur\u00a0: Blanc Genre\u00a0: Homme","og_url":"https:\/\/tourcruiser.com\/fr\/products\/air-jordan-13-retro-hyper-royal-414571-117\/","og_site_name":"Tourcruiser Sneaker Store","article_modified_time":"2026-04-17T15:50:15+00:00","twitter_card":"summary_large_image","twitter_image":"https:\/\/images.novelship.com\/product\/air_jordan_13_retro__hyper_royal__414571_117_0_12138.jpeg;https:\/\/images.novelship.com\/product\/air_jordan_13_retro__hyper_royal__414571_117_1_12138.jpeg;https:\/\/images.novelship.com\/product\/air_jordan_13_retro__hyper_royal__414571_117_2_12138.jpeg;https:\/\/images.novelship.com\/product\/air_jordan_13_retro__hyper_royal__414571_117_3_12139.jpeg;https:\/\/images.novelship.com\/product\/air_jordan_13_retro__hyper_royal__414571_117_4_12139.jpeg;https:\/\/images.novelship.com\/product\/air_jordan_13_retro__hyper_royal__414571_117_5_12139.jpeg;https:\/\/images.novelship.com\/product\/air_jordan_13_retro__hyper_royal__414571_117_6_12139.jpeg;https:\/\/images.novelship.com\/product\/air_jordan_13_retro__hyper_royal__414571_117_7_12139.jpeg","schema":{"@context":"https:\/\/schema.org","@graph":[{"@type":"WebPage","@id":"https:\/\/tourcruiser.com\/fr\/products\/air-jordan-13-retro-hyper-royal-414571-117\/","url":"https:\/\/tourcruiser.com\/fr\/products\/air-jordan-13-retro-hyper-royal-414571-117\/","name":"Air Jordan 13 Retro 'Hyper Royal' 414571-117 - TOURCRUISER PTE. LTD","isPartOf":{"@id":"\/#website"},"primaryImageOfPage":{"@id":"https:\/\/tourcruiser.com\/fr\/products\/air-jordan-13-retro-hyper-royal-414571-117\/#primaryimage"},"image":{"@id":"https:\/\/tourcruiser.com\/fr\/products\/air-jordan-13-retro-hyper-royal-414571-117\/#primaryimage"},"thumbnailUrl":"https:\/\/images.novelship.com\/product\/air_jordan_13_retro__hyper_royal__414571_117_0_12138.jpeg;https:\/\/images.novelship.com\/product\/air_jordan_13_retro__hyper_royal__414571_117_1_12138.jpeg;https:\/\/images.novelship.com\/product\/air_jordan_13_retro__hyper_royal__414571_117_2_12138.jpeg;https:\/\/images.novelship.com\/product\/air_jordan_13_retro__hyper_royal__414571_117_3_12139.jpeg;https:\/\/images.novelship.com\/product\/air_jordan_13_retro__hyper_royal__414571_117_4_12139.jpeg;https:\/\/images.novelship.com\/product\/air_jordan_13_retro__hyper_royal__414571_117_5_12139.jpeg;https:\/\/images.novelship.com\/product\/air_jordan_13_retro__hyper_royal__414571_117_6_12139.jpeg;https:\/\/images.novelship.com\/product\/air_jordan_13_retro__hyper_royal__414571_117_7_12139.jpeg","datePublished":"2026-04-16T10:08:26+00:00","dateModified":"2026-04-17T15:50:15+00:00","breadcrumb":{"@id":"https:\/\/tourcruiser.com\/fr\/products\/air-jordan-13-retro-hyper-royal-414571-117\/#breadcrumb"},"inLanguage":"fr-FR","potentialAction":[{"@type":"ReadAction","target":["https:\/\/tourcruiser.com\/fr\/products\/air-jordan-13-retro-hyper-royal-414571-117\/"]}]},{"@type":"ImageObject","inLanguage":"fr-FR","@id":"https:\/\/tourcruiser.com\/fr\/products\/air-jordan-13-retro-hyper-royal-414571-117\/#primaryimage","url":"https:\/\/images.novelship.com\/product\/air_jordan_13_retro__hyper_royal__414571_117_0_12138.jpeg;https:\/\/images.novelship.com\/product\/air_jordan_13_retro__hyper_royal__414571_117_1_12138.jpeg;https:\/\/images.novelship.com\/product\/air_jordan_13_retro__hyper_royal__414571_117_2_12138.jpeg;https:\/\/images.novelship.com\/product\/air_jordan_13_retro__hyper_royal__414571_117_3_12139.jpeg;https:\/\/images.novelship.com\/product\/air_jordan_13_retro__hyper_royal__414571_117_4_12139.jpeg;https:\/\/images.novelship.com\/product\/air_jordan_13_retro__hyper_royal__414571_117_5_12139.jpeg;https:\/\/images.novelship.com\/product\/air_jordan_13_retro__hyper_royal__414571_117_6_12139.jpeg;https:\/\/images.novelship.com\/product\/air_jordan_13_retro__hyper_royal__414571_117_7_12139.jpeg","contentUrl":"https:\/\/images.novelship.com\/product\/air_jordan_13_retro__hyper_royal__414571_117_0_12138.jpeg;https:\/\/images.novelship.com\/product\/air_jordan_13_retro__hyper_royal__414571_117_1_12138.jpeg;https:\/\/images.novelship.com\/product\/air_jordan_13_retro__hyper_royal__414571_117_2_12138.jpeg;https:\/\/images.novelship.com\/product\/air_jordan_13_retro__hyper_royal__414571_117_3_12139.jpeg;https:\/\/images.novelship.com\/product\/air_jordan_13_retro__hyper_royal__414571_117_4_12139.jpeg;https:\/\/images.novelship.com\/product\/air_jordan_13_retro__hyper_royal__414571_117_5_12139.jpeg;https:\/\/images.novelship.com\/product\/air_jordan_13_retro__hyper_royal__414571_117_6_12139.jpeg;https:\/\/images.novelship.com\/product\/air_jordan_13_retro__hyper_royal__414571_117_7_12139.jpeg"},{"@type":"BreadcrumbList","@id":"https:\/\/tourcruiser.com\/fr\/products\/air-jordan-13-retro-hyper-royal-414571-117\/#breadcrumb","itemListElement":[{"@type":"ListItem","position":1,"name":"Home","item":"https:\/\/tourcruiser.com\/fr\/"},{"@type":"ListItem","position":2,"name":"Shop","item":"https:\/\/tourcruiser.com\/fr\/shop\/"},{"@type":"ListItem","position":3,"name":"Air Jordan 13 Retro &#8216;Hyper Royal&#8217; 414571-117"}]},{"@type":"WebSite","@id":"\/#website","url":"\/","name":"Styloral Jewelry Shop","description":"Tourcruiser Sneaker Store \u2014 L\u2019endroit o\u00f9 l\u2019univers rencontre votre singularit\u00e9.","publisher":{"@id":"\/#organization"},"potentialAction":[{"@type":"SearchAction","target":{"@type":"EntryPoint","urlTemplate":"\/?s={search_term_string}"},"query-input":{"@type":"PropertyValueSpecification","valueRequired":true,"valueName":"search_term_string"}}],"inLanguage":"fr-FR"},{"@type":"Organization","@id":"\/#organization","name":"STYLORAL PTE. LTD","url":"\/","logo":{"@type":"ImageObject","inLanguage":"fr-FR","@id":"\/#\/schema\/logo\/image\/","url":"https:\/\/www.tourcruiser.com\/wp-content\/uploads\/2025\/12\/logo.png","contentUrl":"https:\/\/www.tourcruiser.com\/wp-content\/uploads\/2025\/12\/logo.png","width":200,"height":65,"caption":"STYLORAL PTE. LTD"},"image":{"@id":"\/#\/schema\/logo\/image\/"}}]}},"_links":{"self":[{"href":"https:\/\/tourcruiser.com\/fr\/wp-json\/wp\/v2\/product\/759741","targetHints":{"allow":["GET"]}}],"collection":[{"href":"https:\/\/tourcruiser.com\/fr\/wp-json\/wp\/v2\/product"}],"about":[{"href":"https:\/\/tourcruiser.com\/fr\/wp-json\/wp\/v2\/types\/product"}],"replies":[{"embeddable":true,"href":"https:\/\/tourcruiser.com\/fr\/wp-json\/wp\/v2\/comments?post=759741"}],"wp:featuredmedia":[{"embeddable":true,"href":"https:\/\/tourcruiser.com\/fr\/wp-json\/wp\/v2\/media\/759742"}],"wp:attachment":[{"href":"https:\/\/tourcruiser.com\/fr\/wp-json\/wp\/v2\/media?parent=759741"}],"wp:term":[{"taxonomy":"product_brand","embeddable":true,"href":"https:\/\/tourcruiser.com\/fr\/wp-json\/wp\/v2\/product_brand?post=759741"},{"taxonomy":"product_cat","embeddable":true,"href":"https:\/\/tourcruiser.com\/fr\/wp-json\/wp\/v2\/product_cat?post=759741"},{"taxonomy":"product_tag","embeddable":true,"href":"https:\/\/tourcruiser.com\/fr\/wp-json\/wp\/v2\/product_tag?post=759741"}],"curies":[{"name":"wp","href":"https:\/\/api.w.org\/{rel}","templated":true}]}}