{"id":759732,"date":"2026-04-16T17:08:25","date_gmt":"2026-04-16T10:08:25","guid":{"rendered":"http:\/\/tourcruiser.com\/product\/octobers-very-own-x-air-jordan-12-retro-white-873864-102"},"modified":"2026-04-17T22:50:15","modified_gmt":"2026-04-17T15:50:15","slug":"octobers-very-own-x-air-jordan-12-retro-white-873864-102","status":"publish","type":"product","link":"https:\/\/tourcruiser.com\/fr\/products\/octobers-very-own-x-air-jordan-12-retro-white-873864-102\/","title":{"rendered":"October&rsquo;s Very Own x Air Jordan 12 Retro &lsquo;White&rsquo; 873864-102"},"content":{"rendered":"<p>La Air Jordan 12 Retro White x Octobers Very Own est le fruit d&rsquo;une collaboration entre la c\u00e9l\u00e8bre marque de streetwear OVO et la l\u00e9gendaire marque de basketball Jordan. Ces sneakers s\u00e9duisent par leur blanc immacul\u00e9, apportant une touche d&rsquo;\u00e9l\u00e9gance \u00e0 toutes les tenues. Gr\u00e2ce \u00e0 des mat\u00e9riaux de haute qualit\u00e9 et au logo iconique de Jordan, elles sont un incontournable pour les passionn\u00e9s de sneakers et de mode.<\/p>\n<p>&#8230; \u00c2ge\u00a0: Adultes<br \/>\nCouleur\u00a0: Blanc<br \/>\nGenre\u00a0: Homme<\/p>\n","protected":false},"excerpt":{"rendered":"<p>La Air Jordan 12 Retro White x Octobers Very Own est le fruit d&rsquo;une collaboration entre la c\u00e9l\u00e8bre marque de streetwear OVO et la l\u00e9gendaire marque de basketball Jordan. Ces sneakers s\u00e9duisent par leur blanc immacul\u00e9, apportant une touche d&rsquo;\u00e9l\u00e9gance \u00e0 toutes les tenues. Gr\u00e2ce \u00e0 des mat\u00e9riaux de haute qualit\u00e9 et au logo iconique [&hellip;]<\/p>\n","protected":false},"featured_media":759733,"comment_status":"open","ping_status":"closed","template":"","meta":[],"product_brand":[],"product_cat":[38880],"product_tag":[10800,38839,38878,38842,10776,11349,38875,38846],"class_list":{"0":"post-759732","1":"product","2":"type-product","3":"status-publish","4":"has-post-thumbnail","6":"product_cat-jordan","7":"product_tag-basketball-shoes","8":"product_tag-basketball-shoes-with-ankle-support","9":"product_tag-current-offers","10":"product_tag-gift-idea-for-him","11":"product_tag-jordan","12":"product_tag-jordan-basketball-shoes","13":"product_tag-jordan-skateboard-shoes","14":"product_tag-performance-sports-shoes","16":"first","17":"instock","18":"taxable","19":"shipping-taxable","20":"purchasable","21":"product-type-simple"},"wcpa_form_fields":null,"yoast_head":"<!-- This site is optimized with the Yoast SEO plugin v26.5 - https:\/\/yoast.com\/wordpress\/plugins\/seo\/ -->\n<title>October&#039;s Very Own x Air Jordan 12 Retro &#039;White&#039; 873864-102 - TOURCRUISER PTE. LTD<\/title>\n<meta name=\"robots\" content=\"index, follow, max-snippet:-1, max-image-preview:large, max-video-preview:-1\" \/>\n<link rel=\"canonical\" href=\"https:\/\/tourcruiser.com\/fr\/products\/octobers-very-own-x-air-jordan-12-retro-white-873864-102\/\" \/>\n<meta property=\"og:locale\" content=\"fr_FR\" \/>\n<meta property=\"og:type\" content=\"article\" \/>\n<meta property=\"og:title\" content=\"October&#039;s Very Own x Air Jordan 12 Retro &#039;White&#039; 873864-102 - TOURCRUISER PTE. LTD\" \/>\n<meta property=\"og:description\" content=\"La Air Jordan 12 Retro White x Octobers Very Own est le fruit d&rsquo;une collaboration entre la c\u00e9l\u00e8bre marque de streetwear OVO et la l\u00e9gendaire marque de basketball Jordan. Ces sneakers s\u00e9duisent par leur blanc immacul\u00e9, apportant une touche d&rsquo;\u00e9l\u00e9gance \u00e0 toutes les tenues. Gr\u00e2ce \u00e0 des mat\u00e9riaux de haute qualit\u00e9 et au logo iconique [&hellip;]\" \/>\n<meta property=\"og:url\" content=\"https:\/\/tourcruiser.com\/fr\/products\/octobers-very-own-x-air-jordan-12-retro-white-873864-102\/\" \/>\n<meta property=\"og:site_name\" content=\"Tourcruiser Sneaker Store\" \/>\n<meta property=\"article:modified_time\" content=\"2026-04-17T15:50:15+00:00\" \/>\n<meta name=\"twitter:card\" content=\"summary_large_image\" \/>\n<meta name=\"twitter:image\" content=\"https:\/\/images.novelship.com\/product\/october_s_very_own_x_air_jordan_12_retro__white__8_0_36277.jpeg;https:\/\/images.novelship.com\/product\/october_s_very_own_x_air_jordan_12_retro__white__8_1_36277.jpeg;https:\/\/images.novelship.com\/product\/october_s_very_own_x_air_jordan_12_retro__white__8_2_36277.jpeg;https:\/\/images.novelship.com\/product\/october_s_very_own_x_air_jordan_12_retro__white__8_3_36277.jpeg;https:\/\/images.novelship.com\/product\/october_s_very_own_x_air_jordan_12_retro__white__8_4_36277.jpeg;https:\/\/images.novelship.com\/product\/october_s_very_own_x_air_jordan_12_retro__white__8_5_36277.jpeg;https:\/\/images.novelship.com\/product\/october_s_very_own_x_air_jordan_12_retro__white__8_6_36277.jpeg;https:\/\/images.novelship.com\/product\/october_s_very_own_x_air_jordan_12_retro__white__8_7_36277.jpeg\" \/>\n<script type=\"application\/ld+json\" class=\"yoast-schema-graph\">{\"@context\":\"https:\/\/schema.org\",\"@graph\":[{\"@type\":\"WebPage\",\"@id\":\"https:\/\/tourcruiser.com\/fr\/products\/octobers-very-own-x-air-jordan-12-retro-white-873864-102\/\",\"url\":\"https:\/\/tourcruiser.com\/fr\/products\/octobers-very-own-x-air-jordan-12-retro-white-873864-102\/\",\"name\":\"October's Very Own x Air Jordan 12 Retro 'White' 873864-102 - TOURCRUISER PTE. LTD\",\"isPartOf\":{\"@id\":\"\/#website\"},\"primaryImageOfPage\":{\"@id\":\"https:\/\/tourcruiser.com\/fr\/products\/octobers-very-own-x-air-jordan-12-retro-white-873864-102\/#primaryimage\"},\"image\":{\"@id\":\"https:\/\/tourcruiser.com\/fr\/products\/octobers-very-own-x-air-jordan-12-retro-white-873864-102\/#primaryimage\"},\"thumbnailUrl\":\"https:\/\/images.novelship.com\/product\/october_s_very_own_x_air_jordan_12_retro__white__8_0_36277.jpeg;https:\/\/images.novelship.com\/product\/october_s_very_own_x_air_jordan_12_retro__white__8_1_36277.jpeg;https:\/\/images.novelship.com\/product\/october_s_very_own_x_air_jordan_12_retro__white__8_2_36277.jpeg;https:\/\/images.novelship.com\/product\/october_s_very_own_x_air_jordan_12_retro__white__8_3_36277.jpeg;https:\/\/images.novelship.com\/product\/october_s_very_own_x_air_jordan_12_retro__white__8_4_36277.jpeg;https:\/\/images.novelship.com\/product\/october_s_very_own_x_air_jordan_12_retro__white__8_5_36277.jpeg;https:\/\/images.novelship.com\/product\/october_s_very_own_x_air_jordan_12_retro__white__8_6_36277.jpeg;https:\/\/images.novelship.com\/product\/october_s_very_own_x_air_jordan_12_retro__white__8_7_36277.jpeg\",\"datePublished\":\"2026-04-16T10:08:25+00:00\",\"dateModified\":\"2026-04-17T15:50:15+00:00\",\"breadcrumb\":{\"@id\":\"https:\/\/tourcruiser.com\/fr\/products\/octobers-very-own-x-air-jordan-12-retro-white-873864-102\/#breadcrumb\"},\"inLanguage\":\"fr-FR\",\"potentialAction\":[{\"@type\":\"ReadAction\",\"target\":[\"https:\/\/tourcruiser.com\/fr\/products\/octobers-very-own-x-air-jordan-12-retro-white-873864-102\/\"]}]},{\"@type\":\"ImageObject\",\"inLanguage\":\"fr-FR\",\"@id\":\"https:\/\/tourcruiser.com\/fr\/products\/octobers-very-own-x-air-jordan-12-retro-white-873864-102\/#primaryimage\",\"url\":\"https:\/\/images.novelship.com\/product\/october_s_very_own_x_air_jordan_12_retro__white__8_0_36277.jpeg;https:\/\/images.novelship.com\/product\/october_s_very_own_x_air_jordan_12_retro__white__8_1_36277.jpeg;https:\/\/images.novelship.com\/product\/october_s_very_own_x_air_jordan_12_retro__white__8_2_36277.jpeg;https:\/\/images.novelship.com\/product\/october_s_very_own_x_air_jordan_12_retro__white__8_3_36277.jpeg;https:\/\/images.novelship.com\/product\/october_s_very_own_x_air_jordan_12_retro__white__8_4_36277.jpeg;https:\/\/images.novelship.com\/product\/october_s_very_own_x_air_jordan_12_retro__white__8_5_36277.jpeg;https:\/\/images.novelship.com\/product\/october_s_very_own_x_air_jordan_12_retro__white__8_6_36277.jpeg;https:\/\/images.novelship.com\/product\/october_s_very_own_x_air_jordan_12_retro__white__8_7_36277.jpeg\",\"contentUrl\":\"https:\/\/images.novelship.com\/product\/october_s_very_own_x_air_jordan_12_retro__white__8_0_36277.jpeg;https:\/\/images.novelship.com\/product\/october_s_very_own_x_air_jordan_12_retro__white__8_1_36277.jpeg;https:\/\/images.novelship.com\/product\/october_s_very_own_x_air_jordan_12_retro__white__8_2_36277.jpeg;https:\/\/images.novelship.com\/product\/october_s_very_own_x_air_jordan_12_retro__white__8_3_36277.jpeg;https:\/\/images.novelship.com\/product\/october_s_very_own_x_air_jordan_12_retro__white__8_4_36277.jpeg;https:\/\/images.novelship.com\/product\/october_s_very_own_x_air_jordan_12_retro__white__8_5_36277.jpeg;https:\/\/images.novelship.com\/product\/october_s_very_own_x_air_jordan_12_retro__white__8_6_36277.jpeg;https:\/\/images.novelship.com\/product\/october_s_very_own_x_air_jordan_12_retro__white__8_7_36277.jpeg\"},{\"@type\":\"BreadcrumbList\",\"@id\":\"https:\/\/tourcruiser.com\/fr\/products\/octobers-very-own-x-air-jordan-12-retro-white-873864-102\/#breadcrumb\",\"itemListElement\":[{\"@type\":\"ListItem\",\"position\":1,\"name\":\"Home\",\"item\":\"https:\/\/tourcruiser.com\/fr\/\"},{\"@type\":\"ListItem\",\"position\":2,\"name\":\"Shop\",\"item\":\"https:\/\/tourcruiser.com\/fr\/shop\/\"},{\"@type\":\"ListItem\",\"position\":3,\"name\":\"October&#8217;s Very Own x Air Jordan 12 Retro &#8216;White&#8217; 873864-102\"}]},{\"@type\":\"WebSite\",\"@id\":\"\/#website\",\"url\":\"\/\",\"name\":\"Styloral Jewelry Shop\",\"description\":\"Tourcruiser Sneaker Store \u2014 L\u2019endroit o\u00f9 l\u2019univers rencontre votre singularit\u00e9.\",\"publisher\":{\"@id\":\"\/#organization\"},\"potentialAction\":[{\"@type\":\"SearchAction\",\"target\":{\"@type\":\"EntryPoint\",\"urlTemplate\":\"\/?s={search_term_string}\"},\"query-input\":{\"@type\":\"PropertyValueSpecification\",\"valueRequired\":true,\"valueName\":\"search_term_string\"}}],\"inLanguage\":\"fr-FR\"},{\"@type\":\"Organization\",\"@id\":\"\/#organization\",\"name\":\"STYLORAL PTE. LTD\",\"url\":\"\/\",\"logo\":{\"@type\":\"ImageObject\",\"inLanguage\":\"fr-FR\",\"@id\":\"\/#\/schema\/logo\/image\/\",\"url\":\"https:\/\/www.tourcruiser.com\/wp-content\/uploads\/2025\/12\/logo.png\",\"contentUrl\":\"https:\/\/www.tourcruiser.com\/wp-content\/uploads\/2025\/12\/logo.png\",\"width\":200,\"height\":65,\"caption\":\"STYLORAL PTE. LTD\"},\"image\":{\"@id\":\"\/#\/schema\/logo\/image\/\"}}]}<\/script>\n<!-- \/ Yoast SEO plugin. -->","yoast_head_json":{"title":"October's Very Own x Air Jordan 12 Retro 'White' 873864-102 - TOURCRUISER PTE. LTD","robots":{"index":"index","follow":"follow","max-snippet":"max-snippet:-1","max-image-preview":"max-image-preview:large","max-video-preview":"max-video-preview:-1"},"canonical":"https:\/\/tourcruiser.com\/fr\/products\/octobers-very-own-x-air-jordan-12-retro-white-873864-102\/","og_locale":"fr_FR","og_type":"article","og_title":"October's Very Own x Air Jordan 12 Retro 'White' 873864-102 - TOURCRUISER PTE. LTD","og_description":"La Air Jordan 12 Retro White x Octobers Very Own est le fruit d&rsquo;une collaboration entre la c\u00e9l\u00e8bre marque de streetwear OVO et la l\u00e9gendaire marque de basketball Jordan. Ces sneakers s\u00e9duisent par leur blanc immacul\u00e9, apportant une touche d&rsquo;\u00e9l\u00e9gance \u00e0 toutes les tenues. Gr\u00e2ce \u00e0 des mat\u00e9riaux de haute qualit\u00e9 et au logo iconique [&hellip;]","og_url":"https:\/\/tourcruiser.com\/fr\/products\/octobers-very-own-x-air-jordan-12-retro-white-873864-102\/","og_site_name":"Tourcruiser Sneaker Store","article_modified_time":"2026-04-17T15:50:15+00:00","twitter_card":"summary_large_image","twitter_image":"https:\/\/images.novelship.com\/product\/october_s_very_own_x_air_jordan_12_retro__white__8_0_36277.jpeg;https:\/\/images.novelship.com\/product\/october_s_very_own_x_air_jordan_12_retro__white__8_1_36277.jpeg;https:\/\/images.novelship.com\/product\/october_s_very_own_x_air_jordan_12_retro__white__8_2_36277.jpeg;https:\/\/images.novelship.com\/product\/october_s_very_own_x_air_jordan_12_retro__white__8_3_36277.jpeg;https:\/\/images.novelship.com\/product\/october_s_very_own_x_air_jordan_12_retro__white__8_4_36277.jpeg;https:\/\/images.novelship.com\/product\/october_s_very_own_x_air_jordan_12_retro__white__8_5_36277.jpeg;https:\/\/images.novelship.com\/product\/october_s_very_own_x_air_jordan_12_retro__white__8_6_36277.jpeg;https:\/\/images.novelship.com\/product\/october_s_very_own_x_air_jordan_12_retro__white__8_7_36277.jpeg","schema":{"@context":"https:\/\/schema.org","@graph":[{"@type":"WebPage","@id":"https:\/\/tourcruiser.com\/fr\/products\/octobers-very-own-x-air-jordan-12-retro-white-873864-102\/","url":"https:\/\/tourcruiser.com\/fr\/products\/octobers-very-own-x-air-jordan-12-retro-white-873864-102\/","name":"October's Very Own x Air Jordan 12 Retro 'White' 873864-102 - TOURCRUISER PTE. LTD","isPartOf":{"@id":"\/#website"},"primaryImageOfPage":{"@id":"https:\/\/tourcruiser.com\/fr\/products\/octobers-very-own-x-air-jordan-12-retro-white-873864-102\/#primaryimage"},"image":{"@id":"https:\/\/tourcruiser.com\/fr\/products\/octobers-very-own-x-air-jordan-12-retro-white-873864-102\/#primaryimage"},"thumbnailUrl":"https:\/\/images.novelship.com\/product\/october_s_very_own_x_air_jordan_12_retro__white__8_0_36277.jpeg;https:\/\/images.novelship.com\/product\/october_s_very_own_x_air_jordan_12_retro__white__8_1_36277.jpeg;https:\/\/images.novelship.com\/product\/october_s_very_own_x_air_jordan_12_retro__white__8_2_36277.jpeg;https:\/\/images.novelship.com\/product\/october_s_very_own_x_air_jordan_12_retro__white__8_3_36277.jpeg;https:\/\/images.novelship.com\/product\/october_s_very_own_x_air_jordan_12_retro__white__8_4_36277.jpeg;https:\/\/images.novelship.com\/product\/october_s_very_own_x_air_jordan_12_retro__white__8_5_36277.jpeg;https:\/\/images.novelship.com\/product\/october_s_very_own_x_air_jordan_12_retro__white__8_6_36277.jpeg;https:\/\/images.novelship.com\/product\/october_s_very_own_x_air_jordan_12_retro__white__8_7_36277.jpeg","datePublished":"2026-04-16T10:08:25+00:00","dateModified":"2026-04-17T15:50:15+00:00","breadcrumb":{"@id":"https:\/\/tourcruiser.com\/fr\/products\/octobers-very-own-x-air-jordan-12-retro-white-873864-102\/#breadcrumb"},"inLanguage":"fr-FR","potentialAction":[{"@type":"ReadAction","target":["https:\/\/tourcruiser.com\/fr\/products\/octobers-very-own-x-air-jordan-12-retro-white-873864-102\/"]}]},{"@type":"ImageObject","inLanguage":"fr-FR","@id":"https:\/\/tourcruiser.com\/fr\/products\/octobers-very-own-x-air-jordan-12-retro-white-873864-102\/#primaryimage","url":"https:\/\/images.novelship.com\/product\/october_s_very_own_x_air_jordan_12_retro__white__8_0_36277.jpeg;https:\/\/images.novelship.com\/product\/october_s_very_own_x_air_jordan_12_retro__white__8_1_36277.jpeg;https:\/\/images.novelship.com\/product\/october_s_very_own_x_air_jordan_12_retro__white__8_2_36277.jpeg;https:\/\/images.novelship.com\/product\/october_s_very_own_x_air_jordan_12_retro__white__8_3_36277.jpeg;https:\/\/images.novelship.com\/product\/october_s_very_own_x_air_jordan_12_retro__white__8_4_36277.jpeg;https:\/\/images.novelship.com\/product\/october_s_very_own_x_air_jordan_12_retro__white__8_5_36277.jpeg;https:\/\/images.novelship.com\/product\/october_s_very_own_x_air_jordan_12_retro__white__8_6_36277.jpeg;https:\/\/images.novelship.com\/product\/october_s_very_own_x_air_jordan_12_retro__white__8_7_36277.jpeg","contentUrl":"https:\/\/images.novelship.com\/product\/october_s_very_own_x_air_jordan_12_retro__white__8_0_36277.jpeg;https:\/\/images.novelship.com\/product\/october_s_very_own_x_air_jordan_12_retro__white__8_1_36277.jpeg;https:\/\/images.novelship.com\/product\/october_s_very_own_x_air_jordan_12_retro__white__8_2_36277.jpeg;https:\/\/images.novelship.com\/product\/october_s_very_own_x_air_jordan_12_retro__white__8_3_36277.jpeg;https:\/\/images.novelship.com\/product\/october_s_very_own_x_air_jordan_12_retro__white__8_4_36277.jpeg;https:\/\/images.novelship.com\/product\/october_s_very_own_x_air_jordan_12_retro__white__8_5_36277.jpeg;https:\/\/images.novelship.com\/product\/october_s_very_own_x_air_jordan_12_retro__white__8_6_36277.jpeg;https:\/\/images.novelship.com\/product\/october_s_very_own_x_air_jordan_12_retro__white__8_7_36277.jpeg"},{"@type":"BreadcrumbList","@id":"https:\/\/tourcruiser.com\/fr\/products\/octobers-very-own-x-air-jordan-12-retro-white-873864-102\/#breadcrumb","itemListElement":[{"@type":"ListItem","position":1,"name":"Home","item":"https:\/\/tourcruiser.com\/fr\/"},{"@type":"ListItem","position":2,"name":"Shop","item":"https:\/\/tourcruiser.com\/fr\/shop\/"},{"@type":"ListItem","position":3,"name":"October&#8217;s Very Own x Air Jordan 12 Retro &#8216;White&#8217; 873864-102"}]},{"@type":"WebSite","@id":"\/#website","url":"\/","name":"Styloral Jewelry Shop","description":"Tourcruiser Sneaker Store \u2014 L\u2019endroit o\u00f9 l\u2019univers rencontre votre singularit\u00e9.","publisher":{"@id":"\/#organization"},"potentialAction":[{"@type":"SearchAction","target":{"@type":"EntryPoint","urlTemplate":"\/?s={search_term_string}"},"query-input":{"@type":"PropertyValueSpecification","valueRequired":true,"valueName":"search_term_string"}}],"inLanguage":"fr-FR"},{"@type":"Organization","@id":"\/#organization","name":"STYLORAL PTE. LTD","url":"\/","logo":{"@type":"ImageObject","inLanguage":"fr-FR","@id":"\/#\/schema\/logo\/image\/","url":"https:\/\/www.tourcruiser.com\/wp-content\/uploads\/2025\/12\/logo.png","contentUrl":"https:\/\/www.tourcruiser.com\/wp-content\/uploads\/2025\/12\/logo.png","width":200,"height":65,"caption":"STYLORAL PTE. LTD"},"image":{"@id":"\/#\/schema\/logo\/image\/"}}]}},"_links":{"self":[{"href":"https:\/\/tourcruiser.com\/fr\/wp-json\/wp\/v2\/product\/759732","targetHints":{"allow":["GET"]}}],"collection":[{"href":"https:\/\/tourcruiser.com\/fr\/wp-json\/wp\/v2\/product"}],"about":[{"href":"https:\/\/tourcruiser.com\/fr\/wp-json\/wp\/v2\/types\/product"}],"replies":[{"embeddable":true,"href":"https:\/\/tourcruiser.com\/fr\/wp-json\/wp\/v2\/comments?post=759732"}],"wp:featuredmedia":[{"embeddable":true,"href":"https:\/\/tourcruiser.com\/fr\/wp-json\/wp\/v2\/media\/759733"}],"wp:attachment":[{"href":"https:\/\/tourcruiser.com\/fr\/wp-json\/wp\/v2\/media?parent=759732"}],"wp:term":[{"taxonomy":"product_brand","embeddable":true,"href":"https:\/\/tourcruiser.com\/fr\/wp-json\/wp\/v2\/product_brand?post=759732"},{"taxonomy":"product_cat","embeddable":true,"href":"https:\/\/tourcruiser.com\/fr\/wp-json\/wp\/v2\/product_cat?post=759732"},{"taxonomy":"product_tag","embeddable":true,"href":"https:\/\/tourcruiser.com\/fr\/wp-json\/wp\/v2\/product_tag?post=759732"}],"curies":[{"name":"wp","href":"https:\/\/api.w.org\/{rel}","templated":true}]}}