{"id":759723,"date":"2026-04-16T17:08:25","date_gmt":"2026-04-16T10:08:25","guid":{"rendered":"http:\/\/tourcruiser.com\/product\/air-jordan-1-retro-high-og-all-starchameleon-907958-015"},"modified":"2026-04-17T22:50:14","modified_gmt":"2026-04-17T15:50:14","slug":"air-jordan-1-retro-high-og-all-starchameleon-907958-015","status":"publish","type":"product","link":"https:\/\/tourcruiser.com\/fr\/products\/air-jordan-1-retro-high-og-all-starchameleon-907958-015\/","title":{"rendered":"Air Jordan 1 Retro High OG &lsquo;All Star &#8211; Chameleon&rsquo; 907958-015"},"content":{"rendered":"<p>La Air Jordan 1 Retro High OG All Star Chameleon est une chaussure de basketball l\u00e9gendaire d&rsquo;un noir \u00e9l\u00e9gant. Son surnom, \u00ab\u00a0All-Star Chameleon\u00a0\u00bb, fait r\u00e9f\u00e9rence aux d\u00e9tails uniques et changeants de sa tige, \u00e9voquant le camouflage du cam\u00e9l\u00e9on. Avec son design r\u00e9tro et sa fabrication haut de gamme, cette chaussure allie style et performance pour tous les fans de basketball.<\/p>\n<p>Coloris\u00a0: Noir\/Noir\/Argent m\u00e9tallis\u00e9\/Blanc<\/p>\n<p>R\u00e9f\u00e9rence\u00a0: 907958-015<\/p>\n<p>Tige\u00a0: Cuir<\/p>\n<p>Semelle interm\u00e9diaire\u00a0: Air<\/p>\n<p>Couleur\u00a0: Noir<\/p>\n<p>Designer\u00a0: Peter Moore<\/p>\n<p>Saison\u00a0: Hiver<\/p>\n<p>Ann\u00e9e de sortie\u00a0: 2017<\/p>\n<p>\u00c2ge\u00a0: Adulte<br \/>\nCouleur\u00a0: Noir<br \/>\nGenre\u00a0: Homme<\/p>\n","protected":false},"excerpt":{"rendered":"<p>La Air Jordan 1 Retro High OG All Star Chameleon est une chaussure de basketball l\u00e9gendaire d&rsquo;un noir \u00e9l\u00e9gant. Son surnom, \u00ab\u00a0All-Star Chameleon\u00a0\u00bb, fait r\u00e9f\u00e9rence aux d\u00e9tails uniques et changeants de sa tige, \u00e9voquant le camouflage du cam\u00e9l\u00e9on. Avec son design r\u00e9tro et sa fabrication haut de gamme, cette chaussure allie style et performance pour [&hellip;]<\/p>\n","protected":false},"featured_media":759724,"comment_status":"open","ping_status":"closed","template":"","meta":[],"product_brand":[],"product_cat":[38880],"product_tag":[10800,38841,39257,38840,10776,11349,38875,10756,38866,38902],"class_list":{"0":"post-759723","1":"product","2":"type-product","3":"status-publish","4":"has-post-thumbnail","6":"product_cat-jordan","7":"product_tag-basketball-shoes","8":"product_tag-casual-shoes","9":"product_tag-casual-shoes-inspired-by-basketball","10":"product_tag-gift-ideas-for-him","11":"product_tag-jordan","12":"product_tag-jordan-basketball-shoes","13":"product_tag-jordan-skateboard-shoes","14":"product_tag-retro-casual-shoes","15":"product_tag-sports-shoes","16":"product_tag-trendy-offers","18":"first","19":"instock","20":"taxable","21":"shipping-taxable","22":"purchasable","23":"product-type-simple"},"wcpa_form_fields":null,"yoast_head":"<!-- This site is optimized with the Yoast SEO plugin v26.5 - https:\/\/yoast.com\/wordpress\/plugins\/seo\/ -->\n<title>Air Jordan 1 Retro High OG &#039;All Star - Chameleon&#039; 907958-015 - TOURCRUISER PTE. LTD<\/title>\n<meta name=\"robots\" content=\"index, follow, max-snippet:-1, max-image-preview:large, max-video-preview:-1\" \/>\n<link rel=\"canonical\" href=\"https:\/\/tourcruiser.com\/fr\/products\/air-jordan-1-retro-high-og-all-starchameleon-907958-015\/\" \/>\n<meta property=\"og:locale\" content=\"fr_FR\" \/>\n<meta property=\"og:type\" content=\"article\" \/>\n<meta property=\"og:title\" content=\"Air Jordan 1 Retro High OG &#039;All Star - Chameleon&#039; 907958-015 - TOURCRUISER PTE. LTD\" \/>\n<meta property=\"og:description\" content=\"La Air Jordan 1 Retro High OG All Star Chameleon est une chaussure de basketball l\u00e9gendaire d&rsquo;un noir \u00e9l\u00e9gant. Son surnom, \u00ab\u00a0All-Star Chameleon\u00a0\u00bb, fait r\u00e9f\u00e9rence aux d\u00e9tails uniques et changeants de sa tige, \u00e9voquant le camouflage du cam\u00e9l\u00e9on. Avec son design r\u00e9tro et sa fabrication haut de gamme, cette chaussure allie style et performance pour [&hellip;]\" \/>\n<meta property=\"og:url\" content=\"https:\/\/tourcruiser.com\/fr\/products\/air-jordan-1-retro-high-og-all-starchameleon-907958-015\/\" \/>\n<meta property=\"og:site_name\" content=\"Tourcruiser Sneaker Store\" \/>\n<meta property=\"article:modified_time\" content=\"2026-04-17T15:50:14+00:00\" \/>\n<meta name=\"twitter:card\" content=\"summary_large_image\" \/>\n<meta name=\"twitter:image\" content=\"https:\/\/images.novelship.com\/product\/air_jordan_1_retro_high_og__all_star___chameleon___0_38525.jpeg;https:\/\/images.novelship.com\/product\/air_jordan_1_retro_high_og__all_star___chameleon___1_38525.jpeg;https:\/\/images.novelship.com\/product\/air_jordan_1_retro_high_og__all_star___chameleon___2_38525.jpeg;https:\/\/images.novelship.com\/product\/air_jordan_1_retro_high_og__all_star___chameleon___3_38525.jpeg;https:\/\/images.novelship.com\/product\/air_jordan_1_retro_high_og__all_star___chameleon___4_38525.jpeg;https:\/\/images.novelship.com\/product\/air_jordan_1_retro_high_og__all_star___chameleon___5_38525.jpeg;https:\/\/images.novelship.com\/product\/air_jordan_1_retro_high_og__all_star___chameleon___6_38525.jpeg;https:\/\/images.novelship.com\/product\/air_jordan_1_retro_high_og__all_star___chameleon___7_38525.jpeg\" \/>\n<meta name=\"twitter:label1\" content=\"Dur\u00e9e de lecture estim\u00e9e\" \/>\n\t<meta name=\"twitter:data1\" content=\"1 minute\" \/>\n<script type=\"application\/ld+json\" class=\"yoast-schema-graph\">{\"@context\":\"https:\/\/schema.org\",\"@graph\":[{\"@type\":\"WebPage\",\"@id\":\"https:\/\/tourcruiser.com\/fr\/products\/air-jordan-1-retro-high-og-all-starchameleon-907958-015\/\",\"url\":\"https:\/\/tourcruiser.com\/fr\/products\/air-jordan-1-retro-high-og-all-starchameleon-907958-015\/\",\"name\":\"Air Jordan 1 Retro High OG 'All Star - Chameleon' 907958-015 - TOURCRUISER PTE. LTD\",\"isPartOf\":{\"@id\":\"\/#website\"},\"primaryImageOfPage\":{\"@id\":\"https:\/\/tourcruiser.com\/fr\/products\/air-jordan-1-retro-high-og-all-starchameleon-907958-015\/#primaryimage\"},\"image\":{\"@id\":\"https:\/\/tourcruiser.com\/fr\/products\/air-jordan-1-retro-high-og-all-starchameleon-907958-015\/#primaryimage\"},\"thumbnailUrl\":\"https:\/\/images.novelship.com\/product\/air_jordan_1_retro_high_og__all_star___chameleon___0_38525.jpeg;https:\/\/images.novelship.com\/product\/air_jordan_1_retro_high_og__all_star___chameleon___1_38525.jpeg;https:\/\/images.novelship.com\/product\/air_jordan_1_retro_high_og__all_star___chameleon___2_38525.jpeg;https:\/\/images.novelship.com\/product\/air_jordan_1_retro_high_og__all_star___chameleon___3_38525.jpeg;https:\/\/images.novelship.com\/product\/air_jordan_1_retro_high_og__all_star___chameleon___4_38525.jpeg;https:\/\/images.novelship.com\/product\/air_jordan_1_retro_high_og__all_star___chameleon___5_38525.jpeg;https:\/\/images.novelship.com\/product\/air_jordan_1_retro_high_og__all_star___chameleon___6_38525.jpeg;https:\/\/images.novelship.com\/product\/air_jordan_1_retro_high_og__all_star___chameleon___7_38525.jpeg\",\"datePublished\":\"2026-04-16T10:08:25+00:00\",\"dateModified\":\"2026-04-17T15:50:14+00:00\",\"breadcrumb\":{\"@id\":\"https:\/\/tourcruiser.com\/fr\/products\/air-jordan-1-retro-high-og-all-starchameleon-907958-015\/#breadcrumb\"},\"inLanguage\":\"fr-FR\",\"potentialAction\":[{\"@type\":\"ReadAction\",\"target\":[\"https:\/\/tourcruiser.com\/fr\/products\/air-jordan-1-retro-high-og-all-starchameleon-907958-015\/\"]}]},{\"@type\":\"ImageObject\",\"inLanguage\":\"fr-FR\",\"@id\":\"https:\/\/tourcruiser.com\/fr\/products\/air-jordan-1-retro-high-og-all-starchameleon-907958-015\/#primaryimage\",\"url\":\"https:\/\/images.novelship.com\/product\/air_jordan_1_retro_high_og__all_star___chameleon___0_38525.jpeg;https:\/\/images.novelship.com\/product\/air_jordan_1_retro_high_og__all_star___chameleon___1_38525.jpeg;https:\/\/images.novelship.com\/product\/air_jordan_1_retro_high_og__all_star___chameleon___2_38525.jpeg;https:\/\/images.novelship.com\/product\/air_jordan_1_retro_high_og__all_star___chameleon___3_38525.jpeg;https:\/\/images.novelship.com\/product\/air_jordan_1_retro_high_og__all_star___chameleon___4_38525.jpeg;https:\/\/images.novelship.com\/product\/air_jordan_1_retro_high_og__all_star___chameleon___5_38525.jpeg;https:\/\/images.novelship.com\/product\/air_jordan_1_retro_high_og__all_star___chameleon___6_38525.jpeg;https:\/\/images.novelship.com\/product\/air_jordan_1_retro_high_og__all_star___chameleon___7_38525.jpeg\",\"contentUrl\":\"https:\/\/images.novelship.com\/product\/air_jordan_1_retro_high_og__all_star___chameleon___0_38525.jpeg;https:\/\/images.novelship.com\/product\/air_jordan_1_retro_high_og__all_star___chameleon___1_38525.jpeg;https:\/\/images.novelship.com\/product\/air_jordan_1_retro_high_og__all_star___chameleon___2_38525.jpeg;https:\/\/images.novelship.com\/product\/air_jordan_1_retro_high_og__all_star___chameleon___3_38525.jpeg;https:\/\/images.novelship.com\/product\/air_jordan_1_retro_high_og__all_star___chameleon___4_38525.jpeg;https:\/\/images.novelship.com\/product\/air_jordan_1_retro_high_og__all_star___chameleon___5_38525.jpeg;https:\/\/images.novelship.com\/product\/air_jordan_1_retro_high_og__all_star___chameleon___6_38525.jpeg;https:\/\/images.novelship.com\/product\/air_jordan_1_retro_high_og__all_star___chameleon___7_38525.jpeg\"},{\"@type\":\"BreadcrumbList\",\"@id\":\"https:\/\/tourcruiser.com\/fr\/products\/air-jordan-1-retro-high-og-all-starchameleon-907958-015\/#breadcrumb\",\"itemListElement\":[{\"@type\":\"ListItem\",\"position\":1,\"name\":\"Home\",\"item\":\"https:\/\/tourcruiser.com\/fr\/\"},{\"@type\":\"ListItem\",\"position\":2,\"name\":\"Shop\",\"item\":\"https:\/\/tourcruiser.com\/fr\/shop\/\"},{\"@type\":\"ListItem\",\"position\":3,\"name\":\"Air Jordan 1 Retro High OG &#8216;All Star &#8211; Chameleon&#8217; 907958-015\"}]},{\"@type\":\"WebSite\",\"@id\":\"\/#website\",\"url\":\"\/\",\"name\":\"Styloral Jewelry Shop\",\"description\":\"Tourcruiser Sneaker Store \u2014 L\u2019endroit o\u00f9 l\u2019univers rencontre votre singularit\u00e9.\",\"publisher\":{\"@id\":\"\/#organization\"},\"potentialAction\":[{\"@type\":\"SearchAction\",\"target\":{\"@type\":\"EntryPoint\",\"urlTemplate\":\"\/?s={search_term_string}\"},\"query-input\":{\"@type\":\"PropertyValueSpecification\",\"valueRequired\":true,\"valueName\":\"search_term_string\"}}],\"inLanguage\":\"fr-FR\"},{\"@type\":\"Organization\",\"@id\":\"\/#organization\",\"name\":\"STYLORAL PTE. LTD\",\"url\":\"\/\",\"logo\":{\"@type\":\"ImageObject\",\"inLanguage\":\"fr-FR\",\"@id\":\"\/#\/schema\/logo\/image\/\",\"url\":\"https:\/\/www.tourcruiser.com\/wp-content\/uploads\/2025\/12\/logo.png\",\"contentUrl\":\"https:\/\/www.tourcruiser.com\/wp-content\/uploads\/2025\/12\/logo.png\",\"width\":200,\"height\":65,\"caption\":\"STYLORAL PTE. LTD\"},\"image\":{\"@id\":\"\/#\/schema\/logo\/image\/\"}}]}<\/script>\n<!-- \/ Yoast SEO plugin. -->","yoast_head_json":{"title":"Air Jordan 1 Retro High OG 'All Star - Chameleon' 907958-015 - TOURCRUISER PTE. LTD","robots":{"index":"index","follow":"follow","max-snippet":"max-snippet:-1","max-image-preview":"max-image-preview:large","max-video-preview":"max-video-preview:-1"},"canonical":"https:\/\/tourcruiser.com\/fr\/products\/air-jordan-1-retro-high-og-all-starchameleon-907958-015\/","og_locale":"fr_FR","og_type":"article","og_title":"Air Jordan 1 Retro High OG 'All Star - Chameleon' 907958-015 - TOURCRUISER PTE. LTD","og_description":"La Air Jordan 1 Retro High OG All Star Chameleon est une chaussure de basketball l\u00e9gendaire d&rsquo;un noir \u00e9l\u00e9gant. Son surnom, \u00ab\u00a0All-Star Chameleon\u00a0\u00bb, fait r\u00e9f\u00e9rence aux d\u00e9tails uniques et changeants de sa tige, \u00e9voquant le camouflage du cam\u00e9l\u00e9on. Avec son design r\u00e9tro et sa fabrication haut de gamme, cette chaussure allie style et performance pour [&hellip;]","og_url":"https:\/\/tourcruiser.com\/fr\/products\/air-jordan-1-retro-high-og-all-starchameleon-907958-015\/","og_site_name":"Tourcruiser Sneaker Store","article_modified_time":"2026-04-17T15:50:14+00:00","twitter_card":"summary_large_image","twitter_image":"https:\/\/images.novelship.com\/product\/air_jordan_1_retro_high_og__all_star___chameleon___0_38525.jpeg;https:\/\/images.novelship.com\/product\/air_jordan_1_retro_high_og__all_star___chameleon___1_38525.jpeg;https:\/\/images.novelship.com\/product\/air_jordan_1_retro_high_og__all_star___chameleon___2_38525.jpeg;https:\/\/images.novelship.com\/product\/air_jordan_1_retro_high_og__all_star___chameleon___3_38525.jpeg;https:\/\/images.novelship.com\/product\/air_jordan_1_retro_high_og__all_star___chameleon___4_38525.jpeg;https:\/\/images.novelship.com\/product\/air_jordan_1_retro_high_og__all_star___chameleon___5_38525.jpeg;https:\/\/images.novelship.com\/product\/air_jordan_1_retro_high_og__all_star___chameleon___6_38525.jpeg;https:\/\/images.novelship.com\/product\/air_jordan_1_retro_high_og__all_star___chameleon___7_38525.jpeg","twitter_misc":{"Dur\u00e9e de lecture estim\u00e9e":"1 minute"},"schema":{"@context":"https:\/\/schema.org","@graph":[{"@type":"WebPage","@id":"https:\/\/tourcruiser.com\/fr\/products\/air-jordan-1-retro-high-og-all-starchameleon-907958-015\/","url":"https:\/\/tourcruiser.com\/fr\/products\/air-jordan-1-retro-high-og-all-starchameleon-907958-015\/","name":"Air Jordan 1 Retro High OG 'All Star - Chameleon' 907958-015 - TOURCRUISER PTE. LTD","isPartOf":{"@id":"\/#website"},"primaryImageOfPage":{"@id":"https:\/\/tourcruiser.com\/fr\/products\/air-jordan-1-retro-high-og-all-starchameleon-907958-015\/#primaryimage"},"image":{"@id":"https:\/\/tourcruiser.com\/fr\/products\/air-jordan-1-retro-high-og-all-starchameleon-907958-015\/#primaryimage"},"thumbnailUrl":"https:\/\/images.novelship.com\/product\/air_jordan_1_retro_high_og__all_star___chameleon___0_38525.jpeg;https:\/\/images.novelship.com\/product\/air_jordan_1_retro_high_og__all_star___chameleon___1_38525.jpeg;https:\/\/images.novelship.com\/product\/air_jordan_1_retro_high_og__all_star___chameleon___2_38525.jpeg;https:\/\/images.novelship.com\/product\/air_jordan_1_retro_high_og__all_star___chameleon___3_38525.jpeg;https:\/\/images.novelship.com\/product\/air_jordan_1_retro_high_og__all_star___chameleon___4_38525.jpeg;https:\/\/images.novelship.com\/product\/air_jordan_1_retro_high_og__all_star___chameleon___5_38525.jpeg;https:\/\/images.novelship.com\/product\/air_jordan_1_retro_high_og__all_star___chameleon___6_38525.jpeg;https:\/\/images.novelship.com\/product\/air_jordan_1_retro_high_og__all_star___chameleon___7_38525.jpeg","datePublished":"2026-04-16T10:08:25+00:00","dateModified":"2026-04-17T15:50:14+00:00","breadcrumb":{"@id":"https:\/\/tourcruiser.com\/fr\/products\/air-jordan-1-retro-high-og-all-starchameleon-907958-015\/#breadcrumb"},"inLanguage":"fr-FR","potentialAction":[{"@type":"ReadAction","target":["https:\/\/tourcruiser.com\/fr\/products\/air-jordan-1-retro-high-og-all-starchameleon-907958-015\/"]}]},{"@type":"ImageObject","inLanguage":"fr-FR","@id":"https:\/\/tourcruiser.com\/fr\/products\/air-jordan-1-retro-high-og-all-starchameleon-907958-015\/#primaryimage","url":"https:\/\/images.novelship.com\/product\/air_jordan_1_retro_high_og__all_star___chameleon___0_38525.jpeg;https:\/\/images.novelship.com\/product\/air_jordan_1_retro_high_og__all_star___chameleon___1_38525.jpeg;https:\/\/images.novelship.com\/product\/air_jordan_1_retro_high_og__all_star___chameleon___2_38525.jpeg;https:\/\/images.novelship.com\/product\/air_jordan_1_retro_high_og__all_star___chameleon___3_38525.jpeg;https:\/\/images.novelship.com\/product\/air_jordan_1_retro_high_og__all_star___chameleon___4_38525.jpeg;https:\/\/images.novelship.com\/product\/air_jordan_1_retro_high_og__all_star___chameleon___5_38525.jpeg;https:\/\/images.novelship.com\/product\/air_jordan_1_retro_high_og__all_star___chameleon___6_38525.jpeg;https:\/\/images.novelship.com\/product\/air_jordan_1_retro_high_og__all_star___chameleon___7_38525.jpeg","contentUrl":"https:\/\/images.novelship.com\/product\/air_jordan_1_retro_high_og__all_star___chameleon___0_38525.jpeg;https:\/\/images.novelship.com\/product\/air_jordan_1_retro_high_og__all_star___chameleon___1_38525.jpeg;https:\/\/images.novelship.com\/product\/air_jordan_1_retro_high_og__all_star___chameleon___2_38525.jpeg;https:\/\/images.novelship.com\/product\/air_jordan_1_retro_high_og__all_star___chameleon___3_38525.jpeg;https:\/\/images.novelship.com\/product\/air_jordan_1_retro_high_og__all_star___chameleon___4_38525.jpeg;https:\/\/images.novelship.com\/product\/air_jordan_1_retro_high_og__all_star___chameleon___5_38525.jpeg;https:\/\/images.novelship.com\/product\/air_jordan_1_retro_high_og__all_star___chameleon___6_38525.jpeg;https:\/\/images.novelship.com\/product\/air_jordan_1_retro_high_og__all_star___chameleon___7_38525.jpeg"},{"@type":"BreadcrumbList","@id":"https:\/\/tourcruiser.com\/fr\/products\/air-jordan-1-retro-high-og-all-starchameleon-907958-015\/#breadcrumb","itemListElement":[{"@type":"ListItem","position":1,"name":"Home","item":"https:\/\/tourcruiser.com\/fr\/"},{"@type":"ListItem","position":2,"name":"Shop","item":"https:\/\/tourcruiser.com\/fr\/shop\/"},{"@type":"ListItem","position":3,"name":"Air Jordan 1 Retro High OG &#8216;All Star &#8211; Chameleon&#8217; 907958-015"}]},{"@type":"WebSite","@id":"\/#website","url":"\/","name":"Styloral Jewelry Shop","description":"Tourcruiser Sneaker Store \u2014 L\u2019endroit o\u00f9 l\u2019univers rencontre votre singularit\u00e9.","publisher":{"@id":"\/#organization"},"potentialAction":[{"@type":"SearchAction","target":{"@type":"EntryPoint","urlTemplate":"\/?s={search_term_string}"},"query-input":{"@type":"PropertyValueSpecification","valueRequired":true,"valueName":"search_term_string"}}],"inLanguage":"fr-FR"},{"@type":"Organization","@id":"\/#organization","name":"STYLORAL PTE. LTD","url":"\/","logo":{"@type":"ImageObject","inLanguage":"fr-FR","@id":"\/#\/schema\/logo\/image\/","url":"https:\/\/www.tourcruiser.com\/wp-content\/uploads\/2025\/12\/logo.png","contentUrl":"https:\/\/www.tourcruiser.com\/wp-content\/uploads\/2025\/12\/logo.png","width":200,"height":65,"caption":"STYLORAL PTE. LTD"},"image":{"@id":"\/#\/schema\/logo\/image\/"}}]}},"_links":{"self":[{"href":"https:\/\/tourcruiser.com\/fr\/wp-json\/wp\/v2\/product\/759723","targetHints":{"allow":["GET"]}}],"collection":[{"href":"https:\/\/tourcruiser.com\/fr\/wp-json\/wp\/v2\/product"}],"about":[{"href":"https:\/\/tourcruiser.com\/fr\/wp-json\/wp\/v2\/types\/product"}],"replies":[{"embeddable":true,"href":"https:\/\/tourcruiser.com\/fr\/wp-json\/wp\/v2\/comments?post=759723"}],"wp:featuredmedia":[{"embeddable":true,"href":"https:\/\/tourcruiser.com\/fr\/wp-json\/wp\/v2\/media\/759724"}],"wp:attachment":[{"href":"https:\/\/tourcruiser.com\/fr\/wp-json\/wp\/v2\/media?parent=759723"}],"wp:term":[{"taxonomy":"product_brand","embeddable":true,"href":"https:\/\/tourcruiser.com\/fr\/wp-json\/wp\/v2\/product_brand?post=759723"},{"taxonomy":"product_cat","embeddable":true,"href":"https:\/\/tourcruiser.com\/fr\/wp-json\/wp\/v2\/product_cat?post=759723"},{"taxonomy":"product_tag","embeddable":true,"href":"https:\/\/tourcruiser.com\/fr\/wp-json\/wp\/v2\/product_tag?post=759723"}],"curies":[{"name":"wp","href":"https:\/\/api.w.org\/{rel}","templated":true}]}}