{"id":759714,"date":"2026-04-16T17:08:25","date_gmt":"2026-04-16T10:08:25","guid":{"rendered":"http:\/\/tourcruiser.com\/product\/octobers-very-own-x-air-jordan-8-retro-white-aa1239-135"},"modified":"2026-04-17T21:55:14","modified_gmt":"2026-04-17T14:55:14","slug":"octobers-very-own-x-air-jordan-8-retro-white-aa1239-135","status":"publish","type":"product","link":"https:\/\/tourcruiser.com\/fr\/products\/octobers-very-own-x-air-jordan-8-retro-white-aa1239-135\/","title":{"rendered":"October&rsquo;s Very Own x Air Jordan 8 Retro &lsquo;White&rsquo; AA1239-135"},"content":{"rendered":"<p>La Air Jordan 8 Retro White x Octobers Very Own, \u00e9galement connue sous le nom de White Edition, est le fruit d&rsquo;une collaboration entre OVO et Jordan. Ces sneakers s\u00e9duisent par leur blanc immacul\u00e9 et intemporel, leur conf\u00e9rant polyvalence et style. Gr\u00e2ce \u00e0 des mat\u00e9riaux de haute qualit\u00e9 et un confort optimal, elles sont parfaites pour les loisirs comme pour le sport. Affichez votre passion pour OVO et Jordan avec cette collaboration en \u00e9dition limit\u00e9e.<\/p>\n<p>Coloris\u00a0: Blanc\/Or m\u00e9tallis\u00e9\/Rouge universitaire\/Blur<\/p>\n<p>Code article\u00a0: AA1239-135<\/p>\n<p>Tige\u00a0: Cuir<\/p>\n<p>Semelle interm\u00e9diaire\u00a0: Air<\/p>\n<p>Couleur\u00a0: Blanc<\/p>\n<p>Designer\u00a0: Tinker Hatfield<\/p>\n<p>Saison\u00a0: Hiver<\/p>\n<p>Ann\u00e9e de sortie\u00a0: 2018<\/p>\n<p>\u00c2ge\u00a0: Adulte<\/p>\n<p>Couleur\u00a0: Blanc<\/p>\n<p>Genre\u00a0: Homme<\/p>\n","protected":false},"excerpt":{"rendered":"<p>La Air Jordan 8 Retro White x Octobers Very Own, \u00e9galement connue sous le nom de White Edition, est le fruit d&rsquo;une collaboration entre OVO et Jordan. Ces sneakers s\u00e9duisent par leur blanc immacul\u00e9 et intemporel, leur conf\u00e9rant polyvalence et style. Gr\u00e2ce \u00e0 des mat\u00e9riaux de haute qualit\u00e9 et un confort optimal, elles sont parfaites [&hellip;]<\/p>\n","protected":false},"featured_media":759715,"comment_status":"open","ping_status":"closed","template":"","meta":[],"product_brand":[],"product_cat":[38880],"product_tag":[10750,38861,38841,38975,38842,10776,11349,38875,10756],"class_list":{"0":"post-759714","1":"product","2":"type-product","3":"status-publish","4":"has-post-thumbnail","6":"product_cat-jordan","7":"product_tag-athleisure-shoes","8":"product_tag-below-retail-price","9":"product_tag-casual-shoes","10":"product_tag-casual-shoes-basketball-inspired","11":"product_tag-gift-idea-for-him","12":"product_tag-jordan","13":"product_tag-jordan-basketball-shoes","14":"product_tag-jordan-skateboard-shoes","15":"product_tag-retro-casual-shoes","17":"first","18":"instock","19":"taxable","20":"shipping-taxable","21":"purchasable","22":"product-type-simple"},"wcpa_form_fields":null,"yoast_head":"<!-- This site is optimized with the Yoast SEO plugin v26.5 - https:\/\/yoast.com\/wordpress\/plugins\/seo\/ -->\n<title>October&#039;s Very Own x Air Jordan 8 Retro &#039;White&#039; AA1239-135 - TOURCRUISER PTE. LTD<\/title>\n<meta name=\"robots\" content=\"index, follow, max-snippet:-1, max-image-preview:large, max-video-preview:-1\" \/>\n<link rel=\"canonical\" href=\"https:\/\/tourcruiser.com\/fr\/products\/octobers-very-own-x-air-jordan-8-retro-white-aa1239-135\/\" \/>\n<meta property=\"og:locale\" content=\"fr_FR\" \/>\n<meta property=\"og:type\" content=\"article\" \/>\n<meta property=\"og:title\" content=\"October&#039;s Very Own x Air Jordan 8 Retro &#039;White&#039; AA1239-135 - TOURCRUISER PTE. LTD\" \/>\n<meta property=\"og:description\" content=\"La Air Jordan 8 Retro White x Octobers Very Own, \u00e9galement connue sous le nom de White Edition, est le fruit d&rsquo;une collaboration entre OVO et Jordan. Ces sneakers s\u00e9duisent par leur blanc immacul\u00e9 et intemporel, leur conf\u00e9rant polyvalence et style. Gr\u00e2ce \u00e0 des mat\u00e9riaux de haute qualit\u00e9 et un confort optimal, elles sont parfaites [&hellip;]\" \/>\n<meta property=\"og:url\" content=\"https:\/\/tourcruiser.com\/fr\/products\/octobers-very-own-x-air-jordan-8-retro-white-aa1239-135\/\" \/>\n<meta property=\"og:site_name\" content=\"Tourcruiser Sneaker Store\" \/>\n<meta property=\"article:modified_time\" content=\"2026-04-17T14:55:14+00:00\" \/>\n<meta name=\"twitter:card\" content=\"summary_large_image\" \/>\n<meta name=\"twitter:image\" content=\"https:\/\/images.novelship.com\/product\/october_s_very_own_x_air_jordan_8_retro__white__aa_0_13625.jpeg;https:\/\/images.novelship.com\/product\/october_s_very_own_x_air_jordan_8_retro__white__aa_1_13625.jpeg;https:\/\/images.novelship.com\/product\/october_s_very_own_x_air_jordan_8_retro__white__aa_2_13625.jpeg;https:\/\/images.novelship.com\/product\/october_s_very_own_x_air_jordan_8_retro__white__aa_3_13625.jpeg;https:\/\/images.novelship.com\/product\/october_s_very_own_x_air_jordan_8_retro__white__aa_4_13625.jpeg;https:\/\/images.novelship.com\/product\/october_s_very_own_x_air_jordan_8_retro__white__aa_5_13625.jpeg;https:\/\/images.novelship.com\/product\/october_s_very_own_x_air_jordan_8_retro__white__aa_6_13625.jpeg;https:\/\/images.novelship.com\/product\/october_s_very_own_x_air_jordan_8_retro__white__aa_7_13625.jpeg\" \/>\n<meta name=\"twitter:label1\" content=\"Dur\u00e9e de lecture estim\u00e9e\" \/>\n\t<meta name=\"twitter:data1\" content=\"1 minute\" \/>\n<script type=\"application\/ld+json\" class=\"yoast-schema-graph\">{\"@context\":\"https:\/\/schema.org\",\"@graph\":[{\"@type\":\"WebPage\",\"@id\":\"https:\/\/tourcruiser.com\/fr\/products\/octobers-very-own-x-air-jordan-8-retro-white-aa1239-135\/\",\"url\":\"https:\/\/tourcruiser.com\/fr\/products\/octobers-very-own-x-air-jordan-8-retro-white-aa1239-135\/\",\"name\":\"October's Very Own x Air Jordan 8 Retro 'White' AA1239-135 - TOURCRUISER PTE. LTD\",\"isPartOf\":{\"@id\":\"\/#website\"},\"primaryImageOfPage\":{\"@id\":\"https:\/\/tourcruiser.com\/fr\/products\/octobers-very-own-x-air-jordan-8-retro-white-aa1239-135\/#primaryimage\"},\"image\":{\"@id\":\"https:\/\/tourcruiser.com\/fr\/products\/octobers-very-own-x-air-jordan-8-retro-white-aa1239-135\/#primaryimage\"},\"thumbnailUrl\":\"https:\/\/images.novelship.com\/product\/october_s_very_own_x_air_jordan_8_retro__white__aa_0_13625.jpeg;https:\/\/images.novelship.com\/product\/october_s_very_own_x_air_jordan_8_retro__white__aa_1_13625.jpeg;https:\/\/images.novelship.com\/product\/october_s_very_own_x_air_jordan_8_retro__white__aa_2_13625.jpeg;https:\/\/images.novelship.com\/product\/october_s_very_own_x_air_jordan_8_retro__white__aa_3_13625.jpeg;https:\/\/images.novelship.com\/product\/october_s_very_own_x_air_jordan_8_retro__white__aa_4_13625.jpeg;https:\/\/images.novelship.com\/product\/october_s_very_own_x_air_jordan_8_retro__white__aa_5_13625.jpeg;https:\/\/images.novelship.com\/product\/october_s_very_own_x_air_jordan_8_retro__white__aa_6_13625.jpeg;https:\/\/images.novelship.com\/product\/october_s_very_own_x_air_jordan_8_retro__white__aa_7_13625.jpeg\",\"datePublished\":\"2026-04-16T10:08:25+00:00\",\"dateModified\":\"2026-04-17T14:55:14+00:00\",\"breadcrumb\":{\"@id\":\"https:\/\/tourcruiser.com\/fr\/products\/octobers-very-own-x-air-jordan-8-retro-white-aa1239-135\/#breadcrumb\"},\"inLanguage\":\"fr-FR\",\"potentialAction\":[{\"@type\":\"ReadAction\",\"target\":[\"https:\/\/tourcruiser.com\/fr\/products\/octobers-very-own-x-air-jordan-8-retro-white-aa1239-135\/\"]}]},{\"@type\":\"ImageObject\",\"inLanguage\":\"fr-FR\",\"@id\":\"https:\/\/tourcruiser.com\/fr\/products\/octobers-very-own-x-air-jordan-8-retro-white-aa1239-135\/#primaryimage\",\"url\":\"https:\/\/images.novelship.com\/product\/october_s_very_own_x_air_jordan_8_retro__white__aa_0_13625.jpeg;https:\/\/images.novelship.com\/product\/october_s_very_own_x_air_jordan_8_retro__white__aa_1_13625.jpeg;https:\/\/images.novelship.com\/product\/october_s_very_own_x_air_jordan_8_retro__white__aa_2_13625.jpeg;https:\/\/images.novelship.com\/product\/october_s_very_own_x_air_jordan_8_retro__white__aa_3_13625.jpeg;https:\/\/images.novelship.com\/product\/october_s_very_own_x_air_jordan_8_retro__white__aa_4_13625.jpeg;https:\/\/images.novelship.com\/product\/october_s_very_own_x_air_jordan_8_retro__white__aa_5_13625.jpeg;https:\/\/images.novelship.com\/product\/october_s_very_own_x_air_jordan_8_retro__white__aa_6_13625.jpeg;https:\/\/images.novelship.com\/product\/october_s_very_own_x_air_jordan_8_retro__white__aa_7_13625.jpeg\",\"contentUrl\":\"https:\/\/images.novelship.com\/product\/october_s_very_own_x_air_jordan_8_retro__white__aa_0_13625.jpeg;https:\/\/images.novelship.com\/product\/october_s_very_own_x_air_jordan_8_retro__white__aa_1_13625.jpeg;https:\/\/images.novelship.com\/product\/october_s_very_own_x_air_jordan_8_retro__white__aa_2_13625.jpeg;https:\/\/images.novelship.com\/product\/october_s_very_own_x_air_jordan_8_retro__white__aa_3_13625.jpeg;https:\/\/images.novelship.com\/product\/october_s_very_own_x_air_jordan_8_retro__white__aa_4_13625.jpeg;https:\/\/images.novelship.com\/product\/october_s_very_own_x_air_jordan_8_retro__white__aa_5_13625.jpeg;https:\/\/images.novelship.com\/product\/october_s_very_own_x_air_jordan_8_retro__white__aa_6_13625.jpeg;https:\/\/images.novelship.com\/product\/october_s_very_own_x_air_jordan_8_retro__white__aa_7_13625.jpeg\"},{\"@type\":\"BreadcrumbList\",\"@id\":\"https:\/\/tourcruiser.com\/fr\/products\/octobers-very-own-x-air-jordan-8-retro-white-aa1239-135\/#breadcrumb\",\"itemListElement\":[{\"@type\":\"ListItem\",\"position\":1,\"name\":\"Home\",\"item\":\"https:\/\/tourcruiser.com\/fr\/\"},{\"@type\":\"ListItem\",\"position\":2,\"name\":\"Shop\",\"item\":\"https:\/\/tourcruiser.com\/fr\/shop\/\"},{\"@type\":\"ListItem\",\"position\":3,\"name\":\"October&#8217;s Very Own x Air Jordan 8 Retro &#8216;White&#8217; AA1239-135\"}]},{\"@type\":\"WebSite\",\"@id\":\"\/#website\",\"url\":\"\/\",\"name\":\"Styloral Jewelry Shop\",\"description\":\"Tourcruiser Sneaker Store \u2014 L\u2019endroit o\u00f9 l\u2019univers rencontre votre singularit\u00e9.\",\"publisher\":{\"@id\":\"\/#organization\"},\"potentialAction\":[{\"@type\":\"SearchAction\",\"target\":{\"@type\":\"EntryPoint\",\"urlTemplate\":\"\/?s={search_term_string}\"},\"query-input\":{\"@type\":\"PropertyValueSpecification\",\"valueRequired\":true,\"valueName\":\"search_term_string\"}}],\"inLanguage\":\"fr-FR\"},{\"@type\":\"Organization\",\"@id\":\"\/#organization\",\"name\":\"STYLORAL PTE. LTD\",\"url\":\"\/\",\"logo\":{\"@type\":\"ImageObject\",\"inLanguage\":\"fr-FR\",\"@id\":\"\/#\/schema\/logo\/image\/\",\"url\":\"https:\/\/www.tourcruiser.com\/wp-content\/uploads\/2025\/12\/logo.png\",\"contentUrl\":\"https:\/\/www.tourcruiser.com\/wp-content\/uploads\/2025\/12\/logo.png\",\"width\":200,\"height\":65,\"caption\":\"STYLORAL PTE. LTD\"},\"image\":{\"@id\":\"\/#\/schema\/logo\/image\/\"}}]}<\/script>\n<!-- \/ Yoast SEO plugin. -->","yoast_head_json":{"title":"October's Very Own x Air Jordan 8 Retro 'White' AA1239-135 - TOURCRUISER PTE. LTD","robots":{"index":"index","follow":"follow","max-snippet":"max-snippet:-1","max-image-preview":"max-image-preview:large","max-video-preview":"max-video-preview:-1"},"canonical":"https:\/\/tourcruiser.com\/fr\/products\/octobers-very-own-x-air-jordan-8-retro-white-aa1239-135\/","og_locale":"fr_FR","og_type":"article","og_title":"October's Very Own x Air Jordan 8 Retro 'White' AA1239-135 - TOURCRUISER PTE. LTD","og_description":"La Air Jordan 8 Retro White x Octobers Very Own, \u00e9galement connue sous le nom de White Edition, est le fruit d&rsquo;une collaboration entre OVO et Jordan. Ces sneakers s\u00e9duisent par leur blanc immacul\u00e9 et intemporel, leur conf\u00e9rant polyvalence et style. Gr\u00e2ce \u00e0 des mat\u00e9riaux de haute qualit\u00e9 et un confort optimal, elles sont parfaites [&hellip;]","og_url":"https:\/\/tourcruiser.com\/fr\/products\/octobers-very-own-x-air-jordan-8-retro-white-aa1239-135\/","og_site_name":"Tourcruiser Sneaker Store","article_modified_time":"2026-04-17T14:55:14+00:00","twitter_card":"summary_large_image","twitter_image":"https:\/\/images.novelship.com\/product\/october_s_very_own_x_air_jordan_8_retro__white__aa_0_13625.jpeg;https:\/\/images.novelship.com\/product\/october_s_very_own_x_air_jordan_8_retro__white__aa_1_13625.jpeg;https:\/\/images.novelship.com\/product\/october_s_very_own_x_air_jordan_8_retro__white__aa_2_13625.jpeg;https:\/\/images.novelship.com\/product\/october_s_very_own_x_air_jordan_8_retro__white__aa_3_13625.jpeg;https:\/\/images.novelship.com\/product\/october_s_very_own_x_air_jordan_8_retro__white__aa_4_13625.jpeg;https:\/\/images.novelship.com\/product\/october_s_very_own_x_air_jordan_8_retro__white__aa_5_13625.jpeg;https:\/\/images.novelship.com\/product\/october_s_very_own_x_air_jordan_8_retro__white__aa_6_13625.jpeg;https:\/\/images.novelship.com\/product\/october_s_very_own_x_air_jordan_8_retro__white__aa_7_13625.jpeg","twitter_misc":{"Dur\u00e9e de lecture estim\u00e9e":"1 minute"},"schema":{"@context":"https:\/\/schema.org","@graph":[{"@type":"WebPage","@id":"https:\/\/tourcruiser.com\/fr\/products\/octobers-very-own-x-air-jordan-8-retro-white-aa1239-135\/","url":"https:\/\/tourcruiser.com\/fr\/products\/octobers-very-own-x-air-jordan-8-retro-white-aa1239-135\/","name":"October's Very Own x Air Jordan 8 Retro 'White' AA1239-135 - TOURCRUISER PTE. LTD","isPartOf":{"@id":"\/#website"},"primaryImageOfPage":{"@id":"https:\/\/tourcruiser.com\/fr\/products\/octobers-very-own-x-air-jordan-8-retro-white-aa1239-135\/#primaryimage"},"image":{"@id":"https:\/\/tourcruiser.com\/fr\/products\/octobers-very-own-x-air-jordan-8-retro-white-aa1239-135\/#primaryimage"},"thumbnailUrl":"https:\/\/images.novelship.com\/product\/october_s_very_own_x_air_jordan_8_retro__white__aa_0_13625.jpeg;https:\/\/images.novelship.com\/product\/october_s_very_own_x_air_jordan_8_retro__white__aa_1_13625.jpeg;https:\/\/images.novelship.com\/product\/october_s_very_own_x_air_jordan_8_retro__white__aa_2_13625.jpeg;https:\/\/images.novelship.com\/product\/october_s_very_own_x_air_jordan_8_retro__white__aa_3_13625.jpeg;https:\/\/images.novelship.com\/product\/october_s_very_own_x_air_jordan_8_retro__white__aa_4_13625.jpeg;https:\/\/images.novelship.com\/product\/october_s_very_own_x_air_jordan_8_retro__white__aa_5_13625.jpeg;https:\/\/images.novelship.com\/product\/october_s_very_own_x_air_jordan_8_retro__white__aa_6_13625.jpeg;https:\/\/images.novelship.com\/product\/october_s_very_own_x_air_jordan_8_retro__white__aa_7_13625.jpeg","datePublished":"2026-04-16T10:08:25+00:00","dateModified":"2026-04-17T14:55:14+00:00","breadcrumb":{"@id":"https:\/\/tourcruiser.com\/fr\/products\/octobers-very-own-x-air-jordan-8-retro-white-aa1239-135\/#breadcrumb"},"inLanguage":"fr-FR","potentialAction":[{"@type":"ReadAction","target":["https:\/\/tourcruiser.com\/fr\/products\/octobers-very-own-x-air-jordan-8-retro-white-aa1239-135\/"]}]},{"@type":"ImageObject","inLanguage":"fr-FR","@id":"https:\/\/tourcruiser.com\/fr\/products\/octobers-very-own-x-air-jordan-8-retro-white-aa1239-135\/#primaryimage","url":"https:\/\/images.novelship.com\/product\/october_s_very_own_x_air_jordan_8_retro__white__aa_0_13625.jpeg;https:\/\/images.novelship.com\/product\/october_s_very_own_x_air_jordan_8_retro__white__aa_1_13625.jpeg;https:\/\/images.novelship.com\/product\/october_s_very_own_x_air_jordan_8_retro__white__aa_2_13625.jpeg;https:\/\/images.novelship.com\/product\/october_s_very_own_x_air_jordan_8_retro__white__aa_3_13625.jpeg;https:\/\/images.novelship.com\/product\/october_s_very_own_x_air_jordan_8_retro__white__aa_4_13625.jpeg;https:\/\/images.novelship.com\/product\/october_s_very_own_x_air_jordan_8_retro__white__aa_5_13625.jpeg;https:\/\/images.novelship.com\/product\/october_s_very_own_x_air_jordan_8_retro__white__aa_6_13625.jpeg;https:\/\/images.novelship.com\/product\/october_s_very_own_x_air_jordan_8_retro__white__aa_7_13625.jpeg","contentUrl":"https:\/\/images.novelship.com\/product\/october_s_very_own_x_air_jordan_8_retro__white__aa_0_13625.jpeg;https:\/\/images.novelship.com\/product\/october_s_very_own_x_air_jordan_8_retro__white__aa_1_13625.jpeg;https:\/\/images.novelship.com\/product\/october_s_very_own_x_air_jordan_8_retro__white__aa_2_13625.jpeg;https:\/\/images.novelship.com\/product\/october_s_very_own_x_air_jordan_8_retro__white__aa_3_13625.jpeg;https:\/\/images.novelship.com\/product\/october_s_very_own_x_air_jordan_8_retro__white__aa_4_13625.jpeg;https:\/\/images.novelship.com\/product\/october_s_very_own_x_air_jordan_8_retro__white__aa_5_13625.jpeg;https:\/\/images.novelship.com\/product\/october_s_very_own_x_air_jordan_8_retro__white__aa_6_13625.jpeg;https:\/\/images.novelship.com\/product\/october_s_very_own_x_air_jordan_8_retro__white__aa_7_13625.jpeg"},{"@type":"BreadcrumbList","@id":"https:\/\/tourcruiser.com\/fr\/products\/octobers-very-own-x-air-jordan-8-retro-white-aa1239-135\/#breadcrumb","itemListElement":[{"@type":"ListItem","position":1,"name":"Home","item":"https:\/\/tourcruiser.com\/fr\/"},{"@type":"ListItem","position":2,"name":"Shop","item":"https:\/\/tourcruiser.com\/fr\/shop\/"},{"@type":"ListItem","position":3,"name":"October&#8217;s Very Own x Air Jordan 8 Retro &#8216;White&#8217; AA1239-135"}]},{"@type":"WebSite","@id":"\/#website","url":"\/","name":"Styloral Jewelry Shop","description":"Tourcruiser Sneaker Store \u2014 L\u2019endroit o\u00f9 l\u2019univers rencontre votre singularit\u00e9.","publisher":{"@id":"\/#organization"},"potentialAction":[{"@type":"SearchAction","target":{"@type":"EntryPoint","urlTemplate":"\/?s={search_term_string}"},"query-input":{"@type":"PropertyValueSpecification","valueRequired":true,"valueName":"search_term_string"}}],"inLanguage":"fr-FR"},{"@type":"Organization","@id":"\/#organization","name":"STYLORAL PTE. LTD","url":"\/","logo":{"@type":"ImageObject","inLanguage":"fr-FR","@id":"\/#\/schema\/logo\/image\/","url":"https:\/\/www.tourcruiser.com\/wp-content\/uploads\/2025\/12\/logo.png","contentUrl":"https:\/\/www.tourcruiser.com\/wp-content\/uploads\/2025\/12\/logo.png","width":200,"height":65,"caption":"STYLORAL PTE. LTD"},"image":{"@id":"\/#\/schema\/logo\/image\/"}}]}},"_links":{"self":[{"href":"https:\/\/tourcruiser.com\/fr\/wp-json\/wp\/v2\/product\/759714","targetHints":{"allow":["GET"]}}],"collection":[{"href":"https:\/\/tourcruiser.com\/fr\/wp-json\/wp\/v2\/product"}],"about":[{"href":"https:\/\/tourcruiser.com\/fr\/wp-json\/wp\/v2\/types\/product"}],"replies":[{"embeddable":true,"href":"https:\/\/tourcruiser.com\/fr\/wp-json\/wp\/v2\/comments?post=759714"}],"wp:featuredmedia":[{"embeddable":true,"href":"https:\/\/tourcruiser.com\/fr\/wp-json\/wp\/v2\/media\/759715"}],"wp:attachment":[{"href":"https:\/\/tourcruiser.com\/fr\/wp-json\/wp\/v2\/media?parent=759714"}],"wp:term":[{"taxonomy":"product_brand","embeddable":true,"href":"https:\/\/tourcruiser.com\/fr\/wp-json\/wp\/v2\/product_brand?post=759714"},{"taxonomy":"product_cat","embeddable":true,"href":"https:\/\/tourcruiser.com\/fr\/wp-json\/wp\/v2\/product_cat?post=759714"},{"taxonomy":"product_tag","embeddable":true,"href":"https:\/\/tourcruiser.com\/fr\/wp-json\/wp\/v2\/product_tag?post=759714"}],"curies":[{"name":"wp","href":"https:\/\/api.w.org\/{rel}","templated":true}]}}