{"id":759705,"date":"2026-04-16T17:08:24","date_gmt":"2026-04-16T10:08:24","guid":{"rendered":"http:\/\/tourcruiser.com\/product\/preschool-air-jordan-4-retro-og-bred-2019-bq7669-060"},"modified":"2026-04-17T22:50:13","modified_gmt":"2026-04-17T15:50:13","slug":"preschool-air-jordan-4-retro-og-bred-2019-bq7669-060","status":"publish","type":"product","link":"https:\/\/tourcruiser.com\/fr\/products\/preschool-air-jordan-4-retro-og-bred-2019-bq7669-060\/","title":{"rendered":"(Preschool) Air Jordan 4 Retro OG &lsquo;Bred&rsquo; 2019 BQ7669-060"},"content":{"rendered":"<p>Avec les Air Jordan 4 Retro OG \u00ab Bred \u00bb 2019 pour enfants d&rsquo;\u00e2ge pr\u00e9scolaire, le style l\u00e9gendaire de votre enfant est garanti. Ces mini-baskets arborent la combinaison classique de noir et de rouge, une empeigne en cuir premium, des empi\u00e8cements en mesh et le logo embl\u00e9matique \u00ab Wings \u00bb. Gr\u00e2ce \u00e0 leur conception r\u00e9sistante et leur amorti confortable, ces Jordans sont aussi agr\u00e9ables \u00e0 porter qu&rsquo;\u00e0 regarder. Offrez \u00e0 vos enfants une paire de chaussures tendance avec ce mod\u00e8le classique intemporel qui allie style et fonctionnalit\u00e9.<\/p>\n<p>Coloris : Noir\/Gris ciment-Blanc sommet-Rouge feu<\/p>\n<p>R\u00e9f\u00e9rence : BQ7669-060<\/p>\n<p>Empeigne : Cuir nubuck<\/p>\n<p>Semelle interm\u00e9diaire : Air<\/p>\n<p>Couleur : Noir<\/p>\n<p>Cr\u00e9ateur : Tinker Hatfield<\/p>\n<p>Saison : Printemps<\/p>\n<p>Ann\u00e9e de sortie : 2019<\/p>\n<p>\u00c2ge : Adulte<\/p>\n<p>Couleur : Noir<\/p>\n<p>Sexe : Enfants d&rsquo;\u00e2ge pr\u00e9scolaire<\/p>\n","protected":false},"excerpt":{"rendered":"<p>Avec les Air Jordan 4 Retro OG \u00ab Bred \u00bb 2019 pour enfants d&rsquo;\u00e2ge pr\u00e9scolaire, le style l\u00e9gendaire de votre enfant est garanti. Ces mini-baskets arborent la combinaison classique de noir et de rouge, une empeigne en cuir premium, des empi\u00e8cements en mesh et le logo embl\u00e9matique \u00ab Wings \u00bb. Gr\u00e2ce \u00e0 leur conception r\u00e9sistante [&hellip;]<\/p>\n","protected":false},"featured_media":759706,"comment_status":"open","ping_status":"closed","template":"","meta":[],"product_brand":[],"product_cat":[38880],"product_tag":[10750,38841,10776,10777,10756],"class_list":{"0":"post-759705","1":"product","2":"type-product","3":"status-publish","4":"has-post-thumbnail","6":"product_cat-jordan","7":"product_tag-athleisure-shoes","8":"product_tag-casual-shoes","9":"product_tag-jordan","10":"product_tag-lifestyle-shoes-basketball-inspired","11":"product_tag-retro-casual-shoes","13":"first","14":"instock","15":"taxable","16":"shipping-taxable","17":"purchasable","18":"product-type-simple"},"wcpa_form_fields":null,"yoast_head":"<!-- This site is optimized with the Yoast SEO plugin v26.5 - https:\/\/yoast.com\/wordpress\/plugins\/seo\/ -->\n<title>(Preschool) Air Jordan 4 Retro OG &#039;Bred&#039; 2019 BQ7669-060 - TOURCRUISER PTE. LTD<\/title>\n<meta name=\"robots\" content=\"index, follow, max-snippet:-1, max-image-preview:large, max-video-preview:-1\" \/>\n<link rel=\"canonical\" href=\"https:\/\/tourcruiser.com\/fr\/products\/preschool-air-jordan-4-retro-og-bred-2019-bq7669-060\/\" \/>\n<meta property=\"og:locale\" content=\"fr_FR\" \/>\n<meta property=\"og:type\" content=\"article\" \/>\n<meta property=\"og:title\" content=\"(Preschool) Air Jordan 4 Retro OG &#039;Bred&#039; 2019 BQ7669-060 - TOURCRUISER PTE. LTD\" \/>\n<meta property=\"og:description\" content=\"Avec les Air Jordan 4 Retro OG \u00ab Bred \u00bb 2019 pour enfants d&rsquo;\u00e2ge pr\u00e9scolaire, le style l\u00e9gendaire de votre enfant est garanti. Ces mini-baskets arborent la combinaison classique de noir et de rouge, une empeigne en cuir premium, des empi\u00e8cements en mesh et le logo embl\u00e9matique \u00ab Wings \u00bb. Gr\u00e2ce \u00e0 leur conception r\u00e9sistante [&hellip;]\" \/>\n<meta property=\"og:url\" content=\"https:\/\/tourcruiser.com\/fr\/products\/preschool-air-jordan-4-retro-og-bred-2019-bq7669-060\/\" \/>\n<meta property=\"og:site_name\" content=\"Tourcruiser Sneaker Store\" \/>\n<meta property=\"article:modified_time\" content=\"2026-04-17T15:50:13+00:00\" \/>\n<meta name=\"twitter:card\" content=\"summary_large_image\" \/>\n<meta name=\"twitter:image\" content=\"https:\/\/images.novelship.com\/product\/_preschool__air_jordan_4_retro_og__bred__2019_bq76_0_50132.jpeg;https:\/\/images.novelship.com\/product\/_preschool__air_jordan_4_retro_og__bred__2019_bq76_1_50132.jpeg;https:\/\/images.novelship.com\/product\/_preschool__air_jordan_4_retro_og__bred__2019_bq76_2_50132.jpeg;https:\/\/images.novelship.com\/product\/_preschool__air_jordan_4_retro_og__bred__2019_bq76_3_50132.jpeg;https:\/\/images.novelship.com\/product\/_preschool__air_jordan_4_retro_og__bred__2019_bq76_4_50132.jpeg;https:\/\/images.novelship.com\/product\/_preschool__air_jordan_4_retro_og__bred__2019_bq76_5_50132.jpeg;https:\/\/images.novelship.com\/product\/_preschool__air_jordan_4_retro_og__bred__2019_bq76_6_50132.jpeg;https:\/\/images.novelship.com\/product\/_preschool__air_jordan_4_retro_og__bred__2019_bq76_7_50132.jpeg\" \/>\n<meta name=\"twitter:label1\" content=\"Dur\u00e9e de lecture estim\u00e9e\" \/>\n\t<meta name=\"twitter:data1\" content=\"1 minute\" \/>\n<script type=\"application\/ld+json\" class=\"yoast-schema-graph\">{\"@context\":\"https:\/\/schema.org\",\"@graph\":[{\"@type\":\"WebPage\",\"@id\":\"https:\/\/tourcruiser.com\/fr\/products\/preschool-air-jordan-4-retro-og-bred-2019-bq7669-060\/\",\"url\":\"https:\/\/tourcruiser.com\/fr\/products\/preschool-air-jordan-4-retro-og-bred-2019-bq7669-060\/\",\"name\":\"(Preschool) Air Jordan 4 Retro OG 'Bred' 2019 BQ7669-060 - TOURCRUISER PTE. LTD\",\"isPartOf\":{\"@id\":\"\/#website\"},\"primaryImageOfPage\":{\"@id\":\"https:\/\/tourcruiser.com\/fr\/products\/preschool-air-jordan-4-retro-og-bred-2019-bq7669-060\/#primaryimage\"},\"image\":{\"@id\":\"https:\/\/tourcruiser.com\/fr\/products\/preschool-air-jordan-4-retro-og-bred-2019-bq7669-060\/#primaryimage\"},\"thumbnailUrl\":\"https:\/\/images.novelship.com\/product\/_preschool__air_jordan_4_retro_og__bred__2019_bq76_0_50132.jpeg;https:\/\/images.novelship.com\/product\/_preschool__air_jordan_4_retro_og__bred__2019_bq76_1_50132.jpeg;https:\/\/images.novelship.com\/product\/_preschool__air_jordan_4_retro_og__bred__2019_bq76_2_50132.jpeg;https:\/\/images.novelship.com\/product\/_preschool__air_jordan_4_retro_og__bred__2019_bq76_3_50132.jpeg;https:\/\/images.novelship.com\/product\/_preschool__air_jordan_4_retro_og__bred__2019_bq76_4_50132.jpeg;https:\/\/images.novelship.com\/product\/_preschool__air_jordan_4_retro_og__bred__2019_bq76_5_50132.jpeg;https:\/\/images.novelship.com\/product\/_preschool__air_jordan_4_retro_og__bred__2019_bq76_6_50132.jpeg;https:\/\/images.novelship.com\/product\/_preschool__air_jordan_4_retro_og__bred__2019_bq76_7_50132.jpeg\",\"datePublished\":\"2026-04-16T10:08:24+00:00\",\"dateModified\":\"2026-04-17T15:50:13+00:00\",\"breadcrumb\":{\"@id\":\"https:\/\/tourcruiser.com\/fr\/products\/preschool-air-jordan-4-retro-og-bred-2019-bq7669-060\/#breadcrumb\"},\"inLanguage\":\"fr-FR\",\"potentialAction\":[{\"@type\":\"ReadAction\",\"target\":[\"https:\/\/tourcruiser.com\/fr\/products\/preschool-air-jordan-4-retro-og-bred-2019-bq7669-060\/\"]}]},{\"@type\":\"ImageObject\",\"inLanguage\":\"fr-FR\",\"@id\":\"https:\/\/tourcruiser.com\/fr\/products\/preschool-air-jordan-4-retro-og-bred-2019-bq7669-060\/#primaryimage\",\"url\":\"https:\/\/images.novelship.com\/product\/_preschool__air_jordan_4_retro_og__bred__2019_bq76_0_50132.jpeg;https:\/\/images.novelship.com\/product\/_preschool__air_jordan_4_retro_og__bred__2019_bq76_1_50132.jpeg;https:\/\/images.novelship.com\/product\/_preschool__air_jordan_4_retro_og__bred__2019_bq76_2_50132.jpeg;https:\/\/images.novelship.com\/product\/_preschool__air_jordan_4_retro_og__bred__2019_bq76_3_50132.jpeg;https:\/\/images.novelship.com\/product\/_preschool__air_jordan_4_retro_og__bred__2019_bq76_4_50132.jpeg;https:\/\/images.novelship.com\/product\/_preschool__air_jordan_4_retro_og__bred__2019_bq76_5_50132.jpeg;https:\/\/images.novelship.com\/product\/_preschool__air_jordan_4_retro_og__bred__2019_bq76_6_50132.jpeg;https:\/\/images.novelship.com\/product\/_preschool__air_jordan_4_retro_og__bred__2019_bq76_7_50132.jpeg\",\"contentUrl\":\"https:\/\/images.novelship.com\/product\/_preschool__air_jordan_4_retro_og__bred__2019_bq76_0_50132.jpeg;https:\/\/images.novelship.com\/product\/_preschool__air_jordan_4_retro_og__bred__2019_bq76_1_50132.jpeg;https:\/\/images.novelship.com\/product\/_preschool__air_jordan_4_retro_og__bred__2019_bq76_2_50132.jpeg;https:\/\/images.novelship.com\/product\/_preschool__air_jordan_4_retro_og__bred__2019_bq76_3_50132.jpeg;https:\/\/images.novelship.com\/product\/_preschool__air_jordan_4_retro_og__bred__2019_bq76_4_50132.jpeg;https:\/\/images.novelship.com\/product\/_preschool__air_jordan_4_retro_og__bred__2019_bq76_5_50132.jpeg;https:\/\/images.novelship.com\/product\/_preschool__air_jordan_4_retro_og__bred__2019_bq76_6_50132.jpeg;https:\/\/images.novelship.com\/product\/_preschool__air_jordan_4_retro_og__bred__2019_bq76_7_50132.jpeg\"},{\"@type\":\"BreadcrumbList\",\"@id\":\"https:\/\/tourcruiser.com\/fr\/products\/preschool-air-jordan-4-retro-og-bred-2019-bq7669-060\/#breadcrumb\",\"itemListElement\":[{\"@type\":\"ListItem\",\"position\":1,\"name\":\"Home\",\"item\":\"https:\/\/tourcruiser.com\/fr\/\"},{\"@type\":\"ListItem\",\"position\":2,\"name\":\"Shop\",\"item\":\"https:\/\/tourcruiser.com\/fr\/shop\/\"},{\"@type\":\"ListItem\",\"position\":3,\"name\":\"(Preschool) Air Jordan 4 Retro OG &#8216;Bred&#8217; 2019 BQ7669-060\"}]},{\"@type\":\"WebSite\",\"@id\":\"\/#website\",\"url\":\"\/\",\"name\":\"Styloral Jewelry Shop\",\"description\":\"Tourcruiser Sneaker Store \u2014 L\u2019endroit o\u00f9 l\u2019univers rencontre votre singularit\u00e9.\",\"publisher\":{\"@id\":\"\/#organization\"},\"potentialAction\":[{\"@type\":\"SearchAction\",\"target\":{\"@type\":\"EntryPoint\",\"urlTemplate\":\"\/?s={search_term_string}\"},\"query-input\":{\"@type\":\"PropertyValueSpecification\",\"valueRequired\":true,\"valueName\":\"search_term_string\"}}],\"inLanguage\":\"fr-FR\"},{\"@type\":\"Organization\",\"@id\":\"\/#organization\",\"name\":\"STYLORAL PTE. LTD\",\"url\":\"\/\",\"logo\":{\"@type\":\"ImageObject\",\"inLanguage\":\"fr-FR\",\"@id\":\"\/#\/schema\/logo\/image\/\",\"url\":\"https:\/\/www.tourcruiser.com\/wp-content\/uploads\/2025\/12\/logo.png\",\"contentUrl\":\"https:\/\/www.tourcruiser.com\/wp-content\/uploads\/2025\/12\/logo.png\",\"width\":200,\"height\":65,\"caption\":\"STYLORAL PTE. LTD\"},\"image\":{\"@id\":\"\/#\/schema\/logo\/image\/\"}}]}<\/script>\n<!-- \/ Yoast SEO plugin. -->","yoast_head_json":{"title":"(Preschool) Air Jordan 4 Retro OG 'Bred' 2019 BQ7669-060 - TOURCRUISER PTE. LTD","robots":{"index":"index","follow":"follow","max-snippet":"max-snippet:-1","max-image-preview":"max-image-preview:large","max-video-preview":"max-video-preview:-1"},"canonical":"https:\/\/tourcruiser.com\/fr\/products\/preschool-air-jordan-4-retro-og-bred-2019-bq7669-060\/","og_locale":"fr_FR","og_type":"article","og_title":"(Preschool) Air Jordan 4 Retro OG 'Bred' 2019 BQ7669-060 - TOURCRUISER PTE. LTD","og_description":"Avec les Air Jordan 4 Retro OG \u00ab Bred \u00bb 2019 pour enfants d&rsquo;\u00e2ge pr\u00e9scolaire, le style l\u00e9gendaire de votre enfant est garanti. Ces mini-baskets arborent la combinaison classique de noir et de rouge, une empeigne en cuir premium, des empi\u00e8cements en mesh et le logo embl\u00e9matique \u00ab Wings \u00bb. Gr\u00e2ce \u00e0 leur conception r\u00e9sistante [&hellip;]","og_url":"https:\/\/tourcruiser.com\/fr\/products\/preschool-air-jordan-4-retro-og-bred-2019-bq7669-060\/","og_site_name":"Tourcruiser Sneaker Store","article_modified_time":"2026-04-17T15:50:13+00:00","twitter_card":"summary_large_image","twitter_image":"https:\/\/images.novelship.com\/product\/_preschool__air_jordan_4_retro_og__bred__2019_bq76_0_50132.jpeg;https:\/\/images.novelship.com\/product\/_preschool__air_jordan_4_retro_og__bred__2019_bq76_1_50132.jpeg;https:\/\/images.novelship.com\/product\/_preschool__air_jordan_4_retro_og__bred__2019_bq76_2_50132.jpeg;https:\/\/images.novelship.com\/product\/_preschool__air_jordan_4_retro_og__bred__2019_bq76_3_50132.jpeg;https:\/\/images.novelship.com\/product\/_preschool__air_jordan_4_retro_og__bred__2019_bq76_4_50132.jpeg;https:\/\/images.novelship.com\/product\/_preschool__air_jordan_4_retro_og__bred__2019_bq76_5_50132.jpeg;https:\/\/images.novelship.com\/product\/_preschool__air_jordan_4_retro_og__bred__2019_bq76_6_50132.jpeg;https:\/\/images.novelship.com\/product\/_preschool__air_jordan_4_retro_og__bred__2019_bq76_7_50132.jpeg","twitter_misc":{"Dur\u00e9e de lecture estim\u00e9e":"1 minute"},"schema":{"@context":"https:\/\/schema.org","@graph":[{"@type":"WebPage","@id":"https:\/\/tourcruiser.com\/fr\/products\/preschool-air-jordan-4-retro-og-bred-2019-bq7669-060\/","url":"https:\/\/tourcruiser.com\/fr\/products\/preschool-air-jordan-4-retro-og-bred-2019-bq7669-060\/","name":"(Preschool) Air Jordan 4 Retro OG 'Bred' 2019 BQ7669-060 - TOURCRUISER PTE. LTD","isPartOf":{"@id":"\/#website"},"primaryImageOfPage":{"@id":"https:\/\/tourcruiser.com\/fr\/products\/preschool-air-jordan-4-retro-og-bred-2019-bq7669-060\/#primaryimage"},"image":{"@id":"https:\/\/tourcruiser.com\/fr\/products\/preschool-air-jordan-4-retro-og-bred-2019-bq7669-060\/#primaryimage"},"thumbnailUrl":"https:\/\/images.novelship.com\/product\/_preschool__air_jordan_4_retro_og__bred__2019_bq76_0_50132.jpeg;https:\/\/images.novelship.com\/product\/_preschool__air_jordan_4_retro_og__bred__2019_bq76_1_50132.jpeg;https:\/\/images.novelship.com\/product\/_preschool__air_jordan_4_retro_og__bred__2019_bq76_2_50132.jpeg;https:\/\/images.novelship.com\/product\/_preschool__air_jordan_4_retro_og__bred__2019_bq76_3_50132.jpeg;https:\/\/images.novelship.com\/product\/_preschool__air_jordan_4_retro_og__bred__2019_bq76_4_50132.jpeg;https:\/\/images.novelship.com\/product\/_preschool__air_jordan_4_retro_og__bred__2019_bq76_5_50132.jpeg;https:\/\/images.novelship.com\/product\/_preschool__air_jordan_4_retro_og__bred__2019_bq76_6_50132.jpeg;https:\/\/images.novelship.com\/product\/_preschool__air_jordan_4_retro_og__bred__2019_bq76_7_50132.jpeg","datePublished":"2026-04-16T10:08:24+00:00","dateModified":"2026-04-17T15:50:13+00:00","breadcrumb":{"@id":"https:\/\/tourcruiser.com\/fr\/products\/preschool-air-jordan-4-retro-og-bred-2019-bq7669-060\/#breadcrumb"},"inLanguage":"fr-FR","potentialAction":[{"@type":"ReadAction","target":["https:\/\/tourcruiser.com\/fr\/products\/preschool-air-jordan-4-retro-og-bred-2019-bq7669-060\/"]}]},{"@type":"ImageObject","inLanguage":"fr-FR","@id":"https:\/\/tourcruiser.com\/fr\/products\/preschool-air-jordan-4-retro-og-bred-2019-bq7669-060\/#primaryimage","url":"https:\/\/images.novelship.com\/product\/_preschool__air_jordan_4_retro_og__bred__2019_bq76_0_50132.jpeg;https:\/\/images.novelship.com\/product\/_preschool__air_jordan_4_retro_og__bred__2019_bq76_1_50132.jpeg;https:\/\/images.novelship.com\/product\/_preschool__air_jordan_4_retro_og__bred__2019_bq76_2_50132.jpeg;https:\/\/images.novelship.com\/product\/_preschool__air_jordan_4_retro_og__bred__2019_bq76_3_50132.jpeg;https:\/\/images.novelship.com\/product\/_preschool__air_jordan_4_retro_og__bred__2019_bq76_4_50132.jpeg;https:\/\/images.novelship.com\/product\/_preschool__air_jordan_4_retro_og__bred__2019_bq76_5_50132.jpeg;https:\/\/images.novelship.com\/product\/_preschool__air_jordan_4_retro_og__bred__2019_bq76_6_50132.jpeg;https:\/\/images.novelship.com\/product\/_preschool__air_jordan_4_retro_og__bred__2019_bq76_7_50132.jpeg","contentUrl":"https:\/\/images.novelship.com\/product\/_preschool__air_jordan_4_retro_og__bred__2019_bq76_0_50132.jpeg;https:\/\/images.novelship.com\/product\/_preschool__air_jordan_4_retro_og__bred__2019_bq76_1_50132.jpeg;https:\/\/images.novelship.com\/product\/_preschool__air_jordan_4_retro_og__bred__2019_bq76_2_50132.jpeg;https:\/\/images.novelship.com\/product\/_preschool__air_jordan_4_retro_og__bred__2019_bq76_3_50132.jpeg;https:\/\/images.novelship.com\/product\/_preschool__air_jordan_4_retro_og__bred__2019_bq76_4_50132.jpeg;https:\/\/images.novelship.com\/product\/_preschool__air_jordan_4_retro_og__bred__2019_bq76_5_50132.jpeg;https:\/\/images.novelship.com\/product\/_preschool__air_jordan_4_retro_og__bred__2019_bq76_6_50132.jpeg;https:\/\/images.novelship.com\/product\/_preschool__air_jordan_4_retro_og__bred__2019_bq76_7_50132.jpeg"},{"@type":"BreadcrumbList","@id":"https:\/\/tourcruiser.com\/fr\/products\/preschool-air-jordan-4-retro-og-bred-2019-bq7669-060\/#breadcrumb","itemListElement":[{"@type":"ListItem","position":1,"name":"Home","item":"https:\/\/tourcruiser.com\/fr\/"},{"@type":"ListItem","position":2,"name":"Shop","item":"https:\/\/tourcruiser.com\/fr\/shop\/"},{"@type":"ListItem","position":3,"name":"(Preschool) Air Jordan 4 Retro OG &#8216;Bred&#8217; 2019 BQ7669-060"}]},{"@type":"WebSite","@id":"\/#website","url":"\/","name":"Styloral Jewelry Shop","description":"Tourcruiser Sneaker Store \u2014 L\u2019endroit o\u00f9 l\u2019univers rencontre votre singularit\u00e9.","publisher":{"@id":"\/#organization"},"potentialAction":[{"@type":"SearchAction","target":{"@type":"EntryPoint","urlTemplate":"\/?s={search_term_string}"},"query-input":{"@type":"PropertyValueSpecification","valueRequired":true,"valueName":"search_term_string"}}],"inLanguage":"fr-FR"},{"@type":"Organization","@id":"\/#organization","name":"STYLORAL PTE. LTD","url":"\/","logo":{"@type":"ImageObject","inLanguage":"fr-FR","@id":"\/#\/schema\/logo\/image\/","url":"https:\/\/www.tourcruiser.com\/wp-content\/uploads\/2025\/12\/logo.png","contentUrl":"https:\/\/www.tourcruiser.com\/wp-content\/uploads\/2025\/12\/logo.png","width":200,"height":65,"caption":"STYLORAL PTE. LTD"},"image":{"@id":"\/#\/schema\/logo\/image\/"}}]}},"_links":{"self":[{"href":"https:\/\/tourcruiser.com\/fr\/wp-json\/wp\/v2\/product\/759705","targetHints":{"allow":["GET"]}}],"collection":[{"href":"https:\/\/tourcruiser.com\/fr\/wp-json\/wp\/v2\/product"}],"about":[{"href":"https:\/\/tourcruiser.com\/fr\/wp-json\/wp\/v2\/types\/product"}],"replies":[{"embeddable":true,"href":"https:\/\/tourcruiser.com\/fr\/wp-json\/wp\/v2\/comments?post=759705"}],"wp:featuredmedia":[{"embeddable":true,"href":"https:\/\/tourcruiser.com\/fr\/wp-json\/wp\/v2\/media\/759706"}],"wp:attachment":[{"href":"https:\/\/tourcruiser.com\/fr\/wp-json\/wp\/v2\/media?parent=759705"}],"wp:term":[{"taxonomy":"product_brand","embeddable":true,"href":"https:\/\/tourcruiser.com\/fr\/wp-json\/wp\/v2\/product_brand?post=759705"},{"taxonomy":"product_cat","embeddable":true,"href":"https:\/\/tourcruiser.com\/fr\/wp-json\/wp\/v2\/product_cat?post=759705"},{"taxonomy":"product_tag","embeddable":true,"href":"https:\/\/tourcruiser.com\/fr\/wp-json\/wp\/v2\/product_tag?post=759705"}],"curies":[{"name":"wp","href":"https:\/\/api.w.org\/{rel}","templated":true}]}}