{"id":759687,"date":"2026-04-16T17:08:24","date_gmt":"2026-04-16T10:08:24","guid":{"rendered":"http:\/\/tourcruiser.com\/product\/air-jordan-13-retro-reverse-he-got-game-414571-061"},"modified":"2026-04-17T22:50:12","modified_gmt":"2026-04-17T15:50:12","slug":"air-jordan-13-retro-reverse-he-got-game-414571-061","status":"publish","type":"product","link":"https:\/\/tourcruiser.com\/fr\/products\/air-jordan-13-retro-reverse-he-got-game-414571-061\/","title":{"rendered":"Air Jordan 13 Retro &lsquo;Reverse He Got Game&rsquo; 414571-061"},"content":{"rendered":"<p>Affirmez votre style avec la Air Jordan 13 Retro \u00ab\u00a0Reverse He Got Game\u00a0\u00bb 414571-061. Cette version moderne d&rsquo;un classique arbore une empeigne en cuir noir du plus bel effet, rehauss\u00e9e de d\u00e9tails blancs \u00e9clatants et du logo holographique embl\u00e9matique. Son amorti r\u00e9actif garantit un confort optimal et un style impeccable tout au long de la journ\u00e9e. Que ce soit sur le terrain ou en ville, cette sneaker offre des performances exceptionnelles et un look intemporel. Compl\u00e9tez votre collection avec ce mod\u00e8le incontournable.<\/p>\n<p>Coloris\u00a0: Noir\/Blanc\/Rouge Gym<br \/>\nR\u00e9f\u00e9rence\u00a0: 414571-061<br \/>\nEmpeigne\u00a0: Cuir<br \/>\nSemelle interm\u00e9diaire\u00a0: Air<br \/>\nCouleur\u00a0: Noir<br \/>\nCr\u00e9ateur\u00a0: Tinker Hatfield<br \/>\nSaison\u00a0: Hiver<br \/>\nAnn\u00e9e de sortie\u00a0: 2020<\/p>\n<p>\u00c2ge\u00a0: Adulte<br \/>\nCouleur\u00a0: Noir<br \/>\nGenre\u00a0: Homme<\/p>\n","protected":false},"excerpt":{"rendered":"<p>Affirmez votre style avec la Air Jordan 13 Retro \u00ab\u00a0Reverse He Got Game\u00a0\u00bb 414571-061. Cette version moderne d&rsquo;un classique arbore une empeigne en cuir noir du plus bel effet, rehauss\u00e9e de d\u00e9tails blancs \u00e9clatants et du logo holographique embl\u00e9matique. Son amorti r\u00e9actif garantit un confort optimal et un style impeccable tout au long de la [&hellip;]<\/p>\n","protected":false},"featured_media":759688,"comment_status":"open","ping_status":"closed","template":"","meta":[],"product_brand":[],"product_cat":[38880],"product_tag":[10800,10753,10776,11349,38875,11129,38846],"class_list":{"0":"post-759687","1":"product","2":"type-product","3":"status-publish","4":"has-post-thumbnail","6":"product_cat-jordan","7":"product_tag-basketball-shoes","8":"product_tag-gift-for-him","9":"product_tag-jordan","10":"product_tag-jordan-basketball-shoes","11":"product_tag-jordan-skateboard-shoes","12":"product_tag-lightweight-basketball-shoes","13":"product_tag-performance-sports-shoes","15":"first","16":"instock","17":"taxable","18":"shipping-taxable","19":"purchasable","20":"product-type-simple"},"wcpa_form_fields":null,"yoast_head":"<!-- This site is optimized with the Yoast SEO plugin v26.5 - https:\/\/yoast.com\/wordpress\/plugins\/seo\/ -->\n<title>Air Jordan 13 Retro &#039;Reverse He Got Game&#039; 414571-061 - TOURCRUISER PTE. LTD<\/title>\n<meta name=\"robots\" content=\"index, follow, max-snippet:-1, max-image-preview:large, max-video-preview:-1\" \/>\n<link rel=\"canonical\" href=\"https:\/\/tourcruiser.com\/fr\/products\/air-jordan-13-retro-reverse-he-got-game-414571-061\/\" \/>\n<meta property=\"og:locale\" content=\"fr_FR\" \/>\n<meta property=\"og:type\" content=\"article\" \/>\n<meta property=\"og:title\" content=\"Air Jordan 13 Retro &#039;Reverse He Got Game&#039; 414571-061 - TOURCRUISER PTE. LTD\" \/>\n<meta property=\"og:description\" content=\"Affirmez votre style avec la Air Jordan 13 Retro \u00ab\u00a0Reverse He Got Game\u00a0\u00bb 414571-061. Cette version moderne d&rsquo;un classique arbore une empeigne en cuir noir du plus bel effet, rehauss\u00e9e de d\u00e9tails blancs \u00e9clatants et du logo holographique embl\u00e9matique. Son amorti r\u00e9actif garantit un confort optimal et un style impeccable tout au long de la [&hellip;]\" \/>\n<meta property=\"og:url\" content=\"https:\/\/tourcruiser.com\/fr\/products\/air-jordan-13-retro-reverse-he-got-game-414571-061\/\" \/>\n<meta property=\"og:site_name\" content=\"Tourcruiser Sneaker Store\" \/>\n<meta property=\"article:modified_time\" content=\"2026-04-17T15:50:12+00:00\" \/>\n<meta name=\"twitter:card\" content=\"summary_large_image\" \/>\n<meta name=\"twitter:image\" content=\"https:\/\/images.novelship.com\/product\/air_jordan_13_retro__reverse_he_got_game__414571_0_0_65280.jpeg;https:\/\/images.novelship.com\/product\/air_jordan_13_retro__reverse_he_got_game__414571_0_1_65280.jpeg;https:\/\/images.novelship.com\/product\/air_jordan_13_retro__reverse_he_got_game__414571_0_2_65280.jpeg;https:\/\/images.novelship.com\/product\/air_jordan_13_retro__reverse_he_got_game__414571_0_3_65280.jpeg;https:\/\/images.novelship.com\/product\/air_jordan_13_retro__reverse_he_got_game__414571_0_4_65280.jpeg;https:\/\/images.novelship.com\/product\/air_jordan_13_retro__reverse_he_got_game__414571_0_5_65280.jpeg;https:\/\/images.novelship.com\/product\/air_jordan_13_retro__reverse_he_got_game__414571_0_6_65280.jpeg;https:\/\/images.novelship.com\/product\/air_jordan_13_retro__reverse_he_got_game__414571_0_7_65280.jpeg\" \/>\n<meta name=\"twitter:label1\" content=\"Dur\u00e9e de lecture estim\u00e9e\" \/>\n\t<meta name=\"twitter:data1\" content=\"1 minute\" \/>\n<script type=\"application\/ld+json\" class=\"yoast-schema-graph\">{\"@context\":\"https:\/\/schema.org\",\"@graph\":[{\"@type\":\"WebPage\",\"@id\":\"https:\/\/tourcruiser.com\/fr\/products\/air-jordan-13-retro-reverse-he-got-game-414571-061\/\",\"url\":\"https:\/\/tourcruiser.com\/fr\/products\/air-jordan-13-retro-reverse-he-got-game-414571-061\/\",\"name\":\"Air Jordan 13 Retro 'Reverse He Got Game' 414571-061 - TOURCRUISER PTE. LTD\",\"isPartOf\":{\"@id\":\"\/#website\"},\"primaryImageOfPage\":{\"@id\":\"https:\/\/tourcruiser.com\/fr\/products\/air-jordan-13-retro-reverse-he-got-game-414571-061\/#primaryimage\"},\"image\":{\"@id\":\"https:\/\/tourcruiser.com\/fr\/products\/air-jordan-13-retro-reverse-he-got-game-414571-061\/#primaryimage\"},\"thumbnailUrl\":\"https:\/\/images.novelship.com\/product\/air_jordan_13_retro__reverse_he_got_game__414571_0_0_65280.jpeg;https:\/\/images.novelship.com\/product\/air_jordan_13_retro__reverse_he_got_game__414571_0_1_65280.jpeg;https:\/\/images.novelship.com\/product\/air_jordan_13_retro__reverse_he_got_game__414571_0_2_65280.jpeg;https:\/\/images.novelship.com\/product\/air_jordan_13_retro__reverse_he_got_game__414571_0_3_65280.jpeg;https:\/\/images.novelship.com\/product\/air_jordan_13_retro__reverse_he_got_game__414571_0_4_65280.jpeg;https:\/\/images.novelship.com\/product\/air_jordan_13_retro__reverse_he_got_game__414571_0_5_65280.jpeg;https:\/\/images.novelship.com\/product\/air_jordan_13_retro__reverse_he_got_game__414571_0_6_65280.jpeg;https:\/\/images.novelship.com\/product\/air_jordan_13_retro__reverse_he_got_game__414571_0_7_65280.jpeg\",\"datePublished\":\"2026-04-16T10:08:24+00:00\",\"dateModified\":\"2026-04-17T15:50:12+00:00\",\"breadcrumb\":{\"@id\":\"https:\/\/tourcruiser.com\/fr\/products\/air-jordan-13-retro-reverse-he-got-game-414571-061\/#breadcrumb\"},\"inLanguage\":\"fr-FR\",\"potentialAction\":[{\"@type\":\"ReadAction\",\"target\":[\"https:\/\/tourcruiser.com\/fr\/products\/air-jordan-13-retro-reverse-he-got-game-414571-061\/\"]}]},{\"@type\":\"ImageObject\",\"inLanguage\":\"fr-FR\",\"@id\":\"https:\/\/tourcruiser.com\/fr\/products\/air-jordan-13-retro-reverse-he-got-game-414571-061\/#primaryimage\",\"url\":\"https:\/\/images.novelship.com\/product\/air_jordan_13_retro__reverse_he_got_game__414571_0_0_65280.jpeg;https:\/\/images.novelship.com\/product\/air_jordan_13_retro__reverse_he_got_game__414571_0_1_65280.jpeg;https:\/\/images.novelship.com\/product\/air_jordan_13_retro__reverse_he_got_game__414571_0_2_65280.jpeg;https:\/\/images.novelship.com\/product\/air_jordan_13_retro__reverse_he_got_game__414571_0_3_65280.jpeg;https:\/\/images.novelship.com\/product\/air_jordan_13_retro__reverse_he_got_game__414571_0_4_65280.jpeg;https:\/\/images.novelship.com\/product\/air_jordan_13_retro__reverse_he_got_game__414571_0_5_65280.jpeg;https:\/\/images.novelship.com\/product\/air_jordan_13_retro__reverse_he_got_game__414571_0_6_65280.jpeg;https:\/\/images.novelship.com\/product\/air_jordan_13_retro__reverse_he_got_game__414571_0_7_65280.jpeg\",\"contentUrl\":\"https:\/\/images.novelship.com\/product\/air_jordan_13_retro__reverse_he_got_game__414571_0_0_65280.jpeg;https:\/\/images.novelship.com\/product\/air_jordan_13_retro__reverse_he_got_game__414571_0_1_65280.jpeg;https:\/\/images.novelship.com\/product\/air_jordan_13_retro__reverse_he_got_game__414571_0_2_65280.jpeg;https:\/\/images.novelship.com\/product\/air_jordan_13_retro__reverse_he_got_game__414571_0_3_65280.jpeg;https:\/\/images.novelship.com\/product\/air_jordan_13_retro__reverse_he_got_game__414571_0_4_65280.jpeg;https:\/\/images.novelship.com\/product\/air_jordan_13_retro__reverse_he_got_game__414571_0_5_65280.jpeg;https:\/\/images.novelship.com\/product\/air_jordan_13_retro__reverse_he_got_game__414571_0_6_65280.jpeg;https:\/\/images.novelship.com\/product\/air_jordan_13_retro__reverse_he_got_game__414571_0_7_65280.jpeg\"},{\"@type\":\"BreadcrumbList\",\"@id\":\"https:\/\/tourcruiser.com\/fr\/products\/air-jordan-13-retro-reverse-he-got-game-414571-061\/#breadcrumb\",\"itemListElement\":[{\"@type\":\"ListItem\",\"position\":1,\"name\":\"Home\",\"item\":\"https:\/\/tourcruiser.com\/fr\/\"},{\"@type\":\"ListItem\",\"position\":2,\"name\":\"Shop\",\"item\":\"https:\/\/tourcruiser.com\/fr\/shop\/\"},{\"@type\":\"ListItem\",\"position\":3,\"name\":\"Air Jordan 13 Retro &#8216;Reverse He Got Game&#8217; 414571-061\"}]},{\"@type\":\"WebSite\",\"@id\":\"\/#website\",\"url\":\"\/\",\"name\":\"Styloral Jewelry Shop\",\"description\":\"Tourcruiser Sneaker Store \u2014 L\u2019endroit o\u00f9 l\u2019univers rencontre votre singularit\u00e9.\",\"publisher\":{\"@id\":\"\/#organization\"},\"potentialAction\":[{\"@type\":\"SearchAction\",\"target\":{\"@type\":\"EntryPoint\",\"urlTemplate\":\"\/?s={search_term_string}\"},\"query-input\":{\"@type\":\"PropertyValueSpecification\",\"valueRequired\":true,\"valueName\":\"search_term_string\"}}],\"inLanguage\":\"fr-FR\"},{\"@type\":\"Organization\",\"@id\":\"\/#organization\",\"name\":\"STYLORAL PTE. LTD\",\"url\":\"\/\",\"logo\":{\"@type\":\"ImageObject\",\"inLanguage\":\"fr-FR\",\"@id\":\"\/#\/schema\/logo\/image\/\",\"url\":\"https:\/\/www.tourcruiser.com\/wp-content\/uploads\/2025\/12\/logo.png\",\"contentUrl\":\"https:\/\/www.tourcruiser.com\/wp-content\/uploads\/2025\/12\/logo.png\",\"width\":200,\"height\":65,\"caption\":\"STYLORAL PTE. LTD\"},\"image\":{\"@id\":\"\/#\/schema\/logo\/image\/\"}}]}<\/script>\n<!-- \/ Yoast SEO plugin. -->","yoast_head_json":{"title":"Air Jordan 13 Retro 'Reverse He Got Game' 414571-061 - TOURCRUISER PTE. LTD","robots":{"index":"index","follow":"follow","max-snippet":"max-snippet:-1","max-image-preview":"max-image-preview:large","max-video-preview":"max-video-preview:-1"},"canonical":"https:\/\/tourcruiser.com\/fr\/products\/air-jordan-13-retro-reverse-he-got-game-414571-061\/","og_locale":"fr_FR","og_type":"article","og_title":"Air Jordan 13 Retro 'Reverse He Got Game' 414571-061 - TOURCRUISER PTE. LTD","og_description":"Affirmez votre style avec la Air Jordan 13 Retro \u00ab\u00a0Reverse He Got Game\u00a0\u00bb 414571-061. Cette version moderne d&rsquo;un classique arbore une empeigne en cuir noir du plus bel effet, rehauss\u00e9e de d\u00e9tails blancs \u00e9clatants et du logo holographique embl\u00e9matique. Son amorti r\u00e9actif garantit un confort optimal et un style impeccable tout au long de la [&hellip;]","og_url":"https:\/\/tourcruiser.com\/fr\/products\/air-jordan-13-retro-reverse-he-got-game-414571-061\/","og_site_name":"Tourcruiser Sneaker Store","article_modified_time":"2026-04-17T15:50:12+00:00","twitter_card":"summary_large_image","twitter_image":"https:\/\/images.novelship.com\/product\/air_jordan_13_retro__reverse_he_got_game__414571_0_0_65280.jpeg;https:\/\/images.novelship.com\/product\/air_jordan_13_retro__reverse_he_got_game__414571_0_1_65280.jpeg;https:\/\/images.novelship.com\/product\/air_jordan_13_retro__reverse_he_got_game__414571_0_2_65280.jpeg;https:\/\/images.novelship.com\/product\/air_jordan_13_retro__reverse_he_got_game__414571_0_3_65280.jpeg;https:\/\/images.novelship.com\/product\/air_jordan_13_retro__reverse_he_got_game__414571_0_4_65280.jpeg;https:\/\/images.novelship.com\/product\/air_jordan_13_retro__reverse_he_got_game__414571_0_5_65280.jpeg;https:\/\/images.novelship.com\/product\/air_jordan_13_retro__reverse_he_got_game__414571_0_6_65280.jpeg;https:\/\/images.novelship.com\/product\/air_jordan_13_retro__reverse_he_got_game__414571_0_7_65280.jpeg","twitter_misc":{"Dur\u00e9e de lecture estim\u00e9e":"1 minute"},"schema":{"@context":"https:\/\/schema.org","@graph":[{"@type":"WebPage","@id":"https:\/\/tourcruiser.com\/fr\/products\/air-jordan-13-retro-reverse-he-got-game-414571-061\/","url":"https:\/\/tourcruiser.com\/fr\/products\/air-jordan-13-retro-reverse-he-got-game-414571-061\/","name":"Air Jordan 13 Retro 'Reverse He Got Game' 414571-061 - TOURCRUISER PTE. LTD","isPartOf":{"@id":"\/#website"},"primaryImageOfPage":{"@id":"https:\/\/tourcruiser.com\/fr\/products\/air-jordan-13-retro-reverse-he-got-game-414571-061\/#primaryimage"},"image":{"@id":"https:\/\/tourcruiser.com\/fr\/products\/air-jordan-13-retro-reverse-he-got-game-414571-061\/#primaryimage"},"thumbnailUrl":"https:\/\/images.novelship.com\/product\/air_jordan_13_retro__reverse_he_got_game__414571_0_0_65280.jpeg;https:\/\/images.novelship.com\/product\/air_jordan_13_retro__reverse_he_got_game__414571_0_1_65280.jpeg;https:\/\/images.novelship.com\/product\/air_jordan_13_retro__reverse_he_got_game__414571_0_2_65280.jpeg;https:\/\/images.novelship.com\/product\/air_jordan_13_retro__reverse_he_got_game__414571_0_3_65280.jpeg;https:\/\/images.novelship.com\/product\/air_jordan_13_retro__reverse_he_got_game__414571_0_4_65280.jpeg;https:\/\/images.novelship.com\/product\/air_jordan_13_retro__reverse_he_got_game__414571_0_5_65280.jpeg;https:\/\/images.novelship.com\/product\/air_jordan_13_retro__reverse_he_got_game__414571_0_6_65280.jpeg;https:\/\/images.novelship.com\/product\/air_jordan_13_retro__reverse_he_got_game__414571_0_7_65280.jpeg","datePublished":"2026-04-16T10:08:24+00:00","dateModified":"2026-04-17T15:50:12+00:00","breadcrumb":{"@id":"https:\/\/tourcruiser.com\/fr\/products\/air-jordan-13-retro-reverse-he-got-game-414571-061\/#breadcrumb"},"inLanguage":"fr-FR","potentialAction":[{"@type":"ReadAction","target":["https:\/\/tourcruiser.com\/fr\/products\/air-jordan-13-retro-reverse-he-got-game-414571-061\/"]}]},{"@type":"ImageObject","inLanguage":"fr-FR","@id":"https:\/\/tourcruiser.com\/fr\/products\/air-jordan-13-retro-reverse-he-got-game-414571-061\/#primaryimage","url":"https:\/\/images.novelship.com\/product\/air_jordan_13_retro__reverse_he_got_game__414571_0_0_65280.jpeg;https:\/\/images.novelship.com\/product\/air_jordan_13_retro__reverse_he_got_game__414571_0_1_65280.jpeg;https:\/\/images.novelship.com\/product\/air_jordan_13_retro__reverse_he_got_game__414571_0_2_65280.jpeg;https:\/\/images.novelship.com\/product\/air_jordan_13_retro__reverse_he_got_game__414571_0_3_65280.jpeg;https:\/\/images.novelship.com\/product\/air_jordan_13_retro__reverse_he_got_game__414571_0_4_65280.jpeg;https:\/\/images.novelship.com\/product\/air_jordan_13_retro__reverse_he_got_game__414571_0_5_65280.jpeg;https:\/\/images.novelship.com\/product\/air_jordan_13_retro__reverse_he_got_game__414571_0_6_65280.jpeg;https:\/\/images.novelship.com\/product\/air_jordan_13_retro__reverse_he_got_game__414571_0_7_65280.jpeg","contentUrl":"https:\/\/images.novelship.com\/product\/air_jordan_13_retro__reverse_he_got_game__414571_0_0_65280.jpeg;https:\/\/images.novelship.com\/product\/air_jordan_13_retro__reverse_he_got_game__414571_0_1_65280.jpeg;https:\/\/images.novelship.com\/product\/air_jordan_13_retro__reverse_he_got_game__414571_0_2_65280.jpeg;https:\/\/images.novelship.com\/product\/air_jordan_13_retro__reverse_he_got_game__414571_0_3_65280.jpeg;https:\/\/images.novelship.com\/product\/air_jordan_13_retro__reverse_he_got_game__414571_0_4_65280.jpeg;https:\/\/images.novelship.com\/product\/air_jordan_13_retro__reverse_he_got_game__414571_0_5_65280.jpeg;https:\/\/images.novelship.com\/product\/air_jordan_13_retro__reverse_he_got_game__414571_0_6_65280.jpeg;https:\/\/images.novelship.com\/product\/air_jordan_13_retro__reverse_he_got_game__414571_0_7_65280.jpeg"},{"@type":"BreadcrumbList","@id":"https:\/\/tourcruiser.com\/fr\/products\/air-jordan-13-retro-reverse-he-got-game-414571-061\/#breadcrumb","itemListElement":[{"@type":"ListItem","position":1,"name":"Home","item":"https:\/\/tourcruiser.com\/fr\/"},{"@type":"ListItem","position":2,"name":"Shop","item":"https:\/\/tourcruiser.com\/fr\/shop\/"},{"@type":"ListItem","position":3,"name":"Air Jordan 13 Retro &#8216;Reverse He Got Game&#8217; 414571-061"}]},{"@type":"WebSite","@id":"\/#website","url":"\/","name":"Styloral Jewelry Shop","description":"Tourcruiser Sneaker Store \u2014 L\u2019endroit o\u00f9 l\u2019univers rencontre votre singularit\u00e9.","publisher":{"@id":"\/#organization"},"potentialAction":[{"@type":"SearchAction","target":{"@type":"EntryPoint","urlTemplate":"\/?s={search_term_string}"},"query-input":{"@type":"PropertyValueSpecification","valueRequired":true,"valueName":"search_term_string"}}],"inLanguage":"fr-FR"},{"@type":"Organization","@id":"\/#organization","name":"STYLORAL PTE. LTD","url":"\/","logo":{"@type":"ImageObject","inLanguage":"fr-FR","@id":"\/#\/schema\/logo\/image\/","url":"https:\/\/www.tourcruiser.com\/wp-content\/uploads\/2025\/12\/logo.png","contentUrl":"https:\/\/www.tourcruiser.com\/wp-content\/uploads\/2025\/12\/logo.png","width":200,"height":65,"caption":"STYLORAL PTE. LTD"},"image":{"@id":"\/#\/schema\/logo\/image\/"}}]}},"_links":{"self":[{"href":"https:\/\/tourcruiser.com\/fr\/wp-json\/wp\/v2\/product\/759687","targetHints":{"allow":["GET"]}}],"collection":[{"href":"https:\/\/tourcruiser.com\/fr\/wp-json\/wp\/v2\/product"}],"about":[{"href":"https:\/\/tourcruiser.com\/fr\/wp-json\/wp\/v2\/types\/product"}],"replies":[{"embeddable":true,"href":"https:\/\/tourcruiser.com\/fr\/wp-json\/wp\/v2\/comments?post=759687"}],"wp:featuredmedia":[{"embeddable":true,"href":"https:\/\/tourcruiser.com\/fr\/wp-json\/wp\/v2\/media\/759688"}],"wp:attachment":[{"href":"https:\/\/tourcruiser.com\/fr\/wp-json\/wp\/v2\/media?parent=759687"}],"wp:term":[{"taxonomy":"product_brand","embeddable":true,"href":"https:\/\/tourcruiser.com\/fr\/wp-json\/wp\/v2\/product_brand?post=759687"},{"taxonomy":"product_cat","embeddable":true,"href":"https:\/\/tourcruiser.com\/fr\/wp-json\/wp\/v2\/product_cat?post=759687"},{"taxonomy":"product_tag","embeddable":true,"href":"https:\/\/tourcruiser.com\/fr\/wp-json\/wp\/v2\/product_tag?post=759687"}],"curies":[{"name":"wp","href":"https:\/\/api.w.org\/{rel}","templated":true}]}}