{"id":759651,"date":"2026-04-16T17:08:23","date_gmt":"2026-04-16T10:08:23","guid":{"rendered":"http:\/\/tourcruiser.com\/product\/air-jordan-1-high-switch-purple-pulse-cw6576-500"},"modified":"2026-04-17T22:50:10","modified_gmt":"2026-04-17T15:50:10","slug":"air-jordan-1-high-switch-purple-pulse-cw6576-500","status":"publish","type":"product","link":"https:\/\/tourcruiser.com\/fr\/products\/air-jordan-1-high-switch-purple-pulse-cw6576-500\/","title":{"rendered":"Air Jordan 1 High Switch &lsquo;Purple Pulse&rsquo; CW6576-500"},"content":{"rendered":"<p>D\u00e9couvrez la Air Jordan 1 High Switch Purple Pulse de Jordan. Avec sa teinte violette \u00e9clatante, cette chaussure affirme votre style. Son design \u00e9pur\u00e9 et son confort optimal la rendent id\u00e9ale pour les passionn\u00e9s de sneakers et les athl\u00e8tes soucieux de leur look. Passez \u00e0 la vitesse sup\u00e9rieure avec la Air Jordan 1 High Switch Purple Pulse, aussi appel\u00e9e Purple Pulse.<\/p>\n<p>Coloris\u00a0: Purple Pulse\/Bleu Glacier\/Voile\/Noir<\/p>\n<p>Code article\u00a0: CW6576-500<\/p>\n<p>Tige\u00a0: Cuir<\/p>\n<p>Semelle interm\u00e9diaire\u00a0: Air<\/p>\n<p>Couleur\u00a0: Multicolore<\/p>\n<p>Designer\u00a0: Peter Moore<\/p>\n<p>Couleur\u00a0:<\/p>\n<p>\u00c2ge\u00a0: Adulte<\/p>\n<p>Couleur\u00a0: Multicolore<\/p>\n<p>Genre\u00a0: Homme<\/p>\n","protected":false},"excerpt":{"rendered":"<p>D\u00e9couvrez la Air Jordan 1 High Switch Purple Pulse de Jordan. Avec sa teinte violette \u00e9clatante, cette chaussure affirme votre style. Son design \u00e9pur\u00e9 et son confort optimal la rendent id\u00e9ale pour les passionn\u00e9s de sneakers et les athl\u00e8tes soucieux de leur look. Passez \u00e0 la vitesse sup\u00e9rieure avec la Air Jordan 1 High Switch [&hellip;]<\/p>\n","protected":false},"featured_media":759652,"comment_status":"open","ping_status":"closed","template":"","meta":[],"product_brand":[],"product_cat":[38880],"product_tag":[10750,38841,38842,10776,11349,38875,38886,10756],"class_list":{"0":"post-759651","1":"product","2":"type-product","3":"status-publish","4":"has-post-thumbnail","6":"product_cat-jordan","7":"product_tag-athleisure-shoes","8":"product_tag-casual-shoes","9":"product_tag-gift-idea-for-him","10":"product_tag-jordan","11":"product_tag-jordan-basketball-shoes","12":"product_tag-jordan-skateboard-shoes","13":"product_tag-lifestyle-shoes-inspired-by-basketball","14":"product_tag-retro-casual-shoes","16":"first","17":"instock","18":"taxable","19":"shipping-taxable","20":"purchasable","21":"product-type-simple"},"wcpa_form_fields":null,"yoast_head":"<!-- This site is optimized with the Yoast SEO plugin v26.5 - https:\/\/yoast.com\/wordpress\/plugins\/seo\/ -->\n<title>Air Jordan 1 High Switch &#039;Purple Pulse&#039; CW6576-500 - TOURCRUISER PTE. LTD<\/title>\n<meta name=\"robots\" content=\"index, follow, max-snippet:-1, max-image-preview:large, max-video-preview:-1\" \/>\n<link rel=\"canonical\" href=\"https:\/\/tourcruiser.com\/fr\/products\/air-jordan-1-high-switch-purple-pulse-cw6576-500\/\" \/>\n<meta property=\"og:locale\" content=\"fr_FR\" \/>\n<meta property=\"og:type\" content=\"article\" \/>\n<meta property=\"og:title\" content=\"Air Jordan 1 High Switch &#039;Purple Pulse&#039; CW6576-500 - TOURCRUISER PTE. LTD\" \/>\n<meta property=\"og:description\" content=\"D\u00e9couvrez la Air Jordan 1 High Switch Purple Pulse de Jordan. Avec sa teinte violette \u00e9clatante, cette chaussure affirme votre style. Son design \u00e9pur\u00e9 et son confort optimal la rendent id\u00e9ale pour les passionn\u00e9s de sneakers et les athl\u00e8tes soucieux de leur look. Passez \u00e0 la vitesse sup\u00e9rieure avec la Air Jordan 1 High Switch [&hellip;]\" \/>\n<meta property=\"og:url\" content=\"https:\/\/tourcruiser.com\/fr\/products\/air-jordan-1-high-switch-purple-pulse-cw6576-500\/\" \/>\n<meta property=\"og:site_name\" content=\"Tourcruiser Sneaker Store\" \/>\n<meta property=\"article:modified_time\" content=\"2026-04-17T15:50:10+00:00\" \/>\n<meta name=\"twitter:card\" content=\"summary_large_image\" \/>\n<meta name=\"twitter:image\" content=\"https:\/\/images.novelship.com\/product\/air_jordan_1_high_switch__purple_pulse__cw6576_500_0_49059.jpeg;https:\/\/images.novelship.com\/product\/air_jordan_1_high_switch__purple_pulse__cw6576_500_1_49059.jpeg;https:\/\/images.novelship.com\/product\/air_jordan_1_high_switch__purple_pulse__cw6576_500_2_49059.jpeg;https:\/\/images.novelship.com\/product\/air_jordan_1_high_switch__purple_pulse__cw6576_500_3_49059.jpeg;https:\/\/images.novelship.com\/product\/air_jordan_1_high_switch__purple_pulse__cw6576_500_4_49060.jpeg;https:\/\/images.novelship.com\/product\/air_jordan_1_high_switch__purple_pulse__cw6576_500_5_49060.jpeg;https:\/\/images.novelship.com\/product\/air_jordan_1_high_switch__purple_pulse__cw6576_500_6_49060.jpeg;https:\/\/images.novelship.com\/product\/air_jordan_1_high_switch__purple_pulse__cw6576_500_7_49060.jpeg\" \/>\n<script type=\"application\/ld+json\" class=\"yoast-schema-graph\">{\"@context\":\"https:\/\/schema.org\",\"@graph\":[{\"@type\":\"WebPage\",\"@id\":\"https:\/\/tourcruiser.com\/fr\/products\/air-jordan-1-high-switch-purple-pulse-cw6576-500\/\",\"url\":\"https:\/\/tourcruiser.com\/fr\/products\/air-jordan-1-high-switch-purple-pulse-cw6576-500\/\",\"name\":\"Air Jordan 1 High Switch 'Purple Pulse' CW6576-500 - TOURCRUISER PTE. LTD\",\"isPartOf\":{\"@id\":\"\/#website\"},\"primaryImageOfPage\":{\"@id\":\"https:\/\/tourcruiser.com\/fr\/products\/air-jordan-1-high-switch-purple-pulse-cw6576-500\/#primaryimage\"},\"image\":{\"@id\":\"https:\/\/tourcruiser.com\/fr\/products\/air-jordan-1-high-switch-purple-pulse-cw6576-500\/#primaryimage\"},\"thumbnailUrl\":\"https:\/\/images.novelship.com\/product\/air_jordan_1_high_switch__purple_pulse__cw6576_500_0_49059.jpeg;https:\/\/images.novelship.com\/product\/air_jordan_1_high_switch__purple_pulse__cw6576_500_1_49059.jpeg;https:\/\/images.novelship.com\/product\/air_jordan_1_high_switch__purple_pulse__cw6576_500_2_49059.jpeg;https:\/\/images.novelship.com\/product\/air_jordan_1_high_switch__purple_pulse__cw6576_500_3_49059.jpeg;https:\/\/images.novelship.com\/product\/air_jordan_1_high_switch__purple_pulse__cw6576_500_4_49060.jpeg;https:\/\/images.novelship.com\/product\/air_jordan_1_high_switch__purple_pulse__cw6576_500_5_49060.jpeg;https:\/\/images.novelship.com\/product\/air_jordan_1_high_switch__purple_pulse__cw6576_500_6_49060.jpeg;https:\/\/images.novelship.com\/product\/air_jordan_1_high_switch__purple_pulse__cw6576_500_7_49060.jpeg\",\"datePublished\":\"2026-04-16T10:08:23+00:00\",\"dateModified\":\"2026-04-17T15:50:10+00:00\",\"breadcrumb\":{\"@id\":\"https:\/\/tourcruiser.com\/fr\/products\/air-jordan-1-high-switch-purple-pulse-cw6576-500\/#breadcrumb\"},\"inLanguage\":\"fr-FR\",\"potentialAction\":[{\"@type\":\"ReadAction\",\"target\":[\"https:\/\/tourcruiser.com\/fr\/products\/air-jordan-1-high-switch-purple-pulse-cw6576-500\/\"]}]},{\"@type\":\"ImageObject\",\"inLanguage\":\"fr-FR\",\"@id\":\"https:\/\/tourcruiser.com\/fr\/products\/air-jordan-1-high-switch-purple-pulse-cw6576-500\/#primaryimage\",\"url\":\"https:\/\/images.novelship.com\/product\/air_jordan_1_high_switch__purple_pulse__cw6576_500_0_49059.jpeg;https:\/\/images.novelship.com\/product\/air_jordan_1_high_switch__purple_pulse__cw6576_500_1_49059.jpeg;https:\/\/images.novelship.com\/product\/air_jordan_1_high_switch__purple_pulse__cw6576_500_2_49059.jpeg;https:\/\/images.novelship.com\/product\/air_jordan_1_high_switch__purple_pulse__cw6576_500_3_49059.jpeg;https:\/\/images.novelship.com\/product\/air_jordan_1_high_switch__purple_pulse__cw6576_500_4_49060.jpeg;https:\/\/images.novelship.com\/product\/air_jordan_1_high_switch__purple_pulse__cw6576_500_5_49060.jpeg;https:\/\/images.novelship.com\/product\/air_jordan_1_high_switch__purple_pulse__cw6576_500_6_49060.jpeg;https:\/\/images.novelship.com\/product\/air_jordan_1_high_switch__purple_pulse__cw6576_500_7_49060.jpeg\",\"contentUrl\":\"https:\/\/images.novelship.com\/product\/air_jordan_1_high_switch__purple_pulse__cw6576_500_0_49059.jpeg;https:\/\/images.novelship.com\/product\/air_jordan_1_high_switch__purple_pulse__cw6576_500_1_49059.jpeg;https:\/\/images.novelship.com\/product\/air_jordan_1_high_switch__purple_pulse__cw6576_500_2_49059.jpeg;https:\/\/images.novelship.com\/product\/air_jordan_1_high_switch__purple_pulse__cw6576_500_3_49059.jpeg;https:\/\/images.novelship.com\/product\/air_jordan_1_high_switch__purple_pulse__cw6576_500_4_49060.jpeg;https:\/\/images.novelship.com\/product\/air_jordan_1_high_switch__purple_pulse__cw6576_500_5_49060.jpeg;https:\/\/images.novelship.com\/product\/air_jordan_1_high_switch__purple_pulse__cw6576_500_6_49060.jpeg;https:\/\/images.novelship.com\/product\/air_jordan_1_high_switch__purple_pulse__cw6576_500_7_49060.jpeg\"},{\"@type\":\"BreadcrumbList\",\"@id\":\"https:\/\/tourcruiser.com\/fr\/products\/air-jordan-1-high-switch-purple-pulse-cw6576-500\/#breadcrumb\",\"itemListElement\":[{\"@type\":\"ListItem\",\"position\":1,\"name\":\"Home\",\"item\":\"https:\/\/tourcruiser.com\/fr\/\"},{\"@type\":\"ListItem\",\"position\":2,\"name\":\"Shop\",\"item\":\"https:\/\/tourcruiser.com\/fr\/shop\/\"},{\"@type\":\"ListItem\",\"position\":3,\"name\":\"Air Jordan 1 High Switch &#8216;Purple Pulse&#8217; CW6576-500\"}]},{\"@type\":\"WebSite\",\"@id\":\"\/#website\",\"url\":\"\/\",\"name\":\"Styloral Jewelry Shop\",\"description\":\"Tourcruiser Sneaker Store \u2014 L\u2019endroit o\u00f9 l\u2019univers rencontre votre singularit\u00e9.\",\"publisher\":{\"@id\":\"\/#organization\"},\"potentialAction\":[{\"@type\":\"SearchAction\",\"target\":{\"@type\":\"EntryPoint\",\"urlTemplate\":\"\/?s={search_term_string}\"},\"query-input\":{\"@type\":\"PropertyValueSpecification\",\"valueRequired\":true,\"valueName\":\"search_term_string\"}}],\"inLanguage\":\"fr-FR\"},{\"@type\":\"Organization\",\"@id\":\"\/#organization\",\"name\":\"STYLORAL PTE. LTD\",\"url\":\"\/\",\"logo\":{\"@type\":\"ImageObject\",\"inLanguage\":\"fr-FR\",\"@id\":\"\/#\/schema\/logo\/image\/\",\"url\":\"https:\/\/www.tourcruiser.com\/wp-content\/uploads\/2025\/12\/logo.png\",\"contentUrl\":\"https:\/\/www.tourcruiser.com\/wp-content\/uploads\/2025\/12\/logo.png\",\"width\":200,\"height\":65,\"caption\":\"STYLORAL PTE. LTD\"},\"image\":{\"@id\":\"\/#\/schema\/logo\/image\/\"}}]}<\/script>\n<!-- \/ Yoast SEO plugin. -->","yoast_head_json":{"title":"Air Jordan 1 High Switch 'Purple Pulse' CW6576-500 - TOURCRUISER PTE. LTD","robots":{"index":"index","follow":"follow","max-snippet":"max-snippet:-1","max-image-preview":"max-image-preview:large","max-video-preview":"max-video-preview:-1"},"canonical":"https:\/\/tourcruiser.com\/fr\/products\/air-jordan-1-high-switch-purple-pulse-cw6576-500\/","og_locale":"fr_FR","og_type":"article","og_title":"Air Jordan 1 High Switch 'Purple Pulse' CW6576-500 - TOURCRUISER PTE. LTD","og_description":"D\u00e9couvrez la Air Jordan 1 High Switch Purple Pulse de Jordan. Avec sa teinte violette \u00e9clatante, cette chaussure affirme votre style. Son design \u00e9pur\u00e9 et son confort optimal la rendent id\u00e9ale pour les passionn\u00e9s de sneakers et les athl\u00e8tes soucieux de leur look. Passez \u00e0 la vitesse sup\u00e9rieure avec la Air Jordan 1 High Switch [&hellip;]","og_url":"https:\/\/tourcruiser.com\/fr\/products\/air-jordan-1-high-switch-purple-pulse-cw6576-500\/","og_site_name":"Tourcruiser Sneaker Store","article_modified_time":"2026-04-17T15:50:10+00:00","twitter_card":"summary_large_image","twitter_image":"https:\/\/images.novelship.com\/product\/air_jordan_1_high_switch__purple_pulse__cw6576_500_0_49059.jpeg;https:\/\/images.novelship.com\/product\/air_jordan_1_high_switch__purple_pulse__cw6576_500_1_49059.jpeg;https:\/\/images.novelship.com\/product\/air_jordan_1_high_switch__purple_pulse__cw6576_500_2_49059.jpeg;https:\/\/images.novelship.com\/product\/air_jordan_1_high_switch__purple_pulse__cw6576_500_3_49059.jpeg;https:\/\/images.novelship.com\/product\/air_jordan_1_high_switch__purple_pulse__cw6576_500_4_49060.jpeg;https:\/\/images.novelship.com\/product\/air_jordan_1_high_switch__purple_pulse__cw6576_500_5_49060.jpeg;https:\/\/images.novelship.com\/product\/air_jordan_1_high_switch__purple_pulse__cw6576_500_6_49060.jpeg;https:\/\/images.novelship.com\/product\/air_jordan_1_high_switch__purple_pulse__cw6576_500_7_49060.jpeg","schema":{"@context":"https:\/\/schema.org","@graph":[{"@type":"WebPage","@id":"https:\/\/tourcruiser.com\/fr\/products\/air-jordan-1-high-switch-purple-pulse-cw6576-500\/","url":"https:\/\/tourcruiser.com\/fr\/products\/air-jordan-1-high-switch-purple-pulse-cw6576-500\/","name":"Air Jordan 1 High Switch 'Purple Pulse' CW6576-500 - TOURCRUISER PTE. LTD","isPartOf":{"@id":"\/#website"},"primaryImageOfPage":{"@id":"https:\/\/tourcruiser.com\/fr\/products\/air-jordan-1-high-switch-purple-pulse-cw6576-500\/#primaryimage"},"image":{"@id":"https:\/\/tourcruiser.com\/fr\/products\/air-jordan-1-high-switch-purple-pulse-cw6576-500\/#primaryimage"},"thumbnailUrl":"https:\/\/images.novelship.com\/product\/air_jordan_1_high_switch__purple_pulse__cw6576_500_0_49059.jpeg;https:\/\/images.novelship.com\/product\/air_jordan_1_high_switch__purple_pulse__cw6576_500_1_49059.jpeg;https:\/\/images.novelship.com\/product\/air_jordan_1_high_switch__purple_pulse__cw6576_500_2_49059.jpeg;https:\/\/images.novelship.com\/product\/air_jordan_1_high_switch__purple_pulse__cw6576_500_3_49059.jpeg;https:\/\/images.novelship.com\/product\/air_jordan_1_high_switch__purple_pulse__cw6576_500_4_49060.jpeg;https:\/\/images.novelship.com\/product\/air_jordan_1_high_switch__purple_pulse__cw6576_500_5_49060.jpeg;https:\/\/images.novelship.com\/product\/air_jordan_1_high_switch__purple_pulse__cw6576_500_6_49060.jpeg;https:\/\/images.novelship.com\/product\/air_jordan_1_high_switch__purple_pulse__cw6576_500_7_49060.jpeg","datePublished":"2026-04-16T10:08:23+00:00","dateModified":"2026-04-17T15:50:10+00:00","breadcrumb":{"@id":"https:\/\/tourcruiser.com\/fr\/products\/air-jordan-1-high-switch-purple-pulse-cw6576-500\/#breadcrumb"},"inLanguage":"fr-FR","potentialAction":[{"@type":"ReadAction","target":["https:\/\/tourcruiser.com\/fr\/products\/air-jordan-1-high-switch-purple-pulse-cw6576-500\/"]}]},{"@type":"ImageObject","inLanguage":"fr-FR","@id":"https:\/\/tourcruiser.com\/fr\/products\/air-jordan-1-high-switch-purple-pulse-cw6576-500\/#primaryimage","url":"https:\/\/images.novelship.com\/product\/air_jordan_1_high_switch__purple_pulse__cw6576_500_0_49059.jpeg;https:\/\/images.novelship.com\/product\/air_jordan_1_high_switch__purple_pulse__cw6576_500_1_49059.jpeg;https:\/\/images.novelship.com\/product\/air_jordan_1_high_switch__purple_pulse__cw6576_500_2_49059.jpeg;https:\/\/images.novelship.com\/product\/air_jordan_1_high_switch__purple_pulse__cw6576_500_3_49059.jpeg;https:\/\/images.novelship.com\/product\/air_jordan_1_high_switch__purple_pulse__cw6576_500_4_49060.jpeg;https:\/\/images.novelship.com\/product\/air_jordan_1_high_switch__purple_pulse__cw6576_500_5_49060.jpeg;https:\/\/images.novelship.com\/product\/air_jordan_1_high_switch__purple_pulse__cw6576_500_6_49060.jpeg;https:\/\/images.novelship.com\/product\/air_jordan_1_high_switch__purple_pulse__cw6576_500_7_49060.jpeg","contentUrl":"https:\/\/images.novelship.com\/product\/air_jordan_1_high_switch__purple_pulse__cw6576_500_0_49059.jpeg;https:\/\/images.novelship.com\/product\/air_jordan_1_high_switch__purple_pulse__cw6576_500_1_49059.jpeg;https:\/\/images.novelship.com\/product\/air_jordan_1_high_switch__purple_pulse__cw6576_500_2_49059.jpeg;https:\/\/images.novelship.com\/product\/air_jordan_1_high_switch__purple_pulse__cw6576_500_3_49059.jpeg;https:\/\/images.novelship.com\/product\/air_jordan_1_high_switch__purple_pulse__cw6576_500_4_49060.jpeg;https:\/\/images.novelship.com\/product\/air_jordan_1_high_switch__purple_pulse__cw6576_500_5_49060.jpeg;https:\/\/images.novelship.com\/product\/air_jordan_1_high_switch__purple_pulse__cw6576_500_6_49060.jpeg;https:\/\/images.novelship.com\/product\/air_jordan_1_high_switch__purple_pulse__cw6576_500_7_49060.jpeg"},{"@type":"BreadcrumbList","@id":"https:\/\/tourcruiser.com\/fr\/products\/air-jordan-1-high-switch-purple-pulse-cw6576-500\/#breadcrumb","itemListElement":[{"@type":"ListItem","position":1,"name":"Home","item":"https:\/\/tourcruiser.com\/fr\/"},{"@type":"ListItem","position":2,"name":"Shop","item":"https:\/\/tourcruiser.com\/fr\/shop\/"},{"@type":"ListItem","position":3,"name":"Air Jordan 1 High Switch &#8216;Purple Pulse&#8217; CW6576-500"}]},{"@type":"WebSite","@id":"\/#website","url":"\/","name":"Styloral Jewelry Shop","description":"Tourcruiser Sneaker Store \u2014 L\u2019endroit o\u00f9 l\u2019univers rencontre votre singularit\u00e9.","publisher":{"@id":"\/#organization"},"potentialAction":[{"@type":"SearchAction","target":{"@type":"EntryPoint","urlTemplate":"\/?s={search_term_string}"},"query-input":{"@type":"PropertyValueSpecification","valueRequired":true,"valueName":"search_term_string"}}],"inLanguage":"fr-FR"},{"@type":"Organization","@id":"\/#organization","name":"STYLORAL PTE. LTD","url":"\/","logo":{"@type":"ImageObject","inLanguage":"fr-FR","@id":"\/#\/schema\/logo\/image\/","url":"https:\/\/www.tourcruiser.com\/wp-content\/uploads\/2025\/12\/logo.png","contentUrl":"https:\/\/www.tourcruiser.com\/wp-content\/uploads\/2025\/12\/logo.png","width":200,"height":65,"caption":"STYLORAL PTE. LTD"},"image":{"@id":"\/#\/schema\/logo\/image\/"}}]}},"_links":{"self":[{"href":"https:\/\/tourcruiser.com\/fr\/wp-json\/wp\/v2\/product\/759651","targetHints":{"allow":["GET"]}}],"collection":[{"href":"https:\/\/tourcruiser.com\/fr\/wp-json\/wp\/v2\/product"}],"about":[{"href":"https:\/\/tourcruiser.com\/fr\/wp-json\/wp\/v2\/types\/product"}],"replies":[{"embeddable":true,"href":"https:\/\/tourcruiser.com\/fr\/wp-json\/wp\/v2\/comments?post=759651"}],"wp:featuredmedia":[{"embeddable":true,"href":"https:\/\/tourcruiser.com\/fr\/wp-json\/wp\/v2\/media\/759652"}],"wp:attachment":[{"href":"https:\/\/tourcruiser.com\/fr\/wp-json\/wp\/v2\/media?parent=759651"}],"wp:term":[{"taxonomy":"product_brand","embeddable":true,"href":"https:\/\/tourcruiser.com\/fr\/wp-json\/wp\/v2\/product_brand?post=759651"},{"taxonomy":"product_cat","embeddable":true,"href":"https:\/\/tourcruiser.com\/fr\/wp-json\/wp\/v2\/product_cat?post=759651"},{"taxonomy":"product_tag","embeddable":true,"href":"https:\/\/tourcruiser.com\/fr\/wp-json\/wp\/v2\/product_tag?post=759651"}],"curies":[{"name":"wp","href":"https:\/\/api.w.org\/{rel}","templated":true}]}}