{"id":759538,"date":"2026-04-16T17:08:19","date_gmt":"2026-04-16T10:08:19","guid":{"rendered":"http:\/\/tourcruiser.com\/product\/rayssa-leal-x-nike-dunk-low-sb-deep-royal-vivid-purple-fz5251-001"},"modified":"2026-04-17T22:00:12","modified_gmt":"2026-04-17T15:00:12","slug":"rayssa-leal-x-nike-dunk-low-sb-deep-royal-vivid-purple-fz5251-001","status":"publish","type":"product","link":"https:\/\/tourcruiser.com\/fr\/products\/rayssa-leal-x-nike-dunk-low-sb-deep-royal-vivid-purple-fz5251-001\/","title":{"rendered":"Rayssa Leal x Nike Dunk Low SB &lsquo;Deep Royal Vivid Purple&rsquo; FZ5251-001"},"content":{"rendered":"<p>D\u00e9couvrez la Rayssa Leal x Nike Dunk Low SB \u00ab\u00a0Deep Royal Vivid Purple\u00a0\u00bb \u2013 une cr\u00e9ation lumineuse sign\u00e9e Rayssa Leal, prodige du skateboard. L&#8217;empeigne en cuir bleu roi profond est sublim\u00e9e par des touches de violet \u00e9clatant, pour un look captivant. La semelle ext\u00e9rieure en caoutchouc offre une adh\u00e9rence et une durabilit\u00e9 exceptionnelles, tandis que le col rembourr\u00e9 assure un confort optimal. Que vous soyez en train de dompter les rues ou d&rsquo;affirmer votre style, ces sneakers sont un incontournable pour tous les skateurs et ic\u00f4nes de mode. Plongez dans l&rsquo;univers brillant de Rayssa Leal et rehaussez votre style avec la Dunk Low SB \u00ab\u00a0Deep Royal Vivid Purple\u00a0\u00bb d\u00e8s aujourd&rsquo;hui\u00a0!<\/p>\n<p>Coloris\u00a0: Platine pur\/Bleu roi profond\/Violet vif\/Blanc\/Jaune gomme<\/p>\n<p>Code article\u00a0: FZ5251-001<\/p>\n<p>Empeigne\u00a0: Daim<\/p>\n<p>Semelle interm\u00e9diaire\u00a0: Zoom Air<\/p>\n<p>Couleur\u00a0: Blanc<\/p>\n<p>Ann\u00e9e de sortie\u00a0: 2024<\/p>\n<p>\u00c2ge\u00a0: Adulte<br \/>\nCouleur\u00a0: Blanc<br \/>\nGenre\u00a0: Homme<\/p>\n","protected":false},"excerpt":{"rendered":"<p>D\u00e9couvrez la Rayssa Leal x Nike Dunk Low SB \u00ab\u00a0Deep Royal Vivid Purple\u00a0\u00bb \u2013 une cr\u00e9ation lumineuse sign\u00e9e Rayssa Leal, prodige du skateboard. L&#8217;empeigne en cuir bleu roi profond est sublim\u00e9e par des touches de violet \u00e9clatant, pour un look captivant. La semelle ext\u00e9rieure en caoutchouc offre une adh\u00e9rence et une durabilit\u00e9 exceptionnelles, tandis que [&hellip;]<\/p>\n","protected":false},"featured_media":759539,"comment_status":"open","ping_status":"closed","template":"","meta":[],"product_brand":[],"product_cat":[10803],"product_tag":[10752,38842,39067,10801,38887,38846,11153],"class_list":{"0":"post-759538","1":"product","2":"type-product","3":"status-publish","4":"has-post-thumbnail","6":"product_cat-nike","7":"product_tag-gallery-look","8":"product_tag-gift-idea-for-him","9":"product_tag-low-top-skateboard-shoes","10":"product_tag-nike","11":"product_tag-nike-skateboard-shoes","12":"product_tag-performance-sports-shoes","13":"product_tag-skateboard-shoes","14":"wcpa_has_options","16":"first","17":"instock","18":"taxable","19":"shipping-taxable","20":"purchasable","21":"product-type-simple"},"wcpa_form_fields":{"rules":{"pric_overide_base_price":false,"pric_overide_base_price_if_gt_zero":false,"pric_overide_base_price_fully":false,"pric_cal_option_once":false,"pric_use_as_fee":false,"bind_quantity":false,"quantity_bind_formula":false},"fields":[{"type":"color-group","required":true,"elementId":"wcpa-color-group-66c4a75505e74","label":"Taille","inline":true,"priceOptions":"different_for_all","pricingType":"fixed","className":"hassizechart product-shoes-size-eu product-shoes-size","name":"color-group-66c4a75505e89","disp_type":"square","selection_type":"tick-border","disp_size":"44","show_label_inside":true,"adjust_width":true,"cart_display_type":"text","other_text":"Other","cl_rule":"show","col":6,"values":[{"label":"35.5","value":"EU 35.5","price":"","pimage":"","pimage_id":"","pthumb":"","color":""},{"label":"36","value":"EU 36","price":"","pimage":"","pimage_id":"","pthumb":"","color":"","selected":true},{"label":"36.5","value":"EU 36.5","price":"","pimage":"","pimage_id":"","pthumb":"","color":""},{"label":"37.5","value":"EU 37.5","price":"","pimage":"","pimage_id":"","pthumb":"","color":""},{"label":"38","value":"EU 38","price":"","pimage":"","pimage_id":"","pthumb":"","color":""},{"label":"38.5","value":"EU 38.5","price":"","pimage":"","pimage_id":"","pthumb":"","color":""},{"label":"39","value":"EU 39","price":"","pimage":"","pimage_id":"","pthumb":"","color":""},{"label":"40","value":"EU 40","price":"","pimage":"","pimage_id":"","pthumb":"","color":""},{"label":"40.5","value":"EU 40.5","price":"","pimage":"","pimage_id":"","pthumb":"","color":""},{"label":"41","value":"EU 41","price":"","pimage":"","pimage_id":"","pthumb":"","color":""},{"label":"42","value":"EU 42","price":"","pimage":"","pimage_id":"","pthumb":"","color":""},{"label":"42.5","value":"EU 42.5","price":"","pimage":"","pimage_id":"","pthumb":"","color":""},{"label":"43","value":"EU 43","price":"","pimage":"","pimage_id":"","pthumb":"","color":""},{"label":"44","value":"EU 44","price":"","pimage":"","pimage_id":"","pthumb":"","color":""},{"label":"44.5","value":"EU 44.5","price":"","pimage":"","pimage_id":"","pthumb":"","color":""},{"label":"45","value":"EU 45","price":"","pimage":"","pimage_id":"","pthumb":"","color":""},{"label":"45.5","value":"EU 45.5","price":"","pimage":"","pimage_id":"","pthumb":"","color":""},{"label":"46","value":"EU 46","price":"","pimage":"","pimage_id":"","pthumb":"","color":""},{"label":"47","value":"EU 47","price":"","pimage":"","pimage_id":"","pthumb":"","color":""},{"label":"47.5","value":"EU 47.5","price":"","pimage":"","pimage_id":"","pthumb":"","color":""},{"label":"48","value":"EU 48","price":"","pimage":"","pimage_id":"","pthumb":"","color":""}],"relations":[{"operator":false,"rules":[]}],"form_id":18106,"form_rules":{"pric_cal_option_once":false,"exclude_from_discount":false,"pric_use_as_fee":false,"fee_label":"Fee","render_after_acb":false,"disp_hide_options_price":false}}]},"yoast_head":"<!-- This site is optimized with the Yoast SEO plugin v26.5 - https:\/\/yoast.com\/wordpress\/plugins\/seo\/ -->\n<title>Rayssa Leal x Nike Dunk Low SB &#039;Deep Royal Vivid Purple&#039; FZ5251-001 - TOURCRUISER PTE. LTD<\/title>\n<meta name=\"robots\" content=\"index, follow, max-snippet:-1, max-image-preview:large, max-video-preview:-1\" \/>\n<link rel=\"canonical\" href=\"https:\/\/tourcruiser.com\/fr\/products\/rayssa-leal-x-nike-dunk-low-sb-deep-royal-vivid-purple-fz5251-001\/\" \/>\n<meta property=\"og:locale\" content=\"fr_FR\" \/>\n<meta property=\"og:type\" content=\"article\" \/>\n<meta property=\"og:title\" content=\"Rayssa Leal x Nike Dunk Low SB &#039;Deep Royal Vivid Purple&#039; FZ5251-001 - TOURCRUISER PTE. LTD\" \/>\n<meta property=\"og:description\" content=\"D\u00e9couvrez la Rayssa Leal x Nike Dunk Low SB \u00ab\u00a0Deep Royal Vivid Purple\u00a0\u00bb \u2013 une cr\u00e9ation lumineuse sign\u00e9e Rayssa Leal, prodige du skateboard. L&#8217;empeigne en cuir bleu roi profond est sublim\u00e9e par des touches de violet \u00e9clatant, pour un look captivant. La semelle ext\u00e9rieure en caoutchouc offre une adh\u00e9rence et une durabilit\u00e9 exceptionnelles, tandis que [&hellip;]\" \/>\n<meta property=\"og:url\" content=\"https:\/\/tourcruiser.com\/fr\/products\/rayssa-leal-x-nike-dunk-low-sb-deep-royal-vivid-purple-fz5251-001\/\" \/>\n<meta property=\"og:site_name\" content=\"Tourcruiser Sneaker Store\" \/>\n<meta property=\"article:modified_time\" content=\"2026-04-17T15:00:12+00:00\" \/>\n<meta name=\"twitter:card\" content=\"summary_large_image\" \/>\n<meta name=\"twitter:image\" content=\"https:\/\/images.novelship.com\/product\/rayssa_leal_x_nike_dunk_low_sb__deep_royal_vivid_p_0_42933.jpeg;https:\/\/images.novelship.com\/product\/rayssa_leal_x_nike_dunk_low_sb__deep_royal_vivid_p_1_42934.png;https:\/\/images.novelship.com\/product\/rayssa_leal_x_nike_dunk_low_sb__deep_royal_vivid_p_2_42934.png;https:\/\/images.novelship.com\/product\/rayssa_leal_x_nike_dunk_low_sb__deep_royal_vivid_p_3_42934.jpeg;https:\/\/images.novelship.com\/product\/rayssa_leal_x_nike_dunk_low_sb__deep_royal_vivid_p_4_42934.jpeg;https:\/\/images.novelship.com\/product\/rayssa_leal_x_nike_dunk_low_sb__deep_royal_vivid_p_5_42934.jpeg;https:\/\/images.novelship.com\/product\/rayssa_leal_x_nike_dunk_low_sb__deep_royal_vivid_p_6_42934.jpeg;https:\/\/images.novelship.com\/product\/rayssa_leal_x_nike_dunk_low_sb__deep_royal_vivid_p_7_42934.jpeg;https:\/\/images.novelship.com\/product\/rayssa_leal_x_nike_dunk_low_sb__deep_royal_vivid_p_8_42934.jpeg;https:\/\/images.novelship.com\/product\/rayssa_leal_x_nike_dunk_low_sb__deep_royal_vivid_p_9_42934.jpeg\" \/>\n<meta name=\"twitter:label1\" content=\"Dur\u00e9e de lecture estim\u00e9e\" \/>\n\t<meta name=\"twitter:data1\" content=\"1 minute\" \/>\n<script type=\"application\/ld+json\" class=\"yoast-schema-graph\">{\"@context\":\"https:\/\/schema.org\",\"@graph\":[{\"@type\":\"WebPage\",\"@id\":\"https:\/\/tourcruiser.com\/fr\/products\/rayssa-leal-x-nike-dunk-low-sb-deep-royal-vivid-purple-fz5251-001\/\",\"url\":\"https:\/\/tourcruiser.com\/fr\/products\/rayssa-leal-x-nike-dunk-low-sb-deep-royal-vivid-purple-fz5251-001\/\",\"name\":\"Rayssa Leal x Nike Dunk Low SB 'Deep Royal Vivid Purple' FZ5251-001 - TOURCRUISER PTE. LTD\",\"isPartOf\":{\"@id\":\"\/#website\"},\"primaryImageOfPage\":{\"@id\":\"https:\/\/tourcruiser.com\/fr\/products\/rayssa-leal-x-nike-dunk-low-sb-deep-royal-vivid-purple-fz5251-001\/#primaryimage\"},\"image\":{\"@id\":\"https:\/\/tourcruiser.com\/fr\/products\/rayssa-leal-x-nike-dunk-low-sb-deep-royal-vivid-purple-fz5251-001\/#primaryimage\"},\"thumbnailUrl\":\"https:\/\/images.novelship.com\/product\/rayssa_leal_x_nike_dunk_low_sb__deep_royal_vivid_p_0_42933.jpeg;https:\/\/images.novelship.com\/product\/rayssa_leal_x_nike_dunk_low_sb__deep_royal_vivid_p_1_42934.png;https:\/\/images.novelship.com\/product\/rayssa_leal_x_nike_dunk_low_sb__deep_royal_vivid_p_2_42934.png;https:\/\/images.novelship.com\/product\/rayssa_leal_x_nike_dunk_low_sb__deep_royal_vivid_p_3_42934.jpeg;https:\/\/images.novelship.com\/product\/rayssa_leal_x_nike_dunk_low_sb__deep_royal_vivid_p_4_42934.jpeg;https:\/\/images.novelship.com\/product\/rayssa_leal_x_nike_dunk_low_sb__deep_royal_vivid_p_5_42934.jpeg;https:\/\/images.novelship.com\/product\/rayssa_leal_x_nike_dunk_low_sb__deep_royal_vivid_p_6_42934.jpeg;https:\/\/images.novelship.com\/product\/rayssa_leal_x_nike_dunk_low_sb__deep_royal_vivid_p_7_42934.jpeg;https:\/\/images.novelship.com\/product\/rayssa_leal_x_nike_dunk_low_sb__deep_royal_vivid_p_8_42934.jpeg;https:\/\/images.novelship.com\/product\/rayssa_leal_x_nike_dunk_low_sb__deep_royal_vivid_p_9_42934.jpeg\",\"datePublished\":\"2026-04-16T10:08:19+00:00\",\"dateModified\":\"2026-04-17T15:00:12+00:00\",\"breadcrumb\":{\"@id\":\"https:\/\/tourcruiser.com\/fr\/products\/rayssa-leal-x-nike-dunk-low-sb-deep-royal-vivid-purple-fz5251-001\/#breadcrumb\"},\"inLanguage\":\"fr-FR\",\"potentialAction\":[{\"@type\":\"ReadAction\",\"target\":[\"https:\/\/tourcruiser.com\/fr\/products\/rayssa-leal-x-nike-dunk-low-sb-deep-royal-vivid-purple-fz5251-001\/\"]}]},{\"@type\":\"ImageObject\",\"inLanguage\":\"fr-FR\",\"@id\":\"https:\/\/tourcruiser.com\/fr\/products\/rayssa-leal-x-nike-dunk-low-sb-deep-royal-vivid-purple-fz5251-001\/#primaryimage\",\"url\":\"https:\/\/images.novelship.com\/product\/rayssa_leal_x_nike_dunk_low_sb__deep_royal_vivid_p_0_42933.jpeg;https:\/\/images.novelship.com\/product\/rayssa_leal_x_nike_dunk_low_sb__deep_royal_vivid_p_1_42934.png;https:\/\/images.novelship.com\/product\/rayssa_leal_x_nike_dunk_low_sb__deep_royal_vivid_p_2_42934.png;https:\/\/images.novelship.com\/product\/rayssa_leal_x_nike_dunk_low_sb__deep_royal_vivid_p_3_42934.jpeg;https:\/\/images.novelship.com\/product\/rayssa_leal_x_nike_dunk_low_sb__deep_royal_vivid_p_4_42934.jpeg;https:\/\/images.novelship.com\/product\/rayssa_leal_x_nike_dunk_low_sb__deep_royal_vivid_p_5_42934.jpeg;https:\/\/images.novelship.com\/product\/rayssa_leal_x_nike_dunk_low_sb__deep_royal_vivid_p_6_42934.jpeg;https:\/\/images.novelship.com\/product\/rayssa_leal_x_nike_dunk_low_sb__deep_royal_vivid_p_7_42934.jpeg;https:\/\/images.novelship.com\/product\/rayssa_leal_x_nike_dunk_low_sb__deep_royal_vivid_p_8_42934.jpeg;https:\/\/images.novelship.com\/product\/rayssa_leal_x_nike_dunk_low_sb__deep_royal_vivid_p_9_42934.jpeg\",\"contentUrl\":\"https:\/\/images.novelship.com\/product\/rayssa_leal_x_nike_dunk_low_sb__deep_royal_vivid_p_0_42933.jpeg;https:\/\/images.novelship.com\/product\/rayssa_leal_x_nike_dunk_low_sb__deep_royal_vivid_p_1_42934.png;https:\/\/images.novelship.com\/product\/rayssa_leal_x_nike_dunk_low_sb__deep_royal_vivid_p_2_42934.png;https:\/\/images.novelship.com\/product\/rayssa_leal_x_nike_dunk_low_sb__deep_royal_vivid_p_3_42934.jpeg;https:\/\/images.novelship.com\/product\/rayssa_leal_x_nike_dunk_low_sb__deep_royal_vivid_p_4_42934.jpeg;https:\/\/images.novelship.com\/product\/rayssa_leal_x_nike_dunk_low_sb__deep_royal_vivid_p_5_42934.jpeg;https:\/\/images.novelship.com\/product\/rayssa_leal_x_nike_dunk_low_sb__deep_royal_vivid_p_6_42934.jpeg;https:\/\/images.novelship.com\/product\/rayssa_leal_x_nike_dunk_low_sb__deep_royal_vivid_p_7_42934.jpeg;https:\/\/images.novelship.com\/product\/rayssa_leal_x_nike_dunk_low_sb__deep_royal_vivid_p_8_42934.jpeg;https:\/\/images.novelship.com\/product\/rayssa_leal_x_nike_dunk_low_sb__deep_royal_vivid_p_9_42934.jpeg\"},{\"@type\":\"BreadcrumbList\",\"@id\":\"https:\/\/tourcruiser.com\/fr\/products\/rayssa-leal-x-nike-dunk-low-sb-deep-royal-vivid-purple-fz5251-001\/#breadcrumb\",\"itemListElement\":[{\"@type\":\"ListItem\",\"position\":1,\"name\":\"Home\",\"item\":\"https:\/\/tourcruiser.com\/fr\/\"},{\"@type\":\"ListItem\",\"position\":2,\"name\":\"Shop\",\"item\":\"https:\/\/tourcruiser.com\/fr\/shop\/\"},{\"@type\":\"ListItem\",\"position\":3,\"name\":\"Rayssa Leal x Nike Dunk Low SB &#8216;Deep Royal Vivid Purple&#8217; FZ5251-001\"}]},{\"@type\":\"WebSite\",\"@id\":\"\/#website\",\"url\":\"\/\",\"name\":\"Styloral Jewelry Shop\",\"description\":\"Tourcruiser Sneaker Store \u2014 L\u2019endroit o\u00f9 l\u2019univers rencontre votre singularit\u00e9.\",\"publisher\":{\"@id\":\"\/#organization\"},\"potentialAction\":[{\"@type\":\"SearchAction\",\"target\":{\"@type\":\"EntryPoint\",\"urlTemplate\":\"\/?s={search_term_string}\"},\"query-input\":{\"@type\":\"PropertyValueSpecification\",\"valueRequired\":true,\"valueName\":\"search_term_string\"}}],\"inLanguage\":\"fr-FR\"},{\"@type\":\"Organization\",\"@id\":\"\/#organization\",\"name\":\"STYLORAL PTE. LTD\",\"url\":\"\/\",\"logo\":{\"@type\":\"ImageObject\",\"inLanguage\":\"fr-FR\",\"@id\":\"\/#\/schema\/logo\/image\/\",\"url\":\"https:\/\/www.tourcruiser.com\/wp-content\/uploads\/2025\/12\/logo.png\",\"contentUrl\":\"https:\/\/www.tourcruiser.com\/wp-content\/uploads\/2025\/12\/logo.png\",\"width\":200,\"height\":65,\"caption\":\"STYLORAL PTE. LTD\"},\"image\":{\"@id\":\"\/#\/schema\/logo\/image\/\"}}]}<\/script>\n<!-- \/ Yoast SEO plugin. -->","yoast_head_json":{"title":"Rayssa Leal x Nike Dunk Low SB 'Deep Royal Vivid Purple' FZ5251-001 - TOURCRUISER PTE. LTD","robots":{"index":"index","follow":"follow","max-snippet":"max-snippet:-1","max-image-preview":"max-image-preview:large","max-video-preview":"max-video-preview:-1"},"canonical":"https:\/\/tourcruiser.com\/fr\/products\/rayssa-leal-x-nike-dunk-low-sb-deep-royal-vivid-purple-fz5251-001\/","og_locale":"fr_FR","og_type":"article","og_title":"Rayssa Leal x Nike Dunk Low SB 'Deep Royal Vivid Purple' FZ5251-001 - TOURCRUISER PTE. LTD","og_description":"D\u00e9couvrez la Rayssa Leal x Nike Dunk Low SB \u00ab\u00a0Deep Royal Vivid Purple\u00a0\u00bb \u2013 une cr\u00e9ation lumineuse sign\u00e9e Rayssa Leal, prodige du skateboard. L&#8217;empeigne en cuir bleu roi profond est sublim\u00e9e par des touches de violet \u00e9clatant, pour un look captivant. La semelle ext\u00e9rieure en caoutchouc offre une adh\u00e9rence et une durabilit\u00e9 exceptionnelles, tandis que [&hellip;]","og_url":"https:\/\/tourcruiser.com\/fr\/products\/rayssa-leal-x-nike-dunk-low-sb-deep-royal-vivid-purple-fz5251-001\/","og_site_name":"Tourcruiser Sneaker Store","article_modified_time":"2026-04-17T15:00:12+00:00","twitter_card":"summary_large_image","twitter_image":"https:\/\/images.novelship.com\/product\/rayssa_leal_x_nike_dunk_low_sb__deep_royal_vivid_p_0_42933.jpeg;https:\/\/images.novelship.com\/product\/rayssa_leal_x_nike_dunk_low_sb__deep_royal_vivid_p_1_42934.png;https:\/\/images.novelship.com\/product\/rayssa_leal_x_nike_dunk_low_sb__deep_royal_vivid_p_2_42934.png;https:\/\/images.novelship.com\/product\/rayssa_leal_x_nike_dunk_low_sb__deep_royal_vivid_p_3_42934.jpeg;https:\/\/images.novelship.com\/product\/rayssa_leal_x_nike_dunk_low_sb__deep_royal_vivid_p_4_42934.jpeg;https:\/\/images.novelship.com\/product\/rayssa_leal_x_nike_dunk_low_sb__deep_royal_vivid_p_5_42934.jpeg;https:\/\/images.novelship.com\/product\/rayssa_leal_x_nike_dunk_low_sb__deep_royal_vivid_p_6_42934.jpeg;https:\/\/images.novelship.com\/product\/rayssa_leal_x_nike_dunk_low_sb__deep_royal_vivid_p_7_42934.jpeg;https:\/\/images.novelship.com\/product\/rayssa_leal_x_nike_dunk_low_sb__deep_royal_vivid_p_8_42934.jpeg;https:\/\/images.novelship.com\/product\/rayssa_leal_x_nike_dunk_low_sb__deep_royal_vivid_p_9_42934.jpeg","twitter_misc":{"Dur\u00e9e de lecture estim\u00e9e":"1 minute"},"schema":{"@context":"https:\/\/schema.org","@graph":[{"@type":"WebPage","@id":"https:\/\/tourcruiser.com\/fr\/products\/rayssa-leal-x-nike-dunk-low-sb-deep-royal-vivid-purple-fz5251-001\/","url":"https:\/\/tourcruiser.com\/fr\/products\/rayssa-leal-x-nike-dunk-low-sb-deep-royal-vivid-purple-fz5251-001\/","name":"Rayssa Leal x Nike Dunk Low SB 'Deep Royal Vivid Purple' FZ5251-001 - TOURCRUISER PTE. LTD","isPartOf":{"@id":"\/#website"},"primaryImageOfPage":{"@id":"https:\/\/tourcruiser.com\/fr\/products\/rayssa-leal-x-nike-dunk-low-sb-deep-royal-vivid-purple-fz5251-001\/#primaryimage"},"image":{"@id":"https:\/\/tourcruiser.com\/fr\/products\/rayssa-leal-x-nike-dunk-low-sb-deep-royal-vivid-purple-fz5251-001\/#primaryimage"},"thumbnailUrl":"https:\/\/images.novelship.com\/product\/rayssa_leal_x_nike_dunk_low_sb__deep_royal_vivid_p_0_42933.jpeg;https:\/\/images.novelship.com\/product\/rayssa_leal_x_nike_dunk_low_sb__deep_royal_vivid_p_1_42934.png;https:\/\/images.novelship.com\/product\/rayssa_leal_x_nike_dunk_low_sb__deep_royal_vivid_p_2_42934.png;https:\/\/images.novelship.com\/product\/rayssa_leal_x_nike_dunk_low_sb__deep_royal_vivid_p_3_42934.jpeg;https:\/\/images.novelship.com\/product\/rayssa_leal_x_nike_dunk_low_sb__deep_royal_vivid_p_4_42934.jpeg;https:\/\/images.novelship.com\/product\/rayssa_leal_x_nike_dunk_low_sb__deep_royal_vivid_p_5_42934.jpeg;https:\/\/images.novelship.com\/product\/rayssa_leal_x_nike_dunk_low_sb__deep_royal_vivid_p_6_42934.jpeg;https:\/\/images.novelship.com\/product\/rayssa_leal_x_nike_dunk_low_sb__deep_royal_vivid_p_7_42934.jpeg;https:\/\/images.novelship.com\/product\/rayssa_leal_x_nike_dunk_low_sb__deep_royal_vivid_p_8_42934.jpeg;https:\/\/images.novelship.com\/product\/rayssa_leal_x_nike_dunk_low_sb__deep_royal_vivid_p_9_42934.jpeg","datePublished":"2026-04-16T10:08:19+00:00","dateModified":"2026-04-17T15:00:12+00:00","breadcrumb":{"@id":"https:\/\/tourcruiser.com\/fr\/products\/rayssa-leal-x-nike-dunk-low-sb-deep-royal-vivid-purple-fz5251-001\/#breadcrumb"},"inLanguage":"fr-FR","potentialAction":[{"@type":"ReadAction","target":["https:\/\/tourcruiser.com\/fr\/products\/rayssa-leal-x-nike-dunk-low-sb-deep-royal-vivid-purple-fz5251-001\/"]}]},{"@type":"ImageObject","inLanguage":"fr-FR","@id":"https:\/\/tourcruiser.com\/fr\/products\/rayssa-leal-x-nike-dunk-low-sb-deep-royal-vivid-purple-fz5251-001\/#primaryimage","url":"https:\/\/images.novelship.com\/product\/rayssa_leal_x_nike_dunk_low_sb__deep_royal_vivid_p_0_42933.jpeg;https:\/\/images.novelship.com\/product\/rayssa_leal_x_nike_dunk_low_sb__deep_royal_vivid_p_1_42934.png;https:\/\/images.novelship.com\/product\/rayssa_leal_x_nike_dunk_low_sb__deep_royal_vivid_p_2_42934.png;https:\/\/images.novelship.com\/product\/rayssa_leal_x_nike_dunk_low_sb__deep_royal_vivid_p_3_42934.jpeg;https:\/\/images.novelship.com\/product\/rayssa_leal_x_nike_dunk_low_sb__deep_royal_vivid_p_4_42934.jpeg;https:\/\/images.novelship.com\/product\/rayssa_leal_x_nike_dunk_low_sb__deep_royal_vivid_p_5_42934.jpeg;https:\/\/images.novelship.com\/product\/rayssa_leal_x_nike_dunk_low_sb__deep_royal_vivid_p_6_42934.jpeg;https:\/\/images.novelship.com\/product\/rayssa_leal_x_nike_dunk_low_sb__deep_royal_vivid_p_7_42934.jpeg;https:\/\/images.novelship.com\/product\/rayssa_leal_x_nike_dunk_low_sb__deep_royal_vivid_p_8_42934.jpeg;https:\/\/images.novelship.com\/product\/rayssa_leal_x_nike_dunk_low_sb__deep_royal_vivid_p_9_42934.jpeg","contentUrl":"https:\/\/images.novelship.com\/product\/rayssa_leal_x_nike_dunk_low_sb__deep_royal_vivid_p_0_42933.jpeg;https:\/\/images.novelship.com\/product\/rayssa_leal_x_nike_dunk_low_sb__deep_royal_vivid_p_1_42934.png;https:\/\/images.novelship.com\/product\/rayssa_leal_x_nike_dunk_low_sb__deep_royal_vivid_p_2_42934.png;https:\/\/images.novelship.com\/product\/rayssa_leal_x_nike_dunk_low_sb__deep_royal_vivid_p_3_42934.jpeg;https:\/\/images.novelship.com\/product\/rayssa_leal_x_nike_dunk_low_sb__deep_royal_vivid_p_4_42934.jpeg;https:\/\/images.novelship.com\/product\/rayssa_leal_x_nike_dunk_low_sb__deep_royal_vivid_p_5_42934.jpeg;https:\/\/images.novelship.com\/product\/rayssa_leal_x_nike_dunk_low_sb__deep_royal_vivid_p_6_42934.jpeg;https:\/\/images.novelship.com\/product\/rayssa_leal_x_nike_dunk_low_sb__deep_royal_vivid_p_7_42934.jpeg;https:\/\/images.novelship.com\/product\/rayssa_leal_x_nike_dunk_low_sb__deep_royal_vivid_p_8_42934.jpeg;https:\/\/images.novelship.com\/product\/rayssa_leal_x_nike_dunk_low_sb__deep_royal_vivid_p_9_42934.jpeg"},{"@type":"BreadcrumbList","@id":"https:\/\/tourcruiser.com\/fr\/products\/rayssa-leal-x-nike-dunk-low-sb-deep-royal-vivid-purple-fz5251-001\/#breadcrumb","itemListElement":[{"@type":"ListItem","position":1,"name":"Home","item":"https:\/\/tourcruiser.com\/fr\/"},{"@type":"ListItem","position":2,"name":"Shop","item":"https:\/\/tourcruiser.com\/fr\/shop\/"},{"@type":"ListItem","position":3,"name":"Rayssa Leal x Nike Dunk Low SB &#8216;Deep Royal Vivid Purple&#8217; FZ5251-001"}]},{"@type":"WebSite","@id":"\/#website","url":"\/","name":"Styloral Jewelry Shop","description":"Tourcruiser Sneaker Store \u2014 L\u2019endroit o\u00f9 l\u2019univers rencontre votre singularit\u00e9.","publisher":{"@id":"\/#organization"},"potentialAction":[{"@type":"SearchAction","target":{"@type":"EntryPoint","urlTemplate":"\/?s={search_term_string}"},"query-input":{"@type":"PropertyValueSpecification","valueRequired":true,"valueName":"search_term_string"}}],"inLanguage":"fr-FR"},{"@type":"Organization","@id":"\/#organization","name":"STYLORAL PTE. LTD","url":"\/","logo":{"@type":"ImageObject","inLanguage":"fr-FR","@id":"\/#\/schema\/logo\/image\/","url":"https:\/\/www.tourcruiser.com\/wp-content\/uploads\/2025\/12\/logo.png","contentUrl":"https:\/\/www.tourcruiser.com\/wp-content\/uploads\/2025\/12\/logo.png","width":200,"height":65,"caption":"STYLORAL PTE. LTD"},"image":{"@id":"\/#\/schema\/logo\/image\/"}}]}},"_links":{"self":[{"href":"https:\/\/tourcruiser.com\/fr\/wp-json\/wp\/v2\/product\/759538","targetHints":{"allow":["GET"]}}],"collection":[{"href":"https:\/\/tourcruiser.com\/fr\/wp-json\/wp\/v2\/product"}],"about":[{"href":"https:\/\/tourcruiser.com\/fr\/wp-json\/wp\/v2\/types\/product"}],"replies":[{"embeddable":true,"href":"https:\/\/tourcruiser.com\/fr\/wp-json\/wp\/v2\/comments?post=759538"}],"wp:featuredmedia":[{"embeddable":true,"href":"https:\/\/tourcruiser.com\/fr\/wp-json\/wp\/v2\/media\/759539"}],"wp:attachment":[{"href":"https:\/\/tourcruiser.com\/fr\/wp-json\/wp\/v2\/media?parent=759538"}],"wp:term":[{"taxonomy":"product_brand","embeddable":true,"href":"https:\/\/tourcruiser.com\/fr\/wp-json\/wp\/v2\/product_brand?post=759538"},{"taxonomy":"product_cat","embeddable":true,"href":"https:\/\/tourcruiser.com\/fr\/wp-json\/wp\/v2\/product_cat?post=759538"},{"taxonomy":"product_tag","embeddable":true,"href":"https:\/\/tourcruiser.com\/fr\/wp-json\/wp\/v2\/product_tag?post=759538"}],"curies":[{"name":"wp","href":"https:\/\/api.w.org\/{rel}","templated":true}]}}